{"id":37799,"date":"2024-03-19T14:24:58","date_gmt":"2024-03-19T14:24:58","guid":{"rendered":"http:\/\/rucashk.com\/?post_type=product&#038;p=37799"},"modified":"2024-04-16T13:29:39","modified_gmt":"2024-04-16T13:29:39","slug":"xiaomi-13t-pro-android-mobile-phone","status":"publish","type":"product","link":"https:\/\/www.rucashk.com\/es\/producto\/xiaomi-13t-pro-android-mobile-phone\/","title":{"rendered":"Tel\u00e9fono m\u00f3vil Android Xiaomi 13T Pro"},"content":{"rendered":"<p style=\"text-align: center;\"><iframe title=\"Desembalaje Xiaomi 13T Pro | Obra maestra a la vista\" src=\"https:\/\/www.youtube.com\/embed\/51q0cL3V5xA\" width=\"1280\" height=\"720\" frameborder=\"0\" allowfullscreen=\"allowfullscreen\"><\/iframe><\/p>\n<p>El Xiaomi 13T Pro, que incluye lo \u00faltimo en hardware y un conjunto de c\u00e1maras con tecnolog\u00eda Leica, todo a un precio que muy pocos otros tel\u00e9fonos inteligentes emblem\u00e1ticos se han atrevido a cruzar. Los modelos Meadow Green y Black tienen un panel posterior de vidrio brillante que recuerda a el dise\u00f1o del Xiaomi 13. Una diferencia aqu\u00ed es que la versi\u00f3n de cuero es un poco m\u00e1s gruesa con 8,62 mm frente a 8,49 mm de las otras dos. Por el contrario, el Alpine Blue es en realidad m\u00e1s ligero con s\u00f3lo 200 gramos frente a los 206 gramos de las variantes de cristal. El bot\u00f3n de encendido y el control de volumen se encuentran en el lado derecho; las rejillas de los altavoces est\u00e9reo, el micr\u00f3fono principal, el puerto USB tipo C y la ranura para tarjeta SIM se encuentran en la parte inferior; rejilla de altavoz secundario, micr\u00f3fono con cancelaci\u00f3n de ruido y emisor de infrarrojos en la parte superior. Tiene una pantalla CrystalRes plana de 6,67 pulgadas que admite una frecuencia de actualizaci\u00f3n de hasta 144 Hz y una resoluci\u00f3n de 1,5 K o 2712 x 1220 p\u00edxeles.<\/p>\n<p>Esta pantalla mejora enormemente la experiencia de visualizaci\u00f3n y juego, gracias a un modo de alto brillo de hasta 1200 nits y un brillo m\u00e1ximo de hasta 2600 nits, junto con una cobertura 100% DCI-P3 con 68 mil millones de colores. Xiaomi 13T Pro tambi\u00e9n admite HDR10+ de extremo a extremo y est\u00e1 protegido por Gorilla Glass 5 de Corning. Los parlantes duales son compatibles con Dolby Atmos, lo que lo hace m\u00e1s inmersivo que los parlantes est\u00e9reo normales.<\/p>\n<p>En t\u00e9rminos de c\u00e1mara, el Xiaomi 13T Pro incluye una c\u00e1mara gran angular de 50MP 24 mm f\/1.9 con OIS, una c\u00e1mara teleobjetivo de 50MP 50 mm f\/1.9 con zoom \u00f3ptico de 2x y una c\u00e1mara ultra ancha de 12MP 15 mm f\/2.2. El Xiaomi 13T Pro est\u00e1 sintonizado por Leica, una popular marca de c\u00e1maras, puede elegir entre dos estilos fotogr\u00e1ficos: Leica Authentic Look, que produce im\u00e1genes con un peque\u00f1o aumento en el contraste; y Leica Vibrant, que te dan un poco m\u00e1s de vitalidad en cada toma.<\/p>","protected":false},"excerpt":{"rendered":"<ul class=\"a-unordered-list a-vertical a-spacing-mini\">\n<li class=\"a-spacing-mini\"><span class=\"a-list-item\">\u2611\ufe0f Tama\u00f1o de pantalla: 6,67 pulgadas (144 Hz AMOLED)<\/span><\/li>\n<li class=\"a-spacing-mini\"><span class=\"a-list-item\">\u2611\ufe0fRAM: 16GB \u2611\ufe0fAlmacenamiento: 1TB<\/span><\/li>\n<li class=\"a-spacing-mini\"><span class=\"a-list-item\">\u2611\ufe0f Tama\u00f1o de la bater\u00eda: 5000 mAh no extra\u00edble<\/span><\/li>\n<li class=\"a-spacing-mini\"><span class=\"a-list-item\">\u2611\ufe0f Carga: carga r\u00e1pida de 120 W<\/span><\/li>\n<li class=\"a-spacing-mini\"><span class=\"a-list-item\">\u2611\ufe0f C\u00e1mara principal (trasera): 50 MP (gran angular) + 50 MP (teleobjetivo) + 12 MP (ultraancho)<\/span><\/li>\n<li class=\"a-spacing-mini\"><span class=\"a-list-item\">\u2611\ufe0f C\u00e1mara para selfies (frontal): 20 MP (ancha)<\/span><\/li>\n<li class=\"a-spacing-mini\"><span class=\"a-list-item\">\u2611\ufe0f Conjunto de chips: Mediatek Dimensity 9200+ (4 nm)<\/span><\/li>\n<\/ul>","protected":false},"featured_media":37801,"template":"","meta":[],"product_brand":[1363],"product_cat":[1295,1296],"product_tag":[1175,477,420],"class_list":{"0":"post-37799","1":"product","2":"type-product","3":"status-publish","4":"has-post-thumbnail","6":"product_brand-xiaomi","7":"product_cat-mobile-phone","8":"product_cat-xiaomi-mobile-phone","9":"product_tag-mi","10":"product_tag-phone","11":"product_tag-xiaomi","13":"first","14":"instock","15":"shipping-taxable","16":"product-type-simple"},"aioseo_notices":[],"aioseo_head":"\n\t\t<!-- All in One SEO Pro 4.5.9.2 - aioseo.com -->\n\t\t<meta name=\"description\" content=\"\u2611\ufe0f Screen Size: 6.67 Inches (144 Hz AMOLED) \u2611\ufe0f RAM: 16GB \u2611\ufe0f Storage: 1TB \u2611\ufe0f Battery Size: 5000 mAh Non-Removable \u2611\ufe0f Charging: 120W Fast Charging \u2611\ufe0f Main Camera (Rear): 50 MP (Wide) + 50 MP (Telephoto)+ 12 MP (Ultrawide) \u2611\ufe0f Selfie Camera (Front): 20 MP (Wide) \u2611\ufe0f Chipset: Mediatek Dimensity 9200+ (4 nm)\" \/>\n\t\t<meta name=\"robots\" content=\"max-image-preview:large\" \/>\n\t\t<link rel=\"canonical\" href=\"https:\/\/www.rucashk.com\/es\/producto\/xiaomi-13t-pro-android-mobile-phone\/\" \/>\n\t\t<meta name=\"generator\" content=\"All in One SEO Pro (AIOSEO) 4.5.9.2\" \/>\n\t\t<meta property=\"og:locale\" content=\"es_ES\" \/>\n\t\t<meta property=\"og:site_name\" content=\"Rucas - One-stop AIoT Distribution Worldwide\" \/>\n\t\t<meta property=\"og:type\" content=\"article\" \/>\n\t\t<meta property=\"og:title\" content=\"Xiaomi 13T Pro Android Mobile Phone - Rucas - Wholesale and Distribution\" \/>\n\t\t<meta property=\"og:description\" content=\"\u2611\ufe0f Screen Size: 6.67 Inches (144 Hz AMOLED) \u2611\ufe0f RAM: 16GB \u2611\ufe0f Storage: 1TB \u2611\ufe0f Battery Size: 5000 mAh Non-Removable \u2611\ufe0f Charging: 120W Fast Charging \u2611\ufe0f Main Camera (Rear): 50 MP (Wide) + 50 MP (Telephoto)+ 12 MP (Ultrawide) \u2611\ufe0f Selfie Camera (Front): 20 MP (Wide) \u2611\ufe0f Chipset: Mediatek Dimensity 9200+ (4 nm)\" \/>\n\t\t<meta property=\"og:url\" content=\"https:\/\/www.rucashk.com\/es\/producto\/xiaomi-13t-pro-android-mobile-phone\/\" \/>\n\t\t<meta property=\"og:image\" content=\"https:\/\/www.rucashk.com\/wp-content\/uploads\/replace\/503b8e645f128a97ccde2b6290747646.jpeg\" \/>\n\t\t<meta property=\"og:image:secure_url\" content=\"https:\/\/www.rucashk.com\/wp-content\/uploads\/replace\/503b8e645f128a97ccde2b6290747646.jpeg\" \/>\n\t\t<meta property=\"og:image:width\" content=\"1456\" \/>\n\t\t<meta property=\"og:image:height\" content=\"816\" \/>\n\t\t<meta property=\"article:published_time\" content=\"2024-03-19T14:24:58+00:00\" \/>\n\t\t<meta property=\"article:modified_time\" content=\"2024-04-16T13:29:39+00:00\" \/>\n\t\t<meta name=\"twitter:card\" content=\"summary_large_image\" \/>\n\t\t<meta name=\"twitter:title\" content=\"Xiaomi 13T Pro Android Mobile Phone - Rucas - Wholesale and Distribution\" \/>\n\t\t<meta name=\"twitter:description\" content=\"\u2611\ufe0f Screen Size: 6.67 Inches (144 Hz AMOLED) \u2611\ufe0f RAM: 16GB \u2611\ufe0f Storage: 1TB \u2611\ufe0f Battery Size: 5000 mAh Non-Removable \u2611\ufe0f Charging: 120W Fast Charging \u2611\ufe0f Main Camera (Rear): 50 MP (Wide) + 50 MP (Telephoto)+ 12 MP (Ultrawide) \u2611\ufe0f Selfie Camera (Front): 20 MP (Wide) \u2611\ufe0f Chipset: Mediatek Dimensity 9200+ (4 nm)\" \/>\n\t\t<meta name=\"twitter:image\" content=\"https:\/\/www.rucashk.com\/wp-content\/uploads\/replace\/503b8e645f128a97ccde2b6290747646.jpeg\" \/>\n\t\t<script type=\"application\/ld+json\" class=\"aioseo-schema\">\n\t\t\t{\"@context\":\"https:\\\/\\\/schema.org\",\"@graph\":[{\"@type\":\"BreadcrumbList\",\"@id\":\"https:\\\/\\\/www.rucashk.com\\\/es\\\/producto\\\/xiaomi-13t-pro-android-mobile-phone\\\/#breadcrumblist\",\"itemListElement\":[{\"@type\":\"ListItem\",\"@id\":\"https:\\\/\\\/www.rucashk.com\\\/es\\\/#listItem\",\"position\":1,\"name\":\"Home\",\"item\":\"https:\\\/\\\/www.rucashk.com\\\/es\\\/\",\"nextItem\":\"https:\\\/\\\/www.rucashk.com\\\/es\\\/producto\\\/xiaomi-13t-pro-android-mobile-phone\\\/#listItem\"},{\"@type\":\"ListItem\",\"@id\":\"https:\\\/\\\/www.rucashk.com\\\/es\\\/producto\\\/xiaomi-13t-pro-android-mobile-phone\\\/#listItem\",\"position\":2,\"name\":\"Xiaomi 13T Pro Android Mobile Phone\",\"previousItem\":\"https:\\\/\\\/www.rucashk.com\\\/es\\\/#listItem\"}]},{\"@type\":\"Organization\",\"@id\":\"https:\\\/\\\/www.rucashk.com\\\/es\\\/#organization\",\"name\":\"Rucas\",\"url\":\"https:\\\/\\\/www.rucashk.com\\\/es\\\/\",\"logo\":{\"@type\":\"ImageObject\",\"url\":\"https:\\\/\\\/www.rucashk.com\\\/wp-content\\\/uploads\\\/2023\\\/12\\\/Rucas_campany_logo.png\",\"@id\":\"https:\\\/\\\/www.rucashk.com\\\/es\\\/producto\\\/xiaomi-13t-pro-android-mobile-phone\\\/#organizationLogo\",\"width\":221,\"height\":65},\"image\":{\"@id\":\"https:\\\/\\\/www.rucashk.com\\\/es\\\/#organizationLogo\"}},{\"@type\":\"Person\",\"@id\":\"https:\\\/\\\/www.rucashk.com\\\/es\\\/author\\\/admin\\\/#author\",\"url\":\"https:\\\/\\\/www.rucashk.com\\\/es\\\/author\\\/admin\\\/\",\"name\":\"admin\",\"image\":{\"@type\":\"ImageObject\",\"@id\":\"https:\\\/\\\/www.rucashk.com\\\/es\\\/producto\\\/xiaomi-13t-pro-android-mobile-phone\\\/#authorImage\",\"url\":\"https:\\\/\\\/secure.gravatar.com\\\/avatar\\\/b7c8925b09a27e72b30232f8ecaadbd5af0f70a38c78096863fe51b64f031c24?s=96&d=mm&r=g\",\"width\":96,\"height\":96,\"caption\":\"admin\"}},{\"@type\":\"WebPage\",\"@id\":\"https:\\\/\\\/www.rucashk.com\\\/es\\\/producto\\\/xiaomi-13t-pro-android-mobile-phone\\\/#webpage\",\"url\":\"https:\\\/\\\/www.rucashk.com\\\/es\\\/producto\\\/xiaomi-13t-pro-android-mobile-phone\\\/\",\"name\":\"Xiaomi 13T Pro Android Mobile Phone - Rucas - Wholesale and Distribution\",\"description\":\"\\u2611\\ufe0f Screen Size: 6.67 Inches (144 Hz AMOLED) \\u2611\\ufe0f RAM: 16GB \\u2611\\ufe0f Storage: 1TB \\u2611\\ufe0f Battery Size: 5000 mAh Non-Removable \\u2611\\ufe0f Charging: 120W Fast Charging \\u2611\\ufe0f Main Camera (Rear): 50 MP (Wide) + 50 MP (Telephoto)+ 12 MP (Ultrawide) \\u2611\\ufe0f Selfie Camera (Front): 20 MP (Wide) \\u2611\\ufe0f Chipset: Mediatek Dimensity 9200+ (4 nm)\",\"inLanguage\":\"es-ES\",\"isPartOf\":{\"@id\":\"https:\\\/\\\/www.rucashk.com\\\/es\\\/#website\"},\"breadcrumb\":{\"@id\":\"https:\\\/\\\/www.rucashk.com\\\/es\\\/producto\\\/xiaomi-13t-pro-android-mobile-phone\\\/#breadcrumblist\"},\"author\":{\"@id\":\"https:\\\/\\\/www.rucashk.com\\\/es\\\/author\\\/admin\\\/#author\"},\"creator\":{\"@id\":\"https:\\\/\\\/www.rucashk.com\\\/es\\\/author\\\/admin\\\/#author\"},\"image\":{\"@type\":\"ImageObject\",\"url\":\"https:\\\/\\\/www.rucashk.com\\\/wp-content\\\/uploads\\\/2024\\\/03\\\/6413a9f9-0675-4c8f-b4ef-3660e6fc2af5.jpg\",\"@id\":\"https:\\\/\\\/www.rucashk.com\\\/es\\\/producto\\\/xiaomi-13t-pro-android-mobile-phone\\\/#mainImage\",\"width\":768,\"height\":768},\"primaryImageOfPage\":{\"@id\":\"https:\\\/\\\/www.rucashk.com\\\/es\\\/producto\\\/xiaomi-13t-pro-android-mobile-phone\\\/#mainImage\"},\"datePublished\":\"2024-03-19T14:24:58+00:00\",\"dateModified\":\"2024-04-16T13:29:39+00:00\"},{\"@type\":\"WebSite\",\"@id\":\"https:\\\/\\\/www.rucashk.com\\\/es\\\/#website\",\"url\":\"https:\\\/\\\/www.rucashk.com\\\/es\\\/\",\"name\":\"Rucas - Wholesale and distribution worldwide\",\"alternateName\":\"Rucas - One-stop AIoT Distribution Worldwide\",\"description\":\"One-stop AIoT Distribution Worldwide\",\"inLanguage\":\"es-ES\",\"publisher\":{\"@id\":\"https:\\\/\\\/www.rucashk.com\\\/es\\\/#organization\"}}]}\n\t\t<\/script>\n\t\t<!-- All in One SEO Pro -->\r\n\t\t<title>Xiaomi 13T Pro Android Mobile Phone - Rucas - Wholesale and Distribution<\/title>\n\n","aioseo_head_json":{"title":"Xiaomi 13T Pro Android Mobile Phone - Rucas - Wholesale and Distribution","description":"\u2611\ufe0f Screen Size: 6.67 Inches (144 Hz AMOLED) \u2611\ufe0f RAM: 16GB \u2611\ufe0f Storage: 1TB \u2611\ufe0f Battery Size: 5000 mAh Non-Removable \u2611\ufe0f Charging: 120W Fast Charging \u2611\ufe0f Main Camera (Rear): 50 MP (Wide) + 50 MP (Telephoto)+ 12 MP (Ultrawide) \u2611\ufe0f Selfie Camera (Front): 20 MP (Wide) \u2611\ufe0f Chipset: Mediatek Dimensity 9200+ (4 nm)","canonical_url":"https:\/\/www.rucashk.com\/es\/producto\/xiaomi-13t-pro-android-mobile-phone\/","robots":"max-image-preview:large","keywords":"","webmasterTools":{"miscellaneous":""},"og:locale":"es_ES","og:site_name":"Rucas - One-stop AIoT Distribution Worldwide","og:type":"article","og:title":"Xiaomi 13T Pro Android Mobile Phone - Rucas - Wholesale and Distribution","og:description":"\u2611\ufe0f Screen Size: 6.67 Inches (144 Hz AMOLED) \u2611\ufe0f RAM: 16GB \u2611\ufe0f Storage: 1TB \u2611\ufe0f Battery Size: 5000 mAh Non-Removable \u2611\ufe0f Charging: 120W Fast Charging \u2611\ufe0f Main Camera (Rear): 50 MP (Wide) + 50 MP (Telephoto)+ 12 MP (Ultrawide) \u2611\ufe0f Selfie Camera (Front): 20 MP (Wide) \u2611\ufe0f Chipset: Mediatek Dimensity 9200+ (4 nm)","og:url":"https:\/\/www.rucashk.com\/es\/producto\/xiaomi-13t-pro-android-mobile-phone\/","og:image":"https:\/\/www.rucashk.com\/wp-content\/uploads\/replace\/503b8e645f128a97ccde2b6290747646.jpeg","og:image:secure_url":"https:\/\/www.rucashk.com\/wp-content\/uploads\/replace\/503b8e645f128a97ccde2b6290747646.jpeg","og:image:width":1456,"og:image:height":816,"article:published_time":"2024-03-19T14:24:58+00:00","article:modified_time":"2024-04-16T13:29:39+00:00","twitter:card":"summary_large_image","twitter:title":"Xiaomi 13T Pro Android Mobile Phone - Rucas - Wholesale and Distribution","twitter:description":"\u2611\ufe0f Screen Size: 6.67 Inches (144 Hz AMOLED) \u2611\ufe0f RAM: 16GB \u2611\ufe0f Storage: 1TB \u2611\ufe0f Battery Size: 5000 mAh Non-Removable \u2611\ufe0f Charging: 120W Fast Charging \u2611\ufe0f Main Camera (Rear): 50 MP (Wide) + 50 MP (Telephoto)+ 12 MP (Ultrawide) \u2611\ufe0f Selfie Camera (Front): 20 MP (Wide) \u2611\ufe0f Chipset: Mediatek Dimensity 9200+ (4 nm)","twitter:image":"https:\/\/www.rucashk.com\/wp-content\/uploads\/replace\/503b8e645f128a97ccde2b6290747646.jpeg","schema":{"@context":"https:\/\/schema.org","@graph":[{"@type":"BreadcrumbList","@id":"https:\/\/www.rucashk.com\/es\/producto\/xiaomi-13t-pro-android-mobile-phone\/#breadcrumblist","itemListElement":[{"@type":"ListItem","@id":"https:\/\/www.rucashk.com\/es\/#listItem","position":1,"name":"Home","item":"https:\/\/www.rucashk.com\/es\/","nextItem":"https:\/\/www.rucashk.com\/es\/producto\/xiaomi-13t-pro-android-mobile-phone\/#listItem"},{"@type":"ListItem","@id":"https:\/\/www.rucashk.com\/es\/producto\/xiaomi-13t-pro-android-mobile-phone\/#listItem","position":2,"name":"Xiaomi 13T Pro Android Mobile Phone","previousItem":"https:\/\/www.rucashk.com\/es\/#listItem"}]},{"@type":"Organization","@id":"https:\/\/www.rucashk.com\/es\/#organization","name":"Rucas","url":"https:\/\/www.rucashk.com\/es\/","logo":{"@type":"ImageObject","url":"https:\/\/www.rucashk.com\/wp-content\/uploads\/2023\/12\/Rucas_campany_logo.png","@id":"https:\/\/www.rucashk.com\/es\/producto\/xiaomi-13t-pro-android-mobile-phone\/#organizationLogo","width":221,"height":65},"image":{"@id":"https:\/\/www.rucashk.com\/es\/#organizationLogo"}},{"@type":"Person","@id":"https:\/\/www.rucashk.com\/es\/author\/admin\/#author","url":"https:\/\/www.rucashk.com\/es\/author\/admin\/","name":"admin","image":{"@type":"ImageObject","@id":"https:\/\/www.rucashk.com\/es\/producto\/xiaomi-13t-pro-android-mobile-phone\/#authorImage","url":"https:\/\/secure.gravatar.com\/avatar\/b7c8925b09a27e72b30232f8ecaadbd5af0f70a38c78096863fe51b64f031c24?s=96&d=mm&r=g","width":96,"height":96,"caption":"admin"}},{"@type":"WebPage","@id":"https:\/\/www.rucashk.com\/es\/producto\/xiaomi-13t-pro-android-mobile-phone\/#webpage","url":"https:\/\/www.rucashk.com\/es\/producto\/xiaomi-13t-pro-android-mobile-phone\/","name":"Xiaomi 13T Pro Android Mobile Phone - Rucas - Wholesale and Distribution","description":"\u2611\ufe0f Screen Size: 6.67 Inches (144 Hz AMOLED) \u2611\ufe0f RAM: 16GB \u2611\ufe0f Storage: 1TB \u2611\ufe0f Battery Size: 5000 mAh Non-Removable \u2611\ufe0f Charging: 120W Fast Charging \u2611\ufe0f Main Camera (Rear): 50 MP (Wide) + 50 MP (Telephoto)+ 12 MP (Ultrawide) \u2611\ufe0f Selfie Camera (Front): 20 MP (Wide) \u2611\ufe0f Chipset: Mediatek Dimensity 9200+ (4 nm)","inLanguage":"es-ES","isPartOf":{"@id":"https:\/\/www.rucashk.com\/es\/#website"},"breadcrumb":{"@id":"https:\/\/www.rucashk.com\/es\/producto\/xiaomi-13t-pro-android-mobile-phone\/#breadcrumblist"},"author":{"@id":"https:\/\/www.rucashk.com\/es\/author\/admin\/#author"},"creator":{"@id":"https:\/\/www.rucashk.com\/es\/author\/admin\/#author"},"image":{"@type":"ImageObject","url":"https:\/\/www.rucashk.com\/wp-content\/uploads\/2024\/03\/6413a9f9-0675-4c8f-b4ef-3660e6fc2af5.jpg","@id":"https:\/\/www.rucashk.com\/es\/producto\/xiaomi-13t-pro-android-mobile-phone\/#mainImage","width":768,"height":768},"primaryImageOfPage":{"@id":"https:\/\/www.rucashk.com\/es\/producto\/xiaomi-13t-pro-android-mobile-phone\/#mainImage"},"datePublished":"2024-03-19T14:24:58+00:00","dateModified":"2024-04-16T13:29:39+00:00"},{"@type":"WebSite","@id":"https:\/\/www.rucashk.com\/es\/#website","url":"https:\/\/www.rucashk.com\/es\/","name":"Rucas - Wholesale and distribution worldwide","alternateName":"Rucas - One-stop AIoT Distribution Worldwide","description":"One-stop AIoT Distribution Worldwide","inLanguage":"es-ES","publisher":{"@id":"https:\/\/www.rucashk.com\/es\/#organization"}}]}},"aioseo_meta_data":{"post_id":"37799","title":null,"description":null,"keywords":null,"keyphrases":null,"primary_term":null,"canonical_url":null,"og_title":null,"og_description":null,"og_object_type":"default","og_image_type":"default","og_image_url":null,"og_image_width":null,"og_image_height":null,"og_image_custom_url":null,"og_image_custom_fields":null,"og_video":null,"og_custom_url":null,"og_article_section":null,"og_article_tags":null,"twitter_use_og":false,"twitter_card":"default","twitter_image_type":"default","twitter_image_url":null,"twitter_image_custom_url":null,"twitter_image_custom_fields":null,"twitter_title":null,"twitter_description":null,"schema":{"blockGraphs":[],"customGraphs":[],"default":{"data":{"Article":[],"Course":[],"Dataset":[],"FAQPage":[],"Movie":[],"Person":[],"Product":[],"Recipe":[],"Service":[],"SoftwareApplication":[],"WebPage":[]},"graphName":"","isEnabled":true},"graphs":[]},"schema_type":"default","schema_type_options":null,"pillar_content":false,"robots_default":true,"robots_noindex":false,"robots_noarchive":false,"robots_nosnippet":false,"robots_nofollow":false,"robots_noimageindex":false,"robots_noodp":false,"robots_notranslate":false,"robots_max_snippet":null,"robots_max_videopreview":null,"robots_max_imagepreview":"large","priority":null,"frequency":null,"local_seo":null,"breadcrumb_settings":null,"limit_modified_date":false,"created":"2024-04-11 01:57:23","updated":"2025-06-22 18:47:55"},"aioseo_breadcrumb":"<div class=\"aioseo-breadcrumbs\"><span class=\"aioseo-breadcrumb\">\n\t<a href=\"https:\/\/www.rucashk.com\/es\" title=\"Home\">Home<\/a>\n<\/span><span class=\"aioseo-breadcrumb-separator\">&raquo;<\/span><span class=\"aioseo-breadcrumb\">\n\t<a href=\"https:\/\/www.rucashk.com\/es\/products\/\" title=\"Productos\">Productos<\/a>\n<\/span><span class=\"aioseo-breadcrumb-separator\">&raquo;<\/span><span class=\"aioseo-breadcrumb\">\n\t<a href=\"https:\/\/www.rucashk.com\/es\/marca\/xiaomi\/\" title=\"Xiaomi\">Xiaomi<\/a>\n<\/span><span class=\"aioseo-breadcrumb-separator\">&raquo;<\/span><span class=\"aioseo-breadcrumb\">\n\tXiaomi 13T Pro Android Mobile Phone\n<\/span><\/div>","aioseo_breadcrumb_json":[{"label":"Home","link":"https:\/\/www.rucashk.com\/es"},{"label":"Productos","link":"https:\/\/www.rucashk.com\/es\/products\/"},{"label":"Xiaomi","link":"https:\/\/www.rucashk.com\/es\/marca\/xiaomi\/"},{"label":"Xiaomi 13T Pro Android Mobile Phone","link":"https:\/\/www.rucashk.com\/es\/producto\/xiaomi-13t-pro-android-mobile-phone\/"}],"_links":{"self":[{"href":"https:\/\/www.rucashk.com\/es\/wp-json\/wp\/v2\/product\/37799","targetHints":{"allow":["GET"]}}],"collection":[{"href":"https:\/\/www.rucashk.com\/es\/wp-json\/wp\/v2\/product"}],"about":[{"href":"https:\/\/www.rucashk.com\/es\/wp-json\/wp\/v2\/types\/product"}],"wp:featuredmedia":[{"embeddable":true,"href":"https:\/\/www.rucashk.com\/es\/wp-json\/wp\/v2\/media\/37801"}],"wp:attachment":[{"href":"https:\/\/www.rucashk.com\/es\/wp-json\/wp\/v2\/media?parent=37799"}],"wp:term":[{"taxonomy":"product_brand","embeddable":true,"href":"https:\/\/www.rucashk.com\/es\/wp-json\/wp\/v2\/product_brand?post=37799"},{"taxonomy":"product_cat","embeddable":true,"href":"https:\/\/www.rucashk.com\/es\/wp-json\/wp\/v2\/product_cat?post=37799"},{"taxonomy":"product_tag","embeddable":true,"href":"https:\/\/www.rucashk.com\/es\/wp-json\/wp\/v2\/product_tag?post=37799"}],"curies":[{"name":"wp","href":"https:\/\/api.w.org\/{rel}","templated":true}]}}