{"id":37778,"date":"2024-03-19T14:13:19","date_gmt":"2024-03-19T14:13:19","guid":{"rendered":"http:\/\/rucashk.com\/?post_type=product&#038;p=37778"},"modified":"2024-04-16T13:29:41","modified_gmt":"2024-04-16T13:29:41","slug":"xiaomi-13t-android-5g-phone","status":"publish","type":"product","link":"https:\/\/www.rucashk.com\/es\/producto\/xiaomi-13t-android-5g-phone\/","title":{"rendered":"Tel\u00e9fono Xiaomi 13T Android 5G"},"content":{"rendered":"<p align=\"left\"><img decoding=\"async\" alt=\"Xiaomi 13T Android 5G Phone\" class=\"aligncenter\" src=\"\/wp-content\/uploads\/replace\/d7b65f2737774b246b789ebbc12a0bb0.png\" \/><img decoding=\"async\" alt=\"Xiaomi 13T Android 5G Phone\" class=\"aligncenter\" src=\"\/wp-content\/uploads\/replace\/df2e2b1864342bb983eff560d5ddcd8f.png\" \/><img decoding=\"async\" alt=\"Xiaomi 13T Android 5G Phone\" class=\"aligncenter\" src=\"\/wp-content\/uploads\/replace\/05c81a7fd2dacaf73d7f7f015776a6d9.png\" \/><img decoding=\"async\" alt=\"Xiaomi 13T Android 5G Phone\" class=\"aligncenter\" src=\"\/wp-content\/uploads\/replace\/81f6eed4adbd8bd9f04af4d42e642c9d.png\" \/><img decoding=\"async\" alt=\"Xiaomi 13T Android 5G Phone\" class=\"aligncenter\" src=\"\/wp-content\/uploads\/replace\/3715f100ccf70dae5cc1d7f8e6c0d722.png\" \/><img decoding=\"async\" alt=\"Xiaomi 13T Android 5G Phone\" class=\"aligncenter\" src=\"\/wp-content\/uploads\/replace\/42d8a75f70ed23e8eaa1eab63cefac40.png\" \/><img decoding=\"async\" alt=\"Xiaomi 13T Android 5G Phone\" class=\"aligncenter\" src=\"\/wp-content\/uploads\/replace\/c77a15bb1bd0306b7eb46793586601f6.png\" \/><img decoding=\"async\" alt=\"Xiaomi 13T Android 5G Phone\" class=\"aligncenter\" src=\"\/wp-content\/uploads\/replace\/3ca1d968ee81a3270f014003ff8063fd.png\" \/><img decoding=\"async\" alt=\"Xiaomi 13T Android 5G Phone\" class=\"aligncenter\" src=\"\/wp-content\/uploads\/replace\/253aaab5cc68f5f9d42909391bdec304.png\" \/> <img decoding=\"async\" alt=\"Xiaomi 13T Android 5G Phone\" class=\"aligncenter\" src=\"\/wp-content\/uploads\/replace\/fde891fccff680ceac47a28e1d9e3ba1.png\" \/><img decoding=\"async\" alt=\"Xiaomi 13T Android 5G Phone\" class=\"aligncenter\" src=\"\/wp-content\/uploads\/replace\/ccc4eecfb5fe628fb99a16e41d3e0ffb.png\" \/><img decoding=\"async\" alt=\"Xiaomi 13T Android 5G Phone\" class=\"aligncenter\" src=\"\/wp-content\/uploads\/replace\/814e24a09f3be21fb5d6bd8381a98671.png\" \/><img decoding=\"async\" alt=\"Xiaomi 13T Android 5G Phone\" class=\"aligncenter\" src=\"\/wp-content\/uploads\/replace\/5295b10dd9507bea60322c0ddcfa0da4.png\" \/> <img decoding=\"async\" alt=\"Xiaomi 13T Android 5G Phone\" class=\"aligncenter\" src=\"\/wp-content\/uploads\/replace\/d752578394d33c8ae7d765704790e831.png\" \/><img fetchpriority=\"high\" decoding=\"async\" alt=\"Xiaomi 13T Android 5G Phone\" class=\"aligncenter\" src=\"\/wp-content\/uploads\/replace\/631fe8858d02e194e7c6be50edbfad8c.png\" width=\"944\" height=\"598\" \/><img decoding=\"async\" alt=\"Xiaomi 13T Android 5G Phone\" class=\"aligncenter\" src=\"\/wp-content\/uploads\/replace\/6b360441de7d296f1d26495446868f59.png\" \/><img decoding=\"async\" alt=\"Xiaomi 13T Android 5G Phone\" class=\"aligncenter\" src=\"\/wp-content\/uploads\/replace\/550daa2b34cb598bd3d62b3b42ea9017.png\" \/><\/p>\n<p>Xiaomi ha vuelto a demostrar su destreza con el Xiaomi 13T Pro. Este tel\u00e9fono inteligente es un verdadero cambio de juego, redefiniendo lo que es posible en t\u00e9rminos de rendimiento, almacenamiento, fotograf\u00eda y experiencia general del usuario. Con sus impresionantes 16 GB de RAM y 1 TB de almacenamiento interno, es un sue\u00f1o hecho realidad para los usuarios avanzados y entusiastas de los medios.<\/p>\n<p>La sorprendente pantalla AMOLED del Xiaomi 13T Pro, con su incre\u00edble profundidad de color, frecuencia de actualizaci\u00f3n y niveles de brillo, establece un nuevo est\u00e1ndar de excelencia visual. Ya sea que est\u00e9 transmitiendo pel\u00edculas, jugando o simplemente navegando por la web, cada interacci\u00f3n con este dispositivo es un placer.<\/p>\n<p>Debajo del cap\u00f3, el chipset MediaTek Dimensity 9200+ y la amplia RAM garantizan que el Xiaomi 13T Pro ofrezca una experiencia de usuario \u00e1gil y receptiva, ya sea que est\u00e9 realizando m\u00faltiples tareas o ejecutando aplicaciones que consumen muchos recursos.<\/p>\n<p>Los entusiastas de la fotograf\u00eda apreciar\u00e1n el sistema de triple c\u00e1mara con tecnolog\u00eda Leica, capaz de capturar fotograf\u00edas y v\u00eddeos impresionantes en una variedad de entornos. Desde paisajes de alta resoluci\u00f3n hasta primeros planos detallados, este sistema de c\u00e1mara est\u00e1 a la altura de la tarea. Y con las capacidades de grabaci\u00f3n de v\u00eddeo de 8K, tus v\u00eddeos ser\u00e1n nada menos que cinematogr\u00e1ficos.<\/p>\n<p>El Xiaomi 13T Pro es m\u00e1s que un simple tel\u00e9fono inteligente; Es una declaraci\u00f3n del compromiso de Xiaomi con la innovaci\u00f3n y la excelencia. Con funciones como carga r\u00e1pida, opciones integrales de conectividad y un conjunto de sensores, es un dispositivo que se integra perfectamente en su vida diaria.<\/p>\n<p>En conclusi\u00f3n, el Xiaomi 13T Pro es una maravilla tecnol\u00f3gica que eleva el list\u00f3n de lo que un smartphone puede lograr. Si eres un entusiasta de la tecnolog\u00eda, un creador de contenidos o simplemente alguien que exige lo mejor, este dispositivo est\u00e1 preparado para superar tus expectativas. Es un testimonio de la dedicaci\u00f3n de Xiaomi para ofrecer tecnolog\u00eda de vanguardia a un precio accesible, haciendo que la innovaci\u00f3n sea m\u00e1s inclusiva que nunca.<\/p>","protected":false},"excerpt":{"rendered":"<p><strong>UPC:<\/strong> MediaTek Dimensity 8200 Ultra, proceso de fabricaci\u00f3n con eficiencia energ\u00e9tica de 4 nm.<br \/>\n<strong>Pantalla:<\/strong> Pantalla AMOLED CrystalRes de 144 Hz FHD+ de 6,67 pulgadas, atenuaci\u00f3n PWM de hasta 2880 Hz, 2712 x 1220, Dolby Vision\u00ae, HDR10+.<br \/>\n<strong>RAM+ROM:<\/strong> 8GB+256GB, 12GB+256GB.<br \/>\n<strong>C\u00e1mara:<\/strong> C\u00e1mara trasera 50MP+50MP+12MP, c\u00e1mara frontal de 20MP.<br \/>\n<strong>C\u00e1mara:<\/strong> C\u00e1mara principal Leica de 50 MP con c\u00e1mara Leica OIS+50 MP+12 MP, sistema de lente principal: lente documental de 35 mm, lente Swirly bokeh de 50 mm, lente de enfoque suave de 90 mm, c\u00e1mara frontal de 20 MP, f\/2.2, lente asf\u00e9rica 5P.<br \/>\n<strong>Bater\u00eda:<\/strong> Bater\u00eda de 5000 mAh (t\u00edpica), carga turbo de 67 W.<br \/>\n<strong>SO:<\/strong>  Versi\u00f3n global, MIUI 14 basada en Android 13, admite actualizaci\u00f3n OTA y varios idiomas.<br \/>\n<strong>Otro:<\/strong>  Bluetooth 5.4, NFC, capacidad Wi Fi 6.<br \/>\n<strong>Audio:<\/strong> Altavoces duales, Dolby Atmos\u00ae.<br \/>\n<strong>Red:<\/strong> Doble SIM.<\/p>","protected":false},"featured_media":37798,"template":"","meta":[],"product_brand":[1363],"product_cat":[1295,1296],"product_tag":[1175,477,420],"class_list":{"0":"post-37778","1":"product","2":"type-product","3":"status-publish","4":"has-post-thumbnail","6":"product_brand-xiaomi","7":"product_cat-mobile-phone","8":"product_cat-xiaomi-mobile-phone","9":"product_tag-mi","10":"product_tag-phone","11":"product_tag-xiaomi","13":"first","14":"instock","15":"shipping-taxable","16":"product-type-simple"},"aioseo_notices":[],"aioseo_head":"\n\t\t<!-- All in One SEO Pro 4.5.9.2 - aioseo.com -->\n\t\t<meta name=\"description\" content=\"CPU: MediaTek Dimensity 8200 Ultra,4nm power efficient manufacturing process. Screen: 144Hz FHD+ 6.67&quot;CrystalRes AMOLED display, Up to 2880Hz PWM dimming,2712 x 1220,Dolby Vision\u00ae, HDR10+. RAM+ROM: 8GB+256GB,12GB+256GB. Camera: Rear camera 50MP+50MP+12MP,20MP front camera. Camera: 50MP Leica main camera with OIS+50MP+12MP Leica camera,Master lens system: 35mm Documentary lens, 50mm Swirly bokeh lens, 90mm Soft focus lens,20 MP front camera,f\/2.2, 5P aspherical lens. Battery: 5000mAh (typ) battery,67W turbo charging. OS: Global Version , MIUI 14 based on Android 13, Support OTA Update and Multi Languages. Other: Bluetooth 5.4,NFC,Wi Fi 6 capability. Audio: Dual speakers,Dolby Atmos\u00ae. Network: Dual SIM.\" \/>\n\t\t<meta name=\"robots\" content=\"max-image-preview:large\" \/>\n\t\t<link rel=\"canonical\" href=\"https:\/\/www.rucashk.com\/es\/producto\/xiaomi-13t-android-5g-phone\/\" \/>\n\t\t<meta name=\"generator\" content=\"All in One SEO Pro (AIOSEO) 4.5.9.2\" \/>\n\t\t<meta property=\"og:locale\" content=\"es_ES\" \/>\n\t\t<meta property=\"og:site_name\" content=\"Rucas - One-stop AIoT Distribution Worldwide\" \/>\n\t\t<meta property=\"og:type\" content=\"article\" \/>\n\t\t<meta property=\"og:title\" content=\"Xiaomi 13T Android 5G Phone - Rucas - Wholesale and Distribution\" \/>\n\t\t<meta property=\"og:description\" content=\"CPU: MediaTek Dimensity 8200 Ultra,4nm power efficient manufacturing process. Screen: 144Hz FHD+ 6.67&quot;CrystalRes AMOLED display, Up to 2880Hz PWM dimming,2712 x 1220,Dolby Vision\u00ae, HDR10+. RAM+ROM: 8GB+256GB,12GB+256GB. Camera: Rear camera 50MP+50MP+12MP,20MP front camera. Camera: 50MP Leica main camera with OIS+50MP+12MP Leica camera,Master lens system: 35mm Documentary lens, 50mm Swirly bokeh lens, 90mm Soft focus lens,20 MP front camera,f\/2.2, 5P aspherical lens. Battery: 5000mAh (typ) battery,67W turbo charging. OS: Global Version , MIUI 14 based on Android 13, Support OTA Update and Multi Languages. Other: Bluetooth 5.4,NFC,Wi Fi 6 capability. Audio: Dual speakers,Dolby Atmos\u00ae. Network: Dual SIM.\" \/>\n\t\t<meta property=\"og:url\" content=\"https:\/\/www.rucashk.com\/es\/producto\/xiaomi-13t-android-5g-phone\/\" \/>\n\t\t<meta property=\"og:image\" content=\"https:\/\/www.rucashk.com\/wp-content\/uploads\/replace\/503b8e645f128a97ccde2b6290747646.jpeg\" \/>\n\t\t<meta property=\"og:image:secure_url\" content=\"https:\/\/www.rucashk.com\/wp-content\/uploads\/replace\/503b8e645f128a97ccde2b6290747646.jpeg\" \/>\n\t\t<meta property=\"og:image:width\" content=\"1456\" \/>\n\t\t<meta property=\"og:image:height\" content=\"816\" \/>\n\t\t<meta property=\"article:published_time\" content=\"2024-03-19T14:13:19+00:00\" \/>\n\t\t<meta property=\"article:modified_time\" content=\"2024-04-16T13:29:41+00:00\" \/>\n\t\t<meta name=\"twitter:card\" content=\"summary_large_image\" \/>\n\t\t<meta name=\"twitter:title\" content=\"Xiaomi 13T Android 5G Phone - Rucas - Wholesale and Distribution\" \/>\n\t\t<meta name=\"twitter:description\" content=\"CPU: MediaTek Dimensity 8200 Ultra,4nm power efficient manufacturing process. Screen: 144Hz FHD+ 6.67&quot;CrystalRes AMOLED display, Up to 2880Hz PWM dimming,2712 x 1220,Dolby Vision\u00ae, HDR10+. RAM+ROM: 8GB+256GB,12GB+256GB. Camera: Rear camera 50MP+50MP+12MP,20MP front camera. Camera: 50MP Leica main camera with OIS+50MP+12MP Leica camera,Master lens system: 35mm Documentary lens, 50mm Swirly bokeh lens, 90mm Soft focus lens,20 MP front camera,f\/2.2, 5P aspherical lens. Battery: 5000mAh (typ) battery,67W turbo charging. OS: Global Version , MIUI 14 based on Android 13, Support OTA Update and Multi Languages. Other: Bluetooth 5.4,NFC,Wi Fi 6 capability. Audio: Dual speakers,Dolby Atmos\u00ae. Network: Dual SIM.\" \/>\n\t\t<meta name=\"twitter:image\" content=\"https:\/\/www.rucashk.com\/wp-content\/uploads\/replace\/503b8e645f128a97ccde2b6290747646.jpeg\" \/>\n\t\t<script type=\"application\/ld+json\" class=\"aioseo-schema\">\n\t\t\t{\"@context\":\"https:\\\/\\\/schema.org\",\"@graph\":[{\"@type\":\"BreadcrumbList\",\"@id\":\"https:\\\/\\\/www.rucashk.com\\\/es\\\/producto\\\/xiaomi-13t-android-5g-phone\\\/#breadcrumblist\",\"itemListElement\":[{\"@type\":\"ListItem\",\"@id\":\"https:\\\/\\\/www.rucashk.com\\\/es\\\/#listItem\",\"position\":1,\"name\":\"Home\",\"item\":\"https:\\\/\\\/www.rucashk.com\\\/es\\\/\",\"nextItem\":\"https:\\\/\\\/www.rucashk.com\\\/es\\\/producto\\\/xiaomi-13t-android-5g-phone\\\/#listItem\"},{\"@type\":\"ListItem\",\"@id\":\"https:\\\/\\\/www.rucashk.com\\\/es\\\/producto\\\/xiaomi-13t-android-5g-phone\\\/#listItem\",\"position\":2,\"name\":\"Xiaomi 13T Android 5G Phone\",\"previousItem\":\"https:\\\/\\\/www.rucashk.com\\\/es\\\/#listItem\"}]},{\"@type\":\"Organization\",\"@id\":\"https:\\\/\\\/www.rucashk.com\\\/es\\\/#organization\",\"name\":\"Rucas\",\"url\":\"https:\\\/\\\/www.rucashk.com\\\/es\\\/\",\"logo\":{\"@type\":\"ImageObject\",\"url\":\"https:\\\/\\\/www.rucashk.com\\\/wp-content\\\/uploads\\\/2023\\\/12\\\/Rucas_campany_logo.png\",\"@id\":\"https:\\\/\\\/www.rucashk.com\\\/es\\\/producto\\\/xiaomi-13t-android-5g-phone\\\/#organizationLogo\",\"width\":221,\"height\":65},\"image\":{\"@id\":\"https:\\\/\\\/www.rucashk.com\\\/es\\\/#organizationLogo\"}},{\"@type\":\"Person\",\"@id\":\"https:\\\/\\\/www.rucashk.com\\\/es\\\/author\\\/admin\\\/#author\",\"url\":\"https:\\\/\\\/www.rucashk.com\\\/es\\\/author\\\/admin\\\/\",\"name\":\"admin\",\"image\":{\"@type\":\"ImageObject\",\"@id\":\"https:\\\/\\\/www.rucashk.com\\\/es\\\/producto\\\/xiaomi-13t-android-5g-phone\\\/#authorImage\",\"url\":\"https:\\\/\\\/secure.gravatar.com\\\/avatar\\\/b7c8925b09a27e72b30232f8ecaadbd5af0f70a38c78096863fe51b64f031c24?s=96&d=mm&r=g\",\"width\":96,\"height\":96,\"caption\":\"admin\"}},{\"@type\":\"WebPage\",\"@id\":\"https:\\\/\\\/www.rucashk.com\\\/es\\\/producto\\\/xiaomi-13t-android-5g-phone\\\/#webpage\",\"url\":\"https:\\\/\\\/www.rucashk.com\\\/es\\\/producto\\\/xiaomi-13t-android-5g-phone\\\/\",\"name\":\"Xiaomi 13T Android 5G Phone - Rucas - Wholesale and Distribution\",\"description\":\"CPU: MediaTek Dimensity 8200 Ultra,4nm power efficient manufacturing process. Screen: 144Hz FHD+ 6.67\\\"CrystalRes AMOLED display, Up to 2880Hz PWM dimming,2712 x 1220,Dolby Vision\\u00ae, HDR10+. RAM+ROM: 8GB+256GB,12GB+256GB. Camera: Rear camera 50MP+50MP+12MP,20MP front camera. Camera: 50MP Leica main camera with OIS+50MP+12MP Leica camera,Master lens system: 35mm Documentary lens, 50mm Swirly bokeh lens, 90mm Soft focus lens,20 MP front camera,f\\\/2.2, 5P aspherical lens. Battery: 5000mAh (typ) battery,67W turbo charging. OS: Global Version , MIUI 14 based on Android 13, Support OTA Update and Multi Languages. Other: Bluetooth 5.4,NFC,Wi Fi 6 capability. Audio: Dual speakers,Dolby Atmos\\u00ae. Network: Dual SIM.\",\"inLanguage\":\"es-ES\",\"isPartOf\":{\"@id\":\"https:\\\/\\\/www.rucashk.com\\\/es\\\/#website\"},\"breadcrumb\":{\"@id\":\"https:\\\/\\\/www.rucashk.com\\\/es\\\/producto\\\/xiaomi-13t-android-5g-phone\\\/#breadcrumblist\"},\"author\":{\"@id\":\"https:\\\/\\\/www.rucashk.com\\\/es\\\/author\\\/admin\\\/#author\"},\"creator\":{\"@id\":\"https:\\\/\\\/www.rucashk.com\\\/es\\\/author\\\/admin\\\/#author\"},\"image\":{\"@type\":\"ImageObject\",\"url\":\"https:\\\/\\\/www.rucashk.com\\\/wp-content\\\/uploads\\\/2024\\\/03\\\/d8f2b417-b467-4630-8181-b774d45d5acd.jpg\",\"@id\":\"https:\\\/\\\/www.rucashk.com\\\/es\\\/producto\\\/xiaomi-13t-android-5g-phone\\\/#mainImage\",\"width\":800,\"height\":800},\"primaryImageOfPage\":{\"@id\":\"https:\\\/\\\/www.rucashk.com\\\/es\\\/producto\\\/xiaomi-13t-android-5g-phone\\\/#mainImage\"},\"datePublished\":\"2024-03-19T14:13:19+00:00\",\"dateModified\":\"2024-04-16T13:29:41+00:00\"},{\"@type\":\"WebSite\",\"@id\":\"https:\\\/\\\/www.rucashk.com\\\/es\\\/#website\",\"url\":\"https:\\\/\\\/www.rucashk.com\\\/es\\\/\",\"name\":\"Rucas - Wholesale and distribution worldwide\",\"alternateName\":\"Rucas - One-stop AIoT Distribution Worldwide\",\"description\":\"One-stop AIoT Distribution Worldwide\",\"inLanguage\":\"es-ES\",\"publisher\":{\"@id\":\"https:\\\/\\\/www.rucashk.com\\\/es\\\/#organization\"}}]}\n\t\t<\/script>\n\t\t<!-- All in One SEO Pro -->\r\n\t\t<title>Xiaomi 13T Android 5G Phone - Rucas - Wholesale and Distribution<\/title>\n\n","aioseo_head_json":{"title":"Xiaomi 13T Android 5G Phone - Rucas - Wholesale and Distribution","description":"CPU: MediaTek Dimensity 8200 Ultra,4nm power efficient manufacturing process. Screen: 144Hz FHD+ 6.67\"CrystalRes AMOLED display, Up to 2880Hz PWM dimming,2712 x 1220,Dolby Vision\u00ae, HDR10+. RAM+ROM: 8GB+256GB,12GB+256GB. Camera: Rear camera 50MP+50MP+12MP,20MP front camera. Camera: 50MP Leica main camera with OIS+50MP+12MP Leica camera,Master lens system: 35mm Documentary lens, 50mm Swirly bokeh lens, 90mm Soft focus lens,20 MP front camera,f\/2.2, 5P aspherical lens. Battery: 5000mAh (typ) battery,67W turbo charging. OS: Global Version , MIUI 14 based on Android 13, Support OTA Update and Multi Languages. Other: Bluetooth 5.4,NFC,Wi Fi 6 capability. Audio: Dual speakers,Dolby Atmos\u00ae. Network: Dual SIM.","canonical_url":"https:\/\/www.rucashk.com\/es\/producto\/xiaomi-13t-android-5g-phone\/","robots":"max-image-preview:large","keywords":"","webmasterTools":{"miscellaneous":""},"og:locale":"es_ES","og:site_name":"Rucas - One-stop AIoT Distribution Worldwide","og:type":"article","og:title":"Xiaomi 13T Android 5G Phone - Rucas - Wholesale and Distribution","og:description":"CPU: MediaTek Dimensity 8200 Ultra,4nm power efficient manufacturing process. Screen: 144Hz FHD+ 6.67&quot;CrystalRes AMOLED display, Up to 2880Hz PWM dimming,2712 x 1220,Dolby Vision\u00ae, HDR10+. RAM+ROM: 8GB+256GB,12GB+256GB. Camera: Rear camera 50MP+50MP+12MP,20MP front camera. Camera: 50MP Leica main camera with OIS+50MP+12MP Leica camera,Master lens system: 35mm Documentary lens, 50mm Swirly bokeh lens, 90mm Soft focus lens,20 MP front camera,f\/2.2, 5P aspherical lens. Battery: 5000mAh (typ) battery,67W turbo charging. OS: Global Version , MIUI 14 based on Android 13, Support OTA Update and Multi Languages. Other: Bluetooth 5.4,NFC,Wi Fi 6 capability. Audio: Dual speakers,Dolby Atmos\u00ae. Network: Dual SIM.","og:url":"https:\/\/www.rucashk.com\/es\/producto\/xiaomi-13t-android-5g-phone\/","og:image":"https:\/\/www.rucashk.com\/wp-content\/uploads\/replace\/503b8e645f128a97ccde2b6290747646.jpeg","og:image:secure_url":"https:\/\/www.rucashk.com\/wp-content\/uploads\/replace\/503b8e645f128a97ccde2b6290747646.jpeg","og:image:width":1456,"og:image:height":816,"article:published_time":"2024-03-19T14:13:19+00:00","article:modified_time":"2024-04-16T13:29:41+00:00","twitter:card":"summary_large_image","twitter:title":"Xiaomi 13T Android 5G Phone - Rucas - Wholesale and Distribution","twitter:description":"CPU: MediaTek Dimensity 8200 Ultra,4nm power efficient manufacturing process. Screen: 144Hz FHD+ 6.67&quot;CrystalRes AMOLED display, Up to 2880Hz PWM dimming,2712 x 1220,Dolby Vision\u00ae, HDR10+. RAM+ROM: 8GB+256GB,12GB+256GB. Camera: Rear camera 50MP+50MP+12MP,20MP front camera. Camera: 50MP Leica main camera with OIS+50MP+12MP Leica camera,Master lens system: 35mm Documentary lens, 50mm Swirly bokeh lens, 90mm Soft focus lens,20 MP front camera,f\/2.2, 5P aspherical lens. Battery: 5000mAh (typ) battery,67W turbo charging. OS: Global Version , MIUI 14 based on Android 13, Support OTA Update and Multi Languages. Other: Bluetooth 5.4,NFC,Wi Fi 6 capability. Audio: Dual speakers,Dolby Atmos\u00ae. Network: Dual SIM.","twitter:image":"https:\/\/www.rucashk.com\/wp-content\/uploads\/replace\/503b8e645f128a97ccde2b6290747646.jpeg","schema":{"@context":"https:\/\/schema.org","@graph":[{"@type":"BreadcrumbList","@id":"https:\/\/www.rucashk.com\/es\/producto\/xiaomi-13t-android-5g-phone\/#breadcrumblist","itemListElement":[{"@type":"ListItem","@id":"https:\/\/www.rucashk.com\/es\/#listItem","position":1,"name":"Home","item":"https:\/\/www.rucashk.com\/es\/","nextItem":"https:\/\/www.rucashk.com\/es\/producto\/xiaomi-13t-android-5g-phone\/#listItem"},{"@type":"ListItem","@id":"https:\/\/www.rucashk.com\/es\/producto\/xiaomi-13t-android-5g-phone\/#listItem","position":2,"name":"Xiaomi 13T Android 5G Phone","previousItem":"https:\/\/www.rucashk.com\/es\/#listItem"}]},{"@type":"Organization","@id":"https:\/\/www.rucashk.com\/es\/#organization","name":"Rucas","url":"https:\/\/www.rucashk.com\/es\/","logo":{"@type":"ImageObject","url":"https:\/\/www.rucashk.com\/wp-content\/uploads\/2023\/12\/Rucas_campany_logo.png","@id":"https:\/\/www.rucashk.com\/es\/producto\/xiaomi-13t-android-5g-phone\/#organizationLogo","width":221,"height":65},"image":{"@id":"https:\/\/www.rucashk.com\/es\/#organizationLogo"}},{"@type":"Person","@id":"https:\/\/www.rucashk.com\/es\/author\/admin\/#author","url":"https:\/\/www.rucashk.com\/es\/author\/admin\/","name":"admin","image":{"@type":"ImageObject","@id":"https:\/\/www.rucashk.com\/es\/producto\/xiaomi-13t-android-5g-phone\/#authorImage","url":"https:\/\/secure.gravatar.com\/avatar\/b7c8925b09a27e72b30232f8ecaadbd5af0f70a38c78096863fe51b64f031c24?s=96&d=mm&r=g","width":96,"height":96,"caption":"admin"}},{"@type":"WebPage","@id":"https:\/\/www.rucashk.com\/es\/producto\/xiaomi-13t-android-5g-phone\/#webpage","url":"https:\/\/www.rucashk.com\/es\/producto\/xiaomi-13t-android-5g-phone\/","name":"Xiaomi 13T Android 5G Phone - Rucas - Wholesale and Distribution","description":"CPU: MediaTek Dimensity 8200 Ultra,4nm power efficient manufacturing process. Screen: 144Hz FHD+ 6.67\"CrystalRes AMOLED display, Up to 2880Hz PWM dimming,2712 x 1220,Dolby Vision\u00ae, HDR10+. RAM+ROM: 8GB+256GB,12GB+256GB. Camera: Rear camera 50MP+50MP+12MP,20MP front camera. Camera: 50MP Leica main camera with OIS+50MP+12MP Leica camera,Master lens system: 35mm Documentary lens, 50mm Swirly bokeh lens, 90mm Soft focus lens,20 MP front camera,f\/2.2, 5P aspherical lens. Battery: 5000mAh (typ) battery,67W turbo charging. OS: Global Version , MIUI 14 based on Android 13, Support OTA Update and Multi Languages. Other: Bluetooth 5.4,NFC,Wi Fi 6 capability. Audio: Dual speakers,Dolby Atmos\u00ae. Network: Dual SIM.","inLanguage":"es-ES","isPartOf":{"@id":"https:\/\/www.rucashk.com\/es\/#website"},"breadcrumb":{"@id":"https:\/\/www.rucashk.com\/es\/producto\/xiaomi-13t-android-5g-phone\/#breadcrumblist"},"author":{"@id":"https:\/\/www.rucashk.com\/es\/author\/admin\/#author"},"creator":{"@id":"https:\/\/www.rucashk.com\/es\/author\/admin\/#author"},"image":{"@type":"ImageObject","url":"https:\/\/www.rucashk.com\/wp-content\/uploads\/2024\/03\/d8f2b417-b467-4630-8181-b774d45d5acd.jpg","@id":"https:\/\/www.rucashk.com\/es\/producto\/xiaomi-13t-android-5g-phone\/#mainImage","width":800,"height":800},"primaryImageOfPage":{"@id":"https:\/\/www.rucashk.com\/es\/producto\/xiaomi-13t-android-5g-phone\/#mainImage"},"datePublished":"2024-03-19T14:13:19+00:00","dateModified":"2024-04-16T13:29:41+00:00"},{"@type":"WebSite","@id":"https:\/\/www.rucashk.com\/es\/#website","url":"https:\/\/www.rucashk.com\/es\/","name":"Rucas - Wholesale and distribution worldwide","alternateName":"Rucas - One-stop AIoT Distribution Worldwide","description":"One-stop AIoT Distribution Worldwide","inLanguage":"es-ES","publisher":{"@id":"https:\/\/www.rucashk.com\/es\/#organization"}}]}},"aioseo_meta_data":{"post_id":"37778","title":null,"description":null,"keywords":null,"keyphrases":null,"primary_term":null,"canonical_url":null,"og_title":null,"og_description":null,"og_object_type":"default","og_image_type":"default","og_image_url":null,"og_image_width":null,"og_image_height":null,"og_image_custom_url":null,"og_image_custom_fields":null,"og_video":null,"og_custom_url":null,"og_article_section":null,"og_article_tags":null,"twitter_use_og":false,"twitter_card":"default","twitter_image_type":"default","twitter_image_url":null,"twitter_image_custom_url":null,"twitter_image_custom_fields":null,"twitter_title":null,"twitter_description":null,"schema":{"blockGraphs":[],"customGraphs":[],"default":{"data":{"Article":[],"Course":[],"Dataset":[],"FAQPage":[],"Movie":[],"Person":[],"Product":[],"Recipe":[],"Service":[],"SoftwareApplication":[],"WebPage":[]},"graphName":"","isEnabled":true},"graphs":[]},"schema_type":"default","schema_type_options":null,"pillar_content":false,"robots_default":true,"robots_noindex":false,"robots_noarchive":false,"robots_nosnippet":false,"robots_nofollow":false,"robots_noimageindex":false,"robots_noodp":false,"robots_notranslate":false,"robots_max_snippet":null,"robots_max_videopreview":null,"robots_max_imagepreview":"large","priority":null,"frequency":null,"local_seo":null,"breadcrumb_settings":null,"limit_modified_date":false,"created":"2024-04-11 01:57:23","updated":"2025-06-22 18:47:55"},"aioseo_breadcrumb":"<div class=\"aioseo-breadcrumbs\"><span class=\"aioseo-breadcrumb\">\n\t<a href=\"https:\/\/www.rucashk.com\/es\" title=\"Home\">Home<\/a>\n<\/span><span class=\"aioseo-breadcrumb-separator\">&raquo;<\/span><span class=\"aioseo-breadcrumb\">\n\t<a href=\"https:\/\/www.rucashk.com\/es\/products\/\" title=\"Productos\">Productos<\/a>\n<\/span><span class=\"aioseo-breadcrumb-separator\">&raquo;<\/span><span class=\"aioseo-breadcrumb\">\n\t<a href=\"https:\/\/www.rucashk.com\/es\/marca\/xiaomi\/\" title=\"Xiaomi\">Xiaomi<\/a>\n<\/span><span class=\"aioseo-breadcrumb-separator\">&raquo;<\/span><span class=\"aioseo-breadcrumb\">\n\tXiaomi 13T Android 5G Phone\n<\/span><\/div>","aioseo_breadcrumb_json":[{"label":"Home","link":"https:\/\/www.rucashk.com\/es"},{"label":"Productos","link":"https:\/\/www.rucashk.com\/es\/products\/"},{"label":"Xiaomi","link":"https:\/\/www.rucashk.com\/es\/marca\/xiaomi\/"},{"label":"Xiaomi 13T Android 5G Phone","link":"https:\/\/www.rucashk.com\/es\/producto\/xiaomi-13t-android-5g-phone\/"}],"_links":{"self":[{"href":"https:\/\/www.rucashk.com\/es\/wp-json\/wp\/v2\/product\/37778","targetHints":{"allow":["GET"]}}],"collection":[{"href":"https:\/\/www.rucashk.com\/es\/wp-json\/wp\/v2\/product"}],"about":[{"href":"https:\/\/www.rucashk.com\/es\/wp-json\/wp\/v2\/types\/product"}],"wp:featuredmedia":[{"embeddable":true,"href":"https:\/\/www.rucashk.com\/es\/wp-json\/wp\/v2\/media\/37798"}],"wp:attachment":[{"href":"https:\/\/www.rucashk.com\/es\/wp-json\/wp\/v2\/media?parent=37778"}],"wp:term":[{"taxonomy":"product_brand","embeddable":true,"href":"https:\/\/www.rucashk.com\/es\/wp-json\/wp\/v2\/product_brand?post=37778"},{"taxonomy":"product_cat","embeddable":true,"href":"https:\/\/www.rucashk.com\/es\/wp-json\/wp\/v2\/product_cat?post=37778"},{"taxonomy":"product_tag","embeddable":true,"href":"https:\/\/www.rucashk.com\/es\/wp-json\/wp\/v2\/product_tag?post=37778"}],"curies":[{"name":"wp","href":"https:\/\/api.w.org\/{rel}","templated":true}]}}