{"id":37723,"date":"2024-03-15T14:56:10","date_gmt":"2024-03-15T14:56:10","guid":{"rendered":"http:\/\/rucashk.com\/?post_type=product&#038;p=37723"},"modified":"2024-04-16T13:31:45","modified_gmt":"2024-04-16T13:31:45","slug":"sony-playstation-4-console","status":"publish","type":"product","link":"https:\/\/www.rucashk.com\/es\/producto\/sony-playstation-4-console\/","title":{"rendered":"Consola Sony PlayStation 4"},"content":{"rendered":"<p><iframe width=\"1280\" height=\"720\" src=\"https:\/\/www.youtube.com\/embed\/Hme5BhT52_U\" title=\"Presentamos la PS4 Pro\" frameborder=\"0\" allow=\"accelerometer; autoplay; clipboard-write; encrypted-media; gyroscope; picture-in-picture; web-share\" allowfullscreen><\/iframe><\/p>\n<p>Consola de juegos Sony PlayStation 4 reacondicionada - Excelente<br \/>\n\u2013 Producto completamente funcional como nuevo. El art\u00edculo puede tener microara\u00f1azos muy leves, invisibles a una distancia de 8 a 12 pulgadas de largo de los brazos.<br \/>\n\u2013 Este producto puede incluir accesorios que podr\u00edan no ser originales pero que ser\u00e1n compatibles y completamente funcionales.<\/p>\n<p>\u00a1Todo lo que necesitas para empezar a jugar de inmediato, excepto un juego!<br \/>\nEs posible que este producto no haya sido certificado por el fabricante, pero ha sido inspeccionado, probado y limpiado profesionalmente por vendedores y proveedores del Programa Restaurado de Walmart.<br \/>\nProducto completamente funcional en condiciones como nuevas. El art\u00edculo puede tener microara\u00f1azos muy leves, invisibles a una distancia de 8 a 12 pulgadas (al largo del brazo).<br \/>\nEste producto puede incluir accesorios que pueden no ser originales pero que ser\u00e1n compatibles y completamente funcionales.<br \/>\nEste producto puede devolverse dentro de los 90 d\u00edas para devoluci\u00f3n o reemplazo gratuito si no est\u00e1 satisfecho.<br \/>\nLa capacidad de la bater\u00eda supera la capacidad del 80% en relaci\u00f3n con su nuevo equivalente<\/p>","protected":false},"excerpt":{"rendered":"<p>Al agregar HDR, un cuerpo m\u00e1s delgado y un controlador de nueva apariencia, la poderosa Playstation 4 de Sony se ha vuelto a\u00fan m\u00e1s espectacular. Una vez que conectes esta elegante consola, obtendr\u00e1s juegos inmersivos a velocidades r\u00e1pidas y con im\u00e1genes sin precedentes. Junto con el controlador DualShock 4 remasterizado, juegos de PS4 compatibles y una gran cantidad de capacidades sociales, este es un gigante de los juegos modernos.<\/p>","protected":false},"featured_media":37725,"template":"","meta":[],"product_brand":[1361],"product_cat":[1287],"product_tag":[],"class_list":{"0":"post-37723","1":"product","2":"type-product","3":"status-publish","4":"has-post-thumbnail","6":"product_brand-sony","7":"product_cat-sony-playstation","9":"first","10":"instock","11":"shipping-taxable","12":"product-type-simple"},"aioseo_notices":[],"aioseo_head":"\n\t\t<!-- All in One SEO Pro 4.5.9.2 - aioseo.com -->\n\t\t<meta name=\"description\" content=\"Adding HDR, a slimmer body and a new-look controller, Sony\u2019s powerful Playstation 4 has become even more spectacular. Once you plug in this slick console, you\u2019ll get immersive gaming at rapid speeds and with unprecedented visuals. Together with the remastered DualShock 4 controller, cross-compatible PS4 games and wealth of social capabilities, this is a behemoth of modern gaming.\" \/>\n\t\t<meta name=\"robots\" content=\"max-image-preview:large\" \/>\n\t\t<link rel=\"canonical\" href=\"https:\/\/www.rucashk.com\/es\/producto\/sony-playstation-4-console\/\" \/>\n\t\t<meta name=\"generator\" content=\"All in One SEO Pro (AIOSEO) 4.5.9.2\" \/>\n\t\t<meta property=\"og:locale\" content=\"es_ES\" \/>\n\t\t<meta property=\"og:site_name\" content=\"Rucas - One-stop AIoT Distribution Worldwide\" \/>\n\t\t<meta property=\"og:type\" content=\"article\" \/>\n\t\t<meta property=\"og:title\" content=\"Sony PlayStation 4 Console - Rucas - Wholesale and Distribution\" \/>\n\t\t<meta property=\"og:description\" content=\"Adding HDR, a slimmer body and a new-look controller, Sony\u2019s powerful Playstation 4 has become even more spectacular. Once you plug in this slick console, you\u2019ll get immersive gaming at rapid speeds and with unprecedented visuals. Together with the remastered DualShock 4 controller, cross-compatible PS4 games and wealth of social capabilities, this is a behemoth of modern gaming.\" \/>\n\t\t<meta property=\"og:url\" content=\"https:\/\/www.rucashk.com\/es\/producto\/sony-playstation-4-console\/\" \/>\n\t\t<meta property=\"og:image\" content=\"https:\/\/www.rucashk.com\/wp-content\/uploads\/replace\/503b8e645f128a97ccde2b6290747646.jpeg\" \/>\n\t\t<meta property=\"og:image:secure_url\" content=\"https:\/\/www.rucashk.com\/wp-content\/uploads\/replace\/503b8e645f128a97ccde2b6290747646.jpeg\" \/>\n\t\t<meta property=\"og:image:width\" content=\"1456\" \/>\n\t\t<meta property=\"og:image:height\" content=\"816\" \/>\n\t\t<meta property=\"article:published_time\" content=\"2024-03-15T14:56:10+00:00\" \/>\n\t\t<meta property=\"article:modified_time\" content=\"2024-04-16T13:31:45+00:00\" \/>\n\t\t<meta name=\"twitter:card\" content=\"summary_large_image\" \/>\n\t\t<meta name=\"twitter:title\" content=\"Sony PlayStation 4 Console - Rucas - Wholesale and Distribution\" \/>\n\t\t<meta name=\"twitter:description\" content=\"Adding HDR, a slimmer body and a new-look controller, Sony\u2019s powerful Playstation 4 has become even more spectacular. Once you plug in this slick console, you\u2019ll get immersive gaming at rapid speeds and with unprecedented visuals. Together with the remastered DualShock 4 controller, cross-compatible PS4 games and wealth of social capabilities, this is a behemoth of modern gaming.\" \/>\n\t\t<meta name=\"twitter:image\" content=\"https:\/\/www.rucashk.com\/wp-content\/uploads\/replace\/503b8e645f128a97ccde2b6290747646.jpeg\" \/>\n\t\t<script type=\"application\/ld+json\" class=\"aioseo-schema\">\n\t\t\t{\"@context\":\"https:\\\/\\\/schema.org\",\"@graph\":[{\"@type\":\"BreadcrumbList\",\"@id\":\"https:\\\/\\\/www.rucashk.com\\\/es\\\/producto\\\/sony-playstation-4-console\\\/#breadcrumblist\",\"itemListElement\":[{\"@type\":\"ListItem\",\"@id\":\"https:\\\/\\\/www.rucashk.com\\\/es\\\/#listItem\",\"position\":1,\"name\":\"Home\",\"item\":\"https:\\\/\\\/www.rucashk.com\\\/es\\\/\",\"nextItem\":\"https:\\\/\\\/www.rucashk.com\\\/es\\\/producto\\\/sony-playstation-4-console\\\/#listItem\"},{\"@type\":\"ListItem\",\"@id\":\"https:\\\/\\\/www.rucashk.com\\\/es\\\/producto\\\/sony-playstation-4-console\\\/#listItem\",\"position\":2,\"name\":\"Sony PlayStation 4 Console\",\"previousItem\":\"https:\\\/\\\/www.rucashk.com\\\/es\\\/#listItem\"}]},{\"@type\":\"Organization\",\"@id\":\"https:\\\/\\\/www.rucashk.com\\\/es\\\/#organization\",\"name\":\"Rucas\",\"url\":\"https:\\\/\\\/www.rucashk.com\\\/es\\\/\",\"logo\":{\"@type\":\"ImageObject\",\"url\":\"https:\\\/\\\/www.rucashk.com\\\/wp-content\\\/uploads\\\/2023\\\/12\\\/Rucas_campany_logo.png\",\"@id\":\"https:\\\/\\\/www.rucashk.com\\\/es\\\/producto\\\/sony-playstation-4-console\\\/#organizationLogo\",\"width\":221,\"height\":65},\"image\":{\"@id\":\"https:\\\/\\\/www.rucashk.com\\\/es\\\/#organizationLogo\"}},{\"@type\":\"Person\",\"@id\":\"https:\\\/\\\/www.rucashk.com\\\/es\\\/author\\\/admin\\\/#author\",\"url\":\"https:\\\/\\\/www.rucashk.com\\\/es\\\/author\\\/admin\\\/\",\"name\":\"admin\",\"image\":{\"@type\":\"ImageObject\",\"@id\":\"https:\\\/\\\/www.rucashk.com\\\/es\\\/producto\\\/sony-playstation-4-console\\\/#authorImage\",\"url\":\"https:\\\/\\\/secure.gravatar.com\\\/avatar\\\/b7c8925b09a27e72b30232f8ecaadbd5af0f70a38c78096863fe51b64f031c24?s=96&d=mm&r=g\",\"width\":96,\"height\":96,\"caption\":\"admin\"}},{\"@type\":\"WebPage\",\"@id\":\"https:\\\/\\\/www.rucashk.com\\\/es\\\/producto\\\/sony-playstation-4-console\\\/#webpage\",\"url\":\"https:\\\/\\\/www.rucashk.com\\\/es\\\/producto\\\/sony-playstation-4-console\\\/\",\"name\":\"Sony PlayStation 4 Console - Rucas - Wholesale and Distribution\",\"description\":\"Adding HDR, a slimmer body and a new-look controller, Sony\\u2019s powerful Playstation 4 has become even more spectacular. Once you plug in this slick console, you\\u2019ll get immersive gaming at rapid speeds and with unprecedented visuals. Together with the remastered DualShock 4 controller, cross-compatible PS4 games and wealth of social capabilities, this is a behemoth of modern gaming.\",\"inLanguage\":\"es-ES\",\"isPartOf\":{\"@id\":\"https:\\\/\\\/www.rucashk.com\\\/es\\\/#website\"},\"breadcrumb\":{\"@id\":\"https:\\\/\\\/www.rucashk.com\\\/es\\\/producto\\\/sony-playstation-4-console\\\/#breadcrumblist\"},\"author\":{\"@id\":\"https:\\\/\\\/www.rucashk.com\\\/es\\\/author\\\/admin\\\/#author\"},\"creator\":{\"@id\":\"https:\\\/\\\/www.rucashk.com\\\/es\\\/author\\\/admin\\\/#author\"},\"image\":{\"@type\":\"ImageObject\",\"url\":\"https:\\\/\\\/www.rucashk.com\\\/wp-content\\\/uploads\\\/2024\\\/03\\\/Sony-PlayStation-4-Console.webp\",\"@id\":\"https:\\\/\\\/www.rucashk.com\\\/es\\\/producto\\\/sony-playstation-4-console\\\/#mainImage\",\"width\":640,\"height\":640},\"primaryImageOfPage\":{\"@id\":\"https:\\\/\\\/www.rucashk.com\\\/es\\\/producto\\\/sony-playstation-4-console\\\/#mainImage\"},\"datePublished\":\"2024-03-15T14:56:10+00:00\",\"dateModified\":\"2024-04-16T13:31:45+00:00\"},{\"@type\":\"WebSite\",\"@id\":\"https:\\\/\\\/www.rucashk.com\\\/es\\\/#website\",\"url\":\"https:\\\/\\\/www.rucashk.com\\\/es\\\/\",\"name\":\"Rucas - Wholesale and distribution worldwide\",\"alternateName\":\"Rucas - One-stop AIoT Distribution Worldwide\",\"description\":\"One-stop AIoT Distribution Worldwide\",\"inLanguage\":\"es-ES\",\"publisher\":{\"@id\":\"https:\\\/\\\/www.rucashk.com\\\/es\\\/#organization\"}}]}\n\t\t<\/script>\n\t\t<!-- All in One SEO Pro -->\r\n\t\t<title>Sony PlayStation 4 Console - Rucas - Wholesale and Distribution<\/title>\n\n","aioseo_head_json":{"title":"Sony PlayStation 4 Console - Rucas - Wholesale and Distribution","description":"Adding HDR, a slimmer body and a new-look controller, Sony\u2019s powerful Playstation 4 has become even more spectacular. Once you plug in this slick console, you\u2019ll get immersive gaming at rapid speeds and with unprecedented visuals. Together with the remastered DualShock 4 controller, cross-compatible PS4 games and wealth of social capabilities, this is a behemoth of modern gaming.","canonical_url":"https:\/\/www.rucashk.com\/es\/producto\/sony-playstation-4-console\/","robots":"max-image-preview:large","keywords":"","webmasterTools":{"miscellaneous":""},"og:locale":"es_ES","og:site_name":"Rucas - One-stop AIoT Distribution Worldwide","og:type":"article","og:title":"Sony PlayStation 4 Console - Rucas - Wholesale and Distribution","og:description":"Adding HDR, a slimmer body and a new-look controller, Sony\u2019s powerful Playstation 4 has become even more spectacular. Once you plug in this slick console, you\u2019ll get immersive gaming at rapid speeds and with unprecedented visuals. Together with the remastered DualShock 4 controller, cross-compatible PS4 games and wealth of social capabilities, this is a behemoth of modern gaming.","og:url":"https:\/\/www.rucashk.com\/es\/producto\/sony-playstation-4-console\/","og:image":"https:\/\/www.rucashk.com\/wp-content\/uploads\/replace\/503b8e645f128a97ccde2b6290747646.jpeg","og:image:secure_url":"https:\/\/www.rucashk.com\/wp-content\/uploads\/replace\/503b8e645f128a97ccde2b6290747646.jpeg","og:image:width":1456,"og:image:height":816,"article:published_time":"2024-03-15T14:56:10+00:00","article:modified_time":"2024-04-16T13:31:45+00:00","twitter:card":"summary_large_image","twitter:title":"Sony PlayStation 4 Console - Rucas - Wholesale and Distribution","twitter:description":"Adding HDR, a slimmer body and a new-look controller, Sony\u2019s powerful Playstation 4 has become even more spectacular. Once you plug in this slick console, you\u2019ll get immersive gaming at rapid speeds and with unprecedented visuals. Together with the remastered DualShock 4 controller, cross-compatible PS4 games and wealth of social capabilities, this is a behemoth of modern gaming.","twitter:image":"https:\/\/www.rucashk.com\/wp-content\/uploads\/replace\/503b8e645f128a97ccde2b6290747646.jpeg","schema":{"@context":"https:\/\/schema.org","@graph":[{"@type":"BreadcrumbList","@id":"https:\/\/www.rucashk.com\/es\/producto\/sony-playstation-4-console\/#breadcrumblist","itemListElement":[{"@type":"ListItem","@id":"https:\/\/www.rucashk.com\/es\/#listItem","position":1,"name":"Home","item":"https:\/\/www.rucashk.com\/es\/","nextItem":"https:\/\/www.rucashk.com\/es\/producto\/sony-playstation-4-console\/#listItem"},{"@type":"ListItem","@id":"https:\/\/www.rucashk.com\/es\/producto\/sony-playstation-4-console\/#listItem","position":2,"name":"Sony PlayStation 4 Console","previousItem":"https:\/\/www.rucashk.com\/es\/#listItem"}]},{"@type":"Organization","@id":"https:\/\/www.rucashk.com\/es\/#organization","name":"Rucas","url":"https:\/\/www.rucashk.com\/es\/","logo":{"@type":"ImageObject","url":"https:\/\/www.rucashk.com\/wp-content\/uploads\/2023\/12\/Rucas_campany_logo.png","@id":"https:\/\/www.rucashk.com\/es\/producto\/sony-playstation-4-console\/#organizationLogo","width":221,"height":65},"image":{"@id":"https:\/\/www.rucashk.com\/es\/#organizationLogo"}},{"@type":"Person","@id":"https:\/\/www.rucashk.com\/es\/author\/admin\/#author","url":"https:\/\/www.rucashk.com\/es\/author\/admin\/","name":"admin","image":{"@type":"ImageObject","@id":"https:\/\/www.rucashk.com\/es\/producto\/sony-playstation-4-console\/#authorImage","url":"https:\/\/secure.gravatar.com\/avatar\/b7c8925b09a27e72b30232f8ecaadbd5af0f70a38c78096863fe51b64f031c24?s=96&d=mm&r=g","width":96,"height":96,"caption":"admin"}},{"@type":"WebPage","@id":"https:\/\/www.rucashk.com\/es\/producto\/sony-playstation-4-console\/#webpage","url":"https:\/\/www.rucashk.com\/es\/producto\/sony-playstation-4-console\/","name":"Sony PlayStation 4 Console - Rucas - Wholesale and Distribution","description":"Adding HDR, a slimmer body and a new-look controller, Sony\u2019s powerful Playstation 4 has become even more spectacular. Once you plug in this slick console, you\u2019ll get immersive gaming at rapid speeds and with unprecedented visuals. Together with the remastered DualShock 4 controller, cross-compatible PS4 games and wealth of social capabilities, this is a behemoth of modern gaming.","inLanguage":"es-ES","isPartOf":{"@id":"https:\/\/www.rucashk.com\/es\/#website"},"breadcrumb":{"@id":"https:\/\/www.rucashk.com\/es\/producto\/sony-playstation-4-console\/#breadcrumblist"},"author":{"@id":"https:\/\/www.rucashk.com\/es\/author\/admin\/#author"},"creator":{"@id":"https:\/\/www.rucashk.com\/es\/author\/admin\/#author"},"image":{"@type":"ImageObject","url":"https:\/\/www.rucashk.com\/wp-content\/uploads\/2024\/03\/Sony-PlayStation-4-Console.webp","@id":"https:\/\/www.rucashk.com\/es\/producto\/sony-playstation-4-console\/#mainImage","width":640,"height":640},"primaryImageOfPage":{"@id":"https:\/\/www.rucashk.com\/es\/producto\/sony-playstation-4-console\/#mainImage"},"datePublished":"2024-03-15T14:56:10+00:00","dateModified":"2024-04-16T13:31:45+00:00"},{"@type":"WebSite","@id":"https:\/\/www.rucashk.com\/es\/#website","url":"https:\/\/www.rucashk.com\/es\/","name":"Rucas - Wholesale and distribution worldwide","alternateName":"Rucas - One-stop AIoT Distribution Worldwide","description":"One-stop AIoT Distribution Worldwide","inLanguage":"es-ES","publisher":{"@id":"https:\/\/www.rucashk.com\/es\/#organization"}}]}},"aioseo_meta_data":{"post_id":"37723","title":null,"description":null,"keywords":null,"keyphrases":null,"primary_term":null,"canonical_url":null,"og_title":null,"og_description":null,"og_object_type":"default","og_image_type":"default","og_image_url":null,"og_image_width":null,"og_image_height":null,"og_image_custom_url":null,"og_image_custom_fields":null,"og_video":null,"og_custom_url":null,"og_article_section":null,"og_article_tags":null,"twitter_use_og":false,"twitter_card":"default","twitter_image_type":"default","twitter_image_url":null,"twitter_image_custom_url":null,"twitter_image_custom_fields":null,"twitter_title":null,"twitter_description":null,"schema":{"blockGraphs":[],"customGraphs":[],"default":{"data":{"Article":[],"Course":[],"Dataset":[],"FAQPage":[],"Movie":[],"Person":[],"Product":[],"Recipe":[],"Service":[],"SoftwareApplication":[],"WebPage":[]},"graphName":"","isEnabled":true},"graphs":[]},"schema_type":"default","schema_type_options":null,"pillar_content":false,"robots_default":true,"robots_noindex":false,"robots_noarchive":false,"robots_nosnippet":false,"robots_nofollow":false,"robots_noimageindex":false,"robots_noodp":false,"robots_notranslate":false,"robots_max_snippet":null,"robots_max_videopreview":null,"robots_max_imagepreview":"large","priority":null,"frequency":null,"local_seo":null,"breadcrumb_settings":null,"limit_modified_date":false,"created":"2024-04-11 01:57:23","updated":"2025-06-22 18:46:54"},"aioseo_breadcrumb":"<div class=\"aioseo-breadcrumbs\"><span class=\"aioseo-breadcrumb\">\n\t<a href=\"https:\/\/www.rucashk.com\/es\" title=\"Home\">Home<\/a>\n<\/span><span class=\"aioseo-breadcrumb-separator\">&raquo;<\/span><span class=\"aioseo-breadcrumb\">\n\t<a href=\"https:\/\/www.rucashk.com\/es\/products\/\" title=\"Productos\">Productos<\/a>\n<\/span><span class=\"aioseo-breadcrumb-separator\">&raquo;<\/span><span class=\"aioseo-breadcrumb\">\n\t<a href=\"https:\/\/www.rucashk.com\/es\/marca\/sony\/\" title=\"Sony\">Sony<\/a>\n<\/span><span class=\"aioseo-breadcrumb-separator\">&raquo;<\/span><span class=\"aioseo-breadcrumb\">\n\tSony PlayStation 4 Console\n<\/span><\/div>","aioseo_breadcrumb_json":[{"label":"Home","link":"https:\/\/www.rucashk.com\/es"},{"label":"Productos","link":"https:\/\/www.rucashk.com\/es\/products\/"},{"label":"Sony","link":"https:\/\/www.rucashk.com\/es\/marca\/sony\/"},{"label":"Sony PlayStation 4 Console","link":"https:\/\/www.rucashk.com\/es\/producto\/sony-playstation-4-console\/"}],"_links":{"self":[{"href":"https:\/\/www.rucashk.com\/es\/wp-json\/wp\/v2\/product\/37723","targetHints":{"allow":["GET"]}}],"collection":[{"href":"https:\/\/www.rucashk.com\/es\/wp-json\/wp\/v2\/product"}],"about":[{"href":"https:\/\/www.rucashk.com\/es\/wp-json\/wp\/v2\/types\/product"}],"wp:featuredmedia":[{"embeddable":true,"href":"https:\/\/www.rucashk.com\/es\/wp-json\/wp\/v2\/media\/37725"}],"wp:attachment":[{"href":"https:\/\/www.rucashk.com\/es\/wp-json\/wp\/v2\/media?parent=37723"}],"wp:term":[{"taxonomy":"product_brand","embeddable":true,"href":"https:\/\/www.rucashk.com\/es\/wp-json\/wp\/v2\/product_brand?post=37723"},{"taxonomy":"product_cat","embeddable":true,"href":"https:\/\/www.rucashk.com\/es\/wp-json\/wp\/v2\/product_cat?post=37723"},{"taxonomy":"product_tag","embeddable":true,"href":"https:\/\/www.rucashk.com\/es\/wp-json\/wp\/v2\/product_tag?post=37723"}],"curies":[{"name":"wp","href":"https:\/\/api.w.org\/{rel}","templated":true}]}}