{"id":37709,"date":"2024-03-15T14:24:36","date_gmt":"2024-03-15T14:24:36","guid":{"rendered":"http:\/\/rucashk.com\/?post_type=product&#038;p=37709"},"modified":"2024-04-16T13:31:48","modified_gmt":"2024-04-16T13:31:48","slug":"nintendo-switch-oled-model-mario-red-edition","status":"publish","type":"product","link":"https:\/\/www.rucashk.com\/es\/producto\/nintendo-switch-oled-model-mario-red-edition\/","title":{"rendered":"Nintendo Switch\u2122 \u2013 Modelo OLED: Mario Red Edition"},"content":{"rendered":"<p><iframe width=\"1280\" height=\"720\" src=\"https:\/\/www.youtube.com\/embed\/yyjQUH7NvWI\" title=\"NUEVO Nintendo Switch OLED Mario Red Edition (Super Mario Bros. Wonder)\" frameborder=\"0\" allow=\"accelerometer; autoplay; clipboard-write; encrypted-media; gyroscope; picture-in-picture; web-share\" allowfullscreen><\/iframe><\/p>\n<p>Comienza tu aventura con un sistema inspirado en Mario<\/p>\n<p>Sum\u00e9rgete en un mundo de juegos con Nintendo Switch \u2013 Modelo OLED: sistema Mario Red Edition. El sistema cuenta con una consola, una base y controladores Joy-Con, todos en el ic\u00f3nico color Mario Red. Un dise\u00f1o de silueta de Mario entra en acci\u00f3n en la parte trasera del muelle. \u00a1Mira atentamente y tambi\u00e9n encontrar\u00e1s algunas monedas escondidas!<\/p>\n<p>Juega en casa o mientras viajas con una vibrante pantalla OLED<br \/>\nJuega en tu televisor en casa o juega en modo port\u00e1til en una vibrante pantalla OLED de 7 pulgadas con el sistema Nintendo Switch \u2013 Modelo OLED. El sistema tambi\u00e9n cuenta con 64 GB de almacenamiento interno (una parte del cual est\u00e1 reservada para uso del sistema), audio mejorado en los modos port\u00e1til y de mesa, un amplio soporte ajustable y una base con un puerto LAN con cable (el cable LAN se vende por separado). .<\/p>\n<p>Disfruta de tres modos en un solo sistema<br \/>\nModo TV: conecte su sistema al televisor usando la base incluida para disfrutar de una experiencia de juego tradicional en HD.<br \/>\nModo port\u00e1til: lleva tus juegos a tu pr\u00f3xima aventura de viaje y disfruta jugando en una pantalla OLED de 7 pulgadas que resalta los colores.<br \/>\nModo de mesa: utiliza el soporte ancho y ajustable para colocar la pantalla y desconecta los controladores Joy-Con incluidos para disfrutar del tiempo de juego incluso sin un televisor.<\/p>\n<p>Juegos para toda la familia<br \/>\nLos sistemas Nintendo Switch son el hogar de juegos como Super Mario Bros. Wonder, Mario Kart 8 Deluxe y muchos m\u00e1s protagonizados por Mario y sus amigos. \u00a1Y no te olvides de series como Animal Crossing, The Legend of Zelda, Splatoon, Pikmin y m\u00e1s!<\/p>\n<p>Con\u00e9ctate y juega juntos<br \/>\n\u00a1Comparte las sonrisas! Puedes hacer amigos en un sistema, vincular tus sistemas o jugar en l\u00ednea en tus favoritos multijugador como el juego Super Smash Bros. Ultimate.<\/p>\n<p>Controladores Joy-Con incluidos<br \/>\nLos dos controladores Joy-Con incluidos te permiten jugar juegos multijugador desde el primer momento; simplemente p\u00e1sale uno a un amigo y listo.<\/p>\n<p>Con\u00e9ctelos a la pantalla para el modo port\u00e1til o util\u00edcelos como un solo controlador cuando juegue en la pantalla grande. Adem\u00e1s, los controles de movimiento integrados realmente te sumergen en el juego en t\u00edtulos como Super Mario Party.<\/p>","protected":false},"excerpt":{"rendered":"<p><strong>Caracter\u00edsticas del producto:<\/strong><br \/>\nPantalla OLED v\u00edvida de 7\u2033.<br \/>\nElementos de dise\u00f1o inspirados en Mario.<br \/>\nTres modos de juego: TV, Sobremesa y Port\u00e1til.<br \/>\nControladores Joy-Con desmontables.<br \/>\nAlmacenamiento interno de 64 GB (una parte del cual est\u00e1 reservada para uso del sistema).<br \/>\nAudio mejorado en los modos port\u00e1til y de mesa.<br \/>\nAmplio soporte ajustable.<br \/>\nBase con puerto LAN con cable (el cable LAN se vende por separado).<br \/>\nNintendo Switch es el hogar de Mario y de m\u00e1s series familiares.<\/p>","protected":false},"featured_media":37713,"template":"","meta":[],"product_brand":[1359],"product_cat":[1286],"product_tag":[1360],"class_list":{"0":"post-37709","1":"product","2":"type-product","3":"status-publish","4":"has-post-thumbnail","6":"product_brand-nintendo","7":"product_cat-nintendo-console","8":"product_tag-console","10":"first","11":"instock","12":"shipping-taxable","13":"product-type-simple"},"aioseo_notices":[],"aioseo_head":"\n\t\t<!-- All in One SEO Pro 4.5.9.2 - aioseo.com -->\n\t\t<meta name=\"description\" content=\"Product Features\uff1a Vivid 7&quot; OLED screen. Design elements inspired by Mario. Three play modes: TV, Tabletop, and Handheld. Detachable Joy-Con controllers. 64 GB internal storage (a portion of which is reserved for use by the system). Enhanced audio in Handheld and Tabletop modes. Wide adjustable stand. Dock with wired LAN port (LAN cable sold separately). Nintendo Switch is the home of Mario and more family-friendly series.\" \/>\n\t\t<meta name=\"robots\" content=\"max-image-preview:large\" \/>\n\t\t<link rel=\"canonical\" href=\"https:\/\/www.rucashk.com\/es\/producto\/nintendo-switch-oled-model-mario-red-edition\/\" \/>\n\t\t<meta name=\"generator\" content=\"All in One SEO Pro (AIOSEO) 4.5.9.2\" \/>\n\t\t<meta property=\"og:locale\" content=\"es_ES\" \/>\n\t\t<meta property=\"og:site_name\" content=\"Rucas - One-stop AIoT Distribution Worldwide\" \/>\n\t\t<meta property=\"og:type\" content=\"article\" \/>\n\t\t<meta property=\"og:title\" content=\"Nintendo Switch\u2122 \u2013 OLED Model: Mario Red Edition - Rucas - Wholesale and Distribution\" \/>\n\t\t<meta property=\"og:description\" content=\"Product Features\uff1a Vivid 7&quot; OLED screen. Design elements inspired by Mario. Three play modes: TV, Tabletop, and Handheld. Detachable Joy-Con controllers. 64 GB internal storage (a portion of which is reserved for use by the system). Enhanced audio in Handheld and Tabletop modes. Wide adjustable stand. Dock with wired LAN port (LAN cable sold separately). Nintendo Switch is the home of Mario and more family-friendly series.\" \/>\n\t\t<meta property=\"og:url\" content=\"https:\/\/www.rucashk.com\/es\/producto\/nintendo-switch-oled-model-mario-red-edition\/\" \/>\n\t\t<meta property=\"og:image\" content=\"https:\/\/www.rucashk.com\/wp-content\/uploads\/replace\/503b8e645f128a97ccde2b6290747646.jpeg\" \/>\n\t\t<meta property=\"og:image:secure_url\" content=\"https:\/\/www.rucashk.com\/wp-content\/uploads\/replace\/503b8e645f128a97ccde2b6290747646.jpeg\" \/>\n\t\t<meta property=\"og:image:width\" content=\"1456\" \/>\n\t\t<meta property=\"og:image:height\" content=\"816\" \/>\n\t\t<meta property=\"article:published_time\" content=\"2024-03-15T14:24:36+00:00\" \/>\n\t\t<meta property=\"article:modified_time\" content=\"2024-04-16T13:31:48+00:00\" \/>\n\t\t<meta name=\"twitter:card\" content=\"summary_large_image\" \/>\n\t\t<meta name=\"twitter:title\" content=\"Nintendo Switch\u2122 \u2013 OLED Model: Mario Red Edition - Rucas - Wholesale and Distribution\" \/>\n\t\t<meta name=\"twitter:description\" content=\"Product Features\uff1a Vivid 7&quot; OLED screen. Design elements inspired by Mario. Three play modes: TV, Tabletop, and Handheld. Detachable Joy-Con controllers. 64 GB internal storage (a portion of which is reserved for use by the system). Enhanced audio in Handheld and Tabletop modes. Wide adjustable stand. Dock with wired LAN port (LAN cable sold separately). Nintendo Switch is the home of Mario and more family-friendly series.\" \/>\n\t\t<meta name=\"twitter:image\" content=\"https:\/\/www.rucashk.com\/wp-content\/uploads\/replace\/503b8e645f128a97ccde2b6290747646.jpeg\" \/>\n\t\t<script type=\"application\/ld+json\" class=\"aioseo-schema\">\n\t\t\t{\"@context\":\"https:\\\/\\\/schema.org\",\"@graph\":[{\"@type\":\"BreadcrumbList\",\"@id\":\"https:\\\/\\\/www.rucashk.com\\\/es\\\/producto\\\/nintendo-switch-oled-model-mario-red-edition\\\/#breadcrumblist\",\"itemListElement\":[{\"@type\":\"ListItem\",\"@id\":\"https:\\\/\\\/www.rucashk.com\\\/es\\\/#listItem\",\"position\":1,\"name\":\"Home\",\"item\":\"https:\\\/\\\/www.rucashk.com\\\/es\\\/\",\"nextItem\":\"https:\\\/\\\/www.rucashk.com\\\/es\\\/producto\\\/nintendo-switch-oled-model-mario-red-edition\\\/#listItem\"},{\"@type\":\"ListItem\",\"@id\":\"https:\\\/\\\/www.rucashk.com\\\/es\\\/producto\\\/nintendo-switch-oled-model-mario-red-edition\\\/#listItem\",\"position\":2,\"name\":\"Nintendo Switch\\u2122 \\u2013 OLED Model: Mario Red Edition\",\"previousItem\":\"https:\\\/\\\/www.rucashk.com\\\/es\\\/#listItem\"}]},{\"@type\":\"Organization\",\"@id\":\"https:\\\/\\\/www.rucashk.com\\\/es\\\/#organization\",\"name\":\"Rucas\",\"url\":\"https:\\\/\\\/www.rucashk.com\\\/es\\\/\",\"logo\":{\"@type\":\"ImageObject\",\"url\":\"https:\\\/\\\/www.rucashk.com\\\/wp-content\\\/uploads\\\/2023\\\/12\\\/Rucas_campany_logo.png\",\"@id\":\"https:\\\/\\\/www.rucashk.com\\\/es\\\/producto\\\/nintendo-switch-oled-model-mario-red-edition\\\/#organizationLogo\",\"width\":221,\"height\":65},\"image\":{\"@id\":\"https:\\\/\\\/www.rucashk.com\\\/es\\\/#organizationLogo\"}},{\"@type\":\"Person\",\"@id\":\"https:\\\/\\\/www.rucashk.com\\\/es\\\/author\\\/admin\\\/#author\",\"url\":\"https:\\\/\\\/www.rucashk.com\\\/es\\\/author\\\/admin\\\/\",\"name\":\"admin\",\"image\":{\"@type\":\"ImageObject\",\"@id\":\"https:\\\/\\\/www.rucashk.com\\\/es\\\/producto\\\/nintendo-switch-oled-model-mario-red-edition\\\/#authorImage\",\"url\":\"https:\\\/\\\/secure.gravatar.com\\\/avatar\\\/b7c8925b09a27e72b30232f8ecaadbd5af0f70a38c78096863fe51b64f031c24?s=96&d=mm&r=g\",\"width\":96,\"height\":96,\"caption\":\"admin\"}},{\"@type\":\"WebPage\",\"@id\":\"https:\\\/\\\/www.rucashk.com\\\/es\\\/producto\\\/nintendo-switch-oled-model-mario-red-edition\\\/#webpage\",\"url\":\"https:\\\/\\\/www.rucashk.com\\\/es\\\/producto\\\/nintendo-switch-oled-model-mario-red-edition\\\/\",\"name\":\"Nintendo Switch\\u2122 \\u2013 OLED Model: Mario Red Edition - Rucas - Wholesale and Distribution\",\"description\":\"Product Features\\uff1a Vivid 7\\\" OLED screen. Design elements inspired by Mario. Three play modes: TV, Tabletop, and Handheld. Detachable Joy-Con controllers. 64 GB internal storage (a portion of which is reserved for use by the system). Enhanced audio in Handheld and Tabletop modes. Wide adjustable stand. Dock with wired LAN port (LAN cable sold separately). Nintendo Switch is the home of Mario and more family-friendly series.\",\"inLanguage\":\"es-ES\",\"isPartOf\":{\"@id\":\"https:\\\/\\\/www.rucashk.com\\\/es\\\/#website\"},\"breadcrumb\":{\"@id\":\"https:\\\/\\\/www.rucashk.com\\\/es\\\/producto\\\/nintendo-switch-oled-model-mario-red-edition\\\/#breadcrumblist\"},\"author\":{\"@id\":\"https:\\\/\\\/www.rucashk.com\\\/es\\\/author\\\/admin\\\/#author\"},\"creator\":{\"@id\":\"https:\\\/\\\/www.rucashk.com\\\/es\\\/author\\\/admin\\\/#author\"},\"image\":{\"@type\":\"ImageObject\",\"url\":\"https:\\\/\\\/www.rucashk.com\\\/wp-content\\\/uploads\\\/2024\\\/03\\\/5aa7b27c-7d0b-4478-9b13-7fe31bc4979b.jpg\",\"@id\":\"https:\\\/\\\/www.rucashk.com\\\/es\\\/producto\\\/nintendo-switch-oled-model-mario-red-edition\\\/#mainImage\",\"width\":1500,\"height\":1500},\"primaryImageOfPage\":{\"@id\":\"https:\\\/\\\/www.rucashk.com\\\/es\\\/producto\\\/nintendo-switch-oled-model-mario-red-edition\\\/#mainImage\"},\"datePublished\":\"2024-03-15T14:24:36+00:00\",\"dateModified\":\"2024-04-16T13:31:48+00:00\"},{\"@type\":\"WebSite\",\"@id\":\"https:\\\/\\\/www.rucashk.com\\\/es\\\/#website\",\"url\":\"https:\\\/\\\/www.rucashk.com\\\/es\\\/\",\"name\":\"Rucas - Wholesale and distribution worldwide\",\"alternateName\":\"Rucas - One-stop AIoT Distribution Worldwide\",\"description\":\"One-stop AIoT Distribution Worldwide\",\"inLanguage\":\"es-ES\",\"publisher\":{\"@id\":\"https:\\\/\\\/www.rucashk.com\\\/es\\\/#organization\"}}]}\n\t\t<\/script>\n\t\t<!-- All in One SEO Pro -->\r\n\t\t<title>Nintendo Switch\u2122 \u2013 OLED Model: Mario Red Edition - Rucas - Wholesale and Distribution<\/title>\n\n","aioseo_head_json":{"title":"Nintendo Switch\u2122 \u2013 OLED Model: Mario Red Edition - Rucas - Wholesale and Distribution","description":"Product Features\uff1a Vivid 7\" OLED screen. Design elements inspired by Mario. Three play modes: TV, Tabletop, and Handheld. Detachable Joy-Con controllers. 64 GB internal storage (a portion of which is reserved for use by the system). Enhanced audio in Handheld and Tabletop modes. Wide adjustable stand. Dock with wired LAN port (LAN cable sold separately). Nintendo Switch is the home of Mario and more family-friendly series.","canonical_url":"https:\/\/www.rucashk.com\/es\/producto\/nintendo-switch-oled-model-mario-red-edition\/","robots":"max-image-preview:large","keywords":"","webmasterTools":{"miscellaneous":""},"og:locale":"es_ES","og:site_name":"Rucas - One-stop AIoT Distribution Worldwide","og:type":"article","og:title":"Nintendo Switch\u2122 \u2013 OLED Model: Mario Red Edition - Rucas - Wholesale and Distribution","og:description":"Product Features\uff1a Vivid 7&quot; OLED screen. Design elements inspired by Mario. Three play modes: TV, Tabletop, and Handheld. Detachable Joy-Con controllers. 64 GB internal storage (a portion of which is reserved for use by the system). Enhanced audio in Handheld and Tabletop modes. Wide adjustable stand. Dock with wired LAN port (LAN cable sold separately). Nintendo Switch is the home of Mario and more family-friendly series.","og:url":"https:\/\/www.rucashk.com\/es\/producto\/nintendo-switch-oled-model-mario-red-edition\/","og:image":"https:\/\/www.rucashk.com\/wp-content\/uploads\/replace\/503b8e645f128a97ccde2b6290747646.jpeg","og:image:secure_url":"https:\/\/www.rucashk.com\/wp-content\/uploads\/replace\/503b8e645f128a97ccde2b6290747646.jpeg","og:image:width":1456,"og:image:height":816,"article:published_time":"2024-03-15T14:24:36+00:00","article:modified_time":"2024-04-16T13:31:48+00:00","twitter:card":"summary_large_image","twitter:title":"Nintendo Switch\u2122 \u2013 OLED Model: Mario Red Edition - Rucas - Wholesale and Distribution","twitter:description":"Product Features\uff1a Vivid 7&quot; OLED screen. Design elements inspired by Mario. Three play modes: TV, Tabletop, and Handheld. Detachable Joy-Con controllers. 64 GB internal storage (a portion of which is reserved for use by the system). Enhanced audio in Handheld and Tabletop modes. Wide adjustable stand. Dock with wired LAN port (LAN cable sold separately). Nintendo Switch is the home of Mario and more family-friendly series.","twitter:image":"https:\/\/www.rucashk.com\/wp-content\/uploads\/replace\/503b8e645f128a97ccde2b6290747646.jpeg","schema":{"@context":"https:\/\/schema.org","@graph":[{"@type":"BreadcrumbList","@id":"https:\/\/www.rucashk.com\/es\/producto\/nintendo-switch-oled-model-mario-red-edition\/#breadcrumblist","itemListElement":[{"@type":"ListItem","@id":"https:\/\/www.rucashk.com\/es\/#listItem","position":1,"name":"Home","item":"https:\/\/www.rucashk.com\/es\/","nextItem":"https:\/\/www.rucashk.com\/es\/producto\/nintendo-switch-oled-model-mario-red-edition\/#listItem"},{"@type":"ListItem","@id":"https:\/\/www.rucashk.com\/es\/producto\/nintendo-switch-oled-model-mario-red-edition\/#listItem","position":2,"name":"Nintendo Switch\u2122 \u2013 OLED Model: Mario Red Edition","previousItem":"https:\/\/www.rucashk.com\/es\/#listItem"}]},{"@type":"Organization","@id":"https:\/\/www.rucashk.com\/es\/#organization","name":"Rucas","url":"https:\/\/www.rucashk.com\/es\/","logo":{"@type":"ImageObject","url":"https:\/\/www.rucashk.com\/wp-content\/uploads\/2023\/12\/Rucas_campany_logo.png","@id":"https:\/\/www.rucashk.com\/es\/producto\/nintendo-switch-oled-model-mario-red-edition\/#organizationLogo","width":221,"height":65},"image":{"@id":"https:\/\/www.rucashk.com\/es\/#organizationLogo"}},{"@type":"Person","@id":"https:\/\/www.rucashk.com\/es\/author\/admin\/#author","url":"https:\/\/www.rucashk.com\/es\/author\/admin\/","name":"admin","image":{"@type":"ImageObject","@id":"https:\/\/www.rucashk.com\/es\/producto\/nintendo-switch-oled-model-mario-red-edition\/#authorImage","url":"https:\/\/secure.gravatar.com\/avatar\/b7c8925b09a27e72b30232f8ecaadbd5af0f70a38c78096863fe51b64f031c24?s=96&d=mm&r=g","width":96,"height":96,"caption":"admin"}},{"@type":"WebPage","@id":"https:\/\/www.rucashk.com\/es\/producto\/nintendo-switch-oled-model-mario-red-edition\/#webpage","url":"https:\/\/www.rucashk.com\/es\/producto\/nintendo-switch-oled-model-mario-red-edition\/","name":"Nintendo Switch\u2122 \u2013 OLED Model: Mario Red Edition - Rucas - Wholesale and Distribution","description":"Product Features\uff1a Vivid 7\" OLED screen. Design elements inspired by Mario. Three play modes: TV, Tabletop, and Handheld. Detachable Joy-Con controllers. 64 GB internal storage (a portion of which is reserved for use by the system). Enhanced audio in Handheld and Tabletop modes. Wide adjustable stand. Dock with wired LAN port (LAN cable sold separately). Nintendo Switch is the home of Mario and more family-friendly series.","inLanguage":"es-ES","isPartOf":{"@id":"https:\/\/www.rucashk.com\/es\/#website"},"breadcrumb":{"@id":"https:\/\/www.rucashk.com\/es\/producto\/nintendo-switch-oled-model-mario-red-edition\/#breadcrumblist"},"author":{"@id":"https:\/\/www.rucashk.com\/es\/author\/admin\/#author"},"creator":{"@id":"https:\/\/www.rucashk.com\/es\/author\/admin\/#author"},"image":{"@type":"ImageObject","url":"https:\/\/www.rucashk.com\/wp-content\/uploads\/2024\/03\/5aa7b27c-7d0b-4478-9b13-7fe31bc4979b.jpg","@id":"https:\/\/www.rucashk.com\/es\/producto\/nintendo-switch-oled-model-mario-red-edition\/#mainImage","width":1500,"height":1500},"primaryImageOfPage":{"@id":"https:\/\/www.rucashk.com\/es\/producto\/nintendo-switch-oled-model-mario-red-edition\/#mainImage"},"datePublished":"2024-03-15T14:24:36+00:00","dateModified":"2024-04-16T13:31:48+00:00"},{"@type":"WebSite","@id":"https:\/\/www.rucashk.com\/es\/#website","url":"https:\/\/www.rucashk.com\/es\/","name":"Rucas - Wholesale and distribution worldwide","alternateName":"Rucas - One-stop AIoT Distribution Worldwide","description":"One-stop AIoT Distribution Worldwide","inLanguage":"es-ES","publisher":{"@id":"https:\/\/www.rucashk.com\/es\/#organization"}}]}},"aioseo_meta_data":{"post_id":"37709","title":null,"description":null,"keywords":null,"keyphrases":null,"primary_term":null,"canonical_url":null,"og_title":null,"og_description":null,"og_object_type":"default","og_image_type":"default","og_image_url":null,"og_image_width":null,"og_image_height":null,"og_image_custom_url":null,"og_image_custom_fields":null,"og_video":null,"og_custom_url":null,"og_article_section":null,"og_article_tags":null,"twitter_use_og":false,"twitter_card":"default","twitter_image_type":"default","twitter_image_url":null,"twitter_image_custom_url":null,"twitter_image_custom_fields":null,"twitter_title":null,"twitter_description":null,"schema":{"blockGraphs":[],"customGraphs":[],"default":{"data":{"Article":[],"Course":[],"Dataset":[],"FAQPage":[],"Movie":[],"Person":[],"Product":[],"Recipe":[],"Service":[],"SoftwareApplication":[],"WebPage":[]},"graphName":"","isEnabled":true},"graphs":[]},"schema_type":"default","schema_type_options":null,"pillar_content":false,"robots_default":true,"robots_noindex":false,"robots_noarchive":false,"robots_nosnippet":false,"robots_nofollow":false,"robots_noimageindex":false,"robots_noodp":false,"robots_notranslate":false,"robots_max_snippet":null,"robots_max_videopreview":null,"robots_max_imagepreview":"large","priority":null,"frequency":null,"local_seo":null,"breadcrumb_settings":null,"limit_modified_date":false,"created":"2024-04-11 01:57:23","updated":"2025-06-22 18:46:54"},"aioseo_breadcrumb":"<div class=\"aioseo-breadcrumbs\"><span class=\"aioseo-breadcrumb\">\n\t<a href=\"https:\/\/www.rucashk.com\/es\" title=\"Home\">Home<\/a>\n<\/span><span class=\"aioseo-breadcrumb-separator\">&raquo;<\/span><span class=\"aioseo-breadcrumb\">\n\t<a href=\"https:\/\/www.rucashk.com\/es\/products\/\" title=\"Productos\">Productos<\/a>\n<\/span><span class=\"aioseo-breadcrumb-separator\">&raquo;<\/span><span class=\"aioseo-breadcrumb\">\n\t<a href=\"https:\/\/www.rucashk.com\/es\/marca\/nintendo\/\" title=\"Nintendo\">Nintendo<\/a>\n<\/span><span class=\"aioseo-breadcrumb-separator\">&raquo;<\/span><span class=\"aioseo-breadcrumb\">\n\tNintendo Switch\u2122 \u2013 OLED Model: Mario Red Edition\n<\/span><\/div>","aioseo_breadcrumb_json":[{"label":"Home","link":"https:\/\/www.rucashk.com\/es"},{"label":"Productos","link":"https:\/\/www.rucashk.com\/es\/products\/"},{"label":"Nintendo","link":"https:\/\/www.rucashk.com\/es\/marca\/nintendo\/"},{"label":"Nintendo Switch\u2122 \u2013 OLED Model: Mario Red Edition","link":"https:\/\/www.rucashk.com\/es\/producto\/nintendo-switch-oled-model-mario-red-edition\/"}],"_links":{"self":[{"href":"https:\/\/www.rucashk.com\/es\/wp-json\/wp\/v2\/product\/37709","targetHints":{"allow":["GET"]}}],"collection":[{"href":"https:\/\/www.rucashk.com\/es\/wp-json\/wp\/v2\/product"}],"about":[{"href":"https:\/\/www.rucashk.com\/es\/wp-json\/wp\/v2\/types\/product"}],"wp:featuredmedia":[{"embeddable":true,"href":"https:\/\/www.rucashk.com\/es\/wp-json\/wp\/v2\/media\/37713"}],"wp:attachment":[{"href":"https:\/\/www.rucashk.com\/es\/wp-json\/wp\/v2\/media?parent=37709"}],"wp:term":[{"taxonomy":"product_brand","embeddable":true,"href":"https:\/\/www.rucashk.com\/es\/wp-json\/wp\/v2\/product_brand?post=37709"},{"taxonomy":"product_cat","embeddable":true,"href":"https:\/\/www.rucashk.com\/es\/wp-json\/wp\/v2\/product_cat?post=37709"},{"taxonomy":"product_tag","embeddable":true,"href":"https:\/\/www.rucashk.com\/es\/wp-json\/wp\/v2\/product_tag?post=37709"}],"curies":[{"name":"wp","href":"https:\/\/api.w.org\/{rel}","templated":true}]}}