{"id":37629,"date":"2024-03-14T12:53:48","date_gmt":"2024-03-14T12:53:48","guid":{"rendered":"http:\/\/rucashk.com\/?post_type=product&#038;p=37629"},"modified":"2024-04-16T13:33:02","modified_gmt":"2024-04-16T13:33:02","slug":"jbl-boombox-3-portable-speaker","status":"publish","type":"product","link":"https:\/\/www.rucashk.com\/es\/producto\/jbl-boombox-3-portable-speaker\/","title":{"rendered":"Altavoz port\u00e1til JBL Boombox 3"},"content":{"rendered":"<div class=\"expanded-feature -lifestyle not-in-view\">\n<div class=\"imagery\"><img decoding=\"async\" class=\"aligncenter\" src=\"\/wp-content\/uploads\/replace\/869df92c6d56232c9682a10e14ffcf32.png\" alt=\"Massive sound and deepest bass\" data-src=\"\/on\/demandware.static\/-\/Sites-masterCatalog_Harman\/default\/dw6e0d10a4\/pdp\/JBL_Boombox_3_Lifestyle02_904x560px.png\" \/><\/div>\n<div class=\"copy\" style=\"text-align: center;\">\n<h3>Sonido masivo y graves m\u00e1s profundos<\/h3>\n<p>Disfruta de tu m\u00fasica con el enorme JBL Original Pro Sound. Los nuevos parlantes de 3 v\u00edas brindan una mayor sensibilidad de nuestro dise\u00f1o ac\u00fastico, agudizan la claridad y reducen la distorsi\u00f3n para lograr graves monstruosos y un espectro de audio rico, sin importar qu\u00e9 tan alto suba el volumen.<\/p>\n<\/div>\n<\/div>\n<div class=\"expanded-feature -lifestyle in-view\" style=\"text-align: center;\">\n<div class=\"imagery\"><img decoding=\"async\" src=\"\/wp-content\/uploads\/replace\/b73a15dc1333bbbb3c66e107c357e6c6.png\" alt=\"24 hours of play time\" data-src=\"\/on\/demandware.static\/-\/Sites-masterCatalog_Harman\/default\/dw6b872926\/pdp\/JBL_Boombox_3_Lifestyle01_904x560px.png\" \/><\/div>\n<div class=\"copy\">\n<h3>24 horas de juego<\/h3>\n<p>Celebra cada momento con los sonidos que amas. Desde tu entrenamiento temprano en la ma\u00f1ana hasta una reuni\u00f3n nocturna con amigos, hemos agregado 24 horas de duraci\u00f3n de la bater\u00eda para mantenerte en tu elemento todo el d\u00eda.<\/p>\n<\/div>\n<\/div>\n<div class=\"expanded-feature -lifestyle in-view\">\n<div class=\"imagery\"><img decoding=\"async\" class=\"aligncenter\" src=\"\/wp-content\/uploads\/replace\/d0d4c70e9c810d503529ae005bdd37ea.png\" alt=\"IP67 dust and water proof\" data-src=\"\/on\/demandware.static\/-\/Sites-masterCatalog_Harman\/default\/dw75353581\/pdp\/JBL_Boombox_3_Lifestyle03_904x560px.png\" \/><\/div>\n<\/div>\n<div><\/div>\n<div>\n<p>CALIDAD DE SONIDO CREADA PARA DURAR<br \/>\nEl Boombox 3 est\u00e1 anclado en una construcci\u00f3n s\u00f3lida, con caracter\u00edsticas que incluyen un mango de metal, materiales impermeables y empu\u00f1aduras de silicona. Con su tela libre de polvo y agua, su altavoz tampoco se ver\u00e1 afectado por los elementos. Experimente una salida de alta calidad con refuerzo de graves como ninguna otra, gracias a la nueva combinaci\u00f3n exclusiva de subwoofer, rango medio y tweeters del Boombox 3. Adem\u00e1s, dada su portabilidad, podr\u00e1s llevar tu altavoz a donde quiera que vayas.<\/p>\n<p>COMPARTE TU SONIDO CON JBL PORT\u00c1TIL<br \/>\nPodr\u00e1s compartir y conectar tus parlantes con otras personas a trav\u00e9s de la aplicaci\u00f3n port\u00e1til de JBL. Una funci\u00f3n PartyBoost te permitir\u00e1 sincronizar con otros modelos compatibles para crear una mezcla est\u00e9reo o simplemente subir el volumen. Tambi\u00e9n tendr\u00e1s acceso a una opci\u00f3n de personalizaci\u00f3n de EQ, que te permitir\u00e1 controlar la salida de tu altavoz directamente desde tu tel\u00e9fono. Y con las actualizaciones de software y soporte de producto disponibles, siempre tendr\u00e1s tu altavoz actualizado con el firmware m\u00e1s reciente.<\/p>\n<p>24 HORAS DE AUDIO JBL SIN PARAR<br \/>\nCon una bater\u00eda de iones de litio de 10,000 mAh, el Boombox 3 produce 24 horas de reproducci\u00f3n continua, lo que te permite escuchar todo el d\u00eda sin preocuparte por mantener la carga. El Boombox 3 tambi\u00e9n cuenta con un tiempo de espera de 6,5 horas hasta que la bater\u00eda est\u00e9 llena, lo que te permite cargarlo f\u00e1cilmente durante la noche o mientras no lo est\u00e1s usando, lo que garantiza otras 24 horas de reproducci\u00f3n la pr\u00f3xima vez que lo enciendas.<\/p>\n<\/div>","protected":false},"excerpt":{"rendered":"<p>Acabamos de mejorar a\u00fan m\u00e1s nuestro altavoz Bluetooth port\u00e1til m\u00e1s potente. La silueta ic\u00f3nica del JBL Boombox 3 tiene una nueva y audaz actualizaci\u00f3n que presenta un mango de metal resistente con agarres de silicona, tapas laterales dobles y una tela exclusiva impermeable y a prueba de polvo. Tambi\u00e9n se ha redise\u00f1ado el interior y se le ha agregado un nuevo subwoofer que libera unos graves mucho m\u00e1s profundos y un enorme JBL Original Pro Sound, todo con menor distorsi\u00f3n. Y 24 horas de juego te llevar\u00e1n desde tu entrenamiento matutino hasta una salida nocturna con tus amigos. Y para disfrutar de un sonido pr\u00e1cticamente ilimitado, conecte instant\u00e1neamente varios altavoces con la aplicaci\u00f3n JBL Portable.<\/p>","protected":false},"featured_media":37633,"template":"","meta":[],"product_brand":[1354],"product_cat":[1285],"product_tag":[1357],"class_list":{"0":"post-37629","1":"product","2":"type-product","3":"status-publish","4":"has-post-thumbnail","6":"product_brand-jbl","7":"product_cat-jbl-speaker","8":"product_tag-speaker","10":"first","11":"instock","12":"shipping-taxable","13":"product-type-simple"},"aioseo_notices":[],"aioseo_head":"\n\t\t<!-- All in One SEO Pro 4.5.9.2 - aioseo.com -->\n\t\t<meta name=\"description\" content=\"We just made our most powerful portable Bluetooth speaker even better. The iconic silhouette of the JBL Boombox 3 has a bold new update featuring a sturdy metal handle with silicone grips, twin sidecaps, and waterproof and dustproof signature fabric. It\u2019s been redesigned inside too, added with a new subwoofer unleashing much deeper bass and massive JBL Original Pro Sound, all with lower distortion. And 24 hours of play time takes you all the way from your morning workout to a late-night hang with your friends. And for sound that\u2019s practically limitless, instantly connect multiple speakers with the JBL Portable app.\" \/>\n\t\t<meta name=\"robots\" content=\"max-image-preview:large\" \/>\n\t\t<link rel=\"canonical\" href=\"https:\/\/www.rucashk.com\/es\/producto\/jbl-boombox-3-portable-speaker\/\" \/>\n\t\t<meta name=\"generator\" content=\"All in One SEO Pro (AIOSEO) 4.5.9.2\" \/>\n\t\t<meta property=\"og:locale\" content=\"es_ES\" \/>\n\t\t<meta property=\"og:site_name\" content=\"Rucas - One-stop AIoT Distribution Worldwide\" \/>\n\t\t<meta property=\"og:type\" content=\"article\" \/>\n\t\t<meta property=\"og:title\" content=\"JBL Boombox 3 Portable Speaker - Rucas - Wholesale and Distribution\" \/>\n\t\t<meta property=\"og:description\" content=\"We just made our most powerful portable Bluetooth speaker even better. The iconic silhouette of the JBL Boombox 3 has a bold new update featuring a sturdy metal handle with silicone grips, twin sidecaps, and waterproof and dustproof signature fabric. It\u2019s been redesigned inside too, added with a new subwoofer unleashing much deeper bass and massive JBL Original Pro Sound, all with lower distortion. And 24 hours of play time takes you all the way from your morning workout to a late-night hang with your friends. And for sound that\u2019s practically limitless, instantly connect multiple speakers with the JBL Portable app.\" \/>\n\t\t<meta property=\"og:url\" content=\"https:\/\/www.rucashk.com\/es\/producto\/jbl-boombox-3-portable-speaker\/\" \/>\n\t\t<meta property=\"og:image\" content=\"https:\/\/www.rucashk.com\/wp-content\/uploads\/replace\/503b8e645f128a97ccde2b6290747646.jpeg\" \/>\n\t\t<meta property=\"og:image:secure_url\" content=\"https:\/\/www.rucashk.com\/wp-content\/uploads\/replace\/503b8e645f128a97ccde2b6290747646.jpeg\" \/>\n\t\t<meta property=\"og:image:width\" content=\"1456\" \/>\n\t\t<meta property=\"og:image:height\" content=\"816\" \/>\n\t\t<meta property=\"article:published_time\" content=\"2024-03-14T12:53:48+00:00\" \/>\n\t\t<meta property=\"article:modified_time\" content=\"2024-04-16T13:33:02+00:00\" \/>\n\t\t<meta name=\"twitter:card\" content=\"summary_large_image\" \/>\n\t\t<meta name=\"twitter:title\" content=\"JBL Boombox 3 Portable Speaker - Rucas - Wholesale and Distribution\" \/>\n\t\t<meta name=\"twitter:description\" content=\"We just made our most powerful portable Bluetooth speaker even better. The iconic silhouette of the JBL Boombox 3 has a bold new update featuring a sturdy metal handle with silicone grips, twin sidecaps, and waterproof and dustproof signature fabric. It\u2019s been redesigned inside too, added with a new subwoofer unleashing much deeper bass and massive JBL Original Pro Sound, all with lower distortion. And 24 hours of play time takes you all the way from your morning workout to a late-night hang with your friends. And for sound that\u2019s practically limitless, instantly connect multiple speakers with the JBL Portable app.\" \/>\n\t\t<meta name=\"twitter:image\" content=\"https:\/\/www.rucashk.com\/wp-content\/uploads\/replace\/503b8e645f128a97ccde2b6290747646.jpeg\" \/>\n\t\t<script type=\"application\/ld+json\" class=\"aioseo-schema\">\n\t\t\t{\"@context\":\"https:\\\/\\\/schema.org\",\"@graph\":[{\"@type\":\"BreadcrumbList\",\"@id\":\"https:\\\/\\\/www.rucashk.com\\\/es\\\/producto\\\/jbl-boombox-3-portable-speaker\\\/#breadcrumblist\",\"itemListElement\":[{\"@type\":\"ListItem\",\"@id\":\"https:\\\/\\\/www.rucashk.com\\\/es\\\/#listItem\",\"position\":1,\"name\":\"Home\",\"item\":\"https:\\\/\\\/www.rucashk.com\\\/es\\\/\",\"nextItem\":\"https:\\\/\\\/www.rucashk.com\\\/es\\\/producto\\\/jbl-boombox-3-portable-speaker\\\/#listItem\"},{\"@type\":\"ListItem\",\"@id\":\"https:\\\/\\\/www.rucashk.com\\\/es\\\/producto\\\/jbl-boombox-3-portable-speaker\\\/#listItem\",\"position\":2,\"name\":\"JBL Boombox 3 Portable Speaker\",\"previousItem\":\"https:\\\/\\\/www.rucashk.com\\\/es\\\/#listItem\"}]},{\"@type\":\"Organization\",\"@id\":\"https:\\\/\\\/www.rucashk.com\\\/es\\\/#organization\",\"name\":\"Rucas\",\"url\":\"https:\\\/\\\/www.rucashk.com\\\/es\\\/\",\"logo\":{\"@type\":\"ImageObject\",\"url\":\"https:\\\/\\\/www.rucashk.com\\\/wp-content\\\/uploads\\\/2023\\\/12\\\/Rucas_campany_logo.png\",\"@id\":\"https:\\\/\\\/www.rucashk.com\\\/es\\\/producto\\\/jbl-boombox-3-portable-speaker\\\/#organizationLogo\",\"width\":221,\"height\":65},\"image\":{\"@id\":\"https:\\\/\\\/www.rucashk.com\\\/es\\\/#organizationLogo\"}},{\"@type\":\"Person\",\"@id\":\"https:\\\/\\\/www.rucashk.com\\\/es\\\/author\\\/admin\\\/#author\",\"url\":\"https:\\\/\\\/www.rucashk.com\\\/es\\\/author\\\/admin\\\/\",\"name\":\"admin\",\"image\":{\"@type\":\"ImageObject\",\"@id\":\"https:\\\/\\\/www.rucashk.com\\\/es\\\/producto\\\/jbl-boombox-3-portable-speaker\\\/#authorImage\",\"url\":\"https:\\\/\\\/secure.gravatar.com\\\/avatar\\\/b7c8925b09a27e72b30232f8ecaadbd5af0f70a38c78096863fe51b64f031c24?s=96&d=mm&r=g\",\"width\":96,\"height\":96,\"caption\":\"admin\"}},{\"@type\":\"WebPage\",\"@id\":\"https:\\\/\\\/www.rucashk.com\\\/es\\\/producto\\\/jbl-boombox-3-portable-speaker\\\/#webpage\",\"url\":\"https:\\\/\\\/www.rucashk.com\\\/es\\\/producto\\\/jbl-boombox-3-portable-speaker\\\/\",\"name\":\"JBL Boombox 3 Portable Speaker - Rucas - Wholesale and Distribution\",\"description\":\"We just made our most powerful portable Bluetooth speaker even better. The iconic silhouette of the JBL Boombox 3 has a bold new update featuring a sturdy metal handle with silicone grips, twin sidecaps, and waterproof and dustproof signature fabric. It\\u2019s been redesigned inside too, added with a new subwoofer unleashing much deeper bass and massive JBL Original Pro Sound, all with lower distortion. And 24 hours of play time takes you all the way from your morning workout to a late-night hang with your friends. And for sound that\\u2019s practically limitless, instantly connect multiple speakers with the JBL Portable app.\",\"inLanguage\":\"es-ES\",\"isPartOf\":{\"@id\":\"https:\\\/\\\/www.rucashk.com\\\/es\\\/#website\"},\"breadcrumb\":{\"@id\":\"https:\\\/\\\/www.rucashk.com\\\/es\\\/producto\\\/jbl-boombox-3-portable-speaker\\\/#breadcrumblist\"},\"author\":{\"@id\":\"https:\\\/\\\/www.rucashk.com\\\/es\\\/author\\\/admin\\\/#author\"},\"creator\":{\"@id\":\"https:\\\/\\\/www.rucashk.com\\\/es\\\/author\\\/admin\\\/#author\"},\"image\":{\"@type\":\"ImageObject\",\"url\":\"https:\\\/\\\/www.rucashk.com\\\/wp-content\\\/uploads\\\/2024\\\/03\\\/34ddabcc-90a1-413d-b336-66bcc3db090b.png\",\"@id\":\"https:\\\/\\\/www.rucashk.com\\\/es\\\/producto\\\/jbl-boombox-3-portable-speaker\\\/#mainImage\",\"width\":1605,\"height\":1605},\"primaryImageOfPage\":{\"@id\":\"https:\\\/\\\/www.rucashk.com\\\/es\\\/producto\\\/jbl-boombox-3-portable-speaker\\\/#mainImage\"},\"datePublished\":\"2024-03-14T12:53:48+00:00\",\"dateModified\":\"2024-04-16T13:33:02+00:00\"},{\"@type\":\"WebSite\",\"@id\":\"https:\\\/\\\/www.rucashk.com\\\/es\\\/#website\",\"url\":\"https:\\\/\\\/www.rucashk.com\\\/es\\\/\",\"name\":\"Rucas - Wholesale and distribution worldwide\",\"alternateName\":\"Rucas - One-stop AIoT Distribution Worldwide\",\"description\":\"One-stop AIoT Distribution Worldwide\",\"inLanguage\":\"es-ES\",\"publisher\":{\"@id\":\"https:\\\/\\\/www.rucashk.com\\\/es\\\/#organization\"}}]}\n\t\t<\/script>\n\t\t<!-- All in One SEO Pro -->\r\n\t\t<title>JBL Boombox 3 Portable Speaker - Rucas - Wholesale and Distribution<\/title>\n\n","aioseo_head_json":{"title":"JBL Boombox 3 Portable Speaker - Rucas - Wholesale and Distribution","description":"We just made our most powerful portable Bluetooth speaker even better. The iconic silhouette of the JBL Boombox 3 has a bold new update featuring a sturdy metal handle with silicone grips, twin sidecaps, and waterproof and dustproof signature fabric. It\u2019s been redesigned inside too, added with a new subwoofer unleashing much deeper bass and massive JBL Original Pro Sound, all with lower distortion. And 24 hours of play time takes you all the way from your morning workout to a late-night hang with your friends. And for sound that\u2019s practically limitless, instantly connect multiple speakers with the JBL Portable app.","canonical_url":"https:\/\/www.rucashk.com\/es\/producto\/jbl-boombox-3-portable-speaker\/","robots":"max-image-preview:large","keywords":"","webmasterTools":{"miscellaneous":""},"og:locale":"es_ES","og:site_name":"Rucas - One-stop AIoT Distribution Worldwide","og:type":"article","og:title":"JBL Boombox 3 Portable Speaker - Rucas - Wholesale and Distribution","og:description":"We just made our most powerful portable Bluetooth speaker even better. The iconic silhouette of the JBL Boombox 3 has a bold new update featuring a sturdy metal handle with silicone grips, twin sidecaps, and waterproof and dustproof signature fabric. It\u2019s been redesigned inside too, added with a new subwoofer unleashing much deeper bass and massive JBL Original Pro Sound, all with lower distortion. And 24 hours of play time takes you all the way from your morning workout to a late-night hang with your friends. And for sound that\u2019s practically limitless, instantly connect multiple speakers with the JBL Portable app.","og:url":"https:\/\/www.rucashk.com\/es\/producto\/jbl-boombox-3-portable-speaker\/","og:image":"https:\/\/www.rucashk.com\/wp-content\/uploads\/replace\/503b8e645f128a97ccde2b6290747646.jpeg","og:image:secure_url":"https:\/\/www.rucashk.com\/wp-content\/uploads\/replace\/503b8e645f128a97ccde2b6290747646.jpeg","og:image:width":1456,"og:image:height":816,"article:published_time":"2024-03-14T12:53:48+00:00","article:modified_time":"2024-04-16T13:33:02+00:00","twitter:card":"summary_large_image","twitter:title":"JBL Boombox 3 Portable Speaker - Rucas - Wholesale and Distribution","twitter:description":"We just made our most powerful portable Bluetooth speaker even better. The iconic silhouette of the JBL Boombox 3 has a bold new update featuring a sturdy metal handle with silicone grips, twin sidecaps, and waterproof and dustproof signature fabric. It\u2019s been redesigned inside too, added with a new subwoofer unleashing much deeper bass and massive JBL Original Pro Sound, all with lower distortion. And 24 hours of play time takes you all the way from your morning workout to a late-night hang with your friends. And for sound that\u2019s practically limitless, instantly connect multiple speakers with the JBL Portable app.","twitter:image":"https:\/\/www.rucashk.com\/wp-content\/uploads\/replace\/503b8e645f128a97ccde2b6290747646.jpeg","schema":{"@context":"https:\/\/schema.org","@graph":[{"@type":"BreadcrumbList","@id":"https:\/\/www.rucashk.com\/es\/producto\/jbl-boombox-3-portable-speaker\/#breadcrumblist","itemListElement":[{"@type":"ListItem","@id":"https:\/\/www.rucashk.com\/es\/#listItem","position":1,"name":"Home","item":"https:\/\/www.rucashk.com\/es\/","nextItem":"https:\/\/www.rucashk.com\/es\/producto\/jbl-boombox-3-portable-speaker\/#listItem"},{"@type":"ListItem","@id":"https:\/\/www.rucashk.com\/es\/producto\/jbl-boombox-3-portable-speaker\/#listItem","position":2,"name":"JBL Boombox 3 Portable Speaker","previousItem":"https:\/\/www.rucashk.com\/es\/#listItem"}]},{"@type":"Organization","@id":"https:\/\/www.rucashk.com\/es\/#organization","name":"Rucas","url":"https:\/\/www.rucashk.com\/es\/","logo":{"@type":"ImageObject","url":"https:\/\/www.rucashk.com\/wp-content\/uploads\/2023\/12\/Rucas_campany_logo.png","@id":"https:\/\/www.rucashk.com\/es\/producto\/jbl-boombox-3-portable-speaker\/#organizationLogo","width":221,"height":65},"image":{"@id":"https:\/\/www.rucashk.com\/es\/#organizationLogo"}},{"@type":"Person","@id":"https:\/\/www.rucashk.com\/es\/author\/admin\/#author","url":"https:\/\/www.rucashk.com\/es\/author\/admin\/","name":"admin","image":{"@type":"ImageObject","@id":"https:\/\/www.rucashk.com\/es\/producto\/jbl-boombox-3-portable-speaker\/#authorImage","url":"https:\/\/secure.gravatar.com\/avatar\/b7c8925b09a27e72b30232f8ecaadbd5af0f70a38c78096863fe51b64f031c24?s=96&d=mm&r=g","width":96,"height":96,"caption":"admin"}},{"@type":"WebPage","@id":"https:\/\/www.rucashk.com\/es\/producto\/jbl-boombox-3-portable-speaker\/#webpage","url":"https:\/\/www.rucashk.com\/es\/producto\/jbl-boombox-3-portable-speaker\/","name":"JBL Boombox 3 Portable Speaker - Rucas - Wholesale and Distribution","description":"We just made our most powerful portable Bluetooth speaker even better. The iconic silhouette of the JBL Boombox 3 has a bold new update featuring a sturdy metal handle with silicone grips, twin sidecaps, and waterproof and dustproof signature fabric. It\u2019s been redesigned inside too, added with a new subwoofer unleashing much deeper bass and massive JBL Original Pro Sound, all with lower distortion. And 24 hours of play time takes you all the way from your morning workout to a late-night hang with your friends. And for sound that\u2019s practically limitless, instantly connect multiple speakers with the JBL Portable app.","inLanguage":"es-ES","isPartOf":{"@id":"https:\/\/www.rucashk.com\/es\/#website"},"breadcrumb":{"@id":"https:\/\/www.rucashk.com\/es\/producto\/jbl-boombox-3-portable-speaker\/#breadcrumblist"},"author":{"@id":"https:\/\/www.rucashk.com\/es\/author\/admin\/#author"},"creator":{"@id":"https:\/\/www.rucashk.com\/es\/author\/admin\/#author"},"image":{"@type":"ImageObject","url":"https:\/\/www.rucashk.com\/wp-content\/uploads\/2024\/03\/34ddabcc-90a1-413d-b336-66bcc3db090b.png","@id":"https:\/\/www.rucashk.com\/es\/producto\/jbl-boombox-3-portable-speaker\/#mainImage","width":1605,"height":1605},"primaryImageOfPage":{"@id":"https:\/\/www.rucashk.com\/es\/producto\/jbl-boombox-3-portable-speaker\/#mainImage"},"datePublished":"2024-03-14T12:53:48+00:00","dateModified":"2024-04-16T13:33:02+00:00"},{"@type":"WebSite","@id":"https:\/\/www.rucashk.com\/es\/#website","url":"https:\/\/www.rucashk.com\/es\/","name":"Rucas - Wholesale and distribution worldwide","alternateName":"Rucas - One-stop AIoT Distribution Worldwide","description":"One-stop AIoT Distribution Worldwide","inLanguage":"es-ES","publisher":{"@id":"https:\/\/www.rucashk.com\/es\/#organization"}}]}},"aioseo_meta_data":{"post_id":"37629","title":null,"description":null,"keywords":null,"keyphrases":null,"primary_term":null,"canonical_url":null,"og_title":null,"og_description":null,"og_object_type":"default","og_image_type":"default","og_image_url":null,"og_image_width":null,"og_image_height":null,"og_image_custom_url":null,"og_image_custom_fields":null,"og_video":null,"og_custom_url":null,"og_article_section":null,"og_article_tags":null,"twitter_use_og":false,"twitter_card":"default","twitter_image_type":"default","twitter_image_url":null,"twitter_image_custom_url":null,"twitter_image_custom_fields":null,"twitter_title":null,"twitter_description":null,"schema":{"blockGraphs":[],"customGraphs":[],"default":{"data":{"Article":[],"Course":[],"Dataset":[],"FAQPage":[],"Movie":[],"Person":[],"Product":[],"Recipe":[],"Service":[],"SoftwareApplication":[],"WebPage":[]},"graphName":"","isEnabled":true},"graphs":[]},"schema_type":"default","schema_type_options":null,"pillar_content":false,"robots_default":true,"robots_noindex":false,"robots_noarchive":false,"robots_nosnippet":false,"robots_nofollow":false,"robots_noimageindex":false,"robots_noodp":false,"robots_notranslate":false,"robots_max_snippet":null,"robots_max_videopreview":null,"robots_max_imagepreview":"large","priority":null,"frequency":null,"local_seo":null,"breadcrumb_settings":null,"limit_modified_date":false,"created":"2024-04-11 01:57:23","updated":"2025-06-22 18:45:54"},"aioseo_breadcrumb":"<div class=\"aioseo-breadcrumbs\"><span class=\"aioseo-breadcrumb\">\n\t<a href=\"https:\/\/www.rucashk.com\/es\" title=\"Home\">Home<\/a>\n<\/span><span class=\"aioseo-breadcrumb-separator\">&raquo;<\/span><span class=\"aioseo-breadcrumb\">\n\t<a href=\"https:\/\/www.rucashk.com\/es\/products\/\" title=\"Productos\">Productos<\/a>\n<\/span><span class=\"aioseo-breadcrumb-separator\">&raquo;<\/span><span class=\"aioseo-breadcrumb\">\n\t<a href=\"https:\/\/www.rucashk.com\/es\/marca\/jbl\/\" title=\"JBL\">JBL<\/a>\n<\/span><span class=\"aioseo-breadcrumb-separator\">&raquo;<\/span><span class=\"aioseo-breadcrumb\">\n\tJBL Boombox 3 Portable Speaker\n<\/span><\/div>","aioseo_breadcrumb_json":[{"label":"Home","link":"https:\/\/www.rucashk.com\/es"},{"label":"Productos","link":"https:\/\/www.rucashk.com\/es\/products\/"},{"label":"JBL","link":"https:\/\/www.rucashk.com\/es\/marca\/jbl\/"},{"label":"JBL Boombox 3 Portable Speaker","link":"https:\/\/www.rucashk.com\/es\/producto\/jbl-boombox-3-portable-speaker\/"}],"_links":{"self":[{"href":"https:\/\/www.rucashk.com\/es\/wp-json\/wp\/v2\/product\/37629","targetHints":{"allow":["GET"]}}],"collection":[{"href":"https:\/\/www.rucashk.com\/es\/wp-json\/wp\/v2\/product"}],"about":[{"href":"https:\/\/www.rucashk.com\/es\/wp-json\/wp\/v2\/types\/product"}],"wp:featuredmedia":[{"embeddable":true,"href":"https:\/\/www.rucashk.com\/es\/wp-json\/wp\/v2\/media\/37633"}],"wp:attachment":[{"href":"https:\/\/www.rucashk.com\/es\/wp-json\/wp\/v2\/media?parent=37629"}],"wp:term":[{"taxonomy":"product_brand","embeddable":true,"href":"https:\/\/www.rucashk.com\/es\/wp-json\/wp\/v2\/product_brand?post=37629"},{"taxonomy":"product_cat","embeddable":true,"href":"https:\/\/www.rucashk.com\/es\/wp-json\/wp\/v2\/product_cat?post=37629"},{"taxonomy":"product_tag","embeddable":true,"href":"https:\/\/www.rucashk.com\/es\/wp-json\/wp\/v2\/product_tag?post=37629"}],"curies":[{"name":"wp","href":"https:\/\/api.w.org\/{rel}","templated":true}]}}