{"id":37598,"date":"2024-03-13T15:49:18","date_gmt":"2024-03-13T15:49:18","guid":{"rendered":"http:\/\/rucashk.com\/?post_type=product&#038;p=37598"},"modified":"2024-04-16T13:31:40","modified_gmt":"2024-04-16T13:31:40","slug":"jbl-clip-4-ultra-portable-waterproof-speaker","status":"publish","type":"product","link":"https:\/\/www.rucashk.com\/es\/producto\/jbl-clip-4-ultra-portable-waterproof-speaker\/","title":{"rendered":"Altavoz impermeable ultraport\u00e1til JBL Clip 4"},"content":{"rendered":"<div class=\"expanded-feature -lifestyle not-in-view\">\n<div class=\"imagery\"><img decoding=\"async\" class=\"aligncenter\" src=\"\/wp-content\/uploads\/replace\/176263d4db887abc4b8181e192acf117.png\" alt=\"Rich JBL Original Pro Sound\" data-src=\"\/on\/demandware.static\/-\/Sites-masterCatalog_Harman\/default\/dwebf0a5cb\/pdp\/JBL_CLIP4_LIFESTYLE01_904x560px.png\" \/><\/div>\n<div class=\"copy\" style=\"text-align: center;\">\n<h3>Rico sonido profesional original de JBL<\/h3>\n<p>JBL Pro Sound ofrece un audio sorprendentemente rico y graves potentes desde el tama\u00f1o compacto del Clip 4.<\/p>\n<\/div>\n<\/div>\n<div class=\"expanded-feature -lifestyle in-view\" style=\"text-align: center;\">\n<div class=\"imagery\"><img decoding=\"async\" src=\"\/wp-content\/uploads\/replace\/4588c97bba5b9886f92f36bd2c71b757.png\" alt=\"Bold style and ultra-portable design\" data-src=\"\/on\/demandware.static\/-\/Sites-masterCatalog_Harman\/default\/dw59e57943\/pdp\/JBL_CLIP4_LIFESTYLE02_904x560px.png\" \/><\/div>\n<div class=\"copy\">\n<h3>Estilo atrevido y dise\u00f1o ultraport\u00e1til<\/h3>\n<p>El dise\u00f1o ultraport\u00e1til del JBL Clip 4 combina muy bien con los \u00faltimos estilos, y sus telas coloridas y detalles expresivos hacen que se vea tan bien como suena.<\/p>\n<\/div>\n<\/div>\n<div class=\"expanded-feature -lifestyle in-view\">\n<div class=\"imagery\" style=\"text-align: center;\"><img decoding=\"async\" src=\"\/wp-content\/uploads\/replace\/719a1a77e2e936ab6bf578fc604f5bb5.png\" alt=\"Upgraded integrated carabiner\" data-src=\"\/on\/demandware.static\/-\/Sites-masterCatalog_Harman\/default\/dw06c33f7c\/pdp\/JBL_CLIP4_LIFESTYLE03_904x560px.png\" \/><\/div>\n<\/div>\n<div><\/div>\n<div>\n<p>SONIDO PRO ORIGINAL JBL RICO<br \/>\nJBL Pro Sound ofrece un audio sorprendentemente rico, graves potentes y un sonido n\u00edtido desde el tama\u00f1o compacto del Clip 4, ideal para los amantes de la m\u00fasica exigentes en movimiento.<\/p>\n<p>ESTILO ATREVIDO Y DISE\u00d1O ULTRAPORT\u00c1TIL<br \/>\nEl dise\u00f1o mini ultraport\u00e1til del JBL Clip 4 combina muy bien con los \u00faltimos estilos, y sus telas coloridas y detalles expresivos hacen que se vea tan bien como suena.<\/p>\n<p>MOSQUET\u00d3N INTEGRADO MEJORADO<br \/>\nCon su mosquet\u00f3n redise\u00f1ado integrado en el altavoz para mayor protecci\u00f3n, el JBL Clip 4 es perfecto para aventuras en movimiento. Simplemente col\u00f3quelo en un cintur\u00f3n, correa o hebilla y explore el mundo con su m\u00fasica.<\/p>\n<p>IP67 IMPERMEABLE Y A PRUEBA DE POLVO<br \/>\nA la piscina. Al parque. JBL Clip 4 es resistente al agua y al polvo IP67, por lo que puede llevar su altavoz a cualquier lugar.<\/p>\n<p>TRANSMISI\u00d3N INAL\u00c1MBRICA POR BLUETOOTH<br \/>\nTransmita m\u00fasica de forma inal\u00e1mbrica desde su tel\u00e9fono, tableta o cualquier otro dispositivo con Bluetooth.<\/p>\n<p>10 HORAS DE DURACI\u00d3N DE LA BATER\u00cdA<br \/>\nNo se preocupe por cosas peque\u00f1as como cargar la bater\u00eda. JBL Clip 4 te ofrece hasta 10 horas de reproducci\u00f3n con una sola carga.<\/p>\n<p>OPCIONES DE COLORES VIBRANTES<br \/>\nJBL Clip 4 presenta combinaciones de colores exclusivas inspiradas en las \u00faltimas tendencias de la moda urbana, presentando tonos y combinaciones completamente nuevos.<\/p>\n<\/div>\n<div class=\"expanded-feature -lifestyle in-view\">\n<p style=\"text-align: center;\">\n<\/div>","protected":false},"excerpt":{"rendered":"<p>Fresco, port\u00e1til y resistente al agua. El JBL Clip 4, de aspecto fresco y vibrante, ofrece un sonido JBL Original Pro sorprendentemente rico en un paquete compacto. La forma ovalada \u00fanica se adapta f\u00e1cilmente a la mano. Totalmente envuelto en telas coloridas con detalles expresivos inspirados en la moda urbana actual, es f\u00e1cil combinar con tu estilo. El mosquet\u00f3n totalmente integrado se engancha instant\u00e1neamente a bolsos, cinturones o hebillas para llevar sus canciones favoritas a cualquier lugar. Resistente al agua, al polvo y con hasta 10 horas de reproducci\u00f3n, es lo suficientemente resistente como para acompa\u00f1arte dondequiera que explores.<\/p>","protected":false},"featured_media":37609,"template":"","meta":[],"product_brand":[1354],"product_cat":[1285],"product_tag":[1357],"class_list":{"0":"post-37598","1":"product","2":"type-product","3":"status-publish","4":"has-post-thumbnail","6":"product_brand-jbl","7":"product_cat-jbl-speaker","8":"product_tag-speaker","10":"first","11":"instock","12":"shipping-taxable","13":"product-type-simple"},"aioseo_notices":[],"aioseo_head":"\n\t\t<!-- All in One SEO Pro 4.5.9.2 - aioseo.com -->\n\t\t<meta name=\"description\" content=\"Cool, portable, and waterproof. The vibrant fresh looking JBL Clip 4 delivers surprisingly rich JBL Original Pro Sound in a compact package. The unique oval shape fits easy in your hand. Fully wrapped in colorful fabrics with expressive details inspired by current street fashion, it\u2019s easy to match your style. The fully integrated carabiner hooks instantly to bags, belts, or buckles, to bring your favorite tunes anywhere. Waterproof, dustproof, and up to 10 hours of playtime, it\u2019s rugged enough to tag along wherever you explore.\" \/>\n\t\t<meta name=\"robots\" content=\"max-image-preview:large\" \/>\n\t\t<link rel=\"canonical\" href=\"https:\/\/www.rucashk.com\/es\/producto\/jbl-clip-4-ultra-portable-waterproof-speaker\/\" \/>\n\t\t<meta name=\"generator\" content=\"All in One SEO Pro (AIOSEO) 4.5.9.2\" \/>\n\t\t<meta property=\"og:locale\" content=\"es_ES\" \/>\n\t\t<meta property=\"og:site_name\" content=\"Rucas - One-stop AIoT Distribution Worldwide\" \/>\n\t\t<meta property=\"og:type\" content=\"article\" \/>\n\t\t<meta property=\"og:title\" content=\"JBL Clip 4 Ultra-portable Waterproof Speaker - Rucas - Wholesale and Distribution\" \/>\n\t\t<meta property=\"og:description\" content=\"Cool, portable, and waterproof. The vibrant fresh looking JBL Clip 4 delivers surprisingly rich JBL Original Pro Sound in a compact package. The unique oval shape fits easy in your hand. Fully wrapped in colorful fabrics with expressive details inspired by current street fashion, it\u2019s easy to match your style. The fully integrated carabiner hooks instantly to bags, belts, or buckles, to bring your favorite tunes anywhere. Waterproof, dustproof, and up to 10 hours of playtime, it\u2019s rugged enough to tag along wherever you explore.\" \/>\n\t\t<meta property=\"og:url\" content=\"https:\/\/www.rucashk.com\/es\/producto\/jbl-clip-4-ultra-portable-waterproof-speaker\/\" \/>\n\t\t<meta property=\"og:image\" content=\"https:\/\/www.rucashk.com\/wp-content\/uploads\/replace\/503b8e645f128a97ccde2b6290747646.jpeg\" \/>\n\t\t<meta property=\"og:image:secure_url\" content=\"https:\/\/www.rucashk.com\/wp-content\/uploads\/replace\/503b8e645f128a97ccde2b6290747646.jpeg\" \/>\n\t\t<meta property=\"og:image:width\" content=\"1456\" \/>\n\t\t<meta property=\"og:image:height\" content=\"816\" \/>\n\t\t<meta property=\"article:published_time\" content=\"2024-03-13T15:49:18+00:00\" \/>\n\t\t<meta property=\"article:modified_time\" content=\"2024-04-16T13:31:40+00:00\" \/>\n\t\t<meta name=\"twitter:card\" content=\"summary_large_image\" \/>\n\t\t<meta name=\"twitter:title\" content=\"JBL Clip 4 Ultra-portable Waterproof Speaker - Rucas - Wholesale and Distribution\" \/>\n\t\t<meta name=\"twitter:description\" content=\"Cool, portable, and waterproof. The vibrant fresh looking JBL Clip 4 delivers surprisingly rich JBL Original Pro Sound in a compact package. The unique oval shape fits easy in your hand. Fully wrapped in colorful fabrics with expressive details inspired by current street fashion, it\u2019s easy to match your style. The fully integrated carabiner hooks instantly to bags, belts, or buckles, to bring your favorite tunes anywhere. Waterproof, dustproof, and up to 10 hours of playtime, it\u2019s rugged enough to tag along wherever you explore.\" \/>\n\t\t<meta name=\"twitter:image\" content=\"https:\/\/www.rucashk.com\/wp-content\/uploads\/replace\/503b8e645f128a97ccde2b6290747646.jpeg\" \/>\n\t\t<script type=\"application\/ld+json\" class=\"aioseo-schema\">\n\t\t\t{\"@context\":\"https:\\\/\\\/schema.org\",\"@graph\":[{\"@type\":\"BreadcrumbList\",\"@id\":\"https:\\\/\\\/www.rucashk.com\\\/es\\\/producto\\\/jbl-clip-4-ultra-portable-waterproof-speaker\\\/#breadcrumblist\",\"itemListElement\":[{\"@type\":\"ListItem\",\"@id\":\"https:\\\/\\\/www.rucashk.com\\\/es\\\/#listItem\",\"position\":1,\"name\":\"Home\",\"item\":\"https:\\\/\\\/www.rucashk.com\\\/es\\\/\",\"nextItem\":\"https:\\\/\\\/www.rucashk.com\\\/es\\\/producto\\\/jbl-clip-4-ultra-portable-waterproof-speaker\\\/#listItem\"},{\"@type\":\"ListItem\",\"@id\":\"https:\\\/\\\/www.rucashk.com\\\/es\\\/producto\\\/jbl-clip-4-ultra-portable-waterproof-speaker\\\/#listItem\",\"position\":2,\"name\":\"JBL Clip 4 Ultra-portable Waterproof Speaker\",\"previousItem\":\"https:\\\/\\\/www.rucashk.com\\\/es\\\/#listItem\"}]},{\"@type\":\"Organization\",\"@id\":\"https:\\\/\\\/www.rucashk.com\\\/es\\\/#organization\",\"name\":\"Rucas\",\"url\":\"https:\\\/\\\/www.rucashk.com\\\/es\\\/\",\"logo\":{\"@type\":\"ImageObject\",\"url\":\"https:\\\/\\\/www.rucashk.com\\\/wp-content\\\/uploads\\\/2023\\\/12\\\/Rucas_campany_logo.png\",\"@id\":\"https:\\\/\\\/www.rucashk.com\\\/es\\\/producto\\\/jbl-clip-4-ultra-portable-waterproof-speaker\\\/#organizationLogo\",\"width\":221,\"height\":65},\"image\":{\"@id\":\"https:\\\/\\\/www.rucashk.com\\\/es\\\/#organizationLogo\"}},{\"@type\":\"Person\",\"@id\":\"https:\\\/\\\/www.rucashk.com\\\/es\\\/author\\\/admin\\\/#author\",\"url\":\"https:\\\/\\\/www.rucashk.com\\\/es\\\/author\\\/admin\\\/\",\"name\":\"admin\",\"image\":{\"@type\":\"ImageObject\",\"@id\":\"https:\\\/\\\/www.rucashk.com\\\/es\\\/producto\\\/jbl-clip-4-ultra-portable-waterproof-speaker\\\/#authorImage\",\"url\":\"https:\\\/\\\/secure.gravatar.com\\\/avatar\\\/b7c8925b09a27e72b30232f8ecaadbd5af0f70a38c78096863fe51b64f031c24?s=96&d=mm&r=g\",\"width\":96,\"height\":96,\"caption\":\"admin\"}},{\"@type\":\"WebPage\",\"@id\":\"https:\\\/\\\/www.rucashk.com\\\/es\\\/producto\\\/jbl-clip-4-ultra-portable-waterproof-speaker\\\/#webpage\",\"url\":\"https:\\\/\\\/www.rucashk.com\\\/es\\\/producto\\\/jbl-clip-4-ultra-portable-waterproof-speaker\\\/\",\"name\":\"JBL Clip 4 Ultra-portable Waterproof Speaker - Rucas - Wholesale and Distribution\",\"description\":\"Cool, portable, and waterproof. The vibrant fresh looking JBL Clip 4 delivers surprisingly rich JBL Original Pro Sound in a compact package. The unique oval shape fits easy in your hand. Fully wrapped in colorful fabrics with expressive details inspired by current street fashion, it\\u2019s easy to match your style. The fully integrated carabiner hooks instantly to bags, belts, or buckles, to bring your favorite tunes anywhere. Waterproof, dustproof, and up to 10 hours of playtime, it\\u2019s rugged enough to tag along wherever you explore.\",\"inLanguage\":\"es-ES\",\"isPartOf\":{\"@id\":\"https:\\\/\\\/www.rucashk.com\\\/es\\\/#website\"},\"breadcrumb\":{\"@id\":\"https:\\\/\\\/www.rucashk.com\\\/es\\\/producto\\\/jbl-clip-4-ultra-portable-waterproof-speaker\\\/#breadcrumblist\"},\"author\":{\"@id\":\"https:\\\/\\\/www.rucashk.com\\\/es\\\/author\\\/admin\\\/#author\"},\"creator\":{\"@id\":\"https:\\\/\\\/www.rucashk.com\\\/es\\\/author\\\/admin\\\/#author\"},\"image\":{\"@type\":\"ImageObject\",\"url\":\"https:\\\/\\\/www.rucashk.com\\\/wp-content\\\/uploads\\\/2024\\\/03\\\/e3f0481a-d9bd-4051-8de8-b4527cdf377a.png\",\"@id\":\"https:\\\/\\\/www.rucashk.com\\\/es\\\/producto\\\/jbl-clip-4-ultra-portable-waterproof-speaker\\\/#mainImage\",\"width\":625,\"height\":850},\"primaryImageOfPage\":{\"@id\":\"https:\\\/\\\/www.rucashk.com\\\/es\\\/producto\\\/jbl-clip-4-ultra-portable-waterproof-speaker\\\/#mainImage\"},\"datePublished\":\"2024-03-13T15:49:18+00:00\",\"dateModified\":\"2024-04-16T13:31:40+00:00\"},{\"@type\":\"WebSite\",\"@id\":\"https:\\\/\\\/www.rucashk.com\\\/es\\\/#website\",\"url\":\"https:\\\/\\\/www.rucashk.com\\\/es\\\/\",\"name\":\"Rucas - Wholesale and distribution worldwide\",\"alternateName\":\"Rucas - One-stop AIoT Distribution Worldwide\",\"description\":\"One-stop AIoT Distribution Worldwide\",\"inLanguage\":\"es-ES\",\"publisher\":{\"@id\":\"https:\\\/\\\/www.rucashk.com\\\/es\\\/#organization\"}}]}\n\t\t<\/script>\n\t\t<!-- All in One SEO Pro -->\r\n\t\t<title>JBL Clip 4 Ultra-portable Waterproof Speaker - Rucas - Wholesale and Distribution<\/title>\n\n","aioseo_head_json":{"title":"JBL Clip 4 Ultra-portable Waterproof Speaker - Rucas - Wholesale and Distribution","description":"Cool, portable, and waterproof. The vibrant fresh looking JBL Clip 4 delivers surprisingly rich JBL Original Pro Sound in a compact package. The unique oval shape fits easy in your hand. Fully wrapped in colorful fabrics with expressive details inspired by current street fashion, it\u2019s easy to match your style. The fully integrated carabiner hooks instantly to bags, belts, or buckles, to bring your favorite tunes anywhere. Waterproof, dustproof, and up to 10 hours of playtime, it\u2019s rugged enough to tag along wherever you explore.","canonical_url":"https:\/\/www.rucashk.com\/es\/producto\/jbl-clip-4-ultra-portable-waterproof-speaker\/","robots":"max-image-preview:large","keywords":"","webmasterTools":{"miscellaneous":""},"og:locale":"es_ES","og:site_name":"Rucas - One-stop AIoT Distribution Worldwide","og:type":"article","og:title":"JBL Clip 4 Ultra-portable Waterproof Speaker - Rucas - Wholesale and Distribution","og:description":"Cool, portable, and waterproof. The vibrant fresh looking JBL Clip 4 delivers surprisingly rich JBL Original Pro Sound in a compact package. The unique oval shape fits easy in your hand. Fully wrapped in colorful fabrics with expressive details inspired by current street fashion, it\u2019s easy to match your style. The fully integrated carabiner hooks instantly to bags, belts, or buckles, to bring your favorite tunes anywhere. Waterproof, dustproof, and up to 10 hours of playtime, it\u2019s rugged enough to tag along wherever you explore.","og:url":"https:\/\/www.rucashk.com\/es\/producto\/jbl-clip-4-ultra-portable-waterproof-speaker\/","og:image":"https:\/\/www.rucashk.com\/wp-content\/uploads\/replace\/503b8e645f128a97ccde2b6290747646.jpeg","og:image:secure_url":"https:\/\/www.rucashk.com\/wp-content\/uploads\/replace\/503b8e645f128a97ccde2b6290747646.jpeg","og:image:width":1456,"og:image:height":816,"article:published_time":"2024-03-13T15:49:18+00:00","article:modified_time":"2024-04-16T13:31:40+00:00","twitter:card":"summary_large_image","twitter:title":"JBL Clip 4 Ultra-portable Waterproof Speaker - Rucas - Wholesale and Distribution","twitter:description":"Cool, portable, and waterproof. The vibrant fresh looking JBL Clip 4 delivers surprisingly rich JBL Original Pro Sound in a compact package. The unique oval shape fits easy in your hand. Fully wrapped in colorful fabrics with expressive details inspired by current street fashion, it\u2019s easy to match your style. The fully integrated carabiner hooks instantly to bags, belts, or buckles, to bring your favorite tunes anywhere. Waterproof, dustproof, and up to 10 hours of playtime, it\u2019s rugged enough to tag along wherever you explore.","twitter:image":"https:\/\/www.rucashk.com\/wp-content\/uploads\/replace\/503b8e645f128a97ccde2b6290747646.jpeg","schema":{"@context":"https:\/\/schema.org","@graph":[{"@type":"BreadcrumbList","@id":"https:\/\/www.rucashk.com\/es\/producto\/jbl-clip-4-ultra-portable-waterproof-speaker\/#breadcrumblist","itemListElement":[{"@type":"ListItem","@id":"https:\/\/www.rucashk.com\/es\/#listItem","position":1,"name":"Home","item":"https:\/\/www.rucashk.com\/es\/","nextItem":"https:\/\/www.rucashk.com\/es\/producto\/jbl-clip-4-ultra-portable-waterproof-speaker\/#listItem"},{"@type":"ListItem","@id":"https:\/\/www.rucashk.com\/es\/producto\/jbl-clip-4-ultra-portable-waterproof-speaker\/#listItem","position":2,"name":"JBL Clip 4 Ultra-portable Waterproof Speaker","previousItem":"https:\/\/www.rucashk.com\/es\/#listItem"}]},{"@type":"Organization","@id":"https:\/\/www.rucashk.com\/es\/#organization","name":"Rucas","url":"https:\/\/www.rucashk.com\/es\/","logo":{"@type":"ImageObject","url":"https:\/\/www.rucashk.com\/wp-content\/uploads\/2023\/12\/Rucas_campany_logo.png","@id":"https:\/\/www.rucashk.com\/es\/producto\/jbl-clip-4-ultra-portable-waterproof-speaker\/#organizationLogo","width":221,"height":65},"image":{"@id":"https:\/\/www.rucashk.com\/es\/#organizationLogo"}},{"@type":"Person","@id":"https:\/\/www.rucashk.com\/es\/author\/admin\/#author","url":"https:\/\/www.rucashk.com\/es\/author\/admin\/","name":"admin","image":{"@type":"ImageObject","@id":"https:\/\/www.rucashk.com\/es\/producto\/jbl-clip-4-ultra-portable-waterproof-speaker\/#authorImage","url":"https:\/\/secure.gravatar.com\/avatar\/b7c8925b09a27e72b30232f8ecaadbd5af0f70a38c78096863fe51b64f031c24?s=96&d=mm&r=g","width":96,"height":96,"caption":"admin"}},{"@type":"WebPage","@id":"https:\/\/www.rucashk.com\/es\/producto\/jbl-clip-4-ultra-portable-waterproof-speaker\/#webpage","url":"https:\/\/www.rucashk.com\/es\/producto\/jbl-clip-4-ultra-portable-waterproof-speaker\/","name":"JBL Clip 4 Ultra-portable Waterproof Speaker - Rucas - Wholesale and Distribution","description":"Cool, portable, and waterproof. The vibrant fresh looking JBL Clip 4 delivers surprisingly rich JBL Original Pro Sound in a compact package. The unique oval shape fits easy in your hand. Fully wrapped in colorful fabrics with expressive details inspired by current street fashion, it\u2019s easy to match your style. The fully integrated carabiner hooks instantly to bags, belts, or buckles, to bring your favorite tunes anywhere. Waterproof, dustproof, and up to 10 hours of playtime, it\u2019s rugged enough to tag along wherever you explore.","inLanguage":"es-ES","isPartOf":{"@id":"https:\/\/www.rucashk.com\/es\/#website"},"breadcrumb":{"@id":"https:\/\/www.rucashk.com\/es\/producto\/jbl-clip-4-ultra-portable-waterproof-speaker\/#breadcrumblist"},"author":{"@id":"https:\/\/www.rucashk.com\/es\/author\/admin\/#author"},"creator":{"@id":"https:\/\/www.rucashk.com\/es\/author\/admin\/#author"},"image":{"@type":"ImageObject","url":"https:\/\/www.rucashk.com\/wp-content\/uploads\/2024\/03\/e3f0481a-d9bd-4051-8de8-b4527cdf377a.png","@id":"https:\/\/www.rucashk.com\/es\/producto\/jbl-clip-4-ultra-portable-waterproof-speaker\/#mainImage","width":625,"height":850},"primaryImageOfPage":{"@id":"https:\/\/www.rucashk.com\/es\/producto\/jbl-clip-4-ultra-portable-waterproof-speaker\/#mainImage"},"datePublished":"2024-03-13T15:49:18+00:00","dateModified":"2024-04-16T13:31:40+00:00"},{"@type":"WebSite","@id":"https:\/\/www.rucashk.com\/es\/#website","url":"https:\/\/www.rucashk.com\/es\/","name":"Rucas - Wholesale and distribution worldwide","alternateName":"Rucas - One-stop AIoT Distribution Worldwide","description":"One-stop AIoT Distribution Worldwide","inLanguage":"es-ES","publisher":{"@id":"https:\/\/www.rucashk.com\/es\/#organization"}}]}},"aioseo_meta_data":{"post_id":"37598","title":null,"description":null,"keywords":null,"keyphrases":null,"primary_term":null,"canonical_url":null,"og_title":null,"og_description":null,"og_object_type":"default","og_image_type":"default","og_image_url":null,"og_image_width":null,"og_image_height":null,"og_image_custom_url":null,"og_image_custom_fields":null,"og_video":null,"og_custom_url":null,"og_article_section":null,"og_article_tags":null,"twitter_use_og":false,"twitter_card":"default","twitter_image_type":"default","twitter_image_url":null,"twitter_image_custom_url":null,"twitter_image_custom_fields":null,"twitter_title":null,"twitter_description":null,"schema":{"blockGraphs":[],"customGraphs":[],"default":{"data":{"Article":[],"Course":[],"Dataset":[],"FAQPage":[],"Movie":[],"Person":[],"Product":[],"Recipe":[],"Service":[],"SoftwareApplication":[],"WebPage":[]},"graphName":"","isEnabled":true},"graphs":[]},"schema_type":"default","schema_type_options":null,"pillar_content":false,"robots_default":true,"robots_noindex":false,"robots_noarchive":false,"robots_nosnippet":false,"robots_nofollow":false,"robots_noimageindex":false,"robots_noodp":false,"robots_notranslate":false,"robots_max_snippet":null,"robots_max_videopreview":null,"robots_max_imagepreview":"large","priority":null,"frequency":null,"local_seo":null,"breadcrumb_settings":null,"limit_modified_date":false,"created":"2024-04-11 01:57:23","updated":"2025-06-22 18:45:54"},"aioseo_breadcrumb":"<div class=\"aioseo-breadcrumbs\"><span class=\"aioseo-breadcrumb\">\n\t<a href=\"https:\/\/www.rucashk.com\/es\" title=\"Home\">Home<\/a>\n<\/span><span class=\"aioseo-breadcrumb-separator\">&raquo;<\/span><span class=\"aioseo-breadcrumb\">\n\t<a href=\"https:\/\/www.rucashk.com\/es\/products\/\" title=\"Productos\">Productos<\/a>\n<\/span><span class=\"aioseo-breadcrumb-separator\">&raquo;<\/span><span class=\"aioseo-breadcrumb\">\n\t<a href=\"https:\/\/www.rucashk.com\/es\/marca\/jbl\/\" title=\"JBL\">JBL<\/a>\n<\/span><span class=\"aioseo-breadcrumb-separator\">&raquo;<\/span><span class=\"aioseo-breadcrumb\">\n\tJBL Clip 4 Ultra-portable Waterproof Speaker\n<\/span><\/div>","aioseo_breadcrumb_json":[{"label":"Home","link":"https:\/\/www.rucashk.com\/es"},{"label":"Productos","link":"https:\/\/www.rucashk.com\/es\/products\/"},{"label":"JBL","link":"https:\/\/www.rucashk.com\/es\/marca\/jbl\/"},{"label":"JBL Clip 4 Ultra-portable Waterproof Speaker","link":"https:\/\/www.rucashk.com\/es\/producto\/jbl-clip-4-ultra-portable-waterproof-speaker\/"}],"_links":{"self":[{"href":"https:\/\/www.rucashk.com\/es\/wp-json\/wp\/v2\/product\/37598","targetHints":{"allow":["GET"]}}],"collection":[{"href":"https:\/\/www.rucashk.com\/es\/wp-json\/wp\/v2\/product"}],"about":[{"href":"https:\/\/www.rucashk.com\/es\/wp-json\/wp\/v2\/types\/product"}],"wp:featuredmedia":[{"embeddable":true,"href":"https:\/\/www.rucashk.com\/es\/wp-json\/wp\/v2\/media\/37609"}],"wp:attachment":[{"href":"https:\/\/www.rucashk.com\/es\/wp-json\/wp\/v2\/media?parent=37598"}],"wp:term":[{"taxonomy":"product_brand","embeddable":true,"href":"https:\/\/www.rucashk.com\/es\/wp-json\/wp\/v2\/product_brand?post=37598"},{"taxonomy":"product_cat","embeddable":true,"href":"https:\/\/www.rucashk.com\/es\/wp-json\/wp\/v2\/product_cat?post=37598"},{"taxonomy":"product_tag","embeddable":true,"href":"https:\/\/www.rucashk.com\/es\/wp-json\/wp\/v2\/product_tag?post=37598"}],"curies":[{"name":"wp","href":"https:\/\/api.w.org\/{rel}","templated":true}]}}