{"id":37578,"date":"2024-03-13T15:36:30","date_gmt":"2024-03-13T15:36:30","guid":{"rendered":"http:\/\/rucashk.com\/?post_type=product&#038;p=37578"},"modified":"2024-04-16T13:31:39","modified_gmt":"2024-04-16T13:31:39","slug":"jbl-go-3-portable-waterproof-speaker","status":"publish","type":"product","link":"https:\/\/www.rucashk.com\/es\/producto\/jbl-go-3-portable-waterproof-speaker\/","title":{"rendered":"Altavoz port\u00e1til impermeable JBL Go 3"},"content":{"rendered":"<div class=\"expanded-feature -lifestyle not-in-view\">\n<div class=\"imagery\"><img decoding=\"async\" class=\"aligncenter\" src=\"\/wp-content\/uploads\/replace\/993544cb9ed5ca1319d6a6ef3704a084.png\" alt=\"Original JBL Pro Sound\" data-src=\"\/on\/demandware.static\/-\/Sites-masterCatalog_Harman\/default\/dwa6821737\/pdp\/JBL_GO3_WORKOUT_LIFESTYLE01_904x560px.png\" \/><\/div>\n<div class=\"copy\" style=\"text-align: center;\">\n<h3>Sonido original JBL Pro<\/h3>\n<p>JBL Pro Sound ofrece un audio sorprendentemente grande y graves potentes desde el tama\u00f1o ultracompacto del Go 3.<\/p>\n<\/div>\n<\/div>\n<div class=\"expanded-feature -lifestyle in-view\" style=\"text-align: center;\">\n<div class=\"imagery\"><img decoding=\"async\" src=\"\/wp-content\/uploads\/replace\/5080815381117205d944356ea7301a8d.png\" alt=\"Bold style and ultra-portable design\" data-src=\"\/on\/demandware.static\/-\/Sites-masterCatalog_Harman\/default\/dw34b9aff5\/pdp\/JBL_GO3_RED_LIFESTYLE02_904x560px.png\" \/><\/div>\n<div class=\"copy\">\n<h3>Estilo atrevido y dise\u00f1o ultraport\u00e1til<\/h3>\n<p>El dise\u00f1o ultraport\u00e1til de JBL Go 3 combina muy bien con los \u00faltimos estilos, y sus telas coloridas y detalles expresivos hacen que se vea tan bien como suena.<\/p>\n<\/div>\n<\/div>\n<div class=\"expanded-feature -lifestyle in-view\">\n<div class=\"imagery\" style=\"text-align: center;\"><img decoding=\"async\" src=\"\/wp-content\/uploads\/replace\/1f5fd92a8ba31dd9dedd8bb23b251f18.png\" alt=\"IP67 waterproof and dustproof\" data-src=\"\/on\/demandware.static\/-\/Sites-masterCatalog_Harman\/default\/dw4d76b345\/pdp\/JBL_GO3_GREY_LIFESTYLE03_904x560px.png\" \/><\/div>\n<div class=\"copy\">\n<p style=\"text-align: center;\">\n<\/div>\n<\/div>\n<p>SONIDO ORIGINAL JBL PRO<br \/>\nJBL Pro Sound ofrece un audio sorprendentemente grande y graves potentes desde el tama\u00f1o ultracompacto del Go 3.<\/p>\n<p>ESTILO ATREVIDO Y DISE\u00d1O ULTRAPORT\u00c1TIL<br \/>\nEl dise\u00f1o ultraport\u00e1til de JBL Go 3 combina muy bien con los \u00faltimos estilos, y sus telas coloridas y detalles expresivos hacen que se vea tan bien como suena.<\/p>\n<p>IP67 IMPERMEABLE Y A PRUEBA DE POLVO<br \/>\nA la piscina. Al parque. JBL Go 3 es resistente al agua y al polvo IP67, por lo que puedes llevar tu altavoz a cualquier parte.<\/p>\n<p>TRANSMISI\u00d3N INAL\u00c1MBRICA POR BLUETOOTH<br \/>\nTransmita m\u00fasica de forma inal\u00e1mbrica desde su tel\u00e9fono, tableta o cualquier otro dispositivo con Bluetooth.<\/p>\n<p>5 HORAS DE JUEGO<br \/>\nNo se preocupe por cosas peque\u00f1as como cargar la bater\u00eda. Go 3 te ofrece hasta 5 horas de reproducci\u00f3n con una sola carga.<\/p>\n<p>OPCIONES DE COLORES VIBRANTES<br \/>\nJBL Go 3 presenta combinaciones de colores exclusivas inspiradas en las \u00faltimas tendencias de la moda urbana, presentando tonos y combinaciones completamente nuevos.<\/p>","protected":false},"excerpt":{"rendered":"<p>JBL Go 3 presenta un estilo atrevido y un rico sonido JBL Pro. Con su nuevo y llamativo dise\u00f1o vanguardista, telas coloridas y detalles expresivos, este es un accesorio imprescindible para tu pr\u00f3xima salida. Tus canciones te animar\u00e1n con JBL Pro Sound, es resistente al agua y al polvo IP67 para que puedas seguir escuchando llueva o haga sol, y con su bucle integrado, puedes llevarlo a cualquier parte. Go 3 viene en tonos y combinaciones de colores completamente nuevos inspirados en la moda urbana actual. JBL Go 3 luce tan v\u00edvido como suena.<\/p>","protected":false},"featured_media":37588,"template":"","meta":[],"product_brand":[1354],"product_cat":[1285],"product_tag":[1357],"class_list":{"0":"post-37578","1":"product","2":"type-product","3":"status-publish","4":"has-post-thumbnail","6":"product_brand-jbl","7":"product_cat-jbl-speaker","8":"product_tag-speaker","10":"first","11":"instock","12":"shipping-taxable","13":"product-type-simple"},"aioseo_notices":[],"aioseo_head":"\n\t\t<!-- All in One SEO Pro 4.5.9.2 - aioseo.com -->\n\t\t<meta name=\"description\" content=\"JBL Go 3 features bold styling and rich JBL Pro Sound. With its new eye-catching edgy design, colorful fabrics and expressive details this a must-have accessory for your next outing. Your tunes will lift you up with JBL Pro Sound, it\u2019s IP67 waterproof and dustproof so you can keep listening rain or shine, and with its integrated loop, you can carry it anywhere. Go 3 comes in completely new shades and color combinations inspired by current street fashion. JBL Go 3 looks as vivid as it sounds.\" \/>\n\t\t<meta name=\"robots\" content=\"max-image-preview:large\" \/>\n\t\t<link rel=\"canonical\" href=\"https:\/\/www.rucashk.com\/es\/producto\/jbl-go-3-portable-waterproof-speaker\/\" \/>\n\t\t<meta name=\"generator\" content=\"All in One SEO Pro (AIOSEO) 4.5.9.2\" \/>\n\t\t<meta property=\"og:locale\" content=\"es_ES\" \/>\n\t\t<meta property=\"og:site_name\" content=\"Rucas - One-stop AIoT Distribution Worldwide\" \/>\n\t\t<meta property=\"og:type\" content=\"article\" \/>\n\t\t<meta property=\"og:title\" content=\"JBL Go 3 Portable Waterproof Speaker - Rucas - Wholesale and Distribution\" \/>\n\t\t<meta property=\"og:description\" content=\"JBL Go 3 features bold styling and rich JBL Pro Sound. With its new eye-catching edgy design, colorful fabrics and expressive details this a must-have accessory for your next outing. Your tunes will lift you up with JBL Pro Sound, it\u2019s IP67 waterproof and dustproof so you can keep listening rain or shine, and with its integrated loop, you can carry it anywhere. Go 3 comes in completely new shades and color combinations inspired by current street fashion. JBL Go 3 looks as vivid as it sounds.\" \/>\n\t\t<meta property=\"og:url\" content=\"https:\/\/www.rucashk.com\/es\/producto\/jbl-go-3-portable-waterproof-speaker\/\" \/>\n\t\t<meta property=\"og:image\" content=\"https:\/\/www.rucashk.com\/wp-content\/uploads\/replace\/503b8e645f128a97ccde2b6290747646.jpeg\" \/>\n\t\t<meta property=\"og:image:secure_url\" content=\"https:\/\/www.rucashk.com\/wp-content\/uploads\/replace\/503b8e645f128a97ccde2b6290747646.jpeg\" \/>\n\t\t<meta property=\"og:image:width\" content=\"1456\" \/>\n\t\t<meta property=\"og:image:height\" content=\"816\" \/>\n\t\t<meta property=\"article:published_time\" content=\"2024-03-13T15:36:30+00:00\" \/>\n\t\t<meta property=\"article:modified_time\" content=\"2024-04-16T13:31:39+00:00\" \/>\n\t\t<meta name=\"twitter:card\" content=\"summary_large_image\" \/>\n\t\t<meta name=\"twitter:title\" content=\"JBL Go 3 Portable Waterproof Speaker - Rucas - Wholesale and Distribution\" \/>\n\t\t<meta name=\"twitter:description\" content=\"JBL Go 3 features bold styling and rich JBL Pro Sound. With its new eye-catching edgy design, colorful fabrics and expressive details this a must-have accessory for your next outing. Your tunes will lift you up with JBL Pro Sound, it\u2019s IP67 waterproof and dustproof so you can keep listening rain or shine, and with its integrated loop, you can carry it anywhere. Go 3 comes in completely new shades and color combinations inspired by current street fashion. JBL Go 3 looks as vivid as it sounds.\" \/>\n\t\t<meta name=\"twitter:image\" content=\"https:\/\/www.rucashk.com\/wp-content\/uploads\/replace\/503b8e645f128a97ccde2b6290747646.jpeg\" \/>\n\t\t<script type=\"application\/ld+json\" class=\"aioseo-schema\">\n\t\t\t{\"@context\":\"https:\\\/\\\/schema.org\",\"@graph\":[{\"@type\":\"BreadcrumbList\",\"@id\":\"https:\\\/\\\/www.rucashk.com\\\/es\\\/producto\\\/jbl-go-3-portable-waterproof-speaker\\\/#breadcrumblist\",\"itemListElement\":[{\"@type\":\"ListItem\",\"@id\":\"https:\\\/\\\/www.rucashk.com\\\/es\\\/#listItem\",\"position\":1,\"name\":\"Home\",\"item\":\"https:\\\/\\\/www.rucashk.com\\\/es\\\/\",\"nextItem\":\"https:\\\/\\\/www.rucashk.com\\\/es\\\/producto\\\/jbl-go-3-portable-waterproof-speaker\\\/#listItem\"},{\"@type\":\"ListItem\",\"@id\":\"https:\\\/\\\/www.rucashk.com\\\/es\\\/producto\\\/jbl-go-3-portable-waterproof-speaker\\\/#listItem\",\"position\":2,\"name\":\"JBL Go 3 Portable Waterproof Speaker\",\"previousItem\":\"https:\\\/\\\/www.rucashk.com\\\/es\\\/#listItem\"}]},{\"@type\":\"Organization\",\"@id\":\"https:\\\/\\\/www.rucashk.com\\\/es\\\/#organization\",\"name\":\"Rucas\",\"url\":\"https:\\\/\\\/www.rucashk.com\\\/es\\\/\",\"logo\":{\"@type\":\"ImageObject\",\"url\":\"https:\\\/\\\/www.rucashk.com\\\/wp-content\\\/uploads\\\/2023\\\/12\\\/Rucas_campany_logo.png\",\"@id\":\"https:\\\/\\\/www.rucashk.com\\\/es\\\/producto\\\/jbl-go-3-portable-waterproof-speaker\\\/#organizationLogo\",\"width\":221,\"height\":65},\"image\":{\"@id\":\"https:\\\/\\\/www.rucashk.com\\\/es\\\/#organizationLogo\"}},{\"@type\":\"Person\",\"@id\":\"https:\\\/\\\/www.rucashk.com\\\/es\\\/author\\\/admin\\\/#author\",\"url\":\"https:\\\/\\\/www.rucashk.com\\\/es\\\/author\\\/admin\\\/\",\"name\":\"admin\",\"image\":{\"@type\":\"ImageObject\",\"@id\":\"https:\\\/\\\/www.rucashk.com\\\/es\\\/producto\\\/jbl-go-3-portable-waterproof-speaker\\\/#authorImage\",\"url\":\"https:\\\/\\\/secure.gravatar.com\\\/avatar\\\/b7c8925b09a27e72b30232f8ecaadbd5af0f70a38c78096863fe51b64f031c24?s=96&d=mm&r=g\",\"width\":96,\"height\":96,\"caption\":\"admin\"}},{\"@type\":\"WebPage\",\"@id\":\"https:\\\/\\\/www.rucashk.com\\\/es\\\/producto\\\/jbl-go-3-portable-waterproof-speaker\\\/#webpage\",\"url\":\"https:\\\/\\\/www.rucashk.com\\\/es\\\/producto\\\/jbl-go-3-portable-waterproof-speaker\\\/\",\"name\":\"JBL Go 3 Portable Waterproof Speaker - Rucas - Wholesale and Distribution\",\"description\":\"JBL Go 3 features bold styling and rich JBL Pro Sound. With its new eye-catching edgy design, colorful fabrics and expressive details this a must-have accessory for your next outing. Your tunes will lift you up with JBL Pro Sound, it\\u2019s IP67 waterproof and dustproof so you can keep listening rain or shine, and with its integrated loop, you can carry it anywhere. Go 3 comes in completely new shades and color combinations inspired by current street fashion. JBL Go 3 looks as vivid as it sounds.\",\"inLanguage\":\"es-ES\",\"isPartOf\":{\"@id\":\"https:\\\/\\\/www.rucashk.com\\\/es\\\/#website\"},\"breadcrumb\":{\"@id\":\"https:\\\/\\\/www.rucashk.com\\\/es\\\/producto\\\/jbl-go-3-portable-waterproof-speaker\\\/#breadcrumblist\"},\"author\":{\"@id\":\"https:\\\/\\\/www.rucashk.com\\\/es\\\/author\\\/admin\\\/#author\"},\"creator\":{\"@id\":\"https:\\\/\\\/www.rucashk.com\\\/es\\\/author\\\/admin\\\/#author\"},\"image\":{\"@type\":\"ImageObject\",\"url\":\"https:\\\/\\\/www.rucashk.com\\\/wp-content\\\/uploads\\\/2024\\\/03\\\/df504e52-a245-4215-aa8b-7884abac723c.png\",\"@id\":\"https:\\\/\\\/www.rucashk.com\\\/es\\\/producto\\\/jbl-go-3-portable-waterproof-speaker\\\/#mainImage\",\"width\":1605,\"height\":1605},\"primaryImageOfPage\":{\"@id\":\"https:\\\/\\\/www.rucashk.com\\\/es\\\/producto\\\/jbl-go-3-portable-waterproof-speaker\\\/#mainImage\"},\"datePublished\":\"2024-03-13T15:36:30+00:00\",\"dateModified\":\"2024-04-16T13:31:39+00:00\"},{\"@type\":\"WebSite\",\"@id\":\"https:\\\/\\\/www.rucashk.com\\\/es\\\/#website\",\"url\":\"https:\\\/\\\/www.rucashk.com\\\/es\\\/\",\"name\":\"Rucas - Wholesale and distribution worldwide\",\"alternateName\":\"Rucas - One-stop AIoT Distribution Worldwide\",\"description\":\"One-stop AIoT Distribution Worldwide\",\"inLanguage\":\"es-ES\",\"publisher\":{\"@id\":\"https:\\\/\\\/www.rucashk.com\\\/es\\\/#organization\"}}]}\n\t\t<\/script>\n\t\t<!-- All in One SEO Pro -->\r\n\t\t<title>JBL Go 3 Portable Waterproof Speaker - Rucas - Wholesale and Distribution<\/title>\n\n","aioseo_head_json":{"title":"JBL Go 3 Portable Waterproof Speaker - Rucas - Wholesale and Distribution","description":"JBL Go 3 features bold styling and rich JBL Pro Sound. With its new eye-catching edgy design, colorful fabrics and expressive details this a must-have accessory for your next outing. Your tunes will lift you up with JBL Pro Sound, it\u2019s IP67 waterproof and dustproof so you can keep listening rain or shine, and with its integrated loop, you can carry it anywhere. Go 3 comes in completely new shades and color combinations inspired by current street fashion. JBL Go 3 looks as vivid as it sounds.","canonical_url":"https:\/\/www.rucashk.com\/es\/producto\/jbl-go-3-portable-waterproof-speaker\/","robots":"max-image-preview:large","keywords":"","webmasterTools":{"miscellaneous":""},"og:locale":"es_ES","og:site_name":"Rucas - One-stop AIoT Distribution Worldwide","og:type":"article","og:title":"JBL Go 3 Portable Waterproof Speaker - Rucas - Wholesale and Distribution","og:description":"JBL Go 3 features bold styling and rich JBL Pro Sound. With its new eye-catching edgy design, colorful fabrics and expressive details this a must-have accessory for your next outing. Your tunes will lift you up with JBL Pro Sound, it\u2019s IP67 waterproof and dustproof so you can keep listening rain or shine, and with its integrated loop, you can carry it anywhere. Go 3 comes in completely new shades and color combinations inspired by current street fashion. JBL Go 3 looks as vivid as it sounds.","og:url":"https:\/\/www.rucashk.com\/es\/producto\/jbl-go-3-portable-waterproof-speaker\/","og:image":"https:\/\/www.rucashk.com\/wp-content\/uploads\/replace\/503b8e645f128a97ccde2b6290747646.jpeg","og:image:secure_url":"https:\/\/www.rucashk.com\/wp-content\/uploads\/replace\/503b8e645f128a97ccde2b6290747646.jpeg","og:image:width":1456,"og:image:height":816,"article:published_time":"2024-03-13T15:36:30+00:00","article:modified_time":"2024-04-16T13:31:39+00:00","twitter:card":"summary_large_image","twitter:title":"JBL Go 3 Portable Waterproof Speaker - Rucas - Wholesale and Distribution","twitter:description":"JBL Go 3 features bold styling and rich JBL Pro Sound. With its new eye-catching edgy design, colorful fabrics and expressive details this a must-have accessory for your next outing. Your tunes will lift you up with JBL Pro Sound, it\u2019s IP67 waterproof and dustproof so you can keep listening rain or shine, and with its integrated loop, you can carry it anywhere. Go 3 comes in completely new shades and color combinations inspired by current street fashion. JBL Go 3 looks as vivid as it sounds.","twitter:image":"https:\/\/www.rucashk.com\/wp-content\/uploads\/replace\/503b8e645f128a97ccde2b6290747646.jpeg","schema":{"@context":"https:\/\/schema.org","@graph":[{"@type":"BreadcrumbList","@id":"https:\/\/www.rucashk.com\/es\/producto\/jbl-go-3-portable-waterproof-speaker\/#breadcrumblist","itemListElement":[{"@type":"ListItem","@id":"https:\/\/www.rucashk.com\/es\/#listItem","position":1,"name":"Home","item":"https:\/\/www.rucashk.com\/es\/","nextItem":"https:\/\/www.rucashk.com\/es\/producto\/jbl-go-3-portable-waterproof-speaker\/#listItem"},{"@type":"ListItem","@id":"https:\/\/www.rucashk.com\/es\/producto\/jbl-go-3-portable-waterproof-speaker\/#listItem","position":2,"name":"JBL Go 3 Portable Waterproof Speaker","previousItem":"https:\/\/www.rucashk.com\/es\/#listItem"}]},{"@type":"Organization","@id":"https:\/\/www.rucashk.com\/es\/#organization","name":"Rucas","url":"https:\/\/www.rucashk.com\/es\/","logo":{"@type":"ImageObject","url":"https:\/\/www.rucashk.com\/wp-content\/uploads\/2023\/12\/Rucas_campany_logo.png","@id":"https:\/\/www.rucashk.com\/es\/producto\/jbl-go-3-portable-waterproof-speaker\/#organizationLogo","width":221,"height":65},"image":{"@id":"https:\/\/www.rucashk.com\/es\/#organizationLogo"}},{"@type":"Person","@id":"https:\/\/www.rucashk.com\/es\/author\/admin\/#author","url":"https:\/\/www.rucashk.com\/es\/author\/admin\/","name":"admin","image":{"@type":"ImageObject","@id":"https:\/\/www.rucashk.com\/es\/producto\/jbl-go-3-portable-waterproof-speaker\/#authorImage","url":"https:\/\/secure.gravatar.com\/avatar\/b7c8925b09a27e72b30232f8ecaadbd5af0f70a38c78096863fe51b64f031c24?s=96&d=mm&r=g","width":96,"height":96,"caption":"admin"}},{"@type":"WebPage","@id":"https:\/\/www.rucashk.com\/es\/producto\/jbl-go-3-portable-waterproof-speaker\/#webpage","url":"https:\/\/www.rucashk.com\/es\/producto\/jbl-go-3-portable-waterproof-speaker\/","name":"JBL Go 3 Portable Waterproof Speaker - Rucas - Wholesale and Distribution","description":"JBL Go 3 features bold styling and rich JBL Pro Sound. With its new eye-catching edgy design, colorful fabrics and expressive details this a must-have accessory for your next outing. Your tunes will lift you up with JBL Pro Sound, it\u2019s IP67 waterproof and dustproof so you can keep listening rain or shine, and with its integrated loop, you can carry it anywhere. Go 3 comes in completely new shades and color combinations inspired by current street fashion. JBL Go 3 looks as vivid as it sounds.","inLanguage":"es-ES","isPartOf":{"@id":"https:\/\/www.rucashk.com\/es\/#website"},"breadcrumb":{"@id":"https:\/\/www.rucashk.com\/es\/producto\/jbl-go-3-portable-waterproof-speaker\/#breadcrumblist"},"author":{"@id":"https:\/\/www.rucashk.com\/es\/author\/admin\/#author"},"creator":{"@id":"https:\/\/www.rucashk.com\/es\/author\/admin\/#author"},"image":{"@type":"ImageObject","url":"https:\/\/www.rucashk.com\/wp-content\/uploads\/2024\/03\/df504e52-a245-4215-aa8b-7884abac723c.png","@id":"https:\/\/www.rucashk.com\/es\/producto\/jbl-go-3-portable-waterproof-speaker\/#mainImage","width":1605,"height":1605},"primaryImageOfPage":{"@id":"https:\/\/www.rucashk.com\/es\/producto\/jbl-go-3-portable-waterproof-speaker\/#mainImage"},"datePublished":"2024-03-13T15:36:30+00:00","dateModified":"2024-04-16T13:31:39+00:00"},{"@type":"WebSite","@id":"https:\/\/www.rucashk.com\/es\/#website","url":"https:\/\/www.rucashk.com\/es\/","name":"Rucas - Wholesale and distribution worldwide","alternateName":"Rucas - One-stop AIoT Distribution Worldwide","description":"One-stop AIoT Distribution Worldwide","inLanguage":"es-ES","publisher":{"@id":"https:\/\/www.rucashk.com\/es\/#organization"}}]}},"aioseo_meta_data":{"post_id":"37578","title":null,"description":null,"keywords":null,"keyphrases":null,"primary_term":null,"canonical_url":null,"og_title":null,"og_description":null,"og_object_type":"default","og_image_type":"default","og_image_url":null,"og_image_width":null,"og_image_height":null,"og_image_custom_url":null,"og_image_custom_fields":null,"og_video":null,"og_custom_url":null,"og_article_section":null,"og_article_tags":null,"twitter_use_og":false,"twitter_card":"default","twitter_image_type":"default","twitter_image_url":null,"twitter_image_custom_url":null,"twitter_image_custom_fields":null,"twitter_title":null,"twitter_description":null,"schema":{"blockGraphs":[],"customGraphs":[],"default":{"data":{"Article":[],"Course":[],"Dataset":[],"FAQPage":[],"Movie":[],"Person":[],"Product":[],"Recipe":[],"Service":[],"SoftwareApplication":[],"WebPage":[]},"graphName":"","isEnabled":true},"graphs":[]},"schema_type":"default","schema_type_options":null,"pillar_content":false,"robots_default":true,"robots_noindex":false,"robots_noarchive":false,"robots_nosnippet":false,"robots_nofollow":false,"robots_noimageindex":false,"robots_noodp":false,"robots_notranslate":false,"robots_max_snippet":null,"robots_max_videopreview":null,"robots_max_imagepreview":"large","priority":null,"frequency":null,"local_seo":null,"breadcrumb_settings":null,"limit_modified_date":false,"created":"2024-04-11 01:57:23","updated":"2025-06-22 18:45:54"},"aioseo_breadcrumb":"<div class=\"aioseo-breadcrumbs\"><span class=\"aioseo-breadcrumb\">\n\t<a href=\"https:\/\/www.rucashk.com\/es\" title=\"Home\">Home<\/a>\n<\/span><span class=\"aioseo-breadcrumb-separator\">&raquo;<\/span><span class=\"aioseo-breadcrumb\">\n\t<a href=\"https:\/\/www.rucashk.com\/es\/products\/\" title=\"Productos\">Productos<\/a>\n<\/span><span class=\"aioseo-breadcrumb-separator\">&raquo;<\/span><span class=\"aioseo-breadcrumb\">\n\t<a href=\"https:\/\/www.rucashk.com\/es\/marca\/jbl\/\" title=\"JBL\">JBL<\/a>\n<\/span><span class=\"aioseo-breadcrumb-separator\">&raquo;<\/span><span class=\"aioseo-breadcrumb\">\n\tJBL Go 3 Portable Waterproof Speaker\n<\/span><\/div>","aioseo_breadcrumb_json":[{"label":"Home","link":"https:\/\/www.rucashk.com\/es"},{"label":"Productos","link":"https:\/\/www.rucashk.com\/es\/products\/"},{"label":"JBL","link":"https:\/\/www.rucashk.com\/es\/marca\/jbl\/"},{"label":"JBL Go 3 Portable Waterproof Speaker","link":"https:\/\/www.rucashk.com\/es\/producto\/jbl-go-3-portable-waterproof-speaker\/"}],"_links":{"self":[{"href":"https:\/\/www.rucashk.com\/es\/wp-json\/wp\/v2\/product\/37578","targetHints":{"allow":["GET"]}}],"collection":[{"href":"https:\/\/www.rucashk.com\/es\/wp-json\/wp\/v2\/product"}],"about":[{"href":"https:\/\/www.rucashk.com\/es\/wp-json\/wp\/v2\/types\/product"}],"wp:featuredmedia":[{"embeddable":true,"href":"https:\/\/www.rucashk.com\/es\/wp-json\/wp\/v2\/media\/37588"}],"wp:attachment":[{"href":"https:\/\/www.rucashk.com\/es\/wp-json\/wp\/v2\/media?parent=37578"}],"wp:term":[{"taxonomy":"product_brand","embeddable":true,"href":"https:\/\/www.rucashk.com\/es\/wp-json\/wp\/v2\/product_brand?post=37578"},{"taxonomy":"product_cat","embeddable":true,"href":"https:\/\/www.rucashk.com\/es\/wp-json\/wp\/v2\/product_cat?post=37578"},{"taxonomy":"product_tag","embeddable":true,"href":"https:\/\/www.rucashk.com\/es\/wp-json\/wp\/v2\/product_tag?post=37578"}],"curies":[{"name":"wp","href":"https:\/\/api.w.org\/{rel}","templated":true}]}}