{"id":37566,"date":"2024-03-13T15:28:33","date_gmt":"2024-03-13T15:28:33","guid":{"rendered":"http:\/\/rucashk.com\/?post_type=product&#038;p=37566"},"modified":"2024-04-16T13:29:59","modified_gmt":"2024-04-16T13:29:59","slug":"jbl-xtreme-3-portable-waterproof-speaker","status":"publish","type":"product","link":"https:\/\/www.rucashk.com\/es\/producto\/jbl-xtreme-3-portable-waterproof-speaker\/","title":{"rendered":"Altavoz port\u00e1til impermeable JBL Xtreme 3"},"content":{"rendered":"<div class=\"expanded-feature -lifestyle in-view\">\n<div class=\"imagery\"><img decoding=\"async\" class=\"aligncenter\" src=\"\/wp-content\/uploads\/replace\/b61e4f48c709fe7d730ffcdf9571bd8e.png\" alt=\"Massive JBL Original Pro Sound\" data-src=\"\/on\/demandware.static\/-\/Sites-masterCatalog_Harman\/default\/dw9e4a6f36\/pdp\/JBL_XTREME_3_LIFESTYLE_01_904x560px.png\" \/><\/div>\n<div class=\"copy\" style=\"text-align: center;\">\n<h3>Sonido profesional masivo JBL Original<\/h3>\n<p>Cuatro controladores y dos radiadores de graves JBL brindan sin esfuerzo un sonido din\u00e1mico e inmersivo con graves profundos y muchos detalles. Te perder\u00e1s en la m\u00fasica est\u00e9s donde est\u00e9s.<\/p>\n<\/div>\n<\/div>\n<div class=\"expanded-feature -lifestyle in-view\" style=\"text-align: center;\">\n<div class=\"imagery\"><img decoding=\"async\" src=\"\/wp-content\/uploads\/replace\/f27827aad4a1103071cf5815880d1a8a.png\" alt=\"15 Hours of Playtime\" data-src=\"\/on\/demandware.static\/-\/Sites-masterCatalog_Harman\/default\/dwe4147d4d\/pdp\/JBL_XTREME_3_Lifestyle_02_v02_904x560px.png\" \/><\/div>\n<div class=\"copy\">\n<h3>15 horas de juego<\/h3>\n<p>La diversi\u00f3n no tiene por qu\u00e9 parar. Equipado con una incre\u00edble duraci\u00f3n de bater\u00eda de 15 horas, JBL Xtreme 3 te permite divertirte todo el d\u00eda y toda la noche.<\/p>\n<\/div>\n<\/div>\n<div class=\"expanded-feature -lifestyle in-view\">\n<div class=\"imagery\" style=\"text-align: center;\"><img decoding=\"async\" src=\"\/wp-content\/uploads\/replace\/7ccaab673af53011cf77d25137fa3402.png\" alt=\"IP67 waterproof and dustproof\" data-src=\"\/on\/demandware.static\/-\/Sites-masterCatalog_Harman\/default\/dw9fc0100c\/pdp\/JBL_XTREME_3_LIFESTYLE_03_904x560px.png\" \/><\/div>\n<div class=\"copy\">\n<h3 style=\"text-align: center;\">IP67 a prueba de agua y polvo<\/h3>\n<p style=\"text-align: center;\">A la piscina. Al parque. JBL Xtreme 3 es resistente al agua y al polvo IP67, por lo que puedes llevar tu altavoz a cualquier parte.<\/p>\n<\/div>\n<\/div>","protected":false},"excerpt":{"rendered":"<p>Junto a la piscina. Picnics. Simplemente pasando el rato. La m\u00fasica hace la fiesta. El altavoz Bluetooth port\u00e1til JBL Xtreme 3 ofrece sin esfuerzo el enorme sonido JBL Original Pro. Con cuatro parlantes y dos potentes radiadores de bajos JBL, el potente sonido atrae a todos, y con PartyBoost, puedes conectar m\u00faltiples parlantes habilitados para JBL PartyBoost para llevar las cosas al siguiente nivel. Un poco de lluvia puede arruinar tu diversi\u00f3n, pero al Xtreme 3, resistente al agua y al polvo, no le importar\u00e1 en absoluto, y la c\u00f3moda correa de transporte con abridor de botellas incorporado hace que sea muy f\u00e1cil trasladar la fiesta al interior. El JBL Xtreme 3 causa sensaci\u00f3n all\u00e1 donde vayas.<\/p>","protected":false},"featured_media":37577,"template":"","meta":[],"product_brand":[1354],"product_cat":[1285],"product_tag":[1357],"class_list":{"0":"post-37566","1":"product","2":"type-product","3":"status-publish","4":"has-post-thumbnail","6":"product_brand-jbl","7":"product_cat-jbl-speaker","8":"product_tag-speaker","10":"first","11":"instock","12":"shipping-taxable","13":"product-type-simple"},"aioseo_notices":[],"aioseo_head":"\n\t\t<!-- All in One SEO Pro 4.5.9.2 - aioseo.com -->\n\t\t<meta name=\"description\" content=\"Poolside. Picnics. Just hanging out. Music makes the party. The JBL Xtreme 3 portable Bluetooth speaker effortlessly delivers massive JBL Original Pro Sound. With four drivers and two pumping JBL Bass Radiators, the powerful sound draws everybody in, and with PartyBoost, you can connect multiple JBL PartyBoost-enabled speakers to take things to the next level. A little rain might spoil your fun, but the waterproof and dustproof Xtreme 3 won\u2019t mind at all, and the convenient carrying strap with built-in bottle opener makes it a breeze to move the party indoors. The JBL Xtreme 3 makes a big splash wherever you go.\" \/>\n\t\t<meta name=\"robots\" content=\"max-image-preview:large\" \/>\n\t\t<link rel=\"canonical\" href=\"https:\/\/www.rucashk.com\/es\/producto\/jbl-xtreme-3-portable-waterproof-speaker\/\" \/>\n\t\t<meta name=\"generator\" content=\"All in One SEO Pro (AIOSEO) 4.5.9.2\" \/>\n\t\t<meta property=\"og:locale\" content=\"es_ES\" \/>\n\t\t<meta property=\"og:site_name\" content=\"Rucas - One-stop AIoT Distribution Worldwide\" \/>\n\t\t<meta property=\"og:type\" content=\"article\" \/>\n\t\t<meta property=\"og:title\" content=\"JBL Xtreme 3 Portable Waterproof Speaker - Rucas - Wholesale and Distribution\" \/>\n\t\t<meta property=\"og:description\" content=\"Poolside. Picnics. Just hanging out. Music makes the party. The JBL Xtreme 3 portable Bluetooth speaker effortlessly delivers massive JBL Original Pro Sound. With four drivers and two pumping JBL Bass Radiators, the powerful sound draws everybody in, and with PartyBoost, you can connect multiple JBL PartyBoost-enabled speakers to take things to the next level. A little rain might spoil your fun, but the waterproof and dustproof Xtreme 3 won\u2019t mind at all, and the convenient carrying strap with built-in bottle opener makes it a breeze to move the party indoors. The JBL Xtreme 3 makes a big splash wherever you go.\" \/>\n\t\t<meta property=\"og:url\" content=\"https:\/\/www.rucashk.com\/es\/producto\/jbl-xtreme-3-portable-waterproof-speaker\/\" \/>\n\t\t<meta property=\"og:image\" content=\"https:\/\/www.rucashk.com\/wp-content\/uploads\/replace\/503b8e645f128a97ccde2b6290747646.jpeg\" \/>\n\t\t<meta property=\"og:image:secure_url\" content=\"https:\/\/www.rucashk.com\/wp-content\/uploads\/replace\/503b8e645f128a97ccde2b6290747646.jpeg\" \/>\n\t\t<meta property=\"og:image:width\" content=\"1456\" \/>\n\t\t<meta property=\"og:image:height\" content=\"816\" \/>\n\t\t<meta property=\"article:published_time\" content=\"2024-03-13T15:28:33+00:00\" \/>\n\t\t<meta property=\"article:modified_time\" content=\"2024-04-16T13:29:59+00:00\" \/>\n\t\t<meta name=\"twitter:card\" content=\"summary_large_image\" \/>\n\t\t<meta name=\"twitter:title\" content=\"JBL Xtreme 3 Portable Waterproof Speaker - Rucas - Wholesale and Distribution\" \/>\n\t\t<meta name=\"twitter:description\" content=\"Poolside. Picnics. Just hanging out. Music makes the party. The JBL Xtreme 3 portable Bluetooth speaker effortlessly delivers massive JBL Original Pro Sound. With four drivers and two pumping JBL Bass Radiators, the powerful sound draws everybody in, and with PartyBoost, you can connect multiple JBL PartyBoost-enabled speakers to take things to the next level. A little rain might spoil your fun, but the waterproof and dustproof Xtreme 3 won\u2019t mind at all, and the convenient carrying strap with built-in bottle opener makes it a breeze to move the party indoors. The JBL Xtreme 3 makes a big splash wherever you go.\" \/>\n\t\t<meta name=\"twitter:image\" content=\"https:\/\/www.rucashk.com\/wp-content\/uploads\/replace\/503b8e645f128a97ccde2b6290747646.jpeg\" \/>\n\t\t<script type=\"application\/ld+json\" class=\"aioseo-schema\">\n\t\t\t{\"@context\":\"https:\\\/\\\/schema.org\",\"@graph\":[{\"@type\":\"BreadcrumbList\",\"@id\":\"https:\\\/\\\/www.rucashk.com\\\/es\\\/producto\\\/jbl-xtreme-3-portable-waterproof-speaker\\\/#breadcrumblist\",\"itemListElement\":[{\"@type\":\"ListItem\",\"@id\":\"https:\\\/\\\/www.rucashk.com\\\/es\\\/#listItem\",\"position\":1,\"name\":\"Home\",\"item\":\"https:\\\/\\\/www.rucashk.com\\\/es\\\/\",\"nextItem\":\"https:\\\/\\\/www.rucashk.com\\\/es\\\/producto\\\/jbl-xtreme-3-portable-waterproof-speaker\\\/#listItem\"},{\"@type\":\"ListItem\",\"@id\":\"https:\\\/\\\/www.rucashk.com\\\/es\\\/producto\\\/jbl-xtreme-3-portable-waterproof-speaker\\\/#listItem\",\"position\":2,\"name\":\"JBL Xtreme 3 Portable Waterproof Speaker\",\"previousItem\":\"https:\\\/\\\/www.rucashk.com\\\/es\\\/#listItem\"}]},{\"@type\":\"Organization\",\"@id\":\"https:\\\/\\\/www.rucashk.com\\\/es\\\/#organization\",\"name\":\"Rucas\",\"url\":\"https:\\\/\\\/www.rucashk.com\\\/es\\\/\",\"logo\":{\"@type\":\"ImageObject\",\"url\":\"https:\\\/\\\/www.rucashk.com\\\/wp-content\\\/uploads\\\/2023\\\/12\\\/Rucas_campany_logo.png\",\"@id\":\"https:\\\/\\\/www.rucashk.com\\\/es\\\/producto\\\/jbl-xtreme-3-portable-waterproof-speaker\\\/#organizationLogo\",\"width\":221,\"height\":65},\"image\":{\"@id\":\"https:\\\/\\\/www.rucashk.com\\\/es\\\/#organizationLogo\"}},{\"@type\":\"Person\",\"@id\":\"https:\\\/\\\/www.rucashk.com\\\/es\\\/author\\\/admin\\\/#author\",\"url\":\"https:\\\/\\\/www.rucashk.com\\\/es\\\/author\\\/admin\\\/\",\"name\":\"admin\",\"image\":{\"@type\":\"ImageObject\",\"@id\":\"https:\\\/\\\/www.rucashk.com\\\/es\\\/producto\\\/jbl-xtreme-3-portable-waterproof-speaker\\\/#authorImage\",\"url\":\"https:\\\/\\\/secure.gravatar.com\\\/avatar\\\/b7c8925b09a27e72b30232f8ecaadbd5af0f70a38c78096863fe51b64f031c24?s=96&d=mm&r=g\",\"width\":96,\"height\":96,\"caption\":\"admin\"}},{\"@type\":\"WebPage\",\"@id\":\"https:\\\/\\\/www.rucashk.com\\\/es\\\/producto\\\/jbl-xtreme-3-portable-waterproof-speaker\\\/#webpage\",\"url\":\"https:\\\/\\\/www.rucashk.com\\\/es\\\/producto\\\/jbl-xtreme-3-portable-waterproof-speaker\\\/\",\"name\":\"JBL Xtreme 3 Portable Waterproof Speaker - Rucas - Wholesale and Distribution\",\"description\":\"Poolside. Picnics. Just hanging out. Music makes the party. The JBL Xtreme 3 portable Bluetooth speaker effortlessly delivers massive JBL Original Pro Sound. With four drivers and two pumping JBL Bass Radiators, the powerful sound draws everybody in, and with PartyBoost, you can connect multiple JBL PartyBoost-enabled speakers to take things to the next level. A little rain might spoil your fun, but the waterproof and dustproof Xtreme 3 won\\u2019t mind at all, and the convenient carrying strap with built-in bottle opener makes it a breeze to move the party indoors. The JBL Xtreme 3 makes a big splash wherever you go.\",\"inLanguage\":\"es-ES\",\"isPartOf\":{\"@id\":\"https:\\\/\\\/www.rucashk.com\\\/es\\\/#website\"},\"breadcrumb\":{\"@id\":\"https:\\\/\\\/www.rucashk.com\\\/es\\\/producto\\\/jbl-xtreme-3-portable-waterproof-speaker\\\/#breadcrumblist\"},\"author\":{\"@id\":\"https:\\\/\\\/www.rucashk.com\\\/es\\\/author\\\/admin\\\/#author\"},\"creator\":{\"@id\":\"https:\\\/\\\/www.rucashk.com\\\/es\\\/author\\\/admin\\\/#author\"},\"image\":{\"@type\":\"ImageObject\",\"url\":\"https:\\\/\\\/www.rucashk.com\\\/wp-content\\\/uploads\\\/2024\\\/03\\\/106530b3-a8f4-4f5b-8ca4-84f16f015220.png\",\"@id\":\"https:\\\/\\\/www.rucashk.com\\\/es\\\/producto\\\/jbl-xtreme-3-portable-waterproof-speaker\\\/#mainImage\",\"width\":1605,\"height\":1605},\"primaryImageOfPage\":{\"@id\":\"https:\\\/\\\/www.rucashk.com\\\/es\\\/producto\\\/jbl-xtreme-3-portable-waterproof-speaker\\\/#mainImage\"},\"datePublished\":\"2024-03-13T15:28:33+00:00\",\"dateModified\":\"2024-04-16T13:29:59+00:00\"},{\"@type\":\"WebSite\",\"@id\":\"https:\\\/\\\/www.rucashk.com\\\/es\\\/#website\",\"url\":\"https:\\\/\\\/www.rucashk.com\\\/es\\\/\",\"name\":\"Rucas - Wholesale and distribution worldwide\",\"alternateName\":\"Rucas - One-stop AIoT Distribution Worldwide\",\"description\":\"One-stop AIoT Distribution Worldwide\",\"inLanguage\":\"es-ES\",\"publisher\":{\"@id\":\"https:\\\/\\\/www.rucashk.com\\\/es\\\/#organization\"}}]}\n\t\t<\/script>\n\t\t<!-- All in One SEO Pro -->\r\n\t\t<title>JBL Xtreme 3 Portable Waterproof Speaker - Rucas - Wholesale and Distribution<\/title>\n\n","aioseo_head_json":{"title":"JBL Xtreme 3 Portable Waterproof Speaker - Rucas - Wholesale and Distribution","description":"Poolside. Picnics. Just hanging out. Music makes the party. The JBL Xtreme 3 portable Bluetooth speaker effortlessly delivers massive JBL Original Pro Sound. With four drivers and two pumping JBL Bass Radiators, the powerful sound draws everybody in, and with PartyBoost, you can connect multiple JBL PartyBoost-enabled speakers to take things to the next level. A little rain might spoil your fun, but the waterproof and dustproof Xtreme 3 won\u2019t mind at all, and the convenient carrying strap with built-in bottle opener makes it a breeze to move the party indoors. The JBL Xtreme 3 makes a big splash wherever you go.","canonical_url":"https:\/\/www.rucashk.com\/es\/producto\/jbl-xtreme-3-portable-waterproof-speaker\/","robots":"max-image-preview:large","keywords":"","webmasterTools":{"miscellaneous":""},"og:locale":"es_ES","og:site_name":"Rucas - One-stop AIoT Distribution Worldwide","og:type":"article","og:title":"JBL Xtreme 3 Portable Waterproof Speaker - Rucas - Wholesale and Distribution","og:description":"Poolside. Picnics. Just hanging out. Music makes the party. The JBL Xtreme 3 portable Bluetooth speaker effortlessly delivers massive JBL Original Pro Sound. With four drivers and two pumping JBL Bass Radiators, the powerful sound draws everybody in, and with PartyBoost, you can connect multiple JBL PartyBoost-enabled speakers to take things to the next level. A little rain might spoil your fun, but the waterproof and dustproof Xtreme 3 won\u2019t mind at all, and the convenient carrying strap with built-in bottle opener makes it a breeze to move the party indoors. The JBL Xtreme 3 makes a big splash wherever you go.","og:url":"https:\/\/www.rucashk.com\/es\/producto\/jbl-xtreme-3-portable-waterproof-speaker\/","og:image":"https:\/\/www.rucashk.com\/wp-content\/uploads\/replace\/503b8e645f128a97ccde2b6290747646.jpeg","og:image:secure_url":"https:\/\/www.rucashk.com\/wp-content\/uploads\/replace\/503b8e645f128a97ccde2b6290747646.jpeg","og:image:width":1456,"og:image:height":816,"article:published_time":"2024-03-13T15:28:33+00:00","article:modified_time":"2024-04-16T13:29:59+00:00","twitter:card":"summary_large_image","twitter:title":"JBL Xtreme 3 Portable Waterproof Speaker - Rucas - Wholesale and Distribution","twitter:description":"Poolside. Picnics. Just hanging out. Music makes the party. The JBL Xtreme 3 portable Bluetooth speaker effortlessly delivers massive JBL Original Pro Sound. With four drivers and two pumping JBL Bass Radiators, the powerful sound draws everybody in, and with PartyBoost, you can connect multiple JBL PartyBoost-enabled speakers to take things to the next level. A little rain might spoil your fun, but the waterproof and dustproof Xtreme 3 won\u2019t mind at all, and the convenient carrying strap with built-in bottle opener makes it a breeze to move the party indoors. The JBL Xtreme 3 makes a big splash wherever you go.","twitter:image":"https:\/\/www.rucashk.com\/wp-content\/uploads\/replace\/503b8e645f128a97ccde2b6290747646.jpeg","schema":{"@context":"https:\/\/schema.org","@graph":[{"@type":"BreadcrumbList","@id":"https:\/\/www.rucashk.com\/es\/producto\/jbl-xtreme-3-portable-waterproof-speaker\/#breadcrumblist","itemListElement":[{"@type":"ListItem","@id":"https:\/\/www.rucashk.com\/es\/#listItem","position":1,"name":"Home","item":"https:\/\/www.rucashk.com\/es\/","nextItem":"https:\/\/www.rucashk.com\/es\/producto\/jbl-xtreme-3-portable-waterproof-speaker\/#listItem"},{"@type":"ListItem","@id":"https:\/\/www.rucashk.com\/es\/producto\/jbl-xtreme-3-portable-waterproof-speaker\/#listItem","position":2,"name":"JBL Xtreme 3 Portable Waterproof Speaker","previousItem":"https:\/\/www.rucashk.com\/es\/#listItem"}]},{"@type":"Organization","@id":"https:\/\/www.rucashk.com\/es\/#organization","name":"Rucas","url":"https:\/\/www.rucashk.com\/es\/","logo":{"@type":"ImageObject","url":"https:\/\/www.rucashk.com\/wp-content\/uploads\/2023\/12\/Rucas_campany_logo.png","@id":"https:\/\/www.rucashk.com\/es\/producto\/jbl-xtreme-3-portable-waterproof-speaker\/#organizationLogo","width":221,"height":65},"image":{"@id":"https:\/\/www.rucashk.com\/es\/#organizationLogo"}},{"@type":"Person","@id":"https:\/\/www.rucashk.com\/es\/author\/admin\/#author","url":"https:\/\/www.rucashk.com\/es\/author\/admin\/","name":"admin","image":{"@type":"ImageObject","@id":"https:\/\/www.rucashk.com\/es\/producto\/jbl-xtreme-3-portable-waterproof-speaker\/#authorImage","url":"https:\/\/secure.gravatar.com\/avatar\/b7c8925b09a27e72b30232f8ecaadbd5af0f70a38c78096863fe51b64f031c24?s=96&d=mm&r=g","width":96,"height":96,"caption":"admin"}},{"@type":"WebPage","@id":"https:\/\/www.rucashk.com\/es\/producto\/jbl-xtreme-3-portable-waterproof-speaker\/#webpage","url":"https:\/\/www.rucashk.com\/es\/producto\/jbl-xtreme-3-portable-waterproof-speaker\/","name":"JBL Xtreme 3 Portable Waterproof Speaker - Rucas - Wholesale and Distribution","description":"Poolside. Picnics. Just hanging out. Music makes the party. The JBL Xtreme 3 portable Bluetooth speaker effortlessly delivers massive JBL Original Pro Sound. With four drivers and two pumping JBL Bass Radiators, the powerful sound draws everybody in, and with PartyBoost, you can connect multiple JBL PartyBoost-enabled speakers to take things to the next level. A little rain might spoil your fun, but the waterproof and dustproof Xtreme 3 won\u2019t mind at all, and the convenient carrying strap with built-in bottle opener makes it a breeze to move the party indoors. The JBL Xtreme 3 makes a big splash wherever you go.","inLanguage":"es-ES","isPartOf":{"@id":"https:\/\/www.rucashk.com\/es\/#website"},"breadcrumb":{"@id":"https:\/\/www.rucashk.com\/es\/producto\/jbl-xtreme-3-portable-waterproof-speaker\/#breadcrumblist"},"author":{"@id":"https:\/\/www.rucashk.com\/es\/author\/admin\/#author"},"creator":{"@id":"https:\/\/www.rucashk.com\/es\/author\/admin\/#author"},"image":{"@type":"ImageObject","url":"https:\/\/www.rucashk.com\/wp-content\/uploads\/2024\/03\/106530b3-a8f4-4f5b-8ca4-84f16f015220.png","@id":"https:\/\/www.rucashk.com\/es\/producto\/jbl-xtreme-3-portable-waterproof-speaker\/#mainImage","width":1605,"height":1605},"primaryImageOfPage":{"@id":"https:\/\/www.rucashk.com\/es\/producto\/jbl-xtreme-3-portable-waterproof-speaker\/#mainImage"},"datePublished":"2024-03-13T15:28:33+00:00","dateModified":"2024-04-16T13:29:59+00:00"},{"@type":"WebSite","@id":"https:\/\/www.rucashk.com\/es\/#website","url":"https:\/\/www.rucashk.com\/es\/","name":"Rucas - Wholesale and distribution worldwide","alternateName":"Rucas - One-stop AIoT Distribution Worldwide","description":"One-stop AIoT Distribution Worldwide","inLanguage":"es-ES","publisher":{"@id":"https:\/\/www.rucashk.com\/es\/#organization"}}]}},"aioseo_meta_data":{"post_id":"37566","title":null,"description":null,"keywords":null,"keyphrases":null,"primary_term":null,"canonical_url":null,"og_title":null,"og_description":null,"og_object_type":"default","og_image_type":"default","og_image_url":null,"og_image_width":null,"og_image_height":null,"og_image_custom_url":null,"og_image_custom_fields":null,"og_video":null,"og_custom_url":null,"og_article_section":null,"og_article_tags":null,"twitter_use_og":false,"twitter_card":"default","twitter_image_type":"default","twitter_image_url":null,"twitter_image_custom_url":null,"twitter_image_custom_fields":null,"twitter_title":null,"twitter_description":null,"schema":{"blockGraphs":[],"customGraphs":[],"default":{"data":{"Article":[],"Course":[],"Dataset":[],"FAQPage":[],"Movie":[],"Person":[],"Product":[],"Recipe":[],"Service":[],"SoftwareApplication":[],"WebPage":[]},"graphName":"","isEnabled":true},"graphs":[]},"schema_type":"default","schema_type_options":null,"pillar_content":false,"robots_default":true,"robots_noindex":false,"robots_noarchive":false,"robots_nosnippet":false,"robots_nofollow":false,"robots_noimageindex":false,"robots_noodp":false,"robots_notranslate":false,"robots_max_snippet":null,"robots_max_videopreview":null,"robots_max_imagepreview":"large","priority":null,"frequency":null,"local_seo":null,"breadcrumb_settings":null,"limit_modified_date":false,"created":"2024-04-11 01:57:23","updated":"2025-06-22 18:45:54"},"aioseo_breadcrumb":"<div class=\"aioseo-breadcrumbs\"><span class=\"aioseo-breadcrumb\">\n\t<a href=\"https:\/\/www.rucashk.com\/es\" title=\"Home\">Home<\/a>\n<\/span><span class=\"aioseo-breadcrumb-separator\">&raquo;<\/span><span class=\"aioseo-breadcrumb\">\n\t<a href=\"https:\/\/www.rucashk.com\/es\/products\/\" title=\"Productos\">Productos<\/a>\n<\/span><span class=\"aioseo-breadcrumb-separator\">&raquo;<\/span><span class=\"aioseo-breadcrumb\">\n\t<a href=\"https:\/\/www.rucashk.com\/es\/marca\/jbl\/\" title=\"JBL\">JBL<\/a>\n<\/span><span class=\"aioseo-breadcrumb-separator\">&raquo;<\/span><span class=\"aioseo-breadcrumb\">\n\tJBL Xtreme 3 Portable Waterproof Speaker\n<\/span><\/div>","aioseo_breadcrumb_json":[{"label":"Home","link":"https:\/\/www.rucashk.com\/es"},{"label":"Productos","link":"https:\/\/www.rucashk.com\/es\/products\/"},{"label":"JBL","link":"https:\/\/www.rucashk.com\/es\/marca\/jbl\/"},{"label":"JBL Xtreme 3 Portable Waterproof Speaker","link":"https:\/\/www.rucashk.com\/es\/producto\/jbl-xtreme-3-portable-waterproof-speaker\/"}],"_links":{"self":[{"href":"https:\/\/www.rucashk.com\/es\/wp-json\/wp\/v2\/product\/37566","targetHints":{"allow":["GET"]}}],"collection":[{"href":"https:\/\/www.rucashk.com\/es\/wp-json\/wp\/v2\/product"}],"about":[{"href":"https:\/\/www.rucashk.com\/es\/wp-json\/wp\/v2\/types\/product"}],"wp:featuredmedia":[{"embeddable":true,"href":"https:\/\/www.rucashk.com\/es\/wp-json\/wp\/v2\/media\/37577"}],"wp:attachment":[{"href":"https:\/\/www.rucashk.com\/es\/wp-json\/wp\/v2\/media?parent=37566"}],"wp:term":[{"taxonomy":"product_brand","embeddable":true,"href":"https:\/\/www.rucashk.com\/es\/wp-json\/wp\/v2\/product_brand?post=37566"},{"taxonomy":"product_cat","embeddable":true,"href":"https:\/\/www.rucashk.com\/es\/wp-json\/wp\/v2\/product_cat?post=37566"},{"taxonomy":"product_tag","embeddable":true,"href":"https:\/\/www.rucashk.com\/es\/wp-json\/wp\/v2\/product_tag?post=37566"}],"curies":[{"name":"wp","href":"https:\/\/api.w.org\/{rel}","templated":true}]}}