{"id":37562,"date":"2024-03-13T15:23:25","date_gmt":"2024-03-13T15:23:25","guid":{"rendered":"http:\/\/rucashk.com\/?post_type=product&#038;p=37562"},"modified":"2024-04-16T13:31:42","modified_gmt":"2024-04-16T13:31:42","slug":"jbl-bluetooth-speakers-wind-3s","status":"publish","type":"product","link":"https:\/\/www.rucashk.com\/es\/producto\/jbl-bluetooth-speakers-wind-3s\/","title":{"rendered":"Altavoces Bluetooth JBL Wind 3s"},"content":{"rendered":"<p><iframe title=\"\u5168\u65b0 JBL Wind 3 \u53ef\u651c\u5f0f\u85cd\u7259\u5587\u53ed (FM\u6536\u97f3\u6a5f\/LED \u986f\u793a\/\u514d\u63d0\u901a\u8a71\/\u8a18\u61b6\u5361\u8f38\u5165)\" src=\"https:\/\/www.youtube.com\/embed\/bmT9JEho9rI\" width=\"1182\" height=\"666\" frameborder=\"0\" allowfullscreen=\"allowfullscreen\"><\/iframe><\/p>\n<p>JBL Wind 3S es un altavoz Bluetooth port\u00e1til. Puedes elegir lo que quieras seg\u00fan tus necesidades.<br \/>\nColocado en la mesa del comedor, enganchado a la correa del hombro de la mochila, atado a un cord\u00f3n o incluso acoplado al manillar de la bicicleta, JBL Wind 3 ofrece sonido dondequiera que vaya.<\/p>\n<p>Soporte de base\/manillar: permite acoplar\/desacoplar sin esfuerzo en el soporte de montaje incluido, dise\u00f1ado espec\u00edficamente para manillares de bicicletas y motocicletas.<br \/>\nTransmisi\u00f3n inal\u00e1mbrica por Bluetooth: transmita m\u00fasica de forma inal\u00e1mbrica desde su tel\u00e9fono, tableta o cualquier otro dispositivo con Bluetooth.<br \/>\nDos modos de ecualizaci\u00f3n diferentes: modo &#039;Sport&#039; para exteriores; &#039;Bass&#039; para interior.<\/p>","protected":false},"excerpt":{"rendered":"<p>JBL Wind 3S es un altavoz Bluetooth port\u00e1til. Puedes elegir lo que quieras seg\u00fan tus necesidades.<br \/>\nColocado en la mesa del comedor, enganchado a la correa del hombro de la mochila, atado a un cord\u00f3n o incluso acoplado al manillar de la bicicleta, JBL Wind 3 ofrece sonido dondequiera que vaya.<\/p>","protected":false},"featured_media":37564,"template":"","meta":[],"product_brand":[1354],"product_cat":[1285],"product_tag":[1358],"class_list":{"0":"post-37562","1":"product","2":"type-product","3":"status-publish","4":"has-post-thumbnail","6":"product_brand-jbl","7":"product_cat-jbl-speaker","8":"product_tag-speakers","10":"first","11":"instock","12":"shipping-taxable","13":"product-type-simple"},"aioseo_notices":[],"aioseo_head":"\n\t\t<!-- All in One SEO Pro 4.5.9.2 - aioseo.com -->\n\t\t<meta name=\"description\" content=\"JBL Wind 3S is Portable Bluetooth Speaker . You can choose whatever you like to suit your needs. Placed on your dining table, clipped onto your backpack shoulder strap, looped on a lanyard\/tether, or even docked onto your bicycle handlebars, JBL Wind 3 delivers sound anywhere you go.\" \/>\n\t\t<meta name=\"robots\" content=\"max-image-preview:large\" \/>\n\t\t<link rel=\"canonical\" href=\"https:\/\/www.rucashk.com\/es\/producto\/jbl-bluetooth-speakers-wind-3s\/\" \/>\n\t\t<meta name=\"generator\" content=\"All in One SEO Pro (AIOSEO) 4.5.9.2\" \/>\n\t\t<meta property=\"og:locale\" content=\"es_ES\" \/>\n\t\t<meta property=\"og:site_name\" content=\"Rucas - One-stop AIoT Distribution Worldwide\" \/>\n\t\t<meta property=\"og:type\" content=\"article\" \/>\n\t\t<meta property=\"og:title\" content=\"JBL Bluetooth Speakers Wind 3s - Rucas - Wholesale and Distribution\" \/>\n\t\t<meta property=\"og:description\" content=\"JBL Wind 3S is Portable Bluetooth Speaker . You can choose whatever you like to suit your needs. Placed on your dining table, clipped onto your backpack shoulder strap, looped on a lanyard\/tether, or even docked onto your bicycle handlebars, JBL Wind 3 delivers sound anywhere you go.\" \/>\n\t\t<meta property=\"og:url\" content=\"https:\/\/www.rucashk.com\/es\/producto\/jbl-bluetooth-speakers-wind-3s\/\" \/>\n\t\t<meta property=\"og:image\" content=\"https:\/\/www.rucashk.com\/wp-content\/uploads\/replace\/503b8e645f128a97ccde2b6290747646.jpeg\" \/>\n\t\t<meta property=\"og:image:secure_url\" content=\"https:\/\/www.rucashk.com\/wp-content\/uploads\/replace\/503b8e645f128a97ccde2b6290747646.jpeg\" \/>\n\t\t<meta property=\"og:image:width\" content=\"1456\" \/>\n\t\t<meta property=\"og:image:height\" content=\"816\" \/>\n\t\t<meta property=\"article:published_time\" content=\"2024-03-13T15:23:25+00:00\" \/>\n\t\t<meta property=\"article:modified_time\" content=\"2024-04-16T13:31:42+00:00\" \/>\n\t\t<meta name=\"twitter:card\" content=\"summary_large_image\" \/>\n\t\t<meta name=\"twitter:title\" content=\"JBL Bluetooth Speakers Wind 3s - Rucas - Wholesale and Distribution\" \/>\n\t\t<meta name=\"twitter:description\" content=\"JBL Wind 3S is Portable Bluetooth Speaker . You can choose whatever you like to suit your needs. Placed on your dining table, clipped onto your backpack shoulder strap, looped on a lanyard\/tether, or even docked onto your bicycle handlebars, JBL Wind 3 delivers sound anywhere you go.\" \/>\n\t\t<meta name=\"twitter:image\" content=\"https:\/\/www.rucashk.com\/wp-content\/uploads\/replace\/503b8e645f128a97ccde2b6290747646.jpeg\" \/>\n\t\t<script type=\"application\/ld+json\" class=\"aioseo-schema\">\n\t\t\t{\"@context\":\"https:\\\/\\\/schema.org\",\"@graph\":[{\"@type\":\"BreadcrumbList\",\"@id\":\"https:\\\/\\\/www.rucashk.com\\\/es\\\/producto\\\/jbl-bluetooth-speakers-wind-3s\\\/#breadcrumblist\",\"itemListElement\":[{\"@type\":\"ListItem\",\"@id\":\"https:\\\/\\\/www.rucashk.com\\\/es\\\/#listItem\",\"position\":1,\"name\":\"Home\",\"item\":\"https:\\\/\\\/www.rucashk.com\\\/es\\\/\",\"nextItem\":\"https:\\\/\\\/www.rucashk.com\\\/es\\\/producto\\\/jbl-bluetooth-speakers-wind-3s\\\/#listItem\"},{\"@type\":\"ListItem\",\"@id\":\"https:\\\/\\\/www.rucashk.com\\\/es\\\/producto\\\/jbl-bluetooth-speakers-wind-3s\\\/#listItem\",\"position\":2,\"name\":\"JBL Bluetooth Speakers Wind 3s\",\"previousItem\":\"https:\\\/\\\/www.rucashk.com\\\/es\\\/#listItem\"}]},{\"@type\":\"Organization\",\"@id\":\"https:\\\/\\\/www.rucashk.com\\\/es\\\/#organization\",\"name\":\"Rucas\",\"url\":\"https:\\\/\\\/www.rucashk.com\\\/es\\\/\",\"logo\":{\"@type\":\"ImageObject\",\"url\":\"https:\\\/\\\/www.rucashk.com\\\/wp-content\\\/uploads\\\/2023\\\/12\\\/Rucas_campany_logo.png\",\"@id\":\"https:\\\/\\\/www.rucashk.com\\\/es\\\/producto\\\/jbl-bluetooth-speakers-wind-3s\\\/#organizationLogo\",\"width\":221,\"height\":65},\"image\":{\"@id\":\"https:\\\/\\\/www.rucashk.com\\\/es\\\/#organizationLogo\"}},{\"@type\":\"Person\",\"@id\":\"https:\\\/\\\/www.rucashk.com\\\/es\\\/author\\\/admin\\\/#author\",\"url\":\"https:\\\/\\\/www.rucashk.com\\\/es\\\/author\\\/admin\\\/\",\"name\":\"admin\",\"image\":{\"@type\":\"ImageObject\",\"@id\":\"https:\\\/\\\/www.rucashk.com\\\/es\\\/producto\\\/jbl-bluetooth-speakers-wind-3s\\\/#authorImage\",\"url\":\"https:\\\/\\\/secure.gravatar.com\\\/avatar\\\/b7c8925b09a27e72b30232f8ecaadbd5af0f70a38c78096863fe51b64f031c24?s=96&d=mm&r=g\",\"width\":96,\"height\":96,\"caption\":\"admin\"}},{\"@type\":\"WebPage\",\"@id\":\"https:\\\/\\\/www.rucashk.com\\\/es\\\/producto\\\/jbl-bluetooth-speakers-wind-3s\\\/#webpage\",\"url\":\"https:\\\/\\\/www.rucashk.com\\\/es\\\/producto\\\/jbl-bluetooth-speakers-wind-3s\\\/\",\"name\":\"JBL Bluetooth Speakers Wind 3s - Rucas - Wholesale and Distribution\",\"description\":\"JBL Wind 3S is Portable Bluetooth Speaker . You can choose whatever you like to suit your needs. Placed on your dining table, clipped onto your backpack shoulder strap, looped on a lanyard\\\/tether, or even docked onto your bicycle handlebars, JBL Wind 3 delivers sound anywhere you go.\",\"inLanguage\":\"es-ES\",\"isPartOf\":{\"@id\":\"https:\\\/\\\/www.rucashk.com\\\/es\\\/#website\"},\"breadcrumb\":{\"@id\":\"https:\\\/\\\/www.rucashk.com\\\/es\\\/producto\\\/jbl-bluetooth-speakers-wind-3s\\\/#breadcrumblist\"},\"author\":{\"@id\":\"https:\\\/\\\/www.rucashk.com\\\/es\\\/author\\\/admin\\\/#author\"},\"creator\":{\"@id\":\"https:\\\/\\\/www.rucashk.com\\\/es\\\/author\\\/admin\\\/#author\"},\"image\":{\"@type\":\"ImageObject\",\"url\":\"https:\\\/\\\/www.rucashk.com\\\/wp-content\\\/uploads\\\/2024\\\/03\\\/6ffc9785-740f-4099-9da6-1fbd91b9120d.webp\",\"@id\":\"https:\\\/\\\/www.rucashk.com\\\/es\\\/producto\\\/jbl-bluetooth-speakers-wind-3s\\\/#mainImage\",\"width\":800,\"height\":800},\"primaryImageOfPage\":{\"@id\":\"https:\\\/\\\/www.rucashk.com\\\/es\\\/producto\\\/jbl-bluetooth-speakers-wind-3s\\\/#mainImage\"},\"datePublished\":\"2024-03-13T15:23:25+00:00\",\"dateModified\":\"2024-04-16T13:31:42+00:00\"},{\"@type\":\"WebSite\",\"@id\":\"https:\\\/\\\/www.rucashk.com\\\/es\\\/#website\",\"url\":\"https:\\\/\\\/www.rucashk.com\\\/es\\\/\",\"name\":\"Rucas - Wholesale and distribution worldwide\",\"alternateName\":\"Rucas - One-stop AIoT Distribution Worldwide\",\"description\":\"One-stop AIoT Distribution Worldwide\",\"inLanguage\":\"es-ES\",\"publisher\":{\"@id\":\"https:\\\/\\\/www.rucashk.com\\\/es\\\/#organization\"}}]}\n\t\t<\/script>\n\t\t<!-- All in One SEO Pro -->\r\n\t\t<title>JBL Bluetooth Speakers Wind 3s - Rucas - Wholesale and Distribution<\/title>\n\n","aioseo_head_json":{"title":"JBL Bluetooth Speakers Wind 3s - Rucas - Wholesale and Distribution","description":"JBL Wind 3S is Portable Bluetooth Speaker . You can choose whatever you like to suit your needs. Placed on your dining table, clipped onto your backpack shoulder strap, looped on a lanyard\/tether, or even docked onto your bicycle handlebars, JBL Wind 3 delivers sound anywhere you go.","canonical_url":"https:\/\/www.rucashk.com\/es\/producto\/jbl-bluetooth-speakers-wind-3s\/","robots":"max-image-preview:large","keywords":"","webmasterTools":{"miscellaneous":""},"og:locale":"es_ES","og:site_name":"Rucas - One-stop AIoT Distribution Worldwide","og:type":"article","og:title":"JBL Bluetooth Speakers Wind 3s - Rucas - Wholesale and Distribution","og:description":"JBL Wind 3S is Portable Bluetooth Speaker . You can choose whatever you like to suit your needs. Placed on your dining table, clipped onto your backpack shoulder strap, looped on a lanyard\/tether, or even docked onto your bicycle handlebars, JBL Wind 3 delivers sound anywhere you go.","og:url":"https:\/\/www.rucashk.com\/es\/producto\/jbl-bluetooth-speakers-wind-3s\/","og:image":"https:\/\/www.rucashk.com\/wp-content\/uploads\/replace\/503b8e645f128a97ccde2b6290747646.jpeg","og:image:secure_url":"https:\/\/www.rucashk.com\/wp-content\/uploads\/replace\/503b8e645f128a97ccde2b6290747646.jpeg","og:image:width":1456,"og:image:height":816,"article:published_time":"2024-03-13T15:23:25+00:00","article:modified_time":"2024-04-16T13:31:42+00:00","twitter:card":"summary_large_image","twitter:title":"JBL Bluetooth Speakers Wind 3s - Rucas - Wholesale and Distribution","twitter:description":"JBL Wind 3S is Portable Bluetooth Speaker . You can choose whatever you like to suit your needs. Placed on your dining table, clipped onto your backpack shoulder strap, looped on a lanyard\/tether, or even docked onto your bicycle handlebars, JBL Wind 3 delivers sound anywhere you go.","twitter:image":"https:\/\/www.rucashk.com\/wp-content\/uploads\/replace\/503b8e645f128a97ccde2b6290747646.jpeg","schema":{"@context":"https:\/\/schema.org","@graph":[{"@type":"BreadcrumbList","@id":"https:\/\/www.rucashk.com\/es\/producto\/jbl-bluetooth-speakers-wind-3s\/#breadcrumblist","itemListElement":[{"@type":"ListItem","@id":"https:\/\/www.rucashk.com\/es\/#listItem","position":1,"name":"Home","item":"https:\/\/www.rucashk.com\/es\/","nextItem":"https:\/\/www.rucashk.com\/es\/producto\/jbl-bluetooth-speakers-wind-3s\/#listItem"},{"@type":"ListItem","@id":"https:\/\/www.rucashk.com\/es\/producto\/jbl-bluetooth-speakers-wind-3s\/#listItem","position":2,"name":"JBL Bluetooth Speakers Wind 3s","previousItem":"https:\/\/www.rucashk.com\/es\/#listItem"}]},{"@type":"Organization","@id":"https:\/\/www.rucashk.com\/es\/#organization","name":"Rucas","url":"https:\/\/www.rucashk.com\/es\/","logo":{"@type":"ImageObject","url":"https:\/\/www.rucashk.com\/wp-content\/uploads\/2023\/12\/Rucas_campany_logo.png","@id":"https:\/\/www.rucashk.com\/es\/producto\/jbl-bluetooth-speakers-wind-3s\/#organizationLogo","width":221,"height":65},"image":{"@id":"https:\/\/www.rucashk.com\/es\/#organizationLogo"}},{"@type":"Person","@id":"https:\/\/www.rucashk.com\/es\/author\/admin\/#author","url":"https:\/\/www.rucashk.com\/es\/author\/admin\/","name":"admin","image":{"@type":"ImageObject","@id":"https:\/\/www.rucashk.com\/es\/producto\/jbl-bluetooth-speakers-wind-3s\/#authorImage","url":"https:\/\/secure.gravatar.com\/avatar\/b7c8925b09a27e72b30232f8ecaadbd5af0f70a38c78096863fe51b64f031c24?s=96&d=mm&r=g","width":96,"height":96,"caption":"admin"}},{"@type":"WebPage","@id":"https:\/\/www.rucashk.com\/es\/producto\/jbl-bluetooth-speakers-wind-3s\/#webpage","url":"https:\/\/www.rucashk.com\/es\/producto\/jbl-bluetooth-speakers-wind-3s\/","name":"JBL Bluetooth Speakers Wind 3s - Rucas - Wholesale and Distribution","description":"JBL Wind 3S is Portable Bluetooth Speaker . You can choose whatever you like to suit your needs. Placed on your dining table, clipped onto your backpack shoulder strap, looped on a lanyard\/tether, or even docked onto your bicycle handlebars, JBL Wind 3 delivers sound anywhere you go.","inLanguage":"es-ES","isPartOf":{"@id":"https:\/\/www.rucashk.com\/es\/#website"},"breadcrumb":{"@id":"https:\/\/www.rucashk.com\/es\/producto\/jbl-bluetooth-speakers-wind-3s\/#breadcrumblist"},"author":{"@id":"https:\/\/www.rucashk.com\/es\/author\/admin\/#author"},"creator":{"@id":"https:\/\/www.rucashk.com\/es\/author\/admin\/#author"},"image":{"@type":"ImageObject","url":"https:\/\/www.rucashk.com\/wp-content\/uploads\/2024\/03\/6ffc9785-740f-4099-9da6-1fbd91b9120d.webp","@id":"https:\/\/www.rucashk.com\/es\/producto\/jbl-bluetooth-speakers-wind-3s\/#mainImage","width":800,"height":800},"primaryImageOfPage":{"@id":"https:\/\/www.rucashk.com\/es\/producto\/jbl-bluetooth-speakers-wind-3s\/#mainImage"},"datePublished":"2024-03-13T15:23:25+00:00","dateModified":"2024-04-16T13:31:42+00:00"},{"@type":"WebSite","@id":"https:\/\/www.rucashk.com\/es\/#website","url":"https:\/\/www.rucashk.com\/es\/","name":"Rucas - Wholesale and distribution worldwide","alternateName":"Rucas - One-stop AIoT Distribution Worldwide","description":"One-stop AIoT Distribution Worldwide","inLanguage":"es-ES","publisher":{"@id":"https:\/\/www.rucashk.com\/es\/#organization"}}]}},"aioseo_meta_data":{"post_id":"37562","title":null,"description":null,"keywords":null,"keyphrases":null,"primary_term":null,"canonical_url":null,"og_title":null,"og_description":null,"og_object_type":"default","og_image_type":"default","og_image_url":null,"og_image_width":null,"og_image_height":null,"og_image_custom_url":null,"og_image_custom_fields":null,"og_video":null,"og_custom_url":null,"og_article_section":null,"og_article_tags":null,"twitter_use_og":false,"twitter_card":"default","twitter_image_type":"default","twitter_image_url":null,"twitter_image_custom_url":null,"twitter_image_custom_fields":null,"twitter_title":null,"twitter_description":null,"schema":{"blockGraphs":[],"customGraphs":[],"default":{"data":{"Article":[],"Course":[],"Dataset":[],"FAQPage":[],"Movie":[],"Person":[],"Product":[],"Recipe":[],"Service":[],"SoftwareApplication":[],"WebPage":[]},"graphName":"","isEnabled":true},"graphs":[]},"schema_type":"default","schema_type_options":null,"pillar_content":false,"robots_default":true,"robots_noindex":false,"robots_noarchive":false,"robots_nosnippet":false,"robots_nofollow":false,"robots_noimageindex":false,"robots_noodp":false,"robots_notranslate":false,"robots_max_snippet":null,"robots_max_videopreview":null,"robots_max_imagepreview":"large","priority":null,"frequency":null,"local_seo":null,"breadcrumb_settings":null,"limit_modified_date":false,"created":"2024-04-11 01:57:23","updated":"2025-06-22 18:45:54"},"aioseo_breadcrumb":"<div class=\"aioseo-breadcrumbs\"><span class=\"aioseo-breadcrumb\">\n\t<a href=\"https:\/\/www.rucashk.com\/es\" title=\"Home\">Home<\/a>\n<\/span><span class=\"aioseo-breadcrumb-separator\">&raquo;<\/span><span class=\"aioseo-breadcrumb\">\n\t<a href=\"https:\/\/www.rucashk.com\/es\/products\/\" title=\"Productos\">Productos<\/a>\n<\/span><span class=\"aioseo-breadcrumb-separator\">&raquo;<\/span><span class=\"aioseo-breadcrumb\">\n\t<a href=\"https:\/\/www.rucashk.com\/es\/marca\/jbl\/\" title=\"JBL\">JBL<\/a>\n<\/span><span class=\"aioseo-breadcrumb-separator\">&raquo;<\/span><span class=\"aioseo-breadcrumb\">\n\tJBL Bluetooth Speakers Wind 3s\n<\/span><\/div>","aioseo_breadcrumb_json":[{"label":"Home","link":"https:\/\/www.rucashk.com\/es"},{"label":"Productos","link":"https:\/\/www.rucashk.com\/es\/products\/"},{"label":"JBL","link":"https:\/\/www.rucashk.com\/es\/marca\/jbl\/"},{"label":"JBL Bluetooth Speakers Wind 3s","link":"https:\/\/www.rucashk.com\/es\/producto\/jbl-bluetooth-speakers-wind-3s\/"}],"_links":{"self":[{"href":"https:\/\/www.rucashk.com\/es\/wp-json\/wp\/v2\/product\/37562","targetHints":{"allow":["GET"]}}],"collection":[{"href":"https:\/\/www.rucashk.com\/es\/wp-json\/wp\/v2\/product"}],"about":[{"href":"https:\/\/www.rucashk.com\/es\/wp-json\/wp\/v2\/types\/product"}],"wp:featuredmedia":[{"embeddable":true,"href":"https:\/\/www.rucashk.com\/es\/wp-json\/wp\/v2\/media\/37564"}],"wp:attachment":[{"href":"https:\/\/www.rucashk.com\/es\/wp-json\/wp\/v2\/media?parent=37562"}],"wp:term":[{"taxonomy":"product_brand","embeddable":true,"href":"https:\/\/www.rucashk.com\/es\/wp-json\/wp\/v2\/product_brand?post=37562"},{"taxonomy":"product_cat","embeddable":true,"href":"https:\/\/www.rucashk.com\/es\/wp-json\/wp\/v2\/product_cat?post=37562"},{"taxonomy":"product_tag","embeddable":true,"href":"https:\/\/www.rucashk.com\/es\/wp-json\/wp\/v2\/product_tag?post=37562"}],"curies":[{"name":"wp","href":"https:\/\/api.w.org\/{rel}","templated":true}]}}