{"id":37551,"date":"2024-03-13T15:15:25","date_gmt":"2024-03-13T15:15:25","guid":{"rendered":"http:\/\/rucashk.com\/?post_type=product&#038;p=37551"},"modified":"2024-04-16T13:31:43","modified_gmt":"2024-04-16T13:31:43","slug":"jbl-bluetooth-speakers-wind-3","status":"publish","type":"product","link":"https:\/\/www.rucashk.com\/es\/producto\/jbl-bluetooth-speakers-wind-3\/","title":{"rendered":"Altavoces Bluetooth JBL Viento 3"},"content":{"rendered":"<div class=\"lifestyle-feature\">\n<p style=\"text-align: center;\"><picture class=\"carousel-images-container\"><source srcset=\"https:\/\/www.jbl.com\/dw\/image\/v2\/BFND_PRD\/on\/demandware.static\/-\/Sites-masterCatalog_Harman\/default\/dwef9ffeef\/pdp\/JBL_WIND_3_LS2.png?sw=1356&amp;sh=840, https:\/\/www.jbl.com\/dw\/image\/v2\/BFND_PRD\/on\/demandware.static\/-\/Sites-masterCatalog_Harman\/default\/dwef9ffeef\/pdp\/JBL_WIND_3_LS2.png?sw=2034&amp;sh=1260 2x\" media=\"(min-width: 1200px)\" \/><source srcset=\"\/wp-content\/uploads\/replace\/d2c2199e52201ae1276c576196aa6bc0.png, https:\/\/www.jbl.com\/dw\/image\/v2\/BFND_PRD\/on\/demandware.static\/-\/Sites-masterCatalog_Harman\/default\/dwef9ffeef\/pdp\/JBL_WIND_3_LS2.png?sw=1356&amp;sh=840 2x \" media=\"(min-width: 992px) and (max-width: 1199.98px)\" \/><source srcset=\"\/wp-content\/uploads\/replace\/d2c2199e52201ae1276c576196aa6bc0.png, https:\/\/www.jbl.com\/dw\/image\/v2\/BFND_PRD\/on\/demandware.static\/-\/Sites-masterCatalog_Harman\/default\/dwef9ffeef\/pdp\/JBL_WIND_3_LS2.png?sw=356&amp;sh=356%202x\" media=\"(min-width: 768px) and (max-width: 991.98px)\" \/><source srcset=\"https:\/\/www.jbl.com\/dw\/image\/v2\/BFND_PRD\/on\/demandware.static\/-\/Sites-masterCatalog_Harman\/default\/dwef9ffeef\/pdp\/JBL_WIND_3_LS2.png?sw=390&amp;sh=241, https:\/\/www.jbl.com\/dw\/image\/v2\/BFND_PRD\/on\/demandware.static\/-\/Sites-masterCatalog_Harman\/default\/dwef9ffeef\/pdp\/JBL_WIND_3_LS2.png?sw=390&amp;sh=241%202x\" media=\"(min-width: 576px) and (max-width: 767.98px)\" \/><source srcset=\"https:\/\/www.jbl.com\/dw\/image\/v2\/BFND_PRD\/on\/demandware.static\/-\/Sites-masterCatalog_Harman\/default\/dwef9ffeef\/pdp\/JBL_WIND_3_LS2.png?sw=390&amp;sh=241, https:\/\/www.jbl.com\/dw\/image\/v2\/BFND_PRD\/on\/demandware.static\/-\/Sites-masterCatalog_Harman\/default\/dwef9ffeef\/pdp\/JBL_WIND_3_LS2.png?sw=390&amp;sh=241%202x\" media=\"(max-width: 575px)\" \/><img decoding=\"async\" src=\"\/wp-content\/uploads\/replace\/d2c2199e52201ae1276c576196aa6bc0.png\" alt=\"JBL Wind 3 LED Display - Image\" \/><\/picture><\/p>\n<div class=\"feature-text\" style=\"text-align: center;\">\n<h3>Pantalla LED<\/h3>\n<p>F\u00e1cil de leer, hace que montar y salir sea m\u00e1s c\u00f3modo y seguro<\/p>\n<\/div>\n<\/div>\n<div class=\"lifestyle-feature\">\n<p style=\"text-align: center;\"><picture class=\"carousel-images-container\"><source srcset=\"https:\/\/www.jbl.com\/dw\/image\/v2\/BFND_PRD\/on\/demandware.static\/-\/Sites-masterCatalog_Harman\/default\/dw77a021d9\/pdp\/JBLWind3LS3.png?sw=1356&amp;sh=840, https:\/\/www.jbl.com\/dw\/image\/v2\/BFND_PRD\/on\/demandware.static\/-\/Sites-masterCatalog_Harman\/default\/dw77a021d9\/pdp\/JBLWind3LS3.png?sw=2034&amp;sh=1260 2x\" media=\"(min-width: 1200px)\" \/><source srcset=\"\/wp-content\/uploads\/replace\/a919a3be4483a02b8b6f4456d732d195.png, https:\/\/www.jbl.com\/dw\/image\/v2\/BFND_PRD\/on\/demandware.static\/-\/Sites-masterCatalog_Harman\/default\/dw77a021d9\/pdp\/JBLWind3LS3.png?sw=1356&amp;sh=840 2x \" media=\"(min-width: 992px) and (max-width: 1199.98px)\" \/><source srcset=\"\/wp-content\/uploads\/replace\/a919a3be4483a02b8b6f4456d732d195.png, https:\/\/www.jbl.com\/dw\/image\/v2\/BFND_PRD\/on\/demandware.static\/-\/Sites-masterCatalog_Harman\/default\/dw77a021d9\/pdp\/JBLWind3LS3.png?sw=356&amp;sh=356%202x\" media=\"(min-width: 768px) and (max-width: 991.98px)\" \/><source srcset=\"https:\/\/www.jbl.com\/dw\/image\/v2\/BFND_PRD\/on\/demandware.static\/-\/Sites-masterCatalog_Harman\/default\/dw77a021d9\/pdp\/JBLWind3LS3.png?sw=390&amp;sh=241, https:\/\/www.jbl.com\/dw\/image\/v2\/BFND_PRD\/on\/demandware.static\/-\/Sites-masterCatalog_Harman\/default\/dw77a021d9\/pdp\/JBLWind3LS3.png?sw=390&amp;sh=241%202x\" media=\"(min-width: 576px) and (max-width: 767.98px)\" \/><source srcset=\"https:\/\/www.jbl.com\/dw\/image\/v2\/BFND_PRD\/on\/demandware.static\/-\/Sites-masterCatalog_Harman\/default\/dw77a021d9\/pdp\/JBLWind3LS3.png?sw=390&amp;sh=241, https:\/\/www.jbl.com\/dw\/image\/v2\/BFND_PRD\/on\/demandware.static\/-\/Sites-masterCatalog_Harman\/default\/dw77a021d9\/pdp\/JBLWind3LS3.png?sw=390&amp;sh=241%202x\" media=\"(max-width: 575px)\" \/><img decoding=\"async\" src=\"\/wp-content\/uploads\/replace\/a919a3be4483a02b8b6f4456d732d195.png\" alt=\"JBL Wind 3 Multiple Playback Sources: Bluetooth, FM Radio, TF\/ Micro SD, AUX in - Image\" \/><\/picture><\/p>\n<\/div>\n<p>JBL Wind 3 es un altavoz Bluetooth port\u00e1til duradero para viajes y viajes, listo para caminar por senderos, andar en bicicleta por las calles y cualquier otro lugar donde lo lleve su aventura.<\/p>\n<p>JBL Wind 3 es un altavoz Bluetooth port\u00e1til para bicicletas, incluido dos miembros de la familia:<br \/>\nVersi\u00f3n WIND3 y WIND3 Slim. Ambos son parlantes con Bluetooth, mientras que WIND3 admite m\u00e1s posibilidades de reproducci\u00f3n, como radio FM, entrada AUX y reproducci\u00f3n de medios TF\/microSD. Puedes elegir lo que quieras seg\u00fan tus necesidades. Sujetado a la correa del hombro de su mochila, sujeto a un cord\u00f3n o correa o incluso acoplado al manillar de su bicicleta, JBL Wind 3 ofrece sonido dondequiera que vaya.<\/p>\n<div class=\"lifestyle-feature\">\n<div class=\"feature-text\">\n<p style=\"text-align: center;\">\n<\/div>\n<\/div>","protected":false},"excerpt":{"rendered":"<p>JBL Wind 3 es un altavoz Bluetooth port\u00e1til para bicicletas, que incluye dos miembros de la familia: WIND3 y WIND3 Slim. Ambos son parlantes con Bluetooth, mientras que WIND3 admite m\u00e1s posibilidades de reproducci\u00f3n, como radio FM, entrada AUX y reproducci\u00f3n de medios TF\/microSD. Puedes elegir lo que quieras seg\u00fan tus necesidades. Sujetado a la correa del hombro de su mochila, sujeto a un cord\u00f3n o correa o incluso acoplado al manillar de su bicicleta, JBL Wind 3 ofrece sonido dondequiera que vaya.<\/p>","protected":false},"featured_media":37556,"template":"","meta":[],"product_brand":[1354],"product_cat":[1285],"product_tag":[],"class_list":{"0":"post-37551","1":"product","2":"type-product","3":"status-publish","4":"has-post-thumbnail","6":"product_brand-jbl","7":"product_cat-jbl-speaker","9":"first","10":"instock","11":"shipping-taxable","12":"product-type-simple"},"aioseo_notices":[],"aioseo_head":"\n\t\t<!-- All in One SEO Pro 4.5.9.2 - aioseo.com -->\n\t\t<meta name=\"description\" content=\"JBL Wind 3 is Portable Bluetooth Speaker for Cycles, including two family members: WIND3 and WIND3 Slim version. Both are Bluetooth-enabled speakers, while WIND3 support more playback possibilities such as FM Radio, AUX in, and TF\/microSD Media playback. You can choose whatever you like to suit your needs. Clipped onto your backpack shoulder strap, looped on a lanyard\/tether, or even docked onto your bicycle handlebars, JBL Wind 3 delivers sound anywhere you go.\" \/>\n\t\t<meta name=\"robots\" content=\"max-image-preview:large\" \/>\n\t\t<link rel=\"canonical\" href=\"https:\/\/www.rucashk.com\/es\/producto\/jbl-bluetooth-speakers-wind-3\/\" \/>\n\t\t<meta name=\"generator\" content=\"All in One SEO Pro (AIOSEO) 4.5.9.2\" \/>\n\t\t<meta property=\"og:locale\" content=\"es_ES\" \/>\n\t\t<meta property=\"og:site_name\" content=\"Rucas - One-stop AIoT Distribution Worldwide\" \/>\n\t\t<meta property=\"og:type\" content=\"article\" \/>\n\t\t<meta property=\"og:title\" content=\"JBL Bluetooth Speakers Wind 3 - Rucas - Wholesale and Distribution\" \/>\n\t\t<meta property=\"og:description\" content=\"JBL Wind 3 is Portable Bluetooth Speaker for Cycles, including two family members: WIND3 and WIND3 Slim version. Both are Bluetooth-enabled speakers, while WIND3 support more playback possibilities such as FM Radio, AUX in, and TF\/microSD Media playback. You can choose whatever you like to suit your needs. Clipped onto your backpack shoulder strap, looped on a lanyard\/tether, or even docked onto your bicycle handlebars, JBL Wind 3 delivers sound anywhere you go.\" \/>\n\t\t<meta property=\"og:url\" content=\"https:\/\/www.rucashk.com\/es\/producto\/jbl-bluetooth-speakers-wind-3\/\" \/>\n\t\t<meta property=\"og:image\" content=\"https:\/\/www.rucashk.com\/wp-content\/uploads\/replace\/503b8e645f128a97ccde2b6290747646.jpeg\" \/>\n\t\t<meta property=\"og:image:secure_url\" content=\"https:\/\/www.rucashk.com\/wp-content\/uploads\/replace\/503b8e645f128a97ccde2b6290747646.jpeg\" \/>\n\t\t<meta property=\"og:image:width\" content=\"1456\" \/>\n\t\t<meta property=\"og:image:height\" content=\"816\" \/>\n\t\t<meta property=\"article:published_time\" content=\"2024-03-13T15:15:25+00:00\" \/>\n\t\t<meta property=\"article:modified_time\" content=\"2024-04-16T13:31:43+00:00\" \/>\n\t\t<meta name=\"twitter:card\" content=\"summary_large_image\" \/>\n\t\t<meta name=\"twitter:title\" content=\"JBL Bluetooth Speakers Wind 3 - Rucas - Wholesale and Distribution\" \/>\n\t\t<meta name=\"twitter:description\" content=\"JBL Wind 3 is Portable Bluetooth Speaker for Cycles, including two family members: WIND3 and WIND3 Slim version. Both are Bluetooth-enabled speakers, while WIND3 support more playback possibilities such as FM Radio, AUX in, and TF\/microSD Media playback. You can choose whatever you like to suit your needs. Clipped onto your backpack shoulder strap, looped on a lanyard\/tether, or even docked onto your bicycle handlebars, JBL Wind 3 delivers sound anywhere you go.\" \/>\n\t\t<meta name=\"twitter:image\" content=\"https:\/\/www.rucashk.com\/wp-content\/uploads\/replace\/503b8e645f128a97ccde2b6290747646.jpeg\" \/>\n\t\t<script type=\"application\/ld+json\" class=\"aioseo-schema\">\n\t\t\t{\"@context\":\"https:\\\/\\\/schema.org\",\"@graph\":[{\"@type\":\"BreadcrumbList\",\"@id\":\"https:\\\/\\\/www.rucashk.com\\\/es\\\/producto\\\/jbl-bluetooth-speakers-wind-3\\\/#breadcrumblist\",\"itemListElement\":[{\"@type\":\"ListItem\",\"@id\":\"https:\\\/\\\/www.rucashk.com\\\/es\\\/#listItem\",\"position\":1,\"name\":\"Home\",\"item\":\"https:\\\/\\\/www.rucashk.com\\\/es\\\/\",\"nextItem\":\"https:\\\/\\\/www.rucashk.com\\\/es\\\/producto\\\/jbl-bluetooth-speakers-wind-3\\\/#listItem\"},{\"@type\":\"ListItem\",\"@id\":\"https:\\\/\\\/www.rucashk.com\\\/es\\\/producto\\\/jbl-bluetooth-speakers-wind-3\\\/#listItem\",\"position\":2,\"name\":\"JBL Bluetooth Speakers Wind 3\",\"previousItem\":\"https:\\\/\\\/www.rucashk.com\\\/es\\\/#listItem\"}]},{\"@type\":\"Organization\",\"@id\":\"https:\\\/\\\/www.rucashk.com\\\/es\\\/#organization\",\"name\":\"Rucas\",\"url\":\"https:\\\/\\\/www.rucashk.com\\\/es\\\/\",\"logo\":{\"@type\":\"ImageObject\",\"url\":\"https:\\\/\\\/www.rucashk.com\\\/wp-content\\\/uploads\\\/2023\\\/12\\\/Rucas_campany_logo.png\",\"@id\":\"https:\\\/\\\/www.rucashk.com\\\/es\\\/producto\\\/jbl-bluetooth-speakers-wind-3\\\/#organizationLogo\",\"width\":221,\"height\":65},\"image\":{\"@id\":\"https:\\\/\\\/www.rucashk.com\\\/es\\\/#organizationLogo\"}},{\"@type\":\"Person\",\"@id\":\"https:\\\/\\\/www.rucashk.com\\\/es\\\/author\\\/admin\\\/#author\",\"url\":\"https:\\\/\\\/www.rucashk.com\\\/es\\\/author\\\/admin\\\/\",\"name\":\"admin\",\"image\":{\"@type\":\"ImageObject\",\"@id\":\"https:\\\/\\\/www.rucashk.com\\\/es\\\/producto\\\/jbl-bluetooth-speakers-wind-3\\\/#authorImage\",\"url\":\"https:\\\/\\\/secure.gravatar.com\\\/avatar\\\/b7c8925b09a27e72b30232f8ecaadbd5af0f70a38c78096863fe51b64f031c24?s=96&d=mm&r=g\",\"width\":96,\"height\":96,\"caption\":\"admin\"}},{\"@type\":\"WebPage\",\"@id\":\"https:\\\/\\\/www.rucashk.com\\\/es\\\/producto\\\/jbl-bluetooth-speakers-wind-3\\\/#webpage\",\"url\":\"https:\\\/\\\/www.rucashk.com\\\/es\\\/producto\\\/jbl-bluetooth-speakers-wind-3\\\/\",\"name\":\"JBL Bluetooth Speakers Wind 3 - Rucas - Wholesale and Distribution\",\"description\":\"JBL Wind 3 is Portable Bluetooth Speaker for Cycles, including two family members: WIND3 and WIND3 Slim version. Both are Bluetooth-enabled speakers, while WIND3 support more playback possibilities such as FM Radio, AUX in, and TF\\\/microSD Media playback. You can choose whatever you like to suit your needs. Clipped onto your backpack shoulder strap, looped on a lanyard\\\/tether, or even docked onto your bicycle handlebars, JBL Wind 3 delivers sound anywhere you go.\",\"inLanguage\":\"es-ES\",\"isPartOf\":{\"@id\":\"https:\\\/\\\/www.rucashk.com\\\/es\\\/#website\"},\"breadcrumb\":{\"@id\":\"https:\\\/\\\/www.rucashk.com\\\/es\\\/producto\\\/jbl-bluetooth-speakers-wind-3\\\/#breadcrumblist\"},\"author\":{\"@id\":\"https:\\\/\\\/www.rucashk.com\\\/es\\\/author\\\/admin\\\/#author\"},\"creator\":{\"@id\":\"https:\\\/\\\/www.rucashk.com\\\/es\\\/author\\\/admin\\\/#author\"},\"image\":{\"@type\":\"ImageObject\",\"url\":\"https:\\\/\\\/www.rucashk.com\\\/wp-content\\\/uploads\\\/2024\\\/03\\\/2e0d1961-878f-45e9-9518-ce7a9f1290df.png\",\"@id\":\"https:\\\/\\\/www.rucashk.com\\\/es\\\/producto\\\/jbl-bluetooth-speakers-wind-3\\\/#mainImage\",\"width\":1605,\"height\":1605},\"primaryImageOfPage\":{\"@id\":\"https:\\\/\\\/www.rucashk.com\\\/es\\\/producto\\\/jbl-bluetooth-speakers-wind-3\\\/#mainImage\"},\"datePublished\":\"2024-03-13T15:15:25+00:00\",\"dateModified\":\"2024-04-16T13:31:43+00:00\"},{\"@type\":\"WebSite\",\"@id\":\"https:\\\/\\\/www.rucashk.com\\\/es\\\/#website\",\"url\":\"https:\\\/\\\/www.rucashk.com\\\/es\\\/\",\"name\":\"Rucas - Wholesale and distribution worldwide\",\"alternateName\":\"Rucas - One-stop AIoT Distribution Worldwide\",\"description\":\"One-stop AIoT Distribution Worldwide\",\"inLanguage\":\"es-ES\",\"publisher\":{\"@id\":\"https:\\\/\\\/www.rucashk.com\\\/es\\\/#organization\"}}]}\n\t\t<\/script>\n\t\t<!-- All in One SEO Pro -->\r\n\t\t<title>JBL Bluetooth Speakers Wind 3 - Rucas - Wholesale and Distribution<\/title>\n\n","aioseo_head_json":{"title":"JBL Bluetooth Speakers Wind 3 - Rucas - Wholesale and Distribution","description":"JBL Wind 3 is Portable Bluetooth Speaker for Cycles, including two family members: WIND3 and WIND3 Slim version. Both are Bluetooth-enabled speakers, while WIND3 support more playback possibilities such as FM Radio, AUX in, and TF\/microSD Media playback. You can choose whatever you like to suit your needs. Clipped onto your backpack shoulder strap, looped on a lanyard\/tether, or even docked onto your bicycle handlebars, JBL Wind 3 delivers sound anywhere you go.","canonical_url":"https:\/\/www.rucashk.com\/es\/producto\/jbl-bluetooth-speakers-wind-3\/","robots":"max-image-preview:large","keywords":"","webmasterTools":{"miscellaneous":""},"og:locale":"es_ES","og:site_name":"Rucas - One-stop AIoT Distribution Worldwide","og:type":"article","og:title":"JBL Bluetooth Speakers Wind 3 - Rucas - Wholesale and Distribution","og:description":"JBL Wind 3 is Portable Bluetooth Speaker for Cycles, including two family members: WIND3 and WIND3 Slim version. Both are Bluetooth-enabled speakers, while WIND3 support more playback possibilities such as FM Radio, AUX in, and TF\/microSD Media playback. You can choose whatever you like to suit your needs. Clipped onto your backpack shoulder strap, looped on a lanyard\/tether, or even docked onto your bicycle handlebars, JBL Wind 3 delivers sound anywhere you go.","og:url":"https:\/\/www.rucashk.com\/es\/producto\/jbl-bluetooth-speakers-wind-3\/","og:image":"https:\/\/www.rucashk.com\/wp-content\/uploads\/replace\/503b8e645f128a97ccde2b6290747646.jpeg","og:image:secure_url":"https:\/\/www.rucashk.com\/wp-content\/uploads\/replace\/503b8e645f128a97ccde2b6290747646.jpeg","og:image:width":1456,"og:image:height":816,"article:published_time":"2024-03-13T15:15:25+00:00","article:modified_time":"2024-04-16T13:31:43+00:00","twitter:card":"summary_large_image","twitter:title":"JBL Bluetooth Speakers Wind 3 - Rucas - Wholesale and Distribution","twitter:description":"JBL Wind 3 is Portable Bluetooth Speaker for Cycles, including two family members: WIND3 and WIND3 Slim version. Both are Bluetooth-enabled speakers, while WIND3 support more playback possibilities such as FM Radio, AUX in, and TF\/microSD Media playback. You can choose whatever you like to suit your needs. Clipped onto your backpack shoulder strap, looped on a lanyard\/tether, or even docked onto your bicycle handlebars, JBL Wind 3 delivers sound anywhere you go.","twitter:image":"https:\/\/www.rucashk.com\/wp-content\/uploads\/replace\/503b8e645f128a97ccde2b6290747646.jpeg","schema":{"@context":"https:\/\/schema.org","@graph":[{"@type":"BreadcrumbList","@id":"https:\/\/www.rucashk.com\/es\/producto\/jbl-bluetooth-speakers-wind-3\/#breadcrumblist","itemListElement":[{"@type":"ListItem","@id":"https:\/\/www.rucashk.com\/es\/#listItem","position":1,"name":"Home","item":"https:\/\/www.rucashk.com\/es\/","nextItem":"https:\/\/www.rucashk.com\/es\/producto\/jbl-bluetooth-speakers-wind-3\/#listItem"},{"@type":"ListItem","@id":"https:\/\/www.rucashk.com\/es\/producto\/jbl-bluetooth-speakers-wind-3\/#listItem","position":2,"name":"JBL Bluetooth Speakers Wind 3","previousItem":"https:\/\/www.rucashk.com\/es\/#listItem"}]},{"@type":"Organization","@id":"https:\/\/www.rucashk.com\/es\/#organization","name":"Rucas","url":"https:\/\/www.rucashk.com\/es\/","logo":{"@type":"ImageObject","url":"https:\/\/www.rucashk.com\/wp-content\/uploads\/2023\/12\/Rucas_campany_logo.png","@id":"https:\/\/www.rucashk.com\/es\/producto\/jbl-bluetooth-speakers-wind-3\/#organizationLogo","width":221,"height":65},"image":{"@id":"https:\/\/www.rucashk.com\/es\/#organizationLogo"}},{"@type":"Person","@id":"https:\/\/www.rucashk.com\/es\/author\/admin\/#author","url":"https:\/\/www.rucashk.com\/es\/author\/admin\/","name":"admin","image":{"@type":"ImageObject","@id":"https:\/\/www.rucashk.com\/es\/producto\/jbl-bluetooth-speakers-wind-3\/#authorImage","url":"https:\/\/secure.gravatar.com\/avatar\/b7c8925b09a27e72b30232f8ecaadbd5af0f70a38c78096863fe51b64f031c24?s=96&d=mm&r=g","width":96,"height":96,"caption":"admin"}},{"@type":"WebPage","@id":"https:\/\/www.rucashk.com\/es\/producto\/jbl-bluetooth-speakers-wind-3\/#webpage","url":"https:\/\/www.rucashk.com\/es\/producto\/jbl-bluetooth-speakers-wind-3\/","name":"JBL Bluetooth Speakers Wind 3 - Rucas - Wholesale and Distribution","description":"JBL Wind 3 is Portable Bluetooth Speaker for Cycles, including two family members: WIND3 and WIND3 Slim version. Both are Bluetooth-enabled speakers, while WIND3 support more playback possibilities such as FM Radio, AUX in, and TF\/microSD Media playback. You can choose whatever you like to suit your needs. Clipped onto your backpack shoulder strap, looped on a lanyard\/tether, or even docked onto your bicycle handlebars, JBL Wind 3 delivers sound anywhere you go.","inLanguage":"es-ES","isPartOf":{"@id":"https:\/\/www.rucashk.com\/es\/#website"},"breadcrumb":{"@id":"https:\/\/www.rucashk.com\/es\/producto\/jbl-bluetooth-speakers-wind-3\/#breadcrumblist"},"author":{"@id":"https:\/\/www.rucashk.com\/es\/author\/admin\/#author"},"creator":{"@id":"https:\/\/www.rucashk.com\/es\/author\/admin\/#author"},"image":{"@type":"ImageObject","url":"https:\/\/www.rucashk.com\/wp-content\/uploads\/2024\/03\/2e0d1961-878f-45e9-9518-ce7a9f1290df.png","@id":"https:\/\/www.rucashk.com\/es\/producto\/jbl-bluetooth-speakers-wind-3\/#mainImage","width":1605,"height":1605},"primaryImageOfPage":{"@id":"https:\/\/www.rucashk.com\/es\/producto\/jbl-bluetooth-speakers-wind-3\/#mainImage"},"datePublished":"2024-03-13T15:15:25+00:00","dateModified":"2024-04-16T13:31:43+00:00"},{"@type":"WebSite","@id":"https:\/\/www.rucashk.com\/es\/#website","url":"https:\/\/www.rucashk.com\/es\/","name":"Rucas - Wholesale and distribution worldwide","alternateName":"Rucas - One-stop AIoT Distribution Worldwide","description":"One-stop AIoT Distribution Worldwide","inLanguage":"es-ES","publisher":{"@id":"https:\/\/www.rucashk.com\/es\/#organization"}}]}},"aioseo_meta_data":{"post_id":"37551","title":null,"description":null,"keywords":null,"keyphrases":null,"primary_term":null,"canonical_url":null,"og_title":null,"og_description":null,"og_object_type":"default","og_image_type":"default","og_image_url":null,"og_image_width":null,"og_image_height":null,"og_image_custom_url":null,"og_image_custom_fields":null,"og_video":null,"og_custom_url":null,"og_article_section":null,"og_article_tags":null,"twitter_use_og":false,"twitter_card":"default","twitter_image_type":"default","twitter_image_url":null,"twitter_image_custom_url":null,"twitter_image_custom_fields":null,"twitter_title":null,"twitter_description":null,"schema":{"blockGraphs":[],"customGraphs":[],"default":{"data":{"Article":[],"Course":[],"Dataset":[],"FAQPage":[],"Movie":[],"Person":[],"Product":[],"Recipe":[],"Service":[],"SoftwareApplication":[],"WebPage":[]},"graphName":"","isEnabled":true},"graphs":[]},"schema_type":"default","schema_type_options":null,"pillar_content":false,"robots_default":true,"robots_noindex":false,"robots_noarchive":false,"robots_nosnippet":false,"robots_nofollow":false,"robots_noimageindex":false,"robots_noodp":false,"robots_notranslate":false,"robots_max_snippet":null,"robots_max_videopreview":null,"robots_max_imagepreview":"large","priority":null,"frequency":null,"local_seo":null,"breadcrumb_settings":null,"limit_modified_date":false,"created":"2024-04-11 01:57:23","updated":"2025-06-22 18:45:54"},"aioseo_breadcrumb":"<div class=\"aioseo-breadcrumbs\"><span class=\"aioseo-breadcrumb\">\n\t<a href=\"https:\/\/www.rucashk.com\/es\" title=\"Home\">Home<\/a>\n<\/span><span class=\"aioseo-breadcrumb-separator\">&raquo;<\/span><span class=\"aioseo-breadcrumb\">\n\t<a href=\"https:\/\/www.rucashk.com\/es\/products\/\" title=\"Productos\">Productos<\/a>\n<\/span><span class=\"aioseo-breadcrumb-separator\">&raquo;<\/span><span class=\"aioseo-breadcrumb\">\n\t<a href=\"https:\/\/www.rucashk.com\/es\/marca\/jbl\/\" title=\"JBL\">JBL<\/a>\n<\/span><span class=\"aioseo-breadcrumb-separator\">&raquo;<\/span><span class=\"aioseo-breadcrumb\">\n\tJBL Bluetooth Speakers Wind 3\n<\/span><\/div>","aioseo_breadcrumb_json":[{"label":"Home","link":"https:\/\/www.rucashk.com\/es"},{"label":"Productos","link":"https:\/\/www.rucashk.com\/es\/products\/"},{"label":"JBL","link":"https:\/\/www.rucashk.com\/es\/marca\/jbl\/"},{"label":"JBL Bluetooth Speakers Wind 3","link":"https:\/\/www.rucashk.com\/es\/producto\/jbl-bluetooth-speakers-wind-3\/"}],"_links":{"self":[{"href":"https:\/\/www.rucashk.com\/es\/wp-json\/wp\/v2\/product\/37551","targetHints":{"allow":["GET"]}}],"collection":[{"href":"https:\/\/www.rucashk.com\/es\/wp-json\/wp\/v2\/product"}],"about":[{"href":"https:\/\/www.rucashk.com\/es\/wp-json\/wp\/v2\/types\/product"}],"wp:featuredmedia":[{"embeddable":true,"href":"https:\/\/www.rucashk.com\/es\/wp-json\/wp\/v2\/media\/37556"}],"wp:attachment":[{"href":"https:\/\/www.rucashk.com\/es\/wp-json\/wp\/v2\/media?parent=37551"}],"wp:term":[{"taxonomy":"product_brand","embeddable":true,"href":"https:\/\/www.rucashk.com\/es\/wp-json\/wp\/v2\/product_brand?post=37551"},{"taxonomy":"product_cat","embeddable":true,"href":"https:\/\/www.rucashk.com\/es\/wp-json\/wp\/v2\/product_cat?post=37551"},{"taxonomy":"product_tag","embeddable":true,"href":"https:\/\/www.rucashk.com\/es\/wp-json\/wp\/v2\/product_tag?post=37551"}],"curies":[{"name":"wp","href":"https:\/\/api.w.org\/{rel}","templated":true}]}}