{"id":37515,"date":"2024-03-13T14:37:57","date_gmt":"2024-03-13T14:37:57","guid":{"rendered":"http:\/\/rucashk.com\/?post_type=product&#038;p=37515"},"modified":"2024-04-16T13:31:40","modified_gmt":"2024-04-16T13:31:40","slug":"jbl-charge-5-portable-waterproof-speaker-with-powerbank","status":"publish","type":"product","link":"https:\/\/www.rucashk.com\/es\/producto\/jbl-charge-5-portable-waterproof-speaker-with-powerbank\/","title":{"rendered":"Altavoz port\u00e1til resistente al agua JBL Charge 5 con Powerbank"},"content":{"rendered":"<section class=\"pdp-features in-view\" data-section=\"features\" data-headline=\"Features\">\n<div class=\"expanded-features\">\n<div class=\"expanded-feature -lifestyle not-in-view\">\n<div class=\"imagery\"><img decoding=\"async\" class=\"aligncenter\" src=\"\/wp-content\/uploads\/replace\/5610944a60fc087a24544237090dec0d.png\" alt=\"Bold JBL Original Pro Sound\" data-src=\"\/on\/demandware.static\/-\/Sites-masterCatalog_Harman\/default\/dwaaae4edc\/pdp\/JBL_Charge_5_Lifestyle2_904x560px.png\" \/><\/div>\n<div class=\"copy\" style=\"text-align: center;\">\n<h3>Sonido profesional original de JBL audaz<\/h3>\n<p>Lleva contigo el incre\u00edble poder de JBL Pro Sound. El JBL Charge 5 tiene un controlador de excursi\u00f3n largo optimizado, un tweeter independiente y dos radiadores de graves JBL, todos los cuales ofrecen un audio impresionantemente rico y claro. Obtenga ese sonido de habitaci\u00f3n grande, incluso al aire libre.<\/p>\n<\/div>\n<\/div>\n<div class=\"expanded-feature -lifestyle not-in-view\" style=\"text-align: center;\">\n<div class=\"imagery\"><img decoding=\"async\" src=\"\/wp-content\/uploads\/replace\/68139408ac1309d047c56f687dfb5607.png\" alt=\"20 hours of playtime\" data-src=\"\/on\/demandware.static\/-\/Sites-masterCatalog_Harman\/default\/dw6cbc7d86\/pdp\/JBL_Charge_5_Lifestyle1_904x560px.png\" \/><\/div>\n<div class=\"copy\">\n<h3>20 horas de juego<\/h3>\n<p>La diversi\u00f3n no tiene por qu\u00e9 parar. Equipado con una incre\u00edble duraci\u00f3n de bater\u00eda de 20 horas, JBL Charge 5 te permite divertirte todo el d\u00eda y toda la noche.<\/p>\n<\/div>\n<\/div>\n<div class=\"expanded-feature -lifestyle not-in-view\" style=\"text-align: center;\">\n<div class=\"imagery\"><img decoding=\"async\" src=\"\/wp-content\/uploads\/replace\/b9d966269bd1518163c65e98fae478c5.png\" alt=\"IP67 waterproof and dustproof\" data-src=\"\/on\/demandware.static\/-\/Sites-masterCatalog_Harman\/default\/dw3d0ef7e9\/pdp\/JBL_Charge_5_Lifestyle3_904x560px.png\" \/><\/div>\n<div class=\"copy\"><\/div>\n<\/div>\n<\/div>\n<div class=\"feature-slider slick-initialized slick-slider slick-dotted\" style=\"text-align: center;\">\n<h3>IP67 a prueba de agua y polvo<\/h3>\n<p>A la piscina. Al parque. JBL Charge 5 es resistente al agua y al polvo IP67, por lo que puedes llevar tu altavoz a cualquier lugar.<\/p>\n<\/div>\n<\/section>\n<div class=\"content-asset-pdp\" style=\"text-align: center;\" data-modulelayer=\"banner above video\"><\/div>\n<section class=\"content-asset -pdp-slot-2 in-view\">\n<div class=\"content-asset -has-mb\" data-caid=\"CHARGE5-_EMEA_SLOT2\">\n<div class=\"mb-wrapper -width-constraint  -ready\" data-ipn=\"false\" data-id=\"mb-set-JBL-PDP-AwardBanner-Charge5\" data-siteid=\"JB-APAC-NCOM\" data-brand=\"JBL\" data-locale=\"en_KH\" data-realm=\"false\">\n<div class=\"mb-standard mb-mod-wrapper -has-banner in-view\">\n<div class=\"mb-mod mb-banner  -cta-brand -textalign-left -placement-left -placement-middle -text-area-small -image-placement-behind -image-placement-m-top                                         -border-radius-$BorderRadius\" data-type=\"banner\"><picture class=\"picture\"><source srcset=\"https:\/\/kh.jbl.com\/on\/demandware.static\/-\/Library-Sites-ContentBuilders\/default\/dw0ffd3628\/module-builder\/jbl\/pdp-award-banners\/charge5\/JBL-PDP_AwardBanner_Charge5_Mobile_414x472px@2x.jpg\" media=\"(max-width: 900px)\" \/><source srcset=\"https:\/\/kh.jbl.com\/on\/demandware.static\/-\/Library-Sites-ContentBuilders\/default\/dw0a4ae485\/module-builder\/jbl\/pdp-award-banners\/charge5\/JBL-PDP_AwardBanner_Charge5_Desktop_1052x480px@2x.jpg\" media=\"(min-width: 901px)\" \/><img decoding=\"async\" class=\"aligncenter\" src=\"data:image\/gif;base64,R0lGODlhAQABAAAAACH5BAEKAAEALAAAAAABAAEAAAICTAEAOw==\" alt=\"Visual\" \/><\/picture><\/div>\n<\/div>\n<\/div>\n<\/div>\n<\/section>","protected":false},"excerpt":{"rendered":"<p>Ll\u00e9vate la fiesta contigo sin importar el clima. El altavoz JBL Charge 5 ofrece el audaz sonido JBL Original Pro, con su controlador optimizado de larga excursi\u00f3n, tweeter independiente y radiadores de graves JBL de doble bombeo. Hasta 20 horas de reproducci\u00f3n y un pr\u00e1ctico powerbank para mantener tus dispositivos cargados y que la fiesta dure toda la noche. \u00bfLluvia? \u00bfBebidas derramadas? \u00bfArena de playa? El Charge 5 resistente al agua y al polvo IP67 sobrevive a todo lo que se le presente. Gracias a PartyBoost, puedes conectar varios altavoces JBL compatibles con PartyBoost para obtener un sonido lo suficientemente potente para cualquier multitud. Con colores completamente nuevos inspirados en las \u00faltimas tendencias de la moda urbana, luce tan bien como suena.<\/p>","protected":false},"featured_media":37525,"template":"","meta":[],"product_brand":[1354],"product_cat":[1285],"product_tag":[1357],"class_list":{"0":"post-37515","1":"product","2":"type-product","3":"status-publish","4":"has-post-thumbnail","6":"product_brand-jbl","7":"product_cat-jbl-speaker","8":"product_tag-speaker","10":"first","11":"instock","12":"shipping-taxable","13":"product-type-simple"},"aioseo_notices":[],"aioseo_head":"\n\t\t<!-- All in One SEO Pro 4.5.9.2 - aioseo.com -->\n\t\t<meta name=\"description\" content=\"Take the party with you no matter what the weather. The JBL Charge 5 speaker delivers bold JBL Original Pro Sound, with its optimized long excursion driver, separate tweeter and dual pumping JBL bass radiators. Up to 20 hours of playtime and a handy powerbank to keep your devices charged to keep the party going all night. Rain? Spilled drinks? Beach sand? The IP67 waterproof and dustproof Charge 5 survives whatever comes its way. Thanks to PartyBoost, you can connect multiple JBL PartyBoost-enabled speakers for a sound big enough for any crowd. With all-new colors inspired by the latest street fashion trends, it looks as great as it sounds.\" \/>\n\t\t<meta name=\"robots\" content=\"max-image-preview:large\" \/>\n\t\t<link rel=\"canonical\" href=\"https:\/\/www.rucashk.com\/es\/producto\/jbl-charge-5-portable-waterproof-speaker-with-powerbank\/\" \/>\n\t\t<meta name=\"generator\" content=\"All in One SEO Pro (AIOSEO) 4.5.9.2\" \/>\n\t\t<meta property=\"og:locale\" content=\"es_ES\" \/>\n\t\t<meta property=\"og:site_name\" content=\"Rucas - One-stop AIoT Distribution Worldwide\" \/>\n\t\t<meta property=\"og:type\" content=\"article\" \/>\n\t\t<meta property=\"og:title\" content=\"JBL Charge 5 Portable Waterproof Speaker with Powerbank - Rucas - Wholesale and Distribution\" \/>\n\t\t<meta property=\"og:description\" content=\"Take the party with you no matter what the weather. The JBL Charge 5 speaker delivers bold JBL Original Pro Sound, with its optimized long excursion driver, separate tweeter and dual pumping JBL bass radiators. Up to 20 hours of playtime and a handy powerbank to keep your devices charged to keep the party going all night. Rain? Spilled drinks? Beach sand? The IP67 waterproof and dustproof Charge 5 survives whatever comes its way. Thanks to PartyBoost, you can connect multiple JBL PartyBoost-enabled speakers for a sound big enough for any crowd. With all-new colors inspired by the latest street fashion trends, it looks as great as it sounds.\" \/>\n\t\t<meta property=\"og:url\" content=\"https:\/\/www.rucashk.com\/es\/producto\/jbl-charge-5-portable-waterproof-speaker-with-powerbank\/\" \/>\n\t\t<meta property=\"og:image\" content=\"https:\/\/www.rucashk.com\/wp-content\/uploads\/replace\/503b8e645f128a97ccde2b6290747646.jpeg\" \/>\n\t\t<meta property=\"og:image:secure_url\" content=\"https:\/\/www.rucashk.com\/wp-content\/uploads\/replace\/503b8e645f128a97ccde2b6290747646.jpeg\" \/>\n\t\t<meta property=\"og:image:width\" content=\"1456\" \/>\n\t\t<meta property=\"og:image:height\" content=\"816\" \/>\n\t\t<meta property=\"article:published_time\" content=\"2024-03-13T14:37:57+00:00\" \/>\n\t\t<meta property=\"article:modified_time\" content=\"2024-04-16T13:31:40+00:00\" \/>\n\t\t<meta name=\"twitter:card\" content=\"summary_large_image\" \/>\n\t\t<meta name=\"twitter:title\" content=\"JBL Charge 5 Portable Waterproof Speaker with Powerbank - Rucas - Wholesale and Distribution\" \/>\n\t\t<meta name=\"twitter:description\" content=\"Take the party with you no matter what the weather. The JBL Charge 5 speaker delivers bold JBL Original Pro Sound, with its optimized long excursion driver, separate tweeter and dual pumping JBL bass radiators. Up to 20 hours of playtime and a handy powerbank to keep your devices charged to keep the party going all night. Rain? Spilled drinks? Beach sand? The IP67 waterproof and dustproof Charge 5 survives whatever comes its way. Thanks to PartyBoost, you can connect multiple JBL PartyBoost-enabled speakers for a sound big enough for any crowd. With all-new colors inspired by the latest street fashion trends, it looks as great as it sounds.\" \/>\n\t\t<meta name=\"twitter:image\" content=\"https:\/\/www.rucashk.com\/wp-content\/uploads\/replace\/503b8e645f128a97ccde2b6290747646.jpeg\" \/>\n\t\t<script type=\"application\/ld+json\" class=\"aioseo-schema\">\n\t\t\t{\"@context\":\"https:\\\/\\\/schema.org\",\"@graph\":[{\"@type\":\"BreadcrumbList\",\"@id\":\"https:\\\/\\\/www.rucashk.com\\\/es\\\/producto\\\/jbl-charge-5-portable-waterproof-speaker-with-powerbank\\\/#breadcrumblist\",\"itemListElement\":[{\"@type\":\"ListItem\",\"@id\":\"https:\\\/\\\/www.rucashk.com\\\/es\\\/#listItem\",\"position\":1,\"name\":\"Home\",\"item\":\"https:\\\/\\\/www.rucashk.com\\\/es\\\/\",\"nextItem\":\"https:\\\/\\\/www.rucashk.com\\\/es\\\/producto\\\/jbl-charge-5-portable-waterproof-speaker-with-powerbank\\\/#listItem\"},{\"@type\":\"ListItem\",\"@id\":\"https:\\\/\\\/www.rucashk.com\\\/es\\\/producto\\\/jbl-charge-5-portable-waterproof-speaker-with-powerbank\\\/#listItem\",\"position\":2,\"name\":\"JBL Charge 5 Portable Waterproof Speaker with Powerbank\",\"previousItem\":\"https:\\\/\\\/www.rucashk.com\\\/es\\\/#listItem\"}]},{\"@type\":\"Organization\",\"@id\":\"https:\\\/\\\/www.rucashk.com\\\/es\\\/#organization\",\"name\":\"Rucas\",\"url\":\"https:\\\/\\\/www.rucashk.com\\\/es\\\/\",\"logo\":{\"@type\":\"ImageObject\",\"url\":\"https:\\\/\\\/www.rucashk.com\\\/wp-content\\\/uploads\\\/2023\\\/12\\\/Rucas_campany_logo.png\",\"@id\":\"https:\\\/\\\/www.rucashk.com\\\/es\\\/producto\\\/jbl-charge-5-portable-waterproof-speaker-with-powerbank\\\/#organizationLogo\",\"width\":221,\"height\":65},\"image\":{\"@id\":\"https:\\\/\\\/www.rucashk.com\\\/es\\\/#organizationLogo\"}},{\"@type\":\"Person\",\"@id\":\"https:\\\/\\\/www.rucashk.com\\\/es\\\/author\\\/admin\\\/#author\",\"url\":\"https:\\\/\\\/www.rucashk.com\\\/es\\\/author\\\/admin\\\/\",\"name\":\"admin\",\"image\":{\"@type\":\"ImageObject\",\"@id\":\"https:\\\/\\\/www.rucashk.com\\\/es\\\/producto\\\/jbl-charge-5-portable-waterproof-speaker-with-powerbank\\\/#authorImage\",\"url\":\"https:\\\/\\\/secure.gravatar.com\\\/avatar\\\/b7c8925b09a27e72b30232f8ecaadbd5af0f70a38c78096863fe51b64f031c24?s=96&d=mm&r=g\",\"width\":96,\"height\":96,\"caption\":\"admin\"}},{\"@type\":\"WebPage\",\"@id\":\"https:\\\/\\\/www.rucashk.com\\\/es\\\/producto\\\/jbl-charge-5-portable-waterproof-speaker-with-powerbank\\\/#webpage\",\"url\":\"https:\\\/\\\/www.rucashk.com\\\/es\\\/producto\\\/jbl-charge-5-portable-waterproof-speaker-with-powerbank\\\/\",\"name\":\"JBL Charge 5 Portable Waterproof Speaker with Powerbank - Rucas - Wholesale and Distribution\",\"description\":\"Take the party with you no matter what the weather. The JBL Charge 5 speaker delivers bold JBL Original Pro Sound, with its optimized long excursion driver, separate tweeter and dual pumping JBL bass radiators. Up to 20 hours of playtime and a handy powerbank to keep your devices charged to keep the party going all night. Rain? Spilled drinks? Beach sand? The IP67 waterproof and dustproof Charge 5 survives whatever comes its way. Thanks to PartyBoost, you can connect multiple JBL PartyBoost-enabled speakers for a sound big enough for any crowd. With all-new colors inspired by the latest street fashion trends, it looks as great as it sounds.\",\"inLanguage\":\"es-ES\",\"isPartOf\":{\"@id\":\"https:\\\/\\\/www.rucashk.com\\\/es\\\/#website\"},\"breadcrumb\":{\"@id\":\"https:\\\/\\\/www.rucashk.com\\\/es\\\/producto\\\/jbl-charge-5-portable-waterproof-speaker-with-powerbank\\\/#breadcrumblist\"},\"author\":{\"@id\":\"https:\\\/\\\/www.rucashk.com\\\/es\\\/author\\\/admin\\\/#author\"},\"creator\":{\"@id\":\"https:\\\/\\\/www.rucashk.com\\\/es\\\/author\\\/admin\\\/#author\"},\"image\":{\"@type\":\"ImageObject\",\"url\":\"https:\\\/\\\/www.rucashk.com\\\/wp-content\\\/uploads\\\/2024\\\/03\\\/c21484fc-3395-4e88-bf1e-ff6e90da5779.png\",\"@id\":\"https:\\\/\\\/www.rucashk.com\\\/es\\\/producto\\\/jbl-charge-5-portable-waterproof-speaker-with-powerbank\\\/#mainImage\",\"width\":1605,\"height\":1605},\"primaryImageOfPage\":{\"@id\":\"https:\\\/\\\/www.rucashk.com\\\/es\\\/producto\\\/jbl-charge-5-portable-waterproof-speaker-with-powerbank\\\/#mainImage\"},\"datePublished\":\"2024-03-13T14:37:57+00:00\",\"dateModified\":\"2024-04-16T13:31:40+00:00\"},{\"@type\":\"WebSite\",\"@id\":\"https:\\\/\\\/www.rucashk.com\\\/es\\\/#website\",\"url\":\"https:\\\/\\\/www.rucashk.com\\\/es\\\/\",\"name\":\"Rucas - Wholesale and distribution worldwide\",\"alternateName\":\"Rucas - One-stop AIoT Distribution Worldwide\",\"description\":\"One-stop AIoT Distribution Worldwide\",\"inLanguage\":\"es-ES\",\"publisher\":{\"@id\":\"https:\\\/\\\/www.rucashk.com\\\/es\\\/#organization\"}}]}\n\t\t<\/script>\n\t\t<!-- All in One SEO Pro -->\r\n\t\t<title>JBL Charge 5 Portable Waterproof Speaker with Powerbank - Rucas - Wholesale and Distribution<\/title>\n\n","aioseo_head_json":{"title":"JBL Charge 5 Portable Waterproof Speaker with Powerbank - Rucas - Wholesale and Distribution","description":"Take the party with you no matter what the weather. The JBL Charge 5 speaker delivers bold JBL Original Pro Sound, with its optimized long excursion driver, separate tweeter and dual pumping JBL bass radiators. Up to 20 hours of playtime and a handy powerbank to keep your devices charged to keep the party going all night. Rain? Spilled drinks? Beach sand? The IP67 waterproof and dustproof Charge 5 survives whatever comes its way. Thanks to PartyBoost, you can connect multiple JBL PartyBoost-enabled speakers for a sound big enough for any crowd. With all-new colors inspired by the latest street fashion trends, it looks as great as it sounds.","canonical_url":"https:\/\/www.rucashk.com\/es\/producto\/jbl-charge-5-portable-waterproof-speaker-with-powerbank\/","robots":"max-image-preview:large","keywords":"","webmasterTools":{"miscellaneous":""},"og:locale":"es_ES","og:site_name":"Rucas - One-stop AIoT Distribution Worldwide","og:type":"article","og:title":"JBL Charge 5 Portable Waterproof Speaker with Powerbank - Rucas - Wholesale and Distribution","og:description":"Take the party with you no matter what the weather. The JBL Charge 5 speaker delivers bold JBL Original Pro Sound, with its optimized long excursion driver, separate tweeter and dual pumping JBL bass radiators. Up to 20 hours of playtime and a handy powerbank to keep your devices charged to keep the party going all night. Rain? Spilled drinks? Beach sand? The IP67 waterproof and dustproof Charge 5 survives whatever comes its way. Thanks to PartyBoost, you can connect multiple JBL PartyBoost-enabled speakers for a sound big enough for any crowd. With all-new colors inspired by the latest street fashion trends, it looks as great as it sounds.","og:url":"https:\/\/www.rucashk.com\/es\/producto\/jbl-charge-5-portable-waterproof-speaker-with-powerbank\/","og:image":"https:\/\/www.rucashk.com\/wp-content\/uploads\/replace\/503b8e645f128a97ccde2b6290747646.jpeg","og:image:secure_url":"https:\/\/www.rucashk.com\/wp-content\/uploads\/replace\/503b8e645f128a97ccde2b6290747646.jpeg","og:image:width":1456,"og:image:height":816,"article:published_time":"2024-03-13T14:37:57+00:00","article:modified_time":"2024-04-16T13:31:40+00:00","twitter:card":"summary_large_image","twitter:title":"JBL Charge 5 Portable Waterproof Speaker with Powerbank - Rucas - Wholesale and Distribution","twitter:description":"Take the party with you no matter what the weather. The JBL Charge 5 speaker delivers bold JBL Original Pro Sound, with its optimized long excursion driver, separate tweeter and dual pumping JBL bass radiators. Up to 20 hours of playtime and a handy powerbank to keep your devices charged to keep the party going all night. Rain? Spilled drinks? Beach sand? The IP67 waterproof and dustproof Charge 5 survives whatever comes its way. Thanks to PartyBoost, you can connect multiple JBL PartyBoost-enabled speakers for a sound big enough for any crowd. With all-new colors inspired by the latest street fashion trends, it looks as great as it sounds.","twitter:image":"https:\/\/www.rucashk.com\/wp-content\/uploads\/replace\/503b8e645f128a97ccde2b6290747646.jpeg","schema":{"@context":"https:\/\/schema.org","@graph":[{"@type":"BreadcrumbList","@id":"https:\/\/www.rucashk.com\/es\/producto\/jbl-charge-5-portable-waterproof-speaker-with-powerbank\/#breadcrumblist","itemListElement":[{"@type":"ListItem","@id":"https:\/\/www.rucashk.com\/es\/#listItem","position":1,"name":"Home","item":"https:\/\/www.rucashk.com\/es\/","nextItem":"https:\/\/www.rucashk.com\/es\/producto\/jbl-charge-5-portable-waterproof-speaker-with-powerbank\/#listItem"},{"@type":"ListItem","@id":"https:\/\/www.rucashk.com\/es\/producto\/jbl-charge-5-portable-waterproof-speaker-with-powerbank\/#listItem","position":2,"name":"JBL Charge 5 Portable Waterproof Speaker with Powerbank","previousItem":"https:\/\/www.rucashk.com\/es\/#listItem"}]},{"@type":"Organization","@id":"https:\/\/www.rucashk.com\/es\/#organization","name":"Rucas","url":"https:\/\/www.rucashk.com\/es\/","logo":{"@type":"ImageObject","url":"https:\/\/www.rucashk.com\/wp-content\/uploads\/2023\/12\/Rucas_campany_logo.png","@id":"https:\/\/www.rucashk.com\/es\/producto\/jbl-charge-5-portable-waterproof-speaker-with-powerbank\/#organizationLogo","width":221,"height":65},"image":{"@id":"https:\/\/www.rucashk.com\/es\/#organizationLogo"}},{"@type":"Person","@id":"https:\/\/www.rucashk.com\/es\/author\/admin\/#author","url":"https:\/\/www.rucashk.com\/es\/author\/admin\/","name":"admin","image":{"@type":"ImageObject","@id":"https:\/\/www.rucashk.com\/es\/producto\/jbl-charge-5-portable-waterproof-speaker-with-powerbank\/#authorImage","url":"https:\/\/secure.gravatar.com\/avatar\/b7c8925b09a27e72b30232f8ecaadbd5af0f70a38c78096863fe51b64f031c24?s=96&d=mm&r=g","width":96,"height":96,"caption":"admin"}},{"@type":"WebPage","@id":"https:\/\/www.rucashk.com\/es\/producto\/jbl-charge-5-portable-waterproof-speaker-with-powerbank\/#webpage","url":"https:\/\/www.rucashk.com\/es\/producto\/jbl-charge-5-portable-waterproof-speaker-with-powerbank\/","name":"JBL Charge 5 Portable Waterproof Speaker with Powerbank - Rucas - Wholesale and Distribution","description":"Take the party with you no matter what the weather. The JBL Charge 5 speaker delivers bold JBL Original Pro Sound, with its optimized long excursion driver, separate tweeter and dual pumping JBL bass radiators. Up to 20 hours of playtime and a handy powerbank to keep your devices charged to keep the party going all night. Rain? Spilled drinks? Beach sand? The IP67 waterproof and dustproof Charge 5 survives whatever comes its way. Thanks to PartyBoost, you can connect multiple JBL PartyBoost-enabled speakers for a sound big enough for any crowd. With all-new colors inspired by the latest street fashion trends, it looks as great as it sounds.","inLanguage":"es-ES","isPartOf":{"@id":"https:\/\/www.rucashk.com\/es\/#website"},"breadcrumb":{"@id":"https:\/\/www.rucashk.com\/es\/producto\/jbl-charge-5-portable-waterproof-speaker-with-powerbank\/#breadcrumblist"},"author":{"@id":"https:\/\/www.rucashk.com\/es\/author\/admin\/#author"},"creator":{"@id":"https:\/\/www.rucashk.com\/es\/author\/admin\/#author"},"image":{"@type":"ImageObject","url":"https:\/\/www.rucashk.com\/wp-content\/uploads\/2024\/03\/c21484fc-3395-4e88-bf1e-ff6e90da5779.png","@id":"https:\/\/www.rucashk.com\/es\/producto\/jbl-charge-5-portable-waterproof-speaker-with-powerbank\/#mainImage","width":1605,"height":1605},"primaryImageOfPage":{"@id":"https:\/\/www.rucashk.com\/es\/producto\/jbl-charge-5-portable-waterproof-speaker-with-powerbank\/#mainImage"},"datePublished":"2024-03-13T14:37:57+00:00","dateModified":"2024-04-16T13:31:40+00:00"},{"@type":"WebSite","@id":"https:\/\/www.rucashk.com\/es\/#website","url":"https:\/\/www.rucashk.com\/es\/","name":"Rucas - Wholesale and distribution worldwide","alternateName":"Rucas - One-stop AIoT Distribution Worldwide","description":"One-stop AIoT Distribution Worldwide","inLanguage":"es-ES","publisher":{"@id":"https:\/\/www.rucashk.com\/es\/#organization"}}]}},"aioseo_meta_data":{"post_id":"37515","title":null,"description":null,"keywords":null,"keyphrases":null,"primary_term":null,"canonical_url":null,"og_title":null,"og_description":null,"og_object_type":"default","og_image_type":"default","og_image_url":null,"og_image_width":null,"og_image_height":null,"og_image_custom_url":null,"og_image_custom_fields":null,"og_video":null,"og_custom_url":null,"og_article_section":null,"og_article_tags":null,"twitter_use_og":false,"twitter_card":"default","twitter_image_type":"default","twitter_image_url":null,"twitter_image_custom_url":null,"twitter_image_custom_fields":null,"twitter_title":null,"twitter_description":null,"schema":{"blockGraphs":[],"customGraphs":[],"default":{"data":{"Article":[],"Course":[],"Dataset":[],"FAQPage":[],"Movie":[],"Person":[],"Product":[],"Recipe":[],"Service":[],"SoftwareApplication":[],"WebPage":[]},"graphName":"","isEnabled":true},"graphs":[]},"schema_type":"default","schema_type_options":null,"pillar_content":false,"robots_default":true,"robots_noindex":false,"robots_noarchive":false,"robots_nosnippet":false,"robots_nofollow":false,"robots_noimageindex":false,"robots_noodp":false,"robots_notranslate":false,"robots_max_snippet":null,"robots_max_videopreview":null,"robots_max_imagepreview":"large","priority":null,"frequency":null,"local_seo":null,"breadcrumb_settings":null,"limit_modified_date":false,"created":"2024-04-11 01:57:23","updated":"2025-06-22 18:44:57"},"aioseo_breadcrumb":"<div class=\"aioseo-breadcrumbs\"><span class=\"aioseo-breadcrumb\">\n\t<a href=\"https:\/\/www.rucashk.com\/es\" title=\"Home\">Home<\/a>\n<\/span><span class=\"aioseo-breadcrumb-separator\">&raquo;<\/span><span class=\"aioseo-breadcrumb\">\n\t<a href=\"https:\/\/www.rucashk.com\/es\/products\/\" title=\"Productos\">Productos<\/a>\n<\/span><span class=\"aioseo-breadcrumb-separator\">&raquo;<\/span><span class=\"aioseo-breadcrumb\">\n\t<a href=\"https:\/\/www.rucashk.com\/es\/marca\/jbl\/\" title=\"JBL\">JBL<\/a>\n<\/span><span class=\"aioseo-breadcrumb-separator\">&raquo;<\/span><span class=\"aioseo-breadcrumb\">\n\tJBL Charge 5 Portable Waterproof Speaker with Powerbank\n<\/span><\/div>","aioseo_breadcrumb_json":[{"label":"Home","link":"https:\/\/www.rucashk.com\/es"},{"label":"Productos","link":"https:\/\/www.rucashk.com\/es\/products\/"},{"label":"JBL","link":"https:\/\/www.rucashk.com\/es\/marca\/jbl\/"},{"label":"JBL Charge 5 Portable Waterproof Speaker with Powerbank","link":"https:\/\/www.rucashk.com\/es\/producto\/jbl-charge-5-portable-waterproof-speaker-with-powerbank\/"}],"_links":{"self":[{"href":"https:\/\/www.rucashk.com\/es\/wp-json\/wp\/v2\/product\/37515","targetHints":{"allow":["GET"]}}],"collection":[{"href":"https:\/\/www.rucashk.com\/es\/wp-json\/wp\/v2\/product"}],"about":[{"href":"https:\/\/www.rucashk.com\/es\/wp-json\/wp\/v2\/types\/product"}],"wp:featuredmedia":[{"embeddable":true,"href":"https:\/\/www.rucashk.com\/es\/wp-json\/wp\/v2\/media\/37525"}],"wp:attachment":[{"href":"https:\/\/www.rucashk.com\/es\/wp-json\/wp\/v2\/media?parent=37515"}],"wp:term":[{"taxonomy":"product_brand","embeddable":true,"href":"https:\/\/www.rucashk.com\/es\/wp-json\/wp\/v2\/product_brand?post=37515"},{"taxonomy":"product_cat","embeddable":true,"href":"https:\/\/www.rucashk.com\/es\/wp-json\/wp\/v2\/product_cat?post=37515"},{"taxonomy":"product_tag","embeddable":true,"href":"https:\/\/www.rucashk.com\/es\/wp-json\/wp\/v2\/product_tag?post=37515"}],"curies":[{"name":"wp","href":"https:\/\/api.w.org\/{rel}","templated":true}]}}