{"id":37496,"date":"2024-03-13T14:18:39","date_gmt":"2024-03-13T14:18:39","guid":{"rendered":"http:\/\/rucashk.com\/?post_type=product&#038;p=37496"},"modified":"2024-04-16T13:31:35","modified_gmt":"2024-04-16T13:31:35","slug":"jbl-partybox-310-portable-party-speaker","status":"publish","type":"product","link":"https:\/\/www.rucashk.com\/es\/producto\/jbl-partybox-310-portable-party-speaker\/","title":{"rendered":"Altavoz port\u00e1til para fiestas JBL Partybox 310"},"content":{"rendered":"<section class=\"pdp-features in-view\" data-section=\"features\" data-headline=\"Features\">\n<div class=\"expanded-features\">\n<div class=\"expanded-feature -lifestyle not-in-view\">\n<div class=\"imagery\"><img decoding=\"async\" class=\"aligncenter\" src=\"\/wp-content\/uploads\/replace\/19dfd0e75ad32fc1d37f3b62c6d5ce46.jpeg\" alt=\"Powerful JBL Pro Sound\" data-src=\"\/on\/demandware.static\/-\/Sites-masterCatalog_Harman\/default\/dw5dad0d5e\/pdp\/JBL_Partybox_310_Lifestyle01_904x560px.png\" \/><\/div>\n<div class=\"copy\" style=\"text-align: center;\">\n<h3>Potente sonido JBL Pro<\/h3>\n<p>Alrededor de la cuadra o al otro lado de la playa, haz que tu fiesta se escuche con 240 vatios de gran JBL Pro Sound. Canta, rapea, rasguea... luego sube el bajo y observa c\u00f3mo la pista de baile cobra vida.<\/p>\n<\/div>\n<\/div>\n<div class=\"expanded-feature -lifestyle not-in-view\" style=\"text-align: center;\">\n<div class=\"imagery\"><img decoding=\"async\" src=\"\/wp-content\/uploads\/replace\/49e1617c30cc5354909a2eee0559670a.jpeg\" alt=\"Light up the night\" data-src=\"\/on\/demandware.static\/-\/Sites-masterCatalog_Harman\/default\/dw40d14b50\/pdp\/JBL_Partybox_310_Lifestyle02_904x560px.png\" \/><\/div>\n<div class=\"copy\">\n<h3>Ilumina la noche<\/h3>\n<p>Hipnotiza a tu p\u00fablico con un espect\u00e1culo de luces deslumbrante y din\u00e1mico que baila al ritmo. Con pulsaciones sutiles y potentes efectos estrobosc\u00f3picos, hay un escenario para cada vibra.<\/p>\n<\/div>\n<\/div>\n<div class=\"expanded-feature -lifestyle in-view\">\n<div class=\"imagery\"><img decoding=\"async\" class=\"aligncenter\" src=\"\/wp-content\/uploads\/replace\/d7b624d654a29389f7402d379c65a141.png\" alt=\"Keep the party going\" data-src=\"\/on\/demandware.static\/-\/Sites-masterCatalog_Harman\/default\/dw67dcfe8a\/pdp\/JBL_Partybox_310_Lifestyle03_904x560px.png\" \/><\/div>\n<\/div>\n<\/div>\n<\/section>","protected":false},"excerpt":{"rendered":"<p><strong>Incre\u00edble sonido JBL con un deslumbrante espect\u00e1culo de luces<\/strong><br \/>\nUn sonido enorme, luces deslumbrantes y una potencia incre\u00edble distinguen a este altavoz del resto. El JBL PartyBox 310 re\u00fane una fiesta completa en una m\u00e1quina de sonido transportable y a prueba de salpicaduras como ninguna otra. Sube tus listas de reproducci\u00f3n favoritas en cualquier lugar, desde reuniones en casa hasta fiestas de baile en la playa. Traiga vibraciones de gran fiesta con 240 vatios de JBL Pro Sound y un espect\u00e1culo de luces sincronizado que se mueve al ritmo. Con\u00e9ctalo y contin\u00faa la diversi\u00f3n toda la noche o ac\u00e9rcate a la fogata y aprovecha la impresionante duraci\u00f3n de su bater\u00eda de 18 horas. Comienza una fiesta con el JBL PartyBox 310.<\/p>","protected":false},"featured_media":37505,"template":"","meta":[],"product_brand":[1354],"product_cat":[1285],"product_tag":[1357],"class_list":{"0":"post-37496","1":"product","2":"type-product","3":"status-publish","4":"has-post-thumbnail","6":"product_brand-jbl","7":"product_cat-jbl-speaker","8":"product_tag-speaker","10":"first","11":"instock","12":"shipping-taxable","13":"product-type-simple"},"aioseo_notices":[],"aioseo_head":"\n\t\t<!-- All in One SEO Pro 4.5.9.2 - aioseo.com -->\n\t\t<meta name=\"description\" content=\"Incredible JBL Sound with a Dazzling Light Show Huge sound, dazzling lights and unbelievable power set this speaker apart from the crowd. The JBL PartyBox 310 packs a full party into a transportable, splashproof sound machine like no other. Turn up your favorite playlists anywhere, from get-togethers at home to dance parties on the beach. Bring big party vibes with 240 watts of JBL Pro Sound and a synced light show that grooves to the beat. Plug in and keep the fun going all night or wheel over to the campfire and take advantage of its impressive 18-hour battery life. Start a party with the JBL PartyBox 310.\" \/>\n\t\t<meta name=\"robots\" content=\"max-image-preview:large\" \/>\n\t\t<link rel=\"canonical\" href=\"https:\/\/www.rucashk.com\/es\/producto\/jbl-partybox-310-portable-party-speaker\/\" \/>\n\t\t<meta name=\"generator\" content=\"All in One SEO Pro (AIOSEO) 4.5.9.2\" \/>\n\t\t<meta property=\"og:locale\" content=\"es_ES\" \/>\n\t\t<meta property=\"og:site_name\" content=\"Rucas - One-stop AIoT Distribution Worldwide\" \/>\n\t\t<meta property=\"og:type\" content=\"article\" \/>\n\t\t<meta property=\"og:title\" content=\"JBL Partybox 310 Portable Party Speaker - Rucas - Wholesale and Distribution\" \/>\n\t\t<meta property=\"og:description\" content=\"Incredible JBL Sound with a Dazzling Light Show Huge sound, dazzling lights and unbelievable power set this speaker apart from the crowd. The JBL PartyBox 310 packs a full party into a transportable, splashproof sound machine like no other. Turn up your favorite playlists anywhere, from get-togethers at home to dance parties on the beach. Bring big party vibes with 240 watts of JBL Pro Sound and a synced light show that grooves to the beat. Plug in and keep the fun going all night or wheel over to the campfire and take advantage of its impressive 18-hour battery life. Start a party with the JBL PartyBox 310.\" \/>\n\t\t<meta property=\"og:url\" content=\"https:\/\/www.rucashk.com\/es\/producto\/jbl-partybox-310-portable-party-speaker\/\" \/>\n\t\t<meta property=\"og:image\" content=\"https:\/\/www.rucashk.com\/wp-content\/uploads\/replace\/503b8e645f128a97ccde2b6290747646.jpeg\" \/>\n\t\t<meta property=\"og:image:secure_url\" content=\"https:\/\/www.rucashk.com\/wp-content\/uploads\/replace\/503b8e645f128a97ccde2b6290747646.jpeg\" \/>\n\t\t<meta property=\"og:image:width\" content=\"1456\" \/>\n\t\t<meta property=\"og:image:height\" content=\"816\" \/>\n\t\t<meta property=\"article:published_time\" content=\"2024-03-13T14:18:39+00:00\" \/>\n\t\t<meta property=\"article:modified_time\" content=\"2024-04-16T13:31:35+00:00\" \/>\n\t\t<meta name=\"twitter:card\" content=\"summary_large_image\" \/>\n\t\t<meta name=\"twitter:title\" content=\"JBL Partybox 310 Portable Party Speaker - Rucas - Wholesale and Distribution\" \/>\n\t\t<meta name=\"twitter:description\" content=\"Incredible JBL Sound with a Dazzling Light Show Huge sound, dazzling lights and unbelievable power set this speaker apart from the crowd. The JBL PartyBox 310 packs a full party into a transportable, splashproof sound machine like no other. Turn up your favorite playlists anywhere, from get-togethers at home to dance parties on the beach. Bring big party vibes with 240 watts of JBL Pro Sound and a synced light show that grooves to the beat. Plug in and keep the fun going all night or wheel over to the campfire and take advantage of its impressive 18-hour battery life. Start a party with the JBL PartyBox 310.\" \/>\n\t\t<meta name=\"twitter:image\" content=\"https:\/\/www.rucashk.com\/wp-content\/uploads\/replace\/503b8e645f128a97ccde2b6290747646.jpeg\" \/>\n\t\t<script type=\"application\/ld+json\" class=\"aioseo-schema\">\n\t\t\t{\"@context\":\"https:\\\/\\\/schema.org\",\"@graph\":[{\"@type\":\"BreadcrumbList\",\"@id\":\"https:\\\/\\\/www.rucashk.com\\\/es\\\/producto\\\/jbl-partybox-310-portable-party-speaker\\\/#breadcrumblist\",\"itemListElement\":[{\"@type\":\"ListItem\",\"@id\":\"https:\\\/\\\/www.rucashk.com\\\/es\\\/#listItem\",\"position\":1,\"name\":\"Home\",\"item\":\"https:\\\/\\\/www.rucashk.com\\\/es\\\/\",\"nextItem\":\"https:\\\/\\\/www.rucashk.com\\\/es\\\/producto\\\/jbl-partybox-310-portable-party-speaker\\\/#listItem\"},{\"@type\":\"ListItem\",\"@id\":\"https:\\\/\\\/www.rucashk.com\\\/es\\\/producto\\\/jbl-partybox-310-portable-party-speaker\\\/#listItem\",\"position\":2,\"name\":\"JBL Partybox 310 Portable Party Speaker\",\"previousItem\":\"https:\\\/\\\/www.rucashk.com\\\/es\\\/#listItem\"}]},{\"@type\":\"Organization\",\"@id\":\"https:\\\/\\\/www.rucashk.com\\\/es\\\/#organization\",\"name\":\"Rucas\",\"url\":\"https:\\\/\\\/www.rucashk.com\\\/es\\\/\",\"logo\":{\"@type\":\"ImageObject\",\"url\":\"https:\\\/\\\/www.rucashk.com\\\/wp-content\\\/uploads\\\/2023\\\/12\\\/Rucas_campany_logo.png\",\"@id\":\"https:\\\/\\\/www.rucashk.com\\\/es\\\/producto\\\/jbl-partybox-310-portable-party-speaker\\\/#organizationLogo\",\"width\":221,\"height\":65},\"image\":{\"@id\":\"https:\\\/\\\/www.rucashk.com\\\/es\\\/#organizationLogo\"}},{\"@type\":\"Person\",\"@id\":\"https:\\\/\\\/www.rucashk.com\\\/es\\\/author\\\/admin\\\/#author\",\"url\":\"https:\\\/\\\/www.rucashk.com\\\/es\\\/author\\\/admin\\\/\",\"name\":\"admin\",\"image\":{\"@type\":\"ImageObject\",\"@id\":\"https:\\\/\\\/www.rucashk.com\\\/es\\\/producto\\\/jbl-partybox-310-portable-party-speaker\\\/#authorImage\",\"url\":\"https:\\\/\\\/secure.gravatar.com\\\/avatar\\\/b7c8925b09a27e72b30232f8ecaadbd5af0f70a38c78096863fe51b64f031c24?s=96&d=mm&r=g\",\"width\":96,\"height\":96,\"caption\":\"admin\"}},{\"@type\":\"WebPage\",\"@id\":\"https:\\\/\\\/www.rucashk.com\\\/es\\\/producto\\\/jbl-partybox-310-portable-party-speaker\\\/#webpage\",\"url\":\"https:\\\/\\\/www.rucashk.com\\\/es\\\/producto\\\/jbl-partybox-310-portable-party-speaker\\\/\",\"name\":\"JBL Partybox 310 Portable Party Speaker - Rucas - Wholesale and Distribution\",\"description\":\"Incredible JBL Sound with a Dazzling Light Show Huge sound, dazzling lights and unbelievable power set this speaker apart from the crowd. The JBL PartyBox 310 packs a full party into a transportable, splashproof sound machine like no other. Turn up your favorite playlists anywhere, from get-togethers at home to dance parties on the beach. Bring big party vibes with 240 watts of JBL Pro Sound and a synced light show that grooves to the beat. Plug in and keep the fun going all night or wheel over to the campfire and take advantage of its impressive 18-hour battery life. Start a party with the JBL PartyBox 310.\",\"inLanguage\":\"es-ES\",\"isPartOf\":{\"@id\":\"https:\\\/\\\/www.rucashk.com\\\/es\\\/#website\"},\"breadcrumb\":{\"@id\":\"https:\\\/\\\/www.rucashk.com\\\/es\\\/producto\\\/jbl-partybox-310-portable-party-speaker\\\/#breadcrumblist\"},\"author\":{\"@id\":\"https:\\\/\\\/www.rucashk.com\\\/es\\\/author\\\/admin\\\/#author\"},\"creator\":{\"@id\":\"https:\\\/\\\/www.rucashk.com\\\/es\\\/author\\\/admin\\\/#author\"},\"image\":{\"@type\":\"ImageObject\",\"url\":\"https:\\\/\\\/www.rucashk.com\\\/wp-content\\\/uploads\\\/2024\\\/03\\\/ed0e0797-e1dd-4813-acf7-b49ca2bd4d0d.png\",\"@id\":\"https:\\\/\\\/www.rucashk.com\\\/es\\\/producto\\\/jbl-partybox-310-portable-party-speaker\\\/#mainImage\",\"width\":1605,\"height\":1605},\"primaryImageOfPage\":{\"@id\":\"https:\\\/\\\/www.rucashk.com\\\/es\\\/producto\\\/jbl-partybox-310-portable-party-speaker\\\/#mainImage\"},\"datePublished\":\"2024-03-13T14:18:39+00:00\",\"dateModified\":\"2024-04-16T13:31:35+00:00\"},{\"@type\":\"WebSite\",\"@id\":\"https:\\\/\\\/www.rucashk.com\\\/es\\\/#website\",\"url\":\"https:\\\/\\\/www.rucashk.com\\\/es\\\/\",\"name\":\"Rucas - Wholesale and distribution worldwide\",\"alternateName\":\"Rucas - One-stop AIoT Distribution Worldwide\",\"description\":\"One-stop AIoT Distribution Worldwide\",\"inLanguage\":\"es-ES\",\"publisher\":{\"@id\":\"https:\\\/\\\/www.rucashk.com\\\/es\\\/#organization\"}}]}\n\t\t<\/script>\n\t\t<!-- All in One SEO Pro -->\r\n\t\t<title>JBL Partybox 310 Portable Party Speaker - Rucas - Wholesale and Distribution<\/title>\n\n","aioseo_head_json":{"title":"JBL Partybox 310 Portable Party Speaker - Rucas - Wholesale and Distribution","description":"Incredible JBL Sound with a Dazzling Light Show Huge sound, dazzling lights and unbelievable power set this speaker apart from the crowd. The JBL PartyBox 310 packs a full party into a transportable, splashproof sound machine like no other. Turn up your favorite playlists anywhere, from get-togethers at home to dance parties on the beach. Bring big party vibes with 240 watts of JBL Pro Sound and a synced light show that grooves to the beat. Plug in and keep the fun going all night or wheel over to the campfire and take advantage of its impressive 18-hour battery life. Start a party with the JBL PartyBox 310.","canonical_url":"https:\/\/www.rucashk.com\/es\/producto\/jbl-partybox-310-portable-party-speaker\/","robots":"max-image-preview:large","keywords":"","webmasterTools":{"miscellaneous":""},"og:locale":"es_ES","og:site_name":"Rucas - One-stop AIoT Distribution Worldwide","og:type":"article","og:title":"JBL Partybox 310 Portable Party Speaker - Rucas - Wholesale and Distribution","og:description":"Incredible JBL Sound with a Dazzling Light Show Huge sound, dazzling lights and unbelievable power set this speaker apart from the crowd. The JBL PartyBox 310 packs a full party into a transportable, splashproof sound machine like no other. Turn up your favorite playlists anywhere, from get-togethers at home to dance parties on the beach. Bring big party vibes with 240 watts of JBL Pro Sound and a synced light show that grooves to the beat. Plug in and keep the fun going all night or wheel over to the campfire and take advantage of its impressive 18-hour battery life. Start a party with the JBL PartyBox 310.","og:url":"https:\/\/www.rucashk.com\/es\/producto\/jbl-partybox-310-portable-party-speaker\/","og:image":"https:\/\/www.rucashk.com\/wp-content\/uploads\/replace\/503b8e645f128a97ccde2b6290747646.jpeg","og:image:secure_url":"https:\/\/www.rucashk.com\/wp-content\/uploads\/replace\/503b8e645f128a97ccde2b6290747646.jpeg","og:image:width":1456,"og:image:height":816,"article:published_time":"2024-03-13T14:18:39+00:00","article:modified_time":"2024-04-16T13:31:35+00:00","twitter:card":"summary_large_image","twitter:title":"JBL Partybox 310 Portable Party Speaker - Rucas - Wholesale and Distribution","twitter:description":"Incredible JBL Sound with a Dazzling Light Show Huge sound, dazzling lights and unbelievable power set this speaker apart from the crowd. The JBL PartyBox 310 packs a full party into a transportable, splashproof sound machine like no other. Turn up your favorite playlists anywhere, from get-togethers at home to dance parties on the beach. Bring big party vibes with 240 watts of JBL Pro Sound and a synced light show that grooves to the beat. Plug in and keep the fun going all night or wheel over to the campfire and take advantage of its impressive 18-hour battery life. Start a party with the JBL PartyBox 310.","twitter:image":"https:\/\/www.rucashk.com\/wp-content\/uploads\/replace\/503b8e645f128a97ccde2b6290747646.jpeg","schema":{"@context":"https:\/\/schema.org","@graph":[{"@type":"BreadcrumbList","@id":"https:\/\/www.rucashk.com\/es\/producto\/jbl-partybox-310-portable-party-speaker\/#breadcrumblist","itemListElement":[{"@type":"ListItem","@id":"https:\/\/www.rucashk.com\/es\/#listItem","position":1,"name":"Home","item":"https:\/\/www.rucashk.com\/es\/","nextItem":"https:\/\/www.rucashk.com\/es\/producto\/jbl-partybox-310-portable-party-speaker\/#listItem"},{"@type":"ListItem","@id":"https:\/\/www.rucashk.com\/es\/producto\/jbl-partybox-310-portable-party-speaker\/#listItem","position":2,"name":"JBL Partybox 310 Portable Party Speaker","previousItem":"https:\/\/www.rucashk.com\/es\/#listItem"}]},{"@type":"Organization","@id":"https:\/\/www.rucashk.com\/es\/#organization","name":"Rucas","url":"https:\/\/www.rucashk.com\/es\/","logo":{"@type":"ImageObject","url":"https:\/\/www.rucashk.com\/wp-content\/uploads\/2023\/12\/Rucas_campany_logo.png","@id":"https:\/\/www.rucashk.com\/es\/producto\/jbl-partybox-310-portable-party-speaker\/#organizationLogo","width":221,"height":65},"image":{"@id":"https:\/\/www.rucashk.com\/es\/#organizationLogo"}},{"@type":"Person","@id":"https:\/\/www.rucashk.com\/es\/author\/admin\/#author","url":"https:\/\/www.rucashk.com\/es\/author\/admin\/","name":"admin","image":{"@type":"ImageObject","@id":"https:\/\/www.rucashk.com\/es\/producto\/jbl-partybox-310-portable-party-speaker\/#authorImage","url":"https:\/\/secure.gravatar.com\/avatar\/b7c8925b09a27e72b30232f8ecaadbd5af0f70a38c78096863fe51b64f031c24?s=96&d=mm&r=g","width":96,"height":96,"caption":"admin"}},{"@type":"WebPage","@id":"https:\/\/www.rucashk.com\/es\/producto\/jbl-partybox-310-portable-party-speaker\/#webpage","url":"https:\/\/www.rucashk.com\/es\/producto\/jbl-partybox-310-portable-party-speaker\/","name":"JBL Partybox 310 Portable Party Speaker - Rucas - Wholesale and Distribution","description":"Incredible JBL Sound with a Dazzling Light Show Huge sound, dazzling lights and unbelievable power set this speaker apart from the crowd. The JBL PartyBox 310 packs a full party into a transportable, splashproof sound machine like no other. Turn up your favorite playlists anywhere, from get-togethers at home to dance parties on the beach. Bring big party vibes with 240 watts of JBL Pro Sound and a synced light show that grooves to the beat. Plug in and keep the fun going all night or wheel over to the campfire and take advantage of its impressive 18-hour battery life. Start a party with the JBL PartyBox 310.","inLanguage":"es-ES","isPartOf":{"@id":"https:\/\/www.rucashk.com\/es\/#website"},"breadcrumb":{"@id":"https:\/\/www.rucashk.com\/es\/producto\/jbl-partybox-310-portable-party-speaker\/#breadcrumblist"},"author":{"@id":"https:\/\/www.rucashk.com\/es\/author\/admin\/#author"},"creator":{"@id":"https:\/\/www.rucashk.com\/es\/author\/admin\/#author"},"image":{"@type":"ImageObject","url":"https:\/\/www.rucashk.com\/wp-content\/uploads\/2024\/03\/ed0e0797-e1dd-4813-acf7-b49ca2bd4d0d.png","@id":"https:\/\/www.rucashk.com\/es\/producto\/jbl-partybox-310-portable-party-speaker\/#mainImage","width":1605,"height":1605},"primaryImageOfPage":{"@id":"https:\/\/www.rucashk.com\/es\/producto\/jbl-partybox-310-portable-party-speaker\/#mainImage"},"datePublished":"2024-03-13T14:18:39+00:00","dateModified":"2024-04-16T13:31:35+00:00"},{"@type":"WebSite","@id":"https:\/\/www.rucashk.com\/es\/#website","url":"https:\/\/www.rucashk.com\/es\/","name":"Rucas - Wholesale and distribution worldwide","alternateName":"Rucas - One-stop AIoT Distribution Worldwide","description":"One-stop AIoT Distribution Worldwide","inLanguage":"es-ES","publisher":{"@id":"https:\/\/www.rucashk.com\/es\/#organization"}}]}},"aioseo_meta_data":{"post_id":"37496","title":null,"description":null,"keywords":null,"keyphrases":null,"primary_term":null,"canonical_url":null,"og_title":null,"og_description":null,"og_object_type":"default","og_image_type":"default","og_image_url":null,"og_image_width":null,"og_image_height":null,"og_image_custom_url":null,"og_image_custom_fields":null,"og_video":null,"og_custom_url":null,"og_article_section":null,"og_article_tags":null,"twitter_use_og":false,"twitter_card":"default","twitter_image_type":"default","twitter_image_url":null,"twitter_image_custom_url":null,"twitter_image_custom_fields":null,"twitter_title":null,"twitter_description":null,"schema":{"blockGraphs":[],"customGraphs":[],"default":{"data":{"Article":[],"Course":[],"Dataset":[],"FAQPage":[],"Movie":[],"Person":[],"Product":[],"Recipe":[],"Service":[],"SoftwareApplication":[],"WebPage":[]},"graphName":"","isEnabled":true},"graphs":[]},"schema_type":"default","schema_type_options":null,"pillar_content":false,"robots_default":true,"robots_noindex":false,"robots_noarchive":false,"robots_nosnippet":false,"robots_nofollow":false,"robots_noimageindex":false,"robots_noodp":false,"robots_notranslate":false,"robots_max_snippet":null,"robots_max_videopreview":null,"robots_max_imagepreview":"large","priority":null,"frequency":null,"local_seo":null,"breadcrumb_settings":null,"limit_modified_date":false,"created":"2024-04-11 01:57:23","updated":"2025-06-22 18:44:57"},"aioseo_breadcrumb":"<div class=\"aioseo-breadcrumbs\"><span class=\"aioseo-breadcrumb\">\n\t<a href=\"https:\/\/www.rucashk.com\/es\" title=\"Home\">Home<\/a>\n<\/span><span class=\"aioseo-breadcrumb-separator\">&raquo;<\/span><span class=\"aioseo-breadcrumb\">\n\t<a href=\"https:\/\/www.rucashk.com\/es\/products\/\" title=\"Productos\">Productos<\/a>\n<\/span><span class=\"aioseo-breadcrumb-separator\">&raquo;<\/span><span class=\"aioseo-breadcrumb\">\n\t<a href=\"https:\/\/www.rucashk.com\/es\/marca\/jbl\/\" title=\"JBL\">JBL<\/a>\n<\/span><span class=\"aioseo-breadcrumb-separator\">&raquo;<\/span><span class=\"aioseo-breadcrumb\">\n\tJBL Partybox 310 Portable Party Speaker\n<\/span><\/div>","aioseo_breadcrumb_json":[{"label":"Home","link":"https:\/\/www.rucashk.com\/es"},{"label":"Productos","link":"https:\/\/www.rucashk.com\/es\/products\/"},{"label":"JBL","link":"https:\/\/www.rucashk.com\/es\/marca\/jbl\/"},{"label":"JBL Partybox 310 Portable Party Speaker","link":"https:\/\/www.rucashk.com\/es\/producto\/jbl-partybox-310-portable-party-speaker\/"}],"_links":{"self":[{"href":"https:\/\/www.rucashk.com\/es\/wp-json\/wp\/v2\/product\/37496","targetHints":{"allow":["GET"]}}],"collection":[{"href":"https:\/\/www.rucashk.com\/es\/wp-json\/wp\/v2\/product"}],"about":[{"href":"https:\/\/www.rucashk.com\/es\/wp-json\/wp\/v2\/types\/product"}],"wp:featuredmedia":[{"embeddable":true,"href":"https:\/\/www.rucashk.com\/es\/wp-json\/wp\/v2\/media\/37505"}],"wp:attachment":[{"href":"https:\/\/www.rucashk.com\/es\/wp-json\/wp\/v2\/media?parent=37496"}],"wp:term":[{"taxonomy":"product_brand","embeddable":true,"href":"https:\/\/www.rucashk.com\/es\/wp-json\/wp\/v2\/product_brand?post=37496"},{"taxonomy":"product_cat","embeddable":true,"href":"https:\/\/www.rucashk.com\/es\/wp-json\/wp\/v2\/product_cat?post=37496"},{"taxonomy":"product_tag","embeddable":true,"href":"https:\/\/www.rucashk.com\/es\/wp-json\/wp\/v2\/product_tag?post=37496"}],"curies":[{"name":"wp","href":"https:\/\/api.w.org\/{rel}","templated":true}]}}