{"id":37487,"date":"2024-03-13T14:05:56","date_gmt":"2024-03-13T14:05:56","guid":{"rendered":"http:\/\/rucashk.com\/?post_type=product&#038;p=37487"},"modified":"2024-04-16T13:31:36","modified_gmt":"2024-04-16T13:31:36","slug":"jbl-partybox-110-portable-bluetooth-speaker","status":"publish","type":"product","link":"https:\/\/www.rucashk.com\/es\/producto\/jbl-partybox-110-portable-bluetooth-speaker\/","title":{"rendered":"Altavoz Bluetooth port\u00e1til JBL Partybox 110"},"content":{"rendered":"<div class=\"title--wrap--wDzGayX description--title--ZsqjrTd\"><img decoding=\"async\" alt=\"JBL Partybox 110 Portable Bluetooth Speaker\" class=\"aligncenter\" style=\"font-family: var(--mt-font__main); font-size: 1rem;\" src=\"\/wp-content\/uploads\/replace\/cdda6b151e140b501a024b167d5eaabd.png\" \/><img decoding=\"async\" alt=\"JBL Partybox 110 Portable Bluetooth Speaker\" class=\"aligncenter\" style=\"font-family: var(--mt-font__main); font-size: 1rem;\" src=\"\/wp-content\/uploads\/replace\/690dd0487b8d292b58a1dc03abaa4f30.png\" \/><\/div>\n<div>\n<p>POTENTE SONIDO PRO ORIGINAL DE JBL<br \/>\nYa sea que est\u00e9s en casa o al aire libre, JBL PartyBox 110 hace que tu m\u00fasica sea incre\u00edble con dos niveles de graves profundos y ajustables y el potente sonido JBL Original Pro.<\/p>\n<p>ESPECT\u00c1CULO DE LUCES DIN\u00c1MICO QUE SE SINCRONIZA AL RITMO<br \/>\n\u00a1Cada tipo de m\u00fasica es mejor con un espect\u00e1culo de luces din\u00e1mico! Los colores sincronizados con el ritmo te dan ganas de mover los pies, mientras que las luces estrobosc\u00f3picas y los patrones personalizables deslumbran tus ojos. Es una experiencia audiovisual \u00fanica e inmersiva que transforma cualquier fiesta en una obra de arte.<\/p>\n<p>12 HORAS DE JUEGO<br \/>\nPotencia la fiesta todo el d\u00eda o toda la noche. \u00a1Con 12 horas de reproducci\u00f3n y una bater\u00eda recargable incorporada, el ritmo seguir\u00e1 (y seguir\u00e1)!<\/p>\n<p>IPX4 A PRUEBA DE SALPICADURAS<br \/>\nYa sea que tus invitados est\u00e9n bailando en la playa o tomando bebidas junto a la piscina, el JBL PartyBox 110 es resistente a salpicaduras IPX4 para que nunca tengas que preocuparte de que la fiesta se moje demasiado y se vuelva salvaje.<\/p>\n<p>ENTRADAS DE MICR\u00d3FONO Y GUITARRA<br \/>\nCon entradas de micr\u00f3fono y guitarra, puedes mostrar tu talento mientras cantas y tocas. \u00a1No s\u00f3lo sonar\u00e1s genial sino que tambi\u00e9n lucir\u00e1s genial con el espect\u00e1culo de luces perfecto para rockear!<\/p>\n<p>APLICACI\u00d3N PARTYBOX<br \/>\nLa aplicaci\u00f3n JBL PartyBox hace que sea m\u00e1s f\u00e1cil que nunca controlar tu m\u00fasica, actualizar la configuraci\u00f3n y personalizar los colores y patrones de tu espect\u00e1culo de luces para lograr el ambiente de fiesta perfecto.<\/p>\n<p>REPRODUCCI\u00d3N MULTIFUENTE<br \/>\nTransmita sus canciones de forma inal\u00e1mbrica a trav\u00e9s de Bluetooth, conecte una memoria USB o con\u00e9ctela con un cable auxiliar. El JBL PartyBox 110 ofrece la m\u00e1xima adaptabilidad para tu m\u00fasica.<\/p>\n<p>EMPAREJA TUS ALTAVOCES PARA OBTENER UN SONIDO A\u00daN M\u00c1S GRANDE<br \/>\n\u00bfUn JBL PartyBox no es suficiente? Empareje dos parlantes con un cable o tecnolog\u00eda inal\u00e1mbrica mediante True Wireless Stereo (TWS) para obtener un sonido a\u00fan m\u00e1s grande y audaz.<\/p>\n<\/div>","protected":false},"excerpt":{"rendered":"<p>Lleve una dimensi\u00f3n completamente nueva a cualquier fiesta con los exclusivos anillos de iluminaci\u00f3n LED din\u00e1micos, sincronizados con el potente sonido y los graves profundos del PartyBox 110. Lleve el PartyBox a donde quiera que vaya con el dise\u00f1o a prueba de salpicaduras y conecte una guitarra y un micr\u00f3fono para disfrutar de la mejor experiencia inmersiva. . Con Bass Boost y el potente y potente sonido JBL Original Pro, tus amigos no solo escuchar\u00e1n la m\u00fasica, sino que la sentir\u00e1n mientras 12 horas de reproducci\u00f3n mantienen la fiesta vibrante durante todo el d\u00eda o la noche. Utilice la aplicaci\u00f3n PartyBox para tener un control total mientras transmite sus canciones de forma inal\u00e1mbrica.<\/p>","protected":false},"featured_media":37493,"template":"","meta":[],"product_brand":[1354],"product_cat":[1285],"product_tag":[1355,1357],"class_list":{"0":"post-37487","1":"product","2":"type-product","3":"status-publish","4":"has-post-thumbnail","6":"product_brand-jbl","7":"product_cat-jbl-speaker","8":"product_tag-bluetooth","9":"product_tag-speaker","11":"first","12":"instock","13":"shipping-taxable","14":"product-type-simple"},"aioseo_notices":[],"aioseo_head":"\n\t\t<!-- All in One SEO Pro 4.5.9.2 - aioseo.com -->\n\t\t<meta name=\"description\" content=\"Bring a whole new dimension to any party with the unique dynamic LED lightrings, synced to the powerful sound and deep bass of the PartyBox 110. Take the PartyBox wherever you go with the splashproof design and plug in a guitar and mic for the ultimate immersive experience. With Bass Boost and loud, powerful JBL Original Pro Sound, your friends won&#039;t just hear the music, they&#039;ll feel it as 12 hours of playtime keeps the party rocking all day or night. Use the PartyBox app for total control as you stream your tunes wirelessly.\" \/>\n\t\t<meta name=\"robots\" content=\"max-image-preview:large\" \/>\n\t\t<link rel=\"canonical\" href=\"https:\/\/www.rucashk.com\/es\/producto\/jbl-partybox-110-portable-bluetooth-speaker\/\" \/>\n\t\t<meta name=\"generator\" content=\"All in One SEO Pro (AIOSEO) 4.5.9.2\" \/>\n\t\t<meta property=\"og:locale\" content=\"es_ES\" \/>\n\t\t<meta property=\"og:site_name\" content=\"Rucas - One-stop AIoT Distribution Worldwide\" \/>\n\t\t<meta property=\"og:type\" content=\"article\" \/>\n\t\t<meta property=\"og:title\" content=\"JBL Partybox 110 Portable Bluetooth Speaker - Rucas - Wholesale and Distribution\" \/>\n\t\t<meta property=\"og:description\" content=\"Bring a whole new dimension to any party with the unique dynamic LED lightrings, synced to the powerful sound and deep bass of the PartyBox 110. Take the PartyBox wherever you go with the splashproof design and plug in a guitar and mic for the ultimate immersive experience. With Bass Boost and loud, powerful JBL Original Pro Sound, your friends won&#039;t just hear the music, they&#039;ll feel it as 12 hours of playtime keeps the party rocking all day or night. Use the PartyBox app for total control as you stream your tunes wirelessly.\" \/>\n\t\t<meta property=\"og:url\" content=\"https:\/\/www.rucashk.com\/es\/producto\/jbl-partybox-110-portable-bluetooth-speaker\/\" \/>\n\t\t<meta property=\"og:image\" content=\"https:\/\/www.rucashk.com\/wp-content\/uploads\/replace\/503b8e645f128a97ccde2b6290747646.jpeg\" \/>\n\t\t<meta property=\"og:image:secure_url\" content=\"https:\/\/www.rucashk.com\/wp-content\/uploads\/replace\/503b8e645f128a97ccde2b6290747646.jpeg\" \/>\n\t\t<meta property=\"og:image:width\" content=\"1456\" \/>\n\t\t<meta property=\"og:image:height\" content=\"816\" \/>\n\t\t<meta property=\"article:published_time\" content=\"2024-03-13T14:05:56+00:00\" \/>\n\t\t<meta property=\"article:modified_time\" content=\"2024-04-16T13:31:36+00:00\" \/>\n\t\t<meta name=\"twitter:card\" content=\"summary_large_image\" \/>\n\t\t<meta name=\"twitter:title\" content=\"JBL Partybox 110 Portable Bluetooth Speaker - Rucas - Wholesale and Distribution\" \/>\n\t\t<meta name=\"twitter:description\" content=\"Bring a whole new dimension to any party with the unique dynamic LED lightrings, synced to the powerful sound and deep bass of the PartyBox 110. Take the PartyBox wherever you go with the splashproof design and plug in a guitar and mic for the ultimate immersive experience. With Bass Boost and loud, powerful JBL Original Pro Sound, your friends won&#039;t just hear the music, they&#039;ll feel it as 12 hours of playtime keeps the party rocking all day or night. Use the PartyBox app for total control as you stream your tunes wirelessly.\" \/>\n\t\t<meta name=\"twitter:image\" content=\"https:\/\/www.rucashk.com\/wp-content\/uploads\/replace\/503b8e645f128a97ccde2b6290747646.jpeg\" \/>\n\t\t<script type=\"application\/ld+json\" class=\"aioseo-schema\">\n\t\t\t{\"@context\":\"https:\\\/\\\/schema.org\",\"@graph\":[{\"@type\":\"BreadcrumbList\",\"@id\":\"https:\\\/\\\/www.rucashk.com\\\/es\\\/producto\\\/jbl-partybox-110-portable-bluetooth-speaker\\\/#breadcrumblist\",\"itemListElement\":[{\"@type\":\"ListItem\",\"@id\":\"https:\\\/\\\/www.rucashk.com\\\/es\\\/#listItem\",\"position\":1,\"name\":\"Home\",\"item\":\"https:\\\/\\\/www.rucashk.com\\\/es\\\/\",\"nextItem\":\"https:\\\/\\\/www.rucashk.com\\\/es\\\/producto\\\/jbl-partybox-110-portable-bluetooth-speaker\\\/#listItem\"},{\"@type\":\"ListItem\",\"@id\":\"https:\\\/\\\/www.rucashk.com\\\/es\\\/producto\\\/jbl-partybox-110-portable-bluetooth-speaker\\\/#listItem\",\"position\":2,\"name\":\"JBL Partybox 110 Portable Bluetooth Speaker\",\"previousItem\":\"https:\\\/\\\/www.rucashk.com\\\/es\\\/#listItem\"}]},{\"@type\":\"Organization\",\"@id\":\"https:\\\/\\\/www.rucashk.com\\\/es\\\/#organization\",\"name\":\"Rucas\",\"url\":\"https:\\\/\\\/www.rucashk.com\\\/es\\\/\",\"logo\":{\"@type\":\"ImageObject\",\"url\":\"https:\\\/\\\/www.rucashk.com\\\/wp-content\\\/uploads\\\/2023\\\/12\\\/Rucas_campany_logo.png\",\"@id\":\"https:\\\/\\\/www.rucashk.com\\\/es\\\/producto\\\/jbl-partybox-110-portable-bluetooth-speaker\\\/#organizationLogo\",\"width\":221,\"height\":65},\"image\":{\"@id\":\"https:\\\/\\\/www.rucashk.com\\\/es\\\/#organizationLogo\"}},{\"@type\":\"Person\",\"@id\":\"https:\\\/\\\/www.rucashk.com\\\/es\\\/author\\\/admin\\\/#author\",\"url\":\"https:\\\/\\\/www.rucashk.com\\\/es\\\/author\\\/admin\\\/\",\"name\":\"admin\",\"image\":{\"@type\":\"ImageObject\",\"@id\":\"https:\\\/\\\/www.rucashk.com\\\/es\\\/producto\\\/jbl-partybox-110-portable-bluetooth-speaker\\\/#authorImage\",\"url\":\"https:\\\/\\\/secure.gravatar.com\\\/avatar\\\/b7c8925b09a27e72b30232f8ecaadbd5af0f70a38c78096863fe51b64f031c24?s=96&d=mm&r=g\",\"width\":96,\"height\":96,\"caption\":\"admin\"}},{\"@type\":\"WebPage\",\"@id\":\"https:\\\/\\\/www.rucashk.com\\\/es\\\/producto\\\/jbl-partybox-110-portable-bluetooth-speaker\\\/#webpage\",\"url\":\"https:\\\/\\\/www.rucashk.com\\\/es\\\/producto\\\/jbl-partybox-110-portable-bluetooth-speaker\\\/\",\"name\":\"JBL Partybox 110 Portable Bluetooth Speaker - Rucas - Wholesale and Distribution\",\"description\":\"Bring a whole new dimension to any party with the unique dynamic LED lightrings, synced to the powerful sound and deep bass of the PartyBox 110. Take the PartyBox wherever you go with the splashproof design and plug in a guitar and mic for the ultimate immersive experience. With Bass Boost and loud, powerful JBL Original Pro Sound, your friends won't just hear the music, they'll feel it as 12 hours of playtime keeps the party rocking all day or night. Use the PartyBox app for total control as you stream your tunes wirelessly.\",\"inLanguage\":\"es-ES\",\"isPartOf\":{\"@id\":\"https:\\\/\\\/www.rucashk.com\\\/es\\\/#website\"},\"breadcrumb\":{\"@id\":\"https:\\\/\\\/www.rucashk.com\\\/es\\\/producto\\\/jbl-partybox-110-portable-bluetooth-speaker\\\/#breadcrumblist\"},\"author\":{\"@id\":\"https:\\\/\\\/www.rucashk.com\\\/es\\\/author\\\/admin\\\/#author\"},\"creator\":{\"@id\":\"https:\\\/\\\/www.rucashk.com\\\/es\\\/author\\\/admin\\\/#author\"},\"image\":{\"@type\":\"ImageObject\",\"url\":\"https:\\\/\\\/www.rucashk.com\\\/wp-content\\\/uploads\\\/2024\\\/03\\\/858704bc-9432-4592-8a5a-14f8f28b5b11.jpg\",\"@id\":\"https:\\\/\\\/www.rucashk.com\\\/es\\\/producto\\\/jbl-partybox-110-portable-bluetooth-speaker\\\/#mainImage\",\"width\":800,\"height\":800},\"primaryImageOfPage\":{\"@id\":\"https:\\\/\\\/www.rucashk.com\\\/es\\\/producto\\\/jbl-partybox-110-portable-bluetooth-speaker\\\/#mainImage\"},\"datePublished\":\"2024-03-13T14:05:56+00:00\",\"dateModified\":\"2024-04-16T13:31:36+00:00\"},{\"@type\":\"WebSite\",\"@id\":\"https:\\\/\\\/www.rucashk.com\\\/es\\\/#website\",\"url\":\"https:\\\/\\\/www.rucashk.com\\\/es\\\/\",\"name\":\"Rucas - Wholesale and distribution worldwide\",\"alternateName\":\"Rucas - One-stop AIoT Distribution Worldwide\",\"description\":\"One-stop AIoT Distribution Worldwide\",\"inLanguage\":\"es-ES\",\"publisher\":{\"@id\":\"https:\\\/\\\/www.rucashk.com\\\/es\\\/#organization\"}}]}\n\t\t<\/script>\n\t\t<!-- All in One SEO Pro -->\r\n\t\t<title>JBL Partybox 110 Portable Bluetooth Speaker - Rucas - Wholesale and Distribution<\/title>\n\n","aioseo_head_json":{"title":"JBL Partybox 110 Portable Bluetooth Speaker - Rucas - Wholesale and Distribution","description":"Bring a whole new dimension to any party with the unique dynamic LED lightrings, synced to the powerful sound and deep bass of the PartyBox 110. Take the PartyBox wherever you go with the splashproof design and plug in a guitar and mic for the ultimate immersive experience. With Bass Boost and loud, powerful JBL Original Pro Sound, your friends won't just hear the music, they'll feel it as 12 hours of playtime keeps the party rocking all day or night. Use the PartyBox app for total control as you stream your tunes wirelessly.","canonical_url":"https:\/\/www.rucashk.com\/es\/producto\/jbl-partybox-110-portable-bluetooth-speaker\/","robots":"max-image-preview:large","keywords":"","webmasterTools":{"miscellaneous":""},"og:locale":"es_ES","og:site_name":"Rucas - One-stop AIoT Distribution Worldwide","og:type":"article","og:title":"JBL Partybox 110 Portable Bluetooth Speaker - Rucas - Wholesale and Distribution","og:description":"Bring a whole new dimension to any party with the unique dynamic LED lightrings, synced to the powerful sound and deep bass of the PartyBox 110. Take the PartyBox wherever you go with the splashproof design and plug in a guitar and mic for the ultimate immersive experience. With Bass Boost and loud, powerful JBL Original Pro Sound, your friends won't just hear the music, they'll feel it as 12 hours of playtime keeps the party rocking all day or night. Use the PartyBox app for total control as you stream your tunes wirelessly.","og:url":"https:\/\/www.rucashk.com\/es\/producto\/jbl-partybox-110-portable-bluetooth-speaker\/","og:image":"https:\/\/www.rucashk.com\/wp-content\/uploads\/replace\/503b8e645f128a97ccde2b6290747646.jpeg","og:image:secure_url":"https:\/\/www.rucashk.com\/wp-content\/uploads\/replace\/503b8e645f128a97ccde2b6290747646.jpeg","og:image:width":1456,"og:image:height":816,"article:published_time":"2024-03-13T14:05:56+00:00","article:modified_time":"2024-04-16T13:31:36+00:00","twitter:card":"summary_large_image","twitter:title":"JBL Partybox 110 Portable Bluetooth Speaker - Rucas - Wholesale and Distribution","twitter:description":"Bring a whole new dimension to any party with the unique dynamic LED lightrings, synced to the powerful sound and deep bass of the PartyBox 110. Take the PartyBox wherever you go with the splashproof design and plug in a guitar and mic for the ultimate immersive experience. With Bass Boost and loud, powerful JBL Original Pro Sound, your friends won't just hear the music, they'll feel it as 12 hours of playtime keeps the party rocking all day or night. Use the PartyBox app for total control as you stream your tunes wirelessly.","twitter:image":"https:\/\/www.rucashk.com\/wp-content\/uploads\/replace\/503b8e645f128a97ccde2b6290747646.jpeg","schema":{"@context":"https:\/\/schema.org","@graph":[{"@type":"BreadcrumbList","@id":"https:\/\/www.rucashk.com\/es\/producto\/jbl-partybox-110-portable-bluetooth-speaker\/#breadcrumblist","itemListElement":[{"@type":"ListItem","@id":"https:\/\/www.rucashk.com\/es\/#listItem","position":1,"name":"Home","item":"https:\/\/www.rucashk.com\/es\/","nextItem":"https:\/\/www.rucashk.com\/es\/producto\/jbl-partybox-110-portable-bluetooth-speaker\/#listItem"},{"@type":"ListItem","@id":"https:\/\/www.rucashk.com\/es\/producto\/jbl-partybox-110-portable-bluetooth-speaker\/#listItem","position":2,"name":"JBL Partybox 110 Portable Bluetooth Speaker","previousItem":"https:\/\/www.rucashk.com\/es\/#listItem"}]},{"@type":"Organization","@id":"https:\/\/www.rucashk.com\/es\/#organization","name":"Rucas","url":"https:\/\/www.rucashk.com\/es\/","logo":{"@type":"ImageObject","url":"https:\/\/www.rucashk.com\/wp-content\/uploads\/2023\/12\/Rucas_campany_logo.png","@id":"https:\/\/www.rucashk.com\/es\/producto\/jbl-partybox-110-portable-bluetooth-speaker\/#organizationLogo","width":221,"height":65},"image":{"@id":"https:\/\/www.rucashk.com\/es\/#organizationLogo"}},{"@type":"Person","@id":"https:\/\/www.rucashk.com\/es\/author\/admin\/#author","url":"https:\/\/www.rucashk.com\/es\/author\/admin\/","name":"admin","image":{"@type":"ImageObject","@id":"https:\/\/www.rucashk.com\/es\/producto\/jbl-partybox-110-portable-bluetooth-speaker\/#authorImage","url":"https:\/\/secure.gravatar.com\/avatar\/b7c8925b09a27e72b30232f8ecaadbd5af0f70a38c78096863fe51b64f031c24?s=96&d=mm&r=g","width":96,"height":96,"caption":"admin"}},{"@type":"WebPage","@id":"https:\/\/www.rucashk.com\/es\/producto\/jbl-partybox-110-portable-bluetooth-speaker\/#webpage","url":"https:\/\/www.rucashk.com\/es\/producto\/jbl-partybox-110-portable-bluetooth-speaker\/","name":"JBL Partybox 110 Portable Bluetooth Speaker - Rucas - Wholesale and Distribution","description":"Bring a whole new dimension to any party with the unique dynamic LED lightrings, synced to the powerful sound and deep bass of the PartyBox 110. Take the PartyBox wherever you go with the splashproof design and plug in a guitar and mic for the ultimate immersive experience. With Bass Boost and loud, powerful JBL Original Pro Sound, your friends won't just hear the music, they'll feel it as 12 hours of playtime keeps the party rocking all day or night. Use the PartyBox app for total control as you stream your tunes wirelessly.","inLanguage":"es-ES","isPartOf":{"@id":"https:\/\/www.rucashk.com\/es\/#website"},"breadcrumb":{"@id":"https:\/\/www.rucashk.com\/es\/producto\/jbl-partybox-110-portable-bluetooth-speaker\/#breadcrumblist"},"author":{"@id":"https:\/\/www.rucashk.com\/es\/author\/admin\/#author"},"creator":{"@id":"https:\/\/www.rucashk.com\/es\/author\/admin\/#author"},"image":{"@type":"ImageObject","url":"https:\/\/www.rucashk.com\/wp-content\/uploads\/2024\/03\/858704bc-9432-4592-8a5a-14f8f28b5b11.jpg","@id":"https:\/\/www.rucashk.com\/es\/producto\/jbl-partybox-110-portable-bluetooth-speaker\/#mainImage","width":800,"height":800},"primaryImageOfPage":{"@id":"https:\/\/www.rucashk.com\/es\/producto\/jbl-partybox-110-portable-bluetooth-speaker\/#mainImage"},"datePublished":"2024-03-13T14:05:56+00:00","dateModified":"2024-04-16T13:31:36+00:00"},{"@type":"WebSite","@id":"https:\/\/www.rucashk.com\/es\/#website","url":"https:\/\/www.rucashk.com\/es\/","name":"Rucas - Wholesale and distribution worldwide","alternateName":"Rucas - One-stop AIoT Distribution Worldwide","description":"One-stop AIoT Distribution Worldwide","inLanguage":"es-ES","publisher":{"@id":"https:\/\/www.rucashk.com\/es\/#organization"}}]}},"aioseo_meta_data":{"post_id":"37487","title":null,"description":null,"keywords":null,"keyphrases":null,"primary_term":null,"canonical_url":null,"og_title":null,"og_description":null,"og_object_type":"default","og_image_type":"default","og_image_url":null,"og_image_width":null,"og_image_height":null,"og_image_custom_url":null,"og_image_custom_fields":null,"og_video":null,"og_custom_url":null,"og_article_section":null,"og_article_tags":null,"twitter_use_og":false,"twitter_card":"default","twitter_image_type":"default","twitter_image_url":null,"twitter_image_custom_url":null,"twitter_image_custom_fields":null,"twitter_title":null,"twitter_description":null,"schema":{"blockGraphs":[],"customGraphs":[],"default":{"data":{"Article":[],"Course":[],"Dataset":[],"FAQPage":[],"Movie":[],"Person":[],"Product":[],"Recipe":[],"Service":[],"SoftwareApplication":[],"WebPage":[]},"graphName":"","isEnabled":true},"graphs":[]},"schema_type":"default","schema_type_options":null,"pillar_content":false,"robots_default":true,"robots_noindex":false,"robots_noarchive":false,"robots_nosnippet":false,"robots_nofollow":false,"robots_noimageindex":false,"robots_noodp":false,"robots_notranslate":false,"robots_max_snippet":null,"robots_max_videopreview":null,"robots_max_imagepreview":"large","priority":null,"frequency":null,"local_seo":null,"breadcrumb_settings":null,"limit_modified_date":false,"created":"2024-04-11 01:57:23","updated":"2025-06-22 18:44:57"},"aioseo_breadcrumb":"<div class=\"aioseo-breadcrumbs\"><span class=\"aioseo-breadcrumb\">\n\t<a href=\"https:\/\/www.rucashk.com\/es\" title=\"Home\">Home<\/a>\n<\/span><span class=\"aioseo-breadcrumb-separator\">&raquo;<\/span><span class=\"aioseo-breadcrumb\">\n\t<a href=\"https:\/\/www.rucashk.com\/es\/products\/\" title=\"Productos\">Productos<\/a>\n<\/span><span class=\"aioseo-breadcrumb-separator\">&raquo;<\/span><span class=\"aioseo-breadcrumb\">\n\t<a href=\"https:\/\/www.rucashk.com\/es\/marca\/jbl\/\" title=\"JBL\">JBL<\/a>\n<\/span><span class=\"aioseo-breadcrumb-separator\">&raquo;<\/span><span class=\"aioseo-breadcrumb\">\n\tJBL Partybox 110 Portable Bluetooth Speaker\n<\/span><\/div>","aioseo_breadcrumb_json":[{"label":"Home","link":"https:\/\/www.rucashk.com\/es"},{"label":"Productos","link":"https:\/\/www.rucashk.com\/es\/products\/"},{"label":"JBL","link":"https:\/\/www.rucashk.com\/es\/marca\/jbl\/"},{"label":"JBL Partybox 110 Portable Bluetooth Speaker","link":"https:\/\/www.rucashk.com\/es\/producto\/jbl-partybox-110-portable-bluetooth-speaker\/"}],"_links":{"self":[{"href":"https:\/\/www.rucashk.com\/es\/wp-json\/wp\/v2\/product\/37487","targetHints":{"allow":["GET"]}}],"collection":[{"href":"https:\/\/www.rucashk.com\/es\/wp-json\/wp\/v2\/product"}],"about":[{"href":"https:\/\/www.rucashk.com\/es\/wp-json\/wp\/v2\/types\/product"}],"wp:featuredmedia":[{"embeddable":true,"href":"https:\/\/www.rucashk.com\/es\/wp-json\/wp\/v2\/media\/37493"}],"wp:attachment":[{"href":"https:\/\/www.rucashk.com\/es\/wp-json\/wp\/v2\/media?parent=37487"}],"wp:term":[{"taxonomy":"product_brand","embeddable":true,"href":"https:\/\/www.rucashk.com\/es\/wp-json\/wp\/v2\/product_brand?post=37487"},{"taxonomy":"product_cat","embeddable":true,"href":"https:\/\/www.rucashk.com\/es\/wp-json\/wp\/v2\/product_cat?post=37487"},{"taxonomy":"product_tag","embeddable":true,"href":"https:\/\/www.rucashk.com\/es\/wp-json\/wp\/v2\/product_tag?post=37487"}],"curies":[{"name":"wp","href":"https:\/\/api.w.org\/{rel}","templated":true}]}}