{"id":33350,"date":"2024-03-12T15:05:32","date_gmt":"2024-03-12T15:05:32","guid":{"rendered":"http:\/\/rucashk.com\/?post_type=product&#038;p=33350"},"modified":"2024-04-16T13:30:06","modified_gmt":"2024-04-16T13:30:06","slug":"jbl-tune-flex-wireless-bluetooth-earphones","status":"publish","type":"product","link":"https:\/\/www.rucashk.com\/es\/producto\/jbl-tune-flex-wireless-bluetooth-earphones\/","title":{"rendered":"Auriculares inal\u00e1mbricos Bluetooth JBL TUNE FLEX"},"content":{"rendered":"<p><img decoding=\"async\" alt=\"JBL TUNE FLEX Wireless Bluetooth Earphones\" class=\"aligncenter\" src=\"\/wp-content\/uploads\/replace\/1b458a2f23ec83ab26a77e248aad4137.png\" \/>\u00a0<img decoding=\"async\" alt=\"JBL TUNE FLEX Wireless Bluetooth Earphones\" class=\"aligncenter\" src=\"\/wp-content\/uploads\/replace\/df815e676a19bb63995afc11af3cd14b.png\" \/>\u00a0<img decoding=\"async\" alt=\"JBL TUNE FLEX Wireless Bluetooth Earphones\" class=\"aligncenter\" src=\"\/wp-content\/uploads\/replace\/8b833c940d3ba5d8be0c6a74983ad9ec.png\" \/>\u00a0<img decoding=\"async\" alt=\"JBL TUNE FLEX Wireless Bluetooth Earphones\" class=\"aligncenter\" src=\"\/wp-content\/uploads\/replace\/8b6f35c71c2d5fbcbddd0b1103cfb933.png\" \/><\/p>\n<p>Afronta tu d\u00eda canci\u00f3n a canci\u00f3n con JBL Tune Flex. Estos verdaderos auriculares inal\u00e1mbricos te brindan hasta 32 horas de excepcional sonido JBL Pure Bass, mientras que el dise\u00f1o ergon\u00f3mico y resistente al agua te brinda comodidad durante todo el d\u00eda en cualquier clima. Un simple toque te permite gestionar y disfrutar de llamadas perfectas en cualquier lugar, sin ruidos ambientales. Y con la cancelaci\u00f3n activa de ruido y la tecnolog\u00eda Smart Ambient, t\u00fa eliges si quieres desconectarte del mundo o interactuar con tu entorno. El dise\u00f1o abierto de la barra de luz garantiza comodidad durante todo el d\u00eda y una percepci\u00f3n del sonido natural. Lo mejor de todo es que la aplicaci\u00f3n JBL Headphones te permite personalizar toda tu experiencia auditiva. Mantente conectado con tu mundo, a tu manera.<\/p>","protected":false},"excerpt":{"rendered":"<p>Afronta tu d\u00eda canci\u00f3n a canci\u00f3n con JBL Tune Flex. Estos verdaderos auriculares inal\u00e1mbricos te brindan hasta 32 horas de excepcional sonido JBL Pure Bass, mientras que el dise\u00f1o ergon\u00f3mico y resistente al agua te brinda comodidad durante todo el d\u00eda en cualquier clima. Un simple toque te permite gestionar y disfrutar de llamadas perfectas en cualquier lugar, sin ruidos ambientales. Y con la cancelaci\u00f3n activa de ruido y la tecnolog\u00eda Smart Ambient, t\u00fa eliges si quieres desconectarte del mundo o interactuar con tu entorno. El dise\u00f1o abierto de la barra de luz garantiza comodidad durante todo el d\u00eda y una percepci\u00f3n del sonido natural. Lo mejor de todo es que la aplicaci\u00f3n JBL Headphones te permite personalizar toda tu experiencia auditiva. Mantente conectado con tu mundo, a tu manera.<\/p>","protected":false},"featured_media":33357,"template":"","meta":[],"product_brand":[1354],"product_cat":[1284],"product_tag":[1355,466],"class_list":{"0":"post-33350","1":"product","2":"type-product","3":"status-publish","4":"has-post-thumbnail","6":"product_brand-jbl","7":"product_cat-jbl-earphone","8":"product_tag-bluetooth","9":"product_tag-earphones","11":"first","12":"instock","13":"shipping-taxable","14":"product-type-simple"},"aioseo_notices":[],"aioseo_head":"\n\t\t<!-- All in One SEO Pro 4.5.9.2 - aioseo.com -->\n\t\t<meta name=\"description\" content=\"Tackle your day one song at a time with the JBL Tune Flex. These true wireless earbuds give you up to 32 hours of exceptional JBL Pure Bass Sound, while the ergonomic and water-resistant design gives you all-day comfort in any weather. A simple touch allows you to manage and enjoy perfect calls anywhere, without ambient noises. And with Active Noise Cancelling and Smart Ambient technology, you choose whether you want to tune out the world or engage with your surroundings. The light stick open design ensures comfort all-day long and natural sound awareness. Best of all, the JBL Headphones App lets you personalize your entire listening experience. Stay connected to your world, your way.\" \/>\n\t\t<meta name=\"robots\" content=\"max-image-preview:large\" \/>\n\t\t<link rel=\"canonical\" href=\"https:\/\/www.rucashk.com\/es\/producto\/jbl-tune-flex-wireless-bluetooth-earphones\/\" \/>\n\t\t<meta name=\"generator\" content=\"All in One SEO Pro (AIOSEO) 4.5.9.2\" \/>\n\t\t<meta property=\"og:locale\" content=\"es_ES\" \/>\n\t\t<meta property=\"og:site_name\" content=\"Rucas - One-stop AIoT Distribution Worldwide\" \/>\n\t\t<meta property=\"og:type\" content=\"article\" \/>\n\t\t<meta property=\"og:title\" content=\"JBL TUNE FLEX Wireless Bluetooth Earphones - Rucas - Wholesale and Distribution\" \/>\n\t\t<meta property=\"og:description\" content=\"Tackle your day one song at a time with the JBL Tune Flex. These true wireless earbuds give you up to 32 hours of exceptional JBL Pure Bass Sound, while the ergonomic and water-resistant design gives you all-day comfort in any weather. A simple touch allows you to manage and enjoy perfect calls anywhere, without ambient noises. And with Active Noise Cancelling and Smart Ambient technology, you choose whether you want to tune out the world or engage with your surroundings. The light stick open design ensures comfort all-day long and natural sound awareness. Best of all, the JBL Headphones App lets you personalize your entire listening experience. Stay connected to your world, your way.\" \/>\n\t\t<meta property=\"og:url\" content=\"https:\/\/www.rucashk.com\/es\/producto\/jbl-tune-flex-wireless-bluetooth-earphones\/\" \/>\n\t\t<meta property=\"og:image\" content=\"https:\/\/www.rucashk.com\/wp-content\/uploads\/replace\/503b8e645f128a97ccde2b6290747646.jpeg\" \/>\n\t\t<meta property=\"og:image:secure_url\" content=\"https:\/\/www.rucashk.com\/wp-content\/uploads\/replace\/503b8e645f128a97ccde2b6290747646.jpeg\" \/>\n\t\t<meta property=\"og:image:width\" content=\"1456\" \/>\n\t\t<meta property=\"og:image:height\" content=\"816\" \/>\n\t\t<meta property=\"article:published_time\" content=\"2024-03-12T15:05:32+00:00\" \/>\n\t\t<meta property=\"article:modified_time\" content=\"2024-04-16T13:30:06+00:00\" \/>\n\t\t<meta name=\"twitter:card\" content=\"summary_large_image\" \/>\n\t\t<meta name=\"twitter:title\" content=\"JBL TUNE FLEX Wireless Bluetooth Earphones - Rucas - Wholesale and Distribution\" \/>\n\t\t<meta name=\"twitter:description\" content=\"Tackle your day one song at a time with the JBL Tune Flex. These true wireless earbuds give you up to 32 hours of exceptional JBL Pure Bass Sound, while the ergonomic and water-resistant design gives you all-day comfort in any weather. A simple touch allows you to manage and enjoy perfect calls anywhere, without ambient noises. And with Active Noise Cancelling and Smart Ambient technology, you choose whether you want to tune out the world or engage with your surroundings. The light stick open design ensures comfort all-day long and natural sound awareness. Best of all, the JBL Headphones App lets you personalize your entire listening experience. Stay connected to your world, your way.\" \/>\n\t\t<meta name=\"twitter:image\" content=\"https:\/\/www.rucashk.com\/wp-content\/uploads\/replace\/503b8e645f128a97ccde2b6290747646.jpeg\" \/>\n\t\t<script type=\"application\/ld+json\" class=\"aioseo-schema\">\n\t\t\t{\"@context\":\"https:\\\/\\\/schema.org\",\"@graph\":[{\"@type\":\"BreadcrumbList\",\"@id\":\"https:\\\/\\\/www.rucashk.com\\\/es\\\/producto\\\/jbl-tune-flex-wireless-bluetooth-earphones\\\/#breadcrumblist\",\"itemListElement\":[{\"@type\":\"ListItem\",\"@id\":\"https:\\\/\\\/www.rucashk.com\\\/es\\\/#listItem\",\"position\":1,\"name\":\"Home\",\"item\":\"https:\\\/\\\/www.rucashk.com\\\/es\\\/\",\"nextItem\":\"https:\\\/\\\/www.rucashk.com\\\/es\\\/producto\\\/jbl-tune-flex-wireless-bluetooth-earphones\\\/#listItem\"},{\"@type\":\"ListItem\",\"@id\":\"https:\\\/\\\/www.rucashk.com\\\/es\\\/producto\\\/jbl-tune-flex-wireless-bluetooth-earphones\\\/#listItem\",\"position\":2,\"name\":\"JBL TUNE FLEX Wireless Bluetooth Earphones\",\"previousItem\":\"https:\\\/\\\/www.rucashk.com\\\/es\\\/#listItem\"}]},{\"@type\":\"Organization\",\"@id\":\"https:\\\/\\\/www.rucashk.com\\\/es\\\/#organization\",\"name\":\"Rucas\",\"url\":\"https:\\\/\\\/www.rucashk.com\\\/es\\\/\",\"logo\":{\"@type\":\"ImageObject\",\"url\":\"https:\\\/\\\/www.rucashk.com\\\/wp-content\\\/uploads\\\/2023\\\/12\\\/Rucas_campany_logo.png\",\"@id\":\"https:\\\/\\\/www.rucashk.com\\\/es\\\/producto\\\/jbl-tune-flex-wireless-bluetooth-earphones\\\/#organizationLogo\",\"width\":221,\"height\":65},\"image\":{\"@id\":\"https:\\\/\\\/www.rucashk.com\\\/es\\\/#organizationLogo\"}},{\"@type\":\"Person\",\"@id\":\"https:\\\/\\\/www.rucashk.com\\\/es\\\/author\\\/admin\\\/#author\",\"url\":\"https:\\\/\\\/www.rucashk.com\\\/es\\\/author\\\/admin\\\/\",\"name\":\"admin\",\"image\":{\"@type\":\"ImageObject\",\"@id\":\"https:\\\/\\\/www.rucashk.com\\\/es\\\/producto\\\/jbl-tune-flex-wireless-bluetooth-earphones\\\/#authorImage\",\"url\":\"https:\\\/\\\/secure.gravatar.com\\\/avatar\\\/b7c8925b09a27e72b30232f8ecaadbd5af0f70a38c78096863fe51b64f031c24?s=96&d=mm&r=g\",\"width\":96,\"height\":96,\"caption\":\"admin\"}},{\"@type\":\"WebPage\",\"@id\":\"https:\\\/\\\/www.rucashk.com\\\/es\\\/producto\\\/jbl-tune-flex-wireless-bluetooth-earphones\\\/#webpage\",\"url\":\"https:\\\/\\\/www.rucashk.com\\\/es\\\/producto\\\/jbl-tune-flex-wireless-bluetooth-earphones\\\/\",\"name\":\"JBL TUNE FLEX Wireless Bluetooth Earphones - Rucas - Wholesale and Distribution\",\"description\":\"Tackle your day one song at a time with the JBL Tune Flex. These true wireless earbuds give you up to 32 hours of exceptional JBL Pure Bass Sound, while the ergonomic and water-resistant design gives you all-day comfort in any weather. A simple touch allows you to manage and enjoy perfect calls anywhere, without ambient noises. And with Active Noise Cancelling and Smart Ambient technology, you choose whether you want to tune out the world or engage with your surroundings. The light stick open design ensures comfort all-day long and natural sound awareness. Best of all, the JBL Headphones App lets you personalize your entire listening experience. Stay connected to your world, your way.\",\"inLanguage\":\"es-ES\",\"isPartOf\":{\"@id\":\"https:\\\/\\\/www.rucashk.com\\\/es\\\/#website\"},\"breadcrumb\":{\"@id\":\"https:\\\/\\\/www.rucashk.com\\\/es\\\/producto\\\/jbl-tune-flex-wireless-bluetooth-earphones\\\/#breadcrumblist\"},\"author\":{\"@id\":\"https:\\\/\\\/www.rucashk.com\\\/es\\\/author\\\/admin\\\/#author\"},\"creator\":{\"@id\":\"https:\\\/\\\/www.rucashk.com\\\/es\\\/author\\\/admin\\\/#author\"},\"image\":{\"@type\":\"ImageObject\",\"url\":\"https:\\\/\\\/www.rucashk.com\\\/wp-content\\\/uploads\\\/2024\\\/03\\\/038b464d-4345-4d94-bc2c-e3bfc9aa2cbd.webp\",\"@id\":\"https:\\\/\\\/www.rucashk.com\\\/es\\\/producto\\\/jbl-tune-flex-wireless-bluetooth-earphones\\\/#mainImage\",\"width\":1000,\"height\":1000},\"primaryImageOfPage\":{\"@id\":\"https:\\\/\\\/www.rucashk.com\\\/es\\\/producto\\\/jbl-tune-flex-wireless-bluetooth-earphones\\\/#mainImage\"},\"datePublished\":\"2024-03-12T15:05:32+00:00\",\"dateModified\":\"2024-04-16T13:30:06+00:00\"},{\"@type\":\"WebSite\",\"@id\":\"https:\\\/\\\/www.rucashk.com\\\/es\\\/#website\",\"url\":\"https:\\\/\\\/www.rucashk.com\\\/es\\\/\",\"name\":\"Rucas - Wholesale and distribution worldwide\",\"alternateName\":\"Rucas - One-stop AIoT Distribution Worldwide\",\"description\":\"One-stop AIoT Distribution Worldwide\",\"inLanguage\":\"es-ES\",\"publisher\":{\"@id\":\"https:\\\/\\\/www.rucashk.com\\\/es\\\/#organization\"}}]}\n\t\t<\/script>\n\t\t<!-- All in One SEO Pro -->\r\n\t\t<title>JBL TUNE FLEX Wireless Bluetooth Earphones - Rucas - Wholesale and Distribution<\/title>\n\n","aioseo_head_json":{"title":"JBL TUNE FLEX Wireless Bluetooth Earphones - Rucas - Wholesale and Distribution","description":"Tackle your day one song at a time with the JBL Tune Flex. These true wireless earbuds give you up to 32 hours of exceptional JBL Pure Bass Sound, while the ergonomic and water-resistant design gives you all-day comfort in any weather. A simple touch allows you to manage and enjoy perfect calls anywhere, without ambient noises. And with Active Noise Cancelling and Smart Ambient technology, you choose whether you want to tune out the world or engage with your surroundings. The light stick open design ensures comfort all-day long and natural sound awareness. Best of all, the JBL Headphones App lets you personalize your entire listening experience. Stay connected to your world, your way.","canonical_url":"https:\/\/www.rucashk.com\/es\/producto\/jbl-tune-flex-wireless-bluetooth-earphones\/","robots":"max-image-preview:large","keywords":"","webmasterTools":{"miscellaneous":""},"og:locale":"es_ES","og:site_name":"Rucas - One-stop AIoT Distribution Worldwide","og:type":"article","og:title":"JBL TUNE FLEX Wireless Bluetooth Earphones - Rucas - Wholesale and Distribution","og:description":"Tackle your day one song at a time with the JBL Tune Flex. These true wireless earbuds give you up to 32 hours of exceptional JBL Pure Bass Sound, while the ergonomic and water-resistant design gives you all-day comfort in any weather. A simple touch allows you to manage and enjoy perfect calls anywhere, without ambient noises. And with Active Noise Cancelling and Smart Ambient technology, you choose whether you want to tune out the world or engage with your surroundings. The light stick open design ensures comfort all-day long and natural sound awareness. Best of all, the JBL Headphones App lets you personalize your entire listening experience. Stay connected to your world, your way.","og:url":"https:\/\/www.rucashk.com\/es\/producto\/jbl-tune-flex-wireless-bluetooth-earphones\/","og:image":"https:\/\/www.rucashk.com\/wp-content\/uploads\/replace\/503b8e645f128a97ccde2b6290747646.jpeg","og:image:secure_url":"https:\/\/www.rucashk.com\/wp-content\/uploads\/replace\/503b8e645f128a97ccde2b6290747646.jpeg","og:image:width":1456,"og:image:height":816,"article:published_time":"2024-03-12T15:05:32+00:00","article:modified_time":"2024-04-16T13:30:06+00:00","twitter:card":"summary_large_image","twitter:title":"JBL TUNE FLEX Wireless Bluetooth Earphones - Rucas - Wholesale and Distribution","twitter:description":"Tackle your day one song at a time with the JBL Tune Flex. These true wireless earbuds give you up to 32 hours of exceptional JBL Pure Bass Sound, while the ergonomic and water-resistant design gives you all-day comfort in any weather. A simple touch allows you to manage and enjoy perfect calls anywhere, without ambient noises. And with Active Noise Cancelling and Smart Ambient technology, you choose whether you want to tune out the world or engage with your surroundings. The light stick open design ensures comfort all-day long and natural sound awareness. Best of all, the JBL Headphones App lets you personalize your entire listening experience. Stay connected to your world, your way.","twitter:image":"https:\/\/www.rucashk.com\/wp-content\/uploads\/replace\/503b8e645f128a97ccde2b6290747646.jpeg","schema":{"@context":"https:\/\/schema.org","@graph":[{"@type":"BreadcrumbList","@id":"https:\/\/www.rucashk.com\/es\/producto\/jbl-tune-flex-wireless-bluetooth-earphones\/#breadcrumblist","itemListElement":[{"@type":"ListItem","@id":"https:\/\/www.rucashk.com\/es\/#listItem","position":1,"name":"Home","item":"https:\/\/www.rucashk.com\/es\/","nextItem":"https:\/\/www.rucashk.com\/es\/producto\/jbl-tune-flex-wireless-bluetooth-earphones\/#listItem"},{"@type":"ListItem","@id":"https:\/\/www.rucashk.com\/es\/producto\/jbl-tune-flex-wireless-bluetooth-earphones\/#listItem","position":2,"name":"JBL TUNE FLEX Wireless Bluetooth Earphones","previousItem":"https:\/\/www.rucashk.com\/es\/#listItem"}]},{"@type":"Organization","@id":"https:\/\/www.rucashk.com\/es\/#organization","name":"Rucas","url":"https:\/\/www.rucashk.com\/es\/","logo":{"@type":"ImageObject","url":"https:\/\/www.rucashk.com\/wp-content\/uploads\/2023\/12\/Rucas_campany_logo.png","@id":"https:\/\/www.rucashk.com\/es\/producto\/jbl-tune-flex-wireless-bluetooth-earphones\/#organizationLogo","width":221,"height":65},"image":{"@id":"https:\/\/www.rucashk.com\/es\/#organizationLogo"}},{"@type":"Person","@id":"https:\/\/www.rucashk.com\/es\/author\/admin\/#author","url":"https:\/\/www.rucashk.com\/es\/author\/admin\/","name":"admin","image":{"@type":"ImageObject","@id":"https:\/\/www.rucashk.com\/es\/producto\/jbl-tune-flex-wireless-bluetooth-earphones\/#authorImage","url":"https:\/\/secure.gravatar.com\/avatar\/b7c8925b09a27e72b30232f8ecaadbd5af0f70a38c78096863fe51b64f031c24?s=96&d=mm&r=g","width":96,"height":96,"caption":"admin"}},{"@type":"WebPage","@id":"https:\/\/www.rucashk.com\/es\/producto\/jbl-tune-flex-wireless-bluetooth-earphones\/#webpage","url":"https:\/\/www.rucashk.com\/es\/producto\/jbl-tune-flex-wireless-bluetooth-earphones\/","name":"JBL TUNE FLEX Wireless Bluetooth Earphones - Rucas - Wholesale and Distribution","description":"Tackle your day one song at a time with the JBL Tune Flex. These true wireless earbuds give you up to 32 hours of exceptional JBL Pure Bass Sound, while the ergonomic and water-resistant design gives you all-day comfort in any weather. A simple touch allows you to manage and enjoy perfect calls anywhere, without ambient noises. And with Active Noise Cancelling and Smart Ambient technology, you choose whether you want to tune out the world or engage with your surroundings. The light stick open design ensures comfort all-day long and natural sound awareness. Best of all, the JBL Headphones App lets you personalize your entire listening experience. Stay connected to your world, your way.","inLanguage":"es-ES","isPartOf":{"@id":"https:\/\/www.rucashk.com\/es\/#website"},"breadcrumb":{"@id":"https:\/\/www.rucashk.com\/es\/producto\/jbl-tune-flex-wireless-bluetooth-earphones\/#breadcrumblist"},"author":{"@id":"https:\/\/www.rucashk.com\/es\/author\/admin\/#author"},"creator":{"@id":"https:\/\/www.rucashk.com\/es\/author\/admin\/#author"},"image":{"@type":"ImageObject","url":"https:\/\/www.rucashk.com\/wp-content\/uploads\/2024\/03\/038b464d-4345-4d94-bc2c-e3bfc9aa2cbd.webp","@id":"https:\/\/www.rucashk.com\/es\/producto\/jbl-tune-flex-wireless-bluetooth-earphones\/#mainImage","width":1000,"height":1000},"primaryImageOfPage":{"@id":"https:\/\/www.rucashk.com\/es\/producto\/jbl-tune-flex-wireless-bluetooth-earphones\/#mainImage"},"datePublished":"2024-03-12T15:05:32+00:00","dateModified":"2024-04-16T13:30:06+00:00"},{"@type":"WebSite","@id":"https:\/\/www.rucashk.com\/es\/#website","url":"https:\/\/www.rucashk.com\/es\/","name":"Rucas - Wholesale and distribution worldwide","alternateName":"Rucas - One-stop AIoT Distribution Worldwide","description":"One-stop AIoT Distribution Worldwide","inLanguage":"es-ES","publisher":{"@id":"https:\/\/www.rucashk.com\/es\/#organization"}}]}},"aioseo_meta_data":{"post_id":"33350","title":null,"description":null,"keywords":null,"keyphrases":null,"primary_term":null,"canonical_url":null,"og_title":null,"og_description":null,"og_object_type":"default","og_image_type":"default","og_image_url":null,"og_image_width":null,"og_image_height":null,"og_image_custom_url":null,"og_image_custom_fields":null,"og_video":null,"og_custom_url":null,"og_article_section":null,"og_article_tags":null,"twitter_use_og":false,"twitter_card":"default","twitter_image_type":"default","twitter_image_url":null,"twitter_image_custom_url":null,"twitter_image_custom_fields":null,"twitter_title":null,"twitter_description":null,"schema":{"blockGraphs":[],"customGraphs":[],"default":{"data":{"Article":[],"Course":[],"Dataset":[],"FAQPage":[],"Movie":[],"Person":[],"Product":[],"Recipe":[],"Service":[],"SoftwareApplication":[],"WebPage":[]},"graphName":"","isEnabled":true},"graphs":[]},"schema_type":"default","schema_type_options":null,"pillar_content":false,"robots_default":true,"robots_noindex":false,"robots_noarchive":false,"robots_nosnippet":false,"robots_nofollow":false,"robots_noimageindex":false,"robots_noodp":false,"robots_notranslate":false,"robots_max_snippet":null,"robots_max_videopreview":null,"robots_max_imagepreview":"large","priority":null,"frequency":null,"local_seo":null,"breadcrumb_settings":null,"limit_modified_date":false,"created":"2024-04-11 01:57:22","updated":"2025-06-22 18:44:56"},"aioseo_breadcrumb":"<div class=\"aioseo-breadcrumbs\"><span class=\"aioseo-breadcrumb\">\n\t<a href=\"https:\/\/www.rucashk.com\/es\" title=\"Home\">Home<\/a>\n<\/span><span class=\"aioseo-breadcrumb-separator\">&raquo;<\/span><span class=\"aioseo-breadcrumb\">\n\t<a href=\"https:\/\/www.rucashk.com\/es\/products\/\" title=\"Productos\">Productos<\/a>\n<\/span><span class=\"aioseo-breadcrumb-separator\">&raquo;<\/span><span class=\"aioseo-breadcrumb\">\n\t<a href=\"https:\/\/www.rucashk.com\/es\/marca\/jbl\/\" title=\"JBL\">JBL<\/a>\n<\/span><span class=\"aioseo-breadcrumb-separator\">&raquo;<\/span><span class=\"aioseo-breadcrumb\">\n\tJBL TUNE FLEX Wireless Bluetooth Earphones\n<\/span><\/div>","aioseo_breadcrumb_json":[{"label":"Home","link":"https:\/\/www.rucashk.com\/es"},{"label":"Productos","link":"https:\/\/www.rucashk.com\/es\/products\/"},{"label":"JBL","link":"https:\/\/www.rucashk.com\/es\/marca\/jbl\/"},{"label":"JBL TUNE FLEX Wireless Bluetooth Earphones","link":"https:\/\/www.rucashk.com\/es\/producto\/jbl-tune-flex-wireless-bluetooth-earphones\/"}],"_links":{"self":[{"href":"https:\/\/www.rucashk.com\/es\/wp-json\/wp\/v2\/product\/33350","targetHints":{"allow":["GET"]}}],"collection":[{"href":"https:\/\/www.rucashk.com\/es\/wp-json\/wp\/v2\/product"}],"about":[{"href":"https:\/\/www.rucashk.com\/es\/wp-json\/wp\/v2\/types\/product"}],"wp:featuredmedia":[{"embeddable":true,"href":"https:\/\/www.rucashk.com\/es\/wp-json\/wp\/v2\/media\/33357"}],"wp:attachment":[{"href":"https:\/\/www.rucashk.com\/es\/wp-json\/wp\/v2\/media?parent=33350"}],"wp:term":[{"taxonomy":"product_brand","embeddable":true,"href":"https:\/\/www.rucashk.com\/es\/wp-json\/wp\/v2\/product_brand?post=33350"},{"taxonomy":"product_cat","embeddable":true,"href":"https:\/\/www.rucashk.com\/es\/wp-json\/wp\/v2\/product_cat?post=33350"},{"taxonomy":"product_tag","embeddable":true,"href":"https:\/\/www.rucashk.com\/es\/wp-json\/wp\/v2\/product_tag?post=33350"}],"curies":[{"name":"wp","href":"https:\/\/api.w.org\/{rel}","templated":true}]}}