{"id":33276,"date":"2024-03-12T14:16:29","date_gmt":"2024-03-12T14:16:29","guid":{"rendered":"http:\/\/rucashk.com\/?post_type=product&#038;p=33276"},"modified":"2024-04-16T13:31:32","modified_gmt":"2024-04-16T13:31:32","slug":"jbl-tune-720bt-wireless-bluetooth-headphone","status":"publish","type":"product","link":"https:\/\/www.rucashk.com\/es\/producto\/jbl-tune-720bt-wireless-bluetooth-headphone\/","title":{"rendered":"Auriculares inal\u00e1mbricos Bluetooth JBL TUNE 720BT"},"content":{"rendered":"<p><img decoding=\"async\" alt=\"JBL TUNE 720BT Wireless Bluetooth Headphone\" class=\"aligncenter\" src=\"\/wp-content\/uploads\/replace\/6f59eab13e6e97fb7531ed41db875fc0.png\" \/><img decoding=\"async\" alt=\"JBL TUNE 720BT Wireless Bluetooth Headphone\" class=\"aligncenter\" src=\"\/wp-content\/uploads\/replace\/4f4f9e521d623607b8b460a7248b500a.png\" \/><img decoding=\"async\" alt=\"JBL TUNE 720BT Wireless Bluetooth Headphone\" class=\"aligncenter\" src=\"\/wp-content\/uploads\/replace\/d05a37fed6109c3cec5895c479ad397b.png\" \/><img decoding=\"async\" alt=\"JBL TUNE 720BT Wireless Bluetooth Headphone\" class=\"aligncenter\" src=\"\/wp-content\/uploads\/replace\/b212c50f84db7bf3a492919d2720bc19.png\" \/><img decoding=\"async\" alt=\"JBL TUNE 720BT Wireless Bluetooth Headphone\" class=\"aligncenter\" src=\"\/wp-content\/uploads\/replace\/46fef89c020bd4d33e7ec7b6ea91fab6.png\" \/><img decoding=\"async\" alt=\"JBL TUNE 720BT Wireless Bluetooth Headphone\" class=\"aligncenter\" src=\"\/wp-content\/uploads\/replace\/8d7c9422295b1d9aced4586a6be84db5.png\" \/><img decoding=\"async\" alt=\"JBL TUNE 720BT Wireless Bluetooth Headphone\" class=\"aligncenter\" src=\"\/wp-content\/uploads\/replace\/c393ccad3dc6439306df3c58fb616705.png\" \/><img decoding=\"async\" alt=\"JBL TUNE 720BT Wireless Bluetooth Headphone\" class=\"aligncenter\" src=\"\/wp-content\/uploads\/replace\/b157d0f28764641130885fa6b88cd06a.png\" \/><img decoding=\"async\" alt=\"JBL TUNE 720BT Wireless Bluetooth Headphone\" class=\"aligncenter\" src=\"\/wp-content\/uploads\/replace\/198db66f603331e2cb5e95ecbeeb6725.png\" \/><img decoding=\"async\" alt=\"JBL TUNE 720BT Wireless Bluetooth Headphone\" class=\"aligncenter\" src=\"\/wp-content\/uploads\/replace\/841ee79f6ea1ad82e29bc305bf0140c1.png\" \/><img decoding=\"async\" alt=\"JBL TUNE 720BT Wireless Bluetooth Headphone\" class=\"aligncenter\" src=\"\/wp-content\/uploads\/replace\/93da814805d7742ba8524858ee945c41.png\" \/><img decoding=\"async\" alt=\"JBL TUNE 720BT Wireless Bluetooth Headphone\" class=\"aligncenter\" src=\"\/wp-content\/uploads\/replace\/71d53cad2ccf6820067b86f84f56d994.png\" \/><img decoding=\"async\" alt=\"JBL TUNE 720BT Wireless Bluetooth Headphone\" class=\"aligncenter\" src=\"\/wp-content\/uploads\/replace\/98f54f1f91039916ba710fc2b0565782.png\" \/><\/p>\n<p>El JBL Tune 720BT presenta el reconocido sonido JBL Pure Bass, el mismo que impulsa los lugares m\u00e1s famosos de todo el mundo.<\/p>\n<p>TECNOLOG\u00cdA INAL\u00c1MBRICA BLUETOOTH 5.3<br \/>\nTransmita de forma inal\u00e1mbrica sonido de alta calidad desde su tel\u00e9fono inteligente sin cables complicados con la ayuda de la \u00faltima tecnolog\u00eda Bluetooth.<\/p>\n<p>PERSONALIZA TU EXPERIENCIA AUDITIVA<br \/>\nDescarga la aplicaci\u00f3n gratuita JBL Headphones para adaptar el sonido a tu gusto con el ecualizador. Las indicaciones de voz en su idioma lo guiar\u00e1n a trav\u00e9s de las funciones del Tune 720BT.<\/p>\n<p>HASTA 76H DE DURACI\u00d3N DE LA BATER\u00cdA Y CARGA R\u00c1PIDA (5MINS = 3H)<br \/>\nPara una diversi\u00f3n duradera, escuche de forma inal\u00e1mbrica durante hasta 76 horas y recargue la bater\u00eda en tan solo 2 horas con el conveniente cable USB tipo C. Una recarga r\u00e1pida de 5 minutos te brinda 3 horas adicionales de m\u00fasica.<\/p>\n<p>LLAMADAS MANOS LIBRES CON CONSCIENTE DE VOZ<br \/>\nControle f\u00e1cilmente su sonido y administre sus llamadas desde sus auriculares con los pr\u00e1cticos botones del auricular. Escuche su voz mientras habla, con la ayuda de Voice Aware.<\/p>\n<p>CONEXIONES MULTIPUNTO<br \/>\nLe permite cambiar sin esfuerzo de un dispositivo Bluetooth \u00ae a otro. Simplemente puede cambiar de un v\u00eddeo en su tableta a una llamada en su tel\u00e9fono m\u00f3vil, para nunca perder una llamada.<\/p>\n<p>DISE\u00d1O LIGERO, C\u00d3MODO Y PLEGABLE<br \/>\nLos materiales livianos y las suaves almohadillas para los o\u00eddos con una diadema acolchada hacen que los auriculares sean c\u00f3modos de usar durante per\u00edodos prolongados. El dise\u00f1o plegable hace que sea conveniente llevar sus auriculares a cualquier lugar y en cualquier momento que desee escuchar m\u00fasica.<\/p>","protected":false},"excerpt":{"rendered":"<p>Descripci\u00f3n general:<br \/>\nLos auriculares JBL Tune 720BT transmiten el potente sonido JBL Pure Bass gracias a la \u00faltima tecnolog\u00eda 5.3 BT. F\u00e1ciles de usar, estos auriculares brindan hasta 76 horas de puro placer y 3 horas adicionales de bater\u00eda con solo 5 minutos de carga. Descarga la aplicaci\u00f3n gratuita JBL Headphones y personaliza tu sonido a trav\u00e9s del ecualizador, mientras las indicaciones de voz te gu\u00edan a trav\u00e9s de las funciones de los auriculares. Administre llamadas, sonido y volumen desde el auricular, gracias a los convenientes controles de botones. Si entra una llamada mientras est\u00e1s viendo un v\u00eddeo en otro dispositivo, el JBL Tune 720BT cambia sin problemas a tu dispositivo m\u00f3vil, para que nunca pierdas una llamada. Ligeros y c\u00f3modos incluso despu\u00e9s de horas de escucha, los auriculares JBL Tune 720BT se pliegan en tu mochila para seguirte a todas partes.<\/p>","protected":false},"featured_media":33290,"template":"","meta":[],"product_brand":[1354],"product_cat":[1284],"product_tag":[1355,1228],"class_list":{"0":"post-33276","1":"product","2":"type-product","3":"status-publish","4":"has-post-thumbnail","6":"product_brand-jbl","7":"product_cat-jbl-earphone","8":"product_tag-bluetooth","9":"product_tag-headphone","11":"first","12":"instock","13":"shipping-taxable","14":"product-type-simple"},"aioseo_notices":[],"aioseo_head":"\n\t\t<!-- All in One SEO Pro 4.5.9.2 - aioseo.com -->\n\t\t<meta name=\"description\" content=\"Overview: The JBL Tune 720BT headphones stream powerful JBL Pure Bass sound thanks to the latest 5.3 BT technology. Easy to use, these headphones provide up to 76 hours of pure pleasure and an extra 3 hours of battery with just 5 minutes of charge. Download the free JBL Headphones App and customize your sound through the EQ, while Voice Prompts guide you through the headphones features. Manage calls, sound and volume from the earcup, thanks to the convenient button controls. If a call comes in while you are watching a video on another device, the JBL Tune 720BT seamlessly switches to your mobile device, so you never miss a call. Lightweight and comfortable even after hours of listening, the JBL Tune 720BT headphones fold flat in your backpack to follow you everywhere.\" \/>\n\t\t<meta name=\"robots\" content=\"max-image-preview:large\" \/>\n\t\t<link rel=\"canonical\" href=\"https:\/\/www.rucashk.com\/es\/producto\/jbl-tune-720bt-wireless-bluetooth-headphone\/\" \/>\n\t\t<meta name=\"generator\" content=\"All in One SEO Pro (AIOSEO) 4.5.9.2\" \/>\n\t\t<meta property=\"og:locale\" content=\"es_ES\" \/>\n\t\t<meta property=\"og:site_name\" content=\"Rucas - One-stop AIoT Distribution Worldwide\" \/>\n\t\t<meta property=\"og:type\" content=\"article\" \/>\n\t\t<meta property=\"og:title\" content=\"JBL TUNE 720BT Wireless Bluetooth Headphone - Rucas - Wholesale and Distribution\" \/>\n\t\t<meta property=\"og:description\" content=\"Overview: The JBL Tune 720BT headphones stream powerful JBL Pure Bass sound thanks to the latest 5.3 BT technology. Easy to use, these headphones provide up to 76 hours of pure pleasure and an extra 3 hours of battery with just 5 minutes of charge. Download the free JBL Headphones App and customize your sound through the EQ, while Voice Prompts guide you through the headphones features. Manage calls, sound and volume from the earcup, thanks to the convenient button controls. If a call comes in while you are watching a video on another device, the JBL Tune 720BT seamlessly switches to your mobile device, so you never miss a call. Lightweight and comfortable even after hours of listening, the JBL Tune 720BT headphones fold flat in your backpack to follow you everywhere.\" \/>\n\t\t<meta property=\"og:url\" content=\"https:\/\/www.rucashk.com\/es\/producto\/jbl-tune-720bt-wireless-bluetooth-headphone\/\" \/>\n\t\t<meta property=\"og:image\" content=\"https:\/\/www.rucashk.com\/wp-content\/uploads\/replace\/503b8e645f128a97ccde2b6290747646.jpeg\" \/>\n\t\t<meta property=\"og:image:secure_url\" content=\"https:\/\/www.rucashk.com\/wp-content\/uploads\/replace\/503b8e645f128a97ccde2b6290747646.jpeg\" \/>\n\t\t<meta property=\"og:image:width\" content=\"1456\" \/>\n\t\t<meta property=\"og:image:height\" content=\"816\" \/>\n\t\t<meta property=\"article:published_time\" content=\"2024-03-12T14:16:29+00:00\" \/>\n\t\t<meta property=\"article:modified_time\" content=\"2024-04-16T13:31:32+00:00\" \/>\n\t\t<meta name=\"twitter:card\" content=\"summary_large_image\" \/>\n\t\t<meta name=\"twitter:title\" content=\"JBL TUNE 720BT Wireless Bluetooth Headphone - Rucas - Wholesale and Distribution\" \/>\n\t\t<meta name=\"twitter:description\" content=\"Overview: The JBL Tune 720BT headphones stream powerful JBL Pure Bass sound thanks to the latest 5.3 BT technology. Easy to use, these headphones provide up to 76 hours of pure pleasure and an extra 3 hours of battery with just 5 minutes of charge. Download the free JBL Headphones App and customize your sound through the EQ, while Voice Prompts guide you through the headphones features. Manage calls, sound and volume from the earcup, thanks to the convenient button controls. If a call comes in while you are watching a video on another device, the JBL Tune 720BT seamlessly switches to your mobile device, so you never miss a call. Lightweight and comfortable even after hours of listening, the JBL Tune 720BT headphones fold flat in your backpack to follow you everywhere.\" \/>\n\t\t<meta name=\"twitter:image\" content=\"https:\/\/www.rucashk.com\/wp-content\/uploads\/replace\/503b8e645f128a97ccde2b6290747646.jpeg\" \/>\n\t\t<script type=\"application\/ld+json\" class=\"aioseo-schema\">\n\t\t\t{\"@context\":\"https:\\\/\\\/schema.org\",\"@graph\":[{\"@type\":\"BreadcrumbList\",\"@id\":\"https:\\\/\\\/www.rucashk.com\\\/es\\\/producto\\\/jbl-tune-720bt-wireless-bluetooth-headphone\\\/#breadcrumblist\",\"itemListElement\":[{\"@type\":\"ListItem\",\"@id\":\"https:\\\/\\\/www.rucashk.com\\\/es\\\/#listItem\",\"position\":1,\"name\":\"Home\",\"item\":\"https:\\\/\\\/www.rucashk.com\\\/es\\\/\",\"nextItem\":\"https:\\\/\\\/www.rucashk.com\\\/es\\\/producto\\\/jbl-tune-720bt-wireless-bluetooth-headphone\\\/#listItem\"},{\"@type\":\"ListItem\",\"@id\":\"https:\\\/\\\/www.rucashk.com\\\/es\\\/producto\\\/jbl-tune-720bt-wireless-bluetooth-headphone\\\/#listItem\",\"position\":2,\"name\":\"JBL TUNE 720BT Wireless Bluetooth Headphone\",\"previousItem\":\"https:\\\/\\\/www.rucashk.com\\\/es\\\/#listItem\"}]},{\"@type\":\"Organization\",\"@id\":\"https:\\\/\\\/www.rucashk.com\\\/es\\\/#organization\",\"name\":\"Rucas\",\"url\":\"https:\\\/\\\/www.rucashk.com\\\/es\\\/\",\"logo\":{\"@type\":\"ImageObject\",\"url\":\"https:\\\/\\\/www.rucashk.com\\\/wp-content\\\/uploads\\\/2023\\\/12\\\/Rucas_campany_logo.png\",\"@id\":\"https:\\\/\\\/www.rucashk.com\\\/es\\\/producto\\\/jbl-tune-720bt-wireless-bluetooth-headphone\\\/#organizationLogo\",\"width\":221,\"height\":65},\"image\":{\"@id\":\"https:\\\/\\\/www.rucashk.com\\\/es\\\/#organizationLogo\"}},{\"@type\":\"Person\",\"@id\":\"https:\\\/\\\/www.rucashk.com\\\/es\\\/author\\\/admin\\\/#author\",\"url\":\"https:\\\/\\\/www.rucashk.com\\\/es\\\/author\\\/admin\\\/\",\"name\":\"admin\",\"image\":{\"@type\":\"ImageObject\",\"@id\":\"https:\\\/\\\/www.rucashk.com\\\/es\\\/producto\\\/jbl-tune-720bt-wireless-bluetooth-headphone\\\/#authorImage\",\"url\":\"https:\\\/\\\/secure.gravatar.com\\\/avatar\\\/b7c8925b09a27e72b30232f8ecaadbd5af0f70a38c78096863fe51b64f031c24?s=96&d=mm&r=g\",\"width\":96,\"height\":96,\"caption\":\"admin\"}},{\"@type\":\"WebPage\",\"@id\":\"https:\\\/\\\/www.rucashk.com\\\/es\\\/producto\\\/jbl-tune-720bt-wireless-bluetooth-headphone\\\/#webpage\",\"url\":\"https:\\\/\\\/www.rucashk.com\\\/es\\\/producto\\\/jbl-tune-720bt-wireless-bluetooth-headphone\\\/\",\"name\":\"JBL TUNE 720BT Wireless Bluetooth Headphone - Rucas - Wholesale and Distribution\",\"description\":\"Overview: The JBL Tune 720BT headphones stream powerful JBL Pure Bass sound thanks to the latest 5.3 BT technology. Easy to use, these headphones provide up to 76 hours of pure pleasure and an extra 3 hours of battery with just 5 minutes of charge. Download the free JBL Headphones App and customize your sound through the EQ, while Voice Prompts guide you through the headphones features. Manage calls, sound and volume from the earcup, thanks to the convenient button controls. If a call comes in while you are watching a video on another device, the JBL Tune 720BT seamlessly switches to your mobile device, so you never miss a call. Lightweight and comfortable even after hours of listening, the JBL Tune 720BT headphones fold flat in your backpack to follow you everywhere.\",\"inLanguage\":\"es-ES\",\"isPartOf\":{\"@id\":\"https:\\\/\\\/www.rucashk.com\\\/es\\\/#website\"},\"breadcrumb\":{\"@id\":\"https:\\\/\\\/www.rucashk.com\\\/es\\\/producto\\\/jbl-tune-720bt-wireless-bluetooth-headphone\\\/#breadcrumblist\"},\"author\":{\"@id\":\"https:\\\/\\\/www.rucashk.com\\\/es\\\/author\\\/admin\\\/#author\"},\"creator\":{\"@id\":\"https:\\\/\\\/www.rucashk.com\\\/es\\\/author\\\/admin\\\/#author\"},\"image\":{\"@type\":\"ImageObject\",\"url\":\"https:\\\/\\\/www.rucashk.com\\\/wp-content\\\/uploads\\\/2024\\\/03\\\/0c10efcb-f490-46c6-ae48-02c226faef2a.png\",\"@id\":\"https:\\\/\\\/www.rucashk.com\\\/es\\\/producto\\\/jbl-tune-720bt-wireless-bluetooth-headphone\\\/#mainImage\",\"width\":690,\"height\":690},\"primaryImageOfPage\":{\"@id\":\"https:\\\/\\\/www.rucashk.com\\\/es\\\/producto\\\/jbl-tune-720bt-wireless-bluetooth-headphone\\\/#mainImage\"},\"datePublished\":\"2024-03-12T14:16:29+00:00\",\"dateModified\":\"2024-04-16T13:31:32+00:00\"},{\"@type\":\"WebSite\",\"@id\":\"https:\\\/\\\/www.rucashk.com\\\/es\\\/#website\",\"url\":\"https:\\\/\\\/www.rucashk.com\\\/es\\\/\",\"name\":\"Rucas - Wholesale and distribution worldwide\",\"alternateName\":\"Rucas - One-stop AIoT Distribution Worldwide\",\"description\":\"One-stop AIoT Distribution Worldwide\",\"inLanguage\":\"es-ES\",\"publisher\":{\"@id\":\"https:\\\/\\\/www.rucashk.com\\\/es\\\/#organization\"}}]}\n\t\t<\/script>\n\t\t<!-- All in One SEO Pro -->\r\n\t\t<title>JBL TUNE 720BT Wireless Bluetooth Headphone - Rucas - Wholesale and Distribution<\/title>\n\n","aioseo_head_json":{"title":"JBL TUNE 720BT Wireless Bluetooth Headphone - Rucas - Wholesale and Distribution","description":"Overview: The JBL Tune 720BT headphones stream powerful JBL Pure Bass sound thanks to the latest 5.3 BT technology. Easy to use, these headphones provide up to 76 hours of pure pleasure and an extra 3 hours of battery with just 5 minutes of charge. Download the free JBL Headphones App and customize your sound through the EQ, while Voice Prompts guide you through the headphones features. Manage calls, sound and volume from the earcup, thanks to the convenient button controls. If a call comes in while you are watching a video on another device, the JBL Tune 720BT seamlessly switches to your mobile device, so you never miss a call. Lightweight and comfortable even after hours of listening, the JBL Tune 720BT headphones fold flat in your backpack to follow you everywhere.","canonical_url":"https:\/\/www.rucashk.com\/es\/producto\/jbl-tune-720bt-wireless-bluetooth-headphone\/","robots":"max-image-preview:large","keywords":"","webmasterTools":{"miscellaneous":""},"og:locale":"es_ES","og:site_name":"Rucas - One-stop AIoT Distribution Worldwide","og:type":"article","og:title":"JBL TUNE 720BT Wireless Bluetooth Headphone - Rucas - Wholesale and Distribution","og:description":"Overview: The JBL Tune 720BT headphones stream powerful JBL Pure Bass sound thanks to the latest 5.3 BT technology. Easy to use, these headphones provide up to 76 hours of pure pleasure and an extra 3 hours of battery with just 5 minutes of charge. Download the free JBL Headphones App and customize your sound through the EQ, while Voice Prompts guide you through the headphones features. Manage calls, sound and volume from the earcup, thanks to the convenient button controls. If a call comes in while you are watching a video on another device, the JBL Tune 720BT seamlessly switches to your mobile device, so you never miss a call. Lightweight and comfortable even after hours of listening, the JBL Tune 720BT headphones fold flat in your backpack to follow you everywhere.","og:url":"https:\/\/www.rucashk.com\/es\/producto\/jbl-tune-720bt-wireless-bluetooth-headphone\/","og:image":"https:\/\/www.rucashk.com\/wp-content\/uploads\/replace\/503b8e645f128a97ccde2b6290747646.jpeg","og:image:secure_url":"https:\/\/www.rucashk.com\/wp-content\/uploads\/replace\/503b8e645f128a97ccde2b6290747646.jpeg","og:image:width":1456,"og:image:height":816,"article:published_time":"2024-03-12T14:16:29+00:00","article:modified_time":"2024-04-16T13:31:32+00:00","twitter:card":"summary_large_image","twitter:title":"JBL TUNE 720BT Wireless Bluetooth Headphone - Rucas - Wholesale and Distribution","twitter:description":"Overview: The JBL Tune 720BT headphones stream powerful JBL Pure Bass sound thanks to the latest 5.3 BT technology. Easy to use, these headphones provide up to 76 hours of pure pleasure and an extra 3 hours of battery with just 5 minutes of charge. Download the free JBL Headphones App and customize your sound through the EQ, while Voice Prompts guide you through the headphones features. Manage calls, sound and volume from the earcup, thanks to the convenient button controls. If a call comes in while you are watching a video on another device, the JBL Tune 720BT seamlessly switches to your mobile device, so you never miss a call. Lightweight and comfortable even after hours of listening, the JBL Tune 720BT headphones fold flat in your backpack to follow you everywhere.","twitter:image":"https:\/\/www.rucashk.com\/wp-content\/uploads\/replace\/503b8e645f128a97ccde2b6290747646.jpeg","schema":{"@context":"https:\/\/schema.org","@graph":[{"@type":"BreadcrumbList","@id":"https:\/\/www.rucashk.com\/es\/producto\/jbl-tune-720bt-wireless-bluetooth-headphone\/#breadcrumblist","itemListElement":[{"@type":"ListItem","@id":"https:\/\/www.rucashk.com\/es\/#listItem","position":1,"name":"Home","item":"https:\/\/www.rucashk.com\/es\/","nextItem":"https:\/\/www.rucashk.com\/es\/producto\/jbl-tune-720bt-wireless-bluetooth-headphone\/#listItem"},{"@type":"ListItem","@id":"https:\/\/www.rucashk.com\/es\/producto\/jbl-tune-720bt-wireless-bluetooth-headphone\/#listItem","position":2,"name":"JBL TUNE 720BT Wireless Bluetooth Headphone","previousItem":"https:\/\/www.rucashk.com\/es\/#listItem"}]},{"@type":"Organization","@id":"https:\/\/www.rucashk.com\/es\/#organization","name":"Rucas","url":"https:\/\/www.rucashk.com\/es\/","logo":{"@type":"ImageObject","url":"https:\/\/www.rucashk.com\/wp-content\/uploads\/2023\/12\/Rucas_campany_logo.png","@id":"https:\/\/www.rucashk.com\/es\/producto\/jbl-tune-720bt-wireless-bluetooth-headphone\/#organizationLogo","width":221,"height":65},"image":{"@id":"https:\/\/www.rucashk.com\/es\/#organizationLogo"}},{"@type":"Person","@id":"https:\/\/www.rucashk.com\/es\/author\/admin\/#author","url":"https:\/\/www.rucashk.com\/es\/author\/admin\/","name":"admin","image":{"@type":"ImageObject","@id":"https:\/\/www.rucashk.com\/es\/producto\/jbl-tune-720bt-wireless-bluetooth-headphone\/#authorImage","url":"https:\/\/secure.gravatar.com\/avatar\/b7c8925b09a27e72b30232f8ecaadbd5af0f70a38c78096863fe51b64f031c24?s=96&d=mm&r=g","width":96,"height":96,"caption":"admin"}},{"@type":"WebPage","@id":"https:\/\/www.rucashk.com\/es\/producto\/jbl-tune-720bt-wireless-bluetooth-headphone\/#webpage","url":"https:\/\/www.rucashk.com\/es\/producto\/jbl-tune-720bt-wireless-bluetooth-headphone\/","name":"JBL TUNE 720BT Wireless Bluetooth Headphone - Rucas - Wholesale and Distribution","description":"Overview: The JBL Tune 720BT headphones stream powerful JBL Pure Bass sound thanks to the latest 5.3 BT technology. Easy to use, these headphones provide up to 76 hours of pure pleasure and an extra 3 hours of battery with just 5 minutes of charge. Download the free JBL Headphones App and customize your sound through the EQ, while Voice Prompts guide you through the headphones features. Manage calls, sound and volume from the earcup, thanks to the convenient button controls. If a call comes in while you are watching a video on another device, the JBL Tune 720BT seamlessly switches to your mobile device, so you never miss a call. Lightweight and comfortable even after hours of listening, the JBL Tune 720BT headphones fold flat in your backpack to follow you everywhere.","inLanguage":"es-ES","isPartOf":{"@id":"https:\/\/www.rucashk.com\/es\/#website"},"breadcrumb":{"@id":"https:\/\/www.rucashk.com\/es\/producto\/jbl-tune-720bt-wireless-bluetooth-headphone\/#breadcrumblist"},"author":{"@id":"https:\/\/www.rucashk.com\/es\/author\/admin\/#author"},"creator":{"@id":"https:\/\/www.rucashk.com\/es\/author\/admin\/#author"},"image":{"@type":"ImageObject","url":"https:\/\/www.rucashk.com\/wp-content\/uploads\/2024\/03\/0c10efcb-f490-46c6-ae48-02c226faef2a.png","@id":"https:\/\/www.rucashk.com\/es\/producto\/jbl-tune-720bt-wireless-bluetooth-headphone\/#mainImage","width":690,"height":690},"primaryImageOfPage":{"@id":"https:\/\/www.rucashk.com\/es\/producto\/jbl-tune-720bt-wireless-bluetooth-headphone\/#mainImage"},"datePublished":"2024-03-12T14:16:29+00:00","dateModified":"2024-04-16T13:31:32+00:00"},{"@type":"WebSite","@id":"https:\/\/www.rucashk.com\/es\/#website","url":"https:\/\/www.rucashk.com\/es\/","name":"Rucas - Wholesale and distribution worldwide","alternateName":"Rucas - One-stop AIoT Distribution Worldwide","description":"One-stop AIoT Distribution Worldwide","inLanguage":"es-ES","publisher":{"@id":"https:\/\/www.rucashk.com\/es\/#organization"}}]}},"aioseo_meta_data":{"post_id":"33276","title":null,"description":null,"keywords":null,"keyphrases":null,"primary_term":null,"canonical_url":null,"og_title":null,"og_description":null,"og_object_type":"default","og_image_type":"default","og_image_url":null,"og_image_width":null,"og_image_height":null,"og_image_custom_url":null,"og_image_custom_fields":null,"og_video":null,"og_custom_url":null,"og_article_section":null,"og_article_tags":null,"twitter_use_og":false,"twitter_card":"default","twitter_image_type":"default","twitter_image_url":null,"twitter_image_custom_url":null,"twitter_image_custom_fields":null,"twitter_title":null,"twitter_description":null,"schema":{"blockGraphs":[],"customGraphs":[],"default":{"data":{"Article":[],"Course":[],"Dataset":[],"FAQPage":[],"Movie":[],"Person":[],"Product":[],"Recipe":[],"Service":[],"SoftwareApplication":[],"WebPage":[]},"graphName":"","isEnabled":true},"graphs":[]},"schema_type":"default","schema_type_options":null,"pillar_content":false,"robots_default":true,"robots_noindex":false,"robots_noarchive":false,"robots_nosnippet":false,"robots_nofollow":false,"robots_noimageindex":false,"robots_noodp":false,"robots_notranslate":false,"robots_max_snippet":null,"robots_max_videopreview":null,"robots_max_imagepreview":"large","priority":null,"frequency":null,"local_seo":null,"breadcrumb_settings":null,"limit_modified_date":false,"created":"2024-04-11 01:57:22","updated":"2025-06-22 18:44:55"},"aioseo_breadcrumb":"<div class=\"aioseo-breadcrumbs\"><span class=\"aioseo-breadcrumb\">\n\t<a href=\"https:\/\/www.rucashk.com\/es\" title=\"Home\">Home<\/a>\n<\/span><span class=\"aioseo-breadcrumb-separator\">&raquo;<\/span><span class=\"aioseo-breadcrumb\">\n\t<a href=\"https:\/\/www.rucashk.com\/es\/products\/\" title=\"Productos\">Productos<\/a>\n<\/span><span class=\"aioseo-breadcrumb-separator\">&raquo;<\/span><span class=\"aioseo-breadcrumb\">\n\t<a href=\"https:\/\/www.rucashk.com\/es\/marca\/jbl\/\" title=\"JBL\">JBL<\/a>\n<\/span><span class=\"aioseo-breadcrumb-separator\">&raquo;<\/span><span class=\"aioseo-breadcrumb\">\n\tJBL TUNE 720BT Wireless Bluetooth Headphone\n<\/span><\/div>","aioseo_breadcrumb_json":[{"label":"Home","link":"https:\/\/www.rucashk.com\/es"},{"label":"Productos","link":"https:\/\/www.rucashk.com\/es\/products\/"},{"label":"JBL","link":"https:\/\/www.rucashk.com\/es\/marca\/jbl\/"},{"label":"JBL TUNE 720BT Wireless Bluetooth Headphone","link":"https:\/\/www.rucashk.com\/es\/producto\/jbl-tune-720bt-wireless-bluetooth-headphone\/"}],"_links":{"self":[{"href":"https:\/\/www.rucashk.com\/es\/wp-json\/wp\/v2\/product\/33276","targetHints":{"allow":["GET"]}}],"collection":[{"href":"https:\/\/www.rucashk.com\/es\/wp-json\/wp\/v2\/product"}],"about":[{"href":"https:\/\/www.rucashk.com\/es\/wp-json\/wp\/v2\/types\/product"}],"wp:featuredmedia":[{"embeddable":true,"href":"https:\/\/www.rucashk.com\/es\/wp-json\/wp\/v2\/media\/33290"}],"wp:attachment":[{"href":"https:\/\/www.rucashk.com\/es\/wp-json\/wp\/v2\/media?parent=33276"}],"wp:term":[{"taxonomy":"product_brand","embeddable":true,"href":"https:\/\/www.rucashk.com\/es\/wp-json\/wp\/v2\/product_brand?post=33276"},{"taxonomy":"product_cat","embeddable":true,"href":"https:\/\/www.rucashk.com\/es\/wp-json\/wp\/v2\/product_cat?post=33276"},{"taxonomy":"product_tag","embeddable":true,"href":"https:\/\/www.rucashk.com\/es\/wp-json\/wp\/v2\/product_tag?post=33276"}],"curies":[{"name":"wp","href":"https:\/\/api.w.org\/{rel}","templated":true}]}}