{"id":33228,"date":"2024-03-12T13:15:25","date_gmt":"2024-03-12T13:15:25","guid":{"rendered":"http:\/\/rucashk.com\/?post_type=product&#038;p=33228"},"modified":"2024-04-16T13:26:11","modified_gmt":"2024-04-16T13:26:11","slug":"jbl-tune-t520bt-wireless-bluetooth-headphones","status":"publish","type":"product","link":"https:\/\/www.rucashk.com\/es\/producto\/jbl-tune-t520bt-wireless-bluetooth-headphones\/","title":{"rendered":"JBL TUNE T520BT Auriculares Inal\u00e1mbricos Bluetooth"},"content":{"rendered":"<p><img decoding=\"async\" class=\"aligncenter\" src=\"\/wp-content\/uploads\/replace\/1976cf0e6d59b311363b86f14f678b5d.png\" alt=\"JBL TUNE T520BT Wireless Bluetooth Headphones\" \/><img decoding=\"async\" class=\"aligncenter\" src=\"\/wp-content\/uploads\/replace\/587520ba1ace8386434943bc285b523f.png\" alt=\"JBL TUNE T520BT Wireless Bluetooth Headphones\" \/><img decoding=\"async\" class=\"aligncenter\" src=\"\/wp-content\/uploads\/replace\/d7c1cca3cdfbb9d414ea0ac030a13237.png\" alt=\"JBL TUNE T520BT Wireless Bluetooth Headphones\" \/><img decoding=\"async\" class=\"aligncenter\" src=\"\/wp-content\/uploads\/replace\/e86e3619473db075627a571a4225f885.png\" alt=\"JBL TUNE T520BT Wireless Bluetooth Headphones\" \/><img decoding=\"async\" class=\"aligncenter\" src=\"\/wp-content\/uploads\/replace\/fdd3582f94449efc747a53dc0b7e54cc.png\" alt=\"JBL TUNE T520BT Wireless Bluetooth Headphones\" \/><img decoding=\"async\" class=\"aligncenter\" src=\"\/wp-content\/uploads\/replace\/a1498f5348be356056196ac6c1d9bc51.png\" alt=\"JBL TUNE T520BT Wireless Bluetooth Headphones\" \/><img decoding=\"async\" class=\"aligncenter\" src=\"\/wp-content\/uploads\/replace\/988fc5a97031eb5c94567aee2e5afba1.png\" alt=\"JBL TUNE T520BT Wireless Bluetooth Headphones\" \/><img decoding=\"async\" class=\"aligncenter\" src=\"\/wp-content\/uploads\/replace\/09bf690f074cadedae3cb2ba85508ba1.png\" alt=\"JBL TUNE T520BT Wireless Bluetooth Headphones\" \/><img decoding=\"async\" class=\"aligncenter\" src=\"\/wp-content\/uploads\/replace\/e047cd1cdbe5d8a4180e38ad07d4896a.png\" alt=\"JBL TUNE T520BT Wireless Bluetooth Headphones\" \/><img decoding=\"async\" class=\"aligncenter\" src=\"\/wp-content\/uploads\/replace\/4a09a508d44275145b2ad43bfaa62623.png\" alt=\"JBL TUNE T520BT Wireless Bluetooth Headphones\" \/><img decoding=\"async\" class=\"aligncenter\" src=\"\/wp-content\/uploads\/replace\/f7dd958a9c5c526c62de1d4eb06e39ed.png\" alt=\"JBL TUNE T520BT Wireless Bluetooth Headphones\" \/><img decoding=\"async\" class=\"aligncenter\" src=\"\/wp-content\/uploads\/replace\/9a13da753a86c0562620cc028b20ff55.png\" alt=\"JBL TUNE T520BT Wireless Bluetooth Headphones\" \/><img decoding=\"async\" class=\"aligncenter\" src=\"\/wp-content\/uploads\/replace\/94e049f59dd7d8c347136f6dba19cc66.png\" alt=\"JBL TUNE T520BT Wireless Bluetooth Headphones\" \/><img decoding=\"async\" class=\"aligncenter\" src=\"\/wp-content\/uploads\/replace\/df39f36b18557635c72aa1ef27ecd6e3.png\" alt=\"JBL TUNE T520BT Wireless Bluetooth Headphones\" \/><\/p>\n<p>&nbsp;<\/p>\n<p>Los auriculares JBL Tune 520BT transmiten el potente sonido JBL Pure Bass gracias a la \u00faltima tecnolog\u00eda 5.3 BT. F\u00e1ciles de usar, estos auriculares brindan hasta 57 horas de puro placer y 3 horas adicionales de bater\u00eda con solo 5 minutos de carga. Descarga la aplicaci\u00f3n gratuita JBL Headphones y personaliza tu sonido a trav\u00e9s del ecualizador, mientras las indicaciones de voz te gu\u00edan a trav\u00e9s de las funciones de los auriculares. Administre llamadas, sonido y volumen desde el auricular, gracias al conveniente control de botones. Si entra una llamada mientras est\u00e1s viendo un v\u00eddeo en otro dispositivo, el JBL Tune 520BT cambia sin problemas a tu dispositivo m\u00f3vil, para que nunca pierdas una llamada. Ligeros y c\u00f3modos incluso despu\u00e9s de horas de escucha, los auriculares JBL Tune 520BT se pliegan en tu mochila para seguirte a todas partes.<\/p>\n<p><b>Caracter\u00edsticas<\/b><br \/>\n\u2022 Sonido de graves puro JBL<br \/>\n\u2022 Tecnolog\u00eda inal\u00e1mbrica Bluetooth 5.3<br \/>\n\u2022 Personaliza tu experiencia auditiva<br \/>\n\u2022 Hasta 57 horas de duraci\u00f3n de la bater\u00eda y carga r\u00e1pida (5 minutos = 3 horas)<br \/>\n\u2022 Llamadas manos libres con Voice Aware<br \/>\n\u2022 Conexiones multipunto<br \/>\n\u2022 Dise\u00f1o ligero, c\u00f3modo y plegable<br \/>\n\u2022 Preg\u00fantale a Siri o Hola Google<\/p>\n<p><b>Qu\u00e9 hay en la caja:<\/b><br \/>\n1 auricular JBL Tune 520BT.<br \/>\n1 cable de carga USB-C<br \/>\n1 x hoja de garant\u00eda\/advertencia<br \/>\n1 x gu\u00eda de inicio<\/p>","protected":false},"excerpt":{"rendered":"<p>El JBL Tune 520BT utiliza el renombrado sonido JBL Pure Bass, la misma tecnolog\u00eda que impulsa los lugares m\u00e1s famosos del mundo.<br \/>\nTransmita de forma inal\u00e1mbrica sonido de alta calidad desde su tel\u00e9fono inteligente sin cables complicados con la ayuda de la \u00faltima tecnolog\u00eda Bluetooth.<br \/>\nEscuche de forma inal\u00e1mbrica durante hasta 57 horas y recargue la bater\u00eda en tan solo 2 horas con el pr\u00e1ctico cable USB tipo C. Una recarga r\u00e1pida de 5 minutos te brinda 3 horas adicionales de m\u00fasica.<br \/>\nControle f\u00e1cilmente su sonido y administre sus llamadas desde sus auriculares con los pr\u00e1cticos botones del auricular. Escuche su voz mientras habla, con la ayuda de Voice Aware.<\/p>","protected":false},"featured_media":33243,"template":"","meta":[],"product_brand":[1354],"product_cat":[1284],"product_tag":[],"class_list":{"0":"post-33228","1":"product","2":"type-product","3":"status-publish","4":"has-post-thumbnail","6":"product_brand-jbl","7":"product_cat-jbl-earphone","9":"first","10":"instock","11":"shipping-taxable","12":"product-type-simple"},"aioseo_notices":[],"aioseo_head":"\n\t\t<!-- All in One SEO Pro 4.5.9.2 - aioseo.com -->\n\t\t<meta name=\"description\" content=\"The JBL Tune 520BT utilizes the renowned JBL Pure Bass sound, the same technology that powers the most famous venues all around the world. Wirelessly stream high-quality sound from your smartphone without messy cords with the help of the latest Bluetooth technology. Listen wirelessly for up to 57 hours and recharge the battery in as little as 2 hours with the convenient Type-C USB cable. A quick 5-minute recharge gives you 3 additional hours of music. Easily control your sound and manage your calls from your headphones with the convenient buttons on the ear-cup. Hear your voice while talking, with the help of Voice Aware.\" \/>\n\t\t<meta name=\"robots\" content=\"max-image-preview:large\" \/>\n\t\t<link rel=\"canonical\" href=\"https:\/\/www.rucashk.com\/es\/producto\/jbl-tune-t520bt-wireless-bluetooth-headphones\/\" \/>\n\t\t<meta name=\"generator\" content=\"All in One SEO Pro (AIOSEO) 4.5.9.2\" \/>\n\t\t<meta property=\"og:locale\" content=\"es_ES\" \/>\n\t\t<meta property=\"og:site_name\" content=\"Rucas - One-stop AIoT Distribution Worldwide\" \/>\n\t\t<meta property=\"og:type\" content=\"article\" \/>\n\t\t<meta property=\"og:title\" content=\"JBL TUNE T520BT Wireless Bluetooth Headphones - Rucas - Wholesale and Distribution\" \/>\n\t\t<meta property=\"og:description\" content=\"The JBL Tune 520BT utilizes the renowned JBL Pure Bass sound, the same technology that powers the most famous venues all around the world. Wirelessly stream high-quality sound from your smartphone without messy cords with the help of the latest Bluetooth technology. Listen wirelessly for up to 57 hours and recharge the battery in as little as 2 hours with the convenient Type-C USB cable. A quick 5-minute recharge gives you 3 additional hours of music. Easily control your sound and manage your calls from your headphones with the convenient buttons on the ear-cup. Hear your voice while talking, with the help of Voice Aware.\" \/>\n\t\t<meta property=\"og:url\" content=\"https:\/\/www.rucashk.com\/es\/producto\/jbl-tune-t520bt-wireless-bluetooth-headphones\/\" \/>\n\t\t<meta property=\"og:image\" content=\"https:\/\/www.rucashk.com\/wp-content\/uploads\/replace\/503b8e645f128a97ccde2b6290747646.jpeg\" \/>\n\t\t<meta property=\"og:image:secure_url\" content=\"https:\/\/www.rucashk.com\/wp-content\/uploads\/replace\/503b8e645f128a97ccde2b6290747646.jpeg\" \/>\n\t\t<meta property=\"og:image:width\" content=\"1456\" \/>\n\t\t<meta property=\"og:image:height\" content=\"816\" \/>\n\t\t<meta property=\"article:published_time\" content=\"2024-03-12T13:15:25+00:00\" \/>\n\t\t<meta property=\"article:modified_time\" content=\"2024-04-16T13:26:11+00:00\" \/>\n\t\t<meta name=\"twitter:card\" content=\"summary_large_image\" \/>\n\t\t<meta name=\"twitter:title\" content=\"JBL TUNE T520BT Wireless Bluetooth Headphones - Rucas - Wholesale and Distribution\" \/>\n\t\t<meta name=\"twitter:description\" content=\"The JBL Tune 520BT utilizes the renowned JBL Pure Bass sound, the same technology that powers the most famous venues all around the world. Wirelessly stream high-quality sound from your smartphone without messy cords with the help of the latest Bluetooth technology. Listen wirelessly for up to 57 hours and recharge the battery in as little as 2 hours with the convenient Type-C USB cable. A quick 5-minute recharge gives you 3 additional hours of music. Easily control your sound and manage your calls from your headphones with the convenient buttons on the ear-cup. Hear your voice while talking, with the help of Voice Aware.\" \/>\n\t\t<meta name=\"twitter:image\" content=\"https:\/\/www.rucashk.com\/wp-content\/uploads\/replace\/503b8e645f128a97ccde2b6290747646.jpeg\" \/>\n\t\t<script type=\"application\/ld+json\" class=\"aioseo-schema\">\n\t\t\t{\"@context\":\"https:\\\/\\\/schema.org\",\"@graph\":[{\"@type\":\"BreadcrumbList\",\"@id\":\"https:\\\/\\\/www.rucashk.com\\\/es\\\/producto\\\/jbl-tune-t520bt-wireless-bluetooth-headphones\\\/#breadcrumblist\",\"itemListElement\":[{\"@type\":\"ListItem\",\"@id\":\"https:\\\/\\\/www.rucashk.com\\\/es\\\/#listItem\",\"position\":1,\"name\":\"Home\",\"item\":\"https:\\\/\\\/www.rucashk.com\\\/es\\\/\",\"nextItem\":\"https:\\\/\\\/www.rucashk.com\\\/es\\\/producto\\\/jbl-tune-t520bt-wireless-bluetooth-headphones\\\/#listItem\"},{\"@type\":\"ListItem\",\"@id\":\"https:\\\/\\\/www.rucashk.com\\\/es\\\/producto\\\/jbl-tune-t520bt-wireless-bluetooth-headphones\\\/#listItem\",\"position\":2,\"name\":\"JBL TUNE T520BT Wireless Bluetooth Headphones\",\"previousItem\":\"https:\\\/\\\/www.rucashk.com\\\/es\\\/#listItem\"}]},{\"@type\":\"Organization\",\"@id\":\"https:\\\/\\\/www.rucashk.com\\\/es\\\/#organization\",\"name\":\"Rucas\",\"url\":\"https:\\\/\\\/www.rucashk.com\\\/es\\\/\",\"logo\":{\"@type\":\"ImageObject\",\"url\":\"https:\\\/\\\/www.rucashk.com\\\/wp-content\\\/uploads\\\/2023\\\/12\\\/Rucas_campany_logo.png\",\"@id\":\"https:\\\/\\\/www.rucashk.com\\\/es\\\/producto\\\/jbl-tune-t520bt-wireless-bluetooth-headphones\\\/#organizationLogo\",\"width\":221,\"height\":65},\"image\":{\"@id\":\"https:\\\/\\\/www.rucashk.com\\\/es\\\/#organizationLogo\"}},{\"@type\":\"Person\",\"@id\":\"https:\\\/\\\/www.rucashk.com\\\/es\\\/author\\\/admin\\\/#author\",\"url\":\"https:\\\/\\\/www.rucashk.com\\\/es\\\/author\\\/admin\\\/\",\"name\":\"admin\",\"image\":{\"@type\":\"ImageObject\",\"@id\":\"https:\\\/\\\/www.rucashk.com\\\/es\\\/producto\\\/jbl-tune-t520bt-wireless-bluetooth-headphones\\\/#authorImage\",\"url\":\"https:\\\/\\\/secure.gravatar.com\\\/avatar\\\/b7c8925b09a27e72b30232f8ecaadbd5af0f70a38c78096863fe51b64f031c24?s=96&d=mm&r=g\",\"width\":96,\"height\":96,\"caption\":\"admin\"}},{\"@type\":\"WebPage\",\"@id\":\"https:\\\/\\\/www.rucashk.com\\\/es\\\/producto\\\/jbl-tune-t520bt-wireless-bluetooth-headphones\\\/#webpage\",\"url\":\"https:\\\/\\\/www.rucashk.com\\\/es\\\/producto\\\/jbl-tune-t520bt-wireless-bluetooth-headphones\\\/\",\"name\":\"JBL TUNE T520BT Wireless Bluetooth Headphones - Rucas - Wholesale and Distribution\",\"description\":\"The JBL Tune 520BT utilizes the renowned JBL Pure Bass sound, the same technology that powers the most famous venues all around the world. Wirelessly stream high-quality sound from your smartphone without messy cords with the help of the latest Bluetooth technology. Listen wirelessly for up to 57 hours and recharge the battery in as little as 2 hours with the convenient Type-C USB cable. A quick 5-minute recharge gives you 3 additional hours of music. Easily control your sound and manage your calls from your headphones with the convenient buttons on the ear-cup. Hear your voice while talking, with the help of Voice Aware.\",\"inLanguage\":\"es-ES\",\"isPartOf\":{\"@id\":\"https:\\\/\\\/www.rucashk.com\\\/es\\\/#website\"},\"breadcrumb\":{\"@id\":\"https:\\\/\\\/www.rucashk.com\\\/es\\\/producto\\\/jbl-tune-t520bt-wireless-bluetooth-headphones\\\/#breadcrumblist\"},\"author\":{\"@id\":\"https:\\\/\\\/www.rucashk.com\\\/es\\\/author\\\/admin\\\/#author\"},\"creator\":{\"@id\":\"https:\\\/\\\/www.rucashk.com\\\/es\\\/author\\\/admin\\\/#author\"},\"image\":{\"@type\":\"ImageObject\",\"url\":\"https:\\\/\\\/www.rucashk.com\\\/wp-content\\\/uploads\\\/2024\\\/03\\\/01.JBL_Tune520BT_ProductImage_Hero_Blue_2000x.webp\",\"@id\":\"https:\\\/\\\/www.rucashk.com\\\/es\\\/producto\\\/jbl-tune-t520bt-wireless-bluetooth-headphones\\\/#mainImage\",\"width\":690,\"height\":690},\"primaryImageOfPage\":{\"@id\":\"https:\\\/\\\/www.rucashk.com\\\/es\\\/producto\\\/jbl-tune-t520bt-wireless-bluetooth-headphones\\\/#mainImage\"},\"datePublished\":\"2024-03-12T13:15:25+00:00\",\"dateModified\":\"2024-04-16T13:26:11+00:00\"},{\"@type\":\"WebSite\",\"@id\":\"https:\\\/\\\/www.rucashk.com\\\/es\\\/#website\",\"url\":\"https:\\\/\\\/www.rucashk.com\\\/es\\\/\",\"name\":\"Rucas - Wholesale and distribution worldwide\",\"alternateName\":\"Rucas - One-stop AIoT Distribution Worldwide\",\"description\":\"One-stop AIoT Distribution Worldwide\",\"inLanguage\":\"es-ES\",\"publisher\":{\"@id\":\"https:\\\/\\\/www.rucashk.com\\\/es\\\/#organization\"}}]}\n\t\t<\/script>\n\t\t<!-- All in One SEO Pro -->\r\n\t\t<title>JBL TUNE T520BT Wireless Bluetooth Headphones - Rucas - Wholesale and Distribution<\/title>\n\n","aioseo_head_json":{"title":"JBL TUNE T520BT Wireless Bluetooth Headphones - Rucas - Wholesale and Distribution","description":"The JBL Tune 520BT utilizes the renowned JBL Pure Bass sound, the same technology that powers the most famous venues all around the world. Wirelessly stream high-quality sound from your smartphone without messy cords with the help of the latest Bluetooth technology. Listen wirelessly for up to 57 hours and recharge the battery in as little as 2 hours with the convenient Type-C USB cable. A quick 5-minute recharge gives you 3 additional hours of music. Easily control your sound and manage your calls from your headphones with the convenient buttons on the ear-cup. Hear your voice while talking, with the help of Voice Aware.","canonical_url":"https:\/\/www.rucashk.com\/es\/producto\/jbl-tune-t520bt-wireless-bluetooth-headphones\/","robots":"max-image-preview:large","keywords":"","webmasterTools":{"miscellaneous":""},"og:locale":"es_ES","og:site_name":"Rucas - One-stop AIoT Distribution Worldwide","og:type":"article","og:title":"JBL TUNE T520BT Wireless Bluetooth Headphones - Rucas - Wholesale and Distribution","og:description":"The JBL Tune 520BT utilizes the renowned JBL Pure Bass sound, the same technology that powers the most famous venues all around the world. Wirelessly stream high-quality sound from your smartphone without messy cords with the help of the latest Bluetooth technology. Listen wirelessly for up to 57 hours and recharge the battery in as little as 2 hours with the convenient Type-C USB cable. A quick 5-minute recharge gives you 3 additional hours of music. Easily control your sound and manage your calls from your headphones with the convenient buttons on the ear-cup. Hear your voice while talking, with the help of Voice Aware.","og:url":"https:\/\/www.rucashk.com\/es\/producto\/jbl-tune-t520bt-wireless-bluetooth-headphones\/","og:image":"https:\/\/www.rucashk.com\/wp-content\/uploads\/replace\/503b8e645f128a97ccde2b6290747646.jpeg","og:image:secure_url":"https:\/\/www.rucashk.com\/wp-content\/uploads\/replace\/503b8e645f128a97ccde2b6290747646.jpeg","og:image:width":1456,"og:image:height":816,"article:published_time":"2024-03-12T13:15:25+00:00","article:modified_time":"2024-04-16T13:26:11+00:00","twitter:card":"summary_large_image","twitter:title":"JBL TUNE T520BT Wireless Bluetooth Headphones - Rucas - Wholesale and Distribution","twitter:description":"The JBL Tune 520BT utilizes the renowned JBL Pure Bass sound, the same technology that powers the most famous venues all around the world. Wirelessly stream high-quality sound from your smartphone without messy cords with the help of the latest Bluetooth technology. Listen wirelessly for up to 57 hours and recharge the battery in as little as 2 hours with the convenient Type-C USB cable. A quick 5-minute recharge gives you 3 additional hours of music. Easily control your sound and manage your calls from your headphones with the convenient buttons on the ear-cup. Hear your voice while talking, with the help of Voice Aware.","twitter:image":"https:\/\/www.rucashk.com\/wp-content\/uploads\/replace\/503b8e645f128a97ccde2b6290747646.jpeg","schema":{"@context":"https:\/\/schema.org","@graph":[{"@type":"BreadcrumbList","@id":"https:\/\/www.rucashk.com\/es\/producto\/jbl-tune-t520bt-wireless-bluetooth-headphones\/#breadcrumblist","itemListElement":[{"@type":"ListItem","@id":"https:\/\/www.rucashk.com\/es\/#listItem","position":1,"name":"Home","item":"https:\/\/www.rucashk.com\/es\/","nextItem":"https:\/\/www.rucashk.com\/es\/producto\/jbl-tune-t520bt-wireless-bluetooth-headphones\/#listItem"},{"@type":"ListItem","@id":"https:\/\/www.rucashk.com\/es\/producto\/jbl-tune-t520bt-wireless-bluetooth-headphones\/#listItem","position":2,"name":"JBL TUNE T520BT Wireless Bluetooth Headphones","previousItem":"https:\/\/www.rucashk.com\/es\/#listItem"}]},{"@type":"Organization","@id":"https:\/\/www.rucashk.com\/es\/#organization","name":"Rucas","url":"https:\/\/www.rucashk.com\/es\/","logo":{"@type":"ImageObject","url":"https:\/\/www.rucashk.com\/wp-content\/uploads\/2023\/12\/Rucas_campany_logo.png","@id":"https:\/\/www.rucashk.com\/es\/producto\/jbl-tune-t520bt-wireless-bluetooth-headphones\/#organizationLogo","width":221,"height":65},"image":{"@id":"https:\/\/www.rucashk.com\/es\/#organizationLogo"}},{"@type":"Person","@id":"https:\/\/www.rucashk.com\/es\/author\/admin\/#author","url":"https:\/\/www.rucashk.com\/es\/author\/admin\/","name":"admin","image":{"@type":"ImageObject","@id":"https:\/\/www.rucashk.com\/es\/producto\/jbl-tune-t520bt-wireless-bluetooth-headphones\/#authorImage","url":"https:\/\/secure.gravatar.com\/avatar\/b7c8925b09a27e72b30232f8ecaadbd5af0f70a38c78096863fe51b64f031c24?s=96&d=mm&r=g","width":96,"height":96,"caption":"admin"}},{"@type":"WebPage","@id":"https:\/\/www.rucashk.com\/es\/producto\/jbl-tune-t520bt-wireless-bluetooth-headphones\/#webpage","url":"https:\/\/www.rucashk.com\/es\/producto\/jbl-tune-t520bt-wireless-bluetooth-headphones\/","name":"JBL TUNE T520BT Wireless Bluetooth Headphones - Rucas - Wholesale and Distribution","description":"The JBL Tune 520BT utilizes the renowned JBL Pure Bass sound, the same technology that powers the most famous venues all around the world. Wirelessly stream high-quality sound from your smartphone without messy cords with the help of the latest Bluetooth technology. Listen wirelessly for up to 57 hours and recharge the battery in as little as 2 hours with the convenient Type-C USB cable. A quick 5-minute recharge gives you 3 additional hours of music. Easily control your sound and manage your calls from your headphones with the convenient buttons on the ear-cup. Hear your voice while talking, with the help of Voice Aware.","inLanguage":"es-ES","isPartOf":{"@id":"https:\/\/www.rucashk.com\/es\/#website"},"breadcrumb":{"@id":"https:\/\/www.rucashk.com\/es\/producto\/jbl-tune-t520bt-wireless-bluetooth-headphones\/#breadcrumblist"},"author":{"@id":"https:\/\/www.rucashk.com\/es\/author\/admin\/#author"},"creator":{"@id":"https:\/\/www.rucashk.com\/es\/author\/admin\/#author"},"image":{"@type":"ImageObject","url":"https:\/\/www.rucashk.com\/wp-content\/uploads\/2024\/03\/01.JBL_Tune520BT_ProductImage_Hero_Blue_2000x.webp","@id":"https:\/\/www.rucashk.com\/es\/producto\/jbl-tune-t520bt-wireless-bluetooth-headphones\/#mainImage","width":690,"height":690},"primaryImageOfPage":{"@id":"https:\/\/www.rucashk.com\/es\/producto\/jbl-tune-t520bt-wireless-bluetooth-headphones\/#mainImage"},"datePublished":"2024-03-12T13:15:25+00:00","dateModified":"2024-04-16T13:26:11+00:00"},{"@type":"WebSite","@id":"https:\/\/www.rucashk.com\/es\/#website","url":"https:\/\/www.rucashk.com\/es\/","name":"Rucas - Wholesale and distribution worldwide","alternateName":"Rucas - One-stop AIoT Distribution Worldwide","description":"One-stop AIoT Distribution Worldwide","inLanguage":"es-ES","publisher":{"@id":"https:\/\/www.rucashk.com\/es\/#organization"}}]}},"aioseo_meta_data":{"post_id":"33228","title":null,"description":null,"keywords":null,"keyphrases":null,"primary_term":null,"canonical_url":null,"og_title":null,"og_description":null,"og_object_type":"default","og_image_type":"default","og_image_url":null,"og_image_width":null,"og_image_height":null,"og_image_custom_url":null,"og_image_custom_fields":null,"og_video":null,"og_custom_url":null,"og_article_section":null,"og_article_tags":null,"twitter_use_og":false,"twitter_card":"default","twitter_image_type":"default","twitter_image_url":null,"twitter_image_custom_url":null,"twitter_image_custom_fields":null,"twitter_title":null,"twitter_description":null,"schema":{"blockGraphs":[],"customGraphs":[],"default":{"data":{"Article":[],"Course":[],"Dataset":[],"FAQPage":[],"Movie":[],"Person":[],"Product":[],"Recipe":[],"Service":[],"SoftwareApplication":[],"WebPage":[]},"graphName":"","isEnabled":true},"graphs":[]},"schema_type":"default","schema_type_options":null,"pillar_content":false,"robots_default":true,"robots_noindex":false,"robots_noarchive":false,"robots_nosnippet":false,"robots_nofollow":false,"robots_noimageindex":false,"robots_noodp":false,"robots_notranslate":false,"robots_max_snippet":null,"robots_max_videopreview":null,"robots_max_imagepreview":"large","priority":null,"frequency":null,"local_seo":null,"breadcrumb_settings":null,"limit_modified_date":false,"created":"2024-04-11 01:57:22","updated":"2025-06-22 18:44:00"},"aioseo_breadcrumb":"<div class=\"aioseo-breadcrumbs\"><span class=\"aioseo-breadcrumb\">\n\t<a href=\"https:\/\/www.rucashk.com\/es\" title=\"Home\">Home<\/a>\n<\/span><span class=\"aioseo-breadcrumb-separator\">&raquo;<\/span><span class=\"aioseo-breadcrumb\">\n\t<a href=\"https:\/\/www.rucashk.com\/es\/products\/\" title=\"Productos\">Productos<\/a>\n<\/span><span class=\"aioseo-breadcrumb-separator\">&raquo;<\/span><span class=\"aioseo-breadcrumb\">\n\t<a href=\"https:\/\/www.rucashk.com\/es\/marca\/jbl\/\" title=\"JBL\">JBL<\/a>\n<\/span><span class=\"aioseo-breadcrumb-separator\">&raquo;<\/span><span class=\"aioseo-breadcrumb\">\n\tJBL TUNE T520BT Wireless Bluetooth Headphones\n<\/span><\/div>","aioseo_breadcrumb_json":[{"label":"Home","link":"https:\/\/www.rucashk.com\/es"},{"label":"Productos","link":"https:\/\/www.rucashk.com\/es\/products\/"},{"label":"JBL","link":"https:\/\/www.rucashk.com\/es\/marca\/jbl\/"},{"label":"JBL TUNE T520BT Wireless Bluetooth Headphones","link":"https:\/\/www.rucashk.com\/es\/producto\/jbl-tune-t520bt-wireless-bluetooth-headphones\/"}],"_links":{"self":[{"href":"https:\/\/www.rucashk.com\/es\/wp-json\/wp\/v2\/product\/33228","targetHints":{"allow":["GET"]}}],"collection":[{"href":"https:\/\/www.rucashk.com\/es\/wp-json\/wp\/v2\/product"}],"about":[{"href":"https:\/\/www.rucashk.com\/es\/wp-json\/wp\/v2\/types\/product"}],"wp:featuredmedia":[{"embeddable":true,"href":"https:\/\/www.rucashk.com\/es\/wp-json\/wp\/v2\/media\/33243"}],"wp:attachment":[{"href":"https:\/\/www.rucashk.com\/es\/wp-json\/wp\/v2\/media?parent=33228"}],"wp:term":[{"taxonomy":"product_brand","embeddable":true,"href":"https:\/\/www.rucashk.com\/es\/wp-json\/wp\/v2\/product_brand?post=33228"},{"taxonomy":"product_cat","embeddable":true,"href":"https:\/\/www.rucashk.com\/es\/wp-json\/wp\/v2\/product_cat?post=33228"},{"taxonomy":"product_tag","embeddable":true,"href":"https:\/\/www.rucashk.com\/es\/wp-json\/wp\/v2\/product_tag?post=33228"}],"curies":[{"name":"wp","href":"https:\/\/api.w.org\/{rel}","templated":true}]}}