{"id":27841,"date":"2024-01-09T16:46:12","date_gmt":"2024-01-09T16:46:12","guid":{"rendered":"http:\/\/rucashk.com\/?post_type=product&#038;p=27841"},"modified":"2025-06-21T05:26:53","modified_gmt":"2025-06-21T05:26:53","slug":"bose-quietcomfort-45-headphones","status":"publish","type":"product","link":"https:\/\/www.rucashk.com\/es\/producto\/bose-quietcomfort-45-headphones\/","title":{"rendered":"Auriculares Bose QuietComfort 45"},"content":{"rendered":"<h3 style=\"text-align: center\"><strong>M\u00c1S ALL\u00c1 DE LOS CL\u00c1SICOS<\/strong><\/h3>\n<p style=\"text-align: center\"><strong>Auriculares con cancelaci\u00f3n de ruido Bose OC45<\/strong><\/p>\n<p><img decoding=\"async\" alt=\"Bose QuietComfort 45 Headphones\" class=\"aligncenter\" src=\"\/wp-content\/uploads\/replace\/1439ffd4cd9cf1c267caf401e4580534.png\" width=\"944px\" height=\"1727px\" \/><\/p>\n<p>&nbsp;<\/p>\n<p style=\"text-align: center\">TECNOLOG\u00cdA DE CANCELACI\u00d3N ACTIVA DE RUIDO DE RECONOCIMIENTO MUNDIAL DEJE QUE SU MUNDO S\u00d3LO DEJE LA M\u00daSICA<\/p>\n<p>&nbsp;<\/p>\n<p><img decoding=\"async\" alt=\"Bose QuietComfort 45 Headphones\" class=\"aligncenter\" src=\"\/wp-content\/uploads\/replace\/aaeea481b8cf6e9244ed92b360706212.png\" width=\"944px\" height=\"1565px\" \/><\/p>\n<p>&nbsp;<\/p>\n<p style=\"text-align: center\">EXCELENTE CALIDAD DE SONIDO EN TODA LA GAMA DE M\u00daSICA, PODCASTS,<\/p>\n<p style=\"text-align: center\">VIDEOS PARA ESCUCHAR LO QUE AMAS<\/p>\n<p>&nbsp;<\/p>\n<p><img decoding=\"async\" alt=\"Bose QuietComfort 45 Headphones\" class=\"aligncenter\" src=\"\/wp-content\/uploads\/replace\/9b9c63a9c677c11575c11b88ba80b6d9.png\" width=\"944px\" height=\"1583px\" \/><\/p>\n<p style=\"text-align: center\">\n<p style=\"text-align: center\">DISE\u00d1O LIGERO Y C\u00d3MODO<br \/>\nNO HAY CARGA DE USAR DURANTE MUCHO TIEMPO<\/p>\n<p>&nbsp;<\/p>\n<p><img decoding=\"async\" alt=\"Bose QuietComfort 45 Headphones\" class=\"alignleft\" src=\"\/wp-content\/uploads\/replace\/42e68d326eade4e2d71d5998777afd64.png\" width=\"944px\" height=\"1566px\" \/><\/p>\n<p>&nbsp;<\/p>\n<p>&nbsp;<\/p>\n<p>&nbsp;<\/p>\n<p style=\"text-align: center\">SISTEMA DE MICR\u00d3FONO CON REDUCCI\u00d3N DE RUIDO HABLA CLARAMENTE SIN MIEDO A INTERFERENCIAS<\/p>\n<p><img decoding=\"async\" alt=\"Bose QuietComfort 45 Headphones\" class=\"aligncenter\" src=\"\/wp-content\/uploads\/replace\/c4bb4c9ef97a3dac301db8a38e4497eb.png\" width=\"944px\" height=\"1814px\" \/><\/p>\n<p style=\"text-align: center\">\n<p style=\"text-align: center\">HASTA 24 HORAS DE DURACI\u00d3N DE LA BATER\u00cdA ESCUCHA SIN PREOCUPACIONES 24 horas al d\u00eda, 7 d\u00edas a la semana<\/p>\n<p><img decoding=\"async\" alt=\"Bose QuietComfort 45 Headphones\" class=\"aligncenter\" src=\"\/wp-content\/uploads\/replace\/35054f31f05a125c5ed4776bc2e4860b.png\" width=\"944px\" height=\"1483px\" \/><\/p>\n<p>&nbsp;<\/p>\n<p style=\"text-align: center\">CONEXI\u00d3N ESTABLE BLUETOOTH 51 COMPATIBLE CON SISTEMA ANDROID\/IOS<\/p>\n<p><img decoding=\"async\" alt=\"Bose QuietComfort 45 Headphones\" class=\"aligncenter\" src=\"\/wp-content\/uploads\/replace\/f2f348b3705ac7cf822cad69615bcf2c.png\" width=\"944px\" height=\"1548px\" \/><\/p>\n<p>&nbsp;<\/p>\n<p>&nbsp;<\/p>\n<div class=\"title--wrap--wDzGayX\">\n<div class=\"title--text--Lx66GPw\">\n<h1 class=\"title--title--RN9Pt03\">Especificaciones<\/h1>\n<\/div>\n<\/div>\n<ul class=\"specification--list--fiWsSyv\">\n<li class=\"specification--line--iUJOqof\">\n<div class=\"specification--prop--RejitI8\">\n<div class=\"specification--title--UbVeyic\">Material: Pl\u00e1stico<\/div>\n<\/div>\n<div class=\"specification--prop--RejitI8\">\n<div class=\"specification--title--UbVeyic\">Categor\u00eda: Auriculares y aud\u00edfonos<\/div>\n<\/div>\n<\/li>\n<li class=\"specification--line--iUJOqof\">\n<div class=\"specification--prop--RejitI8\">\n<div class=\"specification--title--UbVeyic\">Tipo de auriculares: sellados<\/div>\n<\/div>\n<div class=\"specification--prop--RejitI8\">\n<div class=\"specification--title--UbVeyic\">M\u00e9todo de carga: Cable<\/div>\n<\/div>\n<\/li>\n<li class=\"specification--line--iUJOqof\">\n<div class=\"specification--prop--RejitI8\">\n<div class=\"specification--title--UbVeyic\">Versi\u00f3n de Bluetooth: 5.1<\/div>\n<\/div>\n<div class=\"specification--prop--RejitI8\">\n<div class=\"specification--title--UbVeyic\">Lista de paquetes: Manual de usuario, bolsa de transporte, cable de carga<\/div>\n<\/div>\n<div class=\"specification--prop--RejitI8\">\n<div class=\"specification--title--UbVeyic\">C\u00f3decs: Apt-X<\/div>\n<\/div>\n<\/li>\n<li class=\"specification--line--iUJOqof\">\n<div class=\"specification--prop--RejitI8\">\n<div class=\"specification--title--UbVeyic\">Con micr\u00f3fono: S\u00ed<\/div>\n<\/div>\n<div class=\"specification--prop--RejitI8\">\n<div class=\"specification--title--UbVeyic\">Es inal\u00e1mbrico: S\u00ed<\/div>\n<\/div>\n<\/li>\n<li class=\"specification--line--iUJOqof\">\n<div class=\"specification--prop--RejitI8\">\n<div class=\"specification--title--UbVeyic\">APLICACI\u00d3N DE SOPORTE: No<\/div>\n<\/div>\n<div class=\"specification--prop--RejitI8\">\n<div class=\"specification--title--UbVeyic\">Tarjeta de memoria compatible: S\u00ed<\/div>\n<\/div>\n<\/li>\n<li class=\"specification--line--iUJOqof\">\n<div class=\"specification--prop--RejitI8\">\n<div class=\"specification--title--UbVeyic\">Resistente al agua: S\u00ed<\/div>\n<\/div>\n<div class=\"specification--prop--RejitI8\">\n<div class=\"specification--title--UbVeyic\">Resistencia: 0\u03a9<\/div>\n<\/div>\n<\/li>\n<li class=\"specification--line--iUJOqof\">\n<div class=\"specification--prop--RejitI8\">\n<div class=\"specification--title--UbVeyic\">Longitud de l\u00ednea: 0m<\/div>\n<\/div>\n<div class=\"specification--prop--RejitI8\">\n<div class=\"specification--title--UbVeyic\">Rango de respuesta de frecuencia: 20 \u2013 200000 Hz<\/div>\n<\/div>\n<div class=\"specification--prop--RejitI8\">\n<div class=\"specification--title--UbVeyic\">Cancelaci\u00f3n activa de ruido: S\u00ed<\/div>\n<\/div>\n<\/li>\n<li class=\"specification--line--iUJOqof\">\n<div class=\"specification--prop--RejitI8\">\n<div class=\"specification--title--UbVeyic\">Control de volumen: S\u00ed<\/div>\n<\/div>\n<div class=\"specification--prop--RejitI8\">\n<div class=\"specification--title--UbVeyic\">Bot\u00f3n de control: S\u00ed<\/div>\n<\/div>\n<\/li>\n<li class=\"specification--line--iUJOqof\">\n<div class=\"specification--prop--RejitI8\">\n<div class=\"specification--title--UbVeyic\">Principio de vocalismo: armadura equilibrada<\/div>\n<\/div>\n<div class=\"specification--prop--RejitI8\">\n<div class=\"specification--title--UbVeyic\">Tipo inal\u00e1mbrico: bluetooth<\/div>\n<\/div>\n<\/li>\n<li class=\"specification--line--iUJOqof\">\n<div class=\"specification--prop--RejitI8\">\n<div class=\"specification--title--UbVeyic\">Comunicaci\u00f3n: Inal\u00e1mbrica<\/div>\n<\/div>\n<div class=\"specification--prop--RejitI8\">\n<div class=\"specification--title--UbVeyic\">Estilo: Sobre la oreja<\/div>\n<\/div>\n<\/li>\n<li class=\"specification--line--iUJOqof\">\n<div class=\"specification--prop--RejitI8\">\n<div class=\"specification--title--UbVeyic\">Certificaci\u00f3n: CE, Punto<\/div>\n<\/div>\n<div class=\"specification--prop--RejitI8\">\n<div class=\"specification--title--UbVeyic\">Origen: China continental<\/div>\n<\/div>\n<\/li>\n<li class=\"specification--line--iUJOqof\" data-spm-anchor-id=\"a2g0o.detail.0.i10.3273UfSHUfSHhJ\">\n<div class=\"specification--prop--RejitI8\">\n<div class=\"specification--title--UbVeyic\">Nombre de la marca: ZUIDID<\/div>\n<\/div>\n<\/li>\n<\/ul>","protected":false},"excerpt":{"rendered":"<p data-spm-anchor-id=\"a2g0o.detail.1000023.i5.3273UfSHUfSHhJ\">Construcci\u00f3n ligera y duradera de nailon reforzado con fibra de vidrio y acero inoxidable.<br \/>\nEl ecualizador activo con volumen optimizado sintoniza autom\u00e1ticamente la respuesta de frecuencia para obtener un sonido m\u00e1s realista<br \/>\nLos circuitos electr\u00f3nicos ayudan a mantener un nivel de ruido bajo<\/p>\n<div><\/div>","protected":false},"featured_media":27966,"template":"","meta":[],"product_brand":[69],"product_cat":[1326,1322],"product_tag":[],"class_list":{"0":"post-27841","1":"product","2":"type-product","3":"status-publish","4":"has-post-thumbnail","6":"product_brand-bose","7":"product_cat-bose-other-a-brands","8":"product_cat-other-a-brands","10":"first","11":"instock","12":"shipping-taxable","13":"product-type-simple"},"aioseo_notices":[],"aioseo_head":"\n\t\t<!-- All in One SEO Pro 4.5.9.2 - aioseo.com -->\n\t\t<meta name=\"description\" content=\"Lightweight and durable glass-filled nylon and stainless steel construction Volume-optimized active EQ automatically tunes the frequency response for more lifelike sound Electronic circuitry helps to keep a low noise floor\" \/>\n\t\t<meta name=\"robots\" content=\"max-image-preview:large\" \/>\n\t\t<link rel=\"canonical\" href=\"https:\/\/www.rucashk.com\/es\/producto\/bose-quietcomfort-45-headphones\/\" \/>\n\t\t<meta name=\"generator\" content=\"All in One SEO Pro (AIOSEO) 4.5.9.2\" \/>\n\t\t<meta property=\"og:locale\" content=\"es_ES\" \/>\n\t\t<meta property=\"og:site_name\" content=\"Rucas - One-stop AIoT Distribution Worldwide\" \/>\n\t\t<meta property=\"og:type\" content=\"article\" \/>\n\t\t<meta property=\"og:title\" content=\"Bose QuietComfort 45 Headphones - Rucas - Wholesale and Distribution\" \/>\n\t\t<meta property=\"og:description\" content=\"Lightweight and durable glass-filled nylon and stainless steel construction Volume-optimized active EQ automatically tunes the frequency response for more lifelike sound Electronic circuitry helps to keep a low noise floor\" \/>\n\t\t<meta property=\"og:url\" content=\"https:\/\/www.rucashk.com\/es\/producto\/bose-quietcomfort-45-headphones\/\" \/>\n\t\t<meta property=\"og:image\" content=\"https:\/\/www.rucashk.com\/wp-content\/uploads\/replace\/503b8e645f128a97ccde2b6290747646.jpeg\" \/>\n\t\t<meta property=\"og:image:secure_url\" content=\"https:\/\/www.rucashk.com\/wp-content\/uploads\/replace\/503b8e645f128a97ccde2b6290747646.jpeg\" \/>\n\t\t<meta property=\"og:image:width\" content=\"1456\" \/>\n\t\t<meta property=\"og:image:height\" content=\"816\" \/>\n\t\t<meta property=\"article:published_time\" content=\"2024-01-09T16:46:12+00:00\" \/>\n\t\t<meta property=\"article:modified_time\" content=\"2025-06-21T05:26:53+00:00\" \/>\n\t\t<meta name=\"twitter:card\" content=\"summary_large_image\" \/>\n\t\t<meta name=\"twitter:title\" content=\"Bose QuietComfort 45 Headphones - Rucas - Wholesale and Distribution\" \/>\n\t\t<meta name=\"twitter:description\" content=\"Lightweight and durable glass-filled nylon and stainless steel construction Volume-optimized active EQ automatically tunes the frequency response for more lifelike sound Electronic circuitry helps to keep a low noise floor\" \/>\n\t\t<meta name=\"twitter:image\" content=\"https:\/\/www.rucashk.com\/wp-content\/uploads\/replace\/503b8e645f128a97ccde2b6290747646.jpeg\" \/>\n\t\t<script type=\"application\/ld+json\" class=\"aioseo-schema\">\n\t\t\t{\"@context\":\"https:\\\/\\\/schema.org\",\"@graph\":[{\"@type\":\"BreadcrumbList\",\"@id\":\"https:\\\/\\\/www.rucashk.com\\\/es\\\/producto\\\/bose-quietcomfort-45-headphones\\\/#breadcrumblist\",\"itemListElement\":[{\"@type\":\"ListItem\",\"@id\":\"https:\\\/\\\/www.rucashk.com\\\/es\\\/#listItem\",\"position\":1,\"name\":\"Home\",\"item\":\"https:\\\/\\\/www.rucashk.com\\\/es\\\/\",\"nextItem\":\"https:\\\/\\\/www.rucashk.com\\\/es\\\/producto\\\/bose-quietcomfort-45-headphones\\\/#listItem\"},{\"@type\":\"ListItem\",\"@id\":\"https:\\\/\\\/www.rucashk.com\\\/es\\\/producto\\\/bose-quietcomfort-45-headphones\\\/#listItem\",\"position\":2,\"name\":\"Bose QuietComfort 45 Headphones\",\"previousItem\":\"https:\\\/\\\/www.rucashk.com\\\/es\\\/#listItem\"}]},{\"@type\":\"Organization\",\"@id\":\"https:\\\/\\\/www.rucashk.com\\\/es\\\/#organization\",\"name\":\"Rucas\",\"url\":\"https:\\\/\\\/www.rucashk.com\\\/es\\\/\",\"logo\":{\"@type\":\"ImageObject\",\"url\":\"https:\\\/\\\/www.rucashk.com\\\/wp-content\\\/uploads\\\/2023\\\/12\\\/Rucas_campany_logo.png\",\"@id\":\"https:\\\/\\\/www.rucashk.com\\\/es\\\/producto\\\/bose-quietcomfort-45-headphones\\\/#organizationLogo\",\"width\":221,\"height\":65},\"image\":{\"@id\":\"https:\\\/\\\/www.rucashk.com\\\/es\\\/#organizationLogo\"}},{\"@type\":\"Person\",\"@id\":\"https:\\\/\\\/www.rucashk.com\\\/es\\\/author\\\/admin\\\/#author\",\"url\":\"https:\\\/\\\/www.rucashk.com\\\/es\\\/author\\\/admin\\\/\",\"name\":\"admin\",\"image\":{\"@type\":\"ImageObject\",\"@id\":\"https:\\\/\\\/www.rucashk.com\\\/es\\\/producto\\\/bose-quietcomfort-45-headphones\\\/#authorImage\",\"url\":\"https:\\\/\\\/secure.gravatar.com\\\/avatar\\\/b7c8925b09a27e72b30232f8ecaadbd5af0f70a38c78096863fe51b64f031c24?s=96&d=mm&r=g\",\"width\":96,\"height\":96,\"caption\":\"admin\"}},{\"@type\":\"WebPage\",\"@id\":\"https:\\\/\\\/www.rucashk.com\\\/es\\\/producto\\\/bose-quietcomfort-45-headphones\\\/#webpage\",\"url\":\"https:\\\/\\\/www.rucashk.com\\\/es\\\/producto\\\/bose-quietcomfort-45-headphones\\\/\",\"name\":\"Bose QuietComfort 45 Headphones - Rucas - Wholesale and Distribution\",\"description\":\"Lightweight and durable glass-filled nylon and stainless steel construction Volume-optimized active EQ automatically tunes the frequency response for more lifelike sound Electronic circuitry helps to keep a low noise floor\",\"inLanguage\":\"es-ES\",\"isPartOf\":{\"@id\":\"https:\\\/\\\/www.rucashk.com\\\/es\\\/#website\"},\"breadcrumb\":{\"@id\":\"https:\\\/\\\/www.rucashk.com\\\/es\\\/producto\\\/bose-quietcomfort-45-headphones\\\/#breadcrumblist\"},\"author\":{\"@id\":\"https:\\\/\\\/www.rucashk.com\\\/es\\\/author\\\/admin\\\/#author\"},\"creator\":{\"@id\":\"https:\\\/\\\/www.rucashk.com\\\/es\\\/author\\\/admin\\\/#author\"},\"image\":{\"@type\":\"ImageObject\",\"url\":\"https:\\\/\\\/www.rucashk.com\\\/wp-content\\\/uploads\\\/2024\\\/01\\\/10003-25.webp\",\"@id\":\"https:\\\/\\\/www.rucashk.com\\\/es\\\/producto\\\/bose-quietcomfort-45-headphones\\\/#mainImage\",\"width\":960,\"height\":960},\"primaryImageOfPage\":{\"@id\":\"https:\\\/\\\/www.rucashk.com\\\/es\\\/producto\\\/bose-quietcomfort-45-headphones\\\/#mainImage\"},\"datePublished\":\"2024-01-09T16:46:12+00:00\",\"dateModified\":\"2025-06-21T05:26:53+00:00\"},{\"@type\":\"WebSite\",\"@id\":\"https:\\\/\\\/www.rucashk.com\\\/es\\\/#website\",\"url\":\"https:\\\/\\\/www.rucashk.com\\\/es\\\/\",\"name\":\"Rucas - Wholesale and distribution worldwide\",\"alternateName\":\"Rucas - One-stop AIoT Distribution Worldwide\",\"description\":\"One-stop AIoT Distribution Worldwide\",\"inLanguage\":\"es-ES\",\"publisher\":{\"@id\":\"https:\\\/\\\/www.rucashk.com\\\/es\\\/#organization\"}}]}\n\t\t<\/script>\n\t\t<!-- All in One SEO Pro -->\r\n\t\t<title>Bose QuietComfort 45 Headphones - Rucas - Wholesale and Distribution<\/title>\n\n","aioseo_head_json":{"title":"Bose QuietComfort 45 Headphones - Rucas - Wholesale and Distribution","description":"Lightweight and durable glass-filled nylon and stainless steel construction Volume-optimized active EQ automatically tunes the frequency response for more lifelike sound Electronic circuitry helps to keep a low noise floor","canonical_url":"https:\/\/www.rucashk.com\/es\/producto\/bose-quietcomfort-45-headphones\/","robots":"max-image-preview:large","keywords":"","webmasterTools":{"miscellaneous":""},"og:locale":"es_ES","og:site_name":"Rucas - One-stop AIoT Distribution Worldwide","og:type":"article","og:title":"Bose QuietComfort 45 Headphones - Rucas - Wholesale and Distribution","og:description":"Lightweight and durable glass-filled nylon and stainless steel construction Volume-optimized active EQ automatically tunes the frequency response for more lifelike sound Electronic circuitry helps to keep a low noise floor","og:url":"https:\/\/www.rucashk.com\/es\/producto\/bose-quietcomfort-45-headphones\/","og:image":"https:\/\/www.rucashk.com\/wp-content\/uploads\/replace\/503b8e645f128a97ccde2b6290747646.jpeg","og:image:secure_url":"https:\/\/www.rucashk.com\/wp-content\/uploads\/replace\/503b8e645f128a97ccde2b6290747646.jpeg","og:image:width":1456,"og:image:height":816,"article:published_time":"2024-01-09T16:46:12+00:00","article:modified_time":"2025-06-21T05:26:53+00:00","twitter:card":"summary_large_image","twitter:title":"Bose QuietComfort 45 Headphones - Rucas - Wholesale and Distribution","twitter:description":"Lightweight and durable glass-filled nylon and stainless steel construction Volume-optimized active EQ automatically tunes the frequency response for more lifelike sound Electronic circuitry helps to keep a low noise floor","twitter:image":"https:\/\/www.rucashk.com\/wp-content\/uploads\/replace\/503b8e645f128a97ccde2b6290747646.jpeg","schema":{"@context":"https:\/\/schema.org","@graph":[{"@type":"BreadcrumbList","@id":"https:\/\/www.rucashk.com\/es\/producto\/bose-quietcomfort-45-headphones\/#breadcrumblist","itemListElement":[{"@type":"ListItem","@id":"https:\/\/www.rucashk.com\/es\/#listItem","position":1,"name":"Home","item":"https:\/\/www.rucashk.com\/es\/","nextItem":"https:\/\/www.rucashk.com\/es\/producto\/bose-quietcomfort-45-headphones\/#listItem"},{"@type":"ListItem","@id":"https:\/\/www.rucashk.com\/es\/producto\/bose-quietcomfort-45-headphones\/#listItem","position":2,"name":"Bose QuietComfort 45 Headphones","previousItem":"https:\/\/www.rucashk.com\/es\/#listItem"}]},{"@type":"Organization","@id":"https:\/\/www.rucashk.com\/es\/#organization","name":"Rucas","url":"https:\/\/www.rucashk.com\/es\/","logo":{"@type":"ImageObject","url":"https:\/\/www.rucashk.com\/wp-content\/uploads\/2023\/12\/Rucas_campany_logo.png","@id":"https:\/\/www.rucashk.com\/es\/producto\/bose-quietcomfort-45-headphones\/#organizationLogo","width":221,"height":65},"image":{"@id":"https:\/\/www.rucashk.com\/es\/#organizationLogo"}},{"@type":"Person","@id":"https:\/\/www.rucashk.com\/es\/author\/admin\/#author","url":"https:\/\/www.rucashk.com\/es\/author\/admin\/","name":"admin","image":{"@type":"ImageObject","@id":"https:\/\/www.rucashk.com\/es\/producto\/bose-quietcomfort-45-headphones\/#authorImage","url":"https:\/\/secure.gravatar.com\/avatar\/b7c8925b09a27e72b30232f8ecaadbd5af0f70a38c78096863fe51b64f031c24?s=96&d=mm&r=g","width":96,"height":96,"caption":"admin"}},{"@type":"WebPage","@id":"https:\/\/www.rucashk.com\/es\/producto\/bose-quietcomfort-45-headphones\/#webpage","url":"https:\/\/www.rucashk.com\/es\/producto\/bose-quietcomfort-45-headphones\/","name":"Bose QuietComfort 45 Headphones - Rucas - Wholesale and Distribution","description":"Lightweight and durable glass-filled nylon and stainless steel construction Volume-optimized active EQ automatically tunes the frequency response for more lifelike sound Electronic circuitry helps to keep a low noise floor","inLanguage":"es-ES","isPartOf":{"@id":"https:\/\/www.rucashk.com\/es\/#website"},"breadcrumb":{"@id":"https:\/\/www.rucashk.com\/es\/producto\/bose-quietcomfort-45-headphones\/#breadcrumblist"},"author":{"@id":"https:\/\/www.rucashk.com\/es\/author\/admin\/#author"},"creator":{"@id":"https:\/\/www.rucashk.com\/es\/author\/admin\/#author"},"image":{"@type":"ImageObject","url":"https:\/\/www.rucashk.com\/wp-content\/uploads\/2024\/01\/10003-25.webp","@id":"https:\/\/www.rucashk.com\/es\/producto\/bose-quietcomfort-45-headphones\/#mainImage","width":960,"height":960},"primaryImageOfPage":{"@id":"https:\/\/www.rucashk.com\/es\/producto\/bose-quietcomfort-45-headphones\/#mainImage"},"datePublished":"2024-01-09T16:46:12+00:00","dateModified":"2025-06-21T05:26:53+00:00"},{"@type":"WebSite","@id":"https:\/\/www.rucashk.com\/es\/#website","url":"https:\/\/www.rucashk.com\/es\/","name":"Rucas - Wholesale and distribution worldwide","alternateName":"Rucas - One-stop AIoT Distribution Worldwide","description":"One-stop AIoT Distribution Worldwide","inLanguage":"es-ES","publisher":{"@id":"https:\/\/www.rucashk.com\/es\/#organization"}}]}},"aioseo_meta_data":{"post_id":"27841","title":null,"description":null,"keywords":null,"keyphrases":null,"primary_term":null,"canonical_url":null,"og_title":null,"og_description":null,"og_object_type":"default","og_image_type":"default","og_image_url":null,"og_image_width":null,"og_image_height":null,"og_image_custom_url":null,"og_image_custom_fields":null,"og_video":"","og_custom_url":null,"og_article_section":null,"og_article_tags":null,"twitter_use_og":false,"twitter_card":"default","twitter_image_type":"default","twitter_image_url":null,"twitter_image_custom_url":null,"twitter_image_custom_fields":null,"twitter_title":null,"twitter_description":null,"schema":{"blockGraphs":[],"customGraphs":[],"default":{"data":{"Article":[],"Course":[],"Dataset":[],"FAQPage":[],"Movie":[],"Person":[],"Product":[],"Recipe":[],"Service":[],"SoftwareApplication":[],"WebPage":[]},"graphName":"","isEnabled":true},"graphs":[]},"schema_type":"default","schema_type_options":null,"pillar_content":false,"robots_default":true,"robots_noindex":false,"robots_noarchive":false,"robots_nosnippet":false,"robots_nofollow":false,"robots_noimageindex":false,"robots_noodp":false,"robots_notranslate":false,"robots_max_snippet":"-1","robots_max_videopreview":"-1","robots_max_imagepreview":"large","priority":null,"frequency":"default","local_seo":null,"breadcrumb_settings":null,"limit_modified_date":false,"created":"2024-04-11 01:57:22","updated":"2025-06-22 18:43:59"},"aioseo_breadcrumb":"<div class=\"aioseo-breadcrumbs\"><span class=\"aioseo-breadcrumb\">\n\t<a href=\"https:\/\/www.rucashk.com\/es\" title=\"Home\">Home<\/a>\n<\/span><span class=\"aioseo-breadcrumb-separator\">&raquo;<\/span><span class=\"aioseo-breadcrumb\">\n\t<a href=\"https:\/\/www.rucashk.com\/es\/products\/\" title=\"Productos\">Productos<\/a>\n<\/span><span class=\"aioseo-breadcrumb-separator\">&raquo;<\/span><span class=\"aioseo-breadcrumb\">\n\t<a href=\"https:\/\/www.rucashk.com\/es\/marca\/bose\/\" title=\"Bose\">Bose<\/a>\n<\/span><span class=\"aioseo-breadcrumb-separator\">&raquo;<\/span><span class=\"aioseo-breadcrumb\">\n\tBose QuietComfort 45 Headphones\n<\/span><\/div>","aioseo_breadcrumb_json":[{"label":"Home","link":"https:\/\/www.rucashk.com\/es"},{"label":"Productos","link":"https:\/\/www.rucashk.com\/es\/products\/"},{"label":"Bose","link":"https:\/\/www.rucashk.com\/es\/marca\/bose\/"},{"label":"Bose QuietComfort 45 Headphones","link":"https:\/\/www.rucashk.com\/es\/producto\/bose-quietcomfort-45-headphones\/"}],"_links":{"self":[{"href":"https:\/\/www.rucashk.com\/es\/wp-json\/wp\/v2\/product\/27841","targetHints":{"allow":["GET"]}}],"collection":[{"href":"https:\/\/www.rucashk.com\/es\/wp-json\/wp\/v2\/product"}],"about":[{"href":"https:\/\/www.rucashk.com\/es\/wp-json\/wp\/v2\/types\/product"}],"wp:featuredmedia":[{"embeddable":true,"href":"https:\/\/www.rucashk.com\/es\/wp-json\/wp\/v2\/media\/27966"}],"wp:attachment":[{"href":"https:\/\/www.rucashk.com\/es\/wp-json\/wp\/v2\/media?parent=27841"}],"wp:term":[{"taxonomy":"product_brand","embeddable":true,"href":"https:\/\/www.rucashk.com\/es\/wp-json\/wp\/v2\/product_brand?post=27841"},{"taxonomy":"product_cat","embeddable":true,"href":"https:\/\/www.rucashk.com\/es\/wp-json\/wp\/v2\/product_cat?post=27841"},{"taxonomy":"product_tag","embeddable":true,"href":"https:\/\/www.rucashk.com\/es\/wp-json\/wp\/v2\/product_tag?post=27841"}],"curies":[{"name":"wp","href":"https:\/\/api.w.org\/{rel}","templated":true}]}}