{"id":27704,"date":"2024-01-09T16:44:10","date_gmt":"2024-01-09T16:44:10","guid":{"rendered":"http:\/\/rucashk.com\/?post_type=product&#038;p=27704"},"modified":"2025-06-21T05:31:39","modified_gmt":"2025-06-21T05:31:39","slug":"samsung-galaxy-a14-5g-smart-phone","status":"publish","type":"product","link":"https:\/\/www.rucashk.com\/es\/producto\/samsung-galaxy-a14-5g-smart-phone\/","title":{"rendered":"Tel\u00e9fono inteligente Samsung Galaxy A14 5G"},"content":{"rendered":"<h2>Samsung A14<\/h2>\n<p><img decoding=\"async\" alt=\"Samsung Galaxy A14 5G  Smart Phone\" class=\"aligncenter\" src=\"\/wp-content\/uploads\/replace\/f810929f0dc86ef5855e0ebb8373e0ff.jpeg\" \/><\/p>\n<h3 style=\"text-align: center\">mira todo lo que amas en colores vibrantes<\/h3>\n<p><img decoding=\"async\" alt=\"Samsung Galaxy A14 5G  Smart Phone\" class=\"aligncenter\" src=\"\/wp-content\/uploads\/replace\/7db9bdbb90b05c7c896adfdd3b7bb080.png\" \/><\/p>\n<h3 style=\"text-align: center\">M\u00faltiples formas de capturar tu mundo con una c\u00e1mara de triple lente<\/h3>\n<p><img decoding=\"async\" alt=\"Samsung Galaxy A14 5G  Smart Phone\" class=\"aligncenter\" src=\"\/wp-content\/uploads\/replace\/25324eac4bdc429b6f469c5ec424a309.png\" \/><\/p>\n<h3 style=\"text-align: center\">Los queridos momentos de la vida, capturados y salvados.<\/h3>\n<p><img decoding=\"async\" alt=\"Samsung Galaxy A14 5G  Smart Phone\" class=\"aligncenter\" src=\"\/wp-content\/uploads\/replace\/d265ab0f6139ea9243e8e969a1eaf40f.jpeg\" \/><\/p>\n<p style=\"text-align: center\">\n<h3 style=\"text-align: center\">Cuando lo poderoso se encuentra con lo s\u00faper r\u00e1pido<img decoding=\"async\" alt=\"Samsung Galaxy A14 5G  Smart Phone\" class=\"aligncenter\" src=\"\/wp-content\/uploads\/replace\/3ceb70cedadd0ac06a01767b983f896e.png\" \/><img decoding=\"async\" alt=\"Samsung Galaxy A14 5G  Smart Phone\" class=\"aligncenter\" src=\"\/wp-content\/uploads\/replace\/3c9a0903ed5ff94186d3926864243183.png\" \/><\/h3>\n<h3 style=\"text-align: center\">Mantente al d\u00eda con una bater\u00eda de larga duraci\u00f3n<\/h3>\n<p style=\"text-align: center\">Conc\u00e9ntrate m\u00e1s en vivir y menos en cargar. La bater\u00eda de 5000 mAh* alimenta incansablemente<br \/>\ntu d\u00eda o tu noche.<\/p>\n<h3 style=\"text-align: center\"><img decoding=\"async\" alt=\"Samsung Galaxy A14 5G  Smart Phone\" class=\"aligncenter\" src=\"\/wp-content\/uploads\/replace\/16cfc1289e770263902f9ecdc6ddacad.png\" \/><img decoding=\"async\" alt=\"Samsung Galaxy A14 5G  Smart Phone\" class=\"aligncenter\" src=\"\/wp-content\/uploads\/replace\/b7f69003ec834160827087f3ae5f7065.png\" \/><\/h3>\n<div align=\"start\">\n<div class=\"detailmodule_image\"><strong>Caracter\u00edsticas del Samsung Galaxy A14 5G:<\/strong><\/div>\n<div class=\"detailmodule_text\">\n<p>Modelo: Samsung Galaxy A14 5G<\/p>\n<p>Mostrar:\u00a0<strong>6.6&#8221;<\/strong>, 1080 x 2408 p\u00edxeles, relaci\u00f3n 20:9 (densidad ~400 ppp),\u00a0<strong>Pantalla LCD PLS de 90 Hz<\/strong><\/p>\n<p>SO:<strong>androide 13<\/strong>, Una interfaz de usuario Core 5<\/p>\n<p>CPU: Mediatek MT6833 Dimensi\u00f3n 700 (7 nm) \u2013 SM-A146P<\/p>\n<p>Exynos 1330 \u2013 SM-A146B<\/p>\n<p>Almacenamiento: 4GB RAM+64GB ROM, 4GB RAM+128GB ROM, 6GB RAM+128GB ROM<\/p>\n<p>Bater\u00eda:\u00a0<strong>5000mAh<\/strong>, Carga por cable de 15 W<\/p>\n<p data-spm-anchor-id=\"a2g0o.detail.1000023.i1.5e17pkHQpkHQcf\">C\u00e1mara trasera:\u00a0<strong>50MP+2MP+2MP<\/strong><\/p>\n<p>C\u00e1mara frontal: 13MP<\/p>\n<p>Interfaz USB: USB tipo C<br \/>\nCaracter\u00edsticas :\u00a0<strong>La versi\u00f3n de Taiw\u00e1n y la versi\u00f3n HK pertenecen a la versi\u00f3n global, admiten el servicio de Google, varios idiomas y actualizaci\u00f3n OTA, huella digital, Bluetooth 5.2, NFC<\/strong><\/p>\n<p>Conectividad: Dual SIM (Nano-SIM, doble modo de espera)<\/p>\n<\/div>\n<\/div>\n<div class=\"detailmodule_text\" align=\"start\">\n<p data-spm-anchor-id=\"a2g0o.detail.1000023.i0.5e17pkHQpkHQcf\">\n<\/div>","protected":false},"excerpt":{"rendered":"<p>Model: Samsung Galaxy A14 4G<\/p>\n<p>Mostrar:\u00a0<strong>6.6&#8221;<\/strong>, 1080 x 2408 p\u00edxeles,\u00a0<strong>Pantalla LCD por favor<\/strong><\/p>\n<p>SO:<strong>androide 13<\/strong>, Una interfaz de usuario Core 5<\/p>\n<p>UPC:\u00a0<strong>Mediatek MT6769 Helio G80 (12nm)<\/strong><\/p>\n<p>Storage: 4GB RAM+64GB ROM<\/p>\n<p>Bater\u00eda:\u00a0<strong>5000mAh<\/strong>, Carga por cable de 15 W<\/p>\n<p>C\u00e1mara trasera:\u00a0<strong>50MP+5MP+2MP<\/strong><\/p>\n<p>C\u00e1mara frontal: 13MP<\/p>\n<p>Interfaz USB: USB tipo C<br \/>\nCaracter\u00edsticas :\u00a0<strong>La versi\u00f3n de Taiw\u00e1n y la versi\u00f3n HK pertenecen a la versi\u00f3n global, admiten el servicio de Google, varios idiomas y actualizaci\u00f3n OTA, huella digital, Bluetooth 5.1, NFC<\/strong><\/p>\n<p>Conectividad: Dual SIM (Nano-SIM, doble modo de espera)<\/p>\n<div><\/div>","protected":false},"featured_media":27859,"template":"","meta":[],"product_brand":[195],"product_cat":[1295,1299],"product_tag":[],"class_list":{"0":"post-27704","1":"product","2":"type-product","3":"status-publish","4":"has-post-thumbnail","6":"product_brand-samsung","7":"product_cat-mobile-phone","8":"product_cat-samsung-mobile-phone","10":"first","11":"instock","12":"shipping-taxable","13":"product-type-simple"},"aioseo_notices":[],"aioseo_head":"\n\t\t<!-- All in One SEO Pro 4.5.9.2 - aioseo.com -->\n\t\t<meta name=\"description\" content=\"Model: Samsung Galaxy A14 4G Display: 6.6&#039;&#039;, 1080 x 2408 pixels, PLS LCD Display OS:Android 13, One UI Core 5 CPU: Mediatek MT6769 Helio G80 (12 nm) Storage: 4GB RAM+64GB ROM Battery: 5000mAh, 15W Wired Charge Rear Camera: 50MP+5MP+2MP Front Camera: 13MP USB Interface: USB Type-C Features : Taiwan Version &amp; HK Version all belongs to Global version , support Google Service, Multi-languages and OTA update,Fingerprint, Bluetooth 5.1, NFC Connectivity: Dual SIM (Nano-SIM, dual stand-by)\" \/>\n\t\t<meta name=\"robots\" content=\"max-image-preview:large\" \/>\n\t\t<link rel=\"canonical\" href=\"https:\/\/www.rucashk.com\/es\/producto\/samsung-galaxy-a14-5g-smart-phone\/\" \/>\n\t\t<meta name=\"generator\" content=\"All in One SEO Pro (AIOSEO) 4.5.9.2\" \/>\n\t\t<meta property=\"og:locale\" content=\"es_ES\" \/>\n\t\t<meta property=\"og:site_name\" content=\"Rucas - One-stop AIoT Distribution Worldwide\" \/>\n\t\t<meta property=\"og:type\" content=\"article\" \/>\n\t\t<meta property=\"og:title\" content=\"Samsung Galaxy A14 5G Smart Phone - Rucas - Wholesale and Distribution\" \/>\n\t\t<meta property=\"og:description\" content=\"Model: Samsung Galaxy A14 4G Display: 6.6&#039;&#039;, 1080 x 2408 pixels, PLS LCD Display OS:Android 13, One UI Core 5 CPU: Mediatek MT6769 Helio G80 (12 nm) Storage: 4GB RAM+64GB ROM Battery: 5000mAh, 15W Wired Charge Rear Camera: 50MP+5MP+2MP Front Camera: 13MP USB Interface: USB Type-C Features : Taiwan Version &amp; HK Version all belongs to Global version , support Google Service, Multi-languages and OTA update,Fingerprint, Bluetooth 5.1, NFC Connectivity: Dual SIM (Nano-SIM, dual stand-by)\" \/>\n\t\t<meta property=\"og:url\" content=\"https:\/\/www.rucashk.com\/es\/producto\/samsung-galaxy-a14-5g-smart-phone\/\" \/>\n\t\t<meta property=\"og:image\" content=\"https:\/\/www.rucashk.com\/wp-content\/uploads\/replace\/503b8e645f128a97ccde2b6290747646.jpeg\" \/>\n\t\t<meta property=\"og:image:secure_url\" content=\"https:\/\/www.rucashk.com\/wp-content\/uploads\/replace\/503b8e645f128a97ccde2b6290747646.jpeg\" \/>\n\t\t<meta property=\"og:image:width\" content=\"1456\" \/>\n\t\t<meta property=\"og:image:height\" content=\"816\" \/>\n\t\t<meta property=\"article:published_time\" content=\"2024-01-09T16:44:10+00:00\" \/>\n\t\t<meta property=\"article:modified_time\" content=\"2025-06-21T05:31:39+00:00\" \/>\n\t\t<meta name=\"twitter:card\" content=\"summary_large_image\" \/>\n\t\t<meta name=\"twitter:title\" content=\"Samsung Galaxy A14 5G Smart Phone - Rucas - Wholesale and Distribution\" \/>\n\t\t<meta name=\"twitter:description\" content=\"Model: Samsung Galaxy A14 4G Display: 6.6&#039;&#039;, 1080 x 2408 pixels, PLS LCD Display OS:Android 13, One UI Core 5 CPU: Mediatek MT6769 Helio G80 (12 nm) Storage: 4GB RAM+64GB ROM Battery: 5000mAh, 15W Wired Charge Rear Camera: 50MP+5MP+2MP Front Camera: 13MP USB Interface: USB Type-C Features : Taiwan Version &amp; HK Version all belongs to Global version , support Google Service, Multi-languages and OTA update,Fingerprint, Bluetooth 5.1, NFC Connectivity: Dual SIM (Nano-SIM, dual stand-by)\" \/>\n\t\t<meta name=\"twitter:image\" content=\"https:\/\/www.rucashk.com\/wp-content\/uploads\/replace\/503b8e645f128a97ccde2b6290747646.jpeg\" \/>\n\t\t<script type=\"application\/ld+json\" class=\"aioseo-schema\">\n\t\t\t{\"@context\":\"https:\\\/\\\/schema.org\",\"@graph\":[{\"@type\":\"BreadcrumbList\",\"@id\":\"https:\\\/\\\/www.rucashk.com\\\/es\\\/producto\\\/samsung-galaxy-a14-5g-smart-phone\\\/#breadcrumblist\",\"itemListElement\":[{\"@type\":\"ListItem\",\"@id\":\"https:\\\/\\\/www.rucashk.com\\\/es\\\/#listItem\",\"position\":1,\"name\":\"Home\",\"item\":\"https:\\\/\\\/www.rucashk.com\\\/es\\\/\",\"nextItem\":\"https:\\\/\\\/www.rucashk.com\\\/es\\\/producto\\\/samsung-galaxy-a14-5g-smart-phone\\\/#listItem\"},{\"@type\":\"ListItem\",\"@id\":\"https:\\\/\\\/www.rucashk.com\\\/es\\\/producto\\\/samsung-galaxy-a14-5g-smart-phone\\\/#listItem\",\"position\":2,\"name\":\"Samsung Galaxy A14 5G  Smart Phone\",\"previousItem\":\"https:\\\/\\\/www.rucashk.com\\\/es\\\/#listItem\"}]},{\"@type\":\"Organization\",\"@id\":\"https:\\\/\\\/www.rucashk.com\\\/es\\\/#organization\",\"name\":\"Rucas\",\"url\":\"https:\\\/\\\/www.rucashk.com\\\/es\\\/\",\"logo\":{\"@type\":\"ImageObject\",\"url\":\"https:\\\/\\\/www.rucashk.com\\\/wp-content\\\/uploads\\\/2023\\\/12\\\/Rucas_campany_logo.png\",\"@id\":\"https:\\\/\\\/www.rucashk.com\\\/es\\\/producto\\\/samsung-galaxy-a14-5g-smart-phone\\\/#organizationLogo\",\"width\":221,\"height\":65},\"image\":{\"@id\":\"https:\\\/\\\/www.rucashk.com\\\/es\\\/#organizationLogo\"}},{\"@type\":\"Person\",\"@id\":\"https:\\\/\\\/www.rucashk.com\\\/es\\\/author\\\/admin\\\/#author\",\"url\":\"https:\\\/\\\/www.rucashk.com\\\/es\\\/author\\\/admin\\\/\",\"name\":\"admin\",\"image\":{\"@type\":\"ImageObject\",\"@id\":\"https:\\\/\\\/www.rucashk.com\\\/es\\\/producto\\\/samsung-galaxy-a14-5g-smart-phone\\\/#authorImage\",\"url\":\"https:\\\/\\\/secure.gravatar.com\\\/avatar\\\/b7c8925b09a27e72b30232f8ecaadbd5af0f70a38c78096863fe51b64f031c24?s=96&d=mm&r=g\",\"width\":96,\"height\":96,\"caption\":\"admin\"}},{\"@type\":\"WebPage\",\"@id\":\"https:\\\/\\\/www.rucashk.com\\\/es\\\/producto\\\/samsung-galaxy-a14-5g-smart-phone\\\/#webpage\",\"url\":\"https:\\\/\\\/www.rucashk.com\\\/es\\\/producto\\\/samsung-galaxy-a14-5g-smart-phone\\\/\",\"name\":\"Samsung Galaxy A14 5G Smart Phone - Rucas - Wholesale and Distribution\",\"description\":\"Model: Samsung Galaxy A14 4G Display: 6.6'', 1080 x 2408 pixels, PLS LCD Display OS:Android 13, One UI Core 5 CPU: Mediatek MT6769 Helio G80 (12 nm) Storage: 4GB RAM+64GB ROM Battery: 5000mAh, 15W Wired Charge Rear Camera: 50MP+5MP+2MP Front Camera: 13MP USB Interface: USB Type-C Features : Taiwan Version & HK Version all belongs to Global version , support Google Service, Multi-languages and OTA update,Fingerprint, Bluetooth 5.1, NFC Connectivity: Dual SIM (Nano-SIM, dual stand-by)\",\"inLanguage\":\"es-ES\",\"isPartOf\":{\"@id\":\"https:\\\/\\\/www.rucashk.com\\\/es\\\/#website\"},\"breadcrumb\":{\"@id\":\"https:\\\/\\\/www.rucashk.com\\\/es\\\/producto\\\/samsung-galaxy-a14-5g-smart-phone\\\/#breadcrumblist\"},\"author\":{\"@id\":\"https:\\\/\\\/www.rucashk.com\\\/es\\\/author\\\/admin\\\/#author\"},\"creator\":{\"@id\":\"https:\\\/\\\/www.rucashk.com\\\/es\\\/author\\\/admin\\\/#author\"},\"image\":{\"@type\":\"ImageObject\",\"url\":\"https:\\\/\\\/www.rucashk.com\\\/wp-content\\\/uploads\\\/2024\\\/01\\\/10-3-1-1.webp\",\"@id\":\"https:\\\/\\\/www.rucashk.com\\\/es\\\/producto\\\/samsung-galaxy-a14-5g-smart-phone\\\/#mainImage\",\"width\":80,\"height\":80},\"primaryImageOfPage\":{\"@id\":\"https:\\\/\\\/www.rucashk.com\\\/es\\\/producto\\\/samsung-galaxy-a14-5g-smart-phone\\\/#mainImage\"},\"datePublished\":\"2024-01-09T16:44:10+00:00\",\"dateModified\":\"2025-06-21T05:31:39+00:00\"},{\"@type\":\"WebSite\",\"@id\":\"https:\\\/\\\/www.rucashk.com\\\/es\\\/#website\",\"url\":\"https:\\\/\\\/www.rucashk.com\\\/es\\\/\",\"name\":\"Rucas - Wholesale and distribution worldwide\",\"alternateName\":\"Rucas - One-stop AIoT Distribution Worldwide\",\"description\":\"One-stop AIoT Distribution Worldwide\",\"inLanguage\":\"es-ES\",\"publisher\":{\"@id\":\"https:\\\/\\\/www.rucashk.com\\\/es\\\/#organization\"}}]}\n\t\t<\/script>\n\t\t<!-- All in One SEO Pro -->\r\n\t\t<title>Samsung Galaxy A14 5G Smart Phone - Rucas - Wholesale and Distribution<\/title>\n\n","aioseo_head_json":{"title":"Samsung Galaxy A14 5G Smart Phone - Rucas - Wholesale and Distribution","description":"Model: Samsung Galaxy A14 4G Display: 6.6'', 1080 x 2408 pixels, PLS LCD Display OS:Android 13, One UI Core 5 CPU: Mediatek MT6769 Helio G80 (12 nm) Storage: 4GB RAM+64GB ROM Battery: 5000mAh, 15W Wired Charge Rear Camera: 50MP+5MP+2MP Front Camera: 13MP USB Interface: USB Type-C Features : Taiwan Version & HK Version all belongs to Global version , support Google Service, Multi-languages and OTA update,Fingerprint, Bluetooth 5.1, NFC Connectivity: Dual SIM (Nano-SIM, dual stand-by)","canonical_url":"https:\/\/www.rucashk.com\/es\/producto\/samsung-galaxy-a14-5g-smart-phone\/","robots":"max-image-preview:large","keywords":"","webmasterTools":{"miscellaneous":""},"og:locale":"es_ES","og:site_name":"Rucas - One-stop AIoT Distribution Worldwide","og:type":"article","og:title":"Samsung Galaxy A14 5G Smart Phone - Rucas - Wholesale and Distribution","og:description":"Model: Samsung Galaxy A14 4G Display: 6.6'', 1080 x 2408 pixels, PLS LCD Display OS:Android 13, One UI Core 5 CPU: Mediatek MT6769 Helio G80 (12 nm) Storage: 4GB RAM+64GB ROM Battery: 5000mAh, 15W Wired Charge Rear Camera: 50MP+5MP+2MP Front Camera: 13MP USB Interface: USB Type-C Features : Taiwan Version &amp; HK Version all belongs to Global version , support Google Service, Multi-languages and OTA update,Fingerprint, Bluetooth 5.1, NFC Connectivity: Dual SIM (Nano-SIM, dual stand-by)","og:url":"https:\/\/www.rucashk.com\/es\/producto\/samsung-galaxy-a14-5g-smart-phone\/","og:image":"https:\/\/www.rucashk.com\/wp-content\/uploads\/replace\/503b8e645f128a97ccde2b6290747646.jpeg","og:image:secure_url":"https:\/\/www.rucashk.com\/wp-content\/uploads\/replace\/503b8e645f128a97ccde2b6290747646.jpeg","og:image:width":1456,"og:image:height":816,"article:published_time":"2024-01-09T16:44:10+00:00","article:modified_time":"2025-06-21T05:31:39+00:00","twitter:card":"summary_large_image","twitter:title":"Samsung Galaxy A14 5G Smart Phone - Rucas - Wholesale and Distribution","twitter:description":"Model: Samsung Galaxy A14 4G Display: 6.6'', 1080 x 2408 pixels, PLS LCD Display OS:Android 13, One UI Core 5 CPU: Mediatek MT6769 Helio G80 (12 nm) Storage: 4GB RAM+64GB ROM Battery: 5000mAh, 15W Wired Charge Rear Camera: 50MP+5MP+2MP Front Camera: 13MP USB Interface: USB Type-C Features : Taiwan Version &amp; HK Version all belongs to Global version , support Google Service, Multi-languages and OTA update,Fingerprint, Bluetooth 5.1, NFC Connectivity: Dual SIM (Nano-SIM, dual stand-by)","twitter:image":"https:\/\/www.rucashk.com\/wp-content\/uploads\/replace\/503b8e645f128a97ccde2b6290747646.jpeg","schema":{"@context":"https:\/\/schema.org","@graph":[{"@type":"BreadcrumbList","@id":"https:\/\/www.rucashk.com\/es\/producto\/samsung-galaxy-a14-5g-smart-phone\/#breadcrumblist","itemListElement":[{"@type":"ListItem","@id":"https:\/\/www.rucashk.com\/es\/#listItem","position":1,"name":"Home","item":"https:\/\/www.rucashk.com\/es\/","nextItem":"https:\/\/www.rucashk.com\/es\/producto\/samsung-galaxy-a14-5g-smart-phone\/#listItem"},{"@type":"ListItem","@id":"https:\/\/www.rucashk.com\/es\/producto\/samsung-galaxy-a14-5g-smart-phone\/#listItem","position":2,"name":"Samsung Galaxy A14 5G  Smart Phone","previousItem":"https:\/\/www.rucashk.com\/es\/#listItem"}]},{"@type":"Organization","@id":"https:\/\/www.rucashk.com\/es\/#organization","name":"Rucas","url":"https:\/\/www.rucashk.com\/es\/","logo":{"@type":"ImageObject","url":"https:\/\/www.rucashk.com\/wp-content\/uploads\/2023\/12\/Rucas_campany_logo.png","@id":"https:\/\/www.rucashk.com\/es\/producto\/samsung-galaxy-a14-5g-smart-phone\/#organizationLogo","width":221,"height":65},"image":{"@id":"https:\/\/www.rucashk.com\/es\/#organizationLogo"}},{"@type":"Person","@id":"https:\/\/www.rucashk.com\/es\/author\/admin\/#author","url":"https:\/\/www.rucashk.com\/es\/author\/admin\/","name":"admin","image":{"@type":"ImageObject","@id":"https:\/\/www.rucashk.com\/es\/producto\/samsung-galaxy-a14-5g-smart-phone\/#authorImage","url":"https:\/\/secure.gravatar.com\/avatar\/b7c8925b09a27e72b30232f8ecaadbd5af0f70a38c78096863fe51b64f031c24?s=96&d=mm&r=g","width":96,"height":96,"caption":"admin"}},{"@type":"WebPage","@id":"https:\/\/www.rucashk.com\/es\/producto\/samsung-galaxy-a14-5g-smart-phone\/#webpage","url":"https:\/\/www.rucashk.com\/es\/producto\/samsung-galaxy-a14-5g-smart-phone\/","name":"Samsung Galaxy A14 5G Smart Phone - Rucas - Wholesale and Distribution","description":"Model: Samsung Galaxy A14 4G Display: 6.6'', 1080 x 2408 pixels, PLS LCD Display OS:Android 13, One UI Core 5 CPU: Mediatek MT6769 Helio G80 (12 nm) Storage: 4GB RAM+64GB ROM Battery: 5000mAh, 15W Wired Charge Rear Camera: 50MP+5MP+2MP Front Camera: 13MP USB Interface: USB Type-C Features : Taiwan Version & HK Version all belongs to Global version , support Google Service, Multi-languages and OTA update,Fingerprint, Bluetooth 5.1, NFC Connectivity: Dual SIM (Nano-SIM, dual stand-by)","inLanguage":"es-ES","isPartOf":{"@id":"https:\/\/www.rucashk.com\/es\/#website"},"breadcrumb":{"@id":"https:\/\/www.rucashk.com\/es\/producto\/samsung-galaxy-a14-5g-smart-phone\/#breadcrumblist"},"author":{"@id":"https:\/\/www.rucashk.com\/es\/author\/admin\/#author"},"creator":{"@id":"https:\/\/www.rucashk.com\/es\/author\/admin\/#author"},"image":{"@type":"ImageObject","url":"https:\/\/www.rucashk.com\/wp-content\/uploads\/2024\/01\/10-3-1-1.webp","@id":"https:\/\/www.rucashk.com\/es\/producto\/samsung-galaxy-a14-5g-smart-phone\/#mainImage","width":80,"height":80},"primaryImageOfPage":{"@id":"https:\/\/www.rucashk.com\/es\/producto\/samsung-galaxy-a14-5g-smart-phone\/#mainImage"},"datePublished":"2024-01-09T16:44:10+00:00","dateModified":"2025-06-21T05:31:39+00:00"},{"@type":"WebSite","@id":"https:\/\/www.rucashk.com\/es\/#website","url":"https:\/\/www.rucashk.com\/es\/","name":"Rucas - Wholesale and distribution worldwide","alternateName":"Rucas - One-stop AIoT Distribution Worldwide","description":"One-stop AIoT Distribution Worldwide","inLanguage":"es-ES","publisher":{"@id":"https:\/\/www.rucashk.com\/es\/#organization"}}]}},"aioseo_meta_data":{"post_id":"27704","title":null,"description":null,"keywords":null,"keyphrases":null,"primary_term":null,"canonical_url":null,"og_title":null,"og_description":null,"og_object_type":"default","og_image_type":"default","og_image_url":null,"og_image_width":null,"og_image_height":null,"og_image_custom_url":null,"og_image_custom_fields":null,"og_video":"","og_custom_url":null,"og_article_section":null,"og_article_tags":null,"twitter_use_og":false,"twitter_card":"default","twitter_image_type":"default","twitter_image_url":null,"twitter_image_custom_url":null,"twitter_image_custom_fields":null,"twitter_title":null,"twitter_description":null,"schema":{"blockGraphs":[],"customGraphs":[],"default":{"data":{"Article":[],"Course":[],"Dataset":[],"FAQPage":[],"Movie":[],"Person":[],"Product":[],"Recipe":[],"Service":[],"SoftwareApplication":[],"WebPage":[]},"graphName":"","isEnabled":true},"graphs":[]},"schema_type":"default","schema_type_options":null,"pillar_content":false,"robots_default":true,"robots_noindex":false,"robots_noarchive":false,"robots_nosnippet":false,"robots_nofollow":false,"robots_noimageindex":false,"robots_noodp":false,"robots_notranslate":false,"robots_max_snippet":"-1","robots_max_videopreview":"-1","robots_max_imagepreview":"large","priority":null,"frequency":"default","local_seo":null,"breadcrumb_settings":null,"limit_modified_date":false,"created":"2024-04-11 01:57:22","updated":"2025-06-22 18:41:56"},"aioseo_breadcrumb":"<div class=\"aioseo-breadcrumbs\"><span class=\"aioseo-breadcrumb\">\n\t<a href=\"https:\/\/www.rucashk.com\/es\" title=\"Home\">Home<\/a>\n<\/span><span class=\"aioseo-breadcrumb-separator\">&raquo;<\/span><span class=\"aioseo-breadcrumb\">\n\t<a href=\"https:\/\/www.rucashk.com\/es\/products\/\" title=\"Productos\">Productos<\/a>\n<\/span><span class=\"aioseo-breadcrumb-separator\">&raquo;<\/span><span class=\"aioseo-breadcrumb\">\n\t<a href=\"https:\/\/www.rucashk.com\/es\/marca\/samsung\/\" title=\"Samsung\">Samsung<\/a>\n<\/span><span class=\"aioseo-breadcrumb-separator\">&raquo;<\/span><span class=\"aioseo-breadcrumb\">\n\tSamsung Galaxy A14 5G  Smart Phone\n<\/span><\/div>","aioseo_breadcrumb_json":[{"label":"Home","link":"https:\/\/www.rucashk.com\/es"},{"label":"Productos","link":"https:\/\/www.rucashk.com\/es\/products\/"},{"label":"Samsung","link":"https:\/\/www.rucashk.com\/es\/marca\/samsung\/"},{"label":"Samsung Galaxy A14 5G  Smart Phone","link":"https:\/\/www.rucashk.com\/es\/producto\/samsung-galaxy-a14-5g-smart-phone\/"}],"_links":{"self":[{"href":"https:\/\/www.rucashk.com\/es\/wp-json\/wp\/v2\/product\/27704","targetHints":{"allow":["GET"]}}],"collection":[{"href":"https:\/\/www.rucashk.com\/es\/wp-json\/wp\/v2\/product"}],"about":[{"href":"https:\/\/www.rucashk.com\/es\/wp-json\/wp\/v2\/types\/product"}],"wp:featuredmedia":[{"embeddable":true,"href":"https:\/\/www.rucashk.com\/es\/wp-json\/wp\/v2\/media\/27859"}],"wp:attachment":[{"href":"https:\/\/www.rucashk.com\/es\/wp-json\/wp\/v2\/media?parent=27704"}],"wp:term":[{"taxonomy":"product_brand","embeddable":true,"href":"https:\/\/www.rucashk.com\/es\/wp-json\/wp\/v2\/product_brand?post=27704"},{"taxonomy":"product_cat","embeddable":true,"href":"https:\/\/www.rucashk.com\/es\/wp-json\/wp\/v2\/product_cat?post=27704"},{"taxonomy":"product_tag","embeddable":true,"href":"https:\/\/www.rucashk.com\/es\/wp-json\/wp\/v2\/product_tag?post=27704"}],"curies":[{"name":"wp","href":"https:\/\/api.w.org\/{rel}","templated":true}]}}