{"id":27668,"date":"2024-01-09T16:43:45","date_gmt":"2024-01-09T16:43:45","guid":{"rendered":"http:\/\/rucashk.com\/?post_type=product&#038;p=27668"},"modified":"2025-06-21T05:38:34","modified_gmt":"2025-06-21T05:38:34","slug":"razer-deathstalker-v2-pro-tenkeyless-linear-optical-switch-us-white-keyboards","status":"publish","type":"product","link":"https:\/\/www.rucashk.com\/es\/producto\/razer-deathstalker-v2-pro-tenkeyless-linear-optical-switch-us-white-keyboards\/","title":{"rendered":"Razer DeathStalker V2 Pro Tenkeyless \u2013 Conmutador \u00f3ptico lineal \u2013 EE. UU. \u2013 Teclados blancos"},"content":{"rendered":"<div id=\"nav-description\">\n<div>\n<div class=\"extend--content--DlnAngg\">\n<div data-spm-anchor-id=\"a2g0o.detail.0.i7.26ffxpWwxpWww1\">\n<div id=\"product-description\" class=\"description--product-description--nxRv0lW\" data-spm=\"1000023\" data-pl=\"product-description\">\n<div class=\"description--origin-part--SsZJoGC\">\n<p align=\"center\"><strong><span data-spm-anchor-id=\"a2g0o.detail.1000023.i2.26ffxpWwxpWww1\">RAZER DEATHSTALKER V2 PRO<\/span><\/strong><\/p>\n<p align=\"center\">ERGONOM\u00cdA DE BAJO PERFIL.<\/p>\n<p align=\"center\">INAL\u00c1MBRICO DE ALTO RENDIMIENTO.<\/p>\n<p align=\"center\">Conozca el Razer DeathStalker V2 Pro: un teclado \u00f3ptico inal\u00e1mbrico ultradelgado optimizado para un rendimiento y durabilidad de primer nivel. Incluye nuevos interruptores de bajo perfil y Razer\u2122 HyperSpeed Wireless para juegos ultrarr\u00e1pidos, todo ello alojado dentro de una carcasa duradera y ultradelgada para un uso ergon\u00f3mico duradero.<\/p>\n<p align=\"start\"><img decoding=\"async\" class=\"aligncenter\" src=\"\/wp-content\/uploads\/replace\/c207b36950e5627ffb74ce1f6db75c1a.jpeg\" alt=\"Razer DeathStalker V2 Pro - Clicky Optical Switch - US - White Keyboards\" \/><\/p>\n<p align=\"center\"><strong>INTERRUPTORES \u00d3PTICOS DE BAJO PERFIL RAZER\u2122<\/strong><\/p>\n<p align=\"center\">Actuaci\u00f3n ultrarr\u00e1pida y ultraconfiable<\/p>\n<p align=\"center\"><span data-spm-anchor-id=\"a2g0o.detail.1000023.i1.26ffxpWwxpWww1\">Equipado con la misma respuesta ultrarr\u00e1pida que es un sello distintivo de todos nuestros teclados \u00f3pticos, realice pulsaciones de teclas m\u00e1s r\u00e1pidas con interruptores completamente nuevos que tienen una altura de actuaci\u00f3n m\u00e1s corta para reducir el recorrido de las teclas, respaldados por una vida \u00fatil de 70 millones de pulsaciones para un rendimiento duradero.<\/span><\/p>\n<p align=\"start\"><img decoding=\"async\" class=\"aligncenter\" src=\"\/wp-content\/uploads\/replace\/ef950f1d43a0055ef08a8d83e471944b.jpeg\" alt=\"Razer DeathStalker V2 Pro - Clicky Optical Switch - US - White Keyboards\" \/><\/p>\n<p align=\"center\"><strong>CONECTIVIDAD DE PRIMERA CLASE<\/strong><\/p>\n<p align=\"center\">Razer\u2122 HyperSpeed inal\u00e1mbrico y Bluetooth 5.0<\/p>\n<p align=\"start\"><img decoding=\"async\" class=\"aligncenter\" src=\"\/wp-content\/uploads\/replace\/395a14d55cb61b6265a761443c85a029.jpeg\" alt=\"Razer DeathStalker V2 Pro - Clicky Optical Switch - US - White Keyboards\" \/><\/p>\n<p align=\"center\"><strong>CARCASA ULTRA DELGADA CON PLACA SUPERIOR DE ALUMINIO DURADERA<\/strong><\/p>\n<p align=\"center\">Ergonom\u00eda duradera<\/p>\n<p align=\"center\">El perfil delgado del teclado garantiza una posici\u00f3n neutral de la mano para largas horas de uso con poca tensi\u00f3n, mientras que su placa superior de aleaci\u00f3n de aluminio 5052 proporciona mayor durabilidad con un peso satisfactorio.<\/p>\n<p align=\"start\"><img decoding=\"async\" class=\"aligncenter\" src=\"\/wp-content\/uploads\/replace\/f62626adb9be1b5f779ac076f82dc442.jpeg\" alt=\"Razer DeathStalker V2 Pro - Clicky Optical Switch - US - White Keyboards\" \/><\/p>\n<p align=\"center\"><strong>TECLAS GRABADAS CON L\u00c1SER CON<\/strong><\/p>\n<p align=\"center\">RECUBRIMIENTO RAZER\u2122 HYPERGUARD<\/p>\n<p align=\"center\">M\u00e1xima resistencia a la decoloraci\u00f3n y a los ara\u00f1azos<\/p>\n<p align=\"center\">Dise\u00f1ado para ser m\u00e1s resistente que las teclas ABS de doble disparo, con leyendas que lucen s\u00faper n\u00edtidas y limpias. Tambi\u00e9n cuenta con leyendas secundarias retroiluminadas* para escribir con mayor comodidad y RGB por tecla que brilla intensamente y de manera uniforme para producir retroiluminaci\u00f3n RGB 100%.<\/p>\n<p align=\"start\"><img decoding=\"async\" class=\"aligncenter\" src=\"\/wp-content\/uploads\/replace\/f198d7c9dd6de48343ad21011cfa5fba.jpeg\" alt=\"Razer DeathStalker V2 Pro - Clicky Optical Switch - US - White Keyboards\" \/><\/p>\n<p align=\"center\"><strong>RODILLO MULTIFUNCI\u00d3N Y BOT\u00d3N DE MEDIOS<\/strong><\/p>\n<p align=\"center\">Control conveniente<\/p>\n<p align=\"center\">Config\u00farelos para pausar, reproducir, saltar y ajustar todo, desde el brillo hasta el volumen: la m\u00e1xima comodidad mientras disfruta de su entretenimiento.<\/p>\n<p align=\"start\"><img decoding=\"async\" class=\"aligncenter\" src=\"\/wp-content\/uploads\/replace\/bebe26a4cb3fecd19e0303f359b0aecd.jpeg\" alt=\"Razer DeathStalker V2 Pro - Clicky Optical Switch - US - White Keyboards\" \/><\/p>\n<\/div>\n<\/div>\n<\/div>\n<\/div>\n<\/div>\n<\/div>\n<div class=\"comet-v2-divider comet-v2-divider-small split-line--wrap--uquPC9W\"><\/div>\n<div id=\"nav-specification\" data-pl=\"product-specs\">\n<div class=\"title--wrap--wDzGayX\">\n<div class=\"title--text--Lx66GPw\">\n<h1 class=\"title--title--RN9Pt03\">Especificaciones<\/h1>\n<\/div>\n<\/div>\n<ul class=\"specification--list--fiWsSyv\">\n<li class=\"specification--line--iUJOqof\">\n<div class=\"specification--prop--RejitI8\">\n<div class=\"specification--title--UbVeyic\">Material de la tecla: pl\u00e1stico ABS<\/div>\n<\/div>\n<div class=\"specification--prop--RejitI8\">\n<div class=\"specification--title--UbVeyic\">Tipo de retroiluminaci\u00f3n: MULTICOLOR<\/div>\n<\/div>\n<\/li>\n<li class=\"specification--line--iUJOqof\">\n<div class=\"specification--prop--RejitI8\">\n<div class=\"specification--title--UbVeyic\">Teclado de tama\u00f1o completo: S\u00ed<\/div>\n<\/div>\n<div class=\"specification--prop--RejitI8\">\n<div class=\"specification--title--UbVeyic\">Paquete: S\u00ed<\/div>\n<\/div>\n<\/li>\n<li class=\"specification--line--iUJOqof\">\n<div class=\"specification--prop--RejitI8\">\n<div class=\"specification--title--UbVeyic\">Soporte de mu\u00f1eca: No<\/div>\n<\/div>\n<div class=\"specification--prop--RejitI8\">\n<div class=\"specification--title--UbVeyic\">Estilo: Est\u00e1ndar<\/div>\n<\/div>\n<\/li>\n<li class=\"specification--line--iUJOqof\">\n<div class=\"specification--prop--RejitI8\">\n<div class=\"specification--title--UbVeyic\">Tipo de interfaz: USB<\/div>\n<\/div>\n<div class=\"specification--prop--RejitI8\">\n<div class=\"specification--title--UbVeyic\">Estilo de operaci\u00f3n: Mec\u00e1nico<\/div>\n<\/div>\n<\/li>\n<li class=\"specification--line--iUJOqof\">\n<div class=\"specification--prop--RejitI8\">\n<div class=\"specification--title--UbVeyic\">Idioma: ingl\u00e9s<\/div>\n<\/div>\n<div class=\"specification--prop--RejitI8\">\n<div class=\"specification--title--UbVeyic\">Est\u00e1ndar de teclado: 104 teclas<\/div>\n<\/div>\n<\/li>\n<li class=\"specification--line--iUJOqof\">\n<div class=\"specification--prop--RejitI8\">\n<div class=\"specification--title--UbVeyic\">Aplicaci\u00f3n: Escritorio,Port\u00e1til<\/div>\n<\/div>\n<div class=\"specification--prop--RejitI8\">\n<div class=\"specification--title--UbVeyic\">Tipo: Inal\u00e1mbrico de 2,4 Ghz<\/div>\n<\/div>\n<\/li>\n<li class=\"specification--line--iUJOqof\">\n<div class=\"specification--prop--RejitI8\">\n<div class=\"specification--title--UbVeyic\">Nombre de la marca: Razer<\/div>\n<\/div>\n<div class=\"specification--prop--RejitI8\">\n<div class=\"specification--title--UbVeyic\">Origen: China continental<\/div>\n<\/div>\n<\/li>\n<\/ul>\n<\/div>","protected":false},"excerpt":{"rendered":"<p>Conozca el Razer DeathStalker V2 Pro: un teclado \u00f3ptico inal\u00e1mbrico ultradelgado optimizado para un rendimiento y durabilidad de primer nivel. Incluye nuevos interruptores de bajo perfil y Razer\u2122 HyperSpeed Wireless para juegos ultrarr\u00e1pidos, todo ello alojado dentro de una carcasa duradera y ultradelgada para un uso ergon\u00f3mico duradero.<\/p>","protected":false},"featured_media":27824,"template":"","meta":[],"product_brand":[1379],"product_cat":[1322,1331],"product_tag":[],"class_list":{"0":"post-27668","1":"product","2":"type-product","3":"status-publish","4":"has-post-thumbnail","6":"product_brand-razer","7":"product_cat-other-a-brands","8":"product_cat-razer-other-a-brands","10":"first","11":"instock","12":"shipping-taxable","13":"product-type-simple"},"aioseo_notices":[],"aioseo_head":"\n\t\t<!-- All in One SEO Pro 4.5.9.2 - aioseo.com -->\n\t\t<meta name=\"description\" content=\"Meet the Razer DeathStalker V2 Pro\u2014a wireless ultra-slim optical keyboard optimized for top-tier performance and durability. Featuring new low-profile switches and Razer\u2122 HyperSpeed Wireless for ultra-responsive gaming, all housed within a durable, ultra-slim casing for long-lasting ergonomic use.\" \/>\n\t\t<meta name=\"robots\" content=\"max-image-preview:large\" \/>\n\t\t<link rel=\"canonical\" href=\"https:\/\/www.rucashk.com\/es\/producto\/razer-deathstalker-v2-pro-tenkeyless-linear-optical-switch-us-white-keyboards\/\" \/>\n\t\t<meta name=\"generator\" content=\"All in One SEO Pro (AIOSEO) 4.5.9.2\" \/>\n\t\t<meta property=\"og:locale\" content=\"es_ES\" \/>\n\t\t<meta property=\"og:site_name\" content=\"Rucas - One-stop AIoT Distribution Worldwide\" \/>\n\t\t<meta property=\"og:type\" content=\"article\" \/>\n\t\t<meta property=\"og:title\" content=\"Razer DeathStalker V2 Pro Tenkeyless \u2013 Linear Optical Switch \u2013 US \u2013 White Keyboards - Rucas - Wholesale and Distribution\" \/>\n\t\t<meta property=\"og:description\" content=\"Meet the Razer DeathStalker V2 Pro\u2014a wireless ultra-slim optical keyboard optimized for top-tier performance and durability. Featuring new low-profile switches and Razer\u2122 HyperSpeed Wireless for ultra-responsive gaming, all housed within a durable, ultra-slim casing for long-lasting ergonomic use.\" \/>\n\t\t<meta property=\"og:url\" content=\"https:\/\/www.rucashk.com\/es\/producto\/razer-deathstalker-v2-pro-tenkeyless-linear-optical-switch-us-white-keyboards\/\" \/>\n\t\t<meta property=\"og:image\" content=\"https:\/\/www.rucashk.com\/wp-content\/uploads\/replace\/503b8e645f128a97ccde2b6290747646.jpeg\" \/>\n\t\t<meta property=\"og:image:secure_url\" content=\"https:\/\/www.rucashk.com\/wp-content\/uploads\/replace\/503b8e645f128a97ccde2b6290747646.jpeg\" \/>\n\t\t<meta property=\"og:image:width\" content=\"1456\" \/>\n\t\t<meta property=\"og:image:height\" content=\"816\" \/>\n\t\t<meta property=\"article:published_time\" content=\"2024-01-09T16:43:45+00:00\" \/>\n\t\t<meta property=\"article:modified_time\" content=\"2025-06-21T05:38:34+00:00\" \/>\n\t\t<meta name=\"twitter:card\" content=\"summary_large_image\" \/>\n\t\t<meta name=\"twitter:title\" content=\"Razer DeathStalker V2 Pro Tenkeyless \u2013 Linear Optical Switch \u2013 US \u2013 White Keyboards - Rucas - Wholesale and Distribution\" \/>\n\t\t<meta name=\"twitter:description\" content=\"Meet the Razer DeathStalker V2 Pro\u2014a wireless ultra-slim optical keyboard optimized for top-tier performance and durability. Featuring new low-profile switches and Razer\u2122 HyperSpeed Wireless for ultra-responsive gaming, all housed within a durable, ultra-slim casing for long-lasting ergonomic use.\" \/>\n\t\t<meta name=\"twitter:image\" content=\"https:\/\/www.rucashk.com\/wp-content\/uploads\/replace\/503b8e645f128a97ccde2b6290747646.jpeg\" \/>\n\t\t<script type=\"application\/ld+json\" class=\"aioseo-schema\">\n\t\t\t{\"@context\":\"https:\\\/\\\/schema.org\",\"@graph\":[{\"@type\":\"BreadcrumbList\",\"@id\":\"https:\\\/\\\/www.rucashk.com\\\/es\\\/producto\\\/razer-deathstalker-v2-pro-tenkeyless-linear-optical-switch-us-white-keyboards\\\/#breadcrumblist\",\"itemListElement\":[{\"@type\":\"ListItem\",\"@id\":\"https:\\\/\\\/www.rucashk.com\\\/es\\\/#listItem\",\"position\":1,\"name\":\"Home\",\"item\":\"https:\\\/\\\/www.rucashk.com\\\/es\\\/\",\"nextItem\":\"https:\\\/\\\/www.rucashk.com\\\/es\\\/producto\\\/razer-deathstalker-v2-pro-tenkeyless-linear-optical-switch-us-white-keyboards\\\/#listItem\"},{\"@type\":\"ListItem\",\"@id\":\"https:\\\/\\\/www.rucashk.com\\\/es\\\/producto\\\/razer-deathstalker-v2-pro-tenkeyless-linear-optical-switch-us-white-keyboards\\\/#listItem\",\"position\":2,\"name\":\"Razer DeathStalker V2 Pro Tenkeyless - Linear Optical Switch - US - White Keyboards\",\"previousItem\":\"https:\\\/\\\/www.rucashk.com\\\/es\\\/#listItem\"}]},{\"@type\":\"Organization\",\"@id\":\"https:\\\/\\\/www.rucashk.com\\\/es\\\/#organization\",\"name\":\"Rucas\",\"url\":\"https:\\\/\\\/www.rucashk.com\\\/es\\\/\",\"logo\":{\"@type\":\"ImageObject\",\"url\":\"https:\\\/\\\/www.rucashk.com\\\/wp-content\\\/uploads\\\/2023\\\/12\\\/Rucas_campany_logo.png\",\"@id\":\"https:\\\/\\\/www.rucashk.com\\\/es\\\/producto\\\/razer-deathstalker-v2-pro-tenkeyless-linear-optical-switch-us-white-keyboards\\\/#organizationLogo\",\"width\":221,\"height\":65},\"image\":{\"@id\":\"https:\\\/\\\/www.rucashk.com\\\/es\\\/#organizationLogo\"}},{\"@type\":\"Person\",\"@id\":\"https:\\\/\\\/www.rucashk.com\\\/es\\\/author\\\/admin\\\/#author\",\"url\":\"https:\\\/\\\/www.rucashk.com\\\/es\\\/author\\\/admin\\\/\",\"name\":\"admin\",\"image\":{\"@type\":\"ImageObject\",\"@id\":\"https:\\\/\\\/www.rucashk.com\\\/es\\\/producto\\\/razer-deathstalker-v2-pro-tenkeyless-linear-optical-switch-us-white-keyboards\\\/#authorImage\",\"url\":\"https:\\\/\\\/secure.gravatar.com\\\/avatar\\\/b7c8925b09a27e72b30232f8ecaadbd5af0f70a38c78096863fe51b64f031c24?s=96&d=mm&r=g\",\"width\":96,\"height\":96,\"caption\":\"admin\"}},{\"@type\":\"WebPage\",\"@id\":\"https:\\\/\\\/www.rucashk.com\\\/es\\\/producto\\\/razer-deathstalker-v2-pro-tenkeyless-linear-optical-switch-us-white-keyboards\\\/#webpage\",\"url\":\"https:\\\/\\\/www.rucashk.com\\\/es\\\/producto\\\/razer-deathstalker-v2-pro-tenkeyless-linear-optical-switch-us-white-keyboards\\\/\",\"name\":\"Razer DeathStalker V2 Pro Tenkeyless \\u2013 Linear Optical Switch \\u2013 US \\u2013 White Keyboards - Rucas - Wholesale and Distribution\",\"description\":\"Meet the Razer DeathStalker V2 Pro\\u2014a wireless ultra-slim optical keyboard optimized for top-tier performance and durability. Featuring new low-profile switches and Razer\\u2122 HyperSpeed Wireless for ultra-responsive gaming, all housed within a durable, ultra-slim casing for long-lasting ergonomic use.\",\"inLanguage\":\"es-ES\",\"isPartOf\":{\"@id\":\"https:\\\/\\\/www.rucashk.com\\\/es\\\/#website\"},\"breadcrumb\":{\"@id\":\"https:\\\/\\\/www.rucashk.com\\\/es\\\/producto\\\/razer-deathstalker-v2-pro-tenkeyless-linear-optical-switch-us-white-keyboards\\\/#breadcrumblist\"},\"author\":{\"@id\":\"https:\\\/\\\/www.rucashk.com\\\/es\\\/author\\\/admin\\\/#author\"},\"creator\":{\"@id\":\"https:\\\/\\\/www.rucashk.com\\\/es\\\/author\\\/admin\\\/#author\"},\"image\":{\"@type\":\"ImageObject\",\"url\":\"https:\\\/\\\/www.rucashk.com\\\/wp-content\\\/uploads\\\/2024\\\/01\\\/10001-47-1.jpg\",\"@id\":\"https:\\\/\\\/www.rucashk.com\\\/es\\\/producto\\\/razer-deathstalker-v2-pro-tenkeyless-linear-optical-switch-us-white-keyboards\\\/#mainImage\",\"width\":800,\"height\":800},\"primaryImageOfPage\":{\"@id\":\"https:\\\/\\\/www.rucashk.com\\\/es\\\/producto\\\/razer-deathstalker-v2-pro-tenkeyless-linear-optical-switch-us-white-keyboards\\\/#mainImage\"},\"datePublished\":\"2024-01-09T16:43:45+00:00\",\"dateModified\":\"2025-06-21T05:38:34+00:00\"},{\"@type\":\"WebSite\",\"@id\":\"https:\\\/\\\/www.rucashk.com\\\/es\\\/#website\",\"url\":\"https:\\\/\\\/www.rucashk.com\\\/es\\\/\",\"name\":\"Rucas - Wholesale and distribution worldwide\",\"alternateName\":\"Rucas - One-stop AIoT Distribution Worldwide\",\"description\":\"One-stop AIoT Distribution Worldwide\",\"inLanguage\":\"es-ES\",\"publisher\":{\"@id\":\"https:\\\/\\\/www.rucashk.com\\\/es\\\/#organization\"}}]}\n\t\t<\/script>\n\t\t<!-- All in One SEO Pro -->\r\n\t\t<title>Razer DeathStalker V2 Pro Tenkeyless \u2013 Linear Optical Switch \u2013 US \u2013 White Keyboards - Rucas - Wholesale and Distribution<\/title>\n\n","aioseo_head_json":{"title":"Razer DeathStalker V2 Pro Tenkeyless \u2013 Linear Optical Switch \u2013 US \u2013 White Keyboards - Rucas - Wholesale and Distribution","description":"Meet the Razer DeathStalker V2 Pro\u2014a wireless ultra-slim optical keyboard optimized for top-tier performance and durability. Featuring new low-profile switches and Razer\u2122 HyperSpeed Wireless for ultra-responsive gaming, all housed within a durable, ultra-slim casing for long-lasting ergonomic use.","canonical_url":"https:\/\/www.rucashk.com\/es\/producto\/razer-deathstalker-v2-pro-tenkeyless-linear-optical-switch-us-white-keyboards\/","robots":"max-image-preview:large","keywords":"","webmasterTools":{"miscellaneous":""},"og:locale":"es_ES","og:site_name":"Rucas - One-stop AIoT Distribution Worldwide","og:type":"article","og:title":"Razer DeathStalker V2 Pro Tenkeyless \u2013 Linear Optical Switch \u2013 US \u2013 White Keyboards - Rucas - Wholesale and Distribution","og:description":"Meet the Razer DeathStalker V2 Pro\u2014a wireless ultra-slim optical keyboard optimized for top-tier performance and durability. Featuring new low-profile switches and Razer\u2122 HyperSpeed Wireless for ultra-responsive gaming, all housed within a durable, ultra-slim casing for long-lasting ergonomic use.","og:url":"https:\/\/www.rucashk.com\/es\/producto\/razer-deathstalker-v2-pro-tenkeyless-linear-optical-switch-us-white-keyboards\/","og:image":"https:\/\/www.rucashk.com\/wp-content\/uploads\/replace\/503b8e645f128a97ccde2b6290747646.jpeg","og:image:secure_url":"https:\/\/www.rucashk.com\/wp-content\/uploads\/replace\/503b8e645f128a97ccde2b6290747646.jpeg","og:image:width":1456,"og:image:height":816,"article:published_time":"2024-01-09T16:43:45+00:00","article:modified_time":"2025-06-21T05:38:34+00:00","twitter:card":"summary_large_image","twitter:title":"Razer DeathStalker V2 Pro Tenkeyless \u2013 Linear Optical Switch \u2013 US \u2013 White Keyboards - Rucas - Wholesale and Distribution","twitter:description":"Meet the Razer DeathStalker V2 Pro\u2014a wireless ultra-slim optical keyboard optimized for top-tier performance and durability. Featuring new low-profile switches and Razer\u2122 HyperSpeed Wireless for ultra-responsive gaming, all housed within a durable, ultra-slim casing for long-lasting ergonomic use.","twitter:image":"https:\/\/www.rucashk.com\/wp-content\/uploads\/replace\/503b8e645f128a97ccde2b6290747646.jpeg","schema":{"@context":"https:\/\/schema.org","@graph":[{"@type":"BreadcrumbList","@id":"https:\/\/www.rucashk.com\/es\/producto\/razer-deathstalker-v2-pro-tenkeyless-linear-optical-switch-us-white-keyboards\/#breadcrumblist","itemListElement":[{"@type":"ListItem","@id":"https:\/\/www.rucashk.com\/es\/#listItem","position":1,"name":"Home","item":"https:\/\/www.rucashk.com\/es\/","nextItem":"https:\/\/www.rucashk.com\/es\/producto\/razer-deathstalker-v2-pro-tenkeyless-linear-optical-switch-us-white-keyboards\/#listItem"},{"@type":"ListItem","@id":"https:\/\/www.rucashk.com\/es\/producto\/razer-deathstalker-v2-pro-tenkeyless-linear-optical-switch-us-white-keyboards\/#listItem","position":2,"name":"Razer DeathStalker V2 Pro Tenkeyless - Linear Optical Switch - US - White Keyboards","previousItem":"https:\/\/www.rucashk.com\/es\/#listItem"}]},{"@type":"Organization","@id":"https:\/\/www.rucashk.com\/es\/#organization","name":"Rucas","url":"https:\/\/www.rucashk.com\/es\/","logo":{"@type":"ImageObject","url":"https:\/\/www.rucashk.com\/wp-content\/uploads\/2023\/12\/Rucas_campany_logo.png","@id":"https:\/\/www.rucashk.com\/es\/producto\/razer-deathstalker-v2-pro-tenkeyless-linear-optical-switch-us-white-keyboards\/#organizationLogo","width":221,"height":65},"image":{"@id":"https:\/\/www.rucashk.com\/es\/#organizationLogo"}},{"@type":"Person","@id":"https:\/\/www.rucashk.com\/es\/author\/admin\/#author","url":"https:\/\/www.rucashk.com\/es\/author\/admin\/","name":"admin","image":{"@type":"ImageObject","@id":"https:\/\/www.rucashk.com\/es\/producto\/razer-deathstalker-v2-pro-tenkeyless-linear-optical-switch-us-white-keyboards\/#authorImage","url":"https:\/\/secure.gravatar.com\/avatar\/b7c8925b09a27e72b30232f8ecaadbd5af0f70a38c78096863fe51b64f031c24?s=96&d=mm&r=g","width":96,"height":96,"caption":"admin"}},{"@type":"WebPage","@id":"https:\/\/www.rucashk.com\/es\/producto\/razer-deathstalker-v2-pro-tenkeyless-linear-optical-switch-us-white-keyboards\/#webpage","url":"https:\/\/www.rucashk.com\/es\/producto\/razer-deathstalker-v2-pro-tenkeyless-linear-optical-switch-us-white-keyboards\/","name":"Razer DeathStalker V2 Pro Tenkeyless \u2013 Linear Optical Switch \u2013 US \u2013 White Keyboards - Rucas - Wholesale and Distribution","description":"Meet the Razer DeathStalker V2 Pro\u2014a wireless ultra-slim optical keyboard optimized for top-tier performance and durability. Featuring new low-profile switches and Razer\u2122 HyperSpeed Wireless for ultra-responsive gaming, all housed within a durable, ultra-slim casing for long-lasting ergonomic use.","inLanguage":"es-ES","isPartOf":{"@id":"https:\/\/www.rucashk.com\/es\/#website"},"breadcrumb":{"@id":"https:\/\/www.rucashk.com\/es\/producto\/razer-deathstalker-v2-pro-tenkeyless-linear-optical-switch-us-white-keyboards\/#breadcrumblist"},"author":{"@id":"https:\/\/www.rucashk.com\/es\/author\/admin\/#author"},"creator":{"@id":"https:\/\/www.rucashk.com\/es\/author\/admin\/#author"},"image":{"@type":"ImageObject","url":"https:\/\/www.rucashk.com\/wp-content\/uploads\/2024\/01\/10001-47-1.jpg","@id":"https:\/\/www.rucashk.com\/es\/producto\/razer-deathstalker-v2-pro-tenkeyless-linear-optical-switch-us-white-keyboards\/#mainImage","width":800,"height":800},"primaryImageOfPage":{"@id":"https:\/\/www.rucashk.com\/es\/producto\/razer-deathstalker-v2-pro-tenkeyless-linear-optical-switch-us-white-keyboards\/#mainImage"},"datePublished":"2024-01-09T16:43:45+00:00","dateModified":"2025-06-21T05:38:34+00:00"},{"@type":"WebSite","@id":"https:\/\/www.rucashk.com\/es\/#website","url":"https:\/\/www.rucashk.com\/es\/","name":"Rucas - Wholesale and distribution worldwide","alternateName":"Rucas - One-stop AIoT Distribution Worldwide","description":"One-stop AIoT Distribution Worldwide","inLanguage":"es-ES","publisher":{"@id":"https:\/\/www.rucashk.com\/es\/#organization"}}]}},"aioseo_meta_data":{"post_id":"27668","title":null,"description":null,"keywords":null,"keyphrases":null,"primary_term":null,"canonical_url":null,"og_title":null,"og_description":null,"og_object_type":"default","og_image_type":"default","og_image_url":null,"og_image_width":null,"og_image_height":null,"og_image_custom_url":null,"og_image_custom_fields":null,"og_video":"","og_custom_url":null,"og_article_section":null,"og_article_tags":null,"twitter_use_og":false,"twitter_card":"default","twitter_image_type":"default","twitter_image_url":null,"twitter_image_custom_url":null,"twitter_image_custom_fields":null,"twitter_title":null,"twitter_description":null,"schema":{"blockGraphs":[],"customGraphs":[],"default":{"data":{"Article":[],"Course":[],"Dataset":[],"FAQPage":[],"Movie":[],"Person":[],"Product":[],"Recipe":[],"Service":[],"SoftwareApplication":[],"WebPage":[]},"graphName":"","isEnabled":true},"graphs":[]},"schema_type":"default","schema_type_options":null,"pillar_content":false,"robots_default":true,"robots_noindex":false,"robots_noarchive":false,"robots_nosnippet":false,"robots_nofollow":false,"robots_noimageindex":false,"robots_noodp":false,"robots_notranslate":false,"robots_max_snippet":"-1","robots_max_videopreview":"-1","robots_max_imagepreview":"large","priority":null,"frequency":"default","local_seo":null,"breadcrumb_settings":null,"limit_modified_date":false,"created":"2024-04-11 01:57:22","updated":"2025-06-22 18:40:57"},"aioseo_breadcrumb":"<div class=\"aioseo-breadcrumbs\"><span class=\"aioseo-breadcrumb\">\n\t<a href=\"https:\/\/www.rucashk.com\/es\" title=\"Home\">Home<\/a>\n<\/span><span class=\"aioseo-breadcrumb-separator\">&raquo;<\/span><span class=\"aioseo-breadcrumb\">\n\t<a href=\"https:\/\/www.rucashk.com\/es\/products\/\" title=\"Productos\">Productos<\/a>\n<\/span><span class=\"aioseo-breadcrumb-separator\">&raquo;<\/span><span class=\"aioseo-breadcrumb\">\n\t<a href=\"https:\/\/www.rucashk.com\/es\/marca\/razer\/\" title=\"Razer\">Razer<\/a>\n<\/span><span class=\"aioseo-breadcrumb-separator\">&raquo;<\/span><span class=\"aioseo-breadcrumb\">\n\tRazer DeathStalker V2 Pro Tenkeyless \u2013 Linear Optical Switch \u2013 US \u2013 White Keyboards\n<\/span><\/div>","aioseo_breadcrumb_json":[{"label":"Home","link":"https:\/\/www.rucashk.com\/es"},{"label":"Productos","link":"https:\/\/www.rucashk.com\/es\/products\/"},{"label":"Razer","link":"https:\/\/www.rucashk.com\/es\/marca\/razer\/"},{"label":"Razer DeathStalker V2 Pro Tenkeyless &#8211; Linear Optical Switch &#8211; US &#8211; White Keyboards","link":"https:\/\/www.rucashk.com\/es\/producto\/razer-deathstalker-v2-pro-tenkeyless-linear-optical-switch-us-white-keyboards\/"}],"_links":{"self":[{"href":"https:\/\/www.rucashk.com\/es\/wp-json\/wp\/v2\/product\/27668","targetHints":{"allow":["GET"]}}],"collection":[{"href":"https:\/\/www.rucashk.com\/es\/wp-json\/wp\/v2\/product"}],"about":[{"href":"https:\/\/www.rucashk.com\/es\/wp-json\/wp\/v2\/types\/product"}],"wp:featuredmedia":[{"embeddable":true,"href":"https:\/\/www.rucashk.com\/es\/wp-json\/wp\/v2\/media\/27824"}],"wp:attachment":[{"href":"https:\/\/www.rucashk.com\/es\/wp-json\/wp\/v2\/media?parent=27668"}],"wp:term":[{"taxonomy":"product_brand","embeddable":true,"href":"https:\/\/www.rucashk.com\/es\/wp-json\/wp\/v2\/product_brand?post=27668"},{"taxonomy":"product_cat","embeddable":true,"href":"https:\/\/www.rucashk.com\/es\/wp-json\/wp\/v2\/product_cat?post=27668"},{"taxonomy":"product_tag","embeddable":true,"href":"https:\/\/www.rucashk.com\/es\/wp-json\/wp\/v2\/product_tag?post=27668"}],"curies":[{"name":"wp","href":"https:\/\/api.w.org\/{rel}","templated":true}]}}