{"id":27667,"date":"2024-01-09T16:43:45","date_gmt":"2024-01-09T16:43:45","guid":{"rendered":"http:\/\/rucashk.com\/?post_type=product&#038;p=27667"},"modified":"2025-06-21T05:38:24","modified_gmt":"2025-06-21T05:38:24","slug":"razer-huntsman-mini-analog-us-keyboards","status":"publish","type":"product","link":"https:\/\/www.rucashk.com\/es\/producto\/razer-huntsman-mini-analog-us-keyboards\/","title":{"rendered":"Razer Huntsman Mini Analog \u2013 Teclados de EE. UU."},"content":{"rendered":"<p align=\"center\" data-spm-anchor-id=\"a2g0o.detail.1000023.i0.3561fVZsfVZstY\"><strong>RAZER HUNTSMAN V3 PRO MINI<\/strong><\/p>\n<p align=\"center\">PARA EL PROFESIONAL<\/p>\n<p align=\"center\">Experimente una respuesta sin rival en una escala que nunca antes hab\u00eda conocido con el Razer Huntsman V3 Pro Mini, un teclado 60% que incluye nuestros \u00faltimos interruptores \u00f3pticos anal\u00f3gicos. Equipado con accionamiento ajustable y modo de disparo r\u00e1pido para entradas repetidas ultrarr\u00e1pidas, obtenga la velocidad que necesita para llegar a la cima.<\/p>\n<p><img decoding=\"async\" alt=\"Razer Huntsman Mini Analog - US Keyboards\" class=\"aligncenter\" src=\"\/wp-content\/uploads\/replace\/5799740d836c9fc579134121b9f416f6.jpeg\" \/><\/p>\n<p align=\"center\"><strong>INTERRUPTORES \u00d3PTICOS ANAL\u00d3GICOS RAZER\u2122 GEN-2<\/strong><\/p>\n<p align=\"center\">Gatillo r\u00e1pido y actuaci\u00f3n ajustable.<\/p>\n<p align=\"center\">Maximice la precisi\u00f3n y la respuesta con un mini teclado que incluye nuestros interruptores m\u00e1s avanzados, incluido Rapid Trigger para entradas repetidas ultrarr\u00e1pidas, un rango de actuaci\u00f3n ajustable de 0,1 a 4,0 mm y una vida \u00fatil de 100 millones de pulsaciones.<\/p>\n<p><img decoding=\"async\" alt=\"Razer Huntsman Mini Analog - US Keyboards\" class=\"aligncenter\" src=\"\/wp-content\/uploads\/replace\/2e3c24d9f55cdb50bbb875c9de439f60.jpeg\" \/><\/p>\n<p>&nbsp;<\/p>\n<p style=\"text-align: center\"><strong>Gatillo ajustable<\/strong><br \/>\nPersonaliza tu experiencia de juego<br \/>\nA diferencia de los teclados tradicionales que solo pueden ejecutar un comando por disparador, el eje \u00f3ptico de simulaci\u00f3n Razer \u2122 Thundersnake permite ejecutar m\u00faltiples comandos con una sola pulsaci\u00f3n de tecla. Al detectar la profundidad a la que se presiona una tecla, el eje \u00f3ptico simulado puede ejecutar diferentes comandos dependiendo de la profundidad del disparador.<\/p>\n<p>&nbsp;<\/p>\n<p><img decoding=\"async\" alt=\"Razer Huntsman Mini Analog - US Keyboards\" class=\"aligncenter\" src=\"\/wp-content\/uploads\/replace\/462783cd3b8229b9539457e66171cb11.jpeg\" \/><\/p>\n<p align=\"center\"><strong>TECLAS MODIFICADORAS DE DOBLE PROP\u00d3SITO<\/strong><\/p>\n<p align=\"center\">Para funcionalidad de tecla de flecha de 4 direcciones<\/p>\n<p align=\"center\">Las teclas modificadoras de la parte inferior derecha de este peque\u00f1o teclado para juegos se duplican como teclas de flecha cuando se tocan, lo que brinda una navegaci\u00f3n conveniente que generalmente solo se puede obtener con factores de forma m\u00e1s grandes.<\/p>\n<p><img decoding=\"async\" alt=\"Razer Huntsman Mini Analog - US Keyboards\" class=\"aligncenter\" src=\"\/wp-content\/uploads\/replace\/1c7c14dce47f9bd1dbb6e11f65dd2a1f.jpeg\" \/><\/p>\n<p align=\"center\"><strong>TECLAS PBT DOBLE DISPARO TEXTURIZADAS<\/strong><\/p>\n<p align=\"center\">Con funciones secundarias impresas en los laterales<\/p>\n<p align=\"center\">M\u00e1s duraderas que las teclas normales, su dise\u00f1o resistente al brillo y sus leyendas resistentes a la decoloraci\u00f3n son ideales para un juego competitivo intenso, y se completan con funciones secundarias impresas en los laterales para una f\u00e1cil referencia visual.<\/p>\n<p><img decoding=\"async\" alt=\"Razer Huntsman Mini Analog - US Keyboards\" class=\"aligncenter\" src=\"\/wp-content\/uploads\/replace\/23f6b5f528e90d44918e4f0003ff5b7c.jpeg\" \/><\/p>\n<p align=\"center\"><strong>FACTOR DE FORMA COMPACTO 60%<\/strong><\/p>\n<p align=\"center\">Experiencia de juego port\u00e1til y optimizada<\/p>\n<p align=\"center\">Dise\u00f1ado para un f\u00e1cil posicionamiento y m\u00e1ximo espacio para maniobrar el mouse, el dise\u00f1o compacto del peque\u00f1o teclado para juegos tambi\u00e9n es incre\u00edblemente port\u00e1til, lo que lo convierte en la elecci\u00f3n perfecta para llevar a torneos fuera de l\u00ednea.<\/p>\n<p><img decoding=\"async\" alt=\"Razer Huntsman Mini Analog - US Keyboards\" class=\"aligncenter\" src=\"\/wp-content\/uploads\/replace\/32ff9ab6c8caf65c1596cd2a3d77f8cb.jpeg\" \/><\/p>\n<p>&nbsp;<\/p>\n<div class=\"title--wrap--wDzGayX\">\n<div class=\"title--text--Lx66GPw\">\n<h1 class=\"title--title--RN9Pt03\">Especificaciones<\/h1>\n<\/div>\n<\/div>\n<ul class=\"specification--list--fiWsSyv\">\n<li class=\"specification--line--iUJOqof\">\n<div class=\"specification--prop--RejitI8\">\n<div class=\"specification--title--UbVeyic\">Material de la tecla: pl\u00e1stico PBT<\/div>\n<\/div>\n<div class=\"specification--prop--RejitI8\">\n<div class=\"specification--title--UbVeyic\">Teclado de tama\u00f1o completo: No<\/div>\n<\/div>\n<\/li>\n<li class=\"specification--line--iUJOqof\">\n<div class=\"specification--prop--RejitI8\">\n<div class=\"specification--title--UbVeyic\">Soporte de mu\u00f1eca: No<\/div>\n<\/div>\n<div class=\"specification--prop--RejitI8\">\n<div class=\"specification--title--UbVeyic\">Estilo: Delgado<\/div>\n<\/div>\n<\/li>\n<li class=\"specification--line--iUJOqof\">\n<div class=\"specification--prop--RejitI8\">\n<div class=\"specification--title--UbVeyic\">Tipo de interfaz: USB<\/div>\n<\/div>\n<div class=\"specification--prop--RejitI8\">\n<div class=\"specification--title--UbVeyic\">Estilo de operaci\u00f3n: Mec\u00e1nico<\/div>\n<\/div>\n<\/li>\n<li class=\"specification--line--iUJOqof\">\n<div class=\"specification--prop--RejitI8\">\n<div class=\"specification--title--UbVeyic\">Idioma: ingl\u00e9s<\/div>\n<\/div>\n<div class=\"specification--prop--RejitI8\">\n<div class=\"specification--title--UbVeyic\">Est\u00e1ndar de teclado: 61 teclas<\/div>\n<\/div>\n<\/li>\n<li class=\"specification--line--iUJOqof\">\n<div class=\"specification--prop--RejitI8\">\n<div class=\"specification--title--UbVeyic\">Aplicaci\u00f3n: Escritorio,Port\u00e1til<\/div>\n<\/div>\n<div class=\"specification--prop--RejitI8\">\n<div class=\"specification--title--UbVeyic\">Tipo: CABLEADO<\/div>\n<\/div>\n<\/li>\n<li class=\"specification--line--iUJOqof\">\n<div class=\"specification--prop--RejitI8\">\n<div class=\"specification--title--UbVeyic\">Nombre de la marca: Razer<\/div>\n<\/div>\n<div class=\"specification--prop--RejitI8\">\n<div class=\"specification--title--UbVeyic\">Origen: China continental<\/div>\n<\/div>\n<\/li>\n<li class=\"specification--line--iUJOqof\">\n<div class=\"specification--prop--RejitI8\">\n<div class=\"specification--title--UbVeyic\">Certificaci\u00f3n: CE<\/div>\n<\/div>\n<\/li>\n<\/ul>","protected":false},"excerpt":{"rendered":"<p>Thundersnake Hunting Soul Light Spider Simulation Optical Axis Mini Edition<br \/>\nSmaller shape, greater accuracy<br \/>\nWith this smaller keyboard, the Thundersnake Hunting Soul Light Spider Simulation Optical Axis Mini Edition, you can dominate the game with its excellent control. We are introducing the first mini game keyboard equipped with a Razer Thundersnake simulation optical axis (60% of the standard size). This is a compact portable winning weapon that achieves excellent operation.<\/p>","protected":false},"featured_media":27818,"template":"","meta":[],"product_brand":[1379],"product_cat":[1322,1331],"product_tag":[],"class_list":{"0":"post-27667","1":"product","2":"type-product","3":"status-publish","4":"has-post-thumbnail","6":"product_brand-razer","7":"product_cat-other-a-brands","8":"product_cat-razer-other-a-brands","10":"first","11":"instock","12":"shipping-taxable","13":"product-type-simple"},"aioseo_notices":[],"aioseo_head":"\n\t\t<!-- All in One SEO Pro 4.5.9.2 - aioseo.com -->\n\t\t<meta name=\"description\" content=\"Thundersnake Hunting Soul Light Spider Simulation Optical Axis Mini Edition Smaller shape, greater accuracy With this smaller keyboard, the Thundersnake Hunting Soul Light Spider Simulation Optical Axis Mini Edition, you can dominate the game with its excellent control. We are introducing the first mini game keyboard equipped with a Razer Thundersnake simulation optical axis (60% of the standard size). This is a compact portable winning weapon that achieves excellent operation.\" \/>\n\t\t<meta name=\"robots\" content=\"max-image-preview:large\" \/>\n\t\t<link rel=\"canonical\" href=\"https:\/\/www.rucashk.com\/es\/producto\/razer-huntsman-mini-analog-us-keyboards\/\" \/>\n\t\t<meta name=\"generator\" content=\"All in One SEO Pro (AIOSEO) 4.5.9.2\" \/>\n\t\t<meta property=\"og:locale\" content=\"es_ES\" \/>\n\t\t<meta property=\"og:site_name\" content=\"Rucas - One-stop AIoT Distribution Worldwide\" \/>\n\t\t<meta property=\"og:type\" content=\"article\" \/>\n\t\t<meta property=\"og:title\" content=\"Razer Huntsman Mini Analog \u2013 US Keyboards - Rucas - Wholesale and Distribution\" \/>\n\t\t<meta property=\"og:description\" content=\"Thundersnake Hunting Soul Light Spider Simulation Optical Axis Mini Edition Smaller shape, greater accuracy With this smaller keyboard, the Thundersnake Hunting Soul Light Spider Simulation Optical Axis Mini Edition, you can dominate the game with its excellent control. We are introducing the first mini game keyboard equipped with a Razer Thundersnake simulation optical axis (60% of the standard size). This is a compact portable winning weapon that achieves excellent operation.\" \/>\n\t\t<meta property=\"og:url\" content=\"https:\/\/www.rucashk.com\/es\/producto\/razer-huntsman-mini-analog-us-keyboards\/\" \/>\n\t\t<meta property=\"og:image\" content=\"https:\/\/www.rucashk.com\/wp-content\/uploads\/replace\/503b8e645f128a97ccde2b6290747646.jpeg\" \/>\n\t\t<meta property=\"og:image:secure_url\" content=\"https:\/\/www.rucashk.com\/wp-content\/uploads\/replace\/503b8e645f128a97ccde2b6290747646.jpeg\" \/>\n\t\t<meta property=\"og:image:width\" content=\"1456\" \/>\n\t\t<meta property=\"og:image:height\" content=\"816\" \/>\n\t\t<meta property=\"article:published_time\" content=\"2024-01-09T16:43:45+00:00\" \/>\n\t\t<meta property=\"article:modified_time\" content=\"2025-06-21T05:38:24+00:00\" \/>\n\t\t<meta name=\"twitter:card\" content=\"summary_large_image\" \/>\n\t\t<meta name=\"twitter:title\" content=\"Razer Huntsman Mini Analog \u2013 US Keyboards - Rucas - Wholesale and Distribution\" \/>\n\t\t<meta name=\"twitter:description\" content=\"Thundersnake Hunting Soul Light Spider Simulation Optical Axis Mini Edition Smaller shape, greater accuracy With this smaller keyboard, the Thundersnake Hunting Soul Light Spider Simulation Optical Axis Mini Edition, you can dominate the game with its excellent control. We are introducing the first mini game keyboard equipped with a Razer Thundersnake simulation optical axis (60% of the standard size). This is a compact portable winning weapon that achieves excellent operation.\" \/>\n\t\t<meta name=\"twitter:image\" content=\"https:\/\/www.rucashk.com\/wp-content\/uploads\/replace\/503b8e645f128a97ccde2b6290747646.jpeg\" \/>\n\t\t<script type=\"application\/ld+json\" class=\"aioseo-schema\">\n\t\t\t{\"@context\":\"https:\\\/\\\/schema.org\",\"@graph\":[{\"@type\":\"BreadcrumbList\",\"@id\":\"https:\\\/\\\/www.rucashk.com\\\/es\\\/producto\\\/razer-huntsman-mini-analog-us-keyboards\\\/#breadcrumblist\",\"itemListElement\":[{\"@type\":\"ListItem\",\"@id\":\"https:\\\/\\\/www.rucashk.com\\\/es\\\/#listItem\",\"position\":1,\"name\":\"Home\",\"item\":\"https:\\\/\\\/www.rucashk.com\\\/es\\\/\",\"nextItem\":\"https:\\\/\\\/www.rucashk.com\\\/es\\\/producto\\\/razer-huntsman-mini-analog-us-keyboards\\\/#listItem\"},{\"@type\":\"ListItem\",\"@id\":\"https:\\\/\\\/www.rucashk.com\\\/es\\\/producto\\\/razer-huntsman-mini-analog-us-keyboards\\\/#listItem\",\"position\":2,\"name\":\"Razer Huntsman Mini Analog - US Keyboards\",\"previousItem\":\"https:\\\/\\\/www.rucashk.com\\\/es\\\/#listItem\"}]},{\"@type\":\"Organization\",\"@id\":\"https:\\\/\\\/www.rucashk.com\\\/es\\\/#organization\",\"name\":\"Rucas\",\"url\":\"https:\\\/\\\/www.rucashk.com\\\/es\\\/\",\"logo\":{\"@type\":\"ImageObject\",\"url\":\"https:\\\/\\\/www.rucashk.com\\\/wp-content\\\/uploads\\\/2023\\\/12\\\/Rucas_campany_logo.png\",\"@id\":\"https:\\\/\\\/www.rucashk.com\\\/es\\\/producto\\\/razer-huntsman-mini-analog-us-keyboards\\\/#organizationLogo\",\"width\":221,\"height\":65},\"image\":{\"@id\":\"https:\\\/\\\/www.rucashk.com\\\/es\\\/#organizationLogo\"}},{\"@type\":\"Person\",\"@id\":\"https:\\\/\\\/www.rucashk.com\\\/es\\\/author\\\/admin\\\/#author\",\"url\":\"https:\\\/\\\/www.rucashk.com\\\/es\\\/author\\\/admin\\\/\",\"name\":\"admin\",\"image\":{\"@type\":\"ImageObject\",\"@id\":\"https:\\\/\\\/www.rucashk.com\\\/es\\\/producto\\\/razer-huntsman-mini-analog-us-keyboards\\\/#authorImage\",\"url\":\"https:\\\/\\\/secure.gravatar.com\\\/avatar\\\/b7c8925b09a27e72b30232f8ecaadbd5af0f70a38c78096863fe51b64f031c24?s=96&d=mm&r=g\",\"width\":96,\"height\":96,\"caption\":\"admin\"}},{\"@type\":\"WebPage\",\"@id\":\"https:\\\/\\\/www.rucashk.com\\\/es\\\/producto\\\/razer-huntsman-mini-analog-us-keyboards\\\/#webpage\",\"url\":\"https:\\\/\\\/www.rucashk.com\\\/es\\\/producto\\\/razer-huntsman-mini-analog-us-keyboards\\\/\",\"name\":\"Razer Huntsman Mini Analog \\u2013 US Keyboards - Rucas - Wholesale and Distribution\",\"description\":\"Thundersnake Hunting Soul Light Spider Simulation Optical Axis Mini Edition Smaller shape, greater accuracy With this smaller keyboard, the Thundersnake Hunting Soul Light Spider Simulation Optical Axis Mini Edition, you can dominate the game with its excellent control. We are introducing the first mini game keyboard equipped with a Razer Thundersnake simulation optical axis (60% of the standard size). This is a compact portable winning weapon that achieves excellent operation.\",\"inLanguage\":\"es-ES\",\"isPartOf\":{\"@id\":\"https:\\\/\\\/www.rucashk.com\\\/es\\\/#website\"},\"breadcrumb\":{\"@id\":\"https:\\\/\\\/www.rucashk.com\\\/es\\\/producto\\\/razer-huntsman-mini-analog-us-keyboards\\\/#breadcrumblist\"},\"author\":{\"@id\":\"https:\\\/\\\/www.rucashk.com\\\/es\\\/author\\\/admin\\\/#author\"},\"creator\":{\"@id\":\"https:\\\/\\\/www.rucashk.com\\\/es\\\/author\\\/admin\\\/#author\"},\"image\":{\"@type\":\"ImageObject\",\"url\":\"https:\\\/\\\/www.rucashk.com\\\/wp-content\\\/uploads\\\/2024\\\/01\\\/10001-46-1.jpg\",\"@id\":\"https:\\\/\\\/www.rucashk.com\\\/es\\\/producto\\\/razer-huntsman-mini-analog-us-keyboards\\\/#mainImage\",\"width\":800,\"height\":800},\"primaryImageOfPage\":{\"@id\":\"https:\\\/\\\/www.rucashk.com\\\/es\\\/producto\\\/razer-huntsman-mini-analog-us-keyboards\\\/#mainImage\"},\"datePublished\":\"2024-01-09T16:43:45+00:00\",\"dateModified\":\"2025-06-21T05:38:24+00:00\"},{\"@type\":\"WebSite\",\"@id\":\"https:\\\/\\\/www.rucashk.com\\\/es\\\/#website\",\"url\":\"https:\\\/\\\/www.rucashk.com\\\/es\\\/\",\"name\":\"Rucas - Wholesale and distribution worldwide\",\"alternateName\":\"Rucas - One-stop AIoT Distribution Worldwide\",\"description\":\"One-stop AIoT Distribution Worldwide\",\"inLanguage\":\"es-ES\",\"publisher\":{\"@id\":\"https:\\\/\\\/www.rucashk.com\\\/es\\\/#organization\"}}]}\n\t\t<\/script>\n\t\t<!-- All in One SEO Pro -->\r\n\t\t<title>Razer Huntsman Mini Analog \u2013 US Keyboards - Rucas - Wholesale and Distribution<\/title>\n\n","aioseo_head_json":{"title":"Razer Huntsman Mini Analog \u2013 US Keyboards - Rucas - Wholesale and Distribution","description":"Thundersnake Hunting Soul Light Spider Simulation Optical Axis Mini Edition Smaller shape, greater accuracy With this smaller keyboard, the Thundersnake Hunting Soul Light Spider Simulation Optical Axis Mini Edition, you can dominate the game with its excellent control. We are introducing the first mini game keyboard equipped with a Razer Thundersnake simulation optical axis (60% of the standard size). This is a compact portable winning weapon that achieves excellent operation.","canonical_url":"https:\/\/www.rucashk.com\/es\/producto\/razer-huntsman-mini-analog-us-keyboards\/","robots":"max-image-preview:large","keywords":"","webmasterTools":{"miscellaneous":""},"og:locale":"es_ES","og:site_name":"Rucas - One-stop AIoT Distribution Worldwide","og:type":"article","og:title":"Razer Huntsman Mini Analog \u2013 US Keyboards - Rucas - Wholesale and Distribution","og:description":"Thundersnake Hunting Soul Light Spider Simulation Optical Axis Mini Edition Smaller shape, greater accuracy With this smaller keyboard, the Thundersnake Hunting Soul Light Spider Simulation Optical Axis Mini Edition, you can dominate the game with its excellent control. We are introducing the first mini game keyboard equipped with a Razer Thundersnake simulation optical axis (60% of the standard size). This is a compact portable winning weapon that achieves excellent operation.","og:url":"https:\/\/www.rucashk.com\/es\/producto\/razer-huntsman-mini-analog-us-keyboards\/","og:image":"https:\/\/www.rucashk.com\/wp-content\/uploads\/replace\/503b8e645f128a97ccde2b6290747646.jpeg","og:image:secure_url":"https:\/\/www.rucashk.com\/wp-content\/uploads\/replace\/503b8e645f128a97ccde2b6290747646.jpeg","og:image:width":1456,"og:image:height":816,"article:published_time":"2024-01-09T16:43:45+00:00","article:modified_time":"2025-06-21T05:38:24+00:00","twitter:card":"summary_large_image","twitter:title":"Razer Huntsman Mini Analog \u2013 US Keyboards - Rucas - Wholesale and Distribution","twitter:description":"Thundersnake Hunting Soul Light Spider Simulation Optical Axis Mini Edition Smaller shape, greater accuracy With this smaller keyboard, the Thundersnake Hunting Soul Light Spider Simulation Optical Axis Mini Edition, you can dominate the game with its excellent control. We are introducing the first mini game keyboard equipped with a Razer Thundersnake simulation optical axis (60% of the standard size). This is a compact portable winning weapon that achieves excellent operation.","twitter:image":"https:\/\/www.rucashk.com\/wp-content\/uploads\/replace\/503b8e645f128a97ccde2b6290747646.jpeg","schema":{"@context":"https:\/\/schema.org","@graph":[{"@type":"BreadcrumbList","@id":"https:\/\/www.rucashk.com\/es\/producto\/razer-huntsman-mini-analog-us-keyboards\/#breadcrumblist","itemListElement":[{"@type":"ListItem","@id":"https:\/\/www.rucashk.com\/es\/#listItem","position":1,"name":"Home","item":"https:\/\/www.rucashk.com\/es\/","nextItem":"https:\/\/www.rucashk.com\/es\/producto\/razer-huntsman-mini-analog-us-keyboards\/#listItem"},{"@type":"ListItem","@id":"https:\/\/www.rucashk.com\/es\/producto\/razer-huntsman-mini-analog-us-keyboards\/#listItem","position":2,"name":"Razer Huntsman Mini Analog - US Keyboards","previousItem":"https:\/\/www.rucashk.com\/es\/#listItem"}]},{"@type":"Organization","@id":"https:\/\/www.rucashk.com\/es\/#organization","name":"Rucas","url":"https:\/\/www.rucashk.com\/es\/","logo":{"@type":"ImageObject","url":"https:\/\/www.rucashk.com\/wp-content\/uploads\/2023\/12\/Rucas_campany_logo.png","@id":"https:\/\/www.rucashk.com\/es\/producto\/razer-huntsman-mini-analog-us-keyboards\/#organizationLogo","width":221,"height":65},"image":{"@id":"https:\/\/www.rucashk.com\/es\/#organizationLogo"}},{"@type":"Person","@id":"https:\/\/www.rucashk.com\/es\/author\/admin\/#author","url":"https:\/\/www.rucashk.com\/es\/author\/admin\/","name":"admin","image":{"@type":"ImageObject","@id":"https:\/\/www.rucashk.com\/es\/producto\/razer-huntsman-mini-analog-us-keyboards\/#authorImage","url":"https:\/\/secure.gravatar.com\/avatar\/b7c8925b09a27e72b30232f8ecaadbd5af0f70a38c78096863fe51b64f031c24?s=96&d=mm&r=g","width":96,"height":96,"caption":"admin"}},{"@type":"WebPage","@id":"https:\/\/www.rucashk.com\/es\/producto\/razer-huntsman-mini-analog-us-keyboards\/#webpage","url":"https:\/\/www.rucashk.com\/es\/producto\/razer-huntsman-mini-analog-us-keyboards\/","name":"Razer Huntsman Mini Analog \u2013 US Keyboards - Rucas - Wholesale and Distribution","description":"Thundersnake Hunting Soul Light Spider Simulation Optical Axis Mini Edition Smaller shape, greater accuracy With this smaller keyboard, the Thundersnake Hunting Soul Light Spider Simulation Optical Axis Mini Edition, you can dominate the game with its excellent control. We are introducing the first mini game keyboard equipped with a Razer Thundersnake simulation optical axis (60% of the standard size). This is a compact portable winning weapon that achieves excellent operation.","inLanguage":"es-ES","isPartOf":{"@id":"https:\/\/www.rucashk.com\/es\/#website"},"breadcrumb":{"@id":"https:\/\/www.rucashk.com\/es\/producto\/razer-huntsman-mini-analog-us-keyboards\/#breadcrumblist"},"author":{"@id":"https:\/\/www.rucashk.com\/es\/author\/admin\/#author"},"creator":{"@id":"https:\/\/www.rucashk.com\/es\/author\/admin\/#author"},"image":{"@type":"ImageObject","url":"https:\/\/www.rucashk.com\/wp-content\/uploads\/2024\/01\/10001-46-1.jpg","@id":"https:\/\/www.rucashk.com\/es\/producto\/razer-huntsman-mini-analog-us-keyboards\/#mainImage","width":800,"height":800},"primaryImageOfPage":{"@id":"https:\/\/www.rucashk.com\/es\/producto\/razer-huntsman-mini-analog-us-keyboards\/#mainImage"},"datePublished":"2024-01-09T16:43:45+00:00","dateModified":"2025-06-21T05:38:24+00:00"},{"@type":"WebSite","@id":"https:\/\/www.rucashk.com\/es\/#website","url":"https:\/\/www.rucashk.com\/es\/","name":"Rucas - Wholesale and distribution worldwide","alternateName":"Rucas - One-stop AIoT Distribution Worldwide","description":"One-stop AIoT Distribution Worldwide","inLanguage":"es-ES","publisher":{"@id":"https:\/\/www.rucashk.com\/es\/#organization"}}]}},"aioseo_meta_data":{"post_id":"27667","title":null,"description":null,"keywords":null,"keyphrases":null,"primary_term":null,"canonical_url":null,"og_title":null,"og_description":null,"og_object_type":"default","og_image_type":"default","og_image_url":null,"og_image_width":null,"og_image_height":null,"og_image_custom_url":null,"og_image_custom_fields":null,"og_video":"","og_custom_url":null,"og_article_section":null,"og_article_tags":null,"twitter_use_og":false,"twitter_card":"default","twitter_image_type":"default","twitter_image_url":null,"twitter_image_custom_url":null,"twitter_image_custom_fields":null,"twitter_title":null,"twitter_description":null,"schema":{"blockGraphs":[],"customGraphs":[],"default":{"data":{"Article":[],"Course":[],"Dataset":[],"FAQPage":[],"Movie":[],"Person":[],"Product":[],"Recipe":[],"Service":[],"SoftwareApplication":[],"WebPage":[]},"graphName":"","isEnabled":true},"graphs":[]},"schema_type":"default","schema_type_options":null,"pillar_content":false,"robots_default":true,"robots_noindex":false,"robots_noarchive":false,"robots_nosnippet":false,"robots_nofollow":false,"robots_noimageindex":false,"robots_noodp":false,"robots_notranslate":false,"robots_max_snippet":"-1","robots_max_videopreview":"-1","robots_max_imagepreview":"large","priority":null,"frequency":"default","local_seo":null,"breadcrumb_settings":null,"limit_modified_date":false,"created":"2024-04-11 01:57:22","updated":"2025-06-22 18:40:56"},"aioseo_breadcrumb":"<div class=\"aioseo-breadcrumbs\"><span class=\"aioseo-breadcrumb\">\n\t<a href=\"https:\/\/www.rucashk.com\/es\" title=\"Home\">Home<\/a>\n<\/span><span class=\"aioseo-breadcrumb-separator\">&raquo;<\/span><span class=\"aioseo-breadcrumb\">\n\t<a href=\"https:\/\/www.rucashk.com\/es\/products\/\" title=\"Productos\">Productos<\/a>\n<\/span><span class=\"aioseo-breadcrumb-separator\">&raquo;<\/span><span class=\"aioseo-breadcrumb\">\n\t<a href=\"https:\/\/www.rucashk.com\/es\/marca\/razer\/\" title=\"Razer\">Razer<\/a>\n<\/span><span class=\"aioseo-breadcrumb-separator\">&raquo;<\/span><span class=\"aioseo-breadcrumb\">\n\tRazer Huntsman Mini Analog \u2013 US Keyboards\n<\/span><\/div>","aioseo_breadcrumb_json":[{"label":"Home","link":"https:\/\/www.rucashk.com\/es"},{"label":"Productos","link":"https:\/\/www.rucashk.com\/es\/products\/"},{"label":"Razer","link":"https:\/\/www.rucashk.com\/es\/marca\/razer\/"},{"label":"Razer Huntsman Mini Analog &#8211; US Keyboards","link":"https:\/\/www.rucashk.com\/es\/producto\/razer-huntsman-mini-analog-us-keyboards\/"}],"_links":{"self":[{"href":"https:\/\/www.rucashk.com\/es\/wp-json\/wp\/v2\/product\/27667","targetHints":{"allow":["GET"]}}],"collection":[{"href":"https:\/\/www.rucashk.com\/es\/wp-json\/wp\/v2\/product"}],"about":[{"href":"https:\/\/www.rucashk.com\/es\/wp-json\/wp\/v2\/types\/product"}],"wp:featuredmedia":[{"embeddable":true,"href":"https:\/\/www.rucashk.com\/es\/wp-json\/wp\/v2\/media\/27818"}],"wp:attachment":[{"href":"https:\/\/www.rucashk.com\/es\/wp-json\/wp\/v2\/media?parent=27667"}],"wp:term":[{"taxonomy":"product_brand","embeddable":true,"href":"https:\/\/www.rucashk.com\/es\/wp-json\/wp\/v2\/product_brand?post=27667"},{"taxonomy":"product_cat","embeddable":true,"href":"https:\/\/www.rucashk.com\/es\/wp-json\/wp\/v2\/product_cat?post=27667"},{"taxonomy":"product_tag","embeddable":true,"href":"https:\/\/www.rucashk.com\/es\/wp-json\/wp\/v2\/product_tag?post=27667"}],"curies":[{"name":"wp","href":"https:\/\/api.w.org\/{rel}","templated":true}]}}