{"id":27643,"date":"2024-01-09T16:43:21","date_gmt":"2024-01-09T16:43:21","guid":{"rendered":"http:\/\/rucashk.com\/?post_type=product&#038;p=27643"},"modified":"2025-06-21T05:39:04","modified_gmt":"2025-06-21T05:39:04","slug":"razer-huntsman-v2-tenkeyless-linear-optical-switch-us-quartz-keyboards","status":"publish","type":"product","link":"https:\/\/www.rucashk.com\/es\/producto\/razer-huntsman-v2-tenkeyless-linear-optical-switch-us-quartz-keyboards\/","title":{"rendered":"Razer Huntsman V2 Tenkeyless \u2013 Interruptor \u00f3ptico lineal \u2013 EE. UU. \u2013 Teclados de cuarzo"},"content":{"rendered":"<p align=\"center\"><strong>RAZER HUNTSMAN V2 TKL<\/strong><\/p>\n<p align=\"center\">SIN LUJOS. TODO EL RENDIMIENTO.<\/p>\n<p align=\"center\">La capacidad de respuesta inigualable nunca hab\u00eda parecido tan sencilla. Conozca el Razer Huntsman V2 TKL: un teclado \u00f3ptico para juegos sin teclas con ac\u00fastica mejorada, latencia de entrada casi nula y otras caracter\u00edsticas de alta gama para garantizar un factor de forma compacto dise\u00f1ado para un rendimiento de tama\u00f1o completo.<\/p>\n<p><img decoding=\"async\" alt=\"Razer Huntsman V2 Tenkeyless - Linear Optical Switch - US - Quartz Keyboards\" class=\"aligncenter\" src=\"\/wp-content\/uploads\/replace\/6040e7ee54e959fa443d3b9864d4dfda.jpeg\" \/><\/p>\n<p align=\"center\"><strong>Cable tipo C desmontable<\/strong><\/p>\n<p align=\"center\">Desempaqueta, conecta y juega con el m\u00ednimo esfuerzo para todos tus torneos y fiestas LAN, ya que un pestillo de cable garantiza que permanezca conectado de forma segura durante el juego.<\/p>\n<p><img decoding=\"async\" alt=\"Razer Huntsman V2 Tenkeyless - Linear Optical Switch - US - Quartz Keyboards\" class=\"aligncenter\" src=\"\/wp-content\/uploads\/replace\/b37b56b799ef02843126d4e111ebe14a.jpeg\" \/><\/p>\n<p align=\"center\"><strong>TECLAS PBT DE DOBLE DISPARO<\/strong><\/p>\n<p align=\"center\">M\u00e1s duras y duraderas que el pl\u00e1stico ABS, estas resistentes teclas no se desgastar\u00e1n hasta obtener un acabado brillante y tienen etiquetas que nunca se desvanecer\u00e1n gracias a su proceso de moldeado de doble disparo.<\/p>\n<p><img decoding=\"async\" alt=\"Razer Huntsman V2 Tenkeyless - Linear Optical Switch - US - Quartz Keyboards\" class=\"aligncenter\" src=\"\/wp-content\/uploads\/replace\/87c5c9d1dfcbb6cfc56e76c708421fdc.jpeg\" \/><\/p>\n<p align=\"center\"><strong>INTERRUPTORES \u00d3PTICOS LINEALES RAZER\u2122<\/strong><\/p>\n<p align=\"center\">Son m\u00e1s r\u00e1pidos, livianos y duraderos que los interruptores mec\u00e1nicos tradicionales, con una tasa de sondeo real de hasta 8000 Hz para una menor latencia de entrada.<\/p>\n<p><img decoding=\"async\" alt=\"Razer Huntsman V2 Tenkeyless - Linear Optical Switch - US - Quartz Keyboards\" class=\"aligncenter\" src=\"\/wp-content\/uploads\/replace\/081de80d474afb15421572769d736f52.jpeg\" \/><\/p>\n<p align=\"center\"><strong>ESPUMA AMORTIGUADORA DEL SONIDO<\/strong><\/p>\n<p align=\"center\">Agregado para mejorar la ac\u00fastica, el Razer Huntsman V2 TKL tiene una capa de espuma especial dentro de su carcasa que absorbe cualquier ruido que pueda ocurrir cuando tocas el fondo de las teclas.<\/p>\n<p><img decoding=\"async\" alt=\"Razer Huntsman V2 Tenkeyless - Linear Optical Switch - US - Quartz Keyboards\" class=\"aligncenter\" src=\"\/wp-content\/uploads\/replace\/a99aa119fffe7ff7b6bfd95260398648.jpeg\" \/><\/p>\n<p>&nbsp;<\/p>\n<div class=\"title--wrap--wDzGayX\">\n<div class=\"title--text--Lx66GPw\">\n<h1 class=\"title--title--RN9Pt03\">Especificaciones<\/h1>\n<\/div>\n<\/div>\n<ul class=\"specification--list--fiWsSyv\">\n<li class=\"specification--line--iUJOqof\">\n<div class=\"specification--prop--RejitI8\">\n<div class=\"specification--title--UbVeyic\">Material de la tecla: pl\u00e1stico PBT<\/div>\n<\/div>\n<div class=\"specification--prop--RejitI8\">\n<div class=\"specification--title--UbVeyic\">Teclado de tama\u00f1o completo: No<\/div>\n<\/div>\n<\/li>\n<li class=\"specification--line--iUJOqof\">\n<div class=\"specification--prop--RejitI8\">\n<div class=\"specification--title--UbVeyic\">Paquete: S\u00ed<\/div>\n<\/div>\n<div class=\"specification--prop--RejitI8\">\n<div class=\"specification--title--UbVeyic\">Soporte de mu\u00f1eca: S\u00ed<\/div>\n<\/div>\n<\/li>\n<li class=\"specification--line--iUJOqof\">\n<div class=\"specification--prop--RejitI8\">\n<div class=\"specification--title--UbVeyic\">Estilo: Est\u00e1ndar<\/div>\n<\/div>\n<div class=\"specification--prop--RejitI8\">\n<div class=\"specification--title--UbVeyic\">Tipo de interfaz: USB<\/div>\n<\/div>\n<\/li>\n<li class=\"specification--line--iUJOqof\">\n<div class=\"specification--prop--RejitI8\">\n<div class=\"specification--title--UbVeyic\">Estilo de operaci\u00f3n: Mec\u00e1nico<\/div>\n<\/div>\n<div class=\"specification--prop--RejitI8\">\n<div class=\"specification--title--UbVeyic\">Idioma: ingl\u00e9s<\/div>\n<\/div>\n<\/li>\n<li class=\"specification--line--iUJOqof\">\n<div class=\"specification--prop--RejitI8\">\n<div class=\"specification--title--UbVeyic\">Est\u00e1ndar de teclado: 87 teclas<\/div>\n<\/div>\n<div class=\"specification--prop--RejitI8\">\n<div class=\"specification--title--UbVeyic\">Aplicaci\u00f3n: Escritorio,Port\u00e1til<\/div>\n<\/div>\n<\/li>\n<li class=\"specification--line--iUJOqof\">\n<div class=\"specification--prop--RejitI8\">\n<div class=\"specification--title--UbVeyic\">Tipo: CABLEADO<\/div>\n<\/div>\n<div class=\"specification--prop--RejitI8\">\n<div class=\"specification--title--UbVeyic\">Nombre de la marca: Razer<\/div>\n<\/div>\n<\/li>\n<li class=\"specification--line--iUJOqof\">\n<div class=\"specification--prop--RejitI8\">\n<div class=\"specification--title--UbVeyic\">Origen: China continental<\/div>\n<\/div>\n<div class=\"specification--prop--RejitI8\">\n<div class=\"specification--title--UbVeyic\">Certificaci\u00f3n: CE<\/div>\n<\/div>\n<\/li>\n<\/ul>","protected":false},"excerpt":{"rendered":"<p>Razer\u2122 HyperPolling Technology with up to true 8000 Hz polling rate<\/p>\n<p>Fully programmable keys with on-the-fly macro recording<\/p>\n<p>N-key roll-over with anti-ghosting<\/p>\n<p>Gaming mode option<\/p>\n<p>Placa superior de aluminio mate<\/p>","protected":false},"featured_media":27813,"template":"","meta":[],"product_brand":[1379],"product_cat":[1322,1331],"product_tag":[],"class_list":{"0":"post-27643","1":"product","2":"type-product","3":"status-publish","4":"has-post-thumbnail","6":"product_brand-razer","7":"product_cat-other-a-brands","8":"product_cat-razer-other-a-brands","10":"first","11":"instock","12":"shipping-taxable","13":"product-type-simple"},"aioseo_notices":[],"aioseo_head":"\n\t\t<!-- All in One SEO Pro 4.5.9.2 - aioseo.com -->\n\t\t<meta name=\"description\" content=\"Razer\u2122 HyperPolling Technology with up to true 8000 Hz polling rate Fully programmable keys with on-the-fly macro recording N-key roll-over with anti-ghosting Gaming mode option Aluminum matte top plate\" \/>\n\t\t<meta name=\"robots\" content=\"max-image-preview:large\" \/>\n\t\t<link rel=\"canonical\" href=\"https:\/\/www.rucashk.com\/es\/producto\/razer-huntsman-v2-tenkeyless-linear-optical-switch-us-quartz-keyboards\/\" \/>\n\t\t<meta name=\"generator\" content=\"All in One SEO Pro (AIOSEO) 4.5.9.2\" \/>\n\t\t<meta property=\"og:locale\" content=\"es_ES\" \/>\n\t\t<meta property=\"og:site_name\" content=\"Rucas - One-stop AIoT Distribution Worldwide\" \/>\n\t\t<meta property=\"og:type\" content=\"article\" \/>\n\t\t<meta property=\"og:title\" content=\"Razer Huntsman V2 Tenkeyless \u2013 Linear Optical Switch \u2013 US \u2013 Quartz Keyboards - Rucas - Wholesale and Distribution\" \/>\n\t\t<meta property=\"og:description\" content=\"Razer\u2122 HyperPolling Technology with up to true 8000 Hz polling rate Fully programmable keys with on-the-fly macro recording N-key roll-over with anti-ghosting Gaming mode option Aluminum matte top plate\" \/>\n\t\t<meta property=\"og:url\" content=\"https:\/\/www.rucashk.com\/es\/producto\/razer-huntsman-v2-tenkeyless-linear-optical-switch-us-quartz-keyboards\/\" \/>\n\t\t<meta property=\"og:image\" content=\"https:\/\/www.rucashk.com\/wp-content\/uploads\/replace\/503b8e645f128a97ccde2b6290747646.jpeg\" \/>\n\t\t<meta property=\"og:image:secure_url\" content=\"https:\/\/www.rucashk.com\/wp-content\/uploads\/replace\/503b8e645f128a97ccde2b6290747646.jpeg\" \/>\n\t\t<meta property=\"og:image:width\" content=\"1456\" \/>\n\t\t<meta property=\"og:image:height\" content=\"816\" \/>\n\t\t<meta property=\"article:published_time\" content=\"2024-01-09T16:43:21+00:00\" \/>\n\t\t<meta property=\"article:modified_time\" content=\"2025-06-21T05:39:04+00:00\" \/>\n\t\t<meta name=\"twitter:card\" content=\"summary_large_image\" \/>\n\t\t<meta name=\"twitter:title\" content=\"Razer Huntsman V2 Tenkeyless \u2013 Linear Optical Switch \u2013 US \u2013 Quartz Keyboards - Rucas - Wholesale and Distribution\" \/>\n\t\t<meta name=\"twitter:description\" content=\"Razer\u2122 HyperPolling Technology with up to true 8000 Hz polling rate Fully programmable keys with on-the-fly macro recording N-key roll-over with anti-ghosting Gaming mode option Aluminum matte top plate\" \/>\n\t\t<meta name=\"twitter:image\" content=\"https:\/\/www.rucashk.com\/wp-content\/uploads\/replace\/503b8e645f128a97ccde2b6290747646.jpeg\" \/>\n\t\t<script type=\"application\/ld+json\" class=\"aioseo-schema\">\n\t\t\t{\"@context\":\"https:\\\/\\\/schema.org\",\"@graph\":[{\"@type\":\"BreadcrumbList\",\"@id\":\"https:\\\/\\\/www.rucashk.com\\\/es\\\/producto\\\/razer-huntsman-v2-tenkeyless-linear-optical-switch-us-quartz-keyboards\\\/#breadcrumblist\",\"itemListElement\":[{\"@type\":\"ListItem\",\"@id\":\"https:\\\/\\\/www.rucashk.com\\\/es\\\/#listItem\",\"position\":1,\"name\":\"Home\",\"item\":\"https:\\\/\\\/www.rucashk.com\\\/es\\\/\",\"nextItem\":\"https:\\\/\\\/www.rucashk.com\\\/es\\\/producto\\\/razer-huntsman-v2-tenkeyless-linear-optical-switch-us-quartz-keyboards\\\/#listItem\"},{\"@type\":\"ListItem\",\"@id\":\"https:\\\/\\\/www.rucashk.com\\\/es\\\/producto\\\/razer-huntsman-v2-tenkeyless-linear-optical-switch-us-quartz-keyboards\\\/#listItem\",\"position\":2,\"name\":\"Razer Huntsman V2 Tenkeyless - Linear Optical Switch - US - Quartz Keyboards\",\"previousItem\":\"https:\\\/\\\/www.rucashk.com\\\/es\\\/#listItem\"}]},{\"@type\":\"Organization\",\"@id\":\"https:\\\/\\\/www.rucashk.com\\\/es\\\/#organization\",\"name\":\"Rucas\",\"url\":\"https:\\\/\\\/www.rucashk.com\\\/es\\\/\",\"logo\":{\"@type\":\"ImageObject\",\"url\":\"https:\\\/\\\/www.rucashk.com\\\/wp-content\\\/uploads\\\/2023\\\/12\\\/Rucas_campany_logo.png\",\"@id\":\"https:\\\/\\\/www.rucashk.com\\\/es\\\/producto\\\/razer-huntsman-v2-tenkeyless-linear-optical-switch-us-quartz-keyboards\\\/#organizationLogo\",\"width\":221,\"height\":65},\"image\":{\"@id\":\"https:\\\/\\\/www.rucashk.com\\\/es\\\/#organizationLogo\"}},{\"@type\":\"Person\",\"@id\":\"https:\\\/\\\/www.rucashk.com\\\/es\\\/author\\\/admin\\\/#author\",\"url\":\"https:\\\/\\\/www.rucashk.com\\\/es\\\/author\\\/admin\\\/\",\"name\":\"admin\",\"image\":{\"@type\":\"ImageObject\",\"@id\":\"https:\\\/\\\/www.rucashk.com\\\/es\\\/producto\\\/razer-huntsman-v2-tenkeyless-linear-optical-switch-us-quartz-keyboards\\\/#authorImage\",\"url\":\"https:\\\/\\\/secure.gravatar.com\\\/avatar\\\/b7c8925b09a27e72b30232f8ecaadbd5af0f70a38c78096863fe51b64f031c24?s=96&d=mm&r=g\",\"width\":96,\"height\":96,\"caption\":\"admin\"}},{\"@type\":\"WebPage\",\"@id\":\"https:\\\/\\\/www.rucashk.com\\\/es\\\/producto\\\/razer-huntsman-v2-tenkeyless-linear-optical-switch-us-quartz-keyboards\\\/#webpage\",\"url\":\"https:\\\/\\\/www.rucashk.com\\\/es\\\/producto\\\/razer-huntsman-v2-tenkeyless-linear-optical-switch-us-quartz-keyboards\\\/\",\"name\":\"Razer Huntsman V2 Tenkeyless \\u2013 Linear Optical Switch \\u2013 US \\u2013 Quartz Keyboards - Rucas - Wholesale and Distribution\",\"description\":\"Razer\\u2122 HyperPolling Technology with up to true 8000 Hz polling rate Fully programmable keys with on-the-fly macro recording N-key roll-over with anti-ghosting Gaming mode option Aluminum matte top plate\",\"inLanguage\":\"es-ES\",\"isPartOf\":{\"@id\":\"https:\\\/\\\/www.rucashk.com\\\/es\\\/#website\"},\"breadcrumb\":{\"@id\":\"https:\\\/\\\/www.rucashk.com\\\/es\\\/producto\\\/razer-huntsman-v2-tenkeyless-linear-optical-switch-us-quartz-keyboards\\\/#breadcrumblist\"},\"author\":{\"@id\":\"https:\\\/\\\/www.rucashk.com\\\/es\\\/author\\\/admin\\\/#author\"},\"creator\":{\"@id\":\"https:\\\/\\\/www.rucashk.com\\\/es\\\/author\\\/admin\\\/#author\"},\"image\":{\"@type\":\"ImageObject\",\"url\":\"https:\\\/\\\/www.rucashk.com\\\/wp-content\\\/uploads\\\/2024\\\/01\\\/10001-45-1.jpg\",\"@id\":\"https:\\\/\\\/www.rucashk.com\\\/es\\\/producto\\\/razer-huntsman-v2-tenkeyless-linear-optical-switch-us-quartz-keyboards\\\/#mainImage\",\"width\":1000,\"height\":1000},\"primaryImageOfPage\":{\"@id\":\"https:\\\/\\\/www.rucashk.com\\\/es\\\/producto\\\/razer-huntsman-v2-tenkeyless-linear-optical-switch-us-quartz-keyboards\\\/#mainImage\"},\"datePublished\":\"2024-01-09T16:43:21+00:00\",\"dateModified\":\"2025-06-21T05:39:04+00:00\"},{\"@type\":\"WebSite\",\"@id\":\"https:\\\/\\\/www.rucashk.com\\\/es\\\/#website\",\"url\":\"https:\\\/\\\/www.rucashk.com\\\/es\\\/\",\"name\":\"Rucas - Wholesale and distribution worldwide\",\"alternateName\":\"Rucas - One-stop AIoT Distribution Worldwide\",\"description\":\"One-stop AIoT Distribution Worldwide\",\"inLanguage\":\"es-ES\",\"publisher\":{\"@id\":\"https:\\\/\\\/www.rucashk.com\\\/es\\\/#organization\"}}]}\n\t\t<\/script>\n\t\t<!-- All in One SEO Pro -->\r\n\t\t<title>Razer Huntsman V2 Tenkeyless \u2013 Linear Optical Switch \u2013 US \u2013 Quartz Keyboards - Rucas - Wholesale and Distribution<\/title>\n\n","aioseo_head_json":{"title":"Razer Huntsman V2 Tenkeyless \u2013 Linear Optical Switch \u2013 US \u2013 Quartz Keyboards - Rucas - Wholesale and Distribution","description":"Razer\u2122 HyperPolling Technology with up to true 8000 Hz polling rate Fully programmable keys with on-the-fly macro recording N-key roll-over with anti-ghosting Gaming mode option Aluminum matte top plate","canonical_url":"https:\/\/www.rucashk.com\/es\/producto\/razer-huntsman-v2-tenkeyless-linear-optical-switch-us-quartz-keyboards\/","robots":"max-image-preview:large","keywords":"","webmasterTools":{"miscellaneous":""},"og:locale":"es_ES","og:site_name":"Rucas - One-stop AIoT Distribution Worldwide","og:type":"article","og:title":"Razer Huntsman V2 Tenkeyless \u2013 Linear Optical Switch \u2013 US \u2013 Quartz Keyboards - Rucas - Wholesale and Distribution","og:description":"Razer\u2122 HyperPolling Technology with up to true 8000 Hz polling rate Fully programmable keys with on-the-fly macro recording N-key roll-over with anti-ghosting Gaming mode option Aluminum matte top plate","og:url":"https:\/\/www.rucashk.com\/es\/producto\/razer-huntsman-v2-tenkeyless-linear-optical-switch-us-quartz-keyboards\/","og:image":"https:\/\/www.rucashk.com\/wp-content\/uploads\/replace\/503b8e645f128a97ccde2b6290747646.jpeg","og:image:secure_url":"https:\/\/www.rucashk.com\/wp-content\/uploads\/replace\/503b8e645f128a97ccde2b6290747646.jpeg","og:image:width":1456,"og:image:height":816,"article:published_time":"2024-01-09T16:43:21+00:00","article:modified_time":"2025-06-21T05:39:04+00:00","twitter:card":"summary_large_image","twitter:title":"Razer Huntsman V2 Tenkeyless \u2013 Linear Optical Switch \u2013 US \u2013 Quartz Keyboards - Rucas - Wholesale and Distribution","twitter:description":"Razer\u2122 HyperPolling Technology with up to true 8000 Hz polling rate Fully programmable keys with on-the-fly macro recording N-key roll-over with anti-ghosting Gaming mode option Aluminum matte top plate","twitter:image":"https:\/\/www.rucashk.com\/wp-content\/uploads\/replace\/503b8e645f128a97ccde2b6290747646.jpeg","schema":{"@context":"https:\/\/schema.org","@graph":[{"@type":"BreadcrumbList","@id":"https:\/\/www.rucashk.com\/es\/producto\/razer-huntsman-v2-tenkeyless-linear-optical-switch-us-quartz-keyboards\/#breadcrumblist","itemListElement":[{"@type":"ListItem","@id":"https:\/\/www.rucashk.com\/es\/#listItem","position":1,"name":"Home","item":"https:\/\/www.rucashk.com\/es\/","nextItem":"https:\/\/www.rucashk.com\/es\/producto\/razer-huntsman-v2-tenkeyless-linear-optical-switch-us-quartz-keyboards\/#listItem"},{"@type":"ListItem","@id":"https:\/\/www.rucashk.com\/es\/producto\/razer-huntsman-v2-tenkeyless-linear-optical-switch-us-quartz-keyboards\/#listItem","position":2,"name":"Razer Huntsman V2 Tenkeyless - Linear Optical Switch - US - Quartz Keyboards","previousItem":"https:\/\/www.rucashk.com\/es\/#listItem"}]},{"@type":"Organization","@id":"https:\/\/www.rucashk.com\/es\/#organization","name":"Rucas","url":"https:\/\/www.rucashk.com\/es\/","logo":{"@type":"ImageObject","url":"https:\/\/www.rucashk.com\/wp-content\/uploads\/2023\/12\/Rucas_campany_logo.png","@id":"https:\/\/www.rucashk.com\/es\/producto\/razer-huntsman-v2-tenkeyless-linear-optical-switch-us-quartz-keyboards\/#organizationLogo","width":221,"height":65},"image":{"@id":"https:\/\/www.rucashk.com\/es\/#organizationLogo"}},{"@type":"Person","@id":"https:\/\/www.rucashk.com\/es\/author\/admin\/#author","url":"https:\/\/www.rucashk.com\/es\/author\/admin\/","name":"admin","image":{"@type":"ImageObject","@id":"https:\/\/www.rucashk.com\/es\/producto\/razer-huntsman-v2-tenkeyless-linear-optical-switch-us-quartz-keyboards\/#authorImage","url":"https:\/\/secure.gravatar.com\/avatar\/b7c8925b09a27e72b30232f8ecaadbd5af0f70a38c78096863fe51b64f031c24?s=96&d=mm&r=g","width":96,"height":96,"caption":"admin"}},{"@type":"WebPage","@id":"https:\/\/www.rucashk.com\/es\/producto\/razer-huntsman-v2-tenkeyless-linear-optical-switch-us-quartz-keyboards\/#webpage","url":"https:\/\/www.rucashk.com\/es\/producto\/razer-huntsman-v2-tenkeyless-linear-optical-switch-us-quartz-keyboards\/","name":"Razer Huntsman V2 Tenkeyless \u2013 Linear Optical Switch \u2013 US \u2013 Quartz Keyboards - Rucas - Wholesale and Distribution","description":"Razer\u2122 HyperPolling Technology with up to true 8000 Hz polling rate Fully programmable keys with on-the-fly macro recording N-key roll-over with anti-ghosting Gaming mode option Aluminum matte top plate","inLanguage":"es-ES","isPartOf":{"@id":"https:\/\/www.rucashk.com\/es\/#website"},"breadcrumb":{"@id":"https:\/\/www.rucashk.com\/es\/producto\/razer-huntsman-v2-tenkeyless-linear-optical-switch-us-quartz-keyboards\/#breadcrumblist"},"author":{"@id":"https:\/\/www.rucashk.com\/es\/author\/admin\/#author"},"creator":{"@id":"https:\/\/www.rucashk.com\/es\/author\/admin\/#author"},"image":{"@type":"ImageObject","url":"https:\/\/www.rucashk.com\/wp-content\/uploads\/2024\/01\/10001-45-1.jpg","@id":"https:\/\/www.rucashk.com\/es\/producto\/razer-huntsman-v2-tenkeyless-linear-optical-switch-us-quartz-keyboards\/#mainImage","width":1000,"height":1000},"primaryImageOfPage":{"@id":"https:\/\/www.rucashk.com\/es\/producto\/razer-huntsman-v2-tenkeyless-linear-optical-switch-us-quartz-keyboards\/#mainImage"},"datePublished":"2024-01-09T16:43:21+00:00","dateModified":"2025-06-21T05:39:04+00:00"},{"@type":"WebSite","@id":"https:\/\/www.rucashk.com\/es\/#website","url":"https:\/\/www.rucashk.com\/es\/","name":"Rucas - Wholesale and distribution worldwide","alternateName":"Rucas - One-stop AIoT Distribution Worldwide","description":"One-stop AIoT Distribution Worldwide","inLanguage":"es-ES","publisher":{"@id":"https:\/\/www.rucashk.com\/es\/#organization"}}]}},"aioseo_meta_data":{"post_id":"27643","title":null,"description":null,"keywords":null,"keyphrases":null,"primary_term":null,"canonical_url":null,"og_title":null,"og_description":null,"og_object_type":"default","og_image_type":"default","og_image_url":null,"og_image_width":null,"og_image_height":null,"og_image_custom_url":null,"og_image_custom_fields":null,"og_video":"","og_custom_url":null,"og_article_section":null,"og_article_tags":null,"twitter_use_og":false,"twitter_card":"default","twitter_image_type":"default","twitter_image_url":null,"twitter_image_custom_url":null,"twitter_image_custom_fields":null,"twitter_title":null,"twitter_description":null,"schema":{"blockGraphs":[],"customGraphs":[],"default":{"data":{"Article":[],"Course":[],"Dataset":[],"FAQPage":[],"Movie":[],"Person":[],"Product":[],"Recipe":[],"Service":[],"SoftwareApplication":[],"WebPage":[]},"graphName":"","isEnabled":true},"graphs":[]},"schema_type":"default","schema_type_options":null,"pillar_content":false,"robots_default":true,"robots_noindex":false,"robots_noarchive":false,"robots_nosnippet":false,"robots_nofollow":false,"robots_noimageindex":false,"robots_noodp":false,"robots_notranslate":false,"robots_max_snippet":"-1","robots_max_videopreview":"-1","robots_max_imagepreview":"large","priority":null,"frequency":"default","local_seo":null,"breadcrumb_settings":null,"limit_modified_date":false,"created":"2024-04-11 01:57:22","updated":"2025-06-22 18:40:56"},"aioseo_breadcrumb":"<div class=\"aioseo-breadcrumbs\"><span class=\"aioseo-breadcrumb\">\n\t<a href=\"https:\/\/www.rucashk.com\/es\" title=\"Home\">Home<\/a>\n<\/span><span class=\"aioseo-breadcrumb-separator\">&raquo;<\/span><span class=\"aioseo-breadcrumb\">\n\t<a href=\"https:\/\/www.rucashk.com\/es\/products\/\" title=\"Productos\">Productos<\/a>\n<\/span><span class=\"aioseo-breadcrumb-separator\">&raquo;<\/span><span class=\"aioseo-breadcrumb\">\n\t<a href=\"https:\/\/www.rucashk.com\/es\/marca\/razer\/\" title=\"Razer\">Razer<\/a>\n<\/span><span class=\"aioseo-breadcrumb-separator\">&raquo;<\/span><span class=\"aioseo-breadcrumb\">\n\tRazer Huntsman V2 Tenkeyless \u2013 Linear Optical Switch \u2013 US \u2013 Quartz Keyboards\n<\/span><\/div>","aioseo_breadcrumb_json":[{"label":"Home","link":"https:\/\/www.rucashk.com\/es"},{"label":"Productos","link":"https:\/\/www.rucashk.com\/es\/products\/"},{"label":"Razer","link":"https:\/\/www.rucashk.com\/es\/marca\/razer\/"},{"label":"Razer Huntsman V2 Tenkeyless &#8211; Linear Optical Switch &#8211; US &#8211; Quartz Keyboards","link":"https:\/\/www.rucashk.com\/es\/producto\/razer-huntsman-v2-tenkeyless-linear-optical-switch-us-quartz-keyboards\/"}],"_links":{"self":[{"href":"https:\/\/www.rucashk.com\/es\/wp-json\/wp\/v2\/product\/27643","targetHints":{"allow":["GET"]}}],"collection":[{"href":"https:\/\/www.rucashk.com\/es\/wp-json\/wp\/v2\/product"}],"about":[{"href":"https:\/\/www.rucashk.com\/es\/wp-json\/wp\/v2\/types\/product"}],"wp:featuredmedia":[{"embeddable":true,"href":"https:\/\/www.rucashk.com\/es\/wp-json\/wp\/v2\/media\/27813"}],"wp:attachment":[{"href":"https:\/\/www.rucashk.com\/es\/wp-json\/wp\/v2\/media?parent=27643"}],"wp:term":[{"taxonomy":"product_brand","embeddable":true,"href":"https:\/\/www.rucashk.com\/es\/wp-json\/wp\/v2\/product_brand?post=27643"},{"taxonomy":"product_cat","embeddable":true,"href":"https:\/\/www.rucashk.com\/es\/wp-json\/wp\/v2\/product_cat?post=27643"},{"taxonomy":"product_tag","embeddable":true,"href":"https:\/\/www.rucashk.com\/es\/wp-json\/wp\/v2\/product_tag?post=27643"}],"curies":[{"name":"wp","href":"https:\/\/api.w.org\/{rel}","templated":true}]}}