{"id":27641,"date":"2024-01-09T16:43:20","date_gmt":"2024-01-09T16:43:20","guid":{"rendered":"http:\/\/rucashk.com\/?post_type=product&#038;p=27641"},"modified":"2025-06-21T05:52:34","modified_gmt":"2025-06-21T05:52:34","slug":"razer-blackwidow-v3-mini-hyperspeed-phantom-edition-keyboards","status":"publish","type":"product","link":"https:\/\/www.rucashk.com\/es\/producto\/razer-blackwidow-v3-mini-hyperspeed-phantom-edition-keyboards\/","title":{"rendered":"Razer BlackWidow V3 Mini HyperSpeed - Teclados Edici\u00f3n Fantasma"},"content":{"rendered":"<p align=\"center\"><strong><span data-spm-anchor-id=\"a2g0o.detail.1000023.i0.1b68mfFxmfFxUL\">RAZER BLACKWIDOW V3 MINI HIPERVELOCIDAD<\/span><\/strong><\/p>\n<p align=\"center\">LIBERTAD A TRAV\u00c9S DE LA FORMA<\/p>\n<p align=\"center\">Lo suficientemente compacto para cualquier espacio y lo suficientemente vers\u00e1til para todas las configuraciones: este es el Razer BlackWidow V3 Mini HyperSpeed. Disfrute de juegos perfectos en un paquete elegante con un teclado mec\u00e1nico inal\u00e1mbrico para juegos 65% que es el equilibrio perfecto entre forma y funci\u00f3n.<\/p>\n<p><img decoding=\"async\" alt=\"Razer BlackWidow V3 Mini HyperSpeed - Phantom Edition Keyboards\" class=\"aligncenter\" src=\"\/wp-content\/uploads\/replace\/e4419a9703f757241bd33aa9b4a16221.jpeg\" \/><\/p>\n<p align=\"center\"><strong>FACTOR DE FORMA 65%<\/strong><\/p>\n<p align=\"center\"><strong>Para un rendimiento elegante y compacto<\/strong><\/p>\n<p align=\"center\">Sin fila de funciones, grupo de inicio ni teclado num\u00e9rico, este teclado es similar al teclado 60% pero con una diferencia clave: todav\u00eda tiene teclas de flechas. Al mantener una mayor funcionalidad sin dejar de ser compacto, el Razer BlackWidow V3 Mini HyperSpeed es ideal para configuraciones minimalistas o m\u00e1s peque\u00f1as donde el espacio en el escritorio es un bien escaso.<\/p>\n<p><img decoding=\"async\" alt=\"Razer BlackWidow V3 Mini HyperSpeed - Phantom Edition Keyboards\" class=\"aligncenter\" src=\"\/wp-content\/uploads\/replace\/604de1764f64ba681e36d124da34d9f8.jpeg\" \/><\/p>\n<p align=\"center\"><strong>TECNOLOG\u00cdA INAL\u00c1MBRICA DE HIPERVELOCIDAD RAZER\u2122<\/strong><\/p>\n<p align=\"center\">Para juegos inal\u00e1mbricos de baja latencia<\/p>\n<p align=\"center\">Este teclado mec\u00e1nico inal\u00e1mbrico para juegos 65% viene equipado con nuestra tecnolog\u00eda inal\u00e1mbrica m\u00e1s avanzada para juegos de baja latencia y entradas hiperrespuestas, posibles gracias a un protocolo de datos optimizado, radiofrecuencia ultrarr\u00e1pida y conmutaci\u00f3n de frecuencia perfecta en los entornos m\u00e1s ruidosos y saturados de datos. . Con nuestra compatibilidad con m\u00faltiples dispositivos, agilice su configuraci\u00f3n conectando su mouse y teclado inal\u00e1mbricos a un solo dongle, una funci\u00f3n que se puede activar en nuestros \u00faltimos perif\u00e9ricos Razer HyperSpeed.<\/p>\n<p><img decoding=\"async\" alt=\"Razer BlackWidow V3 Mini HyperSpeed - Phantom Edition Keyboards\" class=\"aligncenter\" src=\"\/wp-content\/uploads\/replace\/93359caf20144e6ed16e0a32d64e9ef5.jpeg\" \/><\/p>\n<p align=\"center\"><strong>3 MODOS DE CONEXI\u00d3N<\/strong><\/p>\n<p align=\"center\">SOPORTE MULTIDISPOSITIVO RAZER\u2122 HYPERSPEED<\/p>\n<p align=\"center\">Optimice su configuraci\u00f3n y libere un puerto USB conectando su mouse y teclado inal\u00e1mbricos a un solo dongle, una caracter\u00edstica que se puede activar en nuestros \u00faltimos perif\u00e9ricos Razer HyperSpeed.<\/p>\n<p><img decoding=\"async\" alt=\"Razer BlackWidow V3 Mini HyperSpeed - Phantom Edition Keyboards\" class=\"aligncenter\" src=\"\/wp-content\/uploads\/replace\/446c93f2f5b63f42193bf149208a4cb5.jpeg\" \/><\/p>\n<p>&nbsp;<\/p>\n<div class=\"title--wrap--wDzGayX\">\n<div class=\"title--text--Lx66GPw\">\n<h1 class=\"title--title--RN9Pt03\">Especificaciones<\/h1>\n<\/div>\n<\/div>\n<ul class=\"specification--list--fiWsSyv\">\n<li class=\"specification--line--iUJOqof\">\n<div class=\"specification--prop--RejitI8\">\n<div class=\"specification--title--UbVeyic\">Material de la tecla: pl\u00e1stico ABS<\/div>\n<\/div>\n<div class=\"specification--prop--RejitI8\">\n<div class=\"specification--title--UbVeyic\">Teclado de tama\u00f1o completo: No<\/div>\n<\/div>\n<\/li>\n<li class=\"specification--line--iUJOqof\">\n<div class=\"specification--prop--RejitI8\">\n<div class=\"specification--title--UbVeyic\">Paquete: S\u00ed<\/div>\n<\/div>\n<div class=\"specification--prop--RejitI8\">\n<div class=\"specification--title--UbVeyic\">Soporte de mu\u00f1eca: No<\/div>\n<\/div>\n<\/li>\n<li class=\"specification--line--iUJOqof\">\n<div class=\"specification--prop--RejitI8\">\n<div class=\"specification--title--UbVeyic\">Estilo: M\u00ednimo<\/div>\n<\/div>\n<div class=\"specification--prop--RejitI8\">\n<div class=\"specification--title--UbVeyic\">Tipo de interfaz: USB, bluetooth<\/div>\n<\/div>\n<\/li>\n<li class=\"specification--line--iUJOqof\">\n<div class=\"specification--prop--RejitI8\">\n<div class=\"specification--title--UbVeyic\">Estilo de operaci\u00f3n: Mec\u00e1nico<\/div>\n<\/div>\n<div class=\"specification--prop--RejitI8\">\n<div class=\"specification--title--UbVeyic\">Idioma: ingl\u00e9s<\/div>\n<\/div>\n<\/li>\n<li class=\"specification--line--iUJOqof\">\n<div class=\"specification--prop--RejitI8\">\n<div class=\"specification--title--UbVeyic\">Est\u00e1ndar de teclado: 68 teclas<\/div>\n<\/div>\n<div class=\"specification--prop--RejitI8\">\n<div class=\"specification--title--UbVeyic\">Aplicaci\u00f3n: Escritorio,Port\u00e1til<\/div>\n<\/div>\n<\/li>\n<li class=\"specification--line--iUJOqof\">\n<div class=\"specification--prop--RejitI8\">\n<div class=\"specification--title--UbVeyic\">Tipo: Inal\u00e1mbrico de 2,4 Ghz<\/div>\n<\/div>\n<div class=\"specification--prop--RejitI8\">\n<div class=\"specification--title--UbVeyic\">Nombre de la marca: Razer<\/div>\n<\/div>\n<\/li>\n<li class=\"specification--line--iUJOqof\">\n<div class=\"specification--prop--RejitI8\">\n<div class=\"specification--title--UbVeyic\">Origen: China continental<\/div>\n<\/div>\n<div class=\"specification--prop--RejitI8\">\n<div class=\"specification--title--UbVeyic\">Certificaci\u00f3n: CE<\/div>\n<\/div>\n<\/li>\n<\/ul>","protected":false},"excerpt":{"rendered":"<p>Razer\u2122 HyperSpeed Wireless Technology<\/p>\n<p>Razer\u2122 HyperSpeed Multi-device Support<\/p>\n<p>80 million keystroke lifespan<\/p>\n<p>Razer Synapse 3 enabled<\/p>\n<p>N-key roll-over<\/p>\n<p>Fully programmable keys with on-the-fly macro recording<\/p>\n<p>Gaming mode option<\/p>\n<p>1000 Hz Ultrapolling<\/p>\n<p data-spm-anchor-id=\"a2g0o.detail.1000023.i1.1b68mfFxmfFxUL\">Construcci\u00f3n de aluminio<\/p>","protected":false},"featured_media":27797,"template":"","meta":[],"product_brand":[1379],"product_cat":[1322,1331],"product_tag":[],"class_list":{"0":"post-27641","1":"product","2":"type-product","3":"status-publish","4":"has-post-thumbnail","6":"product_brand-razer","7":"product_cat-other-a-brands","8":"product_cat-razer-other-a-brands","10":"first","11":"instock","12":"shipping-taxable","13":"product-type-simple"},"aioseo_notices":[],"aioseo_head":"\n\t\t<!-- All in One SEO Pro 4.5.9.2 - aioseo.com -->\n\t\t<meta name=\"description\" content=\"Razer\u2122 HyperSpeed Wireless Technology Razer\u2122 HyperSpeed Multi-device Support 80 million keystroke lifespan Razer Synapse 3 enabled N-key roll-over Fully programmable keys with on-the-fly macro recording Gaming mode option 1000 Hz Ultrapolling Aluminum construction\" \/>\n\t\t<meta name=\"robots\" content=\"max-image-preview:large\" \/>\n\t\t<link rel=\"canonical\" href=\"https:\/\/www.rucashk.com\/es\/producto\/razer-blackwidow-v3-mini-hyperspeed-phantom-edition-keyboards\/\" \/>\n\t\t<meta name=\"generator\" content=\"All in One SEO Pro (AIOSEO) 4.5.9.2\" \/>\n\t\t<meta property=\"og:locale\" content=\"es_ES\" \/>\n\t\t<meta property=\"og:site_name\" content=\"Rucas - One-stop AIoT Distribution Worldwide\" \/>\n\t\t<meta property=\"og:type\" content=\"article\" \/>\n\t\t<meta property=\"og:title\" content=\"Razer BlackWidow V3 Mini HyperSpeed \u2013 Phantom Edition Keyboards - Rucas - Wholesale and Distribution\" \/>\n\t\t<meta property=\"og:description\" content=\"Razer\u2122 HyperSpeed Wireless Technology Razer\u2122 HyperSpeed Multi-device Support 80 million keystroke lifespan Razer Synapse 3 enabled N-key roll-over Fully programmable keys with on-the-fly macro recording Gaming mode option 1000 Hz Ultrapolling Aluminum construction\" \/>\n\t\t<meta property=\"og:url\" content=\"https:\/\/www.rucashk.com\/es\/producto\/razer-blackwidow-v3-mini-hyperspeed-phantom-edition-keyboards\/\" \/>\n\t\t<meta property=\"og:image\" content=\"https:\/\/www.rucashk.com\/wp-content\/uploads\/replace\/503b8e645f128a97ccde2b6290747646.jpeg\" \/>\n\t\t<meta property=\"og:image:secure_url\" content=\"https:\/\/www.rucashk.com\/wp-content\/uploads\/replace\/503b8e645f128a97ccde2b6290747646.jpeg\" \/>\n\t\t<meta property=\"og:image:width\" content=\"1456\" \/>\n\t\t<meta property=\"og:image:height\" content=\"816\" \/>\n\t\t<meta property=\"article:published_time\" content=\"2024-01-09T16:43:20+00:00\" \/>\n\t\t<meta property=\"article:modified_time\" content=\"2025-06-21T05:52:34+00:00\" \/>\n\t\t<meta name=\"twitter:card\" content=\"summary_large_image\" \/>\n\t\t<meta name=\"twitter:title\" content=\"Razer BlackWidow V3 Mini HyperSpeed \u2013 Phantom Edition Keyboards - Rucas - Wholesale and Distribution\" \/>\n\t\t<meta name=\"twitter:description\" content=\"Razer\u2122 HyperSpeed Wireless Technology Razer\u2122 HyperSpeed Multi-device Support 80 million keystroke lifespan Razer Synapse 3 enabled N-key roll-over Fully programmable keys with on-the-fly macro recording Gaming mode option 1000 Hz Ultrapolling Aluminum construction\" \/>\n\t\t<meta name=\"twitter:image\" content=\"https:\/\/www.rucashk.com\/wp-content\/uploads\/replace\/503b8e645f128a97ccde2b6290747646.jpeg\" \/>\n\t\t<script type=\"application\/ld+json\" class=\"aioseo-schema\">\n\t\t\t{\"@context\":\"https:\\\/\\\/schema.org\",\"@graph\":[{\"@type\":\"BreadcrumbList\",\"@id\":\"https:\\\/\\\/www.rucashk.com\\\/es\\\/producto\\\/razer-blackwidow-v3-mini-hyperspeed-phantom-edition-keyboards\\\/#breadcrumblist\",\"itemListElement\":[{\"@type\":\"ListItem\",\"@id\":\"https:\\\/\\\/www.rucashk.com\\\/es\\\/#listItem\",\"position\":1,\"name\":\"Home\",\"item\":\"https:\\\/\\\/www.rucashk.com\\\/es\\\/\",\"nextItem\":\"https:\\\/\\\/www.rucashk.com\\\/es\\\/producto\\\/razer-blackwidow-v3-mini-hyperspeed-phantom-edition-keyboards\\\/#listItem\"},{\"@type\":\"ListItem\",\"@id\":\"https:\\\/\\\/www.rucashk.com\\\/es\\\/producto\\\/razer-blackwidow-v3-mini-hyperspeed-phantom-edition-keyboards\\\/#listItem\",\"position\":2,\"name\":\"Razer BlackWidow V3 Mini HyperSpeed - Phantom Edition Keyboards\",\"previousItem\":\"https:\\\/\\\/www.rucashk.com\\\/es\\\/#listItem\"}]},{\"@type\":\"Organization\",\"@id\":\"https:\\\/\\\/www.rucashk.com\\\/es\\\/#organization\",\"name\":\"Rucas\",\"url\":\"https:\\\/\\\/www.rucashk.com\\\/es\\\/\",\"logo\":{\"@type\":\"ImageObject\",\"url\":\"https:\\\/\\\/www.rucashk.com\\\/wp-content\\\/uploads\\\/2023\\\/12\\\/Rucas_campany_logo.png\",\"@id\":\"https:\\\/\\\/www.rucashk.com\\\/es\\\/producto\\\/razer-blackwidow-v3-mini-hyperspeed-phantom-edition-keyboards\\\/#organizationLogo\",\"width\":221,\"height\":65},\"image\":{\"@id\":\"https:\\\/\\\/www.rucashk.com\\\/es\\\/#organizationLogo\"}},{\"@type\":\"Person\",\"@id\":\"https:\\\/\\\/www.rucashk.com\\\/es\\\/author\\\/admin\\\/#author\",\"url\":\"https:\\\/\\\/www.rucashk.com\\\/es\\\/author\\\/admin\\\/\",\"name\":\"admin\",\"image\":{\"@type\":\"ImageObject\",\"@id\":\"https:\\\/\\\/www.rucashk.com\\\/es\\\/producto\\\/razer-blackwidow-v3-mini-hyperspeed-phantom-edition-keyboards\\\/#authorImage\",\"url\":\"https:\\\/\\\/secure.gravatar.com\\\/avatar\\\/b7c8925b09a27e72b30232f8ecaadbd5af0f70a38c78096863fe51b64f031c24?s=96&d=mm&r=g\",\"width\":96,\"height\":96,\"caption\":\"admin\"}},{\"@type\":\"WebPage\",\"@id\":\"https:\\\/\\\/www.rucashk.com\\\/es\\\/producto\\\/razer-blackwidow-v3-mini-hyperspeed-phantom-edition-keyboards\\\/#webpage\",\"url\":\"https:\\\/\\\/www.rucashk.com\\\/es\\\/producto\\\/razer-blackwidow-v3-mini-hyperspeed-phantom-edition-keyboards\\\/\",\"name\":\"Razer BlackWidow V3 Mini HyperSpeed \\u2013 Phantom Edition Keyboards - Rucas - Wholesale and Distribution\",\"description\":\"Razer\\u2122 HyperSpeed Wireless Technology Razer\\u2122 HyperSpeed Multi-device Support 80 million keystroke lifespan Razer Synapse 3 enabled N-key roll-over Fully programmable keys with on-the-fly macro recording Gaming mode option 1000 Hz Ultrapolling Aluminum construction\",\"inLanguage\":\"es-ES\",\"isPartOf\":{\"@id\":\"https:\\\/\\\/www.rucashk.com\\\/es\\\/#website\"},\"breadcrumb\":{\"@id\":\"https:\\\/\\\/www.rucashk.com\\\/es\\\/producto\\\/razer-blackwidow-v3-mini-hyperspeed-phantom-edition-keyboards\\\/#breadcrumblist\"},\"author\":{\"@id\":\"https:\\\/\\\/www.rucashk.com\\\/es\\\/author\\\/admin\\\/#author\"},\"creator\":{\"@id\":\"https:\\\/\\\/www.rucashk.com\\\/es\\\/author\\\/admin\\\/#author\"},\"image\":{\"@type\":\"ImageObject\",\"url\":\"https:\\\/\\\/www.rucashk.com\\\/wp-content\\\/uploads\\\/2024\\\/01\\\/10001-43-1.jpg\",\"@id\":\"https:\\\/\\\/www.rucashk.com\\\/es\\\/producto\\\/razer-blackwidow-v3-mini-hyperspeed-phantom-edition-keyboards\\\/#mainImage\",\"width\":800,\"height\":800},\"primaryImageOfPage\":{\"@id\":\"https:\\\/\\\/www.rucashk.com\\\/es\\\/producto\\\/razer-blackwidow-v3-mini-hyperspeed-phantom-edition-keyboards\\\/#mainImage\"},\"datePublished\":\"2024-01-09T16:43:20+00:00\",\"dateModified\":\"2025-06-21T05:52:34+00:00\"},{\"@type\":\"WebSite\",\"@id\":\"https:\\\/\\\/www.rucashk.com\\\/es\\\/#website\",\"url\":\"https:\\\/\\\/www.rucashk.com\\\/es\\\/\",\"name\":\"Rucas - Wholesale and distribution worldwide\",\"alternateName\":\"Rucas - One-stop AIoT Distribution Worldwide\",\"description\":\"One-stop AIoT Distribution Worldwide\",\"inLanguage\":\"es-ES\",\"publisher\":{\"@id\":\"https:\\\/\\\/www.rucashk.com\\\/es\\\/#organization\"}}]}\n\t\t<\/script>\n\t\t<!-- All in One SEO Pro -->\r\n\t\t<title>Razer BlackWidow V3 Mini HyperSpeed \u2013 Phantom Edition Keyboards - Rucas - Wholesale and Distribution<\/title>\n\n","aioseo_head_json":{"title":"Razer BlackWidow V3 Mini HyperSpeed \u2013 Phantom Edition Keyboards - Rucas - Wholesale and Distribution","description":"Razer\u2122 HyperSpeed Wireless Technology Razer\u2122 HyperSpeed Multi-device Support 80 million keystroke lifespan Razer Synapse 3 enabled N-key roll-over Fully programmable keys with on-the-fly macro recording Gaming mode option 1000 Hz Ultrapolling Aluminum construction","canonical_url":"https:\/\/www.rucashk.com\/es\/producto\/razer-blackwidow-v3-mini-hyperspeed-phantom-edition-keyboards\/","robots":"max-image-preview:large","keywords":"","webmasterTools":{"miscellaneous":""},"og:locale":"es_ES","og:site_name":"Rucas - One-stop AIoT Distribution Worldwide","og:type":"article","og:title":"Razer BlackWidow V3 Mini HyperSpeed \u2013 Phantom Edition Keyboards - Rucas - Wholesale and Distribution","og:description":"Razer\u2122 HyperSpeed Wireless Technology Razer\u2122 HyperSpeed Multi-device Support 80 million keystroke lifespan Razer Synapse 3 enabled N-key roll-over Fully programmable keys with on-the-fly macro recording Gaming mode option 1000 Hz Ultrapolling Aluminum construction","og:url":"https:\/\/www.rucashk.com\/es\/producto\/razer-blackwidow-v3-mini-hyperspeed-phantom-edition-keyboards\/","og:image":"https:\/\/www.rucashk.com\/wp-content\/uploads\/replace\/503b8e645f128a97ccde2b6290747646.jpeg","og:image:secure_url":"https:\/\/www.rucashk.com\/wp-content\/uploads\/replace\/503b8e645f128a97ccde2b6290747646.jpeg","og:image:width":1456,"og:image:height":816,"article:published_time":"2024-01-09T16:43:20+00:00","article:modified_time":"2025-06-21T05:52:34+00:00","twitter:card":"summary_large_image","twitter:title":"Razer BlackWidow V3 Mini HyperSpeed \u2013 Phantom Edition Keyboards - Rucas - Wholesale and Distribution","twitter:description":"Razer\u2122 HyperSpeed Wireless Technology Razer\u2122 HyperSpeed Multi-device Support 80 million keystroke lifespan Razer Synapse 3 enabled N-key roll-over Fully programmable keys with on-the-fly macro recording Gaming mode option 1000 Hz Ultrapolling Aluminum construction","twitter:image":"https:\/\/www.rucashk.com\/wp-content\/uploads\/replace\/503b8e645f128a97ccde2b6290747646.jpeg","schema":{"@context":"https:\/\/schema.org","@graph":[{"@type":"BreadcrumbList","@id":"https:\/\/www.rucashk.com\/es\/producto\/razer-blackwidow-v3-mini-hyperspeed-phantom-edition-keyboards\/#breadcrumblist","itemListElement":[{"@type":"ListItem","@id":"https:\/\/www.rucashk.com\/es\/#listItem","position":1,"name":"Home","item":"https:\/\/www.rucashk.com\/es\/","nextItem":"https:\/\/www.rucashk.com\/es\/producto\/razer-blackwidow-v3-mini-hyperspeed-phantom-edition-keyboards\/#listItem"},{"@type":"ListItem","@id":"https:\/\/www.rucashk.com\/es\/producto\/razer-blackwidow-v3-mini-hyperspeed-phantom-edition-keyboards\/#listItem","position":2,"name":"Razer BlackWidow V3 Mini HyperSpeed - Phantom Edition Keyboards","previousItem":"https:\/\/www.rucashk.com\/es\/#listItem"}]},{"@type":"Organization","@id":"https:\/\/www.rucashk.com\/es\/#organization","name":"Rucas","url":"https:\/\/www.rucashk.com\/es\/","logo":{"@type":"ImageObject","url":"https:\/\/www.rucashk.com\/wp-content\/uploads\/2023\/12\/Rucas_campany_logo.png","@id":"https:\/\/www.rucashk.com\/es\/producto\/razer-blackwidow-v3-mini-hyperspeed-phantom-edition-keyboards\/#organizationLogo","width":221,"height":65},"image":{"@id":"https:\/\/www.rucashk.com\/es\/#organizationLogo"}},{"@type":"Person","@id":"https:\/\/www.rucashk.com\/es\/author\/admin\/#author","url":"https:\/\/www.rucashk.com\/es\/author\/admin\/","name":"admin","image":{"@type":"ImageObject","@id":"https:\/\/www.rucashk.com\/es\/producto\/razer-blackwidow-v3-mini-hyperspeed-phantom-edition-keyboards\/#authorImage","url":"https:\/\/secure.gravatar.com\/avatar\/b7c8925b09a27e72b30232f8ecaadbd5af0f70a38c78096863fe51b64f031c24?s=96&d=mm&r=g","width":96,"height":96,"caption":"admin"}},{"@type":"WebPage","@id":"https:\/\/www.rucashk.com\/es\/producto\/razer-blackwidow-v3-mini-hyperspeed-phantom-edition-keyboards\/#webpage","url":"https:\/\/www.rucashk.com\/es\/producto\/razer-blackwidow-v3-mini-hyperspeed-phantom-edition-keyboards\/","name":"Razer BlackWidow V3 Mini HyperSpeed \u2013 Phantom Edition Keyboards - Rucas - Wholesale and Distribution","description":"Razer\u2122 HyperSpeed Wireless Technology Razer\u2122 HyperSpeed Multi-device Support 80 million keystroke lifespan Razer Synapse 3 enabled N-key roll-over Fully programmable keys with on-the-fly macro recording Gaming mode option 1000 Hz Ultrapolling Aluminum construction","inLanguage":"es-ES","isPartOf":{"@id":"https:\/\/www.rucashk.com\/es\/#website"},"breadcrumb":{"@id":"https:\/\/www.rucashk.com\/es\/producto\/razer-blackwidow-v3-mini-hyperspeed-phantom-edition-keyboards\/#breadcrumblist"},"author":{"@id":"https:\/\/www.rucashk.com\/es\/author\/admin\/#author"},"creator":{"@id":"https:\/\/www.rucashk.com\/es\/author\/admin\/#author"},"image":{"@type":"ImageObject","url":"https:\/\/www.rucashk.com\/wp-content\/uploads\/2024\/01\/10001-43-1.jpg","@id":"https:\/\/www.rucashk.com\/es\/producto\/razer-blackwidow-v3-mini-hyperspeed-phantom-edition-keyboards\/#mainImage","width":800,"height":800},"primaryImageOfPage":{"@id":"https:\/\/www.rucashk.com\/es\/producto\/razer-blackwidow-v3-mini-hyperspeed-phantom-edition-keyboards\/#mainImage"},"datePublished":"2024-01-09T16:43:20+00:00","dateModified":"2025-06-21T05:52:34+00:00"},{"@type":"WebSite","@id":"https:\/\/www.rucashk.com\/es\/#website","url":"https:\/\/www.rucashk.com\/es\/","name":"Rucas - Wholesale and distribution worldwide","alternateName":"Rucas - One-stop AIoT Distribution Worldwide","description":"One-stop AIoT Distribution Worldwide","inLanguage":"es-ES","publisher":{"@id":"https:\/\/www.rucashk.com\/es\/#organization"}}]}},"aioseo_meta_data":{"post_id":"27641","title":null,"description":null,"keywords":null,"keyphrases":null,"primary_term":null,"canonical_url":null,"og_title":null,"og_description":null,"og_object_type":"default","og_image_type":"default","og_image_url":null,"og_image_width":null,"og_image_height":null,"og_image_custom_url":null,"og_image_custom_fields":null,"og_video":"","og_custom_url":null,"og_article_section":null,"og_article_tags":null,"twitter_use_og":false,"twitter_card":"default","twitter_image_type":"default","twitter_image_url":null,"twitter_image_custom_url":null,"twitter_image_custom_fields":null,"twitter_title":null,"twitter_description":null,"schema":{"blockGraphs":[],"customGraphs":[],"default":{"data":{"Article":[],"Course":[],"Dataset":[],"FAQPage":[],"Movie":[],"Person":[],"Product":[],"Recipe":[],"Service":[],"SoftwareApplication":[],"WebPage":[]},"graphName":"","isEnabled":true},"graphs":[]},"schema_type":"default","schema_type_options":null,"pillar_content":false,"robots_default":true,"robots_noindex":false,"robots_noarchive":false,"robots_nosnippet":false,"robots_nofollow":false,"robots_noimageindex":false,"robots_noodp":false,"robots_notranslate":false,"robots_max_snippet":"-1","robots_max_videopreview":"-1","robots_max_imagepreview":"large","priority":null,"frequency":"default","local_seo":null,"breadcrumb_settings":null,"limit_modified_date":false,"created":"2024-04-11 01:57:22","updated":"2025-06-22 18:40:55"},"aioseo_breadcrumb":"<div class=\"aioseo-breadcrumbs\"><span class=\"aioseo-breadcrumb\">\n\t<a href=\"https:\/\/www.rucashk.com\/es\" title=\"Home\">Home<\/a>\n<\/span><span class=\"aioseo-breadcrumb-separator\">&raquo;<\/span><span class=\"aioseo-breadcrumb\">\n\t<a href=\"https:\/\/www.rucashk.com\/es\/products\/\" title=\"Productos\">Productos<\/a>\n<\/span><span class=\"aioseo-breadcrumb-separator\">&raquo;<\/span><span class=\"aioseo-breadcrumb\">\n\t<a href=\"https:\/\/www.rucashk.com\/es\/marca\/razer\/\" title=\"Razer\">Razer<\/a>\n<\/span><span class=\"aioseo-breadcrumb-separator\">&raquo;<\/span><span class=\"aioseo-breadcrumb\">\n\tRazer BlackWidow V3 Mini HyperSpeed \u2013 Phantom Edition Keyboards\n<\/span><\/div>","aioseo_breadcrumb_json":[{"label":"Home","link":"https:\/\/www.rucashk.com\/es"},{"label":"Productos","link":"https:\/\/www.rucashk.com\/es\/products\/"},{"label":"Razer","link":"https:\/\/www.rucashk.com\/es\/marca\/razer\/"},{"label":"Razer BlackWidow V3 Mini HyperSpeed &#8211; Phantom Edition Keyboards","link":"https:\/\/www.rucashk.com\/es\/producto\/razer-blackwidow-v3-mini-hyperspeed-phantom-edition-keyboards\/"}],"_links":{"self":[{"href":"https:\/\/www.rucashk.com\/es\/wp-json\/wp\/v2\/product\/27641","targetHints":{"allow":["GET"]}}],"collection":[{"href":"https:\/\/www.rucashk.com\/es\/wp-json\/wp\/v2\/product"}],"about":[{"href":"https:\/\/www.rucashk.com\/es\/wp-json\/wp\/v2\/types\/product"}],"wp:featuredmedia":[{"embeddable":true,"href":"https:\/\/www.rucashk.com\/es\/wp-json\/wp\/v2\/media\/27797"}],"wp:attachment":[{"href":"https:\/\/www.rucashk.com\/es\/wp-json\/wp\/v2\/media?parent=27641"}],"wp:term":[{"taxonomy":"product_brand","embeddable":true,"href":"https:\/\/www.rucashk.com\/es\/wp-json\/wp\/v2\/product_brand?post=27641"},{"taxonomy":"product_cat","embeddable":true,"href":"https:\/\/www.rucashk.com\/es\/wp-json\/wp\/v2\/product_cat?post=27641"},{"taxonomy":"product_tag","embeddable":true,"href":"https:\/\/www.rucashk.com\/es\/wp-json\/wp\/v2\/product_tag?post=27641"}],"curies":[{"name":"wp","href":"https:\/\/api.w.org\/{rel}","templated":true}]}}