{"id":27639,"date":"2024-01-09T16:43:20","date_gmt":"2024-01-09T16:43:20","guid":{"rendered":"http:\/\/rucashk.com\/?post_type=product&#038;p=27639"},"modified":"2025-06-21T05:52:49","modified_gmt":"2025-06-21T05:52:49","slug":"razer-deathadder-v2-halo-infinite-mice","status":"publish","type":"product","link":"https:\/\/www.rucashk.com\/es\/producto\/razer-deathadder-v2-halo-infinite-mice\/","title":{"rendered":"Razer DeathAdder V2 \u2013 Ratones Halo Infinite"},"content":{"rendered":"<div id=\"nav-description\">\n<div class=\"extend--content--DlnAngg\">\n<div id=\"product-description\" class=\"description--product-description--nxRv0lW\" data-spm=\"1000023\" data-pl=\"product-description\">\n<div class=\"description--origin-part--SsZJoGC\">\n<div id=\"nav-description\" align=\"start\">\n<div>\n<div class=\"extend--content--DlnAngg\">\n<div>\n<div id=\"product-description\" class=\"description--product-description--nxRv0lW\">\n<div class=\"description--origin-part--SsZJoGC\">\n<div class=\"detailmodule_text\" align=\"start\">\n<p align=\"center\" data-spm-anchor-id=\"a2g0o.detail.1000023.i4.48ac57c94car9A\"><strong>ERGONOM\u00cdA SIN IGUAL<\/strong><\/p>\n<div><\/div>\n<p align=\"center\">Sea testigo del renacimiento de un \u00edcono con el Razer DeathAdder V2, un mouse ergon\u00f3mico dise\u00f1ado con curvas mortales y l\u00edneas asesinas para un arma que se maneja como ninguna otra. Con sensores e interruptores de pr\u00f3xima generaci\u00f3n empaquetados en un factor de forma m\u00e1s liviano, ya ha tomado forma una nueva era de juegos de alto rendimiento.<\/p>\n<div data-spm-anchor-id=\"a2g0o.detail.1000023.i3.48ac57c94car9A\"><\/div>\n<\/div>\n<div class=\"detailmodule_image\" align=\"start\"><img decoding=\"async\" class=\"detail-desc-decorate-image aligncenter\" src=\"\/wp-content\/uploads\/replace\/c20374644447da07f4d6122246496522.jpeg\" alt=\"Razer DeathAdder V2 - Halo Infinite Mice\" \/><\/div>\n<div class=\"detailmodule_text\" align=\"start\">\n<div><\/div>\n<p align=\"center\"><strong>S\u00c9 UNA FUERZA IMPARABLE<\/strong><\/p>\n<div><\/div>\n<p align=\"center\">Un arma digna del arsenal de cada Spartan, la capacidad de respuesta y resistencia de nuestro teclado mec\u00e1nico m\u00e1s ic\u00f3nico aporta potencia de fuego a la lucha.<\/p>\n<div><\/div>\n<\/div>\n<div class=\"detailmodule_image\" align=\"start\"><img decoding=\"async\" class=\"detail-desc-decorate-image aligncenter\" src=\"\/wp-content\/uploads\/replace\/cd5f0036672ea2d9d181fd5e913da38e.jpeg\" alt=\"Razer DeathAdder V2 - Halo Infinite Mice\" \/><\/div>\n<div class=\"detailmodule_text\" align=\"start\">\n<div><\/div>\n<p align=\"center\"><strong>LA MEJOR ERGONOM\u00cdA DE SU CLASE<\/strong><\/p>\n<div><\/div>\n<p align=\"center\">Con m\u00e1s de 10 millones de Razer DeathAdders vendidos, el mouse para juegos m\u00e1s c\u00e9lebre y premiado del mundo se ha ganado su popularidad gracias a su excepcional dise\u00f1o ergon\u00f3mico. Perfectamente adecuado para un agarre con la palma, tambi\u00e9n funciona bien con estilos de garra y punta de los dedos.<\/p>\n<p style=\"text-align: center\">El Razer DeathAdder V2 contin\u00faa este legado, conservando su forma caracter\u00edstica y al mismo tiempo perdiendo m\u00e1s peso para un manejo m\u00e1s r\u00e1pido y mejorar tu juego. Yendo m\u00e1s all\u00e1 de la ergonom\u00eda de oficina convencional, el dise\u00f1o optimizado tambi\u00e9n proporciona mayor comodidad para jugar, algo importante para esas incursiones largas o cuando est\u00e1s subiendo de rango en la escalera.<\/p>\n<div><\/div>\n<\/div>\n<div class=\"detailmodule_image\" align=\"start\"><img decoding=\"async\" class=\"detail-desc-decorate-image aligncenter\" src=\"\/wp-content\/uploads\/replace\/913bb8f74bb34df2ded9c040fba404b9.jpeg\" alt=\"Razer DeathAdder V2 - Halo Infinite Mice\" \/><\/div>\n<div class=\"detailmodule_text\" align=\"start\">\n<div><\/div>\n<p align=\"center\"><strong>INTERRUPTOR DEL RAT\u00d3N \u00d3PTICO RAZER\u2122<\/strong><\/p>\n<div><\/div>\n<p align=\"center\">Utilizando un haz de luz infrarroja para registrar cada clic, los interruptores de este mouse ergon\u00f3mico se activan con un tiempo de respuesta l\u00edder en la industria de 0,2 milisegundos. Debido a que ya no requiere el contacto f\u00edsico tradicional, esta forma de actuaci\u00f3n elimina la necesidad de retrasar el rebote y nunca provoca clics no deseados, lo que le brinda un control m\u00e1s cercano y una ejecuci\u00f3n impecable.<\/p>\n<div><\/div>\n<\/div>\n<div class=\"detailmodule_image\" align=\"start\"><img decoding=\"async\" class=\"detail-desc-decorate-image aligncenter\" src=\"\/wp-content\/uploads\/replace\/9840b9460e8bcb3f95f89622ef67116b.jpeg\" alt=\"Razer DeathAdder V2 - Halo Infinite Mice\" \/><\/div>\n<div class=\"detailmodule_text\" align=\"start\">\n<div><\/div>\n<p align=\"center\"><strong>SENSOR \u00d3PTICO RAZER FOCUS+<\/strong><\/p>\n<div><\/div>\n<p align=\"center\">Nuestro nuevo sensor mejorado tiene 20.000 DPI l\u00edder en la industria con una precisi\u00f3n de resoluci\u00f3n de 99,6%, lo que garantiza que incluso el movimiento m\u00e1s fino de este mouse ergon\u00f3mico se rastree con consistencia. Equipado con funciones inteligentes, el sensor se vuelve a\u00fan m\u00e1s preciso, lo que permite un nivel agudo de precisi\u00f3n para disparos a la cabeza ganadores.<\/p>\n<div><\/div>\n<\/div>\n<div class=\"detailmodule_image\" align=\"start\"><img decoding=\"async\" class=\"detail-desc-decorate-image aligncenter\" src=\"\/wp-content\/uploads\/replace\/787996178a94ba0ae8b9846388f60817.jpeg\" alt=\"Razer DeathAdder V2 - Halo Infinite Mice\" \/><\/div>\n<div class=\"detailmodule_text\" align=\"start\">\n<div><\/div>\n<p align=\"center\"><strong>CABLE RAZER SPEEDFLEX<\/strong><\/p>\n<div><\/div>\n<p align=\"center\">El cable del Razer DeathAdder V2 tiene mayor flexibilidad y est\u00e1 dise\u00f1ado para producir una resistencia m\u00ednima, de modo que puedas realizar deslizamientos m\u00e1s r\u00e1pidos y fluidos para un mayor grado de control.<\/p>\n<div><\/div>\n<\/div>\n<div class=\"detailmodule_image\" align=\"start\"><img decoding=\"async\" class=\"detail-desc-decorate-image aligncenter\" src=\"\/wp-content\/uploads\/replace\/f4acae106a0901d2ede94b0d6b1224fd.jpeg\" alt=\"Razer DeathAdder V2 - Halo Infinite Mice\" \/><\/div>\n<div class=\"detailmodule_text\" align=\"start\">\n<div><\/div>\n<p align=\"center\"><strong>Y LLENO DE MUCHO M\u00c1S<\/strong><\/p>\n<div><\/div>\n<\/div>\n<div class=\"detailmodule_text\" align=\"start\">\n<div><\/div>\n<p align=\"center\"><strong>TACTILIDAD INSTINCTIVA DE LA RUEDA DE DESPLAZAMIENTO<\/strong><\/p>\n<div><\/div>\n<p align=\"center\">Perfectamente ajustado para un desplazamiento distintivo y con muescas con una resistencia m\u00e1s baja, por lo que recorrer tus armas y ejecutar saltos de conejo se convierte en una verdadera segunda naturaleza.<\/p>\n<\/div>\n<div class=\"detailmodule_text\" align=\"start\">\n<div><\/div>\n<p align=\"center\"><strong>8 BOTONES PROGRAMABLES<\/strong><\/p>\n<div><\/div>\n<p align=\"center\">Este mouse para juegos viene con 8 botones programables que son completamente configurables a trav\u00e9s de Razer Synapse 3, lo que le brinda acceso a macros y funciones secundarias para que cada acci\u00f3n se pueda ejecutar con facilidad.<\/p>\n<\/div>\n<div class=\"detailmodule_text\" align=\"start\">\n<div><\/div>\n<p align=\"center\"><strong>100% PIES DE RAT\u00d3N PTFE<\/strong><\/p>\n<div><\/div>\n<p align=\"center\">Disfrute del suave movimiento del mouse sobre cualquier superficie con las patas del mouse hechas de PTFE de la m\u00e1s alta calidad y pureza, un material utilizado para recubrir sartenes antiadherentes.<\/p>\n<\/div>\n<div class=\"detailmodule_text\" align=\"start\">\n<div><\/div>\n<p align=\"center\"><strong>MEMORIA A BORDO AVANZADA<\/strong><\/p>\n<div><\/div>\n<p align=\"center\">Guarde y almacene hasta 5 configuraciones de perfiles en la memoria integrada y lleve sus configuraciones a cualquier lugar, para que siempre est\u00e9 listo para competir con sus controles preferidos.<\/p>\n<div><\/div>\n<\/div>\n<div class=\"detailmodule_image\" align=\"start\"><img decoding=\"async\" class=\"detail-desc-decorate-image aligncenter\" src=\"\/wp-content\/uploads\/replace\/74f7d5f934204f80dd5a14567671be1a.jpeg\" alt=\"Razer DeathAdder V2 - Halo Infinite Mice\" \/><\/div>\n<div class=\"detailmodule_text\" align=\"start\">\n<div><\/div>\n<p align=\"center\"><strong>IMPULSADO POR RAZER CHROMA\u2122 RGB<\/strong><\/p>\n<div><\/div>\n<p align=\"center\">Con 16,8 millones de colores, innumerables patrones y efectos de iluminaci\u00f3n din\u00e1micos en el juego, experimente una personalizaci\u00f3n RGB completa y una inmersi\u00f3n m\u00e1s profunda con el ecosistema de iluminaci\u00f3n para dispositivos de juego m\u00e1s grande del mundo. Compatible con una lista cada vez mayor de miles de dispositivos y cientos de juegos y aplicaciones, ll\u00e9velo al siguiente nivel con funciones avanzadas como Chroma Studio, Visualizer, Connect y Workshop.<\/p>\n<div><\/div>\n<\/div>\n<div class=\"detailmodule_image\" align=\"start\"><img decoding=\"async\" class=\"detail-desc-decorate-image aligncenter\" src=\"\/wp-content\/uploads\/replace\/4fb6185504c71199038f90bb5929bc39.jpeg\" alt=\"Razer DeathAdder V2 - Halo Infinite Mice\" \/><\/div>\n<div><\/div>\n<\/div>\n<\/div>\n<\/div>\n<\/div>\n<\/div>\n<\/div>\n<\/div>\n<\/div>\n<\/div>\n<\/div>\n<div class=\"comet-v2-divider comet-v2-divider-small split-line--wrap--uquPC9W\"><\/div>\n<div id=\"nav-specification\" data-pl=\"product-specs\">\n<div class=\"title--wrap--wDzGayX\">\n<div class=\"title--text--Lx66GPw\">\n<h1 class=\"title--title--RN9Pt03\">Especificaciones<\/h1>\n<\/div>\n<\/div>\n<ul class=\"specification--list--fiWsSyv\">\n<li class=\"specification--line--iUJOqof\">\n<div class=\"specification--prop--RejitI8\">\n<div class=\"specification--title--UbVeyic\">Peso bruto: 86 g<\/div>\n<\/div>\n<div class=\"specification--prop--RejitI8\">\n<div class=\"specification--title--UbVeyic\">Modo de operaci\u00f3n: optoelectr\u00f3nico<\/div>\n<\/div>\n<\/li>\n<li class=\"specification--line--iUJOqof\">\n<div class=\"specification--prop--RejitI8\">\n<div class=\"specification--title--UbVeyic\">N\u00famero de botones: 8<\/div>\n<\/div>\n<div class=\"specification--prop--RejitI8\">\n<div class=\"specification--title--UbVeyic\">N\u00famero de rodillos: 1 unidad<\/div>\n<\/div>\n<\/li>\n<li class=\"specification--line--iUJOqof\">\n<div class=\"specification--prop--RejitI8\">\n<div class=\"specification--title--UbVeyic\">Orientaci\u00f3n de la mano: derecha<\/div>\n<\/div>\n<div class=\"specification--prop--RejitI8\">\n<div class=\"specification--title--UbVeyic\" data-spm-anchor-id=\"a2g0o.detail.0.i7.48ac57c94car9A\">Paquete: S\u00ed<\/div>\n<\/div>\n<\/li>\n<li class=\"specification--line--iUJOqof\">\n<div class=\"specification--prop--RejitI8\">\n<div class=\"specification--title--UbVeyic\">PPP: 20000<\/div>\n<\/div>\n<div class=\"specification--prop--RejitI8\">\n<div class=\"specification--title--UbVeyic\">Tipo de interfaz: USB<\/div>\n<\/div>\n<\/li>\n<li class=\"specification--line--iUJOqof\">\n<div class=\"specification--prop--RejitI8\">\n<div class=\"specification--title--UbVeyic\">Tipo: CABLEADO<\/div>\n<\/div>\n<div class=\"specification--prop--RejitI8\">\n<div class=\"specification--title--UbVeyic\">Nombre de la marca: Razer<\/div>\n<\/div>\n<\/li>\n<li class=\"specification--line--iUJOqof\">\n<div class=\"specification--prop--RejitI8\">\n<div class=\"specification--title--UbVeyic\">Origen: China continental<\/div>\n<\/div>\n<div class=\"specification--prop--RejitI8\">\n<div class=\"specification--title--UbVeyic\">Certificaci\u00f3n: CE<\/div>\n<\/div>\n<\/li>\n<li class=\"specification--line--iUJOqof\">\n<div class=\"specification--prop--RejitI8\">\n<div class=\"specification--title--UbVeyic\">aceleraci\u00f3n: 50G<\/div>\n<\/div>\n<div class=\"specification--prop--RejitI8\">\n<div class=\"specification--title--UbVeyic\">Velocidad de movimiento: 650 IPS<\/div>\n<\/div>\n<\/li>\n<\/ul>\n<\/div>","protected":false},"excerpt":{"rendered":"<p>Factor de forma: diestro<\/p>\n<p>Conectividad: Cableado \u2013 Cable Razer\u2122 Speedflex<\/p>\n<div class=\"detailmodule_text\" align=\"start\">\n<p class=\"detail-desc-decorate-content\" data-spm-anchor-id=\"a2g0o.detail.1000023.i5.48ac57c94car9A\">Sizes: 5&#8243; x 2.43&#8243; x 1.68&#8243;<\/p>\n<p>Weight: 0.18 Lbs \/ 82 g<\/p>\n<p>Compatibilidad de base: ninguna<\/p>\n<\/div>","protected":false},"featured_media":27786,"template":"","meta":[],"product_brand":[1379],"product_cat":[1322,1331],"product_tag":[],"class_list":{"0":"post-27639","1":"product","2":"type-product","3":"status-publish","4":"has-post-thumbnail","6":"product_brand-razer","7":"product_cat-other-a-brands","8":"product_cat-razer-other-a-brands","10":"first","11":"instock","12":"shipping-taxable","13":"product-type-simple"},"aioseo_notices":[],"aioseo_head":"\n\t\t<!-- All in One SEO Pro 4.5.9.2 - aioseo.com -->\n\t\t<meta name=\"description\" content=\"Form Factor: Right-Handed Connectivity: Wired - Razer\u2122 Speedflex Cable Sizes: 5&quot; x 2.43&quot; x 1.68&quot; Weight: 0.18 Lbs \/ 82 g Dock Compatibility: None\" \/>\n\t\t<meta name=\"robots\" content=\"max-image-preview:large\" \/>\n\t\t<link rel=\"canonical\" href=\"https:\/\/www.rucashk.com\/es\/producto\/razer-deathadder-v2-halo-infinite-mice\/\" \/>\n\t\t<meta name=\"generator\" content=\"All in One SEO Pro (AIOSEO) 4.5.9.2\" \/>\n\t\t<meta property=\"og:locale\" content=\"es_ES\" \/>\n\t\t<meta property=\"og:site_name\" content=\"Rucas - One-stop AIoT Distribution Worldwide\" \/>\n\t\t<meta property=\"og:type\" content=\"article\" \/>\n\t\t<meta property=\"og:title\" content=\"Razer DeathAdder V2 \u2013 Halo Infinite Mice - Rucas - Wholesale and Distribution\" \/>\n\t\t<meta property=\"og:description\" content=\"Form Factor: Right-Handed Connectivity: Wired - Razer\u2122 Speedflex Cable Sizes: 5&quot; x 2.43&quot; x 1.68&quot; Weight: 0.18 Lbs \/ 82 g Dock Compatibility: None\" \/>\n\t\t<meta property=\"og:url\" content=\"https:\/\/www.rucashk.com\/es\/producto\/razer-deathadder-v2-halo-infinite-mice\/\" \/>\n\t\t<meta property=\"og:image\" content=\"https:\/\/www.rucashk.com\/wp-content\/uploads\/replace\/503b8e645f128a97ccde2b6290747646.jpeg\" \/>\n\t\t<meta property=\"og:image:secure_url\" content=\"https:\/\/www.rucashk.com\/wp-content\/uploads\/replace\/503b8e645f128a97ccde2b6290747646.jpeg\" \/>\n\t\t<meta property=\"og:image:width\" content=\"1456\" \/>\n\t\t<meta property=\"og:image:height\" content=\"816\" \/>\n\t\t<meta property=\"article:published_time\" content=\"2024-01-09T16:43:20+00:00\" \/>\n\t\t<meta property=\"article:modified_time\" content=\"2025-06-21T05:52:49+00:00\" \/>\n\t\t<meta name=\"twitter:card\" content=\"summary_large_image\" \/>\n\t\t<meta name=\"twitter:title\" content=\"Razer DeathAdder V2 \u2013 Halo Infinite Mice - Rucas - Wholesale and Distribution\" \/>\n\t\t<meta name=\"twitter:description\" content=\"Form Factor: Right-Handed Connectivity: Wired - Razer\u2122 Speedflex Cable Sizes: 5&quot; x 2.43&quot; x 1.68&quot; Weight: 0.18 Lbs \/ 82 g Dock Compatibility: None\" \/>\n\t\t<meta name=\"twitter:image\" content=\"https:\/\/www.rucashk.com\/wp-content\/uploads\/replace\/503b8e645f128a97ccde2b6290747646.jpeg\" \/>\n\t\t<script type=\"application\/ld+json\" class=\"aioseo-schema\">\n\t\t\t{\"@context\":\"https:\\\/\\\/schema.org\",\"@graph\":[{\"@type\":\"BreadcrumbList\",\"@id\":\"https:\\\/\\\/www.rucashk.com\\\/es\\\/producto\\\/razer-deathadder-v2-halo-infinite-mice\\\/#breadcrumblist\",\"itemListElement\":[{\"@type\":\"ListItem\",\"@id\":\"https:\\\/\\\/www.rucashk.com\\\/es\\\/#listItem\",\"position\":1,\"name\":\"Home\",\"item\":\"https:\\\/\\\/www.rucashk.com\\\/es\\\/\",\"nextItem\":\"https:\\\/\\\/www.rucashk.com\\\/es\\\/producto\\\/razer-deathadder-v2-halo-infinite-mice\\\/#listItem\"},{\"@type\":\"ListItem\",\"@id\":\"https:\\\/\\\/www.rucashk.com\\\/es\\\/producto\\\/razer-deathadder-v2-halo-infinite-mice\\\/#listItem\",\"position\":2,\"name\":\"Razer DeathAdder V2 - Halo Infinite Mice\",\"previousItem\":\"https:\\\/\\\/www.rucashk.com\\\/es\\\/#listItem\"}]},{\"@type\":\"Organization\",\"@id\":\"https:\\\/\\\/www.rucashk.com\\\/es\\\/#organization\",\"name\":\"Rucas\",\"url\":\"https:\\\/\\\/www.rucashk.com\\\/es\\\/\",\"logo\":{\"@type\":\"ImageObject\",\"url\":\"https:\\\/\\\/www.rucashk.com\\\/wp-content\\\/uploads\\\/2023\\\/12\\\/Rucas_campany_logo.png\",\"@id\":\"https:\\\/\\\/www.rucashk.com\\\/es\\\/producto\\\/razer-deathadder-v2-halo-infinite-mice\\\/#organizationLogo\",\"width\":221,\"height\":65},\"image\":{\"@id\":\"https:\\\/\\\/www.rucashk.com\\\/es\\\/#organizationLogo\"}},{\"@type\":\"Person\",\"@id\":\"https:\\\/\\\/www.rucashk.com\\\/es\\\/author\\\/admin\\\/#author\",\"url\":\"https:\\\/\\\/www.rucashk.com\\\/es\\\/author\\\/admin\\\/\",\"name\":\"admin\",\"image\":{\"@type\":\"ImageObject\",\"@id\":\"https:\\\/\\\/www.rucashk.com\\\/es\\\/producto\\\/razer-deathadder-v2-halo-infinite-mice\\\/#authorImage\",\"url\":\"https:\\\/\\\/secure.gravatar.com\\\/avatar\\\/b7c8925b09a27e72b30232f8ecaadbd5af0f70a38c78096863fe51b64f031c24?s=96&d=mm&r=g\",\"width\":96,\"height\":96,\"caption\":\"admin\"}},{\"@type\":\"WebPage\",\"@id\":\"https:\\\/\\\/www.rucashk.com\\\/es\\\/producto\\\/razer-deathadder-v2-halo-infinite-mice\\\/#webpage\",\"url\":\"https:\\\/\\\/www.rucashk.com\\\/es\\\/producto\\\/razer-deathadder-v2-halo-infinite-mice\\\/\",\"name\":\"Razer DeathAdder V2 \\u2013 Halo Infinite Mice - Rucas - Wholesale and Distribution\",\"description\":\"Form Factor: Right-Handed Connectivity: Wired - Razer\\u2122 Speedflex Cable Sizes: 5\\\" x 2.43\\\" x 1.68\\\" Weight: 0.18 Lbs \\\/ 82 g Dock Compatibility: None\",\"inLanguage\":\"es-ES\",\"isPartOf\":{\"@id\":\"https:\\\/\\\/www.rucashk.com\\\/es\\\/#website\"},\"breadcrumb\":{\"@id\":\"https:\\\/\\\/www.rucashk.com\\\/es\\\/producto\\\/razer-deathadder-v2-halo-infinite-mice\\\/#breadcrumblist\"},\"author\":{\"@id\":\"https:\\\/\\\/www.rucashk.com\\\/es\\\/author\\\/admin\\\/#author\"},\"creator\":{\"@id\":\"https:\\\/\\\/www.rucashk.com\\\/es\\\/author\\\/admin\\\/#author\"},\"image\":{\"@type\":\"ImageObject\",\"url\":\"https:\\\/\\\/www.rucashk.com\\\/wp-content\\\/uploads\\\/2024\\\/01\\\/10004-32-1.jpg\",\"@id\":\"https:\\\/\\\/www.rucashk.com\\\/es\\\/producto\\\/razer-deathadder-v2-halo-infinite-mice\\\/#mainImage\",\"width\":800,\"height\":800},\"primaryImageOfPage\":{\"@id\":\"https:\\\/\\\/www.rucashk.com\\\/es\\\/producto\\\/razer-deathadder-v2-halo-infinite-mice\\\/#mainImage\"},\"datePublished\":\"2024-01-09T16:43:20+00:00\",\"dateModified\":\"2025-06-21T05:52:49+00:00\"},{\"@type\":\"WebSite\",\"@id\":\"https:\\\/\\\/www.rucashk.com\\\/es\\\/#website\",\"url\":\"https:\\\/\\\/www.rucashk.com\\\/es\\\/\",\"name\":\"Rucas - Wholesale and distribution worldwide\",\"alternateName\":\"Rucas - One-stop AIoT Distribution Worldwide\",\"description\":\"One-stop AIoT Distribution Worldwide\",\"inLanguage\":\"es-ES\",\"publisher\":{\"@id\":\"https:\\\/\\\/www.rucashk.com\\\/es\\\/#organization\"}}]}\n\t\t<\/script>\n\t\t<!-- All in One SEO Pro -->\r\n\t\t<title>Razer DeathAdder V2 \u2013 Halo Infinite Mice - Rucas - Wholesale and Distribution<\/title>\n\n","aioseo_head_json":{"title":"Razer DeathAdder V2 \u2013 Halo Infinite Mice - Rucas - Wholesale and Distribution","description":"Form Factor: Right-Handed Connectivity: Wired - Razer\u2122 Speedflex Cable Sizes: 5\" x 2.43\" x 1.68\" Weight: 0.18 Lbs \/ 82 g Dock Compatibility: None","canonical_url":"https:\/\/www.rucashk.com\/es\/producto\/razer-deathadder-v2-halo-infinite-mice\/","robots":"max-image-preview:large","keywords":"","webmasterTools":{"miscellaneous":""},"og:locale":"es_ES","og:site_name":"Rucas - One-stop AIoT Distribution Worldwide","og:type":"article","og:title":"Razer DeathAdder V2 \u2013 Halo Infinite Mice - Rucas - Wholesale and Distribution","og:description":"Form Factor: Right-Handed Connectivity: Wired - Razer\u2122 Speedflex Cable Sizes: 5&quot; x 2.43&quot; x 1.68&quot; Weight: 0.18 Lbs \/ 82 g Dock Compatibility: None","og:url":"https:\/\/www.rucashk.com\/es\/producto\/razer-deathadder-v2-halo-infinite-mice\/","og:image":"https:\/\/www.rucashk.com\/wp-content\/uploads\/replace\/503b8e645f128a97ccde2b6290747646.jpeg","og:image:secure_url":"https:\/\/www.rucashk.com\/wp-content\/uploads\/replace\/503b8e645f128a97ccde2b6290747646.jpeg","og:image:width":1456,"og:image:height":816,"article:published_time":"2024-01-09T16:43:20+00:00","article:modified_time":"2025-06-21T05:52:49+00:00","twitter:card":"summary_large_image","twitter:title":"Razer DeathAdder V2 \u2013 Halo Infinite Mice - Rucas - Wholesale and Distribution","twitter:description":"Form Factor: Right-Handed Connectivity: Wired - Razer\u2122 Speedflex Cable Sizes: 5&quot; x 2.43&quot; x 1.68&quot; Weight: 0.18 Lbs \/ 82 g Dock Compatibility: None","twitter:image":"https:\/\/www.rucashk.com\/wp-content\/uploads\/replace\/503b8e645f128a97ccde2b6290747646.jpeg","schema":{"@context":"https:\/\/schema.org","@graph":[{"@type":"BreadcrumbList","@id":"https:\/\/www.rucashk.com\/es\/producto\/razer-deathadder-v2-halo-infinite-mice\/#breadcrumblist","itemListElement":[{"@type":"ListItem","@id":"https:\/\/www.rucashk.com\/es\/#listItem","position":1,"name":"Home","item":"https:\/\/www.rucashk.com\/es\/","nextItem":"https:\/\/www.rucashk.com\/es\/producto\/razer-deathadder-v2-halo-infinite-mice\/#listItem"},{"@type":"ListItem","@id":"https:\/\/www.rucashk.com\/es\/producto\/razer-deathadder-v2-halo-infinite-mice\/#listItem","position":2,"name":"Razer DeathAdder V2 - Halo Infinite Mice","previousItem":"https:\/\/www.rucashk.com\/es\/#listItem"}]},{"@type":"Organization","@id":"https:\/\/www.rucashk.com\/es\/#organization","name":"Rucas","url":"https:\/\/www.rucashk.com\/es\/","logo":{"@type":"ImageObject","url":"https:\/\/www.rucashk.com\/wp-content\/uploads\/2023\/12\/Rucas_campany_logo.png","@id":"https:\/\/www.rucashk.com\/es\/producto\/razer-deathadder-v2-halo-infinite-mice\/#organizationLogo","width":221,"height":65},"image":{"@id":"https:\/\/www.rucashk.com\/es\/#organizationLogo"}},{"@type":"Person","@id":"https:\/\/www.rucashk.com\/es\/author\/admin\/#author","url":"https:\/\/www.rucashk.com\/es\/author\/admin\/","name":"admin","image":{"@type":"ImageObject","@id":"https:\/\/www.rucashk.com\/es\/producto\/razer-deathadder-v2-halo-infinite-mice\/#authorImage","url":"https:\/\/secure.gravatar.com\/avatar\/b7c8925b09a27e72b30232f8ecaadbd5af0f70a38c78096863fe51b64f031c24?s=96&d=mm&r=g","width":96,"height":96,"caption":"admin"}},{"@type":"WebPage","@id":"https:\/\/www.rucashk.com\/es\/producto\/razer-deathadder-v2-halo-infinite-mice\/#webpage","url":"https:\/\/www.rucashk.com\/es\/producto\/razer-deathadder-v2-halo-infinite-mice\/","name":"Razer DeathAdder V2 \u2013 Halo Infinite Mice - Rucas - Wholesale and Distribution","description":"Form Factor: Right-Handed Connectivity: Wired - Razer\u2122 Speedflex Cable Sizes: 5\" x 2.43\" x 1.68\" Weight: 0.18 Lbs \/ 82 g Dock Compatibility: None","inLanguage":"es-ES","isPartOf":{"@id":"https:\/\/www.rucashk.com\/es\/#website"},"breadcrumb":{"@id":"https:\/\/www.rucashk.com\/es\/producto\/razer-deathadder-v2-halo-infinite-mice\/#breadcrumblist"},"author":{"@id":"https:\/\/www.rucashk.com\/es\/author\/admin\/#author"},"creator":{"@id":"https:\/\/www.rucashk.com\/es\/author\/admin\/#author"},"image":{"@type":"ImageObject","url":"https:\/\/www.rucashk.com\/wp-content\/uploads\/2024\/01\/10004-32-1.jpg","@id":"https:\/\/www.rucashk.com\/es\/producto\/razer-deathadder-v2-halo-infinite-mice\/#mainImage","width":800,"height":800},"primaryImageOfPage":{"@id":"https:\/\/www.rucashk.com\/es\/producto\/razer-deathadder-v2-halo-infinite-mice\/#mainImage"},"datePublished":"2024-01-09T16:43:20+00:00","dateModified":"2025-06-21T05:52:49+00:00"},{"@type":"WebSite","@id":"https:\/\/www.rucashk.com\/es\/#website","url":"https:\/\/www.rucashk.com\/es\/","name":"Rucas - Wholesale and distribution worldwide","alternateName":"Rucas - One-stop AIoT Distribution Worldwide","description":"One-stop AIoT Distribution Worldwide","inLanguage":"es-ES","publisher":{"@id":"https:\/\/www.rucashk.com\/es\/#organization"}}]}},"aioseo_meta_data":{"post_id":"27639","title":null,"description":null,"keywords":null,"keyphrases":null,"primary_term":null,"canonical_url":null,"og_title":null,"og_description":null,"og_object_type":"default","og_image_type":"default","og_image_url":null,"og_image_width":null,"og_image_height":null,"og_image_custom_url":null,"og_image_custom_fields":null,"og_video":"","og_custom_url":null,"og_article_section":null,"og_article_tags":null,"twitter_use_og":false,"twitter_card":"default","twitter_image_type":"default","twitter_image_url":null,"twitter_image_custom_url":null,"twitter_image_custom_fields":null,"twitter_title":null,"twitter_description":null,"schema":{"blockGraphs":[],"customGraphs":[],"default":{"data":{"Article":[],"Course":[],"Dataset":[],"FAQPage":[],"Movie":[],"Person":[],"Product":[],"Recipe":[],"Service":[],"SoftwareApplication":[],"WebPage":[]},"graphName":"","isEnabled":true},"graphs":[]},"schema_type":"default","schema_type_options":null,"pillar_content":false,"robots_default":true,"robots_noindex":false,"robots_noarchive":false,"robots_nosnippet":false,"robots_nofollow":false,"robots_noimageindex":false,"robots_noodp":false,"robots_notranslate":false,"robots_max_snippet":"-1","robots_max_videopreview":"-1","robots_max_imagepreview":"large","priority":null,"frequency":"default","local_seo":null,"breadcrumb_settings":null,"limit_modified_date":false,"created":"2024-04-11 01:57:22","updated":"2025-06-22 18:40:55"},"aioseo_breadcrumb":"<div class=\"aioseo-breadcrumbs\"><span class=\"aioseo-breadcrumb\">\n\t<a href=\"https:\/\/www.rucashk.com\/es\" title=\"Home\">Home<\/a>\n<\/span><span class=\"aioseo-breadcrumb-separator\">&raquo;<\/span><span class=\"aioseo-breadcrumb\">\n\t<a href=\"https:\/\/www.rucashk.com\/es\/products\/\" title=\"Productos\">Productos<\/a>\n<\/span><span class=\"aioseo-breadcrumb-separator\">&raquo;<\/span><span class=\"aioseo-breadcrumb\">\n\t<a href=\"https:\/\/www.rucashk.com\/es\/marca\/razer\/\" title=\"Razer\">Razer<\/a>\n<\/span><span class=\"aioseo-breadcrumb-separator\">&raquo;<\/span><span class=\"aioseo-breadcrumb\">\n\tRazer DeathAdder V2 \u2013 Halo Infinite Mice\n<\/span><\/div>","aioseo_breadcrumb_json":[{"label":"Home","link":"https:\/\/www.rucashk.com\/es"},{"label":"Productos","link":"https:\/\/www.rucashk.com\/es\/products\/"},{"label":"Razer","link":"https:\/\/www.rucashk.com\/es\/marca\/razer\/"},{"label":"Razer DeathAdder V2 &#8211; Halo Infinite Mice","link":"https:\/\/www.rucashk.com\/es\/producto\/razer-deathadder-v2-halo-infinite-mice\/"}],"_links":{"self":[{"href":"https:\/\/www.rucashk.com\/es\/wp-json\/wp\/v2\/product\/27639","targetHints":{"allow":["GET"]}}],"collection":[{"href":"https:\/\/www.rucashk.com\/es\/wp-json\/wp\/v2\/product"}],"about":[{"href":"https:\/\/www.rucashk.com\/es\/wp-json\/wp\/v2\/types\/product"}],"wp:featuredmedia":[{"embeddable":true,"href":"https:\/\/www.rucashk.com\/es\/wp-json\/wp\/v2\/media\/27786"}],"wp:attachment":[{"href":"https:\/\/www.rucashk.com\/es\/wp-json\/wp\/v2\/media?parent=27639"}],"wp:term":[{"taxonomy":"product_brand","embeddable":true,"href":"https:\/\/www.rucashk.com\/es\/wp-json\/wp\/v2\/product_brand?post=27639"},{"taxonomy":"product_cat","embeddable":true,"href":"https:\/\/www.rucashk.com\/es\/wp-json\/wp\/v2\/product_cat?post=27639"},{"taxonomy":"product_tag","embeddable":true,"href":"https:\/\/www.rucashk.com\/es\/wp-json\/wp\/v2\/product_tag?post=27639"}],"curies":[{"name":"wp","href":"https:\/\/api.w.org\/{rel}","templated":true}]}}