{"id":27615,"date":"2024-01-09T16:42:58","date_gmt":"2024-01-09T16:42:58","guid":{"rendered":"http:\/\/rucashk.com\/?post_type=product&#038;p=27615"},"modified":"2025-06-21T05:54:02","modified_gmt":"2025-06-21T05:54:02","slug":"razer-deathadder-v2-pro-genshin-impact-edition-mice","status":"publish","type":"product","link":"https:\/\/www.rucashk.com\/es\/producto\/razer-deathadder-v2-pro-genshin-impact-edition-mice\/","title":{"rendered":"Razer DeathAdder V2 Pro \u2013 Ratones Genshin Impact Edition"},"content":{"rendered":"<p align=\"center\" data-spm-anchor-id=\"a2g0o.detail.1000023.i0.56e2LeXOLeXOSR\"><strong>GUIANDO TU MANO<\/strong><\/p>\n<p align=\"center\">No importa en qu\u00e9 constelaci\u00f3n hayas elegido, deja que las estrellas se alineen y apunten con precisi\u00f3n con un mouse ergon\u00f3mico inal\u00e1mbrico de primer nivel que es extremadamente c\u00f3modo de usar y est\u00e1 equipado con nuestros \u00faltimos interruptores, sensores y el ultrarr\u00e1pido Razer HyperSpeed Wireless.<\/p>\n<p><img decoding=\"async\" class=\"aligncenter\" src=\"\/wp-content\/uploads\/replace\/aed9a57356c6517a6f590f0655ec715d.png\" alt=\"Razer DeathAdder V2 Pro - Genshin Impact Edition Mice\" \/><\/p>\n<p align=\"center\"><strong>RAZER\u2122 HIPERVELOCIDAD INAL\u00c1MBRICA<\/strong><\/p>\n<p align=\"center\">25% m\u00e1s r\u00e1pido que cualquier otra tecnolog\u00eda inal\u00e1mbrica disponible, ni siquiera te dar\u00e1s cuenta de que est\u00e1s usando un mouse inal\u00e1mbrico para juegos debido a su transmisi\u00f3n de alta velocidad, latencia de clic m\u00e1s baja y conmutaci\u00f3n de frecuencia perfecta en los entornos m\u00e1s ruidosos y saturados de datos.<\/p>\n<p><img decoding=\"async\" class=\"aligncenter\" src=\"\/wp-content\/uploads\/replace\/1bce4ea08a8ca882a3776265b8cc2c43.jpeg\" alt=\"Razer DeathAdder V2 Pro - Genshin Impact Edition Mice\" \/><\/p>\n<p align=\"center\"><strong>SENSOR \u00d3PTICO RAZER\u2122 FOCUS+<\/strong><\/p>\n<p align=\"center\">Nuestro sensor nuevo y mejorado tiene 20.000 DPI l\u00edder en la industria con una precisi\u00f3n de resoluci\u00f3n de 99,6%, lo que garantiza que incluso el movimiento m\u00e1s fino de este mouse inal\u00e1mbrico y ergon\u00f3mico para juegos se rastree con consistencia. Equipado con funciones inteligentes, el sensor se vuelve a\u00fan m\u00e1s preciso, lo que permite un nivel agudo de precisi\u00f3n para disparos a la cabeza ganadores.<\/p>\n<p><img decoding=\"async\" class=\"aligncenter\" src=\"\/wp-content\/uploads\/replace\/563ddf32bfea9cf46089c91b9dbf83fc.png\" alt=\"Razer DeathAdder V2 Pro - Genshin Impact Edition Mice\" \/><\/p>\n<p align=\"center\"><strong>INTERRUPTOR DE RAT\u00d3N \u00d3PTICO RAZER\u2122 DE 2.\u00aa GEN.<\/strong><\/p>\n<p align=\"center\">Mejorado con una mayor respuesta t\u00e1ctil, cada clic ahora se siente y suena m\u00e1s satisfactorio: se activa a trav\u00e9s de un haz de luz infrarroja para un tiempo de respuesta l\u00edder en la industria de 0,2 ms. Debido a que esta forma de actuaci\u00f3n ya no requiere el contacto f\u00edsico tradicional, elimina la necesidad de retrasar el rebote y nunca provoca clics no deseados, lo que le brinda un control m\u00e1s cercano y una ejecuci\u00f3n impecable.<\/p>\n<p><img decoding=\"async\" class=\"aligncenter\" src=\"\/wp-content\/uploads\/replace\/f6eff806e51c048b2abae26ac6986578.png\" alt=\"Razer DeathAdder V2 Pro - Genshin Impact Edition Mice\" \/><\/p>\n<p align=\"center\"><strong>MEMORIA A BORDO AVANZADA<\/strong><\/p>\n<p align=\"center\">Prep\u00e1rate para competir en cualquier lugar con hasta 5 perfiles almacenados que te brindan acceso a dise\u00f1os de combinaci\u00f3n de teclas \u00f3ptimos, macros y el doble de entradas a trav\u00e9s de la funci\u00f3n Razer Hypershift.<\/p>\n<p align=\"center\"><strong>CARGA COMPATIBLE CON RAZER<\/strong><\/p>\n<p align=\"center\">MUELLE PARA RAT\u00d3N CHROMA*<\/p>\n<p align=\"center\">El Razer DeathAdder V2 Pro funciona con la misma base para mouse que se usa para cargar Razer Viper Ultimate o Razer Basilisk Ultimate: la actualizaci\u00f3n perfecta para su estaci\u00f3n de batalla RGB que se puede comprar por separado.<\/p>\n<p align=\"center\"><strong>TACTILIDAD DE LA RUEDA DE DESPLAZAMIENTO AJUSTADA<\/strong><\/p>\n<p align=\"center\">Al ofrecer una respuesta satisfactoria con una sensaci\u00f3n distintiva y con muescas, la rueda de desplazamiento tambi\u00e9n tiene una resistencia de desplazamiento m\u00e1s baja que se siente m\u00e1s f\u00e1cil y liviana de usar, por lo que recorrer las armas y ejecutar saltos de conejo se convierte en una verdadera segunda naturaleza.<\/p>\n<p align=\"center\"><strong>MOLDEADO POR INYECCI\u00d3N<\/strong><\/p>\n<p align=\"center\">PU\u00d1OS LATERALES DE GOMA<\/p>\n<p align=\"center\">Para deslizamientos m\u00e1s seguros, el mouse tiene agarres de goma que cubren completamente su lado izquierdo y derecho, moldeados como parte de la carcasa para garantizar que nunca se despeguen.<\/p>\n<p align=\"center\"><strong>100% PIES DE RAT\u00d3N PTFE<\/strong><\/p>\n<p align=\"center\">Disfrute del suave movimiento del mouse sobre cualquier superficie<\/p>\n<p><img decoding=\"async\" class=\"aligncenter\" src=\"\/wp-content\/uploads\/replace\/5ab0bfbc49772338fc14640713df8e28.png\" alt=\"Razer DeathAdder V2 Pro - Genshin Impact Edition Mice\" \/><\/p>\n<p align=\"center\"><strong>DEJAR CONTROLAR<\/strong><\/p>\n<p align=\"center\"><strong>TOMAR VUELO<\/strong><\/p>\n<p align=\"center\">Haga que su mouse se mueva con tanta facilidad como lo hace Paimon, mientras se desliza sobre la suave superficie de tela microtexturizada de la suave alfombra, sostenida por una base de goma antideslizante para un control estable.<\/p>\n<p><img decoding=\"async\" class=\"aligncenter\" src=\"\/wp-content\/uploads\/replace\/364e1875ed6911cf7e99d0fbced5e54b.png\" alt=\"Razer DeathAdder V2 Pro - Genshin Impact Edition Mice\" \/><\/p>\n<p align=\"center\"><strong>OPTIMIZADO PARA TODA SENSIBILIDAD<\/strong><\/p>\n<p align=\"center\">AJUSTES Y SENSORES<\/p>\n<p align=\"center\">Sensor \u00f3ptico o l\u00e1ser de baja o alta sensibilidad: cualquiera que sea su configuraci\u00f3n de sensibilidad o su mouse para juegos preferido, el Razer Goliathus ofrece una capacidad de respuesta de seguimiento total para un control confiable y constante en el juego.<\/p>\n<p><img decoding=\"async\" class=\"aligncenter\" src=\"\/wp-content\/uploads\/replace\/302cb185f4e08672b2897308080638db.png\" alt=\"Razer DeathAdder V2 Pro - Genshin Impact Edition Mice\" \/><\/p>\n<p align=\"center\"><strong>M\u00c1S QUE ALIMENTOS DE EMERGENCIA<\/strong><\/p>\n<p align=\"center\">Como nuestra gu\u00eda en Teyvat, Paimon nunca dej\u00f3 de apoyar a los viajeros en sus aventuras. Pero ahora ella est\u00e1 aqu\u00ed para mejorar a\u00fan m\u00e1s tu juego. Mejora tu juego y experimenta su magia de primera mano con nuestro equipo oficial Genshin Impact Edition. \u00bfNo te alegra haberla sacado de ese lago?<\/p>\n<p><img decoding=\"async\" class=\"aligncenter\" src=\"\/wp-content\/uploads\/replace\/04fa47c8dfed3d7c9e45daafc9dc3ce6.png\" alt=\"Razer DeathAdder V2 Pro - Genshin Impact Edition Mice\" \/><\/p>\n<p>&nbsp;<\/p>\n<div class=\"title--wrap--wDzGayX\">\n<div class=\"title--text--Lx66GPw\">\n<h1 class=\"title--title--RN9Pt03\">Especificaciones<\/h1>\n<\/div>\n<\/div>\n<ul class=\"specification--list--fiWsSyv\">\n<li class=\"specification--line--iUJOqof\">\n<div class=\"specification--prop--RejitI8\">\n<div class=\"specification--title--UbVeyic\">Modo de operaci\u00f3n: optoelectr\u00f3nico<\/div>\n<\/div>\n<div class=\"specification--prop--RejitI8\">\n<div class=\"specification--title--UbVeyic\">Tipo de energ\u00eda: recargable<\/div>\n<\/div>\n<\/li>\n<li class=\"specification--line--iUJOqof\">\n<div class=\"specification--prop--RejitI8\">\n<div class=\"specification--title--UbVeyic\">N\u00famero de rodillos: 1 unidad<\/div>\n<\/div>\n<div class=\"specification--prop--RejitI8\">\n<div class=\"specification--title--UbVeyic\">Orientaci\u00f3n de la mano: derecha<\/div>\n<\/div>\n<\/li>\n<li class=\"specification--line--iUJOqof\">\n<div class=\"specification--prop--RejitI8\">\n<div class=\"specification--title--UbVeyic\">Paquete: S\u00ed<\/div>\n<\/div>\n<div class=\"specification--prop--RejitI8\">\n<div class=\"specification--title--UbVeyic\">PPP: 20000<\/div>\n<\/div>\n<\/li>\n<li class=\"specification--line--iUJOqof\">\n<div class=\"specification--prop--RejitI8\">\n<div class=\"specification--title--UbVeyic\">Tipo: Inal\u00e1mbrico de 2,4 Ghz<\/div>\n<\/div>\n<div class=\"specification--prop--RejitI8\">\n<div class=\"specification--title--UbVeyic\">Nombre de la marca: Razer<\/div>\n<\/div>\n<\/li>\n<li class=\"specification--line--iUJOqof\">\n<div class=\"specification--prop--RejitI8\">\n<div class=\"specification--title--UbVeyic\">Origen: China continental<\/div>\n<\/div>\n<div class=\"specification--prop--RejitI8\">\n<div class=\"specification--title--UbVeyic\">Certificaci\u00f3n: CE<\/div>\n<\/div>\n<\/li>\n<\/ul>","protected":false},"excerpt":{"rendered":"<p style=\"font-weight: 400\"><span data-spm-anchor-id=\"a2g0o.detail.1000023.i3.2afbqQ1eqQ1eCJ\">Factor de forma: diestro<\/span><\/p>\n<p style=\"font-weight: 400\">Conectividad: Razer\u2122 Hyperspeed Wireless<\/p>\n<p style=\"font-weight: 400\">\u00a0 \u00a0 \u00a0 \u00a0 \u00a0 \u00a0 \u00a0 \u00a0 \u00a0 \u00a0 Wired &#8211; Speedflex Cable<\/p>\n<p style=\"font-weight: 400\" data-spm-anchor-id=\"a2g0o.detail.1000023.i2.2afbqQ1eqQ1eCJ\">\u00a0 \u00a0 \u00a0 \u00a0 \u00a0 \u00a0 \u00a0 \u00a0 \u00a0 \u00a0 Bluetooth<\/p>\n<p>Sizes: \u00a05&#8243; x 2.43&#8243; x 1.68&#8243;<\/p>\n<p>Weight: 0.194 Lbs \/ 88 g (Excluding Dongle)<\/p>","protected":false},"featured_media":27781,"template":"","meta":[],"product_brand":[1379],"product_cat":[1322,1331],"product_tag":[],"class_list":{"0":"post-27615","1":"product","2":"type-product","3":"status-publish","4":"has-post-thumbnail","6":"product_brand-razer","7":"product_cat-other-a-brands","8":"product_cat-razer-other-a-brands","10":"first","11":"instock","12":"shipping-taxable","13":"product-type-simple"},"aioseo_notices":[],"aioseo_head":"\n\t\t<!-- All in One SEO Pro 4.5.9.2 - aioseo.com -->\n\t\t<meta name=\"description\" content=\"Form Factor: Right-Handed Connectivity: Razer\u2122 Hyperspeed Wireless Wired - Speedflex Cable Bluetooth Sizes: 5&quot; x 2.43&quot; x 1.68&quot; Weight: 0.194 Lbs \/ 88 g (Excluding Dongle)\" \/>\n\t\t<meta name=\"robots\" content=\"max-image-preview:large\" \/>\n\t\t<link rel=\"canonical\" href=\"https:\/\/www.rucashk.com\/es\/producto\/razer-deathadder-v2-pro-genshin-impact-edition-mice\/\" \/>\n\t\t<meta name=\"generator\" content=\"All in One SEO Pro (AIOSEO) 4.5.9.2\" \/>\n\t\t<meta property=\"og:locale\" content=\"es_ES\" \/>\n\t\t<meta property=\"og:site_name\" content=\"Rucas - One-stop AIoT Distribution Worldwide\" \/>\n\t\t<meta property=\"og:type\" content=\"article\" \/>\n\t\t<meta property=\"og:title\" content=\"Razer DeathAdder V2 Pro \u2013 Genshin Impact Edition Mice - Rucas - Wholesale and Distribution\" \/>\n\t\t<meta property=\"og:description\" content=\"Form Factor: Right-Handed Connectivity: Razer\u2122 Hyperspeed Wireless Wired - Speedflex Cable Bluetooth Sizes: 5&quot; x 2.43&quot; x 1.68&quot; Weight: 0.194 Lbs \/ 88 g (Excluding Dongle)\" \/>\n\t\t<meta property=\"og:url\" content=\"https:\/\/www.rucashk.com\/es\/producto\/razer-deathadder-v2-pro-genshin-impact-edition-mice\/\" \/>\n\t\t<meta property=\"og:image\" content=\"https:\/\/www.rucashk.com\/wp-content\/uploads\/replace\/503b8e645f128a97ccde2b6290747646.jpeg\" \/>\n\t\t<meta property=\"og:image:secure_url\" content=\"https:\/\/www.rucashk.com\/wp-content\/uploads\/replace\/503b8e645f128a97ccde2b6290747646.jpeg\" \/>\n\t\t<meta property=\"og:image:width\" content=\"1456\" \/>\n\t\t<meta property=\"og:image:height\" content=\"816\" \/>\n\t\t<meta property=\"article:published_time\" content=\"2024-01-09T16:42:58+00:00\" \/>\n\t\t<meta property=\"article:modified_time\" content=\"2025-06-21T05:54:02+00:00\" \/>\n\t\t<meta name=\"twitter:card\" content=\"summary_large_image\" \/>\n\t\t<meta name=\"twitter:title\" content=\"Razer DeathAdder V2 Pro \u2013 Genshin Impact Edition Mice - Rucas - Wholesale and Distribution\" \/>\n\t\t<meta name=\"twitter:description\" content=\"Form Factor: Right-Handed Connectivity: Razer\u2122 Hyperspeed Wireless Wired - Speedflex Cable Bluetooth Sizes: 5&quot; x 2.43&quot; x 1.68&quot; Weight: 0.194 Lbs \/ 88 g (Excluding Dongle)\" \/>\n\t\t<meta name=\"twitter:image\" content=\"https:\/\/www.rucashk.com\/wp-content\/uploads\/replace\/503b8e645f128a97ccde2b6290747646.jpeg\" \/>\n\t\t<script type=\"application\/ld+json\" class=\"aioseo-schema\">\n\t\t\t{\"@context\":\"https:\\\/\\\/schema.org\",\"@graph\":[{\"@type\":\"BreadcrumbList\",\"@id\":\"https:\\\/\\\/www.rucashk.com\\\/es\\\/producto\\\/razer-deathadder-v2-pro-genshin-impact-edition-mice\\\/#breadcrumblist\",\"itemListElement\":[{\"@type\":\"ListItem\",\"@id\":\"https:\\\/\\\/www.rucashk.com\\\/es\\\/#listItem\",\"position\":1,\"name\":\"Home\",\"item\":\"https:\\\/\\\/www.rucashk.com\\\/es\\\/\",\"nextItem\":\"https:\\\/\\\/www.rucashk.com\\\/es\\\/producto\\\/razer-deathadder-v2-pro-genshin-impact-edition-mice\\\/#listItem\"},{\"@type\":\"ListItem\",\"@id\":\"https:\\\/\\\/www.rucashk.com\\\/es\\\/producto\\\/razer-deathadder-v2-pro-genshin-impact-edition-mice\\\/#listItem\",\"position\":2,\"name\":\"Razer DeathAdder V2 Pro - Genshin Impact Edition Mice\",\"previousItem\":\"https:\\\/\\\/www.rucashk.com\\\/es\\\/#listItem\"}]},{\"@type\":\"Organization\",\"@id\":\"https:\\\/\\\/www.rucashk.com\\\/es\\\/#organization\",\"name\":\"Rucas\",\"url\":\"https:\\\/\\\/www.rucashk.com\\\/es\\\/\",\"logo\":{\"@type\":\"ImageObject\",\"url\":\"https:\\\/\\\/www.rucashk.com\\\/wp-content\\\/uploads\\\/2023\\\/12\\\/Rucas_campany_logo.png\",\"@id\":\"https:\\\/\\\/www.rucashk.com\\\/es\\\/producto\\\/razer-deathadder-v2-pro-genshin-impact-edition-mice\\\/#organizationLogo\",\"width\":221,\"height\":65},\"image\":{\"@id\":\"https:\\\/\\\/www.rucashk.com\\\/es\\\/#organizationLogo\"}},{\"@type\":\"Person\",\"@id\":\"https:\\\/\\\/www.rucashk.com\\\/es\\\/author\\\/admin\\\/#author\",\"url\":\"https:\\\/\\\/www.rucashk.com\\\/es\\\/author\\\/admin\\\/\",\"name\":\"admin\",\"image\":{\"@type\":\"ImageObject\",\"@id\":\"https:\\\/\\\/www.rucashk.com\\\/es\\\/producto\\\/razer-deathadder-v2-pro-genshin-impact-edition-mice\\\/#authorImage\",\"url\":\"https:\\\/\\\/secure.gravatar.com\\\/avatar\\\/b7c8925b09a27e72b30232f8ecaadbd5af0f70a38c78096863fe51b64f031c24?s=96&d=mm&r=g\",\"width\":96,\"height\":96,\"caption\":\"admin\"}},{\"@type\":\"WebPage\",\"@id\":\"https:\\\/\\\/www.rucashk.com\\\/es\\\/producto\\\/razer-deathadder-v2-pro-genshin-impact-edition-mice\\\/#webpage\",\"url\":\"https:\\\/\\\/www.rucashk.com\\\/es\\\/producto\\\/razer-deathadder-v2-pro-genshin-impact-edition-mice\\\/\",\"name\":\"Razer DeathAdder V2 Pro \\u2013 Genshin Impact Edition Mice - Rucas - Wholesale and Distribution\",\"description\":\"Form Factor: Right-Handed Connectivity: Razer\\u2122 Hyperspeed Wireless Wired - Speedflex Cable Bluetooth Sizes: 5\\\" x 2.43\\\" x 1.68\\\" Weight: 0.194 Lbs \\\/ 88 g (Excluding Dongle)\",\"inLanguage\":\"es-ES\",\"isPartOf\":{\"@id\":\"https:\\\/\\\/www.rucashk.com\\\/es\\\/#website\"},\"breadcrumb\":{\"@id\":\"https:\\\/\\\/www.rucashk.com\\\/es\\\/producto\\\/razer-deathadder-v2-pro-genshin-impact-edition-mice\\\/#breadcrumblist\"},\"author\":{\"@id\":\"https:\\\/\\\/www.rucashk.com\\\/es\\\/author\\\/admin\\\/#author\"},\"creator\":{\"@id\":\"https:\\\/\\\/www.rucashk.com\\\/es\\\/author\\\/admin\\\/#author\"},\"image\":{\"@type\":\"ImageObject\",\"url\":\"https:\\\/\\\/www.rucashk.com\\\/wp-content\\\/uploads\\\/2024\\\/01\\\/10002-35-1.jpg\",\"@id\":\"https:\\\/\\\/www.rucashk.com\\\/es\\\/producto\\\/razer-deathadder-v2-pro-genshin-impact-edition-mice\\\/#mainImage\",\"width\":800,\"height\":800},\"primaryImageOfPage\":{\"@id\":\"https:\\\/\\\/www.rucashk.com\\\/es\\\/producto\\\/razer-deathadder-v2-pro-genshin-impact-edition-mice\\\/#mainImage\"},\"datePublished\":\"2024-01-09T16:42:58+00:00\",\"dateModified\":\"2025-06-21T05:54:02+00:00\"},{\"@type\":\"WebSite\",\"@id\":\"https:\\\/\\\/www.rucashk.com\\\/es\\\/#website\",\"url\":\"https:\\\/\\\/www.rucashk.com\\\/es\\\/\",\"name\":\"Rucas - Wholesale and distribution worldwide\",\"alternateName\":\"Rucas - One-stop AIoT Distribution Worldwide\",\"description\":\"One-stop AIoT Distribution Worldwide\",\"inLanguage\":\"es-ES\",\"publisher\":{\"@id\":\"https:\\\/\\\/www.rucashk.com\\\/es\\\/#organization\"}}]}\n\t\t<\/script>\n\t\t<!-- All in One SEO Pro -->\r\n\t\t<title>Razer DeathAdder V2 Pro \u2013 Genshin Impact Edition Mice - Rucas - Wholesale and Distribution<\/title>\n\n","aioseo_head_json":{"title":"Razer DeathAdder V2 Pro \u2013 Genshin Impact Edition Mice - Rucas - Wholesale and Distribution","description":"Form Factor: Right-Handed Connectivity: Razer\u2122 Hyperspeed Wireless Wired - Speedflex Cable Bluetooth Sizes: 5\" x 2.43\" x 1.68\" Weight: 0.194 Lbs \/ 88 g (Excluding Dongle)","canonical_url":"https:\/\/www.rucashk.com\/es\/producto\/razer-deathadder-v2-pro-genshin-impact-edition-mice\/","robots":"max-image-preview:large","keywords":"","webmasterTools":{"miscellaneous":""},"og:locale":"es_ES","og:site_name":"Rucas - One-stop AIoT Distribution Worldwide","og:type":"article","og:title":"Razer DeathAdder V2 Pro \u2013 Genshin Impact Edition Mice - Rucas - Wholesale and Distribution","og:description":"Form Factor: Right-Handed Connectivity: Razer\u2122 Hyperspeed Wireless Wired - Speedflex Cable Bluetooth Sizes: 5&quot; x 2.43&quot; x 1.68&quot; Weight: 0.194 Lbs \/ 88 g (Excluding Dongle)","og:url":"https:\/\/www.rucashk.com\/es\/producto\/razer-deathadder-v2-pro-genshin-impact-edition-mice\/","og:image":"https:\/\/www.rucashk.com\/wp-content\/uploads\/replace\/503b8e645f128a97ccde2b6290747646.jpeg","og:image:secure_url":"https:\/\/www.rucashk.com\/wp-content\/uploads\/replace\/503b8e645f128a97ccde2b6290747646.jpeg","og:image:width":1456,"og:image:height":816,"article:published_time":"2024-01-09T16:42:58+00:00","article:modified_time":"2025-06-21T05:54:02+00:00","twitter:card":"summary_large_image","twitter:title":"Razer DeathAdder V2 Pro \u2013 Genshin Impact Edition Mice - Rucas - Wholesale and Distribution","twitter:description":"Form Factor: Right-Handed Connectivity: Razer\u2122 Hyperspeed Wireless Wired - Speedflex Cable Bluetooth Sizes: 5&quot; x 2.43&quot; x 1.68&quot; Weight: 0.194 Lbs \/ 88 g (Excluding Dongle)","twitter:image":"https:\/\/www.rucashk.com\/wp-content\/uploads\/replace\/503b8e645f128a97ccde2b6290747646.jpeg","schema":{"@context":"https:\/\/schema.org","@graph":[{"@type":"BreadcrumbList","@id":"https:\/\/www.rucashk.com\/es\/producto\/razer-deathadder-v2-pro-genshin-impact-edition-mice\/#breadcrumblist","itemListElement":[{"@type":"ListItem","@id":"https:\/\/www.rucashk.com\/es\/#listItem","position":1,"name":"Home","item":"https:\/\/www.rucashk.com\/es\/","nextItem":"https:\/\/www.rucashk.com\/es\/producto\/razer-deathadder-v2-pro-genshin-impact-edition-mice\/#listItem"},{"@type":"ListItem","@id":"https:\/\/www.rucashk.com\/es\/producto\/razer-deathadder-v2-pro-genshin-impact-edition-mice\/#listItem","position":2,"name":"Razer DeathAdder V2 Pro - Genshin Impact Edition Mice","previousItem":"https:\/\/www.rucashk.com\/es\/#listItem"}]},{"@type":"Organization","@id":"https:\/\/www.rucashk.com\/es\/#organization","name":"Rucas","url":"https:\/\/www.rucashk.com\/es\/","logo":{"@type":"ImageObject","url":"https:\/\/www.rucashk.com\/wp-content\/uploads\/2023\/12\/Rucas_campany_logo.png","@id":"https:\/\/www.rucashk.com\/es\/producto\/razer-deathadder-v2-pro-genshin-impact-edition-mice\/#organizationLogo","width":221,"height":65},"image":{"@id":"https:\/\/www.rucashk.com\/es\/#organizationLogo"}},{"@type":"Person","@id":"https:\/\/www.rucashk.com\/es\/author\/admin\/#author","url":"https:\/\/www.rucashk.com\/es\/author\/admin\/","name":"admin","image":{"@type":"ImageObject","@id":"https:\/\/www.rucashk.com\/es\/producto\/razer-deathadder-v2-pro-genshin-impact-edition-mice\/#authorImage","url":"https:\/\/secure.gravatar.com\/avatar\/b7c8925b09a27e72b30232f8ecaadbd5af0f70a38c78096863fe51b64f031c24?s=96&d=mm&r=g","width":96,"height":96,"caption":"admin"}},{"@type":"WebPage","@id":"https:\/\/www.rucashk.com\/es\/producto\/razer-deathadder-v2-pro-genshin-impact-edition-mice\/#webpage","url":"https:\/\/www.rucashk.com\/es\/producto\/razer-deathadder-v2-pro-genshin-impact-edition-mice\/","name":"Razer DeathAdder V2 Pro \u2013 Genshin Impact Edition Mice - Rucas - Wholesale and Distribution","description":"Form Factor: Right-Handed Connectivity: Razer\u2122 Hyperspeed Wireless Wired - Speedflex Cable Bluetooth Sizes: 5\" x 2.43\" x 1.68\" Weight: 0.194 Lbs \/ 88 g (Excluding Dongle)","inLanguage":"es-ES","isPartOf":{"@id":"https:\/\/www.rucashk.com\/es\/#website"},"breadcrumb":{"@id":"https:\/\/www.rucashk.com\/es\/producto\/razer-deathadder-v2-pro-genshin-impact-edition-mice\/#breadcrumblist"},"author":{"@id":"https:\/\/www.rucashk.com\/es\/author\/admin\/#author"},"creator":{"@id":"https:\/\/www.rucashk.com\/es\/author\/admin\/#author"},"image":{"@type":"ImageObject","url":"https:\/\/www.rucashk.com\/wp-content\/uploads\/2024\/01\/10002-35-1.jpg","@id":"https:\/\/www.rucashk.com\/es\/producto\/razer-deathadder-v2-pro-genshin-impact-edition-mice\/#mainImage","width":800,"height":800},"primaryImageOfPage":{"@id":"https:\/\/www.rucashk.com\/es\/producto\/razer-deathadder-v2-pro-genshin-impact-edition-mice\/#mainImage"},"datePublished":"2024-01-09T16:42:58+00:00","dateModified":"2025-06-21T05:54:02+00:00"},{"@type":"WebSite","@id":"https:\/\/www.rucashk.com\/es\/#website","url":"https:\/\/www.rucashk.com\/es\/","name":"Rucas - Wholesale and distribution worldwide","alternateName":"Rucas - One-stop AIoT Distribution Worldwide","description":"One-stop AIoT Distribution Worldwide","inLanguage":"es-ES","publisher":{"@id":"https:\/\/www.rucashk.com\/es\/#organization"}}]}},"aioseo_meta_data":{"post_id":"27615","title":null,"description":null,"keywords":null,"keyphrases":null,"primary_term":null,"canonical_url":null,"og_title":null,"og_description":null,"og_object_type":"default","og_image_type":"default","og_image_url":null,"og_image_width":null,"og_image_height":null,"og_image_custom_url":null,"og_image_custom_fields":null,"og_video":"","og_custom_url":null,"og_article_section":null,"og_article_tags":null,"twitter_use_og":false,"twitter_card":"default","twitter_image_type":"default","twitter_image_url":null,"twitter_image_custom_url":null,"twitter_image_custom_fields":null,"twitter_title":null,"twitter_description":null,"schema":{"blockGraphs":[],"customGraphs":[],"default":{"data":{"Article":[],"Course":[],"Dataset":[],"FAQPage":[],"Movie":[],"Person":[],"Product":[],"Recipe":[],"Service":[],"SoftwareApplication":[],"WebPage":[]},"graphName":"","isEnabled":true},"graphs":[]},"schema_type":"default","schema_type_options":null,"pillar_content":false,"robots_default":true,"robots_noindex":false,"robots_noarchive":false,"robots_nosnippet":false,"robots_nofollow":false,"robots_noimageindex":false,"robots_noodp":false,"robots_notranslate":false,"robots_max_snippet":"-1","robots_max_videopreview":"-1","robots_max_imagepreview":"large","priority":null,"frequency":"default","local_seo":null,"breadcrumb_settings":null,"limit_modified_date":false,"created":"2024-04-11 01:57:22","updated":"2025-06-22 18:40:01"},"aioseo_breadcrumb":"<div class=\"aioseo-breadcrumbs\"><span class=\"aioseo-breadcrumb\">\n\t<a href=\"https:\/\/www.rucashk.com\/es\" title=\"Home\">Home<\/a>\n<\/span><span class=\"aioseo-breadcrumb-separator\">&raquo;<\/span><span class=\"aioseo-breadcrumb\">\n\t<a href=\"https:\/\/www.rucashk.com\/es\/products\/\" title=\"Productos\">Productos<\/a>\n<\/span><span class=\"aioseo-breadcrumb-separator\">&raquo;<\/span><span class=\"aioseo-breadcrumb\">\n\t<a href=\"https:\/\/www.rucashk.com\/es\/marca\/razer\/\" title=\"Razer\">Razer<\/a>\n<\/span><span class=\"aioseo-breadcrumb-separator\">&raquo;<\/span><span class=\"aioseo-breadcrumb\">\n\tRazer DeathAdder V2 Pro \u2013 Genshin Impact Edition Mice\n<\/span><\/div>","aioseo_breadcrumb_json":[{"label":"Home","link":"https:\/\/www.rucashk.com\/es"},{"label":"Productos","link":"https:\/\/www.rucashk.com\/es\/products\/"},{"label":"Razer","link":"https:\/\/www.rucashk.com\/es\/marca\/razer\/"},{"label":"Razer DeathAdder V2 Pro &#8211; Genshin Impact Edition Mice","link":"https:\/\/www.rucashk.com\/es\/producto\/razer-deathadder-v2-pro-genshin-impact-edition-mice\/"}],"_links":{"self":[{"href":"https:\/\/www.rucashk.com\/es\/wp-json\/wp\/v2\/product\/27615","targetHints":{"allow":["GET"]}}],"collection":[{"href":"https:\/\/www.rucashk.com\/es\/wp-json\/wp\/v2\/product"}],"about":[{"href":"https:\/\/www.rucashk.com\/es\/wp-json\/wp\/v2\/types\/product"}],"wp:featuredmedia":[{"embeddable":true,"href":"https:\/\/www.rucashk.com\/es\/wp-json\/wp\/v2\/media\/27781"}],"wp:attachment":[{"href":"https:\/\/www.rucashk.com\/es\/wp-json\/wp\/v2\/media?parent=27615"}],"wp:term":[{"taxonomy":"product_brand","embeddable":true,"href":"https:\/\/www.rucashk.com\/es\/wp-json\/wp\/v2\/product_brand?post=27615"},{"taxonomy":"product_cat","embeddable":true,"href":"https:\/\/www.rucashk.com\/es\/wp-json\/wp\/v2\/product_cat?post=27615"},{"taxonomy":"product_tag","embeddable":true,"href":"https:\/\/www.rucashk.com\/es\/wp-json\/wp\/v2\/product_tag?post=27615"}],"curies":[{"name":"wp","href":"https:\/\/api.w.org\/{rel}","templated":true}]}}