{"id":27614,"date":"2024-01-09T16:42:58","date_gmt":"2024-01-09T16:42:58","guid":{"rendered":"http:\/\/rucashk.com\/?post_type=product&#038;p=27614"},"modified":"2025-06-21T05:53:25","modified_gmt":"2025-06-21T05:53:25","slug":"razer-deathadder-v3-mice","status":"publish","type":"product","link":"https:\/\/www.rucashk.com\/es\/producto\/razer-deathadder-v3-mice\/","title":{"rendered":"Ratones Razer DeathAdder V3"},"content":{"rendered":"<p align=\"center\" data-spm-anchor-id=\"a2g0o.detail.1000023.i0.2295rm1trm1tWx\"><strong>RAZER DEATHADDER V3<\/strong><\/p>\n<p align=\"center\">PARA EL PROFESIONAL<\/p>\n<p align=\"center\">La victoria adquiere una nueva forma con el Razer DeathAdder V3. Refinado y reformado con la ayuda de los mejores profesionales de los deportes electr\u00f3nicos, su forma ergon\u00f3mica ic\u00f3nica es ahora m\u00e1s de 25% m\u00e1s liviana que su predecesor, respaldada por un conjunto de actualizaciones de vanguardia para superar los l\u00edmites del juego competitivo.<\/p>\n<p><img decoding=\"async\" alt=\"Razer DeathAdder V3 Mice\" class=\"aligncenter\" src=\"\/wp-content\/uploads\/replace\/5e2c433b2f3d2c510ead8857db7b73c2.png\" \/><\/p>\n<p align=\"center\"><strong>CABLEADO PARA EL RENDIMIENTO<\/strong><\/p>\n<p align=\"center\">Tecnolog\u00eda HyperPolling Razer\u2122 8K Hz<\/p>\n<p align=\"center\">Experimente una capacidad de respuesta inigualable con un mouse capaz de enviar hasta 8 veces m\u00e1s datos en un segundo, reduciendo efectivamente el retraso de entrada de 1 a 1\/8 de milisegundo: la ventaja que todo profesional necesita para mantenerse por delante de la competencia.<\/p>\n<p><img decoding=\"async\" alt=\"Razer DeathAdder V3 Mice\" class=\"aligncenter\" src=\"\/wp-content\/uploads\/replace\/b9863d2206a038b49f30a453ef0d5ed3.png\" \/><\/p>\n<p align=\"center\"><strong>ULTRALIGERO DE 59G<\/strong><\/p>\n<p align=\"center\">Cero exceso, pleno rendimiento<\/p>\n<p align=\"center\">Con su incre\u00edble optimizaci\u00f3n del peso, el Razer DeathAdder V3 es uno de los ratones ergon\u00f3micos para deportes electr\u00f3nicos m\u00e1s livianos jam\u00e1s creados, al mismo tiempo que mejora su experiencia de usuario.<\/p>\n<p><img decoding=\"async\" alt=\"Razer DeathAdder V3 Mice\" class=\"aligncenter\" src=\"\/wp-content\/uploads\/replace\/b38bec8b6fdd10bfa39e6facddffaa5f.png\" \/><\/p>\n<p align=\"center\"><strong>FORMA ERGON\u00d3MICA<\/strong><\/p>\n<p align=\"center\">Perfeccionado a la perfecci\u00f3n<\/p>\n<p align=\"center\">Desarrollado en colaboraci\u00f3n con los mejores profesionales de los deportes electr\u00f3nicos, la forma ic\u00f3nica del Razer DeathAdder se ha mejorado a\u00fan m\u00e1s para continuar con su legado de manejo y comodidad galardonados.<\/p>\n<p><img decoding=\"async\" alt=\"Razer DeathAdder V3 Mice\" class=\"aligncenter\" src=\"\/wp-content\/uploads\/replace\/663258d5848e30a09b7e72afcc1fbc96.jpeg\" \/><\/p>\n<p align=\"center\"><strong>SENSOR \u00d3PTICO RAZER FOCUS PRO 30K<\/strong><\/p>\n<p><img decoding=\"async\" alt=\"Razer DeathAdder V3 Mice\" class=\"aligncenter\" src=\"\/wp-content\/uploads\/replace\/cde150eb73ea309ba13f98a73beb1c1c.jpeg\" \/><\/p>\n<p align=\"center\"><strong>OTRAS CARACTER\u00cdSTICAS MEJORES EN SU CLASE<\/strong><\/p>\n<p><img decoding=\"async\" alt=\"Razer DeathAdder V3 Mice\" class=\"aligncenter\" src=\"\/wp-content\/uploads\/replace\/d3112295dfa796ec1bcb91a0dbdb3fa9.jpeg\" \/><\/p>\n<p>&nbsp;<\/p>\n<p>&nbsp;<\/p>\n<div class=\"title--wrap--wDzGayX\">\n<div class=\"title--text--Lx66GPw\">\n<h1 class=\"title--title--RN9Pt03\" data-spm-anchor-id=\"a2g0o.detail.0.i8.2295rm1trm1tWx\">Especificaciones<\/h1>\n<\/div>\n<\/div>\n<ul class=\"specification--list--fiWsSyv\">\n<li class=\"specification--line--iUJOqof\">\n<div class=\"specification--prop--RejitI8\">\n<div class=\"specification--title--UbVeyic\">Peso bruto: 59 g<\/div>\n<\/div>\n<div class=\"specification--prop--RejitI8\">\n<div class=\"specification--title--UbVeyic\">Modo de operaci\u00f3n: optoelectr\u00f3nico<\/div>\n<\/div>\n<\/li>\n<li class=\"specification--line--iUJOqof\">\n<div class=\"specification--prop--RejitI8\">\n<div class=\"specification--title--UbVeyic\">N\u00famero de rodillos: 1 unidad<\/div>\n<\/div>\n<div class=\"specification--prop--RejitI8\">\n<div class=\"specification--title--UbVeyic\">Orientaci\u00f3n de la mano: derecha<\/div>\n<\/div>\n<\/li>\n<li class=\"specification--line--iUJOqof\">\n<div class=\"specification--prop--RejitI8\">\n<div class=\"specification--title--UbVeyic\">Paquete: S\u00ed<\/div>\n<\/div>\n<div class=\"specification--prop--RejitI8\">\n<div class=\"specification--title--UbVeyic\">PPP: 30000<\/div>\n<\/div>\n<\/li>\n<li class=\"specification--line--iUJOqof\">\n<div class=\"specification--prop--RejitI8\">\n<div class=\"specification--title--UbVeyic\">Tipo de interfaz: USB<\/div>\n<\/div>\n<div class=\"specification--prop--RejitI8\">\n<div class=\"specification--title--UbVeyic\">Tipo: CABLEADO<\/div>\n<\/div>\n<\/li>\n<li class=\"specification--line--iUJOqof\">\n<div class=\"specification--prop--RejitI8\">\n<div class=\"specification--title--UbVeyic\">Nombre de la marca: Razer<\/div>\n<\/div>\n<div class=\"specification--prop--RejitI8\">\n<div class=\"specification--title--UbVeyic\">Origen: China continental<\/div>\n<\/div>\n<\/li>\n<li class=\"specification--line--iUJOqof\">\n<div class=\"specification--prop--RejitI8\">\n<div class=\"specification--title--UbVeyic\">Certificaci\u00f3n: CE<\/div>\n<\/div>\n<\/li>\n<\/ul>","protected":false},"excerpt":{"rendered":"<p>APPROXIMATE SIZE\uff1a<\/p>\n<p>Length: 128.0 mm \/ 5.00 in<\/p>\n<p>Width: 68.0 mm \/ 2.67 in<\/p>\n<p>Height: 44.0 mm \/ 1.73 in<\/p>\n<p>APPROXIMATE WEIGHT\uff1a59 g<\/p>\n<p>BOX CONTENTS\uff1a<\/p>\n<p>Razer DeathAdder V3<\/p>\n<p>Gu\u00eda de informaci\u00f3n importante del producto<\/p>","protected":false},"featured_media":27775,"template":"","meta":[],"product_brand":[1379],"product_cat":[1322,1331],"product_tag":[],"class_list":{"0":"post-27614","1":"product","2":"type-product","3":"status-publish","4":"has-post-thumbnail","6":"product_brand-razer","7":"product_cat-other-a-brands","8":"product_cat-razer-other-a-brands","10":"first","11":"instock","12":"shipping-taxable","13":"product-type-simple"},"aioseo_notices":[],"aioseo_head":"\n\t\t<!-- All in One SEO Pro 4.5.9.2 - aioseo.com -->\n\t\t<meta name=\"description\" content=\"APPROXIMATE SIZE\uff1a Length: 128.0 mm \/ 5.00 in Width: 68.0 mm \/ 2.67 in Height: 44.0 mm \/ 1.73 in APPROXIMATE WEIGHT\uff1a59 g BOX CONTENTS\uff1a Razer DeathAdder V3 Important Product Information Guide\" \/>\n\t\t<meta name=\"robots\" content=\"max-image-preview:large\" \/>\n\t\t<link rel=\"canonical\" href=\"https:\/\/www.rucashk.com\/es\/producto\/razer-deathadder-v3-mice\/\" \/>\n\t\t<meta name=\"generator\" content=\"All in One SEO Pro (AIOSEO) 4.5.9.2\" \/>\n\t\t<meta property=\"og:locale\" content=\"es_ES\" \/>\n\t\t<meta property=\"og:site_name\" content=\"Rucas - One-stop AIoT Distribution Worldwide\" \/>\n\t\t<meta property=\"og:type\" content=\"article\" \/>\n\t\t<meta property=\"og:title\" content=\"Razer DeathAdder V3 Mice - Rucas - Wholesale and Distribution\" \/>\n\t\t<meta property=\"og:description\" content=\"APPROXIMATE SIZE\uff1a Length: 128.0 mm \/ 5.00 in Width: 68.0 mm \/ 2.67 in Height: 44.0 mm \/ 1.73 in APPROXIMATE WEIGHT\uff1a59 g BOX CONTENTS\uff1a Razer DeathAdder V3 Important Product Information Guide\" \/>\n\t\t<meta property=\"og:url\" content=\"https:\/\/www.rucashk.com\/es\/producto\/razer-deathadder-v3-mice\/\" \/>\n\t\t<meta property=\"og:image\" content=\"https:\/\/www.rucashk.com\/wp-content\/uploads\/replace\/503b8e645f128a97ccde2b6290747646.jpeg\" \/>\n\t\t<meta property=\"og:image:secure_url\" content=\"https:\/\/www.rucashk.com\/wp-content\/uploads\/replace\/503b8e645f128a97ccde2b6290747646.jpeg\" \/>\n\t\t<meta property=\"og:image:width\" content=\"1456\" \/>\n\t\t<meta property=\"og:image:height\" content=\"816\" \/>\n\t\t<meta property=\"article:published_time\" content=\"2024-01-09T16:42:58+00:00\" \/>\n\t\t<meta property=\"article:modified_time\" content=\"2025-06-21T05:53:25+00:00\" \/>\n\t\t<meta name=\"twitter:card\" content=\"summary_large_image\" \/>\n\t\t<meta name=\"twitter:title\" content=\"Razer DeathAdder V3 Mice - Rucas - Wholesale and Distribution\" \/>\n\t\t<meta name=\"twitter:description\" content=\"APPROXIMATE SIZE\uff1a Length: 128.0 mm \/ 5.00 in Width: 68.0 mm \/ 2.67 in Height: 44.0 mm \/ 1.73 in APPROXIMATE WEIGHT\uff1a59 g BOX CONTENTS\uff1a Razer DeathAdder V3 Important Product Information Guide\" \/>\n\t\t<meta name=\"twitter:image\" content=\"https:\/\/www.rucashk.com\/wp-content\/uploads\/replace\/503b8e645f128a97ccde2b6290747646.jpeg\" \/>\n\t\t<script type=\"application\/ld+json\" class=\"aioseo-schema\">\n\t\t\t{\"@context\":\"https:\\\/\\\/schema.org\",\"@graph\":[{\"@type\":\"BreadcrumbList\",\"@id\":\"https:\\\/\\\/www.rucashk.com\\\/es\\\/producto\\\/razer-deathadder-v3-mice\\\/#breadcrumblist\",\"itemListElement\":[{\"@type\":\"ListItem\",\"@id\":\"https:\\\/\\\/www.rucashk.com\\\/es\\\/#listItem\",\"position\":1,\"name\":\"Home\",\"item\":\"https:\\\/\\\/www.rucashk.com\\\/es\\\/\",\"nextItem\":\"https:\\\/\\\/www.rucashk.com\\\/es\\\/producto\\\/razer-deathadder-v3-mice\\\/#listItem\"},{\"@type\":\"ListItem\",\"@id\":\"https:\\\/\\\/www.rucashk.com\\\/es\\\/producto\\\/razer-deathadder-v3-mice\\\/#listItem\",\"position\":2,\"name\":\"Razer DeathAdder V3 Mice\",\"previousItem\":\"https:\\\/\\\/www.rucashk.com\\\/es\\\/#listItem\"}]},{\"@type\":\"Organization\",\"@id\":\"https:\\\/\\\/www.rucashk.com\\\/es\\\/#organization\",\"name\":\"Rucas\",\"url\":\"https:\\\/\\\/www.rucashk.com\\\/es\\\/\",\"logo\":{\"@type\":\"ImageObject\",\"url\":\"https:\\\/\\\/www.rucashk.com\\\/wp-content\\\/uploads\\\/2023\\\/12\\\/Rucas_campany_logo.png\",\"@id\":\"https:\\\/\\\/www.rucashk.com\\\/es\\\/producto\\\/razer-deathadder-v3-mice\\\/#organizationLogo\",\"width\":221,\"height\":65},\"image\":{\"@id\":\"https:\\\/\\\/www.rucashk.com\\\/es\\\/#organizationLogo\"}},{\"@type\":\"Person\",\"@id\":\"https:\\\/\\\/www.rucashk.com\\\/es\\\/author\\\/admin\\\/#author\",\"url\":\"https:\\\/\\\/www.rucashk.com\\\/es\\\/author\\\/admin\\\/\",\"name\":\"admin\",\"image\":{\"@type\":\"ImageObject\",\"@id\":\"https:\\\/\\\/www.rucashk.com\\\/es\\\/producto\\\/razer-deathadder-v3-mice\\\/#authorImage\",\"url\":\"https:\\\/\\\/secure.gravatar.com\\\/avatar\\\/b7c8925b09a27e72b30232f8ecaadbd5af0f70a38c78096863fe51b64f031c24?s=96&d=mm&r=g\",\"width\":96,\"height\":96,\"caption\":\"admin\"}},{\"@type\":\"WebPage\",\"@id\":\"https:\\\/\\\/www.rucashk.com\\\/es\\\/producto\\\/razer-deathadder-v3-mice\\\/#webpage\",\"url\":\"https:\\\/\\\/www.rucashk.com\\\/es\\\/producto\\\/razer-deathadder-v3-mice\\\/\",\"name\":\"Razer DeathAdder V3 Mice - Rucas - Wholesale and Distribution\",\"description\":\"APPROXIMATE SIZE\\uff1a Length: 128.0 mm \\\/ 5.00 in Width: 68.0 mm \\\/ 2.67 in Height: 44.0 mm \\\/ 1.73 in APPROXIMATE WEIGHT\\uff1a59 g BOX CONTENTS\\uff1a Razer DeathAdder V3 Important Product Information Guide\",\"inLanguage\":\"es-ES\",\"isPartOf\":{\"@id\":\"https:\\\/\\\/www.rucashk.com\\\/es\\\/#website\"},\"breadcrumb\":{\"@id\":\"https:\\\/\\\/www.rucashk.com\\\/es\\\/producto\\\/razer-deathadder-v3-mice\\\/#breadcrumblist\"},\"author\":{\"@id\":\"https:\\\/\\\/www.rucashk.com\\\/es\\\/author\\\/admin\\\/#author\"},\"creator\":{\"@id\":\"https:\\\/\\\/www.rucashk.com\\\/es\\\/author\\\/admin\\\/#author\"},\"image\":{\"@type\":\"ImageObject\",\"url\":\"https:\\\/\\\/www.rucashk.com\\\/wp-content\\\/uploads\\\/2024\\\/01\\\/10004-30-1.jpg\",\"@id\":\"https:\\\/\\\/www.rucashk.com\\\/es\\\/producto\\\/razer-deathadder-v3-mice\\\/#mainImage\",\"width\":800,\"height\":800},\"primaryImageOfPage\":{\"@id\":\"https:\\\/\\\/www.rucashk.com\\\/es\\\/producto\\\/razer-deathadder-v3-mice\\\/#mainImage\"},\"datePublished\":\"2024-01-09T16:42:58+00:00\",\"dateModified\":\"2025-06-21T05:53:25+00:00\"},{\"@type\":\"WebSite\",\"@id\":\"https:\\\/\\\/www.rucashk.com\\\/es\\\/#website\",\"url\":\"https:\\\/\\\/www.rucashk.com\\\/es\\\/\",\"name\":\"Rucas - Wholesale and distribution worldwide\",\"alternateName\":\"Rucas - One-stop AIoT Distribution Worldwide\",\"description\":\"One-stop AIoT Distribution Worldwide\",\"inLanguage\":\"es-ES\",\"publisher\":{\"@id\":\"https:\\\/\\\/www.rucashk.com\\\/es\\\/#organization\"}}]}\n\t\t<\/script>\n\t\t<!-- All in One SEO Pro -->\r\n\t\t<title>Razer DeathAdder V3 Mice - Rucas - Wholesale and Distribution<\/title>\n\n","aioseo_head_json":{"title":"Razer DeathAdder V3 Mice - Rucas - Wholesale and Distribution","description":"APPROXIMATE SIZE\uff1a Length: 128.0 mm \/ 5.00 in Width: 68.0 mm \/ 2.67 in Height: 44.0 mm \/ 1.73 in APPROXIMATE WEIGHT\uff1a59 g BOX CONTENTS\uff1a Razer DeathAdder V3 Important Product Information Guide","canonical_url":"https:\/\/www.rucashk.com\/es\/producto\/razer-deathadder-v3-mice\/","robots":"max-image-preview:large","keywords":"","webmasterTools":{"miscellaneous":""},"og:locale":"es_ES","og:site_name":"Rucas - One-stop AIoT Distribution Worldwide","og:type":"article","og:title":"Razer DeathAdder V3 Mice - Rucas - Wholesale and Distribution","og:description":"APPROXIMATE SIZE\uff1a Length: 128.0 mm \/ 5.00 in Width: 68.0 mm \/ 2.67 in Height: 44.0 mm \/ 1.73 in APPROXIMATE WEIGHT\uff1a59 g BOX CONTENTS\uff1a Razer DeathAdder V3 Important Product Information Guide","og:url":"https:\/\/www.rucashk.com\/es\/producto\/razer-deathadder-v3-mice\/","og:image":"https:\/\/www.rucashk.com\/wp-content\/uploads\/replace\/503b8e645f128a97ccde2b6290747646.jpeg","og:image:secure_url":"https:\/\/www.rucashk.com\/wp-content\/uploads\/replace\/503b8e645f128a97ccde2b6290747646.jpeg","og:image:width":1456,"og:image:height":816,"article:published_time":"2024-01-09T16:42:58+00:00","article:modified_time":"2025-06-21T05:53:25+00:00","twitter:card":"summary_large_image","twitter:title":"Razer DeathAdder V3 Mice - Rucas - Wholesale and Distribution","twitter:description":"APPROXIMATE SIZE\uff1a Length: 128.0 mm \/ 5.00 in Width: 68.0 mm \/ 2.67 in Height: 44.0 mm \/ 1.73 in APPROXIMATE WEIGHT\uff1a59 g BOX CONTENTS\uff1a Razer DeathAdder V3 Important Product Information Guide","twitter:image":"https:\/\/www.rucashk.com\/wp-content\/uploads\/replace\/503b8e645f128a97ccde2b6290747646.jpeg","schema":{"@context":"https:\/\/schema.org","@graph":[{"@type":"BreadcrumbList","@id":"https:\/\/www.rucashk.com\/es\/producto\/razer-deathadder-v3-mice\/#breadcrumblist","itemListElement":[{"@type":"ListItem","@id":"https:\/\/www.rucashk.com\/es\/#listItem","position":1,"name":"Home","item":"https:\/\/www.rucashk.com\/es\/","nextItem":"https:\/\/www.rucashk.com\/es\/producto\/razer-deathadder-v3-mice\/#listItem"},{"@type":"ListItem","@id":"https:\/\/www.rucashk.com\/es\/producto\/razer-deathadder-v3-mice\/#listItem","position":2,"name":"Razer DeathAdder V3 Mice","previousItem":"https:\/\/www.rucashk.com\/es\/#listItem"}]},{"@type":"Organization","@id":"https:\/\/www.rucashk.com\/es\/#organization","name":"Rucas","url":"https:\/\/www.rucashk.com\/es\/","logo":{"@type":"ImageObject","url":"https:\/\/www.rucashk.com\/wp-content\/uploads\/2023\/12\/Rucas_campany_logo.png","@id":"https:\/\/www.rucashk.com\/es\/producto\/razer-deathadder-v3-mice\/#organizationLogo","width":221,"height":65},"image":{"@id":"https:\/\/www.rucashk.com\/es\/#organizationLogo"}},{"@type":"Person","@id":"https:\/\/www.rucashk.com\/es\/author\/admin\/#author","url":"https:\/\/www.rucashk.com\/es\/author\/admin\/","name":"admin","image":{"@type":"ImageObject","@id":"https:\/\/www.rucashk.com\/es\/producto\/razer-deathadder-v3-mice\/#authorImage","url":"https:\/\/secure.gravatar.com\/avatar\/b7c8925b09a27e72b30232f8ecaadbd5af0f70a38c78096863fe51b64f031c24?s=96&d=mm&r=g","width":96,"height":96,"caption":"admin"}},{"@type":"WebPage","@id":"https:\/\/www.rucashk.com\/es\/producto\/razer-deathadder-v3-mice\/#webpage","url":"https:\/\/www.rucashk.com\/es\/producto\/razer-deathadder-v3-mice\/","name":"Razer DeathAdder V3 Mice - Rucas - Wholesale and Distribution","description":"APPROXIMATE SIZE\uff1a Length: 128.0 mm \/ 5.00 in Width: 68.0 mm \/ 2.67 in Height: 44.0 mm \/ 1.73 in APPROXIMATE WEIGHT\uff1a59 g BOX CONTENTS\uff1a Razer DeathAdder V3 Important Product Information Guide","inLanguage":"es-ES","isPartOf":{"@id":"https:\/\/www.rucashk.com\/es\/#website"},"breadcrumb":{"@id":"https:\/\/www.rucashk.com\/es\/producto\/razer-deathadder-v3-mice\/#breadcrumblist"},"author":{"@id":"https:\/\/www.rucashk.com\/es\/author\/admin\/#author"},"creator":{"@id":"https:\/\/www.rucashk.com\/es\/author\/admin\/#author"},"image":{"@type":"ImageObject","url":"https:\/\/www.rucashk.com\/wp-content\/uploads\/2024\/01\/10004-30-1.jpg","@id":"https:\/\/www.rucashk.com\/es\/producto\/razer-deathadder-v3-mice\/#mainImage","width":800,"height":800},"primaryImageOfPage":{"@id":"https:\/\/www.rucashk.com\/es\/producto\/razer-deathadder-v3-mice\/#mainImage"},"datePublished":"2024-01-09T16:42:58+00:00","dateModified":"2025-06-21T05:53:25+00:00"},{"@type":"WebSite","@id":"https:\/\/www.rucashk.com\/es\/#website","url":"https:\/\/www.rucashk.com\/es\/","name":"Rucas - Wholesale and distribution worldwide","alternateName":"Rucas - One-stop AIoT Distribution Worldwide","description":"One-stop AIoT Distribution Worldwide","inLanguage":"es-ES","publisher":{"@id":"https:\/\/www.rucashk.com\/es\/#organization"}}]}},"aioseo_meta_data":{"post_id":"27614","title":null,"description":null,"keywords":null,"keyphrases":null,"primary_term":null,"canonical_url":null,"og_title":null,"og_description":null,"og_object_type":"default","og_image_type":"default","og_image_url":null,"og_image_width":null,"og_image_height":null,"og_image_custom_url":null,"og_image_custom_fields":null,"og_video":"","og_custom_url":null,"og_article_section":null,"og_article_tags":null,"twitter_use_og":false,"twitter_card":"default","twitter_image_type":"default","twitter_image_url":null,"twitter_image_custom_url":null,"twitter_image_custom_fields":null,"twitter_title":null,"twitter_description":null,"schema":{"blockGraphs":[],"customGraphs":[],"default":{"data":{"Article":[],"Course":[],"Dataset":[],"FAQPage":[],"Movie":[],"Person":[],"Product":[],"Recipe":[],"Service":[],"SoftwareApplication":[],"WebPage":[]},"graphName":"","isEnabled":true},"graphs":[]},"schema_type":"default","schema_type_options":null,"pillar_content":false,"robots_default":true,"robots_noindex":false,"robots_noarchive":false,"robots_nosnippet":false,"robots_nofollow":false,"robots_noimageindex":false,"robots_noodp":false,"robots_notranslate":false,"robots_max_snippet":"-1","robots_max_videopreview":"-1","robots_max_imagepreview":"large","priority":null,"frequency":"default","local_seo":null,"breadcrumb_settings":null,"limit_modified_date":false,"created":"2024-04-11 01:57:22","updated":"2025-06-22 18:40:01"},"aioseo_breadcrumb":"<div class=\"aioseo-breadcrumbs\"><span class=\"aioseo-breadcrumb\">\n\t<a href=\"https:\/\/www.rucashk.com\/es\" title=\"Home\">Home<\/a>\n<\/span><span class=\"aioseo-breadcrumb-separator\">&raquo;<\/span><span class=\"aioseo-breadcrumb\">\n\t<a href=\"https:\/\/www.rucashk.com\/es\/products\/\" title=\"Productos\">Productos<\/a>\n<\/span><span class=\"aioseo-breadcrumb-separator\">&raquo;<\/span><span class=\"aioseo-breadcrumb\">\n\t<a href=\"https:\/\/www.rucashk.com\/es\/marca\/razer\/\" title=\"Razer\">Razer<\/a>\n<\/span><span class=\"aioseo-breadcrumb-separator\">&raquo;<\/span><span class=\"aioseo-breadcrumb\">\n\tRazer DeathAdder V3 Mice\n<\/span><\/div>","aioseo_breadcrumb_json":[{"label":"Home","link":"https:\/\/www.rucashk.com\/es"},{"label":"Productos","link":"https:\/\/www.rucashk.com\/es\/products\/"},{"label":"Razer","link":"https:\/\/www.rucashk.com\/es\/marca\/razer\/"},{"label":"Razer DeathAdder V3 Mice","link":"https:\/\/www.rucashk.com\/es\/producto\/razer-deathadder-v3-mice\/"}],"_links":{"self":[{"href":"https:\/\/www.rucashk.com\/es\/wp-json\/wp\/v2\/product\/27614","targetHints":{"allow":["GET"]}}],"collection":[{"href":"https:\/\/www.rucashk.com\/es\/wp-json\/wp\/v2\/product"}],"about":[{"href":"https:\/\/www.rucashk.com\/es\/wp-json\/wp\/v2\/types\/product"}],"wp:featuredmedia":[{"embeddable":true,"href":"https:\/\/www.rucashk.com\/es\/wp-json\/wp\/v2\/media\/27775"}],"wp:attachment":[{"href":"https:\/\/www.rucashk.com\/es\/wp-json\/wp\/v2\/media?parent=27614"}],"wp:term":[{"taxonomy":"product_brand","embeddable":true,"href":"https:\/\/www.rucashk.com\/es\/wp-json\/wp\/v2\/product_brand?post=27614"},{"taxonomy":"product_cat","embeddable":true,"href":"https:\/\/www.rucashk.com\/es\/wp-json\/wp\/v2\/product_cat?post=27614"},{"taxonomy":"product_tag","embeddable":true,"href":"https:\/\/www.rucashk.com\/es\/wp-json\/wp\/v2\/product_tag?post=27614"}],"curies":[{"name":"wp","href":"https:\/\/api.w.org\/{rel}","templated":true}]}}