{"id":27613,"date":"2024-01-09T16:42:58","date_gmt":"2024-01-09T16:42:58","guid":{"rendered":"http:\/\/rucashk.com\/?post_type=product&#038;p=27613"},"modified":"2025-06-21T05:53:05","modified_gmt":"2025-06-21T05:53:05","slug":"razer-deathadder-v3-pro-faker-edition-mice","status":"publish","type":"product","link":"https:\/\/www.rucashk.com\/es\/producto\/razer-deathadder-v3-pro-faker-edition-mice\/","title":{"rendered":"Ratones Razer DeathAdder V3 Pro Faker Edition"},"content":{"rendered":"<p align=\"center\" data-spm-anchor-id=\"a2g0o.detail.1000023.i0.764em4xUm4xUNo\"><strong>RAZER DEATHADDER V3 PRO EDICI\u00d3N FAKER<\/strong><\/p>\n<p><img decoding=\"async\" alt=\"Razer DeathAdder V3 Pro Faker Edition Mice\" class=\"aligncenter\" src=\"\/wp-content\/uploads\/replace\/5dcb7c8b614f6c04aa5e113c95fb441b.jpeg\" \/><\/p>\n<p align=\"center\"><strong>SER IMPOSIBLE<\/strong><\/p>\n<p align=\"center\">El Razer DeathAdder V3 Pro Faker Edition: una leyenda, dise\u00f1ada para la leyenda. El rey de los ratones ergon\u00f3micos ultraligeros, personalizado por el propio GOAT<\/p>\n<p><img decoding=\"async\" alt=\"Razer DeathAdder V3 Pro Faker Edition Mice\" class=\"aligncenter\" src=\"\/wp-content\/uploads\/replace\/db3f53519b503feace55f182d330aa64.jpeg\" \/><\/p>\n<h3 class=\"header\" align=\"center\">DISE\u00d1O ULTRALIGERO DE 63 G<\/h3>\n<div class=\"body-copy\" align=\"center\">\n<p>Como uno de los ratones ergon\u00f3micos para deportes electr\u00f3nicos m\u00e1s livianos del mercado, disfrute de un nivel de velocidad y control que ayuda a Faker a mantenerse en la cima de su juego.<\/p>\n<\/div>\n<h3 class=\"header\" align=\"center\">FORMA ERGON\u00d3MICA REFINADA<\/h3>\n<div class=\"body-copy\" align=\"center\">\n<p>Trabajando con los mejores profesionales de los deportes electr\u00f3nicos, la forma ic\u00f3nica del Razer DeathAdder se ha mejorado a\u00fan m\u00e1s, lo que garantiza un manejo galardonado y una comodidad propia de un campe\u00f3n.<\/p>\n<h3 class=\"header\" align=\"center\"><img decoding=\"async\" alt=\"Razer DeathAdder V3 Pro Faker Edition Mice\" style=\"font-size: 16px\" src=\"\/wp-content\/uploads\/replace\/1821f89c87836bb2ae272ee6afa8eeb5.jpeg\" \/><\/h3>\n<\/div>\n<h3 class=\"header\" align=\"center\">SENSOR \u00d3PTICO RAZER\u2122 FOCUS PRO 30K<\/h3>\n<div class=\"body-copy\" align=\"center\">\n<p>Disfrute de un rendimiento de seguimiento impecable en una variedad m\u00e1s amplia de superficies, incluido el vidrio. Con el respaldo de funciones inteligentes para una mayor precisi\u00f3n, obtenga la ventaja que necesita para realizar jugadas de las que Faker estar\u00eda orgulloso.<\/p>\n<\/div>\n<h3 class=\"header\" align=\"center\">INTERRUPTORES DE RAT\u00d3N \u00d3PTICO RAZER\u2122 GEN\u20113<\/h3>\n<div class=\"body-copy\" align=\"center\">\n<p>Desde un ciclo de vida mejorado de 90 millones de clics sin problemas de doble clic, hasta una actuaci\u00f3n vertiginosa de 0,2 ms sin retraso de rebote, el mouse tiene la confiabilidad y velocidad preferidas por profesionales como Faker.<\/p>\n<\/div>\n<p><img decoding=\"async\" alt=\"Razer DeathAdder V3 Pro Faker Edition Mice\" src=\"\/wp-content\/uploads\/replace\/d4d212b931c948571e0084bc43db7e87.jpeg\" \/><img decoding=\"async\" alt=\"Razer DeathAdder V3 Pro Faker Edition Mice\" src=\"\/wp-content\/uploads\/replace\/da2a555df43da18ddc0f5a1a6bc88319.jpeg\" \/><\/p>\n<p>&nbsp;<\/p>\n<div class=\"title--wrap--wDzGayX\">\n<div class=\"title--text--Lx66GPw\">\n<h1 class=\"title--title--RN9Pt03\" data-spm-anchor-id=\"a2g0o.detail.0.i9.764em4xUm4xUNo\">Especificaciones<\/h1>\n<\/div>\n<\/div>\n<ul class=\"specification--list--fiWsSyv\">\n<li class=\"specification--line--iUJOqof\">\n<div class=\"specification--prop--RejitI8\">\n<div class=\"specification--title--UbVeyic\">N\u00famero de rodillos: 1 unidad<\/div>\n<\/div>\n<div class=\"specification--prop--RejitI8\">\n<div class=\"specification--title--UbVeyic\">Orientaci\u00f3n de la mano: derecha<\/div>\n<\/div>\n<\/li>\n<li class=\"specification--line--iUJOqof\">\n<div class=\"specification--prop--RejitI8\">\n<div class=\"specification--title--UbVeyic\">Paquete: S\u00ed<\/div>\n<\/div>\n<div class=\"specification--prop--RejitI8\">\n<div class=\"specification--title--UbVeyic\">PPP: 30000<\/div>\n<\/div>\n<\/li>\n<li class=\"specification--line--iUJOqof\">\n<div class=\"specification--prop--RejitI8\">\n<div class=\"specification--title--UbVeyic\">Tipo de interfaz: bluetooth<\/div>\n<\/div>\n<div class=\"specification--prop--RejitI8\">\n<div class=\"specification--title--UbVeyic\">Tipo: Bluetooth inal\u00e1mbrico<\/div>\n<\/div>\n<\/li>\n<li class=\"specification--line--iUJOqof\">\n<div class=\"specification--prop--RejitI8\">\n<div class=\"specification--title--UbVeyic\">Nombre de la marca: NoEnName_Null<\/div>\n<\/div>\n<div class=\"specification--prop--RejitI8\">\n<div class=\"specification--title--UbVeyic\">Origen: China continental<\/div>\n<\/div>\n<\/li>\n<li class=\"specification--line--iUJOqof\">\n<div class=\"specification--prop--RejitI8\">\n<div class=\"specification--title--UbVeyic\">Nombre de la marca: Razer<\/div>\n<\/div>\n<\/li>\n<\/ul>","protected":false},"excerpt":{"rendered":"<p>APPROXIMATE SIZE\uff1a<\/p>\n<p>Length: 128.0 mm \/ 5.00 in<\/p>\n<p>Width: 68.0 mm \/ 2.67 in<\/p>\n<p>Height: 44.0 mm \/ 1.73 in<\/p>\n<p>APPROXIMATE WEIGHT\uff1a63 g<\/p>\n<p>BOX CONTENTS\uff1a<\/p>\n<p>Razer DeathAdder V3 Pro Faker Edition<\/p>\n<p>Dongle USB inal\u00e1mbrico + adaptador de dongle USB<\/p>\n<p>Type A to Type C Speedflex cable<\/p>\n<p data-spm-anchor-id=\"a2g0o.detail.1000023.i5.764em4xUm4xUNo\">Gu\u00eda de informaci\u00f3n importante del producto<\/p>","protected":false},"featured_media":27770,"template":"","meta":[],"product_brand":[1379],"product_cat":[1322,1331],"product_tag":[],"class_list":{"0":"post-27613","1":"product","2":"type-product","3":"status-publish","4":"has-post-thumbnail","6":"product_brand-razer","7":"product_cat-other-a-brands","8":"product_cat-razer-other-a-brands","10":"first","11":"instock","12":"shipping-taxable","13":"product-type-simple"},"aioseo_notices":[],"aioseo_head":"\n\t\t<!-- All in One SEO Pro 4.5.9.2 - aioseo.com -->\n\t\t<meta name=\"description\" content=\"APPROXIMATE SIZE\uff1a Length: 128.0 mm \/ 5.00 in Width: 68.0 mm \/ 2.67 in Height: 44.0 mm \/ 1.73 in APPROXIMATE WEIGHT\uff1a63 g BOX CONTENTS\uff1a Razer DeathAdder V3 Pro Faker Edition Wireless USB dongle + USB dongle adapter Type A to Type C Speedflex cable Important Product Information Guide\" \/>\n\t\t<meta name=\"robots\" content=\"max-image-preview:large\" \/>\n\t\t<link rel=\"canonical\" href=\"https:\/\/www.rucashk.com\/es\/producto\/razer-deathadder-v3-pro-faker-edition-mice\/\" \/>\n\t\t<meta name=\"generator\" content=\"All in One SEO Pro (AIOSEO) 4.5.9.2\" \/>\n\t\t<meta property=\"og:locale\" content=\"es_ES\" \/>\n\t\t<meta property=\"og:site_name\" content=\"Rucas - One-stop AIoT Distribution Worldwide\" \/>\n\t\t<meta property=\"og:type\" content=\"article\" \/>\n\t\t<meta property=\"og:title\" content=\"Razer DeathAdder V3 Pro Faker Edition Mice - Rucas - Wholesale and Distribution\" \/>\n\t\t<meta property=\"og:description\" content=\"APPROXIMATE SIZE\uff1a Length: 128.0 mm \/ 5.00 in Width: 68.0 mm \/ 2.67 in Height: 44.0 mm \/ 1.73 in APPROXIMATE WEIGHT\uff1a63 g BOX CONTENTS\uff1a Razer DeathAdder V3 Pro Faker Edition Wireless USB dongle + USB dongle adapter Type A to Type C Speedflex cable Important Product Information Guide\" \/>\n\t\t<meta property=\"og:url\" content=\"https:\/\/www.rucashk.com\/es\/producto\/razer-deathadder-v3-pro-faker-edition-mice\/\" \/>\n\t\t<meta property=\"og:image\" content=\"https:\/\/www.rucashk.com\/wp-content\/uploads\/replace\/503b8e645f128a97ccde2b6290747646.jpeg\" \/>\n\t\t<meta property=\"og:image:secure_url\" content=\"https:\/\/www.rucashk.com\/wp-content\/uploads\/replace\/503b8e645f128a97ccde2b6290747646.jpeg\" \/>\n\t\t<meta property=\"og:image:width\" content=\"1456\" \/>\n\t\t<meta property=\"og:image:height\" content=\"816\" \/>\n\t\t<meta property=\"article:published_time\" content=\"2024-01-09T16:42:58+00:00\" \/>\n\t\t<meta property=\"article:modified_time\" content=\"2025-06-21T05:53:05+00:00\" \/>\n\t\t<meta name=\"twitter:card\" content=\"summary_large_image\" \/>\n\t\t<meta name=\"twitter:title\" content=\"Razer DeathAdder V3 Pro Faker Edition Mice - Rucas - Wholesale and Distribution\" \/>\n\t\t<meta name=\"twitter:description\" content=\"APPROXIMATE SIZE\uff1a Length: 128.0 mm \/ 5.00 in Width: 68.0 mm \/ 2.67 in Height: 44.0 mm \/ 1.73 in APPROXIMATE WEIGHT\uff1a63 g BOX CONTENTS\uff1a Razer DeathAdder V3 Pro Faker Edition Wireless USB dongle + USB dongle adapter Type A to Type C Speedflex cable Important Product Information Guide\" \/>\n\t\t<meta name=\"twitter:image\" content=\"https:\/\/www.rucashk.com\/wp-content\/uploads\/replace\/503b8e645f128a97ccde2b6290747646.jpeg\" \/>\n\t\t<script type=\"application\/ld+json\" class=\"aioseo-schema\">\n\t\t\t{\"@context\":\"https:\\\/\\\/schema.org\",\"@graph\":[{\"@type\":\"BreadcrumbList\",\"@id\":\"https:\\\/\\\/www.rucashk.com\\\/es\\\/producto\\\/razer-deathadder-v3-pro-faker-edition-mice\\\/#breadcrumblist\",\"itemListElement\":[{\"@type\":\"ListItem\",\"@id\":\"https:\\\/\\\/www.rucashk.com\\\/es\\\/#listItem\",\"position\":1,\"name\":\"Home\",\"item\":\"https:\\\/\\\/www.rucashk.com\\\/es\\\/\",\"nextItem\":\"https:\\\/\\\/www.rucashk.com\\\/es\\\/producto\\\/razer-deathadder-v3-pro-faker-edition-mice\\\/#listItem\"},{\"@type\":\"ListItem\",\"@id\":\"https:\\\/\\\/www.rucashk.com\\\/es\\\/producto\\\/razer-deathadder-v3-pro-faker-edition-mice\\\/#listItem\",\"position\":2,\"name\":\"Razer DeathAdder V3 Pro Faker Edition Mice\",\"previousItem\":\"https:\\\/\\\/www.rucashk.com\\\/es\\\/#listItem\"}]},{\"@type\":\"Organization\",\"@id\":\"https:\\\/\\\/www.rucashk.com\\\/es\\\/#organization\",\"name\":\"Rucas\",\"url\":\"https:\\\/\\\/www.rucashk.com\\\/es\\\/\",\"logo\":{\"@type\":\"ImageObject\",\"url\":\"https:\\\/\\\/www.rucashk.com\\\/wp-content\\\/uploads\\\/2023\\\/12\\\/Rucas_campany_logo.png\",\"@id\":\"https:\\\/\\\/www.rucashk.com\\\/es\\\/producto\\\/razer-deathadder-v3-pro-faker-edition-mice\\\/#organizationLogo\",\"width\":221,\"height\":65},\"image\":{\"@id\":\"https:\\\/\\\/www.rucashk.com\\\/es\\\/#organizationLogo\"}},{\"@type\":\"Person\",\"@id\":\"https:\\\/\\\/www.rucashk.com\\\/es\\\/author\\\/admin\\\/#author\",\"url\":\"https:\\\/\\\/www.rucashk.com\\\/es\\\/author\\\/admin\\\/\",\"name\":\"admin\",\"image\":{\"@type\":\"ImageObject\",\"@id\":\"https:\\\/\\\/www.rucashk.com\\\/es\\\/producto\\\/razer-deathadder-v3-pro-faker-edition-mice\\\/#authorImage\",\"url\":\"https:\\\/\\\/secure.gravatar.com\\\/avatar\\\/b7c8925b09a27e72b30232f8ecaadbd5af0f70a38c78096863fe51b64f031c24?s=96&d=mm&r=g\",\"width\":96,\"height\":96,\"caption\":\"admin\"}},{\"@type\":\"WebPage\",\"@id\":\"https:\\\/\\\/www.rucashk.com\\\/es\\\/producto\\\/razer-deathadder-v3-pro-faker-edition-mice\\\/#webpage\",\"url\":\"https:\\\/\\\/www.rucashk.com\\\/es\\\/producto\\\/razer-deathadder-v3-pro-faker-edition-mice\\\/\",\"name\":\"Razer DeathAdder V3 Pro Faker Edition Mice - Rucas - Wholesale and Distribution\",\"description\":\"APPROXIMATE SIZE\\uff1a Length: 128.0 mm \\\/ 5.00 in Width: 68.0 mm \\\/ 2.67 in Height: 44.0 mm \\\/ 1.73 in APPROXIMATE WEIGHT\\uff1a63 g BOX CONTENTS\\uff1a Razer DeathAdder V3 Pro Faker Edition Wireless USB dongle + USB dongle adapter Type A to Type C Speedflex cable Important Product Information Guide\",\"inLanguage\":\"es-ES\",\"isPartOf\":{\"@id\":\"https:\\\/\\\/www.rucashk.com\\\/es\\\/#website\"},\"breadcrumb\":{\"@id\":\"https:\\\/\\\/www.rucashk.com\\\/es\\\/producto\\\/razer-deathadder-v3-pro-faker-edition-mice\\\/#breadcrumblist\"},\"author\":{\"@id\":\"https:\\\/\\\/www.rucashk.com\\\/es\\\/author\\\/admin\\\/#author\"},\"creator\":{\"@id\":\"https:\\\/\\\/www.rucashk.com\\\/es\\\/author\\\/admin\\\/#author\"},\"image\":{\"@type\":\"ImageObject\",\"url\":\"https:\\\/\\\/www.rucashk.com\\\/wp-content\\\/uploads\\\/2024\\\/01\\\/10001-39-1.jpg\",\"@id\":\"https:\\\/\\\/www.rucashk.com\\\/es\\\/producto\\\/razer-deathadder-v3-pro-faker-edition-mice\\\/#mainImage\",\"width\":800,\"height\":800},\"primaryImageOfPage\":{\"@id\":\"https:\\\/\\\/www.rucashk.com\\\/es\\\/producto\\\/razer-deathadder-v3-pro-faker-edition-mice\\\/#mainImage\"},\"datePublished\":\"2024-01-09T16:42:58+00:00\",\"dateModified\":\"2025-06-21T05:53:05+00:00\"},{\"@type\":\"WebSite\",\"@id\":\"https:\\\/\\\/www.rucashk.com\\\/es\\\/#website\",\"url\":\"https:\\\/\\\/www.rucashk.com\\\/es\\\/\",\"name\":\"Rucas - Wholesale and distribution worldwide\",\"alternateName\":\"Rucas - One-stop AIoT Distribution Worldwide\",\"description\":\"One-stop AIoT Distribution Worldwide\",\"inLanguage\":\"es-ES\",\"publisher\":{\"@id\":\"https:\\\/\\\/www.rucashk.com\\\/es\\\/#organization\"}}]}\n\t\t<\/script>\n\t\t<!-- All in One SEO Pro -->\r\n\t\t<title>Razer DeathAdder V3 Pro Faker Edition Mice - Rucas - Wholesale and Distribution<\/title>\n\n","aioseo_head_json":{"title":"Razer DeathAdder V3 Pro Faker Edition Mice - Rucas - Wholesale and Distribution","description":"APPROXIMATE SIZE\uff1a Length: 128.0 mm \/ 5.00 in Width: 68.0 mm \/ 2.67 in Height: 44.0 mm \/ 1.73 in APPROXIMATE WEIGHT\uff1a63 g BOX CONTENTS\uff1a Razer DeathAdder V3 Pro Faker Edition Wireless USB dongle + USB dongle adapter Type A to Type C Speedflex cable Important Product Information Guide","canonical_url":"https:\/\/www.rucashk.com\/es\/producto\/razer-deathadder-v3-pro-faker-edition-mice\/","robots":"max-image-preview:large","keywords":"","webmasterTools":{"miscellaneous":""},"og:locale":"es_ES","og:site_name":"Rucas - One-stop AIoT Distribution Worldwide","og:type":"article","og:title":"Razer DeathAdder V3 Pro Faker Edition Mice - Rucas - Wholesale and Distribution","og:description":"APPROXIMATE SIZE\uff1a Length: 128.0 mm \/ 5.00 in Width: 68.0 mm \/ 2.67 in Height: 44.0 mm \/ 1.73 in APPROXIMATE WEIGHT\uff1a63 g BOX CONTENTS\uff1a Razer DeathAdder V3 Pro Faker Edition Wireless USB dongle + USB dongle adapter Type A to Type C Speedflex cable Important Product Information Guide","og:url":"https:\/\/www.rucashk.com\/es\/producto\/razer-deathadder-v3-pro-faker-edition-mice\/","og:image":"https:\/\/www.rucashk.com\/wp-content\/uploads\/replace\/503b8e645f128a97ccde2b6290747646.jpeg","og:image:secure_url":"https:\/\/www.rucashk.com\/wp-content\/uploads\/replace\/503b8e645f128a97ccde2b6290747646.jpeg","og:image:width":1456,"og:image:height":816,"article:published_time":"2024-01-09T16:42:58+00:00","article:modified_time":"2025-06-21T05:53:05+00:00","twitter:card":"summary_large_image","twitter:title":"Razer DeathAdder V3 Pro Faker Edition Mice - Rucas - Wholesale and Distribution","twitter:description":"APPROXIMATE SIZE\uff1a Length: 128.0 mm \/ 5.00 in Width: 68.0 mm \/ 2.67 in Height: 44.0 mm \/ 1.73 in APPROXIMATE WEIGHT\uff1a63 g BOX CONTENTS\uff1a Razer DeathAdder V3 Pro Faker Edition Wireless USB dongle + USB dongle adapter Type A to Type C Speedflex cable Important Product Information Guide","twitter:image":"https:\/\/www.rucashk.com\/wp-content\/uploads\/replace\/503b8e645f128a97ccde2b6290747646.jpeg","schema":{"@context":"https:\/\/schema.org","@graph":[{"@type":"BreadcrumbList","@id":"https:\/\/www.rucashk.com\/es\/producto\/razer-deathadder-v3-pro-faker-edition-mice\/#breadcrumblist","itemListElement":[{"@type":"ListItem","@id":"https:\/\/www.rucashk.com\/es\/#listItem","position":1,"name":"Home","item":"https:\/\/www.rucashk.com\/es\/","nextItem":"https:\/\/www.rucashk.com\/es\/producto\/razer-deathadder-v3-pro-faker-edition-mice\/#listItem"},{"@type":"ListItem","@id":"https:\/\/www.rucashk.com\/es\/producto\/razer-deathadder-v3-pro-faker-edition-mice\/#listItem","position":2,"name":"Razer DeathAdder V3 Pro Faker Edition Mice","previousItem":"https:\/\/www.rucashk.com\/es\/#listItem"}]},{"@type":"Organization","@id":"https:\/\/www.rucashk.com\/es\/#organization","name":"Rucas","url":"https:\/\/www.rucashk.com\/es\/","logo":{"@type":"ImageObject","url":"https:\/\/www.rucashk.com\/wp-content\/uploads\/2023\/12\/Rucas_campany_logo.png","@id":"https:\/\/www.rucashk.com\/es\/producto\/razer-deathadder-v3-pro-faker-edition-mice\/#organizationLogo","width":221,"height":65},"image":{"@id":"https:\/\/www.rucashk.com\/es\/#organizationLogo"}},{"@type":"Person","@id":"https:\/\/www.rucashk.com\/es\/author\/admin\/#author","url":"https:\/\/www.rucashk.com\/es\/author\/admin\/","name":"admin","image":{"@type":"ImageObject","@id":"https:\/\/www.rucashk.com\/es\/producto\/razer-deathadder-v3-pro-faker-edition-mice\/#authorImage","url":"https:\/\/secure.gravatar.com\/avatar\/b7c8925b09a27e72b30232f8ecaadbd5af0f70a38c78096863fe51b64f031c24?s=96&d=mm&r=g","width":96,"height":96,"caption":"admin"}},{"@type":"WebPage","@id":"https:\/\/www.rucashk.com\/es\/producto\/razer-deathadder-v3-pro-faker-edition-mice\/#webpage","url":"https:\/\/www.rucashk.com\/es\/producto\/razer-deathadder-v3-pro-faker-edition-mice\/","name":"Razer DeathAdder V3 Pro Faker Edition Mice - Rucas - Wholesale and Distribution","description":"APPROXIMATE SIZE\uff1a Length: 128.0 mm \/ 5.00 in Width: 68.0 mm \/ 2.67 in Height: 44.0 mm \/ 1.73 in APPROXIMATE WEIGHT\uff1a63 g BOX CONTENTS\uff1a Razer DeathAdder V3 Pro Faker Edition Wireless USB dongle + USB dongle adapter Type A to Type C Speedflex cable Important Product Information Guide","inLanguage":"es-ES","isPartOf":{"@id":"https:\/\/www.rucashk.com\/es\/#website"},"breadcrumb":{"@id":"https:\/\/www.rucashk.com\/es\/producto\/razer-deathadder-v3-pro-faker-edition-mice\/#breadcrumblist"},"author":{"@id":"https:\/\/www.rucashk.com\/es\/author\/admin\/#author"},"creator":{"@id":"https:\/\/www.rucashk.com\/es\/author\/admin\/#author"},"image":{"@type":"ImageObject","url":"https:\/\/www.rucashk.com\/wp-content\/uploads\/2024\/01\/10001-39-1.jpg","@id":"https:\/\/www.rucashk.com\/es\/producto\/razer-deathadder-v3-pro-faker-edition-mice\/#mainImage","width":800,"height":800},"primaryImageOfPage":{"@id":"https:\/\/www.rucashk.com\/es\/producto\/razer-deathadder-v3-pro-faker-edition-mice\/#mainImage"},"datePublished":"2024-01-09T16:42:58+00:00","dateModified":"2025-06-21T05:53:05+00:00"},{"@type":"WebSite","@id":"https:\/\/www.rucashk.com\/es\/#website","url":"https:\/\/www.rucashk.com\/es\/","name":"Rucas - Wholesale and distribution worldwide","alternateName":"Rucas - One-stop AIoT Distribution Worldwide","description":"One-stop AIoT Distribution Worldwide","inLanguage":"es-ES","publisher":{"@id":"https:\/\/www.rucashk.com\/es\/#organization"}}]}},"aioseo_meta_data":{"post_id":"27613","title":null,"description":null,"keywords":null,"keyphrases":null,"primary_term":null,"canonical_url":null,"og_title":null,"og_description":null,"og_object_type":"default","og_image_type":"default","og_image_url":null,"og_image_width":null,"og_image_height":null,"og_image_custom_url":null,"og_image_custom_fields":null,"og_video":"","og_custom_url":null,"og_article_section":null,"og_article_tags":null,"twitter_use_og":false,"twitter_card":"default","twitter_image_type":"default","twitter_image_url":null,"twitter_image_custom_url":null,"twitter_image_custom_fields":null,"twitter_title":null,"twitter_description":null,"schema":{"blockGraphs":[],"customGraphs":[],"default":{"data":{"Article":[],"Course":[],"Dataset":[],"FAQPage":[],"Movie":[],"Person":[],"Product":[],"Recipe":[],"Service":[],"SoftwareApplication":[],"WebPage":[]},"graphName":"","isEnabled":true},"graphs":[]},"schema_type":"default","schema_type_options":null,"pillar_content":false,"robots_default":true,"robots_noindex":false,"robots_noarchive":false,"robots_nosnippet":false,"robots_nofollow":false,"robots_noimageindex":false,"robots_noodp":false,"robots_notranslate":false,"robots_max_snippet":"-1","robots_max_videopreview":"-1","robots_max_imagepreview":"large","priority":null,"frequency":"default","local_seo":null,"breadcrumb_settings":null,"limit_modified_date":false,"created":"2024-04-11 01:57:22","updated":"2025-06-22 18:40:00"},"aioseo_breadcrumb":"<div class=\"aioseo-breadcrumbs\"><span class=\"aioseo-breadcrumb\">\n\t<a href=\"https:\/\/www.rucashk.com\/es\" title=\"Home\">Home<\/a>\n<\/span><span class=\"aioseo-breadcrumb-separator\">&raquo;<\/span><span class=\"aioseo-breadcrumb\">\n\t<a href=\"https:\/\/www.rucashk.com\/es\/products\/\" title=\"Productos\">Productos<\/a>\n<\/span><span class=\"aioseo-breadcrumb-separator\">&raquo;<\/span><span class=\"aioseo-breadcrumb\">\n\t<a href=\"https:\/\/www.rucashk.com\/es\/marca\/razer\/\" title=\"Razer\">Razer<\/a>\n<\/span><span class=\"aioseo-breadcrumb-separator\">&raquo;<\/span><span class=\"aioseo-breadcrumb\">\n\tRazer DeathAdder V3 Pro Faker Edition Mice\n<\/span><\/div>","aioseo_breadcrumb_json":[{"label":"Home","link":"https:\/\/www.rucashk.com\/es"},{"label":"Productos","link":"https:\/\/www.rucashk.com\/es\/products\/"},{"label":"Razer","link":"https:\/\/www.rucashk.com\/es\/marca\/razer\/"},{"label":"Razer DeathAdder V3 Pro Faker Edition Mice","link":"https:\/\/www.rucashk.com\/es\/producto\/razer-deathadder-v3-pro-faker-edition-mice\/"}],"_links":{"self":[{"href":"https:\/\/www.rucashk.com\/es\/wp-json\/wp\/v2\/product\/27613","targetHints":{"allow":["GET"]}}],"collection":[{"href":"https:\/\/www.rucashk.com\/es\/wp-json\/wp\/v2\/product"}],"about":[{"href":"https:\/\/www.rucashk.com\/es\/wp-json\/wp\/v2\/types\/product"}],"wp:featuredmedia":[{"embeddable":true,"href":"https:\/\/www.rucashk.com\/es\/wp-json\/wp\/v2\/media\/27770"}],"wp:attachment":[{"href":"https:\/\/www.rucashk.com\/es\/wp-json\/wp\/v2\/media?parent=27613"}],"wp:term":[{"taxonomy":"product_brand","embeddable":true,"href":"https:\/\/www.rucashk.com\/es\/wp-json\/wp\/v2\/product_brand?post=27613"},{"taxonomy":"product_cat","embeddable":true,"href":"https:\/\/www.rucashk.com\/es\/wp-json\/wp\/v2\/product_cat?post=27613"},{"taxonomy":"product_tag","embeddable":true,"href":"https:\/\/www.rucashk.com\/es\/wp-json\/wp\/v2\/product_tag?post=27613"}],"curies":[{"name":"wp","href":"https:\/\/api.w.org\/{rel}","templated":true}]}}