{"id":27611,"date":"2024-01-09T16:42:58","date_gmt":"2024-01-09T16:42:58","guid":{"rendered":"http:\/\/rucashk.com\/?post_type=product&#038;p=27611"},"modified":"2025-06-21T05:53:44","modified_gmt":"2025-06-21T05:53:44","slug":"razer-naga-v2-pro-mice","status":"publish","type":"product","link":"https:\/\/www.rucashk.com\/es\/producto\/razer-naga-v2-pro-mice\/","title":{"rendered":"Ratones Razer Naga V2 Pro"},"content":{"rendered":"<p align=\"center\"><strong><span data-spm-anchor-id=\"a2g0o.detail.1000023.i2.ebechQkphQkphv\">RAZER NAGA V2 PRO<\/span><\/strong><\/p>\n<p align=\"center\"><strong>ADAPTARSE Y LIBERARSE<\/strong><\/p>\n<p align=\"center\">Dise\u00f1ado para dominar en MMO, Battle Royale, FPS y m\u00e1s, el maestro multig\u00e9nero regresa con m\u00e1s fuerza que nunca. Con 3 placas laterales intercambiables, 19+1 botones programables, un Razer HyperScroll Pro Wheel y Razer HyperSpeed Wireless, el Razer Naga V2 Pro tiene el poder para superar todos los g\u00e9neros.<\/p>\n<p align=\"start\"><img decoding=\"async\" alt=\"Razer Naga V2 Pro Mice\" class=\"aligncenter\" src=\"\/wp-content\/uploads\/replace\/d0b453f4babd96afdd9006e3e3c601cf.jpeg\" \/><\/p>\n<p align=\"center\"><strong>ABSOLUTA ADAPTABILIDAD Y CONTROL<\/strong><\/p>\n<p align=\"center\">3 PLACAS LATERALES INTERCAMBIABLES PARA HASTA 22 CONTROLES PROGRAMABLES<\/p>\n<p align=\"center\">El Razer Naga V2 Pro viene con un conjunto de placas laterales magn\u00e9ticas de 12, 6 y 2 botones, lo que te permite adaptarte a cualquier g\u00e9nero de juego con hasta 22 controles programables.<strong>.<\/strong><\/p>\n<p align=\"start\"><img decoding=\"async\" alt=\"Razer Naga V2 Pro Mice\" class=\"aligncenter\" src=\"\/wp-content\/uploads\/replace\/1173002582cdff565aa55e6f845e3152.jpeg\" \/><\/p>\n<p align=\"center\"><strong>RUEDA RAZER\u2122 HYPERSCROLL PRO<\/strong><\/p>\n<p align=\"center\">CONFIGURACI\u00d3N ILIMITADA Y SENSACI\u00d3N DE DESPLAZAMIENTO<\/p>\n<p align=\"center\">Alterna entre 5 ajustes preestablecidos y 1 modo personalizado, todo con solo tocar un bot\u00f3n<\/p>\n<p align=\"start\"><img decoding=\"async\" alt=\"Razer Naga V2 Pro Mice\" class=\"aligncenter\" src=\"\/wp-content\/uploads\/replace\/999542fc45c61dd2a79829650cc1e3a4.jpeg\" \/><\/p>\n<p align=\"start\">\n<p style=\"text-align: center\" align=\"start\"><strong>CARACTER\u00cdSTICAS M\u00c1S AVANZADAS<\/strong><\/p>\n<p align=\"start\">\n<p align=\"start\"><img decoding=\"async\" alt=\"Razer Naga V2 Pro Mice\" class=\"aligncenter\" src=\"\/wp-content\/uploads\/replace\/fdad1e54950df2907725b8bdcca52ff0.jpeg\" \/><\/p>\n<p align=\"start\">\n<p align=\"start\">\n<div class=\"title--wrap--wDzGayX\">\n<div class=\"title--text--Lx66GPw\">\n<h1 class=\"title--title--RN9Pt03\" data-spm-anchor-id=\"a2g0o.detail.0.i7.ebechQkphQkphv\">Especificaciones<\/h1>\n<\/div>\n<\/div>\n<ul class=\"specification--list--fiWsSyv\">\n<li class=\"specification--line--iUJOqof\">\n<div class=\"specification--prop--RejitI8\">\n<div class=\"specification--title--UbVeyic\">Peso bruto: 134 g.<\/div>\n<\/div>\n<div class=\"specification--prop--RejitI8\">\n<div class=\"specification--title--UbVeyic\">Modo de operaci\u00f3n: optoelectr\u00f3nico<\/div>\n<\/div>\n<\/li>\n<li class=\"specification--line--iUJOqof\">\n<div class=\"specification--prop--RejitI8\">\n<div class=\"specification--title--UbVeyic\">Tipo de energ\u00eda: Recargable<\/div>\n<\/div>\n<div class=\"specification--prop--RejitI8\">\n<div class=\"specification--title--UbVeyic\">N\u00famero de rodillos: 1 unidad<\/div>\n<\/div>\n<\/li>\n<li class=\"specification--line--iUJOqof\">\n<div class=\"specification--prop--RejitI8\">\n<div class=\"specification--title--UbVeyic\">Orientaci\u00f3n de la mano: Derecha<\/div>\n<\/div>\n<div class=\"specification--prop--RejitI8\">\n<div class=\"specification--title--UbVeyic\">Paquete: S\u00ed<\/div>\n<\/div>\n<\/li>\n<li class=\"specification--line--iUJOqof\">\n<div class=\"specification--prop--RejitI8\">\n<div class=\"specification--title--UbVeyic\">PPP: 30000<\/div>\n<\/div>\n<div class=\"specification--prop--RejitI8\">\n<div class=\"specification--title--UbVeyic\">Tipo de interfaz: bluetooth<\/div>\n<\/div>\n<\/li>\n<li class=\"specification--line--iUJOqof\">\n<div class=\"specification--prop--RejitI8\">\n<div class=\"specification--title--UbVeyic\">Tipo: inal\u00e1mbrico de 2,4 Ghz<\/div>\n<\/div>\n<div class=\"specification--prop--RejitI8\">\n<div class=\"specification--title--UbVeyic\">Nombre de la marca: Razer<\/div>\n<\/div>\n<\/li>\n<li class=\"specification--line--iUJOqof\">\n<div class=\"specification--prop--RejitI8\">\n<div class=\"specification--title--UbVeyic\">Origen: China continental<\/div>\n<\/div>\n<div class=\"specification--prop--RejitI8\">\n<div class=\"specification--title--UbVeyic\">Certificaci\u00f3n:CE<\/div>\n<\/div>\n<\/li>\n<\/ul>","protected":false},"excerpt":{"rendered":"<p align=\"start\"><span data-spm-anchor-id=\"a2g0o.detail.1000023.i4.ebechQkphQkphv\">Longitud: 119,5 mm \/ 4,70 pulgadas<\/span><\/p>\n<p align=\"start\">Ancho: 75,5 mm \/ 2,97 pulgadas<\/p>\n<p align=\"start\">Altura: 43,5 mm \/ 1,72 pulgadas<\/p>\n<p align=\"start\">PESO APROXIMADO<\/p>\n<p align=\"start\">134 g \/ 0,295 lbs (sin cable ni dongle)<\/p>","protected":false},"featured_media":27756,"template":"","meta":[],"product_brand":[1379],"product_cat":[1322,1331],"product_tag":[],"class_list":{"0":"post-27611","1":"product","2":"type-product","3":"status-publish","4":"has-post-thumbnail","6":"product_brand-razer","7":"product_cat-other-a-brands","8":"product_cat-razer-other-a-brands","10":"first","11":"instock","12":"shipping-taxable","13":"product-type-simple"},"aioseo_notices":[],"aioseo_head":"\n\t\t<!-- All in One SEO Pro 4.5.9.2 - aioseo.com -->\n\t\t<meta name=\"description\" content=\"Length: 119.5 mm \/ 4.70 in Width: 75.5 mm \/ 2.97 in Height: 43.5 mm \/ 1.72 in APPROXIMATE WEIGHT 134 g \/ 0.295 lbs (Excluding cable and dongle)\" \/>\n\t\t<meta name=\"robots\" content=\"max-image-preview:large\" \/>\n\t\t<link rel=\"canonical\" href=\"https:\/\/www.rucashk.com\/es\/producto\/razer-naga-v2-pro-mice\/\" \/>\n\t\t<meta name=\"generator\" content=\"All in One SEO Pro (AIOSEO) 4.5.9.2\" \/>\n\t\t<meta property=\"og:locale\" content=\"es_ES\" \/>\n\t\t<meta property=\"og:site_name\" content=\"Rucas - One-stop AIoT Distribution Worldwide\" \/>\n\t\t<meta property=\"og:type\" content=\"article\" \/>\n\t\t<meta property=\"og:title\" content=\"Razer Naga V2 Pro Mice - Rucas - Wholesale and Distribution\" \/>\n\t\t<meta property=\"og:description\" content=\"Length: 119.5 mm \/ 4.70 in Width: 75.5 mm \/ 2.97 in Height: 43.5 mm \/ 1.72 in APPROXIMATE WEIGHT 134 g \/ 0.295 lbs (Excluding cable and dongle)\" \/>\n\t\t<meta property=\"og:url\" content=\"https:\/\/www.rucashk.com\/es\/producto\/razer-naga-v2-pro-mice\/\" \/>\n\t\t<meta property=\"og:image\" content=\"https:\/\/www.rucashk.com\/wp-content\/uploads\/replace\/503b8e645f128a97ccde2b6290747646.jpeg\" \/>\n\t\t<meta property=\"og:image:secure_url\" content=\"https:\/\/www.rucashk.com\/wp-content\/uploads\/replace\/503b8e645f128a97ccde2b6290747646.jpeg\" \/>\n\t\t<meta property=\"og:image:width\" content=\"1456\" \/>\n\t\t<meta property=\"og:image:height\" content=\"816\" \/>\n\t\t<meta property=\"article:published_time\" content=\"2024-01-09T16:42:58+00:00\" \/>\n\t\t<meta property=\"article:modified_time\" content=\"2025-06-21T05:53:44+00:00\" \/>\n\t\t<meta name=\"twitter:card\" content=\"summary_large_image\" \/>\n\t\t<meta name=\"twitter:title\" content=\"Razer Naga V2 Pro Mice - Rucas - Wholesale and Distribution\" \/>\n\t\t<meta name=\"twitter:description\" content=\"Length: 119.5 mm \/ 4.70 in Width: 75.5 mm \/ 2.97 in Height: 43.5 mm \/ 1.72 in APPROXIMATE WEIGHT 134 g \/ 0.295 lbs (Excluding cable and dongle)\" \/>\n\t\t<meta name=\"twitter:image\" content=\"https:\/\/www.rucashk.com\/wp-content\/uploads\/replace\/503b8e645f128a97ccde2b6290747646.jpeg\" \/>\n\t\t<script type=\"application\/ld+json\" class=\"aioseo-schema\">\n\t\t\t{\"@context\":\"https:\\\/\\\/schema.org\",\"@graph\":[{\"@type\":\"BreadcrumbList\",\"@id\":\"https:\\\/\\\/www.rucashk.com\\\/es\\\/producto\\\/razer-naga-v2-pro-mice\\\/#breadcrumblist\",\"itemListElement\":[{\"@type\":\"ListItem\",\"@id\":\"https:\\\/\\\/www.rucashk.com\\\/es\\\/#listItem\",\"position\":1,\"name\":\"Home\",\"item\":\"https:\\\/\\\/www.rucashk.com\\\/es\\\/\",\"nextItem\":\"https:\\\/\\\/www.rucashk.com\\\/es\\\/producto\\\/razer-naga-v2-pro-mice\\\/#listItem\"},{\"@type\":\"ListItem\",\"@id\":\"https:\\\/\\\/www.rucashk.com\\\/es\\\/producto\\\/razer-naga-v2-pro-mice\\\/#listItem\",\"position\":2,\"name\":\"Razer Naga V2 Pro Mice\",\"previousItem\":\"https:\\\/\\\/www.rucashk.com\\\/es\\\/#listItem\"}]},{\"@type\":\"Organization\",\"@id\":\"https:\\\/\\\/www.rucashk.com\\\/es\\\/#organization\",\"name\":\"Rucas\",\"url\":\"https:\\\/\\\/www.rucashk.com\\\/es\\\/\",\"logo\":{\"@type\":\"ImageObject\",\"url\":\"https:\\\/\\\/www.rucashk.com\\\/wp-content\\\/uploads\\\/2023\\\/12\\\/Rucas_campany_logo.png\",\"@id\":\"https:\\\/\\\/www.rucashk.com\\\/es\\\/producto\\\/razer-naga-v2-pro-mice\\\/#organizationLogo\",\"width\":221,\"height\":65},\"image\":{\"@id\":\"https:\\\/\\\/www.rucashk.com\\\/es\\\/#organizationLogo\"}},{\"@type\":\"Person\",\"@id\":\"https:\\\/\\\/www.rucashk.com\\\/es\\\/author\\\/admin\\\/#author\",\"url\":\"https:\\\/\\\/www.rucashk.com\\\/es\\\/author\\\/admin\\\/\",\"name\":\"admin\",\"image\":{\"@type\":\"ImageObject\",\"@id\":\"https:\\\/\\\/www.rucashk.com\\\/es\\\/producto\\\/razer-naga-v2-pro-mice\\\/#authorImage\",\"url\":\"https:\\\/\\\/secure.gravatar.com\\\/avatar\\\/b7c8925b09a27e72b30232f8ecaadbd5af0f70a38c78096863fe51b64f031c24?s=96&d=mm&r=g\",\"width\":96,\"height\":96,\"caption\":\"admin\"}},{\"@type\":\"WebPage\",\"@id\":\"https:\\\/\\\/www.rucashk.com\\\/es\\\/producto\\\/razer-naga-v2-pro-mice\\\/#webpage\",\"url\":\"https:\\\/\\\/www.rucashk.com\\\/es\\\/producto\\\/razer-naga-v2-pro-mice\\\/\",\"name\":\"Razer Naga V2 Pro Mice - Rucas - Wholesale and Distribution\",\"description\":\"Length: 119.5 mm \\\/ 4.70 in Width: 75.5 mm \\\/ 2.97 in Height: 43.5 mm \\\/ 1.72 in APPROXIMATE WEIGHT 134 g \\\/ 0.295 lbs (Excluding cable and dongle)\",\"inLanguage\":\"es-ES\",\"isPartOf\":{\"@id\":\"https:\\\/\\\/www.rucashk.com\\\/es\\\/#website\"},\"breadcrumb\":{\"@id\":\"https:\\\/\\\/www.rucashk.com\\\/es\\\/producto\\\/razer-naga-v2-pro-mice\\\/#breadcrumblist\"},\"author\":{\"@id\":\"https:\\\/\\\/www.rucashk.com\\\/es\\\/author\\\/admin\\\/#author\"},\"creator\":{\"@id\":\"https:\\\/\\\/www.rucashk.com\\\/es\\\/author\\\/admin\\\/#author\"},\"image\":{\"@type\":\"ImageObject\",\"url\":\"https:\\\/\\\/www.rucashk.com\\\/wp-content\\\/uploads\\\/2024\\\/01\\\/10001-37-1.jpg\",\"@id\":\"https:\\\/\\\/www.rucashk.com\\\/es\\\/producto\\\/razer-naga-v2-pro-mice\\\/#mainImage\",\"width\":800,\"height\":800},\"primaryImageOfPage\":{\"@id\":\"https:\\\/\\\/www.rucashk.com\\\/es\\\/producto\\\/razer-naga-v2-pro-mice\\\/#mainImage\"},\"datePublished\":\"2024-01-09T16:42:58+00:00\",\"dateModified\":\"2025-06-21T05:53:44+00:00\"},{\"@type\":\"WebSite\",\"@id\":\"https:\\\/\\\/www.rucashk.com\\\/es\\\/#website\",\"url\":\"https:\\\/\\\/www.rucashk.com\\\/es\\\/\",\"name\":\"Rucas - Wholesale and distribution worldwide\",\"alternateName\":\"Rucas - One-stop AIoT Distribution Worldwide\",\"description\":\"One-stop AIoT Distribution Worldwide\",\"inLanguage\":\"es-ES\",\"publisher\":{\"@id\":\"https:\\\/\\\/www.rucashk.com\\\/es\\\/#organization\"}}]}\n\t\t<\/script>\n\t\t<!-- All in One SEO Pro -->\r\n\t\t<title>Razer Naga V2 Pro Mice - Rucas - Wholesale and Distribution<\/title>\n\n","aioseo_head_json":{"title":"Razer Naga V2 Pro Mice - Rucas - Wholesale and Distribution","description":"Length: 119.5 mm \/ 4.70 in Width: 75.5 mm \/ 2.97 in Height: 43.5 mm \/ 1.72 in APPROXIMATE WEIGHT 134 g \/ 0.295 lbs (Excluding cable and dongle)","canonical_url":"https:\/\/www.rucashk.com\/es\/producto\/razer-naga-v2-pro-mice\/","robots":"max-image-preview:large","keywords":"","webmasterTools":{"miscellaneous":""},"og:locale":"es_ES","og:site_name":"Rucas - One-stop AIoT Distribution Worldwide","og:type":"article","og:title":"Razer Naga V2 Pro Mice - Rucas - Wholesale and Distribution","og:description":"Length: 119.5 mm \/ 4.70 in Width: 75.5 mm \/ 2.97 in Height: 43.5 mm \/ 1.72 in APPROXIMATE WEIGHT 134 g \/ 0.295 lbs (Excluding cable and dongle)","og:url":"https:\/\/www.rucashk.com\/es\/producto\/razer-naga-v2-pro-mice\/","og:image":"https:\/\/www.rucashk.com\/wp-content\/uploads\/replace\/503b8e645f128a97ccde2b6290747646.jpeg","og:image:secure_url":"https:\/\/www.rucashk.com\/wp-content\/uploads\/replace\/503b8e645f128a97ccde2b6290747646.jpeg","og:image:width":1456,"og:image:height":816,"article:published_time":"2024-01-09T16:42:58+00:00","article:modified_time":"2025-06-21T05:53:44+00:00","twitter:card":"summary_large_image","twitter:title":"Razer Naga V2 Pro Mice - Rucas - Wholesale and Distribution","twitter:description":"Length: 119.5 mm \/ 4.70 in Width: 75.5 mm \/ 2.97 in Height: 43.5 mm \/ 1.72 in APPROXIMATE WEIGHT 134 g \/ 0.295 lbs (Excluding cable and dongle)","twitter:image":"https:\/\/www.rucashk.com\/wp-content\/uploads\/replace\/503b8e645f128a97ccde2b6290747646.jpeg","schema":{"@context":"https:\/\/schema.org","@graph":[{"@type":"BreadcrumbList","@id":"https:\/\/www.rucashk.com\/es\/producto\/razer-naga-v2-pro-mice\/#breadcrumblist","itemListElement":[{"@type":"ListItem","@id":"https:\/\/www.rucashk.com\/es\/#listItem","position":1,"name":"Home","item":"https:\/\/www.rucashk.com\/es\/","nextItem":"https:\/\/www.rucashk.com\/es\/producto\/razer-naga-v2-pro-mice\/#listItem"},{"@type":"ListItem","@id":"https:\/\/www.rucashk.com\/es\/producto\/razer-naga-v2-pro-mice\/#listItem","position":2,"name":"Razer Naga V2 Pro Mice","previousItem":"https:\/\/www.rucashk.com\/es\/#listItem"}]},{"@type":"Organization","@id":"https:\/\/www.rucashk.com\/es\/#organization","name":"Rucas","url":"https:\/\/www.rucashk.com\/es\/","logo":{"@type":"ImageObject","url":"https:\/\/www.rucashk.com\/wp-content\/uploads\/2023\/12\/Rucas_campany_logo.png","@id":"https:\/\/www.rucashk.com\/es\/producto\/razer-naga-v2-pro-mice\/#organizationLogo","width":221,"height":65},"image":{"@id":"https:\/\/www.rucashk.com\/es\/#organizationLogo"}},{"@type":"Person","@id":"https:\/\/www.rucashk.com\/es\/author\/admin\/#author","url":"https:\/\/www.rucashk.com\/es\/author\/admin\/","name":"admin","image":{"@type":"ImageObject","@id":"https:\/\/www.rucashk.com\/es\/producto\/razer-naga-v2-pro-mice\/#authorImage","url":"https:\/\/secure.gravatar.com\/avatar\/b7c8925b09a27e72b30232f8ecaadbd5af0f70a38c78096863fe51b64f031c24?s=96&d=mm&r=g","width":96,"height":96,"caption":"admin"}},{"@type":"WebPage","@id":"https:\/\/www.rucashk.com\/es\/producto\/razer-naga-v2-pro-mice\/#webpage","url":"https:\/\/www.rucashk.com\/es\/producto\/razer-naga-v2-pro-mice\/","name":"Razer Naga V2 Pro Mice - Rucas - Wholesale and Distribution","description":"Length: 119.5 mm \/ 4.70 in Width: 75.5 mm \/ 2.97 in Height: 43.5 mm \/ 1.72 in APPROXIMATE WEIGHT 134 g \/ 0.295 lbs (Excluding cable and dongle)","inLanguage":"es-ES","isPartOf":{"@id":"https:\/\/www.rucashk.com\/es\/#website"},"breadcrumb":{"@id":"https:\/\/www.rucashk.com\/es\/producto\/razer-naga-v2-pro-mice\/#breadcrumblist"},"author":{"@id":"https:\/\/www.rucashk.com\/es\/author\/admin\/#author"},"creator":{"@id":"https:\/\/www.rucashk.com\/es\/author\/admin\/#author"},"image":{"@type":"ImageObject","url":"https:\/\/www.rucashk.com\/wp-content\/uploads\/2024\/01\/10001-37-1.jpg","@id":"https:\/\/www.rucashk.com\/es\/producto\/razer-naga-v2-pro-mice\/#mainImage","width":800,"height":800},"primaryImageOfPage":{"@id":"https:\/\/www.rucashk.com\/es\/producto\/razer-naga-v2-pro-mice\/#mainImage"},"datePublished":"2024-01-09T16:42:58+00:00","dateModified":"2025-06-21T05:53:44+00:00"},{"@type":"WebSite","@id":"https:\/\/www.rucashk.com\/es\/#website","url":"https:\/\/www.rucashk.com\/es\/","name":"Rucas - Wholesale and distribution worldwide","alternateName":"Rucas - One-stop AIoT Distribution Worldwide","description":"One-stop AIoT Distribution Worldwide","inLanguage":"es-ES","publisher":{"@id":"https:\/\/www.rucashk.com\/es\/#organization"}}]}},"aioseo_meta_data":{"post_id":"27611","title":null,"description":null,"keywords":null,"keyphrases":null,"primary_term":null,"canonical_url":null,"og_title":null,"og_description":null,"og_object_type":"default","og_image_type":"default","og_image_url":null,"og_image_width":null,"og_image_height":null,"og_image_custom_url":null,"og_image_custom_fields":null,"og_video":"","og_custom_url":null,"og_article_section":null,"og_article_tags":null,"twitter_use_og":false,"twitter_card":"default","twitter_image_type":"default","twitter_image_url":null,"twitter_image_custom_url":null,"twitter_image_custom_fields":null,"twitter_title":null,"twitter_description":null,"schema":{"blockGraphs":[],"customGraphs":[],"default":{"data":{"Article":[],"Course":[],"Dataset":[],"FAQPage":[],"Movie":[],"Person":[],"Product":[],"Recipe":[],"Service":[],"SoftwareApplication":[],"WebPage":[]},"graphName":"","isEnabled":true},"graphs":[]},"schema_type":"default","schema_type_options":null,"pillar_content":false,"robots_default":true,"robots_noindex":false,"robots_noarchive":false,"robots_nosnippet":false,"robots_nofollow":false,"robots_noimageindex":false,"robots_noodp":false,"robots_notranslate":false,"robots_max_snippet":"-1","robots_max_videopreview":"-1","robots_max_imagepreview":"large","priority":null,"frequency":"default","local_seo":null,"breadcrumb_settings":null,"limit_modified_date":false,"created":"2024-04-11 01:57:22","updated":"2025-06-22 18:40:00"},"aioseo_breadcrumb":"<div class=\"aioseo-breadcrumbs\"><span class=\"aioseo-breadcrumb\">\n\t<a href=\"https:\/\/www.rucashk.com\/es\" title=\"Home\">Home<\/a>\n<\/span><span class=\"aioseo-breadcrumb-separator\">&raquo;<\/span><span class=\"aioseo-breadcrumb\">\n\t<a href=\"https:\/\/www.rucashk.com\/es\/products\/\" title=\"Productos\">Productos<\/a>\n<\/span><span class=\"aioseo-breadcrumb-separator\">&raquo;<\/span><span class=\"aioseo-breadcrumb\">\n\t<a href=\"https:\/\/www.rucashk.com\/es\/marca\/razer\/\" title=\"Razer\">Razer<\/a>\n<\/span><span class=\"aioseo-breadcrumb-separator\">&raquo;<\/span><span class=\"aioseo-breadcrumb\">\n\tRazer Naga V2 Pro Mice\n<\/span><\/div>","aioseo_breadcrumb_json":[{"label":"Home","link":"https:\/\/www.rucashk.com\/es"},{"label":"Productos","link":"https:\/\/www.rucashk.com\/es\/products\/"},{"label":"Razer","link":"https:\/\/www.rucashk.com\/es\/marca\/razer\/"},{"label":"Razer Naga V2 Pro Mice","link":"https:\/\/www.rucashk.com\/es\/producto\/razer-naga-v2-pro-mice\/"}],"_links":{"self":[{"href":"https:\/\/www.rucashk.com\/es\/wp-json\/wp\/v2\/product\/27611","targetHints":{"allow":["GET"]}}],"collection":[{"href":"https:\/\/www.rucashk.com\/es\/wp-json\/wp\/v2\/product"}],"about":[{"href":"https:\/\/www.rucashk.com\/es\/wp-json\/wp\/v2\/types\/product"}],"wp:featuredmedia":[{"embeddable":true,"href":"https:\/\/www.rucashk.com\/es\/wp-json\/wp\/v2\/media\/27756"}],"wp:attachment":[{"href":"https:\/\/www.rucashk.com\/es\/wp-json\/wp\/v2\/media?parent=27611"}],"wp:term":[{"taxonomy":"product_brand","embeddable":true,"href":"https:\/\/www.rucashk.com\/es\/wp-json\/wp\/v2\/product_brand?post=27611"},{"taxonomy":"product_cat","embeddable":true,"href":"https:\/\/www.rucashk.com\/es\/wp-json\/wp\/v2\/product_cat?post=27611"},{"taxonomy":"product_tag","embeddable":true,"href":"https:\/\/www.rucashk.com\/es\/wp-json\/wp\/v2\/product_tag?post=27611"}],"curies":[{"name":"wp","href":"https:\/\/api.w.org\/{rel}","templated":true}]}}