{"id":27561,"date":"2024-01-09T16:42:10","date_gmt":"2024-01-09T16:42:10","guid":{"rendered":"http:\/\/rucashk.com\/?post_type=product&#038;p=27561"},"modified":"2025-06-21T07:49:14","modified_gmt":"2025-06-21T07:49:14","slug":"razer-basilisk-v2-mice","status":"publish","type":"product","link":"https:\/\/www.rucashk.com\/es\/producto\/razer-basilisk-v2-mice\/","title":{"rendered":"Ratones Razer Basilisk V2"},"content":{"rendered":"<p style=\"text-align: left\">Razer Basilisco V2<br \/>\nRat\u00f3n para juegos con cable<\/p>\n<p><img decoding=\"async\" alt=\"Razer Basilisk V2 Mice\" src=\"\/wp-content\/uploads\/replace\/edd3dc12192198fb2efff5992897e4ff.jpeg\" \/><\/p>\n<p>&nbsp;<\/p>\n<p>SENSOR \u00d3PTICO RAZER FOCUS+<br \/>\nNuestro sensor nuevo y mejorado tiene 20.000 DPI l\u00edder en la industria con una precisi\u00f3n de resoluci\u00f3n de 99,6%, lo que garantiza que incluso el movimiento m\u00e1s fino de este mouse \u00f3ptico para juegos se rastree con consistencia. Equipado con funciones inteligentes, el sensor se vuelve a\u00fan m\u00e1s preciso, lo que permite un nivel agudo de precisi\u00f3n para disparos a la cabeza ganadores.<\/p>\n<p><img decoding=\"async\" alt=\"Razer Basilisk V2 Mice\" src=\"\/wp-content\/uploads\/replace\/84797807edeb4f9af1c2827d9eb8fcd4.jpeg\" data-spm-anchor-id=\"a2g0o.detail.1000023.i0.4c57x3PRx3PR0J\" \/><\/p>\n<p>&nbsp;<\/p>\n<p>100% PIES DE RAT\u00d3N PTFE<\/p>\n<p>Disfrute del suave movimiento del mouse sobre cualquier superficie con las patas del mouse hechas de PTFE de la m\u00e1s alta calidad y pureza, un material utilizado para recubrir sartenes antiadherentes.<\/p>\n<p>CABLE RAZER SPEEDFLEX<\/p>\n<p>El cable del Razer Basilisk V2 tiene mayor flexibilidad y est\u00e1 dise\u00f1ado para producir una resistencia m\u00ednima, de modo que puedas realizar movimientos m\u00e1s r\u00e1pidos y fluidos para un mayor grado de control.<\/p>\n<p>&nbsp;<\/p>\n<p>MEMORIA A BORDO AVANZADA<\/p>\n<p>Guarde y almacene hasta 5 configuraciones de perfiles en la memoria integrada y lleve sus configuraciones a cualquier lugar, para que siempre est\u00e9 listo para competir con sus controles preferidos.<\/p>\n<p>&nbsp;<\/p>\n<p><img decoding=\"async\" alt=\"Razer Basilisk V2 Mice\" src=\"\/wp-content\/uploads\/replace\/dd9a38fe342c19a7b4ab5ba66daa94df.jpeg\" \/><\/p>\n<p>&nbsp;<\/p>\n<p>HIPERCAMBIO RAZER<br \/>\nAproveche al m\u00e1ximo este mouse programable asignando sus 11 botones con Razer Hypershift, una caracter\u00edstica avanzada de Razer Synapse 3 que efectivamente duplica las entradas del mouse. Con solo presionar una tecla, puedes alternar un perfil de bot\u00f3n secundario para que puedas cambiar tu juego sobre la marcha.<\/p>\n<p><img decoding=\"async\" alt=\"Razer Basilisk V2 Mice\" src=\"\/wp-content\/uploads\/replace\/abd26390a3a2a854b537c38db71d6585.jpeg\" \/><\/p>\n<p>&nbsp;<\/p>\n<p>CONFIGURACIONES PERSONALIZADAS<br \/>\nObtenga una ventaja en su personalizaci\u00f3n utilizando estas configuraciones de botones recomendadas, optimizadas para varios juegos.<\/p>\n<p>&nbsp;<\/p>\n<p><img decoding=\"async\" alt=\"Razer Basilisk V2 Mice\" src=\"\/wp-content\/uploads\/replace\/555542be51fe6ef5e8fc405f37358209.jpeg\" \/><\/p>\n<p>&nbsp;<\/p>\n<p>Efecto de luz RGB personalizable<br \/>\nSe puede personalizar en el logotipo del mouse y en la rueda de desplazamiento para crear una experiencia de juego inmersiva para los jugadores.<\/p>\n<p><img decoding=\"async\" alt=\"Razer Basilisk V2 Mice\" src=\"\/wp-content\/uploads\/replace\/0fbc11778b73fdc634ea31ac71bcf2ed.jpeg\" \/><\/p>\n<p>INTERRUPTOR DEL RAT\u00d3N \u00d3PTICO<br \/>\nUtilizando un haz de luz infrarroja para registrar cada clic, los interruptores de este mouse \u00f3ptico para juegos se activan con un tiempo de respuesta l\u00edder en la industria de 0,2 milisegundos. Debido a que ya no requiere el contacto f\u00edsico tradicional, esta forma de actuaci\u00f3n elimina la necesidad de retrasar el rebote y nunca provoca clics no deseados, lo que le brinda un control m\u00e1s cercano y una ejecuci\u00f3n impecable.<\/p>\n<p><img decoding=\"async\" alt=\"Razer Basilisk V2 Mice\" src=\"\/wp-content\/uploads\/replace\/1a455dcf1bf10aaadc0ff2a98ec9cf3d.jpeg\" \/><\/p>\n<p>&nbsp;<\/p>\n<p>RESISTENCIA DE LA RUEDA DE DESPLAZAMIENTO PERSONALIZABLE<br \/>\nEl Razer Basilisk V2 viene con un dial en su parte inferior que te permite ajustar la resistencia de su rueda de desplazamiento para que sea tan suave o t\u00e1ctil como quieras. Con este nivel de personalizaci\u00f3n en un mouse para juegos, podr\u00e1s realizar saltos de conejo, selecciones de armas y otras acciones de la rueda de desplazamiento con mayor precisi\u00f3n.<\/p>\n<p>&nbsp;<\/p>\n<p><img decoding=\"async\" alt=\"Razer Basilisk V2 Mice\" src=\"\/wp-content\/uploads\/replace\/5dcce622cf907c30b9c270531b723bf3.jpeg\" \/><\/p>\n<p>&nbsp;<\/p>\n<div class=\"title--wrap--wDzGayX\">\n<div class=\"title--text--Lx66GPw\">\n<h1 class=\"title--title--RN9Pt03\" data-spm-anchor-id=\"a2g0o.detail.0.i10.4c57x3PRx3PR0J\">Especificaciones<\/h1>\n<\/div>\n<\/div>\n<ul class=\"specification--list--fiWsSyv\">\n<li class=\"specification--line--iUJOqof\">\n<div class=\"specification--prop--RejitI8\">\n<div class=\"specification--title--UbVeyic\">Aceleraci\u00f3n: 50G<\/div>\n<\/div>\n<div class=\"specification--prop--RejitI8\">\n<div class=\"specification--title--UbVeyic\">Modelo de sensor: Pixart 3399 (20000 DPI|650 IPS|50G)<\/div>\n<\/div>\n<\/li>\n<li class=\"specification--line--iUJOqof\">\n<div class=\"specification--prop--RejitI8\">\n<div class=\"specification--title--UbVeyic\">N\u00famero de botones: 11<\/div>\n<\/div>\n<div class=\"specification--prop--RejitI8\">\n<div class=\"specification--title--UbVeyic\">N\u00famero de rodillos: 1 unidad<\/div>\n<\/div>\n<\/li>\n<li class=\"specification--line--iUJOqof\">\n<div class=\"specification--prop--RejitI8\">\n<div class=\"specification--title--UbVeyic\">Orientaci\u00f3n de la mano: derecha<\/div>\n<\/div>\n<div class=\"specification--prop--RejitI8\">\n<div class=\"specification--title--UbVeyic\">Paquete: S\u00ed<\/div>\n<\/div>\n<\/li>\n<li class=\"specification--line--iUJOqof\">\n<div class=\"specification--prop--RejitI8\">\n<div class=\"specification--title--UbVeyic\">PPP: 20000<\/div>\n<\/div>\n<div class=\"specification--prop--RejitI8\">\n<div class=\"specification--title--UbVeyic\">Tipo de interfaz: USB<\/div>\n<\/div>\n<\/li>\n<li class=\"specification--line--iUJOqof\">\n<div class=\"specification--prop--RejitI8\">\n<div class=\"specification--title--UbVeyic\">Tipo: CABLEADO<\/div>\n<\/div>\n<div class=\"specification--prop--RejitI8\">\n<div class=\"specification--title--UbVeyic\">Nombre de la marca: Razer<\/div>\n<\/div>\n<\/li>\n<li class=\"specification--line--iUJOqof\">\n<div class=\"specification--prop--RejitI8\">\n<div class=\"specification--title--UbVeyic\">Origen: China continental<\/div>\n<\/div>\n<div class=\"specification--prop--RejitI8\">\n<div class=\"specification--title--UbVeyic\">Certificaci\u00f3n: CE<\/div>\n<\/div>\n<\/li>\n<li class=\"specification--line--iUJOqof\">\n<div class=\"specification--prop--RejitI8\">\n<div class=\"specification--title--UbVeyic\">Modelo: Razer Basilisco V2<\/div>\n<\/div>\n<div class=\"specification--prop--RejitI8\">\n<div class=\"specification--title--UbVeyic\">Peso bruto: 94g<\/div>\n<\/div>\n<\/li>\n<li class=\"specification--line--iUJOqof\">\n<div class=\"specification--prop--RejitI8\">\n<div class=\"specification--title--UbVeyic\">N\u00famero de botones: 11<\/div>\n<\/div>\n<div class=\"specification--prop--RejitI8\">\n<div class=\"specification--title--UbVeyic\">Orientaci\u00f3n de la mano: Direito<\/div>\n<\/div>\n<\/li>\n<li class=\"specification--line--iUJOqof\">\n<div class=\"specification--prop--RejitI8\">\n<div class=\"specification--title--UbVeyic\">Embalaje: Sim<\/div>\n<\/div>\n<div class=\"specification--prop--RejitI8\">\n<div class=\"specification--title--UbVeyic\">Estilo: Dedo<\/div>\n<\/div>\n<\/li>\n<li class=\"specification--line--iUJOqof\">\n<div class=\"specification--prop--RejitI8\">\n<div class=\"specification--title--UbVeyic\">DPI: Otro<\/div>\n<\/div>\n<div class=\"specification--prop--RejitI8\">\n<div class=\"specification--title--UbVeyic\">Tipo: CABLEADO<\/div>\n<\/div>\n<\/li>\n<li class=\"specification--line--iUJOqof\">\n<div class=\"specification--prop--RejitI8\">\n<div class=\"specification--title--UbVeyic\">Nombre de marca: Razer<\/div>\n<\/div>\n<div class=\"specification--prop--RejitI8\">\n<div class=\"specification--title--UbVeyic\">Origen: CN (Origen)<\/div>\n<\/div>\n<\/li>\n<li class=\"specification--line--iUJOqof\">\n<div class=\"specification--prop--RejitI8\">\n<div class=\"specification--title--UbVeyic\">Certificado: NINGUNO<\/div>\n<\/div>\n<div class=\"specification--prop--RejitI8\">\n<div class=\"specification--title--UbVeyic\">Art\u00edculo: Rat\u00f3n para juegos<\/div>\n<\/div>\n<\/li>\n<li class=\"specification--line--iUJOqof\">\n<div class=\"specification--prop--RejitI8\">\n<div class=\"specification--title--UbVeyic\">Switch: Switches de mouse \u00f3ptico Razer clasificados para 70 millones de clics<\/div>\n<\/div>\n<div class=\"specification--prop--RejitI8\">\n<div class=\"specification--title--UbVeyic\">Aceleraci\u00f3n: 50g<\/div>\n<\/div>\n<\/li>\n<li class=\"specification--line--iUJOqof\">\n<div class=\"specification--prop--RejitI8\">\n<div class=\"specification--title--UbVeyic\">Botones: 11 botones programables<\/div>\n<\/div>\n<div class=\"specification--prop--RejitI8\">\n<div class=\"specification--title--UbVeyic\">Longitud del cable: 2,1 m\/82,7 pulgadas<\/div>\n<\/div>\n<\/li>\n<\/ul>","protected":false},"excerpt":{"rendered":"<p>El cable del Razer Basilisk V2 tiene mayor flexibilidad y est\u00e1 dise\u00f1ado para producir una resistencia m\u00ednima, de modo que puedas realizar movimientos m\u00e1s r\u00e1pidos y fluidos para un mayor grado de control.<\/p>\n<p>Guarde y almacene hasta 5 configuraciones de perfiles en la memoria integrada y lleve sus configuraciones a cualquier lugar, para que siempre est\u00e9 listo para competir con sus controles preferidos.<\/p>","protected":false},"featured_media":27722,"template":"","meta":[],"product_brand":[1379],"product_cat":[1322,1331],"product_tag":[],"class_list":{"0":"post-27561","1":"product","2":"type-product","3":"status-publish","4":"has-post-thumbnail","6":"product_brand-razer","7":"product_cat-other-a-brands","8":"product_cat-razer-other-a-brands","10":"first","11":"instock","12":"shipping-taxable","13":"product-type-simple"},"aioseo_notices":[],"aioseo_head":"\n\t\t<!-- All in One SEO Pro 4.5.9.2 - aioseo.com -->\n\t\t<meta name=\"description\" content=\"The Razer Basilisk V2&#039;s cable has greater flexibility and is designed to produce minimal drag, so that you can perform quicker, more fluid swipes for a higher degree of control. Save and store up to 5 profile configurations to the on-board memory and bring your settings anywhere-so you&#039;re always ready to compete with your preferred controls.\" \/>\n\t\t<meta name=\"robots\" content=\"max-image-preview:large\" \/>\n\t\t<link rel=\"canonical\" href=\"https:\/\/www.rucashk.com\/es\/producto\/razer-basilisk-v2-mice\/\" \/>\n\t\t<meta name=\"generator\" content=\"All in One SEO Pro (AIOSEO) 4.5.9.2\" \/>\n\t\t<meta property=\"og:locale\" content=\"es_ES\" \/>\n\t\t<meta property=\"og:site_name\" content=\"Rucas - One-stop AIoT Distribution Worldwide\" \/>\n\t\t<meta property=\"og:type\" content=\"article\" \/>\n\t\t<meta property=\"og:title\" content=\"Razer Basilisk V2 Mice - Rucas - Wholesale and Distribution\" \/>\n\t\t<meta property=\"og:description\" content=\"The Razer Basilisk V2&#039;s cable has greater flexibility and is designed to produce minimal drag, so that you can perform quicker, more fluid swipes for a higher degree of control. Save and store up to 5 profile configurations to the on-board memory and bring your settings anywhere-so you&#039;re always ready to compete with your preferred controls.\" \/>\n\t\t<meta property=\"og:url\" content=\"https:\/\/www.rucashk.com\/es\/producto\/razer-basilisk-v2-mice\/\" \/>\n\t\t<meta property=\"og:image\" content=\"https:\/\/www.rucashk.com\/wp-content\/uploads\/replace\/503b8e645f128a97ccde2b6290747646.jpeg\" \/>\n\t\t<meta property=\"og:image:secure_url\" content=\"https:\/\/www.rucashk.com\/wp-content\/uploads\/replace\/503b8e645f128a97ccde2b6290747646.jpeg\" \/>\n\t\t<meta property=\"og:image:width\" content=\"1456\" \/>\n\t\t<meta property=\"og:image:height\" content=\"816\" \/>\n\t\t<meta property=\"article:published_time\" content=\"2024-01-09T16:42:10+00:00\" \/>\n\t\t<meta property=\"article:modified_time\" content=\"2025-06-21T07:49:14+00:00\" \/>\n\t\t<meta name=\"twitter:card\" content=\"summary_large_image\" \/>\n\t\t<meta name=\"twitter:title\" content=\"Razer Basilisk V2 Mice - Rucas - Wholesale and Distribution\" \/>\n\t\t<meta name=\"twitter:description\" content=\"The Razer Basilisk V2&#039;s cable has greater flexibility and is designed to produce minimal drag, so that you can perform quicker, more fluid swipes for a higher degree of control. Save and store up to 5 profile configurations to the on-board memory and bring your settings anywhere-so you&#039;re always ready to compete with your preferred controls.\" \/>\n\t\t<meta name=\"twitter:image\" content=\"https:\/\/www.rucashk.com\/wp-content\/uploads\/replace\/503b8e645f128a97ccde2b6290747646.jpeg\" \/>\n\t\t<script type=\"application\/ld+json\" class=\"aioseo-schema\">\n\t\t\t{\"@context\":\"https:\\\/\\\/schema.org\",\"@graph\":[{\"@type\":\"BreadcrumbList\",\"@id\":\"https:\\\/\\\/www.rucashk.com\\\/es\\\/producto\\\/razer-basilisk-v2-mice\\\/#breadcrumblist\",\"itemListElement\":[{\"@type\":\"ListItem\",\"@id\":\"https:\\\/\\\/www.rucashk.com\\\/es\\\/#listItem\",\"position\":1,\"name\":\"Home\",\"item\":\"https:\\\/\\\/www.rucashk.com\\\/es\\\/\",\"nextItem\":\"https:\\\/\\\/www.rucashk.com\\\/es\\\/producto\\\/razer-basilisk-v2-mice\\\/#listItem\"},{\"@type\":\"ListItem\",\"@id\":\"https:\\\/\\\/www.rucashk.com\\\/es\\\/producto\\\/razer-basilisk-v2-mice\\\/#listItem\",\"position\":2,\"name\":\"Razer Basilisk V2 Mice\",\"previousItem\":\"https:\\\/\\\/www.rucashk.com\\\/es\\\/#listItem\"}]},{\"@type\":\"Organization\",\"@id\":\"https:\\\/\\\/www.rucashk.com\\\/es\\\/#organization\",\"name\":\"Rucas\",\"url\":\"https:\\\/\\\/www.rucashk.com\\\/es\\\/\",\"logo\":{\"@type\":\"ImageObject\",\"url\":\"https:\\\/\\\/www.rucashk.com\\\/wp-content\\\/uploads\\\/2023\\\/12\\\/Rucas_campany_logo.png\",\"@id\":\"https:\\\/\\\/www.rucashk.com\\\/es\\\/producto\\\/razer-basilisk-v2-mice\\\/#organizationLogo\",\"width\":221,\"height\":65},\"image\":{\"@id\":\"https:\\\/\\\/www.rucashk.com\\\/es\\\/#organizationLogo\"}},{\"@type\":\"Person\",\"@id\":\"https:\\\/\\\/www.rucashk.com\\\/es\\\/author\\\/admin\\\/#author\",\"url\":\"https:\\\/\\\/www.rucashk.com\\\/es\\\/author\\\/admin\\\/\",\"name\":\"admin\",\"image\":{\"@type\":\"ImageObject\",\"@id\":\"https:\\\/\\\/www.rucashk.com\\\/es\\\/producto\\\/razer-basilisk-v2-mice\\\/#authorImage\",\"url\":\"https:\\\/\\\/secure.gravatar.com\\\/avatar\\\/b7c8925b09a27e72b30232f8ecaadbd5af0f70a38c78096863fe51b64f031c24?s=96&d=mm&r=g\",\"width\":96,\"height\":96,\"caption\":\"admin\"}},{\"@type\":\"WebPage\",\"@id\":\"https:\\\/\\\/www.rucashk.com\\\/es\\\/producto\\\/razer-basilisk-v2-mice\\\/#webpage\",\"url\":\"https:\\\/\\\/www.rucashk.com\\\/es\\\/producto\\\/razer-basilisk-v2-mice\\\/\",\"name\":\"Razer Basilisk V2 Mice - Rucas - Wholesale and Distribution\",\"description\":\"The Razer Basilisk V2's cable has greater flexibility and is designed to produce minimal drag, so that you can perform quicker, more fluid swipes for a higher degree of control. Save and store up to 5 profile configurations to the on-board memory and bring your settings anywhere-so you're always ready to compete with your preferred controls.\",\"inLanguage\":\"es-ES\",\"isPartOf\":{\"@id\":\"https:\\\/\\\/www.rucashk.com\\\/es\\\/#website\"},\"breadcrumb\":{\"@id\":\"https:\\\/\\\/www.rucashk.com\\\/es\\\/producto\\\/razer-basilisk-v2-mice\\\/#breadcrumblist\"},\"author\":{\"@id\":\"https:\\\/\\\/www.rucashk.com\\\/es\\\/author\\\/admin\\\/#author\"},\"creator\":{\"@id\":\"https:\\\/\\\/www.rucashk.com\\\/es\\\/author\\\/admin\\\/#author\"},\"image\":{\"@type\":\"ImageObject\",\"url\":\"https:\\\/\\\/www.rucashk.com\\\/wp-content\\\/uploads\\\/2024\\\/01\\\/10001-35-1.jpg\",\"@id\":\"https:\\\/\\\/www.rucashk.com\\\/es\\\/producto\\\/razer-basilisk-v2-mice\\\/#mainImage\",\"width\":1000,\"height\":1000},\"primaryImageOfPage\":{\"@id\":\"https:\\\/\\\/www.rucashk.com\\\/es\\\/producto\\\/razer-basilisk-v2-mice\\\/#mainImage\"},\"datePublished\":\"2024-01-09T16:42:10+00:00\",\"dateModified\":\"2025-06-21T07:49:14+00:00\"},{\"@type\":\"WebSite\",\"@id\":\"https:\\\/\\\/www.rucashk.com\\\/es\\\/#website\",\"url\":\"https:\\\/\\\/www.rucashk.com\\\/es\\\/\",\"name\":\"Rucas - Wholesale and distribution worldwide\",\"alternateName\":\"Rucas - One-stop AIoT Distribution Worldwide\",\"description\":\"One-stop AIoT Distribution Worldwide\",\"inLanguage\":\"es-ES\",\"publisher\":{\"@id\":\"https:\\\/\\\/www.rucashk.com\\\/es\\\/#organization\"}}]}\n\t\t<\/script>\n\t\t<!-- All in One SEO Pro -->\r\n\t\t<title>Razer Basilisk V2 Mice - Rucas - Wholesale and Distribution<\/title>\n\n","aioseo_head_json":{"title":"Razer Basilisk V2 Mice - Rucas - Wholesale and Distribution","description":"The Razer Basilisk V2's cable has greater flexibility and is designed to produce minimal drag, so that you can perform quicker, more fluid swipes for a higher degree of control. Save and store up to 5 profile configurations to the on-board memory and bring your settings anywhere-so you're always ready to compete with your preferred controls.","canonical_url":"https:\/\/www.rucashk.com\/es\/producto\/razer-basilisk-v2-mice\/","robots":"max-image-preview:large","keywords":"","webmasterTools":{"miscellaneous":""},"og:locale":"es_ES","og:site_name":"Rucas - One-stop AIoT Distribution Worldwide","og:type":"article","og:title":"Razer Basilisk V2 Mice - Rucas - Wholesale and Distribution","og:description":"The Razer Basilisk V2's cable has greater flexibility and is designed to produce minimal drag, so that you can perform quicker, more fluid swipes for a higher degree of control. Save and store up to 5 profile configurations to the on-board memory and bring your settings anywhere-so you're always ready to compete with your preferred controls.","og:url":"https:\/\/www.rucashk.com\/es\/producto\/razer-basilisk-v2-mice\/","og:image":"https:\/\/www.rucashk.com\/wp-content\/uploads\/replace\/503b8e645f128a97ccde2b6290747646.jpeg","og:image:secure_url":"https:\/\/www.rucashk.com\/wp-content\/uploads\/replace\/503b8e645f128a97ccde2b6290747646.jpeg","og:image:width":1456,"og:image:height":816,"article:published_time":"2024-01-09T16:42:10+00:00","article:modified_time":"2025-06-21T07:49:14+00:00","twitter:card":"summary_large_image","twitter:title":"Razer Basilisk V2 Mice - Rucas - Wholesale and Distribution","twitter:description":"The Razer Basilisk V2's cable has greater flexibility and is designed to produce minimal drag, so that you can perform quicker, more fluid swipes for a higher degree of control. Save and store up to 5 profile configurations to the on-board memory and bring your settings anywhere-so you're always ready to compete with your preferred controls.","twitter:image":"https:\/\/www.rucashk.com\/wp-content\/uploads\/replace\/503b8e645f128a97ccde2b6290747646.jpeg","schema":{"@context":"https:\/\/schema.org","@graph":[{"@type":"BreadcrumbList","@id":"https:\/\/www.rucashk.com\/es\/producto\/razer-basilisk-v2-mice\/#breadcrumblist","itemListElement":[{"@type":"ListItem","@id":"https:\/\/www.rucashk.com\/es\/#listItem","position":1,"name":"Home","item":"https:\/\/www.rucashk.com\/es\/","nextItem":"https:\/\/www.rucashk.com\/es\/producto\/razer-basilisk-v2-mice\/#listItem"},{"@type":"ListItem","@id":"https:\/\/www.rucashk.com\/es\/producto\/razer-basilisk-v2-mice\/#listItem","position":2,"name":"Razer Basilisk V2 Mice","previousItem":"https:\/\/www.rucashk.com\/es\/#listItem"}]},{"@type":"Organization","@id":"https:\/\/www.rucashk.com\/es\/#organization","name":"Rucas","url":"https:\/\/www.rucashk.com\/es\/","logo":{"@type":"ImageObject","url":"https:\/\/www.rucashk.com\/wp-content\/uploads\/2023\/12\/Rucas_campany_logo.png","@id":"https:\/\/www.rucashk.com\/es\/producto\/razer-basilisk-v2-mice\/#organizationLogo","width":221,"height":65},"image":{"@id":"https:\/\/www.rucashk.com\/es\/#organizationLogo"}},{"@type":"Person","@id":"https:\/\/www.rucashk.com\/es\/author\/admin\/#author","url":"https:\/\/www.rucashk.com\/es\/author\/admin\/","name":"admin","image":{"@type":"ImageObject","@id":"https:\/\/www.rucashk.com\/es\/producto\/razer-basilisk-v2-mice\/#authorImage","url":"https:\/\/secure.gravatar.com\/avatar\/b7c8925b09a27e72b30232f8ecaadbd5af0f70a38c78096863fe51b64f031c24?s=96&d=mm&r=g","width":96,"height":96,"caption":"admin"}},{"@type":"WebPage","@id":"https:\/\/www.rucashk.com\/es\/producto\/razer-basilisk-v2-mice\/#webpage","url":"https:\/\/www.rucashk.com\/es\/producto\/razer-basilisk-v2-mice\/","name":"Razer Basilisk V2 Mice - Rucas - Wholesale and Distribution","description":"The Razer Basilisk V2's cable has greater flexibility and is designed to produce minimal drag, so that you can perform quicker, more fluid swipes for a higher degree of control. Save and store up to 5 profile configurations to the on-board memory and bring your settings anywhere-so you're always ready to compete with your preferred controls.","inLanguage":"es-ES","isPartOf":{"@id":"https:\/\/www.rucashk.com\/es\/#website"},"breadcrumb":{"@id":"https:\/\/www.rucashk.com\/es\/producto\/razer-basilisk-v2-mice\/#breadcrumblist"},"author":{"@id":"https:\/\/www.rucashk.com\/es\/author\/admin\/#author"},"creator":{"@id":"https:\/\/www.rucashk.com\/es\/author\/admin\/#author"},"image":{"@type":"ImageObject","url":"https:\/\/www.rucashk.com\/wp-content\/uploads\/2024\/01\/10001-35-1.jpg","@id":"https:\/\/www.rucashk.com\/es\/producto\/razer-basilisk-v2-mice\/#mainImage","width":1000,"height":1000},"primaryImageOfPage":{"@id":"https:\/\/www.rucashk.com\/es\/producto\/razer-basilisk-v2-mice\/#mainImage"},"datePublished":"2024-01-09T16:42:10+00:00","dateModified":"2025-06-21T07:49:14+00:00"},{"@type":"WebSite","@id":"https:\/\/www.rucashk.com\/es\/#website","url":"https:\/\/www.rucashk.com\/es\/","name":"Rucas - Wholesale and distribution worldwide","alternateName":"Rucas - One-stop AIoT Distribution Worldwide","description":"One-stop AIoT Distribution Worldwide","inLanguage":"es-ES","publisher":{"@id":"https:\/\/www.rucashk.com\/es\/#organization"}}]}},"aioseo_meta_data":{"post_id":"27561","title":null,"description":null,"keywords":null,"keyphrases":null,"primary_term":null,"canonical_url":null,"og_title":null,"og_description":null,"og_object_type":"default","og_image_type":"default","og_image_url":null,"og_image_width":null,"og_image_height":null,"og_image_custom_url":null,"og_image_custom_fields":null,"og_video":"","og_custom_url":null,"og_article_section":null,"og_article_tags":null,"twitter_use_og":false,"twitter_card":"default","twitter_image_type":"default","twitter_image_url":null,"twitter_image_custom_url":null,"twitter_image_custom_fields":null,"twitter_title":null,"twitter_description":null,"schema":{"blockGraphs":[],"customGraphs":[],"default":{"data":{"Article":[],"Course":[],"Dataset":[],"FAQPage":[],"Movie":[],"Person":[],"Product":[],"Recipe":[],"Service":[],"SoftwareApplication":[],"WebPage":[]},"graphName":"","isEnabled":true},"graphs":[]},"schema_type":"default","schema_type_options":null,"pillar_content":false,"robots_default":true,"robots_noindex":false,"robots_noarchive":false,"robots_nosnippet":false,"robots_nofollow":false,"robots_noimageindex":false,"robots_noodp":false,"robots_notranslate":false,"robots_max_snippet":"-1","robots_max_videopreview":"-1","robots_max_imagepreview":"large","priority":null,"frequency":"default","local_seo":null,"breadcrumb_settings":null,"limit_modified_date":false,"created":"2024-04-11 01:57:22","updated":"2025-06-22 18:39:55"},"aioseo_breadcrumb":"<div class=\"aioseo-breadcrumbs\"><span class=\"aioseo-breadcrumb\">\n\t<a href=\"https:\/\/www.rucashk.com\/es\" title=\"Home\">Home<\/a>\n<\/span><span class=\"aioseo-breadcrumb-separator\">&raquo;<\/span><span class=\"aioseo-breadcrumb\">\n\t<a href=\"https:\/\/www.rucashk.com\/es\/products\/\" title=\"Productos\">Productos<\/a>\n<\/span><span class=\"aioseo-breadcrumb-separator\">&raquo;<\/span><span class=\"aioseo-breadcrumb\">\n\t<a href=\"https:\/\/www.rucashk.com\/es\/marca\/razer\/\" title=\"Razer\">Razer<\/a>\n<\/span><span class=\"aioseo-breadcrumb-separator\">&raquo;<\/span><span class=\"aioseo-breadcrumb\">\n\tRazer Basilisk V2 Mice\n<\/span><\/div>","aioseo_breadcrumb_json":[{"label":"Home","link":"https:\/\/www.rucashk.com\/es"},{"label":"Productos","link":"https:\/\/www.rucashk.com\/es\/products\/"},{"label":"Razer","link":"https:\/\/www.rucashk.com\/es\/marca\/razer\/"},{"label":"Razer Basilisk V2 Mice","link":"https:\/\/www.rucashk.com\/es\/producto\/razer-basilisk-v2-mice\/"}],"_links":{"self":[{"href":"https:\/\/www.rucashk.com\/es\/wp-json\/wp\/v2\/product\/27561","targetHints":{"allow":["GET"]}}],"collection":[{"href":"https:\/\/www.rucashk.com\/es\/wp-json\/wp\/v2\/product"}],"about":[{"href":"https:\/\/www.rucashk.com\/es\/wp-json\/wp\/v2\/types\/product"}],"wp:featuredmedia":[{"embeddable":true,"href":"https:\/\/www.rucashk.com\/es\/wp-json\/wp\/v2\/media\/27722"}],"wp:attachment":[{"href":"https:\/\/www.rucashk.com\/es\/wp-json\/wp\/v2\/media?parent=27561"}],"wp:term":[{"taxonomy":"product_brand","embeddable":true,"href":"https:\/\/www.rucashk.com\/es\/wp-json\/wp\/v2\/product_brand?post=27561"},{"taxonomy":"product_cat","embeddable":true,"href":"https:\/\/www.rucashk.com\/es\/wp-json\/wp\/v2\/product_cat?post=27561"},{"taxonomy":"product_tag","embeddable":true,"href":"https:\/\/www.rucashk.com\/es\/wp-json\/wp\/v2\/product_tag?post=27561"}],"curies":[{"name":"wp","href":"https:\/\/api.w.org\/{rel}","templated":true}]}}