{"id":27559,"date":"2024-01-09T16:42:10","date_gmt":"2024-01-09T16:42:10","guid":{"rendered":"http:\/\/rucashk.com\/?post_type=product&#038;p=27559"},"modified":"2025-06-21T07:49:25","modified_gmt":"2025-06-21T07:49:25","slug":"razer-basilisk-ultimate-mice-mouse-only","status":"publish","type":"product","link":"https:\/\/www.rucashk.com\/es\/producto\/razer-basilisk-ultimate-mice-mouse-only\/","title":{"rendered":"Ratones Razer Basilisk Ultimate (solo mouse)"},"content":{"rendered":"<div id=\"nav-description\">\n<div class=\"extend--content--DlnAngg\">\n<div data-spm-anchor-id=\"a2g0o.detail.0.i7.1b47eNbUeNbUDX\">\n<div id=\"product-description\" class=\"description--product-description--nxRv0lW\" data-spm=\"1000023\" data-pl=\"product-description\">\n<div class=\"description--origin-part--SsZJoGC\">\n<p>SENSOR \u00d3PTICO RAZER FOCUS+ DE 20K DPI CALIBRADO CON PRECISI\u00d3N<br \/>\nDise\u00f1ado para brindar precisi\u00f3n, con Smart Tracking autom\u00e1tico e inteligente, PC y sensor Motion Sync, y detecci\u00f3n perfecta de despegue<\/p>\n<\/div>\n<\/div>\n<\/div>\n<div data-spm-anchor-id=\"a2g0o.detail.0.i7.1b47eNbUeNbUDX\">\n<div id=\"product-description\" class=\"description--product-description--nxRv0lW\" data-spm=\"1000023\" data-pl=\"product-description\">\n<div class=\"description--origin-part--SsZJoGC\">\n<p><img decoding=\"async\" src=\"\/wp-content\/uploads\/replace\/4720dd9acbf4053762016875f0a27712.png\" alt=\"Razer Basilisk Ultimate (Mouse only)\" \/><\/p>\n<p>&nbsp;<\/p>\n<div id=\"product-description\" class=\"description--product-description--nxRv0lW\" data-spm=\"1000023\" data-pl=\"product-description\">\n<p>11 BOTONES PROGRAMABLES<br \/>\nCada bot\u00f3n se puede reasignar a trav\u00e9s de Svnapse 3 para macros complejas (incluye un bot\u00f3n DPI inferior para evitar presiones accidentales)<\/p>\n<\/div>\n<p>&nbsp;<\/p>\n<p><img decoding=\"async\" src=\"\/wp-content\/uploads\/replace\/5394baf0fd8987c403be065605b8cdb6.jpeg\" alt=\"Razer Basilisk Ultimate (Mouse only)\" \/><\/p>\n<p>&nbsp;<\/p>\n<p>RESISTENCIA DE LA RUEDA DE DESPLAZAMIENTO PERSONALIZABLE<\/p>\n<p>Para una sensibilidad personalizada<\/p>\n<p>&nbsp;<\/p>\n<p><img decoding=\"async\" src=\"\/wp-content\/uploads\/replace\/39a69a562db89410d9430273df617010.png\" alt=\"Razer Basilisk Ultimate (Mouse only)\" \/><\/p>\n<p>&nbsp;<\/p>\n<p>TECNOLOG\u00cdA INAL\u00c1MBRICA ULTRAR\u00c1PIDA RAZER HYPERSPEED<br \/>\nM\u00e1s r\u00e1pido que los ratones para juegos con cable<\/p>\n<p>&nbsp;<\/p>\n<p><img decoding=\"async\" src=\"\/wp-content\/uploads\/replace\/31a6cb15c8d9c3bde22aaeb82b3597f7.png\" alt=\"Razer Basilisk Ultimate (Mouse only)\" \/><\/p>\n<p>&nbsp;<\/p>\n<p>SENSOR \u00d3PTICO RAZER FOCUS+ 20K<\/p>\n<p>Para una precisi\u00f3n de vanguardia<\/p>\n<p>&nbsp;<\/p>\n<p><img decoding=\"async\" src=\"\/wp-content\/uploads\/replace\/34501b29f9aae86ee9ff463847df8d01.png\" alt=\"Razer Basilisk Ultimate (Mouse only)\" \/><\/p>\n<\/div>\n<\/div>\n<\/div>\n<p>&nbsp;<\/p>\n<div class=\"title--wrap--wDzGayX\">\n<div class=\"title--text--Lx66GPw\">\n<h1 class=\"title--title--RN9Pt03\" data-spm-anchor-id=\"a2g0o.detail.0.i11.1b47eNbUeNbUDX\">Especificaciones<\/h1>\n<\/div>\n<\/div>\n<ul class=\"specification--list--fiWsSyv\">\n<li class=\"specification--line--iUJOqof\">\n<div class=\"specification--prop--RejitI8\">\n<div class=\"specification--title--UbVeyic\">Modo de operaci\u00f3n: optoelectr\u00f3nico<\/div>\n<\/div>\n<div class=\"specification--prop--RejitI8\">\n<div class=\"specification--title--UbVeyic\">Tipo de energ\u00eda: Bater\u00eda<\/div>\n<\/div>\n<\/li>\n<li class=\"specification--line--iUJOqof\">\n<div class=\"specification--prop--RejitI8\">\n<div class=\"specification--title--UbVeyic\">N\u00famero de botones: 11<\/div>\n<\/div>\n<div class=\"specification--prop--RejitI8\">\n<div class=\"specification--title--UbVeyic\">N\u00famero de rodillos: 1 unidad<\/div>\n<\/div>\n<\/li>\n<li class=\"specification--line--iUJOqof\">\n<div class=\"specification--prop--RejitI8\">\n<div class=\"specification--title--UbVeyic\">Orientaci\u00f3n de la mano: derecha<\/div>\n<\/div>\n<div class=\"specification--prop--RejitI8\">\n<div class=\"specification--title--UbVeyic\">Paquete: S\u00ed<\/div>\n<\/div>\n<\/li>\n<li class=\"specification--line--iUJOqof\">\n<div class=\"specification--prop--RejitI8\">\n<div class=\"specification--title--UbVeyic\">Tipo de interfaz: USB<\/div>\n<\/div>\n<div class=\"specification--prop--RejitI8\">\n<div class=\"specification--title--UbVeyic\">Tipo: Bluetooth inal\u00e1mbrico<\/div>\n<\/div>\n<\/li>\n<li class=\"specification--line--iUJOqof\">\n<div class=\"specification--prop--RejitI8\">\n<div class=\"specification--title--UbVeyic\">Nombre de la marca: Razer<\/div>\n<\/div>\n<div class=\"specification--prop--RejitI8\">\n<div class=\"specification--title--UbVeyic\">Origen: China continental<\/div>\n<\/div>\n<\/li>\n<li class=\"specification--line--iUJOqof\">\n<div class=\"specification--prop--RejitI8\">\n<div class=\"specification--title--UbVeyic\">Certificaci\u00f3n: CE<\/div>\n<\/div>\n<\/li>\n<\/ul>\n<\/div>\n<\/div>","protected":false},"excerpt":{"rendered":"<ul class=\"a-unordered-list a-vertical a-spacing-mini\">\n<li><span class=\"a-list-item\" data-spm-anchor-id=\"a2g0o.detail.1000023.i3.1b47eNbUeNbUDX\">25% M\u00e1s r\u00e1pido que los ratones inal\u00e1mbricos de la competencia: la tecnolog\u00eda inal\u00e1mbrica Razer HyperSpeed combina una latencia extremadamente baja y una reducci\u00f3n de interferencias para una verdadera libertad inal\u00e1mbrica<\/span><\/li>\n<li><span class=\"a-list-item\">3 veces m\u00e1s r\u00e1pido que los interruptores mec\u00e1nicos tradicionales: los interruptores de mouse \u00f3pticos Razer utilizan una activaci\u00f3n basada en haz de luz, registrando las pulsaciones de botones a la velocidad de la luz.<\/span><\/li>\n<li><span class=\"a-list-item\">Incluye iluminaci\u00f3n crom\u00e1tica personalizable y base de carga para mouse RGB: cuenta con 16,8 millones de combinaciones de colores, perfiles preestablecidos incluidos; proporciona 5 horas de reproducci\u00f3n inal\u00e1mbrica dentro de los 10 minutos posteriores a la carga<\/span><\/li>\n<li><span class=\"a-list-item\">11 botones programables: permite la reconfiguraci\u00f3n y asignaci\u00f3n de funciones macro complejas a trav\u00e9s de Razer Synapse 3<\/span><\/li>\n<li><span class=\"a-list-item\">Duraci\u00f3n de la bater\u00eda de hasta 100 horas: un sensor totalmente nuevo e hipereficiente y una tecnolog\u00eda inal\u00e1mbrica que permiten jugar durante m\u00e1s tiempo<\/span><\/li>\n<\/ul>","protected":false},"featured_media":27713,"template":"","meta":[],"product_brand":[1379],"product_cat":[1322,1331],"product_tag":[],"class_list":{"0":"post-27559","1":"product","2":"type-product","3":"status-publish","4":"has-post-thumbnail","6":"product_brand-razer","7":"product_cat-other-a-brands","8":"product_cat-razer-other-a-brands","10":"first","11":"instock","12":"shipping-taxable","13":"product-type-simple"},"aioseo_notices":[],"aioseo_head":"\n\t\t<!-- All in One SEO Pro 4.5.9.2 - aioseo.com -->\n\t\t<meta name=\"description\" content=\"25% Faster Than Competing Wireless Mice: Razer HyperSpeed wireless technology brings together extreme low-latency and interference reduction for true wireless freedom 3x Quicker Than Traditional Mechanical Switches: Razer Optical mouse switches uses light beam-based actuation, registering button presses at the speed of light Included Customizable Chroma Lighting &amp; RGB Mouse Charging Dock: Features 16.8 million color combinations w, included preset profiles; provides 5 hours of wireless playtime within 10 minutes of charging 11 Programmable Buttons: Allows for reconfiguration and assignment of complex macro functions through Razer Synapse 3 Up to 100 Hour Battery Life: An all-new, hyper-efficient sensor and wireless technology allows for extended gaming\" \/>\n\t\t<meta name=\"robots\" content=\"max-image-preview:large\" \/>\n\t\t<link rel=\"canonical\" href=\"https:\/\/www.rucashk.com\/es\/producto\/razer-basilisk-ultimate-mice-mouse-only\/\" \/>\n\t\t<meta name=\"generator\" content=\"All in One SEO Pro (AIOSEO) 4.5.9.2\" \/>\n\t\t<meta property=\"og:locale\" content=\"es_ES\" \/>\n\t\t<meta property=\"og:site_name\" content=\"Rucas - One-stop AIoT Distribution Worldwide\" \/>\n\t\t<meta property=\"og:type\" content=\"article\" \/>\n\t\t<meta property=\"og:title\" content=\"Razer Basilisk Ultimate Mice (Mouse only) - Rucas - Wholesale and Distribution\" \/>\n\t\t<meta property=\"og:description\" content=\"25% Faster Than Competing Wireless Mice: Razer HyperSpeed wireless technology brings together extreme low-latency and interference reduction for true wireless freedom 3x Quicker Than Traditional Mechanical Switches: Razer Optical mouse switches uses light beam-based actuation, registering button presses at the speed of light Included Customizable Chroma Lighting &amp; RGB Mouse Charging Dock: Features 16.8 million color combinations w, included preset profiles; provides 5 hours of wireless playtime within 10 minutes of charging 11 Programmable Buttons: Allows for reconfiguration and assignment of complex macro functions through Razer Synapse 3 Up to 100 Hour Battery Life: An all-new, hyper-efficient sensor and wireless technology allows for extended gaming\" \/>\n\t\t<meta property=\"og:url\" content=\"https:\/\/www.rucashk.com\/es\/producto\/razer-basilisk-ultimate-mice-mouse-only\/\" \/>\n\t\t<meta property=\"og:image\" content=\"https:\/\/www.rucashk.com\/wp-content\/uploads\/replace\/503b8e645f128a97ccde2b6290747646.jpeg\" \/>\n\t\t<meta property=\"og:image:secure_url\" content=\"https:\/\/www.rucashk.com\/wp-content\/uploads\/replace\/503b8e645f128a97ccde2b6290747646.jpeg\" \/>\n\t\t<meta property=\"og:image:width\" content=\"1456\" \/>\n\t\t<meta property=\"og:image:height\" content=\"816\" \/>\n\t\t<meta property=\"article:published_time\" content=\"2024-01-09T16:42:10+00:00\" \/>\n\t\t<meta property=\"article:modified_time\" content=\"2025-06-21T07:49:25+00:00\" \/>\n\t\t<meta name=\"twitter:card\" content=\"summary_large_image\" \/>\n\t\t<meta name=\"twitter:title\" content=\"Razer Basilisk Ultimate Mice (Mouse only) - Rucas - Wholesale and Distribution\" \/>\n\t\t<meta name=\"twitter:description\" content=\"25% Faster Than Competing Wireless Mice: Razer HyperSpeed wireless technology brings together extreme low-latency and interference reduction for true wireless freedom 3x Quicker Than Traditional Mechanical Switches: Razer Optical mouse switches uses light beam-based actuation, registering button presses at the speed of light Included Customizable Chroma Lighting &amp; RGB Mouse Charging Dock: Features 16.8 million color combinations w, included preset profiles; provides 5 hours of wireless playtime within 10 minutes of charging 11 Programmable Buttons: Allows for reconfiguration and assignment of complex macro functions through Razer Synapse 3 Up to 100 Hour Battery Life: An all-new, hyper-efficient sensor and wireless technology allows for extended gaming\" \/>\n\t\t<meta name=\"twitter:image\" content=\"https:\/\/www.rucashk.com\/wp-content\/uploads\/replace\/503b8e645f128a97ccde2b6290747646.jpeg\" \/>\n\t\t<script type=\"application\/ld+json\" class=\"aioseo-schema\">\n\t\t\t{\"@context\":\"https:\\\/\\\/schema.org\",\"@graph\":[{\"@type\":\"BreadcrumbList\",\"@id\":\"https:\\\/\\\/www.rucashk.com\\\/es\\\/producto\\\/razer-basilisk-ultimate-mice-mouse-only\\\/#breadcrumblist\",\"itemListElement\":[{\"@type\":\"ListItem\",\"@id\":\"https:\\\/\\\/www.rucashk.com\\\/es\\\/#listItem\",\"position\":1,\"name\":\"Home\",\"item\":\"https:\\\/\\\/www.rucashk.com\\\/es\\\/\",\"nextItem\":\"https:\\\/\\\/www.rucashk.com\\\/es\\\/producto\\\/razer-basilisk-ultimate-mice-mouse-only\\\/#listItem\"},{\"@type\":\"ListItem\",\"@id\":\"https:\\\/\\\/www.rucashk.com\\\/es\\\/producto\\\/razer-basilisk-ultimate-mice-mouse-only\\\/#listItem\",\"position\":2,\"name\":\"Razer Basilisk Ultimate Mice (Mouse only)\",\"previousItem\":\"https:\\\/\\\/www.rucashk.com\\\/es\\\/#listItem\"}]},{\"@type\":\"Organization\",\"@id\":\"https:\\\/\\\/www.rucashk.com\\\/es\\\/#organization\",\"name\":\"Rucas\",\"url\":\"https:\\\/\\\/www.rucashk.com\\\/es\\\/\",\"logo\":{\"@type\":\"ImageObject\",\"url\":\"https:\\\/\\\/www.rucashk.com\\\/wp-content\\\/uploads\\\/2023\\\/12\\\/Rucas_campany_logo.png\",\"@id\":\"https:\\\/\\\/www.rucashk.com\\\/es\\\/producto\\\/razer-basilisk-ultimate-mice-mouse-only\\\/#organizationLogo\",\"width\":221,\"height\":65},\"image\":{\"@id\":\"https:\\\/\\\/www.rucashk.com\\\/es\\\/#organizationLogo\"}},{\"@type\":\"Person\",\"@id\":\"https:\\\/\\\/www.rucashk.com\\\/es\\\/author\\\/admin\\\/#author\",\"url\":\"https:\\\/\\\/www.rucashk.com\\\/es\\\/author\\\/admin\\\/\",\"name\":\"admin\",\"image\":{\"@type\":\"ImageObject\",\"@id\":\"https:\\\/\\\/www.rucashk.com\\\/es\\\/producto\\\/razer-basilisk-ultimate-mice-mouse-only\\\/#authorImage\",\"url\":\"https:\\\/\\\/secure.gravatar.com\\\/avatar\\\/b7c8925b09a27e72b30232f8ecaadbd5af0f70a38c78096863fe51b64f031c24?s=96&d=mm&r=g\",\"width\":96,\"height\":96,\"caption\":\"admin\"}},{\"@type\":\"WebPage\",\"@id\":\"https:\\\/\\\/www.rucashk.com\\\/es\\\/producto\\\/razer-basilisk-ultimate-mice-mouse-only\\\/#webpage\",\"url\":\"https:\\\/\\\/www.rucashk.com\\\/es\\\/producto\\\/razer-basilisk-ultimate-mice-mouse-only\\\/\",\"name\":\"Razer Basilisk Ultimate Mice (Mouse only) - Rucas - Wholesale and Distribution\",\"description\":\"25% Faster Than Competing Wireless Mice: Razer HyperSpeed wireless technology brings together extreme low-latency and interference reduction for true wireless freedom 3x Quicker Than Traditional Mechanical Switches: Razer Optical mouse switches uses light beam-based actuation, registering button presses at the speed of light Included Customizable Chroma Lighting & RGB Mouse Charging Dock: Features 16.8 million color combinations w, included preset profiles; provides 5 hours of wireless playtime within 10 minutes of charging 11 Programmable Buttons: Allows for reconfiguration and assignment of complex macro functions through Razer Synapse 3 Up to 100 Hour Battery Life: An all-new, hyper-efficient sensor and wireless technology allows for extended gaming\",\"inLanguage\":\"es-ES\",\"isPartOf\":{\"@id\":\"https:\\\/\\\/www.rucashk.com\\\/es\\\/#website\"},\"breadcrumb\":{\"@id\":\"https:\\\/\\\/www.rucashk.com\\\/es\\\/producto\\\/razer-basilisk-ultimate-mice-mouse-only\\\/#breadcrumblist\"},\"author\":{\"@id\":\"https:\\\/\\\/www.rucashk.com\\\/es\\\/author\\\/admin\\\/#author\"},\"creator\":{\"@id\":\"https:\\\/\\\/www.rucashk.com\\\/es\\\/author\\\/admin\\\/#author\"},\"image\":{\"@type\":\"ImageObject\",\"url\":\"https:\\\/\\\/www.rucashk.com\\\/wp-content\\\/uploads\\\/2024\\\/01\\\/10001-2-1-1.jpg\",\"@id\":\"https:\\\/\\\/www.rucashk.com\\\/es\\\/producto\\\/razer-basilisk-ultimate-mice-mouse-only\\\/#mainImage\",\"width\":1500,\"height\":1095},\"primaryImageOfPage\":{\"@id\":\"https:\\\/\\\/www.rucashk.com\\\/es\\\/producto\\\/razer-basilisk-ultimate-mice-mouse-only\\\/#mainImage\"},\"datePublished\":\"2024-01-09T16:42:10+00:00\",\"dateModified\":\"2025-06-21T07:49:25+00:00\"},{\"@type\":\"WebSite\",\"@id\":\"https:\\\/\\\/www.rucashk.com\\\/es\\\/#website\",\"url\":\"https:\\\/\\\/www.rucashk.com\\\/es\\\/\",\"name\":\"Rucas - Wholesale and distribution worldwide\",\"alternateName\":\"Rucas - One-stop AIoT Distribution Worldwide\",\"description\":\"One-stop AIoT Distribution Worldwide\",\"inLanguage\":\"es-ES\",\"publisher\":{\"@id\":\"https:\\\/\\\/www.rucashk.com\\\/es\\\/#organization\"}}]}\n\t\t<\/script>\n\t\t<!-- All in One SEO Pro -->\r\n\t\t<title>Razer Basilisk Ultimate Mice (Mouse only) - Rucas - Wholesale and Distribution<\/title>\n\n","aioseo_head_json":{"title":"Razer Basilisk Ultimate Mice (Mouse only) - Rucas - Wholesale and Distribution","description":"25% Faster Than Competing Wireless Mice: Razer HyperSpeed wireless technology brings together extreme low-latency and interference reduction for true wireless freedom 3x Quicker Than Traditional Mechanical Switches: Razer Optical mouse switches uses light beam-based actuation, registering button presses at the speed of light Included Customizable Chroma Lighting & RGB Mouse Charging Dock: Features 16.8 million color combinations w, included preset profiles; provides 5 hours of wireless playtime within 10 minutes of charging 11 Programmable Buttons: Allows for reconfiguration and assignment of complex macro functions through Razer Synapse 3 Up to 100 Hour Battery Life: An all-new, hyper-efficient sensor and wireless technology allows for extended gaming","canonical_url":"https:\/\/www.rucashk.com\/es\/producto\/razer-basilisk-ultimate-mice-mouse-only\/","robots":"max-image-preview:large","keywords":"","webmasterTools":{"miscellaneous":""},"og:locale":"es_ES","og:site_name":"Rucas - One-stop AIoT Distribution Worldwide","og:type":"article","og:title":"Razer Basilisk Ultimate Mice (Mouse only) - Rucas - Wholesale and Distribution","og:description":"25% Faster Than Competing Wireless Mice: Razer HyperSpeed wireless technology brings together extreme low-latency and interference reduction for true wireless freedom 3x Quicker Than Traditional Mechanical Switches: Razer Optical mouse switches uses light beam-based actuation, registering button presses at the speed of light Included Customizable Chroma Lighting &amp; RGB Mouse Charging Dock: Features 16.8 million color combinations w, included preset profiles; provides 5 hours of wireless playtime within 10 minutes of charging 11 Programmable Buttons: Allows for reconfiguration and assignment of complex macro functions through Razer Synapse 3 Up to 100 Hour Battery Life: An all-new, hyper-efficient sensor and wireless technology allows for extended gaming","og:url":"https:\/\/www.rucashk.com\/es\/producto\/razer-basilisk-ultimate-mice-mouse-only\/","og:image":"https:\/\/www.rucashk.com\/wp-content\/uploads\/replace\/503b8e645f128a97ccde2b6290747646.jpeg","og:image:secure_url":"https:\/\/www.rucashk.com\/wp-content\/uploads\/replace\/503b8e645f128a97ccde2b6290747646.jpeg","og:image:width":1456,"og:image:height":816,"article:published_time":"2024-01-09T16:42:10+00:00","article:modified_time":"2025-06-21T07:49:25+00:00","twitter:card":"summary_large_image","twitter:title":"Razer Basilisk Ultimate Mice (Mouse only) - Rucas - Wholesale and Distribution","twitter:description":"25% Faster Than Competing Wireless Mice: Razer HyperSpeed wireless technology brings together extreme low-latency and interference reduction for true wireless freedom 3x Quicker Than Traditional Mechanical Switches: Razer Optical mouse switches uses light beam-based actuation, registering button presses at the speed of light Included Customizable Chroma Lighting &amp; RGB Mouse Charging Dock: Features 16.8 million color combinations w, included preset profiles; provides 5 hours of wireless playtime within 10 minutes of charging 11 Programmable Buttons: Allows for reconfiguration and assignment of complex macro functions through Razer Synapse 3 Up to 100 Hour Battery Life: An all-new, hyper-efficient sensor and wireless technology allows for extended gaming","twitter:image":"https:\/\/www.rucashk.com\/wp-content\/uploads\/replace\/503b8e645f128a97ccde2b6290747646.jpeg","schema":{"@context":"https:\/\/schema.org","@graph":[{"@type":"BreadcrumbList","@id":"https:\/\/www.rucashk.com\/es\/producto\/razer-basilisk-ultimate-mice-mouse-only\/#breadcrumblist","itemListElement":[{"@type":"ListItem","@id":"https:\/\/www.rucashk.com\/es\/#listItem","position":1,"name":"Home","item":"https:\/\/www.rucashk.com\/es\/","nextItem":"https:\/\/www.rucashk.com\/es\/producto\/razer-basilisk-ultimate-mice-mouse-only\/#listItem"},{"@type":"ListItem","@id":"https:\/\/www.rucashk.com\/es\/producto\/razer-basilisk-ultimate-mice-mouse-only\/#listItem","position":2,"name":"Razer Basilisk Ultimate Mice (Mouse only)","previousItem":"https:\/\/www.rucashk.com\/es\/#listItem"}]},{"@type":"Organization","@id":"https:\/\/www.rucashk.com\/es\/#organization","name":"Rucas","url":"https:\/\/www.rucashk.com\/es\/","logo":{"@type":"ImageObject","url":"https:\/\/www.rucashk.com\/wp-content\/uploads\/2023\/12\/Rucas_campany_logo.png","@id":"https:\/\/www.rucashk.com\/es\/producto\/razer-basilisk-ultimate-mice-mouse-only\/#organizationLogo","width":221,"height":65},"image":{"@id":"https:\/\/www.rucashk.com\/es\/#organizationLogo"}},{"@type":"Person","@id":"https:\/\/www.rucashk.com\/es\/author\/admin\/#author","url":"https:\/\/www.rucashk.com\/es\/author\/admin\/","name":"admin","image":{"@type":"ImageObject","@id":"https:\/\/www.rucashk.com\/es\/producto\/razer-basilisk-ultimate-mice-mouse-only\/#authorImage","url":"https:\/\/secure.gravatar.com\/avatar\/b7c8925b09a27e72b30232f8ecaadbd5af0f70a38c78096863fe51b64f031c24?s=96&d=mm&r=g","width":96,"height":96,"caption":"admin"}},{"@type":"WebPage","@id":"https:\/\/www.rucashk.com\/es\/producto\/razer-basilisk-ultimate-mice-mouse-only\/#webpage","url":"https:\/\/www.rucashk.com\/es\/producto\/razer-basilisk-ultimate-mice-mouse-only\/","name":"Razer Basilisk Ultimate Mice (Mouse only) - Rucas - Wholesale and Distribution","description":"25% Faster Than Competing Wireless Mice: Razer HyperSpeed wireless technology brings together extreme low-latency and interference reduction for true wireless freedom 3x Quicker Than Traditional Mechanical Switches: Razer Optical mouse switches uses light beam-based actuation, registering button presses at the speed of light Included Customizable Chroma Lighting & RGB Mouse Charging Dock: Features 16.8 million color combinations w, included preset profiles; provides 5 hours of wireless playtime within 10 minutes of charging 11 Programmable Buttons: Allows for reconfiguration and assignment of complex macro functions through Razer Synapse 3 Up to 100 Hour Battery Life: An all-new, hyper-efficient sensor and wireless technology allows for extended gaming","inLanguage":"es-ES","isPartOf":{"@id":"https:\/\/www.rucashk.com\/es\/#website"},"breadcrumb":{"@id":"https:\/\/www.rucashk.com\/es\/producto\/razer-basilisk-ultimate-mice-mouse-only\/#breadcrumblist"},"author":{"@id":"https:\/\/www.rucashk.com\/es\/author\/admin\/#author"},"creator":{"@id":"https:\/\/www.rucashk.com\/es\/author\/admin\/#author"},"image":{"@type":"ImageObject","url":"https:\/\/www.rucashk.com\/wp-content\/uploads\/2024\/01\/10001-2-1-1.jpg","@id":"https:\/\/www.rucashk.com\/es\/producto\/razer-basilisk-ultimate-mice-mouse-only\/#mainImage","width":1500,"height":1095},"primaryImageOfPage":{"@id":"https:\/\/www.rucashk.com\/es\/producto\/razer-basilisk-ultimate-mice-mouse-only\/#mainImage"},"datePublished":"2024-01-09T16:42:10+00:00","dateModified":"2025-06-21T07:49:25+00:00"},{"@type":"WebSite","@id":"https:\/\/www.rucashk.com\/es\/#website","url":"https:\/\/www.rucashk.com\/es\/","name":"Rucas - Wholesale and distribution worldwide","alternateName":"Rucas - One-stop AIoT Distribution Worldwide","description":"One-stop AIoT Distribution Worldwide","inLanguage":"es-ES","publisher":{"@id":"https:\/\/www.rucashk.com\/es\/#organization"}}]}},"aioseo_meta_data":{"post_id":"27559","title":null,"description":null,"keywords":null,"keyphrases":null,"primary_term":null,"canonical_url":null,"og_title":null,"og_description":null,"og_object_type":"default","og_image_type":"default","og_image_url":null,"og_image_width":null,"og_image_height":null,"og_image_custom_url":null,"og_image_custom_fields":null,"og_video":"","og_custom_url":null,"og_article_section":null,"og_article_tags":null,"twitter_use_og":false,"twitter_card":"default","twitter_image_type":"default","twitter_image_url":null,"twitter_image_custom_url":null,"twitter_image_custom_fields":null,"twitter_title":null,"twitter_description":null,"schema":{"blockGraphs":[],"customGraphs":[],"default":{"data":{"Article":[],"Course":[],"Dataset":[],"FAQPage":[],"Movie":[],"Person":[],"Product":[],"Recipe":[],"Service":[],"SoftwareApplication":[],"WebPage":[]},"graphName":"","isEnabled":true},"graphs":[]},"schema_type":"default","schema_type_options":null,"pillar_content":false,"robots_default":true,"robots_noindex":false,"robots_noarchive":false,"robots_nosnippet":false,"robots_nofollow":false,"robots_noimageindex":false,"robots_noodp":false,"robots_notranslate":false,"robots_max_snippet":"-1","robots_max_videopreview":"-1","robots_max_imagepreview":"large","priority":null,"frequency":"default","local_seo":null,"breadcrumb_settings":null,"limit_modified_date":false,"created":"2024-04-11 01:57:22","updated":"2025-06-22 18:38:58"},"aioseo_breadcrumb":"<div class=\"aioseo-breadcrumbs\"><span class=\"aioseo-breadcrumb\">\n\t<a href=\"https:\/\/www.rucashk.com\/es\" title=\"Home\">Home<\/a>\n<\/span><span class=\"aioseo-breadcrumb-separator\">&raquo;<\/span><span class=\"aioseo-breadcrumb\">\n\t<a href=\"https:\/\/www.rucashk.com\/es\/products\/\" title=\"Productos\">Productos<\/a>\n<\/span><span class=\"aioseo-breadcrumb-separator\">&raquo;<\/span><span class=\"aioseo-breadcrumb\">\n\t<a href=\"https:\/\/www.rucashk.com\/es\/marca\/razer\/\" title=\"Razer\">Razer<\/a>\n<\/span><span class=\"aioseo-breadcrumb-separator\">&raquo;<\/span><span class=\"aioseo-breadcrumb\">\n\tRazer Basilisk Ultimate Mice (Mouse only)\n<\/span><\/div>","aioseo_breadcrumb_json":[{"label":"Home","link":"https:\/\/www.rucashk.com\/es"},{"label":"Productos","link":"https:\/\/www.rucashk.com\/es\/products\/"},{"label":"Razer","link":"https:\/\/www.rucashk.com\/es\/marca\/razer\/"},{"label":"Razer Basilisk Ultimate Mice (Mouse only)","link":"https:\/\/www.rucashk.com\/es\/producto\/razer-basilisk-ultimate-mice-mouse-only\/"}],"_links":{"self":[{"href":"https:\/\/www.rucashk.com\/es\/wp-json\/wp\/v2\/product\/27559","targetHints":{"allow":["GET"]}}],"collection":[{"href":"https:\/\/www.rucashk.com\/es\/wp-json\/wp\/v2\/product"}],"about":[{"href":"https:\/\/www.rucashk.com\/es\/wp-json\/wp\/v2\/types\/product"}],"wp:featuredmedia":[{"embeddable":true,"href":"https:\/\/www.rucashk.com\/es\/wp-json\/wp\/v2\/media\/27713"}],"wp:attachment":[{"href":"https:\/\/www.rucashk.com\/es\/wp-json\/wp\/v2\/media?parent=27559"}],"wp:term":[{"taxonomy":"product_brand","embeddable":true,"href":"https:\/\/www.rucashk.com\/es\/wp-json\/wp\/v2\/product_brand?post=27559"},{"taxonomy":"product_cat","embeddable":true,"href":"https:\/\/www.rucashk.com\/es\/wp-json\/wp\/v2\/product_cat?post=27559"},{"taxonomy":"product_tag","embeddable":true,"href":"https:\/\/www.rucashk.com\/es\/wp-json\/wp\/v2\/product_tag?post=27559"}],"curies":[{"name":"wp","href":"https:\/\/api.w.org\/{rel}","templated":true}]}}