{"id":27528,"date":"2024-01-09T16:41:48","date_gmt":"2024-01-09T16:41:48","guid":{"rendered":"http:\/\/rucashk.com\/?post_type=product&#038;p=27528"},"modified":"2025-06-21T07:50:18","modified_gmt":"2025-06-21T07:50:18","slug":"amazfit-active-smart-watch","status":"publish","type":"product","link":"https:\/\/www.rucashk.com\/es\/producto\/amazfit-active-smart-watch\/","title":{"rendered":"Reloj inteligente activo Amazfit"},"content":{"rendered":"<h1>Amazfit Activo<\/h1>\n<h3>Mant\u00e9ngase activo, mant\u00e9ngase saludable<\/h3>\n<p>Dise\u00f1o superligero con pantalla AMOLED HD de 1,75 \u2033<br \/>\nDuraci\u00f3n de la bater\u00eda ultralarga de 14 d\u00edas<br \/>\nGu\u00eda de entrenamiento impulsada por Al por Zepp Coachrm<br \/>\n5 sistemas de posicionamiento por sat\u00e9lite y navegaci\u00f3n de rutas<br \/>\nLlamadas telef\u00f3nicas Bluetooth y reproducci\u00f3n de m\u00fasica<\/p>\n<p><img decoding=\"async\" alt=\"Amazfit Active Smart Watch\" src=\"\/wp-content\/uploads\/replace\/9521e5ff196b9b5bed5468e90db6a52b.png\" \/><\/p>\n<p>&nbsp;<\/p>\n<p>El Amazfit Active tiene un estilo elegante, materiales potentes y una pantalla din\u00e1mica para mantenerte seguro y listo para la acci\u00f3n, en cualquier momento y en cualquier lugar.<\/p>\n<p><strong>24g<\/strong><\/p>\n<p>Marco Met\u00e1lico<\/p>\n<p><strong>Resistente al agua<\/strong><\/p>\n<p>Grado 5 cajeros autom\u00e1ticos<\/p>\n<p><strong>Correa de silicona<\/strong><\/p>\n<p>Suave y c\u00f3modo<\/p>\n<p><strong>1.75<\/strong><br \/>\nPantalla HD AMOLED<br \/>\n<strong>100+<\/strong><\/p>\n<p>Gran variedad de esferas de reloj<br \/>\n<strong>73%<\/strong><\/p>\n<p>Relaci\u00f3n pantalla-cuerpo<\/p>\n<p>&nbsp;<\/p>\n<p><img decoding=\"async\" alt=\"Amazfit Active Smart Watch\" src=\"\/wp-content\/uploads\/replace\/0e09b83db45c365fb6baf1689066007d.png\" \/><\/p>\n<p><strong>Mant\u00e9ngase saludable con un seguimiento de salud en profundidad<\/strong><\/p>\n<p><strong>Mantenga el control con una medici\u00f3n con un solo toque<\/strong><\/p>\n<p><strong>Mant\u00e9ngase informado y preparado.<\/strong><\/p>\n<p><img decoding=\"async\" alt=\"Amazfit Active Smart Watch\" src=\"\/wp-content\/uploads\/replace\/b769449227de0c988da0b546db8605f1.png\" \/><\/p>\n<p>&nbsp;<\/p>\n<p>Mantenerse activo es muy f\u00e1cil cuando amas tus entrenamientos.<br \/>\nSea cual sea el deporte que te haga querer ponerte en movimiento, el Amazfit Active estar\u00e1 contigo.<\/p>\n<p>&nbsp;<\/p>\n<p>Cree plantillas de entrenamiento en la aplicaci\u00f3n Zepp y sincron\u00edcelas con el reloj, para que pueda seguir una rutina de ejercicios que le ayude a mejorar en cada sesi\u00f3n.<\/p>\n<p>&nbsp;<\/p>\n<p>Crea tus propias plantillas de entrenamiento por intervalos directamente en el reloj, para una selecci\u00f3n de 10 deportes diferentes.<\/p>\n<p>&nbsp;<\/p>\n<p>Importe un archivo de ruta desde la aplicaci\u00f3n Zepp y navegue con una precisi\u00f3n incre\u00edble.<\/p>\n<p>&nbsp;<\/p>\n<p><img decoding=\"async\" alt=\"Amazfit Active Smart Watch\" src=\"\/wp-content\/uploads\/replace\/946dc07d0f89ea00c8e83af95fab1535.png\" \/><\/p>\n<p>&nbsp;<\/p>\n<p>Sincroniza los datos de actividad con adidas Running.Strava, komoot, Relive, Apple Health y Google Fit, a trav\u00e9s de la aplicaci\u00f3n Zepp.<\/p>\n<p>&nbsp;<\/p>\n<p>Almacene m\u00fasica en el reloj y escuche su lista de reproducci\u00f3n de ejercicios sin tel\u00e9fono<\/p>\n<p>&nbsp;<\/p>\n<p>Con su antena GPS con polarizaci\u00f3n circular l\u00edder en la industria, Amazfit Active rastrear\u00e1 cada giro que das por las calles de la ciudad y cada sendero que exploras al aire libre.<\/p>\n<p>&nbsp;<\/p>\n<p>Incre\u00edblemente eficiente desde el punto de vista energ\u00e9tico, intuitivo y con un enorme ecosistema de aplicaciones descargables y juegos divertidos, Zepp OS facilita maximizar su estilo de vida activo.<\/p>\n<p><img decoding=\"async\" alt=\"Amazfit Active Smart Watch\" src=\"\/wp-content\/uploads\/replace\/0822225364e29a5bdbe95f6637e73546.png\" \/><\/p>\n<div class=\"title--wrap--wDzGayX\">\n<div class=\"title--text--Lx66GPw\">\n<h1 class=\"title--title--RN9Pt03\">Especificaciones<\/h1>\n<\/div>\n<\/div>\n<ul class=\"specification--list--fiWsSyv\">\n<li class=\"specification--line--iUJOqof\">\n<div class=\"specification--prop--RejitI8\">\n<div class=\"specification--title--UbVeyic\">Asistente de voz incorporado: No<\/div>\n<\/div>\n<div class=\"specification--prop--RejitI8\">\n<div class=\"specification--title--UbVeyic\">Versi\u00f3n compatible con Bluetooth: 5,3<\/div>\n<\/div>\n<\/li>\n<li class=\"specification--line--iUJOqof\">\n<div class=\"specification--prop--RejitI8\">\n<div class=\"specification--title--UbVeyic\">M\u00e9tricas medidas:Monitor de frecuencia card\u00edaca<\/div>\n<\/div>\n<div class=\"specification--prop--RejitI8\">\n<div class=\"specification--title--UbVeyic\">Actividad rastreada: rastreador de pasos<\/div>\n<\/div>\n<\/li>\n<li class=\"specification--line--iUJOqof\">\n<div class=\"specification--prop--RejitI8\">\n<div class=\"specification--title--UbVeyic\">Categor\u00eda:Relojes inteligentes<\/div>\n<\/div>\n<div class=\"specification--prop--RejitI8\">\n<div class=\"specification--title--UbVeyic\">Grado impermeable: impermeable profesional.<\/div>\n<\/div>\n<\/li>\n<li class=\"specification--line--iUJOqof\">\n<div class=\"specification--prop--RejitI8\">\n<div class=\"specification--title--UbVeyic\">Tarjeta SIM disponible: No<\/div>\n<\/div>\n<div class=\"specification--prop--RejitI8\">\n<div class=\"specification--title--UbVeyic\">Mecanismo: No<\/div>\n<\/div>\n<\/li>\n<li class=\"specification--line--iUJOqof\">\n<div class=\"specification--prop--RejitI8\">\n<div class=\"specification--title--UbVeyic\">M\u00faltiples diales: S\u00ed<\/div>\n<\/div>\n<div class=\"specification--prop--RejitI8\">\n<div class=\"specification--title--UbVeyic\">GPS: S\u00ed<\/div>\n<\/div>\n<\/li>\n<li class=\"specification--line--iUJOqof\">\n<div class=\"specification--prop--RejitI8\">\n<div class=\"specification--title--UbVeyic\">Modo de red: Ninguno<\/div>\n<\/div>\n<div class=\"specification--prop--RejitI8\">\n<div class=\"specification--title--UbVeyic\">Capacidad de la bater\u00eda: &lt;120 mAh<\/div>\n<\/div>\n<\/li>\n<li class=\"specification--line--iUJOqof\">\n<div class=\"specification--prop--RejitI8\">\n<div class=\"specification--title--UbVeyic\">C\u00e1mara trasera: Ninguna<\/div>\n<\/div>\n<div class=\"specification--prop--RejitI8\">\n<div class=\"specification--title--UbVeyic\">RAM:&lt;128MB<\/div>\n<\/div>\n<\/li>\n<li class=\"specification--line--iUJOqof\">\n<div class=\"specification--prop--RejitI8\">\n<div class=\"specification--title--UbVeyic\">ROM:&lt;128MB<\/div>\n<\/div>\n<div class=\"specification--prop--RejitI8\">\n<div class=\"specification--title--UbVeyic\">Sistema: Android Wear<\/div>\n<\/div>\n<\/li>\n<li class=\"specification--line--iUJOqof\">\n<div class=\"specification--prop--RejitI8\">\n<div class=\"specification--title--UbVeyic\">Tipo: En la mu\u00f1eca<\/div>\n<\/div>\n<div class=\"specification--prop--RejitI8\">\n<div class=\"specification--title--UbVeyic\">Compatibilidad:Todos compatibles<\/div>\n<\/div>\n<\/li>\n<li class=\"specification--line--iUJOqof\">\n<div class=\"specification--prop--RejitI8\">\n<div class=\"specification--title--UbVeyic\">Idioma: ingl\u00e9s, ruso, espa\u00f1ol, polaco, portugu\u00e9s, franc\u00e9s, alem\u00e1n, coreano, japon\u00e9s, ucraniano<\/div>\n<\/div>\n<div class=\"specification--prop--RejitI8\">\n<div class=\"specification--title--UbVeyic\">Funci\u00f3n: Pas\u00f3metro<\/div>\n<\/div>\n<\/li>\n<li class=\"specification--line--iUJOqof\">\n<div class=\"specification--prop--RejitI8\">\n<div class=\"specification--title--UbVeyic\">Nombre de la marca: amazfit.<\/div>\n<\/div>\n<div class=\"specification--prop--RejitI8\">\n<div class=\"specification--title--UbVeyic\">Origen: China continental<\/div>\n<\/div>\n<\/li>\n<\/ul>","protected":false},"excerpt":{"rendered":"<p>Dise\u00f1o superligero con pantalla AMOLED HD de 1,75 \u2033<br \/>\nDuraci\u00f3n de la bater\u00eda ultralarga de 14 d\u00edas<br \/>\nGu\u00eda de entrenamiento impulsada por Al por Zepp Coachrm<br \/>\n5 sistemas de posicionamiento por sat\u00e9lite y navegaci\u00f3n de rutas<br \/>\nLlamadas telef\u00f3nicas Bluetooth y reproducci\u00f3n de m\u00fasica<\/p>","protected":false},"featured_media":27678,"template":"","meta":[],"product_brand":[1416],"product_cat":[1339,1305],"product_tag":[],"class_list":{"0":"post-27528","1":"product","2":"type-product","3":"status-publish","4":"has-post-thumbnail","6":"product_brand-amazfit","7":"product_cat-amazfit-smartwatch","8":"product_cat-xiaomi-eco","10":"first","11":"instock","12":"shipping-taxable","13":"product-type-simple"},"aioseo_notices":[],"aioseo_head":"\n\t\t<!-- All in One SEO Pro 4.5.9.2 - aioseo.com -->\n\t\t<meta name=\"description\" content=\"Super-light Design with1.75&quot; HD AMOLED Display Ultra-long 14-day Battery Life Al-powered TrainingGuidance by Zepp Coachrm 5 Satellite Positioning Systems &amp; Route Navigation Bluetooth Phone Calls&amp; Music Playback\" \/>\n\t\t<meta name=\"robots\" content=\"max-image-preview:large\" \/>\n\t\t<link rel=\"canonical\" href=\"https:\/\/www.rucashk.com\/es\/producto\/amazfit-active-smart-watch\/\" \/>\n\t\t<meta name=\"generator\" content=\"All in One SEO Pro (AIOSEO) 4.5.9.2\" \/>\n\t\t<meta property=\"og:locale\" content=\"es_ES\" \/>\n\t\t<meta property=\"og:site_name\" content=\"Rucas - One-stop AIoT Distribution Worldwide\" \/>\n\t\t<meta property=\"og:type\" content=\"article\" \/>\n\t\t<meta property=\"og:title\" content=\"Amazfit Active Smart Watch - Rucas - Wholesale and Distribution\" \/>\n\t\t<meta property=\"og:description\" content=\"Super-light Design with1.75&quot; HD AMOLED Display Ultra-long 14-day Battery Life Al-powered TrainingGuidance by Zepp Coachrm 5 Satellite Positioning Systems &amp; Route Navigation Bluetooth Phone Calls&amp; Music Playback\" \/>\n\t\t<meta property=\"og:url\" content=\"https:\/\/www.rucashk.com\/es\/producto\/amazfit-active-smart-watch\/\" \/>\n\t\t<meta property=\"og:image\" content=\"https:\/\/www.rucashk.com\/wp-content\/uploads\/replace\/503b8e645f128a97ccde2b6290747646.jpeg\" \/>\n\t\t<meta property=\"og:image:secure_url\" content=\"https:\/\/www.rucashk.com\/wp-content\/uploads\/replace\/503b8e645f128a97ccde2b6290747646.jpeg\" \/>\n\t\t<meta property=\"og:image:width\" content=\"1456\" \/>\n\t\t<meta property=\"og:image:height\" content=\"816\" \/>\n\t\t<meta property=\"article:published_time\" content=\"2024-01-09T16:41:48+00:00\" \/>\n\t\t<meta property=\"article:modified_time\" content=\"2025-06-21T07:50:18+00:00\" \/>\n\t\t<meta name=\"twitter:card\" content=\"summary_large_image\" \/>\n\t\t<meta name=\"twitter:title\" content=\"Amazfit Active Smart Watch - Rucas - Wholesale and Distribution\" \/>\n\t\t<meta name=\"twitter:description\" content=\"Super-light Design with1.75&quot; HD AMOLED Display Ultra-long 14-day Battery Life Al-powered TrainingGuidance by Zepp Coachrm 5 Satellite Positioning Systems &amp; Route Navigation Bluetooth Phone Calls&amp; Music Playback\" \/>\n\t\t<meta name=\"twitter:image\" content=\"https:\/\/www.rucashk.com\/wp-content\/uploads\/replace\/503b8e645f128a97ccde2b6290747646.jpeg\" \/>\n\t\t<script type=\"application\/ld+json\" class=\"aioseo-schema\">\n\t\t\t{\"@context\":\"https:\\\/\\\/schema.org\",\"@graph\":[{\"@type\":\"BreadcrumbList\",\"@id\":\"https:\\\/\\\/www.rucashk.com\\\/es\\\/producto\\\/amazfit-active-smart-watch\\\/#breadcrumblist\",\"itemListElement\":[{\"@type\":\"ListItem\",\"@id\":\"https:\\\/\\\/www.rucashk.com\\\/es\\\/#listItem\",\"position\":1,\"name\":\"Home\",\"item\":\"https:\\\/\\\/www.rucashk.com\\\/es\\\/\",\"nextItem\":\"https:\\\/\\\/www.rucashk.com\\\/es\\\/producto\\\/amazfit-active-smart-watch\\\/#listItem\"},{\"@type\":\"ListItem\",\"@id\":\"https:\\\/\\\/www.rucashk.com\\\/es\\\/producto\\\/amazfit-active-smart-watch\\\/#listItem\",\"position\":2,\"name\":\"Amazfit Active Smart Watch\",\"previousItem\":\"https:\\\/\\\/www.rucashk.com\\\/es\\\/#listItem\"}]},{\"@type\":\"Organization\",\"@id\":\"https:\\\/\\\/www.rucashk.com\\\/es\\\/#organization\",\"name\":\"Rucas\",\"url\":\"https:\\\/\\\/www.rucashk.com\\\/es\\\/\",\"logo\":{\"@type\":\"ImageObject\",\"url\":\"https:\\\/\\\/www.rucashk.com\\\/wp-content\\\/uploads\\\/2023\\\/12\\\/Rucas_campany_logo.png\",\"@id\":\"https:\\\/\\\/www.rucashk.com\\\/es\\\/producto\\\/amazfit-active-smart-watch\\\/#organizationLogo\",\"width\":221,\"height\":65},\"image\":{\"@id\":\"https:\\\/\\\/www.rucashk.com\\\/es\\\/#organizationLogo\"}},{\"@type\":\"Person\",\"@id\":\"https:\\\/\\\/www.rucashk.com\\\/es\\\/author\\\/admin\\\/#author\",\"url\":\"https:\\\/\\\/www.rucashk.com\\\/es\\\/author\\\/admin\\\/\",\"name\":\"admin\",\"image\":{\"@type\":\"ImageObject\",\"@id\":\"https:\\\/\\\/www.rucashk.com\\\/es\\\/producto\\\/amazfit-active-smart-watch\\\/#authorImage\",\"url\":\"https:\\\/\\\/secure.gravatar.com\\\/avatar\\\/b7c8925b09a27e72b30232f8ecaadbd5af0f70a38c78096863fe51b64f031c24?s=96&d=mm&r=g\",\"width\":96,\"height\":96,\"caption\":\"admin\"}},{\"@type\":\"WebPage\",\"@id\":\"https:\\\/\\\/www.rucashk.com\\\/es\\\/producto\\\/amazfit-active-smart-watch\\\/#webpage\",\"url\":\"https:\\\/\\\/www.rucashk.com\\\/es\\\/producto\\\/amazfit-active-smart-watch\\\/\",\"name\":\"Amazfit Active Smart Watch - Rucas - Wholesale and Distribution\",\"description\":\"Super-light Design with1.75\\\" HD AMOLED Display Ultra-long 14-day Battery Life Al-powered TrainingGuidance by Zepp Coachrm 5 Satellite Positioning Systems & Route Navigation Bluetooth Phone Calls& Music Playback\",\"inLanguage\":\"es-ES\",\"isPartOf\":{\"@id\":\"https:\\\/\\\/www.rucashk.com\\\/es\\\/#website\"},\"breadcrumb\":{\"@id\":\"https:\\\/\\\/www.rucashk.com\\\/es\\\/producto\\\/amazfit-active-smart-watch\\\/#breadcrumblist\"},\"author\":{\"@id\":\"https:\\\/\\\/www.rucashk.com\\\/es\\\/author\\\/admin\\\/#author\"},\"creator\":{\"@id\":\"https:\\\/\\\/www.rucashk.com\\\/es\\\/author\\\/admin\\\/#author\"},\"image\":{\"@type\":\"ImageObject\",\"url\":\"https:\\\/\\\/www.rucashk.com\\\/wp-content\\\/uploads\\\/2024\\\/01\\\/1-1-2-1.webp\",\"@id\":\"https:\\\/\\\/www.rucashk.com\\\/es\\\/producto\\\/amazfit-active-smart-watch\\\/#mainImage\",\"width\":80,\"height\":80},\"primaryImageOfPage\":{\"@id\":\"https:\\\/\\\/www.rucashk.com\\\/es\\\/producto\\\/amazfit-active-smart-watch\\\/#mainImage\"},\"datePublished\":\"2024-01-09T16:41:48+00:00\",\"dateModified\":\"2025-06-21T07:50:18+00:00\"},{\"@type\":\"WebSite\",\"@id\":\"https:\\\/\\\/www.rucashk.com\\\/es\\\/#website\",\"url\":\"https:\\\/\\\/www.rucashk.com\\\/es\\\/\",\"name\":\"Rucas - Wholesale and distribution worldwide\",\"alternateName\":\"Rucas - One-stop AIoT Distribution Worldwide\",\"description\":\"One-stop AIoT Distribution Worldwide\",\"inLanguage\":\"es-ES\",\"publisher\":{\"@id\":\"https:\\\/\\\/www.rucashk.com\\\/es\\\/#organization\"}}]}\n\t\t<\/script>\n\t\t<!-- All in One SEO Pro -->\r\n\t\t<title>Amazfit Active Smart Watch - Rucas - Wholesale and Distribution<\/title>\n\n","aioseo_head_json":{"title":"Amazfit Active Smart Watch - Rucas - Wholesale and Distribution","description":"Super-light Design with1.75\" HD AMOLED Display Ultra-long 14-day Battery Life Al-powered TrainingGuidance by Zepp Coachrm 5 Satellite Positioning Systems & Route Navigation Bluetooth Phone Calls& Music Playback","canonical_url":"https:\/\/www.rucashk.com\/es\/producto\/amazfit-active-smart-watch\/","robots":"max-image-preview:large","keywords":"","webmasterTools":{"miscellaneous":""},"og:locale":"es_ES","og:site_name":"Rucas - One-stop AIoT Distribution Worldwide","og:type":"article","og:title":"Amazfit Active Smart Watch - Rucas - Wholesale and Distribution","og:description":"Super-light Design with1.75&quot; HD AMOLED Display Ultra-long 14-day Battery Life Al-powered TrainingGuidance by Zepp Coachrm 5 Satellite Positioning Systems &amp; Route Navigation Bluetooth Phone Calls&amp; Music Playback","og:url":"https:\/\/www.rucashk.com\/es\/producto\/amazfit-active-smart-watch\/","og:image":"https:\/\/www.rucashk.com\/wp-content\/uploads\/replace\/503b8e645f128a97ccde2b6290747646.jpeg","og:image:secure_url":"https:\/\/www.rucashk.com\/wp-content\/uploads\/replace\/503b8e645f128a97ccde2b6290747646.jpeg","og:image:width":1456,"og:image:height":816,"article:published_time":"2024-01-09T16:41:48+00:00","article:modified_time":"2025-06-21T07:50:18+00:00","twitter:card":"summary_large_image","twitter:title":"Amazfit Active Smart Watch - Rucas - Wholesale and Distribution","twitter:description":"Super-light Design with1.75&quot; HD AMOLED Display Ultra-long 14-day Battery Life Al-powered TrainingGuidance by Zepp Coachrm 5 Satellite Positioning Systems &amp; Route Navigation Bluetooth Phone Calls&amp; Music Playback","twitter:image":"https:\/\/www.rucashk.com\/wp-content\/uploads\/replace\/503b8e645f128a97ccde2b6290747646.jpeg","schema":{"@context":"https:\/\/schema.org","@graph":[{"@type":"BreadcrumbList","@id":"https:\/\/www.rucashk.com\/es\/producto\/amazfit-active-smart-watch\/#breadcrumblist","itemListElement":[{"@type":"ListItem","@id":"https:\/\/www.rucashk.com\/es\/#listItem","position":1,"name":"Home","item":"https:\/\/www.rucashk.com\/es\/","nextItem":"https:\/\/www.rucashk.com\/es\/producto\/amazfit-active-smart-watch\/#listItem"},{"@type":"ListItem","@id":"https:\/\/www.rucashk.com\/es\/producto\/amazfit-active-smart-watch\/#listItem","position":2,"name":"Amazfit Active Smart Watch","previousItem":"https:\/\/www.rucashk.com\/es\/#listItem"}]},{"@type":"Organization","@id":"https:\/\/www.rucashk.com\/es\/#organization","name":"Rucas","url":"https:\/\/www.rucashk.com\/es\/","logo":{"@type":"ImageObject","url":"https:\/\/www.rucashk.com\/wp-content\/uploads\/2023\/12\/Rucas_campany_logo.png","@id":"https:\/\/www.rucashk.com\/es\/producto\/amazfit-active-smart-watch\/#organizationLogo","width":221,"height":65},"image":{"@id":"https:\/\/www.rucashk.com\/es\/#organizationLogo"}},{"@type":"Person","@id":"https:\/\/www.rucashk.com\/es\/author\/admin\/#author","url":"https:\/\/www.rucashk.com\/es\/author\/admin\/","name":"admin","image":{"@type":"ImageObject","@id":"https:\/\/www.rucashk.com\/es\/producto\/amazfit-active-smart-watch\/#authorImage","url":"https:\/\/secure.gravatar.com\/avatar\/b7c8925b09a27e72b30232f8ecaadbd5af0f70a38c78096863fe51b64f031c24?s=96&d=mm&r=g","width":96,"height":96,"caption":"admin"}},{"@type":"WebPage","@id":"https:\/\/www.rucashk.com\/es\/producto\/amazfit-active-smart-watch\/#webpage","url":"https:\/\/www.rucashk.com\/es\/producto\/amazfit-active-smart-watch\/","name":"Amazfit Active Smart Watch - Rucas - Wholesale and Distribution","description":"Super-light Design with1.75\" HD AMOLED Display Ultra-long 14-day Battery Life Al-powered TrainingGuidance by Zepp Coachrm 5 Satellite Positioning Systems & Route Navigation Bluetooth Phone Calls& Music Playback","inLanguage":"es-ES","isPartOf":{"@id":"https:\/\/www.rucashk.com\/es\/#website"},"breadcrumb":{"@id":"https:\/\/www.rucashk.com\/es\/producto\/amazfit-active-smart-watch\/#breadcrumblist"},"author":{"@id":"https:\/\/www.rucashk.com\/es\/author\/admin\/#author"},"creator":{"@id":"https:\/\/www.rucashk.com\/es\/author\/admin\/#author"},"image":{"@type":"ImageObject","url":"https:\/\/www.rucashk.com\/wp-content\/uploads\/2024\/01\/1-1-2-1.webp","@id":"https:\/\/www.rucashk.com\/es\/producto\/amazfit-active-smart-watch\/#mainImage","width":80,"height":80},"primaryImageOfPage":{"@id":"https:\/\/www.rucashk.com\/es\/producto\/amazfit-active-smart-watch\/#mainImage"},"datePublished":"2024-01-09T16:41:48+00:00","dateModified":"2025-06-21T07:50:18+00:00"},{"@type":"WebSite","@id":"https:\/\/www.rucashk.com\/es\/#website","url":"https:\/\/www.rucashk.com\/es\/","name":"Rucas - Wholesale and distribution worldwide","alternateName":"Rucas - One-stop AIoT Distribution Worldwide","description":"One-stop AIoT Distribution Worldwide","inLanguage":"es-ES","publisher":{"@id":"https:\/\/www.rucashk.com\/es\/#organization"}}]}},"aioseo_meta_data":{"post_id":"27528","title":null,"description":null,"keywords":null,"keyphrases":null,"primary_term":null,"canonical_url":null,"og_title":null,"og_description":null,"og_object_type":"default","og_image_type":"default","og_image_url":null,"og_image_width":null,"og_image_height":null,"og_image_custom_url":null,"og_image_custom_fields":null,"og_video":"","og_custom_url":null,"og_article_section":null,"og_article_tags":null,"twitter_use_og":false,"twitter_card":"default","twitter_image_type":"default","twitter_image_url":null,"twitter_image_custom_url":null,"twitter_image_custom_fields":null,"twitter_title":null,"twitter_description":null,"schema":{"blockGraphs":[],"customGraphs":[],"default":{"data":{"Article":[],"Course":[],"Dataset":[],"FAQPage":[],"Movie":[],"Person":[],"Product":[],"Recipe":[],"Service":[],"SoftwareApplication":[],"WebPage":[]},"graphName":"","isEnabled":true},"graphs":[]},"schema_type":"default","schema_type_options":null,"pillar_content":false,"robots_default":true,"robots_noindex":false,"robots_noarchive":false,"robots_nosnippet":false,"robots_nofollow":false,"robots_noimageindex":false,"robots_noodp":false,"robots_notranslate":false,"robots_max_snippet":"-1","robots_max_videopreview":"-1","robots_max_imagepreview":"large","priority":null,"frequency":"default","local_seo":null,"breadcrumb_settings":null,"limit_modified_date":false,"created":"2024-04-11 01:57:22","updated":"2025-06-22 18:38:56"},"aioseo_breadcrumb":"<div class=\"aioseo-breadcrumbs\"><span class=\"aioseo-breadcrumb\">\n\t<a href=\"https:\/\/www.rucashk.com\/es\" title=\"Home\">Home<\/a>\n<\/span><span class=\"aioseo-breadcrumb-separator\">&raquo;<\/span><span class=\"aioseo-breadcrumb\">\n\t<a href=\"https:\/\/www.rucashk.com\/es\/products\/\" title=\"Productos\">Productos<\/a>\n<\/span><span class=\"aioseo-breadcrumb-separator\">&raquo;<\/span><span class=\"aioseo-breadcrumb\">\n\t<a href=\"https:\/\/www.rucashk.com\/es\/marca\/amazfit\/\" title=\"Amazfit\">Amazfit<\/a>\n<\/span><span class=\"aioseo-breadcrumb-separator\">&raquo;<\/span><span class=\"aioseo-breadcrumb\">\n\tAmazfit Active Smart Watch\n<\/span><\/div>","aioseo_breadcrumb_json":[{"label":"Home","link":"https:\/\/www.rucashk.com\/es"},{"label":"Productos","link":"https:\/\/www.rucashk.com\/es\/products\/"},{"label":"Amazfit","link":"https:\/\/www.rucashk.com\/es\/marca\/amazfit\/"},{"label":"Amazfit Active Smart Watch","link":"https:\/\/www.rucashk.com\/es\/producto\/amazfit-active-smart-watch\/"}],"_links":{"self":[{"href":"https:\/\/www.rucashk.com\/es\/wp-json\/wp\/v2\/product\/27528","targetHints":{"allow":["GET"]}}],"collection":[{"href":"https:\/\/www.rucashk.com\/es\/wp-json\/wp\/v2\/product"}],"about":[{"href":"https:\/\/www.rucashk.com\/es\/wp-json\/wp\/v2\/types\/product"}],"wp:featuredmedia":[{"embeddable":true,"href":"https:\/\/www.rucashk.com\/es\/wp-json\/wp\/v2\/media\/27678"}],"wp:attachment":[{"href":"https:\/\/www.rucashk.com\/es\/wp-json\/wp\/v2\/media?parent=27528"}],"wp:term":[{"taxonomy":"product_brand","embeddable":true,"href":"https:\/\/www.rucashk.com\/es\/wp-json\/wp\/v2\/product_brand?post=27528"},{"taxonomy":"product_cat","embeddable":true,"href":"https:\/\/www.rucashk.com\/es\/wp-json\/wp\/v2\/product_cat?post=27528"},{"taxonomy":"product_tag","embeddable":true,"href":"https:\/\/www.rucashk.com\/es\/wp-json\/wp\/v2\/product_tag?post=27528"}],"curies":[{"name":"wp","href":"https:\/\/api.w.org\/{rel}","templated":true}]}}