{"id":27493,"date":"2024-01-09T16:41:18","date_gmt":"2024-01-09T16:41:18","guid":{"rendered":"http:\/\/rucashk.com\/?post_type=product&#038;p=27493"},"modified":"2025-06-21T07:51:32","modified_gmt":"2025-06-21T07:51:32","slug":"razer-basilisk-ultimate-with-charging-dock-mice","status":"publish","type":"product","link":"https:\/\/www.rucashk.com\/es\/producto\/razer-basilisk-ultimate-with-charging-dock-mice\/","title":{"rendered":"Razer Basilisk Ultimate con ratones con base de carga"},"content":{"rendered":"<h4 style=\"text-align: center\">11 BOTONES PROGRAMABLES<\/h4>\n<p style=\"text-align: center\">Cada bot\u00f3n se puede reasignar a trav\u00e9s de Svnapse 3 para macros complejas (incluye un bot\u00f3n DPl inferior para evitar presiones accidentales)<\/p>\n<h4 style=\"text-align: center\"><img decoding=\"async\" alt=\"Razer Basilisk Ultimate with Charging Dock Mice\" src=\"\/wp-content\/uploads\/replace\/16e8f5bd397ceedc78f4cdbbb49cea3c.png\" data-spm-anchor-id=\"a2g0o.detail.1000023.i3.7edc5d32RbuGwI\" \/><\/h4>\n<h4><\/h4>\n<h4 style=\"text-align: center\">RESISTENCIA DE LA RUEDA DE DESPLAZAMIENTO PERSONALIZABLE<\/h4>\n<p style=\"text-align: center\">Para una sensibilidad personalizada<\/p>\n<p style=\"text-align: center\">\n<h4 style=\"text-align: center\"><img decoding=\"async\" alt=\"Razer Basilisk Ultimate with Charging Dock Mice\" src=\"\/wp-content\/uploads\/replace\/c05f6493782874bc54cd5453748db219.png\" \/><\/h4>\n<h4><\/h4>\n<h4 style=\"text-align: center\">SENSOR \u00d3PTICO DPRAZER FOCUS+ 20K CALIBRADO CON PRECISI\u00d3N<\/h4>\n<p style=\"text-align: center\">Dise\u00f1ado para brindar precisi\u00f3n, con Smart Tracking autom\u00e1tico e inteligente, PC y sensor Motion Sync, y detecci\u00f3n perfecta de despegue<\/p>\n<h4 style=\"text-align: center\"><\/h4>\n<h4 style=\"text-align: center\"><img decoding=\"async\" alt=\"Razer Basilisk Ultimate with Charging Dock Mice\" src=\"\/wp-content\/uploads\/replace\/4720dd9acbf4053762016875f0a27712.png\" \/><\/h4>\n<h4><\/h4>\n<h4 style=\"text-align: center\">11 BOTONES PROGRAMABLES<\/h4>\n<p style=\"text-align: center\">Cada bot\u00f3n se puede reasignar a trav\u00e9s de Svnapse 3 para macros complejas<\/p>\n<p style=\"text-align: center\">(incluye un bot\u00f3n DPI inferior para evitar presiones accidentales)<\/p>\n<p>&nbsp;<\/p>\n<h4 style=\"text-align: center\"><img decoding=\"async\" alt=\"Razer Basilisk Ultimate with Charging Dock Mice\" src=\"\/wp-content\/uploads\/replace\/5394baf0fd8987c403be065605b8cdb6.jpeg\" \/><\/h4>\n<h4><\/h4>\n<h4 style=\"text-align: center\">RESISTENCIA DE LA RUEDA DE DESPLAZAMIENTO PERSONALIZABLE<\/h4>\n<p style=\"text-align: center\">Para una sensibilidad personalizada<\/p>\n<h4><\/h4>\n<h4 style=\"text-align: center\"><img decoding=\"async\" alt=\"Razer Basilisk Ultimate with Charging Dock Mice\" src=\"\/wp-content\/uploads\/replace\/39a69a562db89410d9430273df617010.png\" \/><\/h4>\n<h4><\/h4>\n<h4 style=\"text-align: center\">TECNOLOG\u00cdA INAL\u00c1MBRICA ULTRAR\u00c1PIDA RAZER HYPERSPEED<\/h4>\n<p style=\"text-align: center\">M\u00e1s r\u00e1pido que los ratones para juegos con cable<\/p>\n<h4><\/h4>\n<h4 style=\"text-align: center\"><img decoding=\"async\" alt=\"Razer Basilisk Ultimate with Charging Dock Mice\" src=\"\/wp-content\/uploads\/replace\/31a6cb15c8d9c3bde22aaeb82b3597f7.png\" \/><\/h4>\n<h4><\/h4>\n<h4 style=\"text-align: center\">SENSOR \u00d3PTICO RAZERTmFOCUS+20K<\/h4>\n<p style=\"text-align: center\">Para una precisi\u00f3n de vanguardia<\/p>\n<h4><\/h4>\n<h4 style=\"text-align: center\"><img decoding=\"async\" alt=\"Razer Basilisk Ultimate with Charging Dock Mice\" src=\"\/wp-content\/uploads\/replace\/34501b29f9aae86ee9ff463847df8d01.png\" data-spm-anchor-id=\"a2g0o.detail.1000023.i1.7edc5d32RbuGwI\" \/><\/h4>\n<p>&nbsp;<\/p>\n<h3>especificaciones<\/h3>\n<p>FACTOR DE FORMA: Diestro<br \/>\nCONECTIVIDAD: Cableado \u2013 Cable Razer\u2122 Speedflex<br \/>\nDURACI\u00d3N DE LA BATER\u00cdA: Ninguna<br \/>\nILUMINACI\u00d3N RGB: Razer Chroma\u2122 RGB<br \/>\nSENSOR: \u00d3ptico<br \/>\nSENSIBILIDAD M\u00c1XIMA (DPI): 26000<br \/>\nVELOCIDAD M\u00c1XIMA (IPS): 650<br \/>\nACELERACI\u00d3N M\u00c1XIMA (G): 50<br \/>\nBOTONES PROGRAMABLES: 11<br \/>\nTIPO DE INTERRUPTOR: Interruptor de mouse \u00f3ptico Razer\u2122 de segunda generaci\u00f3n<br \/>\nCICLO DE VIDA DEL CAMBIO: 70 millones de clics<br \/>\nPERFILES DE MEMORIA A BORDO: 5<br \/>\nPIES DEL RAT\u00d3N: Pies del rat\u00f3n 100% PTFE<br \/>\nCABLE: Cable Razer\u2122 Speedflex<br \/>\nRUEDA DE DESPLAZAMIENTO INCLINABLE: Rueda inclinable Razer\u2122 HyperScroll de 4 direcciones<br \/>\nModos de giro libre y con muescas accionados electr\u00f3nicamente<\/p>\n<p>&nbsp;<\/p>","protected":false},"excerpt":{"rendered":"<p>TAMA\u00d1O APROXIMADO<br \/>\nLength: 130.0 mm \/ 5.11 in<br \/>\nWidth: 75.0 mm \/ 2.95 in<br \/>\nHeight: 42.5 mm \/ 1.65 in<br \/>\nPESO APROXIMADO<br \/>\n101 g \/ 3.56 oz (Excluding cable)<\/p>","protected":false},"featured_media":27663,"template":"","meta":[],"product_brand":[1379],"product_cat":[1322,1331],"product_tag":[],"class_list":{"0":"post-27493","1":"product","2":"type-product","3":"status-publish","4":"has-post-thumbnail","6":"product_brand-razer","7":"product_cat-other-a-brands","8":"product_cat-razer-other-a-brands","10":"first","11":"instock","12":"shipping-taxable","13":"product-type-simple"},"aioseo_notices":[],"aioseo_head":"\n\t\t<!-- All in One SEO Pro 4.5.9.2 - aioseo.com -->\n\t\t<meta name=\"description\" content=\"APPROXIMATE SIZE Length: 130.0 mm \/ 5.11 in Width: 75.0 mm \/ 2.95 in Height: 42.5 mm \/ 1.65 in APPROXIMATE WEIGHT 101 g \/ 3.56 oz (Excluding cable)\" \/>\n\t\t<meta name=\"robots\" content=\"max-image-preview:large\" \/>\n\t\t<link rel=\"canonical\" href=\"https:\/\/www.rucashk.com\/es\/producto\/razer-basilisk-ultimate-with-charging-dock-mice\/\" \/>\n\t\t<meta name=\"generator\" content=\"All in One SEO Pro (AIOSEO) 4.5.9.2\" \/>\n\t\t<meta property=\"og:locale\" content=\"es_ES\" \/>\n\t\t<meta property=\"og:site_name\" content=\"Rucas - One-stop AIoT Distribution Worldwide\" \/>\n\t\t<meta property=\"og:type\" content=\"article\" \/>\n\t\t<meta property=\"og:title\" content=\"Razer Basilisk Ultimate with Charging Dock Mice - Rucas - Wholesale and Distribution\" \/>\n\t\t<meta property=\"og:description\" content=\"APPROXIMATE SIZE Length: 130.0 mm \/ 5.11 in Width: 75.0 mm \/ 2.95 in Height: 42.5 mm \/ 1.65 in APPROXIMATE WEIGHT 101 g \/ 3.56 oz (Excluding cable)\" \/>\n\t\t<meta property=\"og:url\" content=\"https:\/\/www.rucashk.com\/es\/producto\/razer-basilisk-ultimate-with-charging-dock-mice\/\" \/>\n\t\t<meta property=\"og:image\" content=\"https:\/\/www.rucashk.com\/wp-content\/uploads\/replace\/503b8e645f128a97ccde2b6290747646.jpeg\" \/>\n\t\t<meta property=\"og:image:secure_url\" content=\"https:\/\/www.rucashk.com\/wp-content\/uploads\/replace\/503b8e645f128a97ccde2b6290747646.jpeg\" \/>\n\t\t<meta property=\"og:image:width\" content=\"1456\" \/>\n\t\t<meta property=\"og:image:height\" content=\"816\" \/>\n\t\t<meta property=\"article:published_time\" content=\"2024-01-09T16:41:18+00:00\" \/>\n\t\t<meta property=\"article:modified_time\" content=\"2025-06-21T07:51:32+00:00\" \/>\n\t\t<meta name=\"twitter:card\" content=\"summary_large_image\" \/>\n\t\t<meta name=\"twitter:title\" content=\"Razer Basilisk Ultimate with Charging Dock Mice - Rucas - Wholesale and Distribution\" \/>\n\t\t<meta name=\"twitter:description\" content=\"APPROXIMATE SIZE Length: 130.0 mm \/ 5.11 in Width: 75.0 mm \/ 2.95 in Height: 42.5 mm \/ 1.65 in APPROXIMATE WEIGHT 101 g \/ 3.56 oz (Excluding cable)\" \/>\n\t\t<meta name=\"twitter:image\" content=\"https:\/\/www.rucashk.com\/wp-content\/uploads\/replace\/503b8e645f128a97ccde2b6290747646.jpeg\" \/>\n\t\t<script type=\"application\/ld+json\" class=\"aioseo-schema\">\n\t\t\t{\"@context\":\"https:\\\/\\\/schema.org\",\"@graph\":[{\"@type\":\"BreadcrumbList\",\"@id\":\"https:\\\/\\\/www.rucashk.com\\\/es\\\/producto\\\/razer-basilisk-ultimate-with-charging-dock-mice\\\/#breadcrumblist\",\"itemListElement\":[{\"@type\":\"ListItem\",\"@id\":\"https:\\\/\\\/www.rucashk.com\\\/es\\\/#listItem\",\"position\":1,\"name\":\"Home\",\"item\":\"https:\\\/\\\/www.rucashk.com\\\/es\\\/\",\"nextItem\":\"https:\\\/\\\/www.rucashk.com\\\/es\\\/producto\\\/razer-basilisk-ultimate-with-charging-dock-mice\\\/#listItem\"},{\"@type\":\"ListItem\",\"@id\":\"https:\\\/\\\/www.rucashk.com\\\/es\\\/producto\\\/razer-basilisk-ultimate-with-charging-dock-mice\\\/#listItem\",\"position\":2,\"name\":\"Razer Basilisk Ultimate with Charging Dock Mice\",\"previousItem\":\"https:\\\/\\\/www.rucashk.com\\\/es\\\/#listItem\"}]},{\"@type\":\"Organization\",\"@id\":\"https:\\\/\\\/www.rucashk.com\\\/es\\\/#organization\",\"name\":\"Rucas\",\"url\":\"https:\\\/\\\/www.rucashk.com\\\/es\\\/\",\"logo\":{\"@type\":\"ImageObject\",\"url\":\"https:\\\/\\\/www.rucashk.com\\\/wp-content\\\/uploads\\\/2023\\\/12\\\/Rucas_campany_logo.png\",\"@id\":\"https:\\\/\\\/www.rucashk.com\\\/es\\\/producto\\\/razer-basilisk-ultimate-with-charging-dock-mice\\\/#organizationLogo\",\"width\":221,\"height\":65},\"image\":{\"@id\":\"https:\\\/\\\/www.rucashk.com\\\/es\\\/#organizationLogo\"}},{\"@type\":\"Person\",\"@id\":\"https:\\\/\\\/www.rucashk.com\\\/es\\\/author\\\/admin\\\/#author\",\"url\":\"https:\\\/\\\/www.rucashk.com\\\/es\\\/author\\\/admin\\\/\",\"name\":\"admin\",\"image\":{\"@type\":\"ImageObject\",\"@id\":\"https:\\\/\\\/www.rucashk.com\\\/es\\\/producto\\\/razer-basilisk-ultimate-with-charging-dock-mice\\\/#authorImage\",\"url\":\"https:\\\/\\\/secure.gravatar.com\\\/avatar\\\/b7c8925b09a27e72b30232f8ecaadbd5af0f70a38c78096863fe51b64f031c24?s=96&d=mm&r=g\",\"width\":96,\"height\":96,\"caption\":\"admin\"}},{\"@type\":\"WebPage\",\"@id\":\"https:\\\/\\\/www.rucashk.com\\\/es\\\/producto\\\/razer-basilisk-ultimate-with-charging-dock-mice\\\/#webpage\",\"url\":\"https:\\\/\\\/www.rucashk.com\\\/es\\\/producto\\\/razer-basilisk-ultimate-with-charging-dock-mice\\\/\",\"name\":\"Razer Basilisk Ultimate with Charging Dock Mice - Rucas - Wholesale and Distribution\",\"description\":\"APPROXIMATE SIZE Length: 130.0 mm \\\/ 5.11 in Width: 75.0 mm \\\/ 2.95 in Height: 42.5 mm \\\/ 1.65 in APPROXIMATE WEIGHT 101 g \\\/ 3.56 oz (Excluding cable)\",\"inLanguage\":\"es-ES\",\"isPartOf\":{\"@id\":\"https:\\\/\\\/www.rucashk.com\\\/es\\\/#website\"},\"breadcrumb\":{\"@id\":\"https:\\\/\\\/www.rucashk.com\\\/es\\\/producto\\\/razer-basilisk-ultimate-with-charging-dock-mice\\\/#breadcrumblist\"},\"author\":{\"@id\":\"https:\\\/\\\/www.rucashk.com\\\/es\\\/author\\\/admin\\\/#author\"},\"creator\":{\"@id\":\"https:\\\/\\\/www.rucashk.com\\\/es\\\/author\\\/admin\\\/#author\"},\"image\":{\"@type\":\"ImageObject\",\"url\":\"https:\\\/\\\/www.rucashk.com\\\/wp-content\\\/uploads\\\/2024\\\/01\\\/10001-31-1.jpg\",\"@id\":\"https:\\\/\\\/www.rucashk.com\\\/es\\\/producto\\\/razer-basilisk-ultimate-with-charging-dock-mice\\\/#mainImage\",\"width\":800,\"height\":800},\"primaryImageOfPage\":{\"@id\":\"https:\\\/\\\/www.rucashk.com\\\/es\\\/producto\\\/razer-basilisk-ultimate-with-charging-dock-mice\\\/#mainImage\"},\"datePublished\":\"2024-01-09T16:41:18+00:00\",\"dateModified\":\"2025-06-21T07:51:32+00:00\"},{\"@type\":\"WebSite\",\"@id\":\"https:\\\/\\\/www.rucashk.com\\\/es\\\/#website\",\"url\":\"https:\\\/\\\/www.rucashk.com\\\/es\\\/\",\"name\":\"Rucas - Wholesale and distribution worldwide\",\"alternateName\":\"Rucas - One-stop AIoT Distribution Worldwide\",\"description\":\"One-stop AIoT Distribution Worldwide\",\"inLanguage\":\"es-ES\",\"publisher\":{\"@id\":\"https:\\\/\\\/www.rucashk.com\\\/es\\\/#organization\"}}]}\n\t\t<\/script>\n\t\t<!-- All in One SEO Pro -->\r\n\t\t<title>Razer Basilisk Ultimate with Charging Dock Mice - Rucas - Wholesale and Distribution<\/title>\n\n","aioseo_head_json":{"title":"Razer Basilisk Ultimate with Charging Dock Mice - Rucas - Wholesale and Distribution","description":"APPROXIMATE SIZE Length: 130.0 mm \/ 5.11 in Width: 75.0 mm \/ 2.95 in Height: 42.5 mm \/ 1.65 in APPROXIMATE WEIGHT 101 g \/ 3.56 oz (Excluding cable)","canonical_url":"https:\/\/www.rucashk.com\/es\/producto\/razer-basilisk-ultimate-with-charging-dock-mice\/","robots":"max-image-preview:large","keywords":"","webmasterTools":{"miscellaneous":""},"og:locale":"es_ES","og:site_name":"Rucas - One-stop AIoT Distribution Worldwide","og:type":"article","og:title":"Razer Basilisk Ultimate with Charging Dock Mice - Rucas - Wholesale and Distribution","og:description":"APPROXIMATE SIZE Length: 130.0 mm \/ 5.11 in Width: 75.0 mm \/ 2.95 in Height: 42.5 mm \/ 1.65 in APPROXIMATE WEIGHT 101 g \/ 3.56 oz (Excluding cable)","og:url":"https:\/\/www.rucashk.com\/es\/producto\/razer-basilisk-ultimate-with-charging-dock-mice\/","og:image":"https:\/\/www.rucashk.com\/wp-content\/uploads\/replace\/503b8e645f128a97ccde2b6290747646.jpeg","og:image:secure_url":"https:\/\/www.rucashk.com\/wp-content\/uploads\/replace\/503b8e645f128a97ccde2b6290747646.jpeg","og:image:width":1456,"og:image:height":816,"article:published_time":"2024-01-09T16:41:18+00:00","article:modified_time":"2025-06-21T07:51:32+00:00","twitter:card":"summary_large_image","twitter:title":"Razer Basilisk Ultimate with Charging Dock Mice - Rucas - Wholesale and Distribution","twitter:description":"APPROXIMATE SIZE Length: 130.0 mm \/ 5.11 in Width: 75.0 mm \/ 2.95 in Height: 42.5 mm \/ 1.65 in APPROXIMATE WEIGHT 101 g \/ 3.56 oz (Excluding cable)","twitter:image":"https:\/\/www.rucashk.com\/wp-content\/uploads\/replace\/503b8e645f128a97ccde2b6290747646.jpeg","schema":{"@context":"https:\/\/schema.org","@graph":[{"@type":"BreadcrumbList","@id":"https:\/\/www.rucashk.com\/es\/producto\/razer-basilisk-ultimate-with-charging-dock-mice\/#breadcrumblist","itemListElement":[{"@type":"ListItem","@id":"https:\/\/www.rucashk.com\/es\/#listItem","position":1,"name":"Home","item":"https:\/\/www.rucashk.com\/es\/","nextItem":"https:\/\/www.rucashk.com\/es\/producto\/razer-basilisk-ultimate-with-charging-dock-mice\/#listItem"},{"@type":"ListItem","@id":"https:\/\/www.rucashk.com\/es\/producto\/razer-basilisk-ultimate-with-charging-dock-mice\/#listItem","position":2,"name":"Razer Basilisk Ultimate with Charging Dock Mice","previousItem":"https:\/\/www.rucashk.com\/es\/#listItem"}]},{"@type":"Organization","@id":"https:\/\/www.rucashk.com\/es\/#organization","name":"Rucas","url":"https:\/\/www.rucashk.com\/es\/","logo":{"@type":"ImageObject","url":"https:\/\/www.rucashk.com\/wp-content\/uploads\/2023\/12\/Rucas_campany_logo.png","@id":"https:\/\/www.rucashk.com\/es\/producto\/razer-basilisk-ultimate-with-charging-dock-mice\/#organizationLogo","width":221,"height":65},"image":{"@id":"https:\/\/www.rucashk.com\/es\/#organizationLogo"}},{"@type":"Person","@id":"https:\/\/www.rucashk.com\/es\/author\/admin\/#author","url":"https:\/\/www.rucashk.com\/es\/author\/admin\/","name":"admin","image":{"@type":"ImageObject","@id":"https:\/\/www.rucashk.com\/es\/producto\/razer-basilisk-ultimate-with-charging-dock-mice\/#authorImage","url":"https:\/\/secure.gravatar.com\/avatar\/b7c8925b09a27e72b30232f8ecaadbd5af0f70a38c78096863fe51b64f031c24?s=96&d=mm&r=g","width":96,"height":96,"caption":"admin"}},{"@type":"WebPage","@id":"https:\/\/www.rucashk.com\/es\/producto\/razer-basilisk-ultimate-with-charging-dock-mice\/#webpage","url":"https:\/\/www.rucashk.com\/es\/producto\/razer-basilisk-ultimate-with-charging-dock-mice\/","name":"Razer Basilisk Ultimate with Charging Dock Mice - Rucas - Wholesale and Distribution","description":"APPROXIMATE SIZE Length: 130.0 mm \/ 5.11 in Width: 75.0 mm \/ 2.95 in Height: 42.5 mm \/ 1.65 in APPROXIMATE WEIGHT 101 g \/ 3.56 oz (Excluding cable)","inLanguage":"es-ES","isPartOf":{"@id":"https:\/\/www.rucashk.com\/es\/#website"},"breadcrumb":{"@id":"https:\/\/www.rucashk.com\/es\/producto\/razer-basilisk-ultimate-with-charging-dock-mice\/#breadcrumblist"},"author":{"@id":"https:\/\/www.rucashk.com\/es\/author\/admin\/#author"},"creator":{"@id":"https:\/\/www.rucashk.com\/es\/author\/admin\/#author"},"image":{"@type":"ImageObject","url":"https:\/\/www.rucashk.com\/wp-content\/uploads\/2024\/01\/10001-31-1.jpg","@id":"https:\/\/www.rucashk.com\/es\/producto\/razer-basilisk-ultimate-with-charging-dock-mice\/#mainImage","width":800,"height":800},"primaryImageOfPage":{"@id":"https:\/\/www.rucashk.com\/es\/producto\/razer-basilisk-ultimate-with-charging-dock-mice\/#mainImage"},"datePublished":"2024-01-09T16:41:18+00:00","dateModified":"2025-06-21T07:51:32+00:00"},{"@type":"WebSite","@id":"https:\/\/www.rucashk.com\/es\/#website","url":"https:\/\/www.rucashk.com\/es\/","name":"Rucas - Wholesale and distribution worldwide","alternateName":"Rucas - One-stop AIoT Distribution Worldwide","description":"One-stop AIoT Distribution Worldwide","inLanguage":"es-ES","publisher":{"@id":"https:\/\/www.rucashk.com\/es\/#organization"}}]}},"aioseo_meta_data":{"post_id":"27493","title":null,"description":null,"keywords":null,"keyphrases":null,"primary_term":null,"canonical_url":null,"og_title":null,"og_description":null,"og_object_type":"default","og_image_type":"default","og_image_url":null,"og_image_width":null,"og_image_height":null,"og_image_custom_url":null,"og_image_custom_fields":null,"og_video":"","og_custom_url":null,"og_article_section":null,"og_article_tags":null,"twitter_use_og":false,"twitter_card":"default","twitter_image_type":"default","twitter_image_url":null,"twitter_image_custom_url":null,"twitter_image_custom_fields":null,"twitter_title":null,"twitter_description":null,"schema":{"blockGraphs":[],"customGraphs":[],"default":{"data":{"Article":[],"Course":[],"Dataset":[],"FAQPage":[],"Movie":[],"Person":[],"Product":[],"Recipe":[],"Service":[],"SoftwareApplication":[],"WebPage":[]},"graphName":"","isEnabled":true},"graphs":[]},"schema_type":"default","schema_type_options":null,"pillar_content":false,"robots_default":true,"robots_noindex":false,"robots_noarchive":false,"robots_nosnippet":false,"robots_nofollow":false,"robots_noimageindex":false,"robots_noodp":false,"robots_notranslate":false,"robots_max_snippet":"-1","robots_max_videopreview":"-1","robots_max_imagepreview":"large","priority":null,"frequency":"default","local_seo":null,"breadcrumb_settings":null,"limit_modified_date":false,"created":"2024-04-11 01:57:22","updated":"2025-06-22 18:38:54"},"aioseo_breadcrumb":"<div class=\"aioseo-breadcrumbs\"><span class=\"aioseo-breadcrumb\">\n\t<a href=\"https:\/\/www.rucashk.com\/es\" title=\"Home\">Home<\/a>\n<\/span><span class=\"aioseo-breadcrumb-separator\">&raquo;<\/span><span class=\"aioseo-breadcrumb\">\n\t<a href=\"https:\/\/www.rucashk.com\/es\/products\/\" title=\"Productos\">Productos<\/a>\n<\/span><span class=\"aioseo-breadcrumb-separator\">&raquo;<\/span><span class=\"aioseo-breadcrumb\">\n\t<a href=\"https:\/\/www.rucashk.com\/es\/marca\/razer\/\" title=\"Razer\">Razer<\/a>\n<\/span><span class=\"aioseo-breadcrumb-separator\">&raquo;<\/span><span class=\"aioseo-breadcrumb\">\n\tRazer Basilisk Ultimate with Charging Dock Mice\n<\/span><\/div>","aioseo_breadcrumb_json":[{"label":"Home","link":"https:\/\/www.rucashk.com\/es"},{"label":"Productos","link":"https:\/\/www.rucashk.com\/es\/products\/"},{"label":"Razer","link":"https:\/\/www.rucashk.com\/es\/marca\/razer\/"},{"label":"Razer Basilisk Ultimate with Charging Dock Mice","link":"https:\/\/www.rucashk.com\/es\/producto\/razer-basilisk-ultimate-with-charging-dock-mice\/"}],"_links":{"self":[{"href":"https:\/\/www.rucashk.com\/es\/wp-json\/wp\/v2\/product\/27493","targetHints":{"allow":["GET"]}}],"collection":[{"href":"https:\/\/www.rucashk.com\/es\/wp-json\/wp\/v2\/product"}],"about":[{"href":"https:\/\/www.rucashk.com\/es\/wp-json\/wp\/v2\/types\/product"}],"wp:featuredmedia":[{"embeddable":true,"href":"https:\/\/www.rucashk.com\/es\/wp-json\/wp\/v2\/media\/27663"}],"wp:attachment":[{"href":"https:\/\/www.rucashk.com\/es\/wp-json\/wp\/v2\/media?parent=27493"}],"wp:term":[{"taxonomy":"product_brand","embeddable":true,"href":"https:\/\/www.rucashk.com\/es\/wp-json\/wp\/v2\/product_brand?post=27493"},{"taxonomy":"product_cat","embeddable":true,"href":"https:\/\/www.rucashk.com\/es\/wp-json\/wp\/v2\/product_cat?post=27493"},{"taxonomy":"product_tag","embeddable":true,"href":"https:\/\/www.rucashk.com\/es\/wp-json\/wp\/v2\/product_tag?post=27493"}],"curies":[{"name":"wp","href":"https:\/\/api.w.org\/{rel}","templated":true}]}}