{"id":27492,"date":"2024-01-09T16:41:18","date_gmt":"2024-01-09T16:41:18","guid":{"rendered":"http:\/\/rucashk.com\/?post_type=product&#038;p=27492"},"modified":"2025-06-21T07:50:35","modified_gmt":"2025-06-21T07:50:35","slug":"razer-basilisk-v3-mice","status":"publish","type":"product","link":"https:\/\/www.rucashk.com\/es\/producto\/razer-basilisk-v3-mice\/","title":{"rendered":"Ratones Razer Basilisk V3"},"content":{"rendered":"<h1 style=\"text-align: center\" align=\"center\"><span data-spm-anchor-id=\"a2g0o.detail.1000023.i0.12147f0I7f0Idw\">Razer BASILISCO V3<\/span><\/h1>\n<h2 style=\"text-align: center\" align=\"center\">PERSONALIZACI\u00d3N DE ESPECTRO COMPLETO<\/h2>\n<p style=\"text-align: center\" align=\"center\">Crea, controla y defiende tu estilo de juego con el nuevo Razer Basilisk V3, el mouse ergon\u00f3mico para juegos por excelencia para un rendimiento personalizado. Con 10+1 botones programables, una rueda de desplazamiento inteligente y una gran dosis de Razer Chroma\u2122 RGB, es hora de iluminar la competencia a tu manera.<\/p>\n<p style=\"text-align: center\" align=\"center\"><img decoding=\"async\" class=\"aligncenter\" src=\"\/wp-content\/uploads\/replace\/0d7cd33249f7756687fb3156b5d8974c.png\" alt=\"Razer Basilisk V3 Mice\" \/><\/p>\n<p style=\"text-align: center\" align=\"center\">JUEGA A TU MANERA. COMO NUNCA ANTES.<br \/>\n10+1 BOTONES PROGRAMABLES<br \/>\nAsigne todas sus macros y funciones secundarias a trav\u00e9s de 11 botones de f\u00e1cil acceso, incluido su aclamado disparador multifunci\u00f3n, para ejecutar acciones esenciales como pulsar para hablar, hacer ping y m\u00e1s.<\/p>\n<p style=\"text-align: center\" align=\"center\"><img decoding=\"async\" class=\"aligncenter\" src=\"\/wp-content\/uploads\/replace\/0e13c632a0f841b5e49b4cf0f7459766.png\" alt=\"Razer Basilisk V3 Mice\" \/><\/p>\n<p style=\"text-align: center\" align=\"center\">RENDIMIENTO DE ALTO PERFIL.<br \/>\nCambie sin problemas entre cualquiera de sus perfiles de botones personalizados mediante un bot\u00f3n programable debajo del mouse para un rendimiento optimizado en cada juego y tarea.<\/p>\n<p style=\"text-align: center\" align=\"center\"><img decoding=\"async\" class=\"aligncenter\" src=\"\/wp-content\/uploads\/replace\/c9b068981551d295e101da5957438983.png\" alt=\"Razer Basilisk V3 Mice\" \/><\/p>\n<p style=\"text-align: center\" align=\"center\">PERFECCIONANDO EL DESPLAZAMIENTO.<br \/>\nRUEDA INCLINABLE HYPERSCROLL Razer\u2122.<br \/>\nNuestra \u00faltima innovaci\u00f3n en la rueda de desplazamiento ofrece un nuevo nivel de funcionalidad que definitivamente puedes identificar. Ofreciendo dos tipos de desplazamiento para mayor flexibilidad, tambi\u00e9n puede alternar autom\u00e1ticamente entre ellos para un uso verdaderamente fluido gracias a una funci\u00f3n inteligente de vanguardia.<\/p>\n<p style=\"text-align: center\" align=\"center\"><img decoding=\"async\" class=\"aligncenter\" src=\"\/wp-content\/uploads\/replace\/0200950c9dd8912e04f1a7dc1cd7d5b3.jpeg\" alt=\"Razer Basilisk V3 Mice\" \/><\/p>\n<p style=\"text-align: center\" align=\"center\">MODO DE CICLISMO T\u00c1CTIL<br \/>\nPara un desplazamiento con muescas distinto y de alta precisi\u00f3n, ideal para recorrer armas o habilidades.<\/p>\n<p style=\"text-align: center\">MODO DE CARRETE INTELIGENTE<br \/>\nHabilitada a trav\u00e9s de Razer Synapse, la rueda de desplazamiento cambia autom\u00e1ticamente del modo t\u00e1ctil al modo de giro libre cuando te desplazas m\u00e1s r\u00e1pido.<\/p>\n<p style=\"text-align: center\">MODO DE DESPLAZAMIENTO DE GIRO GRATIS<br \/>\nPara un desplazamiento fluido y de alta velocidad, perfecto para cubrir contenido r\u00e1pidamente o emular comandos repetidos del juego.<\/p>\n<p style=\"text-align: center\" align=\"center\"><img decoding=\"async\" class=\"aligncenter\" src=\"\/wp-content\/uploads\/replace\/4400c3834b223dbd026e85ef574560e6.png\" alt=\"Razer Basilisk V3 Mice\" \/><\/p>\n<p style=\"text-align: center\" align=\"center\">DESPLAZAMIENTO EN 4 V\u00cdAS.<br \/>\nLa clara direcci\u00f3n de dise\u00f1o de la rueda inclinable Razer\u2122 HyperScroll le da a este mouse para juegos personalizable una dimensi\u00f3n adicional de movimiento y entrada de desplazamiento.<\/p>\n<p style=\"text-align: center\" align=\"center\"><img decoding=\"async\" class=\"aligncenter\" src=\"\/wp-content\/uploads\/replace\/9360e448138a3a99a1fe3859923ea638.png\" alt=\"Razer Basilisk V3 Mice\" \/><img decoding=\"async\" src=\"\/wp-content\/uploads\/replace\/b776155298ce1bf666970318f70514bb.png\" alt=\"Razer Basilisk V3 Mice\" \/><\/p>\n<p style=\"text-align: center\" align=\"center\">PODER M\u00c1S ALL\u00c1 DE LA L\u00d3GICA. HASTA EL \u00daLTIMO DETALLE.<\/p>\n<p align=\"center\"><img decoding=\"async\" class=\"aligncenter\" src=\"\/wp-content\/uploads\/replace\/1121350e138309b9cb3675f3dacf4a78.png\" alt=\"Razer Basilisk V3 Mice\" \/><\/p>\n<p style=\"font-weight: 400\"><strong>Especificaciones<\/strong><\/p>\n<p style=\"font-weight: 400\">Factor de forma: diestro<\/p>\n<p style=\"font-weight: 400\">Conectividad: Cableado \u2013 Cable Razer\u2122 Speedflex<\/p>\n<p style=\"font-weight: 400\">Duraci\u00f3n de la bater\u00eda: Ninguna<\/p>\n<p style=\"font-weight: 400\">Iluminaci\u00f3n RGB: Razer Chroma\u2122 RGB<\/p>\n<p style=\"font-weight: 400\">Sensor: \u00d3ptico<\/p>\n<p style=\"font-weight: 400\">Sensibilidad m\u00e1xima (DPI): 26000<\/p>\n<p style=\"font-weight: 400\">Velocidad m\u00e1xima (ips): 650<\/p>\n<p style=\"font-weight: 400\">Aceleraci\u00f3n m\u00e1xima (g): 50<\/p>\n<p style=\"font-weight: 400\">Botones programables: 11<\/p>\n<p style=\"font-weight: 400\">Tipo de interruptor: interruptor de mouse \u00f3ptico Razer\u2122 de segunda generaci\u00f3n<\/p>\n<p style=\"font-weight: 400\">Ciclo de vida del conmutador: 70 millones de clics<\/p>\n<p style=\"font-weight: 400\">Perfiles de memoria integrada: 5<\/p>\n<p style=\"font-weight: 400\">Pies del rat\u00f3n: Pies del rat\u00f3n 100% PTFE<\/p>\n<p style=\"font-weight: 400\">Cable: Cable Razer\u2122 Speedflex<\/p>","protected":false},"excerpt":{"rendered":"<p style=\"font-weight: 400\">Tama\u00f1os:<\/p>\n<p style=\"font-weight: 400\">Longitud: 130 mm \/ 5,11 pulgadas<\/p>\n<p style=\"font-weight: 400\">Ancho: 60 mm \/ 2,36 pulgadas<\/p>\n<p style=\"font-weight: 400\">Altura: 42,5 mm \/ 1,67 pulgadas<\/p>\n<p style=\"font-weight: 400\">Peso: 101 g \/ 3,56 Oz (sin cable)<\/p>\n<p style=\"font-weight: 400\">Compatibilidad de base: ninguna<\/p>\n<p style=\"font-weight: 400\"><strong>El paquete incluye:<\/strong><\/p>\n<p style=\"font-weight: 400\">1 * rat\u00f3n para juegos Basilisco V3<\/p>\n<p style=\"font-weight: 400\">1 * Manual de usuario<\/p>","protected":false},"featured_media":27658,"template":"","meta":[],"product_brand":[1379],"product_cat":[1322,1331],"product_tag":[],"class_list":{"0":"post-27492","1":"product","2":"type-product","3":"status-publish","4":"has-post-thumbnail","6":"product_brand-razer","7":"product_cat-other-a-brands","8":"product_cat-razer-other-a-brands","10":"first","11":"instock","12":"shipping-taxable","13":"product-type-simple"},"aioseo_notices":[],"aioseo_head":"\n\t\t<!-- All in One SEO Pro 4.5.9.2 - aioseo.com -->\n\t\t<meta name=\"description\" content=\"Sizes: Length: 130 Mm \/ 5.11 In Width: 60 Mm \/ 2.36 In Height: 42.5 Mm \/ 1.67 In Weight: 101 g \/ 3.56 Oz (Excluding Cable) Dock Compatibility: None Package Includes: 1 * Basilisk V3 Gaming Mouse 1 * User Manual\" \/>\n\t\t<meta name=\"robots\" content=\"max-image-preview:large\" \/>\n\t\t<link rel=\"canonical\" href=\"https:\/\/www.rucashk.com\/es\/producto\/razer-basilisk-v3-mice\/\" \/>\n\t\t<meta name=\"generator\" content=\"All in One SEO Pro (AIOSEO) 4.5.9.2\" \/>\n\t\t<meta property=\"og:locale\" content=\"es_ES\" \/>\n\t\t<meta property=\"og:site_name\" content=\"Rucas - One-stop AIoT Distribution Worldwide\" \/>\n\t\t<meta property=\"og:type\" content=\"article\" \/>\n\t\t<meta property=\"og:title\" content=\"Razer Basilisk V3 Mice - Rucas - Wholesale and Distribution\" \/>\n\t\t<meta property=\"og:description\" content=\"Sizes: Length: 130 Mm \/ 5.11 In Width: 60 Mm \/ 2.36 In Height: 42.5 Mm \/ 1.67 In Weight: 101 g \/ 3.56 Oz (Excluding Cable) Dock Compatibility: None Package Includes: 1 * Basilisk V3 Gaming Mouse 1 * User Manual\" \/>\n\t\t<meta property=\"og:url\" content=\"https:\/\/www.rucashk.com\/es\/producto\/razer-basilisk-v3-mice\/\" \/>\n\t\t<meta property=\"og:image\" content=\"https:\/\/www.rucashk.com\/wp-content\/uploads\/replace\/503b8e645f128a97ccde2b6290747646.jpeg\" \/>\n\t\t<meta property=\"og:image:secure_url\" content=\"https:\/\/www.rucashk.com\/wp-content\/uploads\/replace\/503b8e645f128a97ccde2b6290747646.jpeg\" \/>\n\t\t<meta property=\"og:image:width\" content=\"1456\" \/>\n\t\t<meta property=\"og:image:height\" content=\"816\" \/>\n\t\t<meta property=\"article:published_time\" content=\"2024-01-09T16:41:18+00:00\" \/>\n\t\t<meta property=\"article:modified_time\" content=\"2025-06-21T07:50:35+00:00\" \/>\n\t\t<meta name=\"twitter:card\" content=\"summary_large_image\" \/>\n\t\t<meta name=\"twitter:title\" content=\"Razer Basilisk V3 Mice - Rucas - Wholesale and Distribution\" \/>\n\t\t<meta name=\"twitter:description\" content=\"Sizes: Length: 130 Mm \/ 5.11 In Width: 60 Mm \/ 2.36 In Height: 42.5 Mm \/ 1.67 In Weight: 101 g \/ 3.56 Oz (Excluding Cable) Dock Compatibility: None Package Includes: 1 * Basilisk V3 Gaming Mouse 1 * User Manual\" \/>\n\t\t<meta name=\"twitter:image\" content=\"https:\/\/www.rucashk.com\/wp-content\/uploads\/replace\/503b8e645f128a97ccde2b6290747646.jpeg\" \/>\n\t\t<script type=\"application\/ld+json\" class=\"aioseo-schema\">\n\t\t\t{\"@context\":\"https:\\\/\\\/schema.org\",\"@graph\":[{\"@type\":\"BreadcrumbList\",\"@id\":\"https:\\\/\\\/www.rucashk.com\\\/es\\\/producto\\\/razer-basilisk-v3-mice\\\/#breadcrumblist\",\"itemListElement\":[{\"@type\":\"ListItem\",\"@id\":\"https:\\\/\\\/www.rucashk.com\\\/es\\\/#listItem\",\"position\":1,\"name\":\"Home\",\"item\":\"https:\\\/\\\/www.rucashk.com\\\/es\\\/\",\"nextItem\":\"https:\\\/\\\/www.rucashk.com\\\/es\\\/producto\\\/razer-basilisk-v3-mice\\\/#listItem\"},{\"@type\":\"ListItem\",\"@id\":\"https:\\\/\\\/www.rucashk.com\\\/es\\\/producto\\\/razer-basilisk-v3-mice\\\/#listItem\",\"position\":2,\"name\":\"Razer Basilisk V3 Mice\",\"previousItem\":\"https:\\\/\\\/www.rucashk.com\\\/es\\\/#listItem\"}]},{\"@type\":\"Organization\",\"@id\":\"https:\\\/\\\/www.rucashk.com\\\/es\\\/#organization\",\"name\":\"Rucas\",\"url\":\"https:\\\/\\\/www.rucashk.com\\\/es\\\/\",\"logo\":{\"@type\":\"ImageObject\",\"url\":\"https:\\\/\\\/www.rucashk.com\\\/wp-content\\\/uploads\\\/2023\\\/12\\\/Rucas_campany_logo.png\",\"@id\":\"https:\\\/\\\/www.rucashk.com\\\/es\\\/producto\\\/razer-basilisk-v3-mice\\\/#organizationLogo\",\"width\":221,\"height\":65},\"image\":{\"@id\":\"https:\\\/\\\/www.rucashk.com\\\/es\\\/#organizationLogo\"}},{\"@type\":\"Person\",\"@id\":\"https:\\\/\\\/www.rucashk.com\\\/es\\\/author\\\/admin\\\/#author\",\"url\":\"https:\\\/\\\/www.rucashk.com\\\/es\\\/author\\\/admin\\\/\",\"name\":\"admin\",\"image\":{\"@type\":\"ImageObject\",\"@id\":\"https:\\\/\\\/www.rucashk.com\\\/es\\\/producto\\\/razer-basilisk-v3-mice\\\/#authorImage\",\"url\":\"https:\\\/\\\/secure.gravatar.com\\\/avatar\\\/b7c8925b09a27e72b30232f8ecaadbd5af0f70a38c78096863fe51b64f031c24?s=96&d=mm&r=g\",\"width\":96,\"height\":96,\"caption\":\"admin\"}},{\"@type\":\"WebPage\",\"@id\":\"https:\\\/\\\/www.rucashk.com\\\/es\\\/producto\\\/razer-basilisk-v3-mice\\\/#webpage\",\"url\":\"https:\\\/\\\/www.rucashk.com\\\/es\\\/producto\\\/razer-basilisk-v3-mice\\\/\",\"name\":\"Razer Basilisk V3 Mice - Rucas - Wholesale and Distribution\",\"description\":\"Sizes: Length: 130 Mm \\\/ 5.11 In Width: 60 Mm \\\/ 2.36 In Height: 42.5 Mm \\\/ 1.67 In Weight: 101 g \\\/ 3.56 Oz (Excluding Cable) Dock Compatibility: None Package Includes: 1 * Basilisk V3 Gaming Mouse 1 * User Manual\",\"inLanguage\":\"es-ES\",\"isPartOf\":{\"@id\":\"https:\\\/\\\/www.rucashk.com\\\/es\\\/#website\"},\"breadcrumb\":{\"@id\":\"https:\\\/\\\/www.rucashk.com\\\/es\\\/producto\\\/razer-basilisk-v3-mice\\\/#breadcrumblist\"},\"author\":{\"@id\":\"https:\\\/\\\/www.rucashk.com\\\/es\\\/author\\\/admin\\\/#author\"},\"creator\":{\"@id\":\"https:\\\/\\\/www.rucashk.com\\\/es\\\/author\\\/admin\\\/#author\"},\"image\":{\"@type\":\"ImageObject\",\"url\":\"https:\\\/\\\/www.rucashk.com\\\/wp-content\\\/uploads\\\/2024\\\/01\\\/10001-30-2.jpg\",\"@id\":\"https:\\\/\\\/www.rucashk.com\\\/es\\\/producto\\\/razer-basilisk-v3-mice\\\/#mainImage\",\"width\":800,\"height\":800},\"primaryImageOfPage\":{\"@id\":\"https:\\\/\\\/www.rucashk.com\\\/es\\\/producto\\\/razer-basilisk-v3-mice\\\/#mainImage\"},\"datePublished\":\"2024-01-09T16:41:18+00:00\",\"dateModified\":\"2025-06-21T07:50:35+00:00\"},{\"@type\":\"WebSite\",\"@id\":\"https:\\\/\\\/www.rucashk.com\\\/es\\\/#website\",\"url\":\"https:\\\/\\\/www.rucashk.com\\\/es\\\/\",\"name\":\"Rucas - Wholesale and distribution worldwide\",\"alternateName\":\"Rucas - One-stop AIoT Distribution Worldwide\",\"description\":\"One-stop AIoT Distribution Worldwide\",\"inLanguage\":\"es-ES\",\"publisher\":{\"@id\":\"https:\\\/\\\/www.rucashk.com\\\/es\\\/#organization\"}}]}\n\t\t<\/script>\n\t\t<!-- All in One SEO Pro -->\r\n\t\t<title>Razer Basilisk V3 Mice - Rucas - Wholesale and Distribution<\/title>\n\n","aioseo_head_json":{"title":"Razer Basilisk V3 Mice - Rucas - Wholesale and Distribution","description":"Sizes: Length: 130 Mm \/ 5.11 In Width: 60 Mm \/ 2.36 In Height: 42.5 Mm \/ 1.67 In Weight: 101 g \/ 3.56 Oz (Excluding Cable) Dock Compatibility: None Package Includes: 1 * Basilisk V3 Gaming Mouse 1 * User Manual","canonical_url":"https:\/\/www.rucashk.com\/es\/producto\/razer-basilisk-v3-mice\/","robots":"max-image-preview:large","keywords":"","webmasterTools":{"miscellaneous":""},"og:locale":"es_ES","og:site_name":"Rucas - One-stop AIoT Distribution Worldwide","og:type":"article","og:title":"Razer Basilisk V3 Mice - Rucas - Wholesale and Distribution","og:description":"Sizes: Length: 130 Mm \/ 5.11 In Width: 60 Mm \/ 2.36 In Height: 42.5 Mm \/ 1.67 In Weight: 101 g \/ 3.56 Oz (Excluding Cable) Dock Compatibility: None Package Includes: 1 * Basilisk V3 Gaming Mouse 1 * User Manual","og:url":"https:\/\/www.rucashk.com\/es\/producto\/razer-basilisk-v3-mice\/","og:image":"https:\/\/www.rucashk.com\/wp-content\/uploads\/replace\/503b8e645f128a97ccde2b6290747646.jpeg","og:image:secure_url":"https:\/\/www.rucashk.com\/wp-content\/uploads\/replace\/503b8e645f128a97ccde2b6290747646.jpeg","og:image:width":1456,"og:image:height":816,"article:published_time":"2024-01-09T16:41:18+00:00","article:modified_time":"2025-06-21T07:50:35+00:00","twitter:card":"summary_large_image","twitter:title":"Razer Basilisk V3 Mice - Rucas - Wholesale and Distribution","twitter:description":"Sizes: Length: 130 Mm \/ 5.11 In Width: 60 Mm \/ 2.36 In Height: 42.5 Mm \/ 1.67 In Weight: 101 g \/ 3.56 Oz (Excluding Cable) Dock Compatibility: None Package Includes: 1 * Basilisk V3 Gaming Mouse 1 * User Manual","twitter:image":"https:\/\/www.rucashk.com\/wp-content\/uploads\/replace\/503b8e645f128a97ccde2b6290747646.jpeg","schema":{"@context":"https:\/\/schema.org","@graph":[{"@type":"BreadcrumbList","@id":"https:\/\/www.rucashk.com\/es\/producto\/razer-basilisk-v3-mice\/#breadcrumblist","itemListElement":[{"@type":"ListItem","@id":"https:\/\/www.rucashk.com\/es\/#listItem","position":1,"name":"Home","item":"https:\/\/www.rucashk.com\/es\/","nextItem":"https:\/\/www.rucashk.com\/es\/producto\/razer-basilisk-v3-mice\/#listItem"},{"@type":"ListItem","@id":"https:\/\/www.rucashk.com\/es\/producto\/razer-basilisk-v3-mice\/#listItem","position":2,"name":"Razer Basilisk V3 Mice","previousItem":"https:\/\/www.rucashk.com\/es\/#listItem"}]},{"@type":"Organization","@id":"https:\/\/www.rucashk.com\/es\/#organization","name":"Rucas","url":"https:\/\/www.rucashk.com\/es\/","logo":{"@type":"ImageObject","url":"https:\/\/www.rucashk.com\/wp-content\/uploads\/2023\/12\/Rucas_campany_logo.png","@id":"https:\/\/www.rucashk.com\/es\/producto\/razer-basilisk-v3-mice\/#organizationLogo","width":221,"height":65},"image":{"@id":"https:\/\/www.rucashk.com\/es\/#organizationLogo"}},{"@type":"Person","@id":"https:\/\/www.rucashk.com\/es\/author\/admin\/#author","url":"https:\/\/www.rucashk.com\/es\/author\/admin\/","name":"admin","image":{"@type":"ImageObject","@id":"https:\/\/www.rucashk.com\/es\/producto\/razer-basilisk-v3-mice\/#authorImage","url":"https:\/\/secure.gravatar.com\/avatar\/b7c8925b09a27e72b30232f8ecaadbd5af0f70a38c78096863fe51b64f031c24?s=96&d=mm&r=g","width":96,"height":96,"caption":"admin"}},{"@type":"WebPage","@id":"https:\/\/www.rucashk.com\/es\/producto\/razer-basilisk-v3-mice\/#webpage","url":"https:\/\/www.rucashk.com\/es\/producto\/razer-basilisk-v3-mice\/","name":"Razer Basilisk V3 Mice - Rucas - Wholesale and Distribution","description":"Sizes: Length: 130 Mm \/ 5.11 In Width: 60 Mm \/ 2.36 In Height: 42.5 Mm \/ 1.67 In Weight: 101 g \/ 3.56 Oz (Excluding Cable) Dock Compatibility: None Package Includes: 1 * Basilisk V3 Gaming Mouse 1 * User Manual","inLanguage":"es-ES","isPartOf":{"@id":"https:\/\/www.rucashk.com\/es\/#website"},"breadcrumb":{"@id":"https:\/\/www.rucashk.com\/es\/producto\/razer-basilisk-v3-mice\/#breadcrumblist"},"author":{"@id":"https:\/\/www.rucashk.com\/es\/author\/admin\/#author"},"creator":{"@id":"https:\/\/www.rucashk.com\/es\/author\/admin\/#author"},"image":{"@type":"ImageObject","url":"https:\/\/www.rucashk.com\/wp-content\/uploads\/2024\/01\/10001-30-2.jpg","@id":"https:\/\/www.rucashk.com\/es\/producto\/razer-basilisk-v3-mice\/#mainImage","width":800,"height":800},"primaryImageOfPage":{"@id":"https:\/\/www.rucashk.com\/es\/producto\/razer-basilisk-v3-mice\/#mainImage"},"datePublished":"2024-01-09T16:41:18+00:00","dateModified":"2025-06-21T07:50:35+00:00"},{"@type":"WebSite","@id":"https:\/\/www.rucashk.com\/es\/#website","url":"https:\/\/www.rucashk.com\/es\/","name":"Rucas - Wholesale and distribution worldwide","alternateName":"Rucas - One-stop AIoT Distribution Worldwide","description":"One-stop AIoT Distribution Worldwide","inLanguage":"es-ES","publisher":{"@id":"https:\/\/www.rucashk.com\/es\/#organization"}}]}},"aioseo_meta_data":{"post_id":"27492","title":null,"description":null,"keywords":null,"keyphrases":null,"primary_term":null,"canonical_url":null,"og_title":null,"og_description":null,"og_object_type":"default","og_image_type":"default","og_image_url":null,"og_image_width":null,"og_image_height":null,"og_image_custom_url":null,"og_image_custom_fields":null,"og_video":"","og_custom_url":null,"og_article_section":null,"og_article_tags":null,"twitter_use_og":false,"twitter_card":"default","twitter_image_type":"default","twitter_image_url":null,"twitter_image_custom_url":null,"twitter_image_custom_fields":null,"twitter_title":null,"twitter_description":null,"schema":{"blockGraphs":[],"customGraphs":[],"default":{"data":{"Article":[],"Course":[],"Dataset":[],"FAQPage":[],"Movie":[],"Person":[],"Product":[],"Recipe":[],"Service":[],"SoftwareApplication":[],"WebPage":[]},"graphName":"","isEnabled":true},"graphs":[]},"schema_type":"default","schema_type_options":null,"pillar_content":false,"robots_default":true,"robots_noindex":false,"robots_noarchive":false,"robots_nosnippet":false,"robots_nofollow":false,"robots_noimageindex":false,"robots_noodp":false,"robots_notranslate":false,"robots_max_snippet":"-1","robots_max_videopreview":"-1","robots_max_imagepreview":"large","priority":null,"frequency":"default","local_seo":null,"breadcrumb_settings":null,"limit_modified_date":false,"created":"2024-04-11 01:57:22","updated":"2025-06-22 18:37:56"},"aioseo_breadcrumb":"<div class=\"aioseo-breadcrumbs\"><span class=\"aioseo-breadcrumb\">\n\t<a href=\"https:\/\/www.rucashk.com\/es\" title=\"Home\">Home<\/a>\n<\/span><span class=\"aioseo-breadcrumb-separator\">&raquo;<\/span><span class=\"aioseo-breadcrumb\">\n\t<a href=\"https:\/\/www.rucashk.com\/es\/products\/\" title=\"Productos\">Productos<\/a>\n<\/span><span class=\"aioseo-breadcrumb-separator\">&raquo;<\/span><span class=\"aioseo-breadcrumb\">\n\t<a href=\"https:\/\/www.rucashk.com\/es\/marca\/razer\/\" title=\"Razer\">Razer<\/a>\n<\/span><span class=\"aioseo-breadcrumb-separator\">&raquo;<\/span><span class=\"aioseo-breadcrumb\">\n\tRazer Basilisk V3 Mice\n<\/span><\/div>","aioseo_breadcrumb_json":[{"label":"Home","link":"https:\/\/www.rucashk.com\/es"},{"label":"Productos","link":"https:\/\/www.rucashk.com\/es\/products\/"},{"label":"Razer","link":"https:\/\/www.rucashk.com\/es\/marca\/razer\/"},{"label":"Razer Basilisk V3 Mice","link":"https:\/\/www.rucashk.com\/es\/producto\/razer-basilisk-v3-mice\/"}],"_links":{"self":[{"href":"https:\/\/www.rucashk.com\/es\/wp-json\/wp\/v2\/product\/27492","targetHints":{"allow":["GET"]}}],"collection":[{"href":"https:\/\/www.rucashk.com\/es\/wp-json\/wp\/v2\/product"}],"about":[{"href":"https:\/\/www.rucashk.com\/es\/wp-json\/wp\/v2\/types\/product"}],"wp:featuredmedia":[{"embeddable":true,"href":"https:\/\/www.rucashk.com\/es\/wp-json\/wp\/v2\/media\/27658"}],"wp:attachment":[{"href":"https:\/\/www.rucashk.com\/es\/wp-json\/wp\/v2\/media?parent=27492"}],"wp:term":[{"taxonomy":"product_brand","embeddable":true,"href":"https:\/\/www.rucashk.com\/es\/wp-json\/wp\/v2\/product_brand?post=27492"},{"taxonomy":"product_cat","embeddable":true,"href":"https:\/\/www.rucashk.com\/es\/wp-json\/wp\/v2\/product_cat?post=27492"},{"taxonomy":"product_tag","embeddable":true,"href":"https:\/\/www.rucashk.com\/es\/wp-json\/wp\/v2\/product_tag?post=27492"}],"curies":[{"name":"wp","href":"https:\/\/api.w.org\/{rel}","templated":true}]}}