{"id":27491,"date":"2024-01-09T16:41:17","date_gmt":"2024-01-09T16:41:17","guid":{"rendered":"http:\/\/rucashk.com\/?post_type=product&#038;p=27491"},"modified":"2025-06-21T07:52:57","modified_gmt":"2025-06-21T07:52:57","slug":"razer-basilisk-v3-pro-mice","status":"publish","type":"product","link":"https:\/\/www.rucashk.com\/es\/producto\/razer-basilisk-v3-pro-mice\/","title":{"rendered":"Ratones Razer Basilisk V3 Pro"},"content":{"rendered":"<h1 style=\"text-align: center\" align=\"center\">RAZER BASILISCO V3 PRO<\/h1>\n<p style=\"text-align: center\" align=\"center\">NUESTRO RAT\u00d3N PARA JUEGOS M\u00c1S AVANZADO HASTA A\u00daN<br \/>\nEl rey vuelve a subir el juego. Ingrese el Razer Basilisk V3 Pro, nuestro mouse para juegos m\u00e1s avanzado hasta el momento. Armado hasta los dientes con tecnolog\u00eda l\u00edder en la industria, libera tu m\u00e1ximo potencial con un arma que supera los l\u00edmites conocidos de rendimiento, personalizaci\u00f3n, conectividad y control.<\/p>\n<p style=\"text-align: center\"><img decoding=\"async\" class=\"aligncenter\" src=\"\/wp-content\/uploads\/replace\/bb43e724067c4e3e63741385534dbc45.jpeg\" alt=\"Razer Basilisk V3 Pro Mice\" \/><\/p>\n<p style=\"text-align: center\" align=\"center\">HIPERSCROLL RAZER<br \/>\nRodillo vertical y horizontal.<br \/>\nHabilite el modo de rueda inteligente a trav\u00e9s de Leiyun 3. Cuando navega por p\u00e1ginas web o contenidos de tablas y desliza r\u00e1pidamente la rueda de desplazamiento, cambiar\u00e1 autom\u00e1ticamente al modo de desplazamiento libre. Cuando necesites cambiar de arma o de habilidad con precisi\u00f3n, el rodillo se ajustar\u00e1 autom\u00e1ticamente a un patr\u00f3n t\u00e1ctil con un claro sentido del p\u00e1rrafo.<\/p>\n<p style=\"text-align: center\"><img decoding=\"async\" class=\"aligncenter\" src=\"\/wp-content\/uploads\/replace\/708e2f522de91168935bdb3328857c2e.png\" alt=\"Razer Basilisk V3 Pro Mice\" \/><\/p>\n<p style=\"text-align: center\" align=\"center\">MODO DE CICLISMO T\u00c1CTIL<br \/>\nPara un desplazamiento con muescas distinto y de alta precisi\u00f3n, ideal para recorrer armas o habilidades.<br \/>\nMODO DE CARRETE INTELIGENTE<br \/>\nHabilitada a trav\u00e9s de Razer Synapse, la rueda de desplazamiento cambia autom\u00e1ticamente del modo t\u00e1ctil al modo de giro libre cuando te desplazas m\u00e1s r\u00e1pido.<\/p>\n<p style=\"text-align: center\" align=\"center\"><img decoding=\"async\" class=\"aligncenter\" src=\"\/wp-content\/uploads\/replace\/2057015fd1e0a01776cb68fdeddf3ce2.png\" alt=\"Razer Basilisk V3 Pro Mice\" \/><\/p>\n<p style=\"text-align: center\">MODO DE DESPLAZAMIENTO DE GIRO GRATIS<br \/>\nPara un desplazamiento fluido y de alta velocidad, perfecto para cubrir contenido r\u00e1pidamente o emular comandos repetidos del juego.<br \/>\nACELERACI\u00d3N VIRTUAL<br \/>\nAl activar esta funci\u00f3n Razer Synapse, podr\u00e1 aumentar la velocidad de desplazamiento del mouse cuanto m\u00e1s r\u00e1pido se desplace, lo que le permitir\u00e1 navegar a trav\u00e9s de documentos y art\u00edculos extensos a un ritmo a\u00fan m\u00e1s r\u00e1pido.<\/p>\n<p style=\"text-align: center\"><img decoding=\"async\" class=\"aligncenter\" src=\"\/wp-content\/uploads\/replace\/036e1113529aa99dbbb706b5b834af9c.jpeg\" alt=\"Razer Basilisk V3 Pro Mice\" \/><\/p>\n<p style=\"text-align: center\">ILUMINACI\u00d3N CROMA DE 13 ZONAS CON BRILLO COMPLETO<br \/>\nDesarrollado por Razer Chroma\u2122 RGB<br \/>\nPersonaliza cada zona con m\u00e1s de 16,8 millones de colores e innumerables efectos de iluminaci\u00f3n, y experimenta una mayor inmersi\u00f3n mientras reaccionan din\u00e1micamente con cientos de juegos integrados en Chroma.<\/p>\n<p style=\"text-align: center\"><img decoding=\"async\" class=\"aligncenter\" src=\"\/wp-content\/uploads\/replace\/ce8145248b71b657a5d5e4eb57c50325.png\" alt=\"Razer Basilisk V3 Pro Mice\" \/><\/p>\n<p style=\"text-align: center\">RAZER\u2122 HYPERSPEED INAL\u00c1MBRICO CON SOPORTE MULTIDISPOSITIVO<br \/>\nJuegos de alto rendimiento y baja latencia<br \/>\nDisfrute de juegos ultrarr\u00e1pidos con velocidades 25% m\u00e1s r\u00e1pidas que otras tecnolog\u00edas inal\u00e1mbricas. Optimice su configuraci\u00f3n y libere un puerto USB conectando su mouse y teclado inal\u00e1mbricos a un \u00fanico dongle, una funci\u00f3n que se puede activar en nuestros \u00faltimos perif\u00e9ricos Razer HyperSpeed.<\/p>\n<p style=\"text-align: center\"><img decoding=\"async\" class=\"aligncenter\" src=\"\/wp-content\/uploads\/replace\/997fd6cbb5770357c364d47598d9aab0.png\" alt=\"Razer Basilisk V3 Pro Mice\" \/><\/p>\n<p style=\"text-align: center\">FORMA ERGON\u00d3MICA IC\u00d3NICA CON 10+1 BOTONES PROGRAMABLES<br \/>\nErgonom\u00eda y control de vanguardia<br \/>\nAsigne controles y realice acciones esenciales como pulsar para hablar, hacer ping y m\u00e1s<\/p>\n<p style=\"text-align: center\"><img decoding=\"async\" class=\"aligncenter\" src=\"\/wp-content\/uploads\/replace\/3f25c05020708150f16af4d2e4a19b43.jpeg\" alt=\"Razer Basilisk V3 Pro Mice\" \/><\/p>\n<p style=\"text-align: center\">SENSOR \u00d3PTICO RAZER\u2122 FOCUS PRO 30K<br \/>\nLa mejor precisi\u00f3n de su clase<br \/>\nEl sensor l\u00edder en la industria de Razer proporciona un rendimiento de seguimiento impecable en una variedad m\u00e1s amplia de superficies, incluido el vidrio, con el respaldo de funciones inteligentes para mejorar la punter\u00eda y el control.<\/p>\n<p style=\"text-align: center\" align=\"center\"><img decoding=\"async\" class=\"aligncenter\" src=\"\/wp-content\/uploads\/replace\/c45dfb5947b05e984adc6f9e44666f1d.png\" alt=\"Razer Basilisk V3 Pro Mice\" \/><\/p>\n<p style=\"text-align: center\">INTERRUPTORES DE RAT\u00d3N \u00d3PTICO RAZER\u2122 GEN-3<br \/>\nLa mejor precisi\u00f3n de su clase<br \/>\nDesde un ciclo de vida mejorado de 90 millones de clics sin problemas de doble clic, hasta una actuaci\u00f3n vertiginosa de 0,2 ms sin retraso de rebote, disfrute de una confiabilidad y velocidad que eclipsa a todas las dem\u00e1s.<\/p>\n<p style=\"text-align: center\" align=\"center\"><img decoding=\"async\" class=\"aligncenter\" src=\"\/wp-content\/uploads\/replace\/4233c4b3b243bc22fe4d8d6f71e8feb7.png\" alt=\"Razer Basilisk V3 Pro Mice\" \/><\/p>\n<p style=\"text-align: center\">ACTUALIZAR A LA CARGA INAL\u00c1MBRICA DE PR\u00d3XIMA GENERACI\u00d3N<br \/>\nCompatible con cargadores inal\u00e1mbricos Razer y otros cargadores Qi<br \/>\nDesbloquee la verdadera capacidad del Razer Basilisk V3 Pro para una carga c\u00f3moda y sin problemas emparej\u00e1ndolo con lo siguiente (ambos se venden por separado)<\/p>\n<p style=\"text-align: center\"><img decoding=\"async\" class=\"aligncenter\" src=\"\/wp-content\/uploads\/replace\/555d2e32a7eb8494543b321cc9fbc41c.png\" alt=\"Razer Basilisk V3 Pro Mice\" \/><\/p>\n<p align=\"center\">\n<h4 style=\"text-align: left\" align=\"center\">Especificaciones<\/h4>\n<p style=\"text-align: left\" align=\"center\">FACTOR DE FORMA: Diestro<br \/>\nCONECTIVIDAD: Razer\u2122 HyperSpeed Wireless Bluetooth con cable - Cable Speedflex USB tipo C<br \/>\nDURACI\u00d3N DE LA BATER\u00cdA: Hasta 90 horas (HyperSpeed)<br \/>\nILUMINACI\u00d3N RGB: Razer Chroma\u2122 RGB<br \/>\nSENSOR: Sensor \u00f3ptico Focus Pro 30K<br \/>\nSENSIBILIDAD M\u00c1XIMA (DPI): 30000<br \/>\nVELOCIDAD M\u00c1XIMA (IPS): 750<br \/>\nACELERACI\u00d3N M\u00c1XIMA (G): 70<br \/>\nBOTONES PROGRAMABLES: 11<br \/>\nTIPO DE INTERRUPTOR: Interruptores de rat\u00f3n \u00f3ptico Gen-3<br \/>\nCICLO DE VIDA DEL CAMBIO: 90 millones de clics<br \/>\nPERFILES DE MEMORIA A BORDO: 5<br \/>\nPIES DEL RAT\u00d3N: 100% PTFE<br \/>\nCABLE: Cable USB tipo C Razer\u2122 Speedflex<\/p>","protected":false},"excerpt":{"rendered":"<h4>TAMA\u00d1O APROXIMADO<\/h4>\n<p>Length: 130 mm \/ 5.11 in<br \/>\nWidth: 75.4 mm \/ 2.96 in<br \/>\nHeight: 42.5 mm \/ 1.67 in<\/p>\n<h4>PESO APROXIMADO<\/h4>\n<p>112 g \/ 3,95 oz (sin cable)<\/p>","protected":false},"featured_media":27653,"template":"","meta":[],"product_brand":[1379],"product_cat":[1322,1331],"product_tag":[],"class_list":{"0":"post-27491","1":"product","2":"type-product","3":"status-publish","4":"has-post-thumbnail","6":"product_brand-razer","7":"product_cat-other-a-brands","8":"product_cat-razer-other-a-brands","10":"first","11":"instock","12":"shipping-taxable","13":"product-type-simple"},"aioseo_notices":[],"aioseo_head":"\n\t\t<!-- All in One SEO Pro 4.5.9.2 - aioseo.com -->\n\t\t<meta name=\"description\" content=\"APPROXIMATE SIZE Length: 130 mm \/ 5.11 in Width: 75.4 mm \/ 2.96 in Height: 42.5 mm \/ 1.67 in APPROXIMATE WEIGHT 112 g \/ 3.95 oz (Excluding cable)\" \/>\n\t\t<meta name=\"robots\" content=\"max-image-preview:large\" \/>\n\t\t<link rel=\"canonical\" href=\"https:\/\/www.rucashk.com\/es\/producto\/razer-basilisk-v3-pro-mice\/\" \/>\n\t\t<meta name=\"generator\" content=\"All in One SEO Pro (AIOSEO) 4.5.9.2\" \/>\n\t\t<meta property=\"og:locale\" content=\"es_ES\" \/>\n\t\t<meta property=\"og:site_name\" content=\"Rucas - One-stop AIoT Distribution Worldwide\" \/>\n\t\t<meta property=\"og:type\" content=\"article\" \/>\n\t\t<meta property=\"og:title\" content=\"Razer Basilisk V3 Pro Mice - Rucas - Wholesale and Distribution\" \/>\n\t\t<meta property=\"og:description\" content=\"APPROXIMATE SIZE Length: 130 mm \/ 5.11 in Width: 75.4 mm \/ 2.96 in Height: 42.5 mm \/ 1.67 in APPROXIMATE WEIGHT 112 g \/ 3.95 oz (Excluding cable)\" \/>\n\t\t<meta property=\"og:url\" content=\"https:\/\/www.rucashk.com\/es\/producto\/razer-basilisk-v3-pro-mice\/\" \/>\n\t\t<meta property=\"og:image\" content=\"https:\/\/www.rucashk.com\/wp-content\/uploads\/replace\/503b8e645f128a97ccde2b6290747646.jpeg\" \/>\n\t\t<meta property=\"og:image:secure_url\" content=\"https:\/\/www.rucashk.com\/wp-content\/uploads\/replace\/503b8e645f128a97ccde2b6290747646.jpeg\" \/>\n\t\t<meta property=\"og:image:width\" content=\"1456\" \/>\n\t\t<meta property=\"og:image:height\" content=\"816\" \/>\n\t\t<meta property=\"article:published_time\" content=\"2024-01-09T16:41:17+00:00\" \/>\n\t\t<meta property=\"article:modified_time\" content=\"2025-06-21T07:52:57+00:00\" \/>\n\t\t<meta name=\"twitter:card\" content=\"summary_large_image\" \/>\n\t\t<meta name=\"twitter:title\" content=\"Razer Basilisk V3 Pro Mice - Rucas - Wholesale and Distribution\" \/>\n\t\t<meta name=\"twitter:description\" content=\"APPROXIMATE SIZE Length: 130 mm \/ 5.11 in Width: 75.4 mm \/ 2.96 in Height: 42.5 mm \/ 1.67 in APPROXIMATE WEIGHT 112 g \/ 3.95 oz (Excluding cable)\" \/>\n\t\t<meta name=\"twitter:image\" content=\"https:\/\/www.rucashk.com\/wp-content\/uploads\/replace\/503b8e645f128a97ccde2b6290747646.jpeg\" \/>\n\t\t<script type=\"application\/ld+json\" class=\"aioseo-schema\">\n\t\t\t{\"@context\":\"https:\\\/\\\/schema.org\",\"@graph\":[{\"@type\":\"BreadcrumbList\",\"@id\":\"https:\\\/\\\/www.rucashk.com\\\/es\\\/producto\\\/razer-basilisk-v3-pro-mice\\\/#breadcrumblist\",\"itemListElement\":[{\"@type\":\"ListItem\",\"@id\":\"https:\\\/\\\/www.rucashk.com\\\/es\\\/#listItem\",\"position\":1,\"name\":\"Home\",\"item\":\"https:\\\/\\\/www.rucashk.com\\\/es\\\/\",\"nextItem\":\"https:\\\/\\\/www.rucashk.com\\\/es\\\/producto\\\/razer-basilisk-v3-pro-mice\\\/#listItem\"},{\"@type\":\"ListItem\",\"@id\":\"https:\\\/\\\/www.rucashk.com\\\/es\\\/producto\\\/razer-basilisk-v3-pro-mice\\\/#listItem\",\"position\":2,\"name\":\"Razer Basilisk V3 Pro Mice\",\"previousItem\":\"https:\\\/\\\/www.rucashk.com\\\/es\\\/#listItem\"}]},{\"@type\":\"Organization\",\"@id\":\"https:\\\/\\\/www.rucashk.com\\\/es\\\/#organization\",\"name\":\"Rucas\",\"url\":\"https:\\\/\\\/www.rucashk.com\\\/es\\\/\",\"logo\":{\"@type\":\"ImageObject\",\"url\":\"https:\\\/\\\/www.rucashk.com\\\/wp-content\\\/uploads\\\/2023\\\/12\\\/Rucas_campany_logo.png\",\"@id\":\"https:\\\/\\\/www.rucashk.com\\\/es\\\/producto\\\/razer-basilisk-v3-pro-mice\\\/#organizationLogo\",\"width\":221,\"height\":65},\"image\":{\"@id\":\"https:\\\/\\\/www.rucashk.com\\\/es\\\/#organizationLogo\"}},{\"@type\":\"Person\",\"@id\":\"https:\\\/\\\/www.rucashk.com\\\/es\\\/author\\\/admin\\\/#author\",\"url\":\"https:\\\/\\\/www.rucashk.com\\\/es\\\/author\\\/admin\\\/\",\"name\":\"admin\",\"image\":{\"@type\":\"ImageObject\",\"@id\":\"https:\\\/\\\/www.rucashk.com\\\/es\\\/producto\\\/razer-basilisk-v3-pro-mice\\\/#authorImage\",\"url\":\"https:\\\/\\\/secure.gravatar.com\\\/avatar\\\/b7c8925b09a27e72b30232f8ecaadbd5af0f70a38c78096863fe51b64f031c24?s=96&d=mm&r=g\",\"width\":96,\"height\":96,\"caption\":\"admin\"}},{\"@type\":\"WebPage\",\"@id\":\"https:\\\/\\\/www.rucashk.com\\\/es\\\/producto\\\/razer-basilisk-v3-pro-mice\\\/#webpage\",\"url\":\"https:\\\/\\\/www.rucashk.com\\\/es\\\/producto\\\/razer-basilisk-v3-pro-mice\\\/\",\"name\":\"Razer Basilisk V3 Pro Mice - Rucas - Wholesale and Distribution\",\"description\":\"APPROXIMATE SIZE Length: 130 mm \\\/ 5.11 in Width: 75.4 mm \\\/ 2.96 in Height: 42.5 mm \\\/ 1.67 in APPROXIMATE WEIGHT 112 g \\\/ 3.95 oz (Excluding cable)\",\"inLanguage\":\"es-ES\",\"isPartOf\":{\"@id\":\"https:\\\/\\\/www.rucashk.com\\\/es\\\/#website\"},\"breadcrumb\":{\"@id\":\"https:\\\/\\\/www.rucashk.com\\\/es\\\/producto\\\/razer-basilisk-v3-pro-mice\\\/#breadcrumblist\"},\"author\":{\"@id\":\"https:\\\/\\\/www.rucashk.com\\\/es\\\/author\\\/admin\\\/#author\"},\"creator\":{\"@id\":\"https:\\\/\\\/www.rucashk.com\\\/es\\\/author\\\/admin\\\/#author\"},\"image\":{\"@type\":\"ImageObject\",\"url\":\"https:\\\/\\\/www.rucashk.com\\\/wp-content\\\/uploads\\\/2024\\\/01\\\/10004-23.webp\",\"@id\":\"https:\\\/\\\/www.rucashk.com\\\/es\\\/producto\\\/razer-basilisk-v3-pro-mice\\\/#mainImage\",\"width\":800,\"height\":800},\"primaryImageOfPage\":{\"@id\":\"https:\\\/\\\/www.rucashk.com\\\/es\\\/producto\\\/razer-basilisk-v3-pro-mice\\\/#mainImage\"},\"datePublished\":\"2024-01-09T16:41:17+00:00\",\"dateModified\":\"2025-06-21T07:52:57+00:00\"},{\"@type\":\"WebSite\",\"@id\":\"https:\\\/\\\/www.rucashk.com\\\/es\\\/#website\",\"url\":\"https:\\\/\\\/www.rucashk.com\\\/es\\\/\",\"name\":\"Rucas - Wholesale and distribution worldwide\",\"alternateName\":\"Rucas - One-stop AIoT Distribution Worldwide\",\"description\":\"One-stop AIoT Distribution Worldwide\",\"inLanguage\":\"es-ES\",\"publisher\":{\"@id\":\"https:\\\/\\\/www.rucashk.com\\\/es\\\/#organization\"}}]}\n\t\t<\/script>\n\t\t<!-- All in One SEO Pro -->\r\n\t\t<title>Razer Basilisk V3 Pro Mice - Rucas - Wholesale and Distribution<\/title>\n\n","aioseo_head_json":{"title":"Razer Basilisk V3 Pro Mice - Rucas - Wholesale and Distribution","description":"APPROXIMATE SIZE Length: 130 mm \/ 5.11 in Width: 75.4 mm \/ 2.96 in Height: 42.5 mm \/ 1.67 in APPROXIMATE WEIGHT 112 g \/ 3.95 oz (Excluding cable)","canonical_url":"https:\/\/www.rucashk.com\/es\/producto\/razer-basilisk-v3-pro-mice\/","robots":"max-image-preview:large","keywords":"","webmasterTools":{"miscellaneous":""},"og:locale":"es_ES","og:site_name":"Rucas - One-stop AIoT Distribution Worldwide","og:type":"article","og:title":"Razer Basilisk V3 Pro Mice - Rucas - Wholesale and Distribution","og:description":"APPROXIMATE SIZE Length: 130 mm \/ 5.11 in Width: 75.4 mm \/ 2.96 in Height: 42.5 mm \/ 1.67 in APPROXIMATE WEIGHT 112 g \/ 3.95 oz (Excluding cable)","og:url":"https:\/\/www.rucashk.com\/es\/producto\/razer-basilisk-v3-pro-mice\/","og:image":"https:\/\/www.rucashk.com\/wp-content\/uploads\/replace\/503b8e645f128a97ccde2b6290747646.jpeg","og:image:secure_url":"https:\/\/www.rucashk.com\/wp-content\/uploads\/replace\/503b8e645f128a97ccde2b6290747646.jpeg","og:image:width":1456,"og:image:height":816,"article:published_time":"2024-01-09T16:41:17+00:00","article:modified_time":"2025-06-21T07:52:57+00:00","twitter:card":"summary_large_image","twitter:title":"Razer Basilisk V3 Pro Mice - Rucas - Wholesale and Distribution","twitter:description":"APPROXIMATE SIZE Length: 130 mm \/ 5.11 in Width: 75.4 mm \/ 2.96 in Height: 42.5 mm \/ 1.67 in APPROXIMATE WEIGHT 112 g \/ 3.95 oz (Excluding cable)","twitter:image":"https:\/\/www.rucashk.com\/wp-content\/uploads\/replace\/503b8e645f128a97ccde2b6290747646.jpeg","schema":{"@context":"https:\/\/schema.org","@graph":[{"@type":"BreadcrumbList","@id":"https:\/\/www.rucashk.com\/es\/producto\/razer-basilisk-v3-pro-mice\/#breadcrumblist","itemListElement":[{"@type":"ListItem","@id":"https:\/\/www.rucashk.com\/es\/#listItem","position":1,"name":"Home","item":"https:\/\/www.rucashk.com\/es\/","nextItem":"https:\/\/www.rucashk.com\/es\/producto\/razer-basilisk-v3-pro-mice\/#listItem"},{"@type":"ListItem","@id":"https:\/\/www.rucashk.com\/es\/producto\/razer-basilisk-v3-pro-mice\/#listItem","position":2,"name":"Razer Basilisk V3 Pro Mice","previousItem":"https:\/\/www.rucashk.com\/es\/#listItem"}]},{"@type":"Organization","@id":"https:\/\/www.rucashk.com\/es\/#organization","name":"Rucas","url":"https:\/\/www.rucashk.com\/es\/","logo":{"@type":"ImageObject","url":"https:\/\/www.rucashk.com\/wp-content\/uploads\/2023\/12\/Rucas_campany_logo.png","@id":"https:\/\/www.rucashk.com\/es\/producto\/razer-basilisk-v3-pro-mice\/#organizationLogo","width":221,"height":65},"image":{"@id":"https:\/\/www.rucashk.com\/es\/#organizationLogo"}},{"@type":"Person","@id":"https:\/\/www.rucashk.com\/es\/author\/admin\/#author","url":"https:\/\/www.rucashk.com\/es\/author\/admin\/","name":"admin","image":{"@type":"ImageObject","@id":"https:\/\/www.rucashk.com\/es\/producto\/razer-basilisk-v3-pro-mice\/#authorImage","url":"https:\/\/secure.gravatar.com\/avatar\/b7c8925b09a27e72b30232f8ecaadbd5af0f70a38c78096863fe51b64f031c24?s=96&d=mm&r=g","width":96,"height":96,"caption":"admin"}},{"@type":"WebPage","@id":"https:\/\/www.rucashk.com\/es\/producto\/razer-basilisk-v3-pro-mice\/#webpage","url":"https:\/\/www.rucashk.com\/es\/producto\/razer-basilisk-v3-pro-mice\/","name":"Razer Basilisk V3 Pro Mice - Rucas - Wholesale and Distribution","description":"APPROXIMATE SIZE Length: 130 mm \/ 5.11 in Width: 75.4 mm \/ 2.96 in Height: 42.5 mm \/ 1.67 in APPROXIMATE WEIGHT 112 g \/ 3.95 oz (Excluding cable)","inLanguage":"es-ES","isPartOf":{"@id":"https:\/\/www.rucashk.com\/es\/#website"},"breadcrumb":{"@id":"https:\/\/www.rucashk.com\/es\/producto\/razer-basilisk-v3-pro-mice\/#breadcrumblist"},"author":{"@id":"https:\/\/www.rucashk.com\/es\/author\/admin\/#author"},"creator":{"@id":"https:\/\/www.rucashk.com\/es\/author\/admin\/#author"},"image":{"@type":"ImageObject","url":"https:\/\/www.rucashk.com\/wp-content\/uploads\/2024\/01\/10004-23.webp","@id":"https:\/\/www.rucashk.com\/es\/producto\/razer-basilisk-v3-pro-mice\/#mainImage","width":800,"height":800},"primaryImageOfPage":{"@id":"https:\/\/www.rucashk.com\/es\/producto\/razer-basilisk-v3-pro-mice\/#mainImage"},"datePublished":"2024-01-09T16:41:17+00:00","dateModified":"2025-06-21T07:52:57+00:00"},{"@type":"WebSite","@id":"https:\/\/www.rucashk.com\/es\/#website","url":"https:\/\/www.rucashk.com\/es\/","name":"Rucas - Wholesale and distribution worldwide","alternateName":"Rucas - One-stop AIoT Distribution Worldwide","description":"One-stop AIoT Distribution Worldwide","inLanguage":"es-ES","publisher":{"@id":"https:\/\/www.rucashk.com\/es\/#organization"}}]}},"aioseo_meta_data":{"post_id":"27491","title":null,"description":null,"keywords":null,"keyphrases":null,"primary_term":null,"canonical_url":null,"og_title":null,"og_description":null,"og_object_type":"default","og_image_type":"default","og_image_url":null,"og_image_width":null,"og_image_height":null,"og_image_custom_url":null,"og_image_custom_fields":null,"og_video":"","og_custom_url":null,"og_article_section":null,"og_article_tags":null,"twitter_use_og":false,"twitter_card":"default","twitter_image_type":"default","twitter_image_url":null,"twitter_image_custom_url":null,"twitter_image_custom_fields":null,"twitter_title":null,"twitter_description":null,"schema":{"blockGraphs":[],"customGraphs":[],"default":{"data":{"Article":[],"Course":[],"Dataset":[],"FAQPage":[],"Movie":[],"Person":[],"Product":[],"Recipe":[],"Service":[],"SoftwareApplication":[],"WebPage":[]},"graphName":"","isEnabled":true},"graphs":[]},"schema_type":"default","schema_type_options":null,"pillar_content":false,"robots_default":true,"robots_noindex":false,"robots_noarchive":false,"robots_nosnippet":false,"robots_nofollow":false,"robots_noimageindex":false,"robots_noodp":false,"robots_notranslate":false,"robots_max_snippet":"-1","robots_max_videopreview":"-1","robots_max_imagepreview":"large","priority":null,"frequency":"default","local_seo":null,"breadcrumb_settings":null,"limit_modified_date":false,"created":"2024-04-11 01:57:22","updated":"2025-06-22 18:37:56"},"aioseo_breadcrumb":"<div class=\"aioseo-breadcrumbs\"><span class=\"aioseo-breadcrumb\">\n\t<a href=\"https:\/\/www.rucashk.com\/es\" title=\"Home\">Home<\/a>\n<\/span><span class=\"aioseo-breadcrumb-separator\">&raquo;<\/span><span class=\"aioseo-breadcrumb\">\n\t<a href=\"https:\/\/www.rucashk.com\/es\/products\/\" title=\"Productos\">Productos<\/a>\n<\/span><span class=\"aioseo-breadcrumb-separator\">&raquo;<\/span><span class=\"aioseo-breadcrumb\">\n\t<a href=\"https:\/\/www.rucashk.com\/es\/marca\/razer\/\" title=\"Razer\">Razer<\/a>\n<\/span><span class=\"aioseo-breadcrumb-separator\">&raquo;<\/span><span class=\"aioseo-breadcrumb\">\n\tRazer Basilisk V3 Pro Mice\n<\/span><\/div>","aioseo_breadcrumb_json":[{"label":"Home","link":"https:\/\/www.rucashk.com\/es"},{"label":"Productos","link":"https:\/\/www.rucashk.com\/es\/products\/"},{"label":"Razer","link":"https:\/\/www.rucashk.com\/es\/marca\/razer\/"},{"label":"Razer Basilisk V3 Pro Mice","link":"https:\/\/www.rucashk.com\/es\/producto\/razer-basilisk-v3-pro-mice\/"}],"_links":{"self":[{"href":"https:\/\/www.rucashk.com\/es\/wp-json\/wp\/v2\/product\/27491","targetHints":{"allow":["GET"]}}],"collection":[{"href":"https:\/\/www.rucashk.com\/es\/wp-json\/wp\/v2\/product"}],"about":[{"href":"https:\/\/www.rucashk.com\/es\/wp-json\/wp\/v2\/types\/product"}],"wp:featuredmedia":[{"embeddable":true,"href":"https:\/\/www.rucashk.com\/es\/wp-json\/wp\/v2\/media\/27653"}],"wp:attachment":[{"href":"https:\/\/www.rucashk.com\/es\/wp-json\/wp\/v2\/media?parent=27491"}],"wp:term":[{"taxonomy":"product_brand","embeddable":true,"href":"https:\/\/www.rucashk.com\/es\/wp-json\/wp\/v2\/product_brand?post=27491"},{"taxonomy":"product_cat","embeddable":true,"href":"https:\/\/www.rucashk.com\/es\/wp-json\/wp\/v2\/product_cat?post=27491"},{"taxonomy":"product_tag","embeddable":true,"href":"https:\/\/www.rucashk.com\/es\/wp-json\/wp\/v2\/product_tag?post=27491"}],"curies":[{"name":"wp","href":"https:\/\/api.w.org\/{rel}","templated":true}]}}