{"id":27489,"date":"2024-01-09T16:41:17","date_gmt":"2024-01-09T16:41:17","guid":{"rendered":"http:\/\/rucashk.com\/?post_type=product&#038;p=27489"},"modified":"2025-06-21T07:51:56","modified_gmt":"2025-06-21T07:51:56","slug":"razer-viper-mini-mice","status":"publish","type":"product","link":"https:\/\/www.rucashk.com\/es\/producto\/razer-viper-mini-mice\/","title":{"rendered":"Mini ratones Razer Viper"},"content":{"rendered":"<p align=\"center\" data-spm-anchor-id=\"a2g0o.detail.1000023.i2.609aVJ2VVJ2VVf\"><strong>ULTRALIGERO. ULTRAR\u00c1PIDO.<\/strong><\/p>\n<p align=\"center\">Nacido para superar los l\u00edmites de los juegos ultraligeros, el Razer Viper Mini adopta una forma m\u00e1s peque\u00f1a que sigue siendo igual de grande en rendimiento. Al acortar su longitud y ancho de agarre, hemos trabajado con entusiastas y atletas de deportes electr\u00f3nicos para perfeccionar a\u00fan m\u00e1s su dise\u00f1o, asegurando que el control absoluto ahora est\u00e9 en manos de m\u00e1s jugadores, as\u00ed que tome nuestro mouse para juegos m\u00e1s delgado y liviano hasta el momento.<\/p>\n<p align=\"center\">\n<p align=\"center\"><img decoding=\"async\" alt=\"Razer Viper Mini Mice\" class=\"aligncenter\" src=\"\/wp-content\/uploads\/replace\/7c9af571db854df190474e7e54a24b6e.png\" \/><\/p>\n<p>&nbsp;<\/p>\n<p align=\"center\"><strong>DISE\u00d1O ULTRA LIGERO 61G<\/strong><\/p>\n<p align=\"center\">El chasis ambidiestro ha reducido m\u00e1s peso, para que puedas disfrutar de golpes a\u00fan m\u00e1s r\u00e1pidos, pero sigue siendo tan duradero y s\u00f3lido como siempre. Recomendado para jugadores con manos de tama\u00f1o peque\u00f1o a mediano, este mouse para juegos ultraligero es m\u00e1s adecuado para aquellos que prefieren estilos de agarre con garra o con la punta de los dedos.<\/p>\n<p align=\"center\">\n<p class=\"p\" align=\"center\"><img decoding=\"async\" alt=\"Razer Viper Mini Mice\" class=\"aligncenter\" src=\"\/wp-content\/uploads\/replace\/05d7d4b94f2d4db527e0e8320a8d0ec1.png\" \/><\/p>\n<p>&nbsp;<\/p>\n<p class=\"p\" align=\"center\"><strong>INTERRUPTOR DEL RAT\u00d3N \u00d3PTICO RAZER\u2122<\/strong><\/p>\n<p class=\"p\" align=\"center\">Utilizando un haz de luz infrarroja para registrar cada clic, los interruptores de este ligero mouse para juegos se activan con un tiempo de respuesta l\u00edder en la industria de 0,2 milisegundos. Debido a que ya no requiere el contacto f\u00edsico tradicional, esta forma de actuaci\u00f3n elimina la necesidad de retrasar el rebote y nunca provoca clics no deseados, lo que le brinda un control m\u00e1s cercano y una ejecuci\u00f3n impecable.<\/p>\n<p align=\"center\">\n<p class=\"p\" align=\"center\"><img decoding=\"async\" alt=\"Razer Viper Mini Mice\" class=\"aligncenter\" src=\"\/wp-content\/uploads\/replace\/5578ae4082f77c7f397987908fae91f6.png\" \/><\/p>\n<p>&nbsp;<\/p>\n<p class=\"p\" align=\"center\"><strong>CABLE RAZER SPEEDFLEX<\/strong><\/p>\n<p class=\"p\" align=\"center\">El cable del Razer Viper Mini tiene mayor flexibilidad y est\u00e1 dise\u00f1ado para producir una resistencia m\u00ednima, de modo que puedas realizar deslizamientos m\u00e1s r\u00e1pidos y fluidos para un mayor grado de control.<\/p>\n<p class=\"p\" align=\"center\">\n<p align=\"center\"><img decoding=\"async\" alt=\"Razer Viper Mini Mice\" class=\"aligncenter\" src=\"\/wp-content\/uploads\/replace\/256336180ace99bcf276826f37124827.png\" \/><\/p>\n<p>&nbsp;<\/p>\n<p align=\"center\"><strong>SENSOR \u00d3PTICO DE 8500 DPI<\/strong><\/p>\n<p class=\"p\" align=\"center\">Con un sensor que rastrea perfectamente tu movimiento sin giros, no puedes esperar nada m\u00e1s que una precisi\u00f3n de p\u00edxeles, n\u00edtida y receptiva.<\/p>\n<p class=\"p\" align=\"center\">\n<p align=\"center\"><img decoding=\"async\" alt=\"Razer Viper Mini Mice\" class=\"aligncenter\" src=\"\/wp-content\/uploads\/replace\/0239bbca6ed7de8a8aaa9aac288ef648.png\" \/><\/p>\n<p>&nbsp;<\/p>\n<p class=\"p\" align=\"center\"><strong>100% PIES DE RAT\u00d3N PTFE<\/strong><\/p>\n<p class=\"p\" align=\"center\">Disfrute del suave movimiento del mouse sobre cualquier superficie con las patas del mouse hechas de PTFE de la m\u00e1s alta calidad y pureza, un material utilizado para recubrir sartenes antiadherentes.<\/p>\n<p>&nbsp;<\/p>\n<p class=\"p\" align=\"center\"><img decoding=\"async\" alt=\"Razer Viper Mini Mice\" class=\"aligncenter\" src=\"\/wp-content\/uploads\/replace\/130e6e26a0088a0df56cd851ca193f07.png\" \/><\/p>\n<p>&nbsp;<\/p>\n<p class=\"p\" align=\"center\"><strong>6 BOTONES PROGRAMABLES<\/strong><\/p>\n<p class=\"p\" align=\"center\">Totalmente configurable a trav\u00e9s de Razer Synapse 3, el mouse tiene 2 botones laterales a la izquierda y uno al lado de la rueda de desplazamiento, lo que le brinda acceso a macros y funciones secundarias para que cada acci\u00f3n se pueda ejecutar con facilidad.<\/p>\n<p>&nbsp;<\/p>\n<p class=\"p\" align=\"center\"><img decoding=\"async\" alt=\"Razer Viper Mini Mice\" class=\"aligncenter\" src=\"\/wp-content\/uploads\/replace\/984fc2b44920587a4068582c06ed8e35.png\" \/><\/p>\n<p class=\"p\" align=\"center\"><strong>PERFIL DE MEMORIA A BORDO<\/strong><\/p>\n<p class=\"p\" align=\"center\">Acceda a sus configuraciones de DPI personalizadas, configuraciones de botones y m\u00e1s sin necesidad de instalar software una vez que haya guardado su perfil favorito a trav\u00e9s de Razer Synapse 3.<\/p>\n<p align=\"center\">\n<p class=\"p\" align=\"center\"><img decoding=\"async\" alt=\"Razer Viper Mini Mice\" class=\"aligncenter\" src=\"\/wp-content\/uploads\/replace\/128c237e50f6a67d0631b77814432f3d.png\" \/><\/p>\n<p>&nbsp;<\/p>\n<p class=\"p\" align=\"center\"><strong>IMPULSADO POR RAZER<\/strong><\/p>\n<p class=\"p\" align=\"center\"><strong>CROMA\u2122 RGB<\/strong><\/p>\n<p class=\"p\" align=\"center\"><span data-spm-anchor-id=\"a2g0o.detail.1000023.i1.609aVJ2VVJ2VVf\">Con 16,8 millones de colores, innumerables patrones y efectos de iluminaci\u00f3n din\u00e1micos en el juego, experimente una personalizaci\u00f3n RGB completa y una inmersi\u00f3n m\u00e1s profunda con el ecosistema de iluminaci\u00f3n para dispositivos de juego m\u00e1s grande del mundo. Compatible con una lista cada vez mayor de miles de dispositivos y cientos de juegos y aplicaciones, ll\u00e9velo al siguiente nivel con funciones avanzadas como Chroma Studio, Visualizer, Connect y Workshop.<\/span><\/p>\n<p class=\"p\" align=\"center\">\n<p><img decoding=\"async\" alt=\"Razer Viper Mini Mice\" class=\"aligncenter\" src=\"\/wp-content\/uploads\/replace\/0fa8af4a7f28708746be0eee7e8b7493.png\" \/><\/p>\n<p>&nbsp;<\/p>\n<p>FACTOR ORM: Ambidiestro<br \/>\nCONECTIVIDAD: Cableado \u2013 Cable Razer\u2122 Speedflex<br \/>\nDURACI\u00d3N DE LA BATER\u00cdA: Ninguna<br \/>\nILUMINACI\u00d3N RGB: Razer Chroma\u2122 RGB Underglow<br \/>\nSENSOR: \u00d3ptico<br \/>\nSENSIBILIDAD M\u00c1XIMA (DPI): 8500<br \/>\nVELOCIDAD M\u00c1XIMA (IPS): 300<br \/>\nACELERACI\u00d3N M\u00c1XIMA (G): 35<br \/>\nBOTONES PROGRAMABLES: 6<br \/>\nTIPO DE INTERRUPTOR: \u00d3ptico<br \/>\nCICLO DE VIDA DEL CAMBIO: 50 millones de clics<br \/>\nPERFILES DE MEMORIA A BORDO: 1<br \/>\nPIES DEL RAT\u00d3N: Pies del rat\u00f3n 100% PTFE<br \/>\nCABLE: Cable Razer\u2122 Speedflex<br \/>\nRUEDA DE DESPLAZAMIENTO INCLINABLE: Ninguna<\/p>\n<p>&nbsp;<\/p>","protected":false},"excerpt":{"rendered":"<p>TAMA\u00d1O APROXIMADO<\/p>\n<ul>\n<li>Longitud: 118,3 mm \/ 4,70 pulgadas<\/li>\n<li>Ancho: 61,4 mm \/ 2,40 pulgadas<\/li>\n<li>Altura: 38,3 mm \/ 1,50 pulgadas<\/li>\n<\/ul>\n<p>PESO APROXIMADO: 61 g \/ 0,13 libras<\/p>","protected":false},"featured_media":27644,"template":"","meta":[],"product_brand":[1379],"product_cat":[1322,1331],"product_tag":[],"class_list":{"0":"post-27489","1":"product","2":"type-product","3":"status-publish","4":"has-post-thumbnail","6":"product_brand-razer","7":"product_cat-other-a-brands","8":"product_cat-razer-other-a-brands","10":"first","11":"instock","12":"shipping-taxable","13":"product-type-simple"},"aioseo_notices":[],"aioseo_head":"\n\t\t<!-- All in One SEO Pro 4.5.9.2 - aioseo.com -->\n\t\t<meta name=\"description\" content=\"APPROXIMATE SIZE Length: 118.3 mm \/ 4.70 in Width: 61.4 mm \/ 2.40 in Height: 38.3 mm \/ 1.50 in APPROXIMATE WEIGHT: 61 g \/ 0.13 lbs\" \/>\n\t\t<meta name=\"robots\" content=\"max-image-preview:large\" \/>\n\t\t<link rel=\"canonical\" href=\"https:\/\/www.rucashk.com\/es\/producto\/razer-viper-mini-mice\/\" \/>\n\t\t<meta name=\"generator\" content=\"All in One SEO Pro (AIOSEO) 4.5.9.2\" \/>\n\t\t<meta property=\"og:locale\" content=\"es_ES\" \/>\n\t\t<meta property=\"og:site_name\" content=\"Rucas - One-stop AIoT Distribution Worldwide\" \/>\n\t\t<meta property=\"og:type\" content=\"article\" \/>\n\t\t<meta property=\"og:title\" content=\"Razer Viper Mini Mice - Rucas - Wholesale and Distribution\" \/>\n\t\t<meta property=\"og:description\" content=\"APPROXIMATE SIZE Length: 118.3 mm \/ 4.70 in Width: 61.4 mm \/ 2.40 in Height: 38.3 mm \/ 1.50 in APPROXIMATE WEIGHT: 61 g \/ 0.13 lbs\" \/>\n\t\t<meta property=\"og:url\" content=\"https:\/\/www.rucashk.com\/es\/producto\/razer-viper-mini-mice\/\" \/>\n\t\t<meta property=\"og:image\" content=\"https:\/\/www.rucashk.com\/wp-content\/uploads\/replace\/503b8e645f128a97ccde2b6290747646.jpeg\" \/>\n\t\t<meta property=\"og:image:secure_url\" content=\"https:\/\/www.rucashk.com\/wp-content\/uploads\/replace\/503b8e645f128a97ccde2b6290747646.jpeg\" \/>\n\t\t<meta property=\"og:image:width\" content=\"1456\" \/>\n\t\t<meta property=\"og:image:height\" content=\"816\" \/>\n\t\t<meta property=\"article:published_time\" content=\"2024-01-09T16:41:17+00:00\" \/>\n\t\t<meta property=\"article:modified_time\" content=\"2025-06-21T07:51:56+00:00\" \/>\n\t\t<meta name=\"twitter:card\" content=\"summary_large_image\" \/>\n\t\t<meta name=\"twitter:title\" content=\"Razer Viper Mini Mice - Rucas - Wholesale and Distribution\" \/>\n\t\t<meta name=\"twitter:description\" content=\"APPROXIMATE SIZE Length: 118.3 mm \/ 4.70 in Width: 61.4 mm \/ 2.40 in Height: 38.3 mm \/ 1.50 in APPROXIMATE WEIGHT: 61 g \/ 0.13 lbs\" \/>\n\t\t<meta name=\"twitter:image\" content=\"https:\/\/www.rucashk.com\/wp-content\/uploads\/replace\/503b8e645f128a97ccde2b6290747646.jpeg\" \/>\n\t\t<script type=\"application\/ld+json\" class=\"aioseo-schema\">\n\t\t\t{\"@context\":\"https:\\\/\\\/schema.org\",\"@graph\":[{\"@type\":\"BreadcrumbList\",\"@id\":\"https:\\\/\\\/www.rucashk.com\\\/es\\\/producto\\\/razer-viper-mini-mice\\\/#breadcrumblist\",\"itemListElement\":[{\"@type\":\"ListItem\",\"@id\":\"https:\\\/\\\/www.rucashk.com\\\/es\\\/#listItem\",\"position\":1,\"name\":\"Home\",\"item\":\"https:\\\/\\\/www.rucashk.com\\\/es\\\/\",\"nextItem\":\"https:\\\/\\\/www.rucashk.com\\\/es\\\/producto\\\/razer-viper-mini-mice\\\/#listItem\"},{\"@type\":\"ListItem\",\"@id\":\"https:\\\/\\\/www.rucashk.com\\\/es\\\/producto\\\/razer-viper-mini-mice\\\/#listItem\",\"position\":2,\"name\":\"Razer Viper Mini Mice\",\"previousItem\":\"https:\\\/\\\/www.rucashk.com\\\/es\\\/#listItem\"}]},{\"@type\":\"Organization\",\"@id\":\"https:\\\/\\\/www.rucashk.com\\\/es\\\/#organization\",\"name\":\"Rucas\",\"url\":\"https:\\\/\\\/www.rucashk.com\\\/es\\\/\",\"logo\":{\"@type\":\"ImageObject\",\"url\":\"https:\\\/\\\/www.rucashk.com\\\/wp-content\\\/uploads\\\/2023\\\/12\\\/Rucas_campany_logo.png\",\"@id\":\"https:\\\/\\\/www.rucashk.com\\\/es\\\/producto\\\/razer-viper-mini-mice\\\/#organizationLogo\",\"width\":221,\"height\":65},\"image\":{\"@id\":\"https:\\\/\\\/www.rucashk.com\\\/es\\\/#organizationLogo\"}},{\"@type\":\"Person\",\"@id\":\"https:\\\/\\\/www.rucashk.com\\\/es\\\/author\\\/admin\\\/#author\",\"url\":\"https:\\\/\\\/www.rucashk.com\\\/es\\\/author\\\/admin\\\/\",\"name\":\"admin\",\"image\":{\"@type\":\"ImageObject\",\"@id\":\"https:\\\/\\\/www.rucashk.com\\\/es\\\/producto\\\/razer-viper-mini-mice\\\/#authorImage\",\"url\":\"https:\\\/\\\/secure.gravatar.com\\\/avatar\\\/b7c8925b09a27e72b30232f8ecaadbd5af0f70a38c78096863fe51b64f031c24?s=96&d=mm&r=g\",\"width\":96,\"height\":96,\"caption\":\"admin\"}},{\"@type\":\"WebPage\",\"@id\":\"https:\\\/\\\/www.rucashk.com\\\/es\\\/producto\\\/razer-viper-mini-mice\\\/#webpage\",\"url\":\"https:\\\/\\\/www.rucashk.com\\\/es\\\/producto\\\/razer-viper-mini-mice\\\/\",\"name\":\"Razer Viper Mini Mice - Rucas - Wholesale and Distribution\",\"description\":\"APPROXIMATE SIZE Length: 118.3 mm \\\/ 4.70 in Width: 61.4 mm \\\/ 2.40 in Height: 38.3 mm \\\/ 1.50 in APPROXIMATE WEIGHT: 61 g \\\/ 0.13 lbs\",\"inLanguage\":\"es-ES\",\"isPartOf\":{\"@id\":\"https:\\\/\\\/www.rucashk.com\\\/es\\\/#website\"},\"breadcrumb\":{\"@id\":\"https:\\\/\\\/www.rucashk.com\\\/es\\\/producto\\\/razer-viper-mini-mice\\\/#breadcrumblist\"},\"author\":{\"@id\":\"https:\\\/\\\/www.rucashk.com\\\/es\\\/author\\\/admin\\\/#author\"},\"creator\":{\"@id\":\"https:\\\/\\\/www.rucashk.com\\\/es\\\/author\\\/admin\\\/#author\"},\"image\":{\"@type\":\"ImageObject\",\"url\":\"https:\\\/\\\/www.rucashk.com\\\/wp-content\\\/uploads\\\/2024\\\/01\\\/10001-25.webp\",\"@id\":\"https:\\\/\\\/www.rucashk.com\\\/es\\\/producto\\\/razer-viper-mini-mice\\\/#mainImage\",\"width\":800,\"height\":800},\"primaryImageOfPage\":{\"@id\":\"https:\\\/\\\/www.rucashk.com\\\/es\\\/producto\\\/razer-viper-mini-mice\\\/#mainImage\"},\"datePublished\":\"2024-01-09T16:41:17+00:00\",\"dateModified\":\"2025-06-21T07:51:56+00:00\"},{\"@type\":\"WebSite\",\"@id\":\"https:\\\/\\\/www.rucashk.com\\\/es\\\/#website\",\"url\":\"https:\\\/\\\/www.rucashk.com\\\/es\\\/\",\"name\":\"Rucas - Wholesale and distribution worldwide\",\"alternateName\":\"Rucas - One-stop AIoT Distribution Worldwide\",\"description\":\"One-stop AIoT Distribution Worldwide\",\"inLanguage\":\"es-ES\",\"publisher\":{\"@id\":\"https:\\\/\\\/www.rucashk.com\\\/es\\\/#organization\"}}]}\n\t\t<\/script>\n\t\t<!-- All in One SEO Pro -->\r\n\t\t<title>Razer Viper Mini Mice - Rucas - Wholesale and Distribution<\/title>\n\n","aioseo_head_json":{"title":"Razer Viper Mini Mice - Rucas - Wholesale and Distribution","description":"APPROXIMATE SIZE Length: 118.3 mm \/ 4.70 in Width: 61.4 mm \/ 2.40 in Height: 38.3 mm \/ 1.50 in APPROXIMATE WEIGHT: 61 g \/ 0.13 lbs","canonical_url":"https:\/\/www.rucashk.com\/es\/producto\/razer-viper-mini-mice\/","robots":"max-image-preview:large","keywords":"","webmasterTools":{"miscellaneous":""},"og:locale":"es_ES","og:site_name":"Rucas - One-stop AIoT Distribution Worldwide","og:type":"article","og:title":"Razer Viper Mini Mice - Rucas - Wholesale and Distribution","og:description":"APPROXIMATE SIZE Length: 118.3 mm \/ 4.70 in Width: 61.4 mm \/ 2.40 in Height: 38.3 mm \/ 1.50 in APPROXIMATE WEIGHT: 61 g \/ 0.13 lbs","og:url":"https:\/\/www.rucashk.com\/es\/producto\/razer-viper-mini-mice\/","og:image":"https:\/\/www.rucashk.com\/wp-content\/uploads\/replace\/503b8e645f128a97ccde2b6290747646.jpeg","og:image:secure_url":"https:\/\/www.rucashk.com\/wp-content\/uploads\/replace\/503b8e645f128a97ccde2b6290747646.jpeg","og:image:width":1456,"og:image:height":816,"article:published_time":"2024-01-09T16:41:17+00:00","article:modified_time":"2025-06-21T07:51:56+00:00","twitter:card":"summary_large_image","twitter:title":"Razer Viper Mini Mice - Rucas - Wholesale and Distribution","twitter:description":"APPROXIMATE SIZE Length: 118.3 mm \/ 4.70 in Width: 61.4 mm \/ 2.40 in Height: 38.3 mm \/ 1.50 in APPROXIMATE WEIGHT: 61 g \/ 0.13 lbs","twitter:image":"https:\/\/www.rucashk.com\/wp-content\/uploads\/replace\/503b8e645f128a97ccde2b6290747646.jpeg","schema":{"@context":"https:\/\/schema.org","@graph":[{"@type":"BreadcrumbList","@id":"https:\/\/www.rucashk.com\/es\/producto\/razer-viper-mini-mice\/#breadcrumblist","itemListElement":[{"@type":"ListItem","@id":"https:\/\/www.rucashk.com\/es\/#listItem","position":1,"name":"Home","item":"https:\/\/www.rucashk.com\/es\/","nextItem":"https:\/\/www.rucashk.com\/es\/producto\/razer-viper-mini-mice\/#listItem"},{"@type":"ListItem","@id":"https:\/\/www.rucashk.com\/es\/producto\/razer-viper-mini-mice\/#listItem","position":2,"name":"Razer Viper Mini Mice","previousItem":"https:\/\/www.rucashk.com\/es\/#listItem"}]},{"@type":"Organization","@id":"https:\/\/www.rucashk.com\/es\/#organization","name":"Rucas","url":"https:\/\/www.rucashk.com\/es\/","logo":{"@type":"ImageObject","url":"https:\/\/www.rucashk.com\/wp-content\/uploads\/2023\/12\/Rucas_campany_logo.png","@id":"https:\/\/www.rucashk.com\/es\/producto\/razer-viper-mini-mice\/#organizationLogo","width":221,"height":65},"image":{"@id":"https:\/\/www.rucashk.com\/es\/#organizationLogo"}},{"@type":"Person","@id":"https:\/\/www.rucashk.com\/es\/author\/admin\/#author","url":"https:\/\/www.rucashk.com\/es\/author\/admin\/","name":"admin","image":{"@type":"ImageObject","@id":"https:\/\/www.rucashk.com\/es\/producto\/razer-viper-mini-mice\/#authorImage","url":"https:\/\/secure.gravatar.com\/avatar\/b7c8925b09a27e72b30232f8ecaadbd5af0f70a38c78096863fe51b64f031c24?s=96&d=mm&r=g","width":96,"height":96,"caption":"admin"}},{"@type":"WebPage","@id":"https:\/\/www.rucashk.com\/es\/producto\/razer-viper-mini-mice\/#webpage","url":"https:\/\/www.rucashk.com\/es\/producto\/razer-viper-mini-mice\/","name":"Razer Viper Mini Mice - Rucas - Wholesale and Distribution","description":"APPROXIMATE SIZE Length: 118.3 mm \/ 4.70 in Width: 61.4 mm \/ 2.40 in Height: 38.3 mm \/ 1.50 in APPROXIMATE WEIGHT: 61 g \/ 0.13 lbs","inLanguage":"es-ES","isPartOf":{"@id":"https:\/\/www.rucashk.com\/es\/#website"},"breadcrumb":{"@id":"https:\/\/www.rucashk.com\/es\/producto\/razer-viper-mini-mice\/#breadcrumblist"},"author":{"@id":"https:\/\/www.rucashk.com\/es\/author\/admin\/#author"},"creator":{"@id":"https:\/\/www.rucashk.com\/es\/author\/admin\/#author"},"image":{"@type":"ImageObject","url":"https:\/\/www.rucashk.com\/wp-content\/uploads\/2024\/01\/10001-25.webp","@id":"https:\/\/www.rucashk.com\/es\/producto\/razer-viper-mini-mice\/#mainImage","width":800,"height":800},"primaryImageOfPage":{"@id":"https:\/\/www.rucashk.com\/es\/producto\/razer-viper-mini-mice\/#mainImage"},"datePublished":"2024-01-09T16:41:17+00:00","dateModified":"2025-06-21T07:51:56+00:00"},{"@type":"WebSite","@id":"https:\/\/www.rucashk.com\/es\/#website","url":"https:\/\/www.rucashk.com\/es\/","name":"Rucas - Wholesale and distribution worldwide","alternateName":"Rucas - One-stop AIoT Distribution Worldwide","description":"One-stop AIoT Distribution Worldwide","inLanguage":"es-ES","publisher":{"@id":"https:\/\/www.rucashk.com\/es\/#organization"}}]}},"aioseo_meta_data":{"post_id":"27489","title":null,"description":null,"keywords":null,"keyphrases":null,"primary_term":null,"canonical_url":null,"og_title":null,"og_description":null,"og_object_type":"default","og_image_type":"default","og_image_url":null,"og_image_width":null,"og_image_height":null,"og_image_custom_url":null,"og_image_custom_fields":null,"og_video":"","og_custom_url":null,"og_article_section":null,"og_article_tags":null,"twitter_use_og":false,"twitter_card":"default","twitter_image_type":"default","twitter_image_url":null,"twitter_image_custom_url":null,"twitter_image_custom_fields":null,"twitter_title":null,"twitter_description":null,"schema":{"blockGraphs":[],"customGraphs":[],"default":{"data":{"Article":[],"Course":[],"Dataset":[],"FAQPage":[],"Movie":[],"Person":[],"Product":[],"Recipe":[],"Service":[],"SoftwareApplication":[],"WebPage":[]},"graphName":"","isEnabled":true},"graphs":[]},"schema_type":"default","schema_type_options":null,"pillar_content":false,"robots_default":true,"robots_noindex":false,"robots_noarchive":false,"robots_nosnippet":false,"robots_nofollow":false,"robots_noimageindex":false,"robots_noodp":false,"robots_notranslate":false,"robots_max_snippet":"-1","robots_max_videopreview":"-1","robots_max_imagepreview":"large","priority":null,"frequency":"default","local_seo":null,"breadcrumb_settings":null,"limit_modified_date":false,"created":"2024-04-11 01:57:22","updated":"2025-06-22 18:37:56"},"aioseo_breadcrumb":"<div class=\"aioseo-breadcrumbs\"><span class=\"aioseo-breadcrumb\">\n\t<a href=\"https:\/\/www.rucashk.com\/es\" title=\"Home\">Home<\/a>\n<\/span><span class=\"aioseo-breadcrumb-separator\">&raquo;<\/span><span class=\"aioseo-breadcrumb\">\n\t<a href=\"https:\/\/www.rucashk.com\/es\/products\/\" title=\"Productos\">Productos<\/a>\n<\/span><span class=\"aioseo-breadcrumb-separator\">&raquo;<\/span><span class=\"aioseo-breadcrumb\">\n\t<a href=\"https:\/\/www.rucashk.com\/es\/marca\/razer\/\" title=\"Razer\">Razer<\/a>\n<\/span><span class=\"aioseo-breadcrumb-separator\">&raquo;<\/span><span class=\"aioseo-breadcrumb\">\n\tRazer Viper Mini Mice\n<\/span><\/div>","aioseo_breadcrumb_json":[{"label":"Home","link":"https:\/\/www.rucashk.com\/es"},{"label":"Productos","link":"https:\/\/www.rucashk.com\/es\/products\/"},{"label":"Razer","link":"https:\/\/www.rucashk.com\/es\/marca\/razer\/"},{"label":"Razer Viper Mini Mice","link":"https:\/\/www.rucashk.com\/es\/producto\/razer-viper-mini-mice\/"}],"_links":{"self":[{"href":"https:\/\/www.rucashk.com\/es\/wp-json\/wp\/v2\/product\/27489","targetHints":{"allow":["GET"]}}],"collection":[{"href":"https:\/\/www.rucashk.com\/es\/wp-json\/wp\/v2\/product"}],"about":[{"href":"https:\/\/www.rucashk.com\/es\/wp-json\/wp\/v2\/types\/product"}],"wp:featuredmedia":[{"embeddable":true,"href":"https:\/\/www.rucashk.com\/es\/wp-json\/wp\/v2\/media\/27644"}],"wp:attachment":[{"href":"https:\/\/www.rucashk.com\/es\/wp-json\/wp\/v2\/media?parent=27489"}],"wp:term":[{"taxonomy":"product_brand","embeddable":true,"href":"https:\/\/www.rucashk.com\/es\/wp-json\/wp\/v2\/product_brand?post=27489"},{"taxonomy":"product_cat","embeddable":true,"href":"https:\/\/www.rucashk.com\/es\/wp-json\/wp\/v2\/product_cat?post=27489"},{"taxonomy":"product_tag","embeddable":true,"href":"https:\/\/www.rucashk.com\/es\/wp-json\/wp\/v2\/product_tag?post=27489"}],"curies":[{"name":"wp","href":"https:\/\/api.w.org\/{rel}","templated":true}]}}