{"id":27487,"date":"2024-01-09T16:41:17","date_gmt":"2024-01-09T16:41:17","guid":{"rendered":"http:\/\/rucashk.com\/?post_type=product&#038;p=27487"},"modified":"2025-06-21T07:52:45","modified_gmt":"2025-06-21T07:52:45","slug":"razer-viper-mini-signature-edition-mice","status":"publish","type":"product","link":"https:\/\/www.rucashk.com\/es\/producto\/razer-viper-mini-signature-edition-mice\/","title":{"rendered":"Ratones Razer Viper Mini Signature Edition"},"content":{"rendered":"<div class=\"detailmodule_text-image\" align=\"start\">\n<p align=\"center\" data-spm-anchor-id=\"a2g0o.detail.1000023.i0.2a842Khu2Khunq\">RAZER VIPER MINI SIGNATURE EDITION EL MEJOR RAT\u00d3N PARA JUEGOS DE RENDIMIENTO LIGERO<\/p>\n<p align=\"center\">El rat\u00f3n de tus sue\u00f1os acaba de ser superado. Para aquellos que se atreven a quererlo todo, \u00e1rmense con una obra maestra que supera a la competencia en peso, dise\u00f1o y rendimiento. Presentamos el Razer Viper Mini Signature Edition: el mouse para juegos con mejor rendimiento y peso ligero jam\u00e1s creado.<\/p>\n<div><img decoding=\"async\" class=\"detail-desc-decorate-image aligncenter\" src=\"\/wp-content\/uploads\/replace\/3efc9b72a2116fbac95d6b0a05c4cfbe.png\" alt=\"Razer Viper Mini Signature Edition Mice\" \/><\/div>\n<\/div>\n<div class=\"detailmodule_text-image\" align=\"start\">\n<p align=\"center\">TASA DE SONDEO VERDADERA DE 8000 HZ<\/p>\n<p align=\"center\">Intervalos de sondeo &lt;0,125 ms, l\u00edderes en la industria<\/p>\n<div><img decoding=\"async\" class=\"detail-desc-decorate-image aligncenter\" src=\"\/wp-content\/uploads\/replace\/c66ca32b86825bfb9ccb9b8a1fb97932.png\" alt=\"Razer Viper Mini Signature Edition Mice\" \/><\/div>\n<\/div>\n<div class=\"detailmodule_text-image\" align=\"start\">\n<p align=\"center\">UNA OBRA MAESTRA PARA JUEGOS NUESTRO RAT\u00d3N M\u00c1S LIGERO JAM\u00c1S CREADO<\/p>\n<p align=\"center\">A trav\u00e9s de una cuidadosa selecci\u00f3n de materiales y optimizaciones de peso calculadas sin impacto en el rendimiento, Signature Edition se mueve y se siente como ning\u00fan mouse que haya tenido en sus manos.<\/p>\n<div><img decoding=\"async\" class=\"detail-desc-decorate-image aligncenter\" src=\"\/wp-content\/uploads\/replace\/74612eba77c0b4735e76b30f1895c075.png\" alt=\"Razer Viper Mini Signature Edition Mice\" \/><\/div>\n<\/div>\n<div class=\"detailmodule_text-image\" align=\"start\">\n<p align=\"center\">UN ICONO EN PANTALLA COMPLETA<\/p>\n<p align=\"center\">Si una imagen vale m\u00e1s que mil palabras, entonces Signature Edition ya ha causado una gran declaraci\u00f3n en nuestra comunidad. Difunde la pasi\u00f3n compartiendo la tuya<\/p>\n<div><img decoding=\"async\" class=\"detail-desc-decorate-image aligncenter\" src=\"\/wp-content\/uploads\/replace\/6074c9b81c01f6e442638b4fc53c64d5.png\" alt=\"Razer Viper Mini Signature Edition Mice\" \/><\/div>\n<\/div>\n<div class=\"detailmodule_text-image\" align=\"start\">\n<p class=\"detail-desc-decorate-content\" style=\"text-align: center\">1. 2 juegos de toallitas de preparaci\u00f3n con alcohol<br \/>\n2. 1 juego de patas de rat\u00f3n de PTFE<br \/>\n3. 1 juego de patas para rat\u00f3n Corning\u00ae Gorilla\u00ae Glass 3<br \/>\n4. 2 juegos de cintas de agarre para mouse Razer<br \/>\n5. 1 pa\u00f1o de limpieza de microfibra<br \/>\n6. 1 Razer Viper Mini Edici\u00f3n Firma<br \/>\n7. 1 Dongle inal\u00e1mbrico Razer HyperPolling para Razer Viper Mini Signature Edition<br \/>\n8. 1 cable Speedflex USB tipo A a USB tipo C<\/p>\n<div><img decoding=\"async\" class=\"detail-desc-decorate-image aligncenter\" src=\"\/wp-content\/uploads\/replace\/94d9c6ed6602ccb43d627ab6feec3673.png\" alt=\"Razer Viper Mini Signature Edition Mice\" \/><\/div>\n<\/div>\n<div><\/div>\n<div><\/div>\n<div>\n<h3>especificaciones<\/h3>\n<p class=\"detail-desc-decorate-content\" data-spm-anchor-id=\"a2g0o.detail.1000023.i1.2a842Khu2Khunq\">FACTOR DE FORMA: Diestro<br \/>\nCONECTIVIDAD:<br \/>\nRazer\u2122 HyperSpeed inal\u00e1mbrico<br \/>\nCableado \u2013 Cable de carga Speedflex USB tipo C<br \/>\nDURACI\u00d3N DE LA BATER\u00cdA:<br \/>\nHasta 60 horas en HyperSpeed Wireless a 1000 Hz<br \/>\nHasta 12 horas en HyperPolling Wireless a 8000 Hz<br \/>\nSENSOR: Sensor \u00f3ptico Focus Pro 30K<br \/>\nSENSIBILIDAD M\u00c1XIMA (DPI): 30000<br \/>\nVELOCIDAD M\u00c1XIMA (IPS): 750<br \/>\nACELERACI\u00d3N M\u00c1XIMA (G): 70<br \/>\nBOTONES PROGRAMABLES: 5<br \/>\nTIPO DE INTERRUPTOR: Interruptores de rat\u00f3n \u00f3ptico Gen-3<br \/>\nCICLO DE VIDA DEL CAMBIO: 90 millones de clics<br \/>\nPERFILES DE MEMORIA A BORDO: 1<br \/>\nPIES DEL RAT\u00d3N: Pies del rat\u00f3n PTFE 100%<br \/>\nCABLE: Cable de carga Speedflex USB tipo C<br \/>\nRUEDA DE DESPLAZAMIENTO INCLINABLE: Ninguna<\/p>\n<\/div>","protected":false},"excerpt":{"rendered":"<p>APPROXIMATE SIZE\uff1a<br \/>\nLength: 119 mm \/ 4.68 in<br \/>\nWidth: 62 mm \/ 2.44 in<br \/>\nHeight: 39 mm \/ 1.53 in<br \/>\nPESO APROXIMADO<br \/>\n49 g \/ 1.72 oz (Excluding cable)<\/p>","protected":false},"featured_media":27629,"template":"","meta":[],"product_brand":[1379],"product_cat":[1322,1331],"product_tag":[],"class_list":{"0":"post-27487","1":"product","2":"type-product","3":"status-publish","4":"has-post-thumbnail","6":"product_brand-razer","7":"product_cat-other-a-brands","8":"product_cat-razer-other-a-brands","10":"first","11":"instock","12":"shipping-taxable","13":"product-type-simple"},"aioseo_notices":[],"aioseo_head":"\n\t\t<!-- All in One SEO Pro 4.5.9.2 - aioseo.com -->\n\t\t<meta name=\"description\" content=\"APPROXIMATE SIZE\uff1a Length: 119 mm \/ 4.68 in Width: 62 mm \/ 2.44 in Height: 39 mm \/ 1.53 in APPROXIMATE WEIGHT 49 g \/ 1.72 oz (Excluding cable)\" \/>\n\t\t<meta name=\"robots\" content=\"max-image-preview:large\" \/>\n\t\t<link rel=\"canonical\" href=\"https:\/\/www.rucashk.com\/es\/producto\/razer-viper-mini-signature-edition-mice\/\" \/>\n\t\t<meta name=\"generator\" content=\"All in One SEO Pro (AIOSEO) 4.5.9.2\" \/>\n\t\t<meta property=\"og:locale\" content=\"es_ES\" \/>\n\t\t<meta property=\"og:site_name\" content=\"Rucas - One-stop AIoT Distribution Worldwide\" \/>\n\t\t<meta property=\"og:type\" content=\"article\" \/>\n\t\t<meta property=\"og:title\" content=\"Razer Viper Mini Signature Edition Mice - Rucas - Wholesale and Distribution\" \/>\n\t\t<meta property=\"og:description\" content=\"APPROXIMATE SIZE\uff1a Length: 119 mm \/ 4.68 in Width: 62 mm \/ 2.44 in Height: 39 mm \/ 1.53 in APPROXIMATE WEIGHT 49 g \/ 1.72 oz (Excluding cable)\" \/>\n\t\t<meta property=\"og:url\" content=\"https:\/\/www.rucashk.com\/es\/producto\/razer-viper-mini-signature-edition-mice\/\" \/>\n\t\t<meta property=\"og:image\" content=\"https:\/\/www.rucashk.com\/wp-content\/uploads\/replace\/503b8e645f128a97ccde2b6290747646.jpeg\" \/>\n\t\t<meta property=\"og:image:secure_url\" content=\"https:\/\/www.rucashk.com\/wp-content\/uploads\/replace\/503b8e645f128a97ccde2b6290747646.jpeg\" \/>\n\t\t<meta property=\"og:image:width\" content=\"1456\" \/>\n\t\t<meta property=\"og:image:height\" content=\"816\" \/>\n\t\t<meta property=\"article:published_time\" content=\"2024-01-09T16:41:17+00:00\" \/>\n\t\t<meta property=\"article:modified_time\" content=\"2025-06-21T07:52:45+00:00\" \/>\n\t\t<meta name=\"twitter:card\" content=\"summary_large_image\" \/>\n\t\t<meta name=\"twitter:title\" content=\"Razer Viper Mini Signature Edition Mice - Rucas - Wholesale and Distribution\" \/>\n\t\t<meta name=\"twitter:description\" content=\"APPROXIMATE SIZE\uff1a Length: 119 mm \/ 4.68 in Width: 62 mm \/ 2.44 in Height: 39 mm \/ 1.53 in APPROXIMATE WEIGHT 49 g \/ 1.72 oz (Excluding cable)\" \/>\n\t\t<meta name=\"twitter:image\" content=\"https:\/\/www.rucashk.com\/wp-content\/uploads\/replace\/503b8e645f128a97ccde2b6290747646.jpeg\" \/>\n\t\t<script type=\"application\/ld+json\" class=\"aioseo-schema\">\n\t\t\t{\"@context\":\"https:\\\/\\\/schema.org\",\"@graph\":[{\"@type\":\"BreadcrumbList\",\"@id\":\"https:\\\/\\\/www.rucashk.com\\\/es\\\/producto\\\/razer-viper-mini-signature-edition-mice\\\/#breadcrumblist\",\"itemListElement\":[{\"@type\":\"ListItem\",\"@id\":\"https:\\\/\\\/www.rucashk.com\\\/es\\\/#listItem\",\"position\":1,\"name\":\"Home\",\"item\":\"https:\\\/\\\/www.rucashk.com\\\/es\\\/\",\"nextItem\":\"https:\\\/\\\/www.rucashk.com\\\/es\\\/producto\\\/razer-viper-mini-signature-edition-mice\\\/#listItem\"},{\"@type\":\"ListItem\",\"@id\":\"https:\\\/\\\/www.rucashk.com\\\/es\\\/producto\\\/razer-viper-mini-signature-edition-mice\\\/#listItem\",\"position\":2,\"name\":\"Razer Viper Mini Signature Edition Mice\",\"previousItem\":\"https:\\\/\\\/www.rucashk.com\\\/es\\\/#listItem\"}]},{\"@type\":\"Organization\",\"@id\":\"https:\\\/\\\/www.rucashk.com\\\/es\\\/#organization\",\"name\":\"Rucas\",\"url\":\"https:\\\/\\\/www.rucashk.com\\\/es\\\/\",\"logo\":{\"@type\":\"ImageObject\",\"url\":\"https:\\\/\\\/www.rucashk.com\\\/wp-content\\\/uploads\\\/2023\\\/12\\\/Rucas_campany_logo.png\",\"@id\":\"https:\\\/\\\/www.rucashk.com\\\/es\\\/producto\\\/razer-viper-mini-signature-edition-mice\\\/#organizationLogo\",\"width\":221,\"height\":65},\"image\":{\"@id\":\"https:\\\/\\\/www.rucashk.com\\\/es\\\/#organizationLogo\"}},{\"@type\":\"Person\",\"@id\":\"https:\\\/\\\/www.rucashk.com\\\/es\\\/author\\\/admin\\\/#author\",\"url\":\"https:\\\/\\\/www.rucashk.com\\\/es\\\/author\\\/admin\\\/\",\"name\":\"admin\",\"image\":{\"@type\":\"ImageObject\",\"@id\":\"https:\\\/\\\/www.rucashk.com\\\/es\\\/producto\\\/razer-viper-mini-signature-edition-mice\\\/#authorImage\",\"url\":\"https:\\\/\\\/secure.gravatar.com\\\/avatar\\\/b7c8925b09a27e72b30232f8ecaadbd5af0f70a38c78096863fe51b64f031c24?s=96&d=mm&r=g\",\"width\":96,\"height\":96,\"caption\":\"admin\"}},{\"@type\":\"WebPage\",\"@id\":\"https:\\\/\\\/www.rucashk.com\\\/es\\\/producto\\\/razer-viper-mini-signature-edition-mice\\\/#webpage\",\"url\":\"https:\\\/\\\/www.rucashk.com\\\/es\\\/producto\\\/razer-viper-mini-signature-edition-mice\\\/\",\"name\":\"Razer Viper Mini Signature Edition Mice - Rucas - Wholesale and Distribution\",\"description\":\"APPROXIMATE SIZE\\uff1a Length: 119 mm \\\/ 4.68 in Width: 62 mm \\\/ 2.44 in Height: 39 mm \\\/ 1.53 in APPROXIMATE WEIGHT 49 g \\\/ 1.72 oz (Excluding cable)\",\"inLanguage\":\"es-ES\",\"isPartOf\":{\"@id\":\"https:\\\/\\\/www.rucashk.com\\\/es\\\/#website\"},\"breadcrumb\":{\"@id\":\"https:\\\/\\\/www.rucashk.com\\\/es\\\/producto\\\/razer-viper-mini-signature-edition-mice\\\/#breadcrumblist\"},\"author\":{\"@id\":\"https:\\\/\\\/www.rucashk.com\\\/es\\\/author\\\/admin\\\/#author\"},\"creator\":{\"@id\":\"https:\\\/\\\/www.rucashk.com\\\/es\\\/author\\\/admin\\\/#author\"},\"image\":{\"@type\":\"ImageObject\",\"url\":\"https:\\\/\\\/www.rucashk.com\\\/wp-content\\\/uploads\\\/2024\\\/01\\\/10005-17.webp\",\"@id\":\"https:\\\/\\\/www.rucashk.com\\\/es\\\/producto\\\/razer-viper-mini-signature-edition-mice\\\/#mainImage\",\"width\":640,\"height\":640},\"primaryImageOfPage\":{\"@id\":\"https:\\\/\\\/www.rucashk.com\\\/es\\\/producto\\\/razer-viper-mini-signature-edition-mice\\\/#mainImage\"},\"datePublished\":\"2024-01-09T16:41:17+00:00\",\"dateModified\":\"2025-06-21T07:52:45+00:00\"},{\"@type\":\"WebSite\",\"@id\":\"https:\\\/\\\/www.rucashk.com\\\/es\\\/#website\",\"url\":\"https:\\\/\\\/www.rucashk.com\\\/es\\\/\",\"name\":\"Rucas - Wholesale and distribution worldwide\",\"alternateName\":\"Rucas - One-stop AIoT Distribution Worldwide\",\"description\":\"One-stop AIoT Distribution Worldwide\",\"inLanguage\":\"es-ES\",\"publisher\":{\"@id\":\"https:\\\/\\\/www.rucashk.com\\\/es\\\/#organization\"}}]}\n\t\t<\/script>\n\t\t<!-- All in One SEO Pro -->\r\n\t\t<title>Razer Viper Mini Signature Edition Mice - Rucas - Wholesale and Distribution<\/title>\n\n","aioseo_head_json":{"title":"Razer Viper Mini Signature Edition Mice - Rucas - Wholesale and Distribution","description":"APPROXIMATE SIZE\uff1a Length: 119 mm \/ 4.68 in Width: 62 mm \/ 2.44 in Height: 39 mm \/ 1.53 in APPROXIMATE WEIGHT 49 g \/ 1.72 oz (Excluding cable)","canonical_url":"https:\/\/www.rucashk.com\/es\/producto\/razer-viper-mini-signature-edition-mice\/","robots":"max-image-preview:large","keywords":"","webmasterTools":{"miscellaneous":""},"og:locale":"es_ES","og:site_name":"Rucas - One-stop AIoT Distribution Worldwide","og:type":"article","og:title":"Razer Viper Mini Signature Edition Mice - Rucas - Wholesale and Distribution","og:description":"APPROXIMATE SIZE\uff1a Length: 119 mm \/ 4.68 in Width: 62 mm \/ 2.44 in Height: 39 mm \/ 1.53 in APPROXIMATE WEIGHT 49 g \/ 1.72 oz (Excluding cable)","og:url":"https:\/\/www.rucashk.com\/es\/producto\/razer-viper-mini-signature-edition-mice\/","og:image":"https:\/\/www.rucashk.com\/wp-content\/uploads\/replace\/503b8e645f128a97ccde2b6290747646.jpeg","og:image:secure_url":"https:\/\/www.rucashk.com\/wp-content\/uploads\/replace\/503b8e645f128a97ccde2b6290747646.jpeg","og:image:width":1456,"og:image:height":816,"article:published_time":"2024-01-09T16:41:17+00:00","article:modified_time":"2025-06-21T07:52:45+00:00","twitter:card":"summary_large_image","twitter:title":"Razer Viper Mini Signature Edition Mice - Rucas - Wholesale and Distribution","twitter:description":"APPROXIMATE SIZE\uff1a Length: 119 mm \/ 4.68 in Width: 62 mm \/ 2.44 in Height: 39 mm \/ 1.53 in APPROXIMATE WEIGHT 49 g \/ 1.72 oz (Excluding cable)","twitter:image":"https:\/\/www.rucashk.com\/wp-content\/uploads\/replace\/503b8e645f128a97ccde2b6290747646.jpeg","schema":{"@context":"https:\/\/schema.org","@graph":[{"@type":"BreadcrumbList","@id":"https:\/\/www.rucashk.com\/es\/producto\/razer-viper-mini-signature-edition-mice\/#breadcrumblist","itemListElement":[{"@type":"ListItem","@id":"https:\/\/www.rucashk.com\/es\/#listItem","position":1,"name":"Home","item":"https:\/\/www.rucashk.com\/es\/","nextItem":"https:\/\/www.rucashk.com\/es\/producto\/razer-viper-mini-signature-edition-mice\/#listItem"},{"@type":"ListItem","@id":"https:\/\/www.rucashk.com\/es\/producto\/razer-viper-mini-signature-edition-mice\/#listItem","position":2,"name":"Razer Viper Mini Signature Edition Mice","previousItem":"https:\/\/www.rucashk.com\/es\/#listItem"}]},{"@type":"Organization","@id":"https:\/\/www.rucashk.com\/es\/#organization","name":"Rucas","url":"https:\/\/www.rucashk.com\/es\/","logo":{"@type":"ImageObject","url":"https:\/\/www.rucashk.com\/wp-content\/uploads\/2023\/12\/Rucas_campany_logo.png","@id":"https:\/\/www.rucashk.com\/es\/producto\/razer-viper-mini-signature-edition-mice\/#organizationLogo","width":221,"height":65},"image":{"@id":"https:\/\/www.rucashk.com\/es\/#organizationLogo"}},{"@type":"Person","@id":"https:\/\/www.rucashk.com\/es\/author\/admin\/#author","url":"https:\/\/www.rucashk.com\/es\/author\/admin\/","name":"admin","image":{"@type":"ImageObject","@id":"https:\/\/www.rucashk.com\/es\/producto\/razer-viper-mini-signature-edition-mice\/#authorImage","url":"https:\/\/secure.gravatar.com\/avatar\/b7c8925b09a27e72b30232f8ecaadbd5af0f70a38c78096863fe51b64f031c24?s=96&d=mm&r=g","width":96,"height":96,"caption":"admin"}},{"@type":"WebPage","@id":"https:\/\/www.rucashk.com\/es\/producto\/razer-viper-mini-signature-edition-mice\/#webpage","url":"https:\/\/www.rucashk.com\/es\/producto\/razer-viper-mini-signature-edition-mice\/","name":"Razer Viper Mini Signature Edition Mice - Rucas - Wholesale and Distribution","description":"APPROXIMATE SIZE\uff1a Length: 119 mm \/ 4.68 in Width: 62 mm \/ 2.44 in Height: 39 mm \/ 1.53 in APPROXIMATE WEIGHT 49 g \/ 1.72 oz (Excluding cable)","inLanguage":"es-ES","isPartOf":{"@id":"https:\/\/www.rucashk.com\/es\/#website"},"breadcrumb":{"@id":"https:\/\/www.rucashk.com\/es\/producto\/razer-viper-mini-signature-edition-mice\/#breadcrumblist"},"author":{"@id":"https:\/\/www.rucashk.com\/es\/author\/admin\/#author"},"creator":{"@id":"https:\/\/www.rucashk.com\/es\/author\/admin\/#author"},"image":{"@type":"ImageObject","url":"https:\/\/www.rucashk.com\/wp-content\/uploads\/2024\/01\/10005-17.webp","@id":"https:\/\/www.rucashk.com\/es\/producto\/razer-viper-mini-signature-edition-mice\/#mainImage","width":640,"height":640},"primaryImageOfPage":{"@id":"https:\/\/www.rucashk.com\/es\/producto\/razer-viper-mini-signature-edition-mice\/#mainImage"},"datePublished":"2024-01-09T16:41:17+00:00","dateModified":"2025-06-21T07:52:45+00:00"},{"@type":"WebSite","@id":"https:\/\/www.rucashk.com\/es\/#website","url":"https:\/\/www.rucashk.com\/es\/","name":"Rucas - Wholesale and distribution worldwide","alternateName":"Rucas - One-stop AIoT Distribution Worldwide","description":"One-stop AIoT Distribution Worldwide","inLanguage":"es-ES","publisher":{"@id":"https:\/\/www.rucashk.com\/es\/#organization"}}]}},"aioseo_meta_data":{"post_id":"27487","title":null,"description":null,"keywords":null,"keyphrases":null,"primary_term":null,"canonical_url":null,"og_title":null,"og_description":null,"og_object_type":"default","og_image_type":"default","og_image_url":null,"og_image_width":null,"og_image_height":null,"og_image_custom_url":null,"og_image_custom_fields":null,"og_video":"","og_custom_url":null,"og_article_section":null,"og_article_tags":null,"twitter_use_og":false,"twitter_card":"default","twitter_image_type":"default","twitter_image_url":null,"twitter_image_custom_url":null,"twitter_image_custom_fields":null,"twitter_title":null,"twitter_description":null,"schema":{"blockGraphs":[],"customGraphs":[],"default":{"data":{"Article":[],"Course":[],"Dataset":[],"FAQPage":[],"Movie":[],"Person":[],"Product":[],"Recipe":[],"Service":[],"SoftwareApplication":[],"WebPage":[]},"graphName":"","isEnabled":true},"graphs":[]},"schema_type":"default","schema_type_options":null,"pillar_content":false,"robots_default":true,"robots_noindex":false,"robots_noarchive":false,"robots_nosnippet":false,"robots_nofollow":false,"robots_noimageindex":false,"robots_noodp":false,"robots_notranslate":false,"robots_max_snippet":"-1","robots_max_videopreview":"-1","robots_max_imagepreview":"large","priority":null,"frequency":"default","local_seo":null,"breadcrumb_settings":null,"limit_modified_date":false,"created":"2024-04-11 01:57:22","updated":"2025-06-22 18:37:55"},"aioseo_breadcrumb":"<div class=\"aioseo-breadcrumbs\"><span class=\"aioseo-breadcrumb\">\n\t<a href=\"https:\/\/www.rucashk.com\/es\" title=\"Home\">Home<\/a>\n<\/span><span class=\"aioseo-breadcrumb-separator\">&raquo;<\/span><span class=\"aioseo-breadcrumb\">\n\t<a href=\"https:\/\/www.rucashk.com\/es\/products\/\" title=\"Productos\">Productos<\/a>\n<\/span><span class=\"aioseo-breadcrumb-separator\">&raquo;<\/span><span class=\"aioseo-breadcrumb\">\n\t<a href=\"https:\/\/www.rucashk.com\/es\/marca\/razer\/\" title=\"Razer\">Razer<\/a>\n<\/span><span class=\"aioseo-breadcrumb-separator\">&raquo;<\/span><span class=\"aioseo-breadcrumb\">\n\tRazer Viper Mini Signature Edition Mice\n<\/span><\/div>","aioseo_breadcrumb_json":[{"label":"Home","link":"https:\/\/www.rucashk.com\/es"},{"label":"Productos","link":"https:\/\/www.rucashk.com\/es\/products\/"},{"label":"Razer","link":"https:\/\/www.rucashk.com\/es\/marca\/razer\/"},{"label":"Razer Viper Mini Signature Edition Mice","link":"https:\/\/www.rucashk.com\/es\/producto\/razer-viper-mini-signature-edition-mice\/"}],"_links":{"self":[{"href":"https:\/\/www.rucashk.com\/es\/wp-json\/wp\/v2\/product\/27487","targetHints":{"allow":["GET"]}}],"collection":[{"href":"https:\/\/www.rucashk.com\/es\/wp-json\/wp\/v2\/product"}],"about":[{"href":"https:\/\/www.rucashk.com\/es\/wp-json\/wp\/v2\/types\/product"}],"wp:featuredmedia":[{"embeddable":true,"href":"https:\/\/www.rucashk.com\/es\/wp-json\/wp\/v2\/media\/27629"}],"wp:attachment":[{"href":"https:\/\/www.rucashk.com\/es\/wp-json\/wp\/v2\/media?parent=27487"}],"wp:term":[{"taxonomy":"product_brand","embeddable":true,"href":"https:\/\/www.rucashk.com\/es\/wp-json\/wp\/v2\/product_brand?post=27487"},{"taxonomy":"product_cat","embeddable":true,"href":"https:\/\/www.rucashk.com\/es\/wp-json\/wp\/v2\/product_cat?post=27487"},{"taxonomy":"product_tag","embeddable":true,"href":"https:\/\/www.rucashk.com\/es\/wp-json\/wp\/v2\/product_tag?post=27487"}],"curies":[{"name":"wp","href":"https:\/\/api.w.org\/{rel}","templated":true}]}}