{"id":27482,"date":"2024-01-09T16:41:16","date_gmt":"2024-01-09T16:41:16","guid":{"rendered":"http:\/\/rucashk.com\/?post_type=product&#038;p=27482"},"modified":"2025-06-21T09:29:09","modified_gmt":"2025-06-21T09:29:09","slug":"logitech-4k-pro-magnetic-webcam-webcams","status":"publish","type":"product","link":"https:\/\/www.rucashk.com\/es\/producto\/logitech-4k-pro-magnetic-webcam-webcams\/","title":{"rendered":"C\u00e1maras web Logitech 4K PRO MAGNETIC WEBCAM"},"content":{"rendered":"<h2 class=\"body-copy-title font-title-m font-brown-bold dc-kohle tc-kohle mc-kohle\" style=\"text-align: center\">LA \u00daLTIMA C\u00c1MARA WEB PARA LA \u00daLTIMA PANTALLA<\/h2>\n<p style=\"text-align: center\">Dise\u00f1ada espec\u00edficamente para Apple Pro Display XDR, la c\u00e1mara web magn\u00e9tica 4K Pro te permite comunicarte, colaborar y grabar con una claridad Ultra HD excepcional. Un soporte magn\u00e9tico seguro facilita la instalaci\u00f3n y mantiene su c\u00e1mara web firmemente en su lugar, incluso cuando la inclina hacia arriba o hacia abajo.<\/p>\n<p><img fetchpriority=\"high\" decoding=\"async\" class=\"wp-image-36029 aligncenter\" src=\"\/wp-content\/uploads\/replace\/7b86f4e05c3bab69848297e811bb45a7.png\" alt=\"Logitech 4K PRO MAGNETIC WEBCAM Webcams\" width=\"855\" height=\"456\" \/><\/p>\n<p>&nbsp;<\/p>\n<h2 class=\"body-copy-title font-title-m font-brown-bold\" style=\"text-align: center\">DISE\u00d1ADO PARA PANTALLA PRO XDR<\/h2>\n<p style=\"text-align: center\">Agregue instant\u00e1neamente capacidades de comunicaci\u00f3n y colaboraci\u00f3n a su escritorio con una c\u00e1mara web 4K dise\u00f1ada para el monitor Pro Display XDR. Un soporte magn\u00e9tico seguro, ajustado a las dimensiones exactas del Pro Display XDR, mantiene la c\u00e1mara web estable mientras est\u00e1 en uso. Gracias a un acabado de aluminio anodizado, la c\u00e1mara web magn\u00e9tica 4K Pro se integra elegantemente en espacios de trabajo modernos y al mismo tiempo proporciona la \u00f3ptica avanzada que necesita.<\/p>\n<p>&nbsp;<\/p>\n<p><img decoding=\"async\" class=\"wp-image-36030 aligncenter\" src=\"\/wp-content\/uploads\/replace\/c73c26ca04bfba1ad1dbfd1af7795e97.png\" alt=\"Logitech 4K PRO MAGNETIC WEBCAM Webcams\" width=\"856\" height=\"482\" \/><\/p>\n<p>&nbsp;<\/p>\n<h2 class=\"h3\" style=\"text-align: center\">MONTAJE SIN ESFUERZO<\/h2>\n<p style=\"text-align: center\">No hay necesidad de buscar bisagras engorrosas o soportes inc\u00f3modos. Un potente soporte magn\u00e9tico fija r\u00e1pida y firmemente la c\u00e1mara web magn\u00e9tica 4K Pro a la parte superior del Pro Display XDR. La sujeci\u00f3n magn\u00e9tica es lo suficientemente fuerte como para mantener la c\u00e1mara web estable, incluso cuando se ajusta hacia arriba o hacia abajo.<\/p>\n<p>&nbsp;<\/p>\n<p><img decoding=\"async\" class=\"wp-image-36031 aligncenter\" src=\"\/wp-content\/uploads\/replace\/7357395106994413adef17c23f01b420.png\" alt=\"Logitech 4K PRO MAGNETIC WEBCAM Webcams\" width=\"854\" height=\"481\" \/><\/p>\n<p>&nbsp;<\/p>\n<h2 class=\"h3\" style=\"text-align: center\">CAPTURA DETALLES EN 4K ULTRA HD<\/h2>\n<p style=\"text-align: center\">Transmita videos n\u00edtidos con excelente resoluci\u00f3n, color y detalle. La c\u00e1mara web magn\u00e9tica 4K Pro ofrece 4K Ultra HD a 30 fps para una claridad, suavidad y detalles excepcionales.<\/p>\n<p>&nbsp;<\/p>\n<p><img loading=\"lazy\" decoding=\"async\" class=\"wp-image-36032 aligncenter\" src=\"\/wp-content\/uploads\/replace\/c6f34c6270841a9376a248160a26c57d.png\" alt=\"Logitech 4K PRO MAGNETIC WEBCAM Webcams\" width=\"854\" height=\"481\" \/><\/p>\n<p>&nbsp;<\/p>\n<h2 class=\"h3\" style=\"text-align: center\">HECHO CON PRECISI\u00d3N<\/h2>\n<p style=\"text-align: center\">Estamos obsesionados con ofrecer las mejores experiencias posibles. Es por eso que dise\u00f1amos y fabricamos nuestra propia \u00f3ptica, probando a lo largo del camino para garantizar que cada componente cumpla con nuestros exigentes est\u00e1ndares suizos. El resultado es una c\u00e1mara web de alta calidad digna de Pro Display XDR.<\/p>\n<p style=\"text-align: center\">\n<p><img loading=\"lazy\" decoding=\"async\" class=\"wp-image-36033 aligncenter\" src=\"\/wp-content\/uploads\/replace\/7f1e730b900547601a538580d0028ca2.png\" alt=\"Logitech 4K PRO MAGNETIC WEBCAM Webcams\" width=\"855\" height=\"604\" \/><\/p>\n<p>&nbsp;<\/p>\n<h2 class=\"h3\" style=\"text-align: center\">LUCE GENIAL CON CUALQUIER LUZ<\/h2>\n<p style=\"text-align: center\">\u00daselo en cualquier condici\u00f3n de iluminaci\u00f3n y luzca siempre lo mejor posible. Ya sea con poca luz o con luz solar directa, la c\u00e1mara web magn\u00e9tica 4K Pro con RightLight\u21223 y tecnolog\u00eda de alto rango din\u00e1mico (HDR) se ajusta para resaltar el sujeto m\u00e1s importante: usted.<\/p>\n<p>&nbsp;<\/p>\n<p><img loading=\"lazy\" decoding=\"async\" class=\"wp-image-36034 aligncenter\" src=\"\/wp-content\/uploads\/replace\/07d438bad03667c6b32e6d01807dfe79.png\" alt=\"Logitech 4K PRO MAGNETIC WEBCAM Webcams\" width=\"856\" height=\"482\" \/><\/p>\n<p>&nbsp;<\/p>\n<h2 class=\"h3\" style=\"text-align: center\">TOMA EL CONTROL CON LOGI TUNE<\/h2>\n<p style=\"text-align: center\">Logi Tune simplifica el control y la personalizaci\u00f3n de dispositivos personales en modelos seleccionados, incluida la c\u00e1mara web Logitech 4K Pro. La mini aplicaci\u00f3n funciona discretamente en su pantalla para una colaboraci\u00f3n de video ininterrumpida, brinda acercamiento y alejamiento, ajustes preestablecidos de color, ajustes de color, configuraci\u00f3n de enfoque manual y permite una f\u00e1cil descarga de actualizaciones de firmware.<\/p>\n<p>&nbsp;<\/p>\n<p><img loading=\"lazy\" decoding=\"async\" class=\"wp-image-36035 aligncenter\" src=\"\/wp-content\/uploads\/replace\/1f203cc2745253e49d2451e5b33df6f2.png\" alt=\"Logitech 4K PRO MAGNETIC WEBCAM Webcams\" width=\"857\" height=\"483\" \/><\/p>\n<p>&nbsp;<\/p>\n<p>&nbsp;<\/p>\n<h4 class=\"specs-heading\">Especificaciones<\/h4>\n<div class=\"specs-column\">\n<div class=\"specs-group\">\n<div class=\"specs-block\">\n<h5 class=\"specs-title\">Resoluci\u00f3n<\/h5>\n<ul class=\"specs-description-list\">\n<li>Admite hasta 4K (Ultra HD). La calidad del v\u00eddeo depende de las capacidades de la aplicaci\u00f3n de v\u00eddeo y de la estabilidad de Wi-Fi.<\/li>\n<li>Conectividad USB plug-and-play<\/li>\n<\/ul>\n<\/div>\n<div class=\"specs-block\">\n<h5 class=\"specs-title\">Campo de visi\u00f3n<\/h5>\n<ul class=\"specs-description-list\">\n<li><strong>Diagonal<\/strong>: 90\u00b0<\/li>\n<li><strong>Horizontal<\/strong>: 82,1\u00b0<\/li>\n<li><strong>Vertical<\/strong>: 52,2\u00b0<\/li>\n<\/ul>\n<\/div>\n<\/div>\n<\/div>","protected":false},"excerpt":{"rendered":"<h4 class=\"specs-heading\">Dimensiones<\/h4>\n<div class=\"specs-column\">\n<div class=\"specs-group\">\n<div class=\"specs-block\">\n<div class=\"specs-description\"><strong>Altura<\/strong>: 3,5 cm<\/div>\n<\/div>\n<div class=\"specs-block\">\n<div class=\"specs-description\"><strong>Ancho<\/strong>: 10,1 cm<\/div>\n<\/div>\n<div class=\"specs-block\">\n<div class=\"specs-description\"><strong>Profundidad<\/strong>: 2,7 cm<\/div>\n<\/div>\n<div class=\"specs-block\">\n<div class=\"specs-description\"><strong>Peso<\/strong>: 90,2 gramos<\/div>\n<\/div>\n<\/div>\n<\/div>","protected":false},"featured_media":27603,"template":"","meta":[],"product_brand":[1380],"product_cat":[1332,1322],"product_tag":[],"class_list":{"0":"post-27482","1":"product","2":"type-product","3":"status-publish","4":"has-post-thumbnail","6":"product_brand-logitech","7":"product_cat-logitech-other-a-brands","8":"product_cat-other-a-brands","10":"first","11":"instock","12":"shipping-taxable","13":"product-type-simple"},"aioseo_notices":[],"aioseo_head":"\n\t\t<!-- All in One SEO Pro 4.5.9.2 - aioseo.com -->\n\t\t<meta name=\"description\" content=\"Dimensions Height: 3.5 cm Width: 10.1 cm Depth: 2.7 cm Weight: 90.2 g\" \/>\n\t\t<meta name=\"robots\" content=\"max-image-preview:large\" \/>\n\t\t<link rel=\"canonical\" href=\"https:\/\/www.rucashk.com\/es\/producto\/logitech-4k-pro-magnetic-webcam-webcams\/\" \/>\n\t\t<meta name=\"generator\" content=\"All in One SEO Pro (AIOSEO) 4.5.9.2\" \/>\n\t\t<meta property=\"og:locale\" content=\"es_ES\" \/>\n\t\t<meta property=\"og:site_name\" content=\"Rucas - One-stop AIoT Distribution Worldwide\" \/>\n\t\t<meta property=\"og:type\" content=\"article\" \/>\n\t\t<meta property=\"og:title\" content=\"Logitech 4K PRO MAGNETIC WEBCAM Webcams - Rucas - Wholesale and Distribution\" \/>\n\t\t<meta property=\"og:description\" content=\"Dimensions Height: 3.5 cm Width: 10.1 cm Depth: 2.7 cm Weight: 90.2 g\" \/>\n\t\t<meta property=\"og:url\" content=\"https:\/\/www.rucashk.com\/es\/producto\/logitech-4k-pro-magnetic-webcam-webcams\/\" \/>\n\t\t<meta property=\"og:image\" content=\"https:\/\/www.rucashk.com\/wp-content\/uploads\/replace\/503b8e645f128a97ccde2b6290747646.jpeg\" \/>\n\t\t<meta property=\"og:image:secure_url\" content=\"https:\/\/www.rucashk.com\/wp-content\/uploads\/replace\/503b8e645f128a97ccde2b6290747646.jpeg\" \/>\n\t\t<meta property=\"og:image:width\" content=\"1456\" \/>\n\t\t<meta property=\"og:image:height\" content=\"816\" \/>\n\t\t<meta property=\"article:published_time\" content=\"2024-01-09T16:41:16+00:00\" \/>\n\t\t<meta property=\"article:modified_time\" content=\"2025-06-21T09:29:09+00:00\" \/>\n\t\t<meta name=\"twitter:card\" content=\"summary_large_image\" \/>\n\t\t<meta name=\"twitter:title\" content=\"Logitech 4K PRO MAGNETIC WEBCAM Webcams - Rucas - Wholesale and Distribution\" \/>\n\t\t<meta name=\"twitter:description\" content=\"Dimensions Height: 3.5 cm Width: 10.1 cm Depth: 2.7 cm Weight: 90.2 g\" \/>\n\t\t<meta name=\"twitter:image\" content=\"https:\/\/www.rucashk.com\/wp-content\/uploads\/replace\/503b8e645f128a97ccde2b6290747646.jpeg\" \/>\n\t\t<script type=\"application\/ld+json\" class=\"aioseo-schema\">\n\t\t\t{\"@context\":\"https:\\\/\\\/schema.org\",\"@graph\":[{\"@type\":\"BreadcrumbList\",\"@id\":\"https:\\\/\\\/www.rucashk.com\\\/es\\\/producto\\\/logitech-4k-pro-magnetic-webcam-webcams\\\/#breadcrumblist\",\"itemListElement\":[{\"@type\":\"ListItem\",\"@id\":\"https:\\\/\\\/www.rucashk.com\\\/es\\\/#listItem\",\"position\":1,\"name\":\"Home\",\"item\":\"https:\\\/\\\/www.rucashk.com\\\/es\\\/\",\"nextItem\":\"https:\\\/\\\/www.rucashk.com\\\/es\\\/producto\\\/logitech-4k-pro-magnetic-webcam-webcams\\\/#listItem\"},{\"@type\":\"ListItem\",\"@id\":\"https:\\\/\\\/www.rucashk.com\\\/es\\\/producto\\\/logitech-4k-pro-magnetic-webcam-webcams\\\/#listItem\",\"position\":2,\"name\":\"Logitech 4K PRO MAGNETIC WEBCAM Webcams\",\"previousItem\":\"https:\\\/\\\/www.rucashk.com\\\/es\\\/#listItem\"}]},{\"@type\":\"Organization\",\"@id\":\"https:\\\/\\\/www.rucashk.com\\\/es\\\/#organization\",\"name\":\"Rucas\",\"url\":\"https:\\\/\\\/www.rucashk.com\\\/es\\\/\",\"logo\":{\"@type\":\"ImageObject\",\"url\":\"https:\\\/\\\/www.rucashk.com\\\/wp-content\\\/uploads\\\/2023\\\/12\\\/Rucas_campany_logo.png\",\"@id\":\"https:\\\/\\\/www.rucashk.com\\\/es\\\/producto\\\/logitech-4k-pro-magnetic-webcam-webcams\\\/#organizationLogo\",\"width\":221,\"height\":65},\"image\":{\"@id\":\"https:\\\/\\\/www.rucashk.com\\\/es\\\/#organizationLogo\"}},{\"@type\":\"Person\",\"@id\":\"https:\\\/\\\/www.rucashk.com\\\/es\\\/author\\\/admin\\\/#author\",\"url\":\"https:\\\/\\\/www.rucashk.com\\\/es\\\/author\\\/admin\\\/\",\"name\":\"admin\",\"image\":{\"@type\":\"ImageObject\",\"@id\":\"https:\\\/\\\/www.rucashk.com\\\/es\\\/producto\\\/logitech-4k-pro-magnetic-webcam-webcams\\\/#authorImage\",\"url\":\"https:\\\/\\\/secure.gravatar.com\\\/avatar\\\/b7c8925b09a27e72b30232f8ecaadbd5af0f70a38c78096863fe51b64f031c24?s=96&d=mm&r=g\",\"width\":96,\"height\":96,\"caption\":\"admin\"}},{\"@type\":\"WebPage\",\"@id\":\"https:\\\/\\\/www.rucashk.com\\\/es\\\/producto\\\/logitech-4k-pro-magnetic-webcam-webcams\\\/#webpage\",\"url\":\"https:\\\/\\\/www.rucashk.com\\\/es\\\/producto\\\/logitech-4k-pro-magnetic-webcam-webcams\\\/\",\"name\":\"Logitech 4K PRO MAGNETIC WEBCAM Webcams - Rucas - Wholesale and Distribution\",\"description\":\"Dimensions Height: 3.5 cm Width: 10.1 cm Depth: 2.7 cm Weight: 90.2 g\",\"inLanguage\":\"es-ES\",\"isPartOf\":{\"@id\":\"https:\\\/\\\/www.rucashk.com\\\/es\\\/#website\"},\"breadcrumb\":{\"@id\":\"https:\\\/\\\/www.rucashk.com\\\/es\\\/producto\\\/logitech-4k-pro-magnetic-webcam-webcams\\\/#breadcrumblist\"},\"author\":{\"@id\":\"https:\\\/\\\/www.rucashk.com\\\/es\\\/author\\\/admin\\\/#author\"},\"creator\":{\"@id\":\"https:\\\/\\\/www.rucashk.com\\\/es\\\/author\\\/admin\\\/#author\"},\"image\":{\"@type\":\"ImageObject\",\"url\":\"https:\\\/\\\/www.rucashk.com\\\/wp-content\\\/uploads\\\/2024\\\/01\\\/2a4646e906b9913dbb75ad944047dc1.png\",\"@id\":\"https:\\\/\\\/www.rucashk.com\\\/es\\\/producto\\\/logitech-4k-pro-magnetic-webcam-webcams\\\/#mainImage\",\"width\":801,\"height\":536},\"primaryImageOfPage\":{\"@id\":\"https:\\\/\\\/www.rucashk.com\\\/es\\\/producto\\\/logitech-4k-pro-magnetic-webcam-webcams\\\/#mainImage\"},\"datePublished\":\"2024-01-09T16:41:16+00:00\",\"dateModified\":\"2025-06-21T09:29:09+00:00\"},{\"@type\":\"WebSite\",\"@id\":\"https:\\\/\\\/www.rucashk.com\\\/es\\\/#website\",\"url\":\"https:\\\/\\\/www.rucashk.com\\\/es\\\/\",\"name\":\"Rucas - Wholesale and distribution worldwide\",\"alternateName\":\"Rucas - One-stop AIoT Distribution Worldwide\",\"description\":\"One-stop AIoT Distribution Worldwide\",\"inLanguage\":\"es-ES\",\"publisher\":{\"@id\":\"https:\\\/\\\/www.rucashk.com\\\/es\\\/#organization\"}}]}\n\t\t<\/script>\n\t\t<!-- All in One SEO Pro -->\r\n\t\t<title>Logitech 4K PRO MAGNETIC WEBCAM Webcams - Rucas - Wholesale and Distribution<\/title>\n\n","aioseo_head_json":{"title":"Logitech 4K PRO MAGNETIC WEBCAM Webcams - Rucas - Wholesale and Distribution","description":"Dimensions Height: 3.5 cm Width: 10.1 cm Depth: 2.7 cm Weight: 90.2 g","canonical_url":"https:\/\/www.rucashk.com\/es\/producto\/logitech-4k-pro-magnetic-webcam-webcams\/","robots":"max-image-preview:large","keywords":"","webmasterTools":{"miscellaneous":""},"og:locale":"es_ES","og:site_name":"Rucas - One-stop AIoT Distribution Worldwide","og:type":"article","og:title":"Logitech 4K PRO MAGNETIC WEBCAM Webcams - Rucas - Wholesale and Distribution","og:description":"Dimensions Height: 3.5 cm Width: 10.1 cm Depth: 2.7 cm Weight: 90.2 g","og:url":"https:\/\/www.rucashk.com\/es\/producto\/logitech-4k-pro-magnetic-webcam-webcams\/","og:image":"https:\/\/www.rucashk.com\/wp-content\/uploads\/replace\/503b8e645f128a97ccde2b6290747646.jpeg","og:image:secure_url":"https:\/\/www.rucashk.com\/wp-content\/uploads\/replace\/503b8e645f128a97ccde2b6290747646.jpeg","og:image:width":1456,"og:image:height":816,"article:published_time":"2024-01-09T16:41:16+00:00","article:modified_time":"2025-06-21T09:29:09+00:00","twitter:card":"summary_large_image","twitter:title":"Logitech 4K PRO MAGNETIC WEBCAM Webcams - Rucas - Wholesale and Distribution","twitter:description":"Dimensions Height: 3.5 cm Width: 10.1 cm Depth: 2.7 cm Weight: 90.2 g","twitter:image":"https:\/\/www.rucashk.com\/wp-content\/uploads\/replace\/503b8e645f128a97ccde2b6290747646.jpeg","schema":{"@context":"https:\/\/schema.org","@graph":[{"@type":"BreadcrumbList","@id":"https:\/\/www.rucashk.com\/es\/producto\/logitech-4k-pro-magnetic-webcam-webcams\/#breadcrumblist","itemListElement":[{"@type":"ListItem","@id":"https:\/\/www.rucashk.com\/es\/#listItem","position":1,"name":"Home","item":"https:\/\/www.rucashk.com\/es\/","nextItem":"https:\/\/www.rucashk.com\/es\/producto\/logitech-4k-pro-magnetic-webcam-webcams\/#listItem"},{"@type":"ListItem","@id":"https:\/\/www.rucashk.com\/es\/producto\/logitech-4k-pro-magnetic-webcam-webcams\/#listItem","position":2,"name":"Logitech 4K PRO MAGNETIC WEBCAM Webcams","previousItem":"https:\/\/www.rucashk.com\/es\/#listItem"}]},{"@type":"Organization","@id":"https:\/\/www.rucashk.com\/es\/#organization","name":"Rucas","url":"https:\/\/www.rucashk.com\/es\/","logo":{"@type":"ImageObject","url":"https:\/\/www.rucashk.com\/wp-content\/uploads\/2023\/12\/Rucas_campany_logo.png","@id":"https:\/\/www.rucashk.com\/es\/producto\/logitech-4k-pro-magnetic-webcam-webcams\/#organizationLogo","width":221,"height":65},"image":{"@id":"https:\/\/www.rucashk.com\/es\/#organizationLogo"}},{"@type":"Person","@id":"https:\/\/www.rucashk.com\/es\/author\/admin\/#author","url":"https:\/\/www.rucashk.com\/es\/author\/admin\/","name":"admin","image":{"@type":"ImageObject","@id":"https:\/\/www.rucashk.com\/es\/producto\/logitech-4k-pro-magnetic-webcam-webcams\/#authorImage","url":"https:\/\/secure.gravatar.com\/avatar\/b7c8925b09a27e72b30232f8ecaadbd5af0f70a38c78096863fe51b64f031c24?s=96&d=mm&r=g","width":96,"height":96,"caption":"admin"}},{"@type":"WebPage","@id":"https:\/\/www.rucashk.com\/es\/producto\/logitech-4k-pro-magnetic-webcam-webcams\/#webpage","url":"https:\/\/www.rucashk.com\/es\/producto\/logitech-4k-pro-magnetic-webcam-webcams\/","name":"Logitech 4K PRO MAGNETIC WEBCAM Webcams - Rucas - Wholesale and Distribution","description":"Dimensions Height: 3.5 cm Width: 10.1 cm Depth: 2.7 cm Weight: 90.2 g","inLanguage":"es-ES","isPartOf":{"@id":"https:\/\/www.rucashk.com\/es\/#website"},"breadcrumb":{"@id":"https:\/\/www.rucashk.com\/es\/producto\/logitech-4k-pro-magnetic-webcam-webcams\/#breadcrumblist"},"author":{"@id":"https:\/\/www.rucashk.com\/es\/author\/admin\/#author"},"creator":{"@id":"https:\/\/www.rucashk.com\/es\/author\/admin\/#author"},"image":{"@type":"ImageObject","url":"https:\/\/www.rucashk.com\/wp-content\/uploads\/2024\/01\/2a4646e906b9913dbb75ad944047dc1.png","@id":"https:\/\/www.rucashk.com\/es\/producto\/logitech-4k-pro-magnetic-webcam-webcams\/#mainImage","width":801,"height":536},"primaryImageOfPage":{"@id":"https:\/\/www.rucashk.com\/es\/producto\/logitech-4k-pro-magnetic-webcam-webcams\/#mainImage"},"datePublished":"2024-01-09T16:41:16+00:00","dateModified":"2025-06-21T09:29:09+00:00"},{"@type":"WebSite","@id":"https:\/\/www.rucashk.com\/es\/#website","url":"https:\/\/www.rucashk.com\/es\/","name":"Rucas - Wholesale and distribution worldwide","alternateName":"Rucas - One-stop AIoT Distribution Worldwide","description":"One-stop AIoT Distribution Worldwide","inLanguage":"es-ES","publisher":{"@id":"https:\/\/www.rucashk.com\/es\/#organization"}}]}},"aioseo_meta_data":{"post_id":"27482","title":null,"description":null,"keywords":null,"keyphrases":null,"primary_term":null,"canonical_url":null,"og_title":null,"og_description":null,"og_object_type":"default","og_image_type":"default","og_image_url":null,"og_image_width":null,"og_image_height":null,"og_image_custom_url":null,"og_image_custom_fields":null,"og_video":"","og_custom_url":null,"og_article_section":null,"og_article_tags":null,"twitter_use_og":false,"twitter_card":"default","twitter_image_type":"default","twitter_image_url":null,"twitter_image_custom_url":null,"twitter_image_custom_fields":null,"twitter_title":null,"twitter_description":null,"schema":{"blockGraphs":[],"customGraphs":[],"default":{"data":{"Article":[],"Course":[],"Dataset":[],"FAQPage":[],"Movie":[],"Person":[],"Product":[],"Recipe":[],"Service":[],"SoftwareApplication":[],"WebPage":[]},"graphName":"","isEnabled":true},"graphs":[]},"schema_type":"default","schema_type_options":null,"pillar_content":false,"robots_default":true,"robots_noindex":false,"robots_noarchive":false,"robots_nosnippet":false,"robots_nofollow":false,"robots_noimageindex":false,"robots_noodp":false,"robots_notranslate":false,"robots_max_snippet":"-1","robots_max_videopreview":"-1","robots_max_imagepreview":"large","priority":null,"frequency":"default","local_seo":null,"breadcrumb_settings":null,"limit_modified_date":false,"created":"2024-04-11 01:57:22","updated":"2025-06-22 18:36:57"},"aioseo_breadcrumb":"<div class=\"aioseo-breadcrumbs\"><span class=\"aioseo-breadcrumb\">\n\t<a href=\"https:\/\/www.rucashk.com\/es\" title=\"Home\">Home<\/a>\n<\/span><span class=\"aioseo-breadcrumb-separator\">&raquo;<\/span><span class=\"aioseo-breadcrumb\">\n\t<a href=\"https:\/\/www.rucashk.com\/es\/products\/\" title=\"Productos\">Productos<\/a>\n<\/span><span class=\"aioseo-breadcrumb-separator\">&raquo;<\/span><span class=\"aioseo-breadcrumb\">\n\t<a href=\"https:\/\/www.rucashk.com\/es\/marca\/logitech\/\" title=\"Logitech\">Logitech<\/a>\n<\/span><span class=\"aioseo-breadcrumb-separator\">&raquo;<\/span><span class=\"aioseo-breadcrumb\">\n\tLogitech 4K PRO MAGNETIC WEBCAM Webcams\n<\/span><\/div>","aioseo_breadcrumb_json":[{"label":"Home","link":"https:\/\/www.rucashk.com\/es"},{"label":"Productos","link":"https:\/\/www.rucashk.com\/es\/products\/"},{"label":"Logitech","link":"https:\/\/www.rucashk.com\/es\/marca\/logitech\/"},{"label":"Logitech 4K PRO MAGNETIC WEBCAM Webcams","link":"https:\/\/www.rucashk.com\/es\/producto\/logitech-4k-pro-magnetic-webcam-webcams\/"}],"_links":{"self":[{"href":"https:\/\/www.rucashk.com\/es\/wp-json\/wp\/v2\/product\/27482","targetHints":{"allow":["GET"]}}],"collection":[{"href":"https:\/\/www.rucashk.com\/es\/wp-json\/wp\/v2\/product"}],"about":[{"href":"https:\/\/www.rucashk.com\/es\/wp-json\/wp\/v2\/types\/product"}],"wp:featuredmedia":[{"embeddable":true,"href":"https:\/\/www.rucashk.com\/es\/wp-json\/wp\/v2\/media\/27603"}],"wp:attachment":[{"href":"https:\/\/www.rucashk.com\/es\/wp-json\/wp\/v2\/media?parent=27482"}],"wp:term":[{"taxonomy":"product_brand","embeddable":true,"href":"https:\/\/www.rucashk.com\/es\/wp-json\/wp\/v2\/product_brand?post=27482"},{"taxonomy":"product_cat","embeddable":true,"href":"https:\/\/www.rucashk.com\/es\/wp-json\/wp\/v2\/product_cat?post=27482"},{"taxonomy":"product_tag","embeddable":true,"href":"https:\/\/www.rucashk.com\/es\/wp-json\/wp\/v2\/product_tag?post=27482"}],"curies":[{"name":"wp","href":"https:\/\/api.w.org\/{rel}","templated":true}]}}