{"id":27481,"date":"2024-01-09T16:41:16","date_gmt":"2024-01-09T16:41:16","guid":{"rendered":"http:\/\/rucashk.com\/?post_type=product&#038;p=27481"},"modified":"2025-06-21T09:29:01","modified_gmt":"2025-06-21T09:29:01","slug":"logitech-c270-hd-webcam-webcams","status":"publish","type":"product","link":"https:\/\/www.rucashk.com\/es\/producto\/logitech-c270-hd-webcam-webcams\/","title":{"rendered":"C\u00e1maras web Logitech C270 HD WEBCAM"},"content":{"rendered":"<h2 class=\"body-copy-title font-title-m font-brown-bold\" style=\"text-align: center\">VIDEOLLAMADAS SENCILLAS EN HD<\/h2>\n<p style=\"text-align: center\">La c\u00e1mara web C270 HD le ofrece llamadas de conferencia n\u00edtidas y fluidas (720p\/30 fps) en un formato de pantalla panor\u00e1mica. La correcci\u00f3n de luz autom\u00e1tica te muestra en colores naturales y realistas.<\/p>\n<p>&nbsp;<\/p>\n<p><img fetchpriority=\"high\" decoding=\"async\" class=\"wp-image-36018 aligncenter\" src=\"\/wp-content\/uploads\/replace\/8f9c60eae0b6336504d49de42537e831.png\" alt=\"Logitech C270 HD WEBCAM Webcams\" width=\"860\" height=\"384\" \/><\/p>\n<p>&nbsp;<\/p>\n<h2 class=\"font-title-m js-title\" style=\"text-align: center\">VIDEOLLAMADAS EN PANTALLA ANCHA HD 720P<\/h2>\n<div class=\"body-copy-ctn js-body-copy-ctn rte-field\" style=\"text-align: center\">\n<p>Videollamadas n\u00edtidas en HD 720p\/30 fps con campo de visi\u00f3n diagonal de 55\u00b0 y correcci\u00f3n de luz autom\u00e1tica. Compatible con plataformas populares, incluido Skype<sup>MT<\/sup>\u00a0y acercar<sup>\u00ae<\/sup>.<\/p>\n<\/div>\n<p style=\"text-align: center\">\n<p><img decoding=\"async\" class=\"wp-image-36019 aligncenter\" src=\"\/wp-content\/uploads\/replace\/e5cfc6db8887ba93c24bd6d6f766c7b0.png\" alt=\"Logitech C270 HD WEBCAM Webcams\" width=\"859\" height=\"530\" \/><\/p>\n<p>&nbsp;<\/p>\n<h2 class=\"h3\" style=\"text-align: center\">MICR\u00d3FONO MONO REDUCTOR DE RUIDO<\/h2>\n<p style=\"text-align: center\">El micr\u00f3fono reductor de ruido incorporado garantiza que su voz se escuche claramente hasta a 1,5 metros de distancia, incluso si se encuentra en un entorno concurrido.<\/p>\n<p>&nbsp;<\/p>\n<p><img decoding=\"async\" class=\"wp-image-36020 aligncenter\" src=\"\/wp-content\/uploads\/replace\/c59c88c64bfc4f29e49e850f27d4b2dc.png\" alt=\"Logitech C270 HD WEBCAM Webcams\" width=\"857\" height=\"483\" \/><\/p>\n<p>&nbsp;<\/p>\n<h2 class=\"h3\" style=\"text-align: center\">CORRECCI\u00d3N AUTOM\u00c1TICA DE ILUMINACI\u00d3N<\/h2>\n<p style=\"text-align: center\">Luz derecha del C270<sup>MT<\/sup>\u00a02 se ajusta a las condiciones de iluminaci\u00f3n, produciendo im\u00e1genes m\u00e1s brillantes y contrastadas para ayudarle a verse bien en todas sus conferencias telef\u00f3nicas.<\/p>\n<p>&nbsp;<\/p>\n<p><img loading=\"lazy\" decoding=\"async\" class=\"wp-image-36021 aligncenter\" src=\"\/wp-content\/uploads\/replace\/45ea420cf5148809c210333c4314dbf6.png\" alt=\"Logitech C270 HD WEBCAM Webcams\" width=\"856\" height=\"482\" \/><\/p>\n<p>&nbsp;<\/p>\n<h2 class=\"h3\" style=\"text-align: center\">OPCI\u00d3N DE MONTAJE FIRME<\/h2>\n<p style=\"text-align: center\">El clip universal ajustable le permite sujetar la c\u00e1mara de forma segura a su pantalla o computadora port\u00e1til, o doblar el clip y colocar la c\u00e1mara web en un estante. Siempre estar\u00e1s listo para tu pr\u00f3xima videollamada.<\/p>\n<p>&nbsp;<\/p>\n<p><img loading=\"lazy\" decoding=\"async\" class=\"wp-image-36022 aligncenter\" src=\"\/wp-content\/uploads\/replace\/0a5dc17e349d5a4fe175be2e18733163.png\" alt=\"Logitech C270 HD WEBCAM Webcams\" width=\"857\" height=\"480\" \/><\/p>\n<p>&nbsp;<\/p>\n<p>&nbsp;<\/p>\n<h4 class=\"specs-heading\">Especificaciones<\/h4>\n<div class=\"specs-column\">\n<div class=\"specs-group\">\n<div class=\"specs-block\">\n<div class=\"specs-description\"><strong>Resoluci\u00f3n m\u00e1xima<\/strong>: 720p\/30fps<\/div>\n<\/div>\n<div class=\"specs-block\">\n<div class=\"specs-description\"><strong>C\u00e1mara megap\u00edxel<\/strong>: 0.9<\/div>\n<\/div>\n<div class=\"specs-block\">\n<div class=\"specs-description\"><strong>Tipo de enfoque<\/strong>: foco fijo<\/div>\n<\/div>\n<div class=\"specs-block\">\n<div class=\"specs-description\"><strong>Tipo de lente<\/strong>: el plastico<\/div>\n<\/div>\n<div class=\"specs-block\">\n<div class=\"specs-description\"><strong>micr\u00f3fono incorporado<\/strong>: Mononucleosis infecciosa<\/div>\n<\/div>\n<div class=\"specs-block\">\n<div class=\"specs-description\"><strong>Rango de micr\u00f3fono<\/strong>: Hasta 1 metro<\/div>\n<\/div>\n<div class=\"specs-block\">\n<div class=\"specs-description\"><strong>Campo de visi\u00f3n diagonal (dFoV)<\/strong>: 55\u00b0<\/div>\n<\/div>\n<div class=\"specs-block\">\n<div class=\"specs-description\">Clip de montaje universal para port\u00e1tiles, LCD o monitores<\/div>\n<\/div>\n<\/div>\n<\/div>","protected":false},"excerpt":{"rendered":"<h5 class=\"specs-title\">Dimensiones incluyendo clip de montaje fijo<\/h5>\n<ul class=\"specs-description-list\">\n<li><strong>Altura<\/strong>: 72,91 mil\u00edmetros<\/li>\n<li><strong>Ancho<\/strong>: 31,91 mil\u00edmetros<\/li>\n<li><strong>Profundidad<\/strong>: 66,64 mil\u00edmetros<\/li>\n<li><strong>Longitud del cable<\/strong>: 1,5 metros<\/li>\n<li><strong>Peso<\/strong>: 75 gramos<\/li>\n<\/ul>","protected":false},"featured_media":27598,"template":"","meta":[],"product_brand":[1380],"product_cat":[1332,1322],"product_tag":[],"class_list":{"0":"post-27481","1":"product","2":"type-product","3":"status-publish","4":"has-post-thumbnail","6":"product_brand-logitech","7":"product_cat-logitech-other-a-brands","8":"product_cat-other-a-brands","10":"first","11":"instock","12":"shipping-taxable","13":"product-type-simple"},"aioseo_notices":[],"aioseo_head":"\n\t\t<!-- All in One SEO Pro 4.5.9.2 - aioseo.com -->\n\t\t<meta name=\"description\" content=\"Dimensions including fixed mounting clip Height: 72.91 mm Width: 31.91 mm Depth: 66.64 mm Cable length: 1.5 m Weight: 75 g\" \/>\n\t\t<meta name=\"robots\" content=\"max-image-preview:large\" \/>\n\t\t<link rel=\"canonical\" href=\"https:\/\/www.rucashk.com\/es\/producto\/logitech-c270-hd-webcam-webcams\/\" \/>\n\t\t<meta name=\"generator\" content=\"All in One SEO Pro (AIOSEO) 4.5.9.2\" \/>\n\t\t<meta property=\"og:locale\" content=\"es_ES\" \/>\n\t\t<meta property=\"og:site_name\" content=\"Rucas - One-stop AIoT Distribution Worldwide\" \/>\n\t\t<meta property=\"og:type\" content=\"article\" \/>\n\t\t<meta property=\"og:title\" content=\"Logitech C270 HD WEBCAM Webcams - Rucas - Wholesale and Distribution\" \/>\n\t\t<meta property=\"og:description\" content=\"Dimensions including fixed mounting clip Height: 72.91 mm Width: 31.91 mm Depth: 66.64 mm Cable length: 1.5 m Weight: 75 g\" \/>\n\t\t<meta property=\"og:url\" content=\"https:\/\/www.rucashk.com\/es\/producto\/logitech-c270-hd-webcam-webcams\/\" \/>\n\t\t<meta property=\"og:image\" content=\"https:\/\/www.rucashk.com\/wp-content\/uploads\/replace\/503b8e645f128a97ccde2b6290747646.jpeg\" \/>\n\t\t<meta property=\"og:image:secure_url\" content=\"https:\/\/www.rucashk.com\/wp-content\/uploads\/replace\/503b8e645f128a97ccde2b6290747646.jpeg\" \/>\n\t\t<meta property=\"og:image:width\" content=\"1456\" \/>\n\t\t<meta property=\"og:image:height\" content=\"816\" \/>\n\t\t<meta property=\"article:published_time\" content=\"2024-01-09T16:41:16+00:00\" \/>\n\t\t<meta property=\"article:modified_time\" content=\"2025-06-21T09:29:01+00:00\" \/>\n\t\t<meta name=\"twitter:card\" content=\"summary_large_image\" \/>\n\t\t<meta name=\"twitter:title\" content=\"Logitech C270 HD WEBCAM Webcams - Rucas - Wholesale and Distribution\" \/>\n\t\t<meta name=\"twitter:description\" content=\"Dimensions including fixed mounting clip Height: 72.91 mm Width: 31.91 mm Depth: 66.64 mm Cable length: 1.5 m Weight: 75 g\" \/>\n\t\t<meta name=\"twitter:image\" content=\"https:\/\/www.rucashk.com\/wp-content\/uploads\/replace\/503b8e645f128a97ccde2b6290747646.jpeg\" \/>\n\t\t<script type=\"application\/ld+json\" class=\"aioseo-schema\">\n\t\t\t{\"@context\":\"https:\\\/\\\/schema.org\",\"@graph\":[{\"@type\":\"BreadcrumbList\",\"@id\":\"https:\\\/\\\/www.rucashk.com\\\/es\\\/producto\\\/logitech-c270-hd-webcam-webcams\\\/#breadcrumblist\",\"itemListElement\":[{\"@type\":\"ListItem\",\"@id\":\"https:\\\/\\\/www.rucashk.com\\\/es\\\/#listItem\",\"position\":1,\"name\":\"Home\",\"item\":\"https:\\\/\\\/www.rucashk.com\\\/es\\\/\",\"nextItem\":\"https:\\\/\\\/www.rucashk.com\\\/es\\\/producto\\\/logitech-c270-hd-webcam-webcams\\\/#listItem\"},{\"@type\":\"ListItem\",\"@id\":\"https:\\\/\\\/www.rucashk.com\\\/es\\\/producto\\\/logitech-c270-hd-webcam-webcams\\\/#listItem\",\"position\":2,\"name\":\"Logitech C270 HD WEBCAM Webcams\",\"previousItem\":\"https:\\\/\\\/www.rucashk.com\\\/es\\\/#listItem\"}]},{\"@type\":\"Organization\",\"@id\":\"https:\\\/\\\/www.rucashk.com\\\/es\\\/#organization\",\"name\":\"Rucas\",\"url\":\"https:\\\/\\\/www.rucashk.com\\\/es\\\/\",\"logo\":{\"@type\":\"ImageObject\",\"url\":\"https:\\\/\\\/www.rucashk.com\\\/wp-content\\\/uploads\\\/2023\\\/12\\\/Rucas_campany_logo.png\",\"@id\":\"https:\\\/\\\/www.rucashk.com\\\/es\\\/producto\\\/logitech-c270-hd-webcam-webcams\\\/#organizationLogo\",\"width\":221,\"height\":65},\"image\":{\"@id\":\"https:\\\/\\\/www.rucashk.com\\\/es\\\/#organizationLogo\"}},{\"@type\":\"Person\",\"@id\":\"https:\\\/\\\/www.rucashk.com\\\/es\\\/author\\\/admin\\\/#author\",\"url\":\"https:\\\/\\\/www.rucashk.com\\\/es\\\/author\\\/admin\\\/\",\"name\":\"admin\",\"image\":{\"@type\":\"ImageObject\",\"@id\":\"https:\\\/\\\/www.rucashk.com\\\/es\\\/producto\\\/logitech-c270-hd-webcam-webcams\\\/#authorImage\",\"url\":\"https:\\\/\\\/secure.gravatar.com\\\/avatar\\\/b7c8925b09a27e72b30232f8ecaadbd5af0f70a38c78096863fe51b64f031c24?s=96&d=mm&r=g\",\"width\":96,\"height\":96,\"caption\":\"admin\"}},{\"@type\":\"WebPage\",\"@id\":\"https:\\\/\\\/www.rucashk.com\\\/es\\\/producto\\\/logitech-c270-hd-webcam-webcams\\\/#webpage\",\"url\":\"https:\\\/\\\/www.rucashk.com\\\/es\\\/producto\\\/logitech-c270-hd-webcam-webcams\\\/\",\"name\":\"Logitech C270 HD WEBCAM Webcams - Rucas - Wholesale and Distribution\",\"description\":\"Dimensions including fixed mounting clip Height: 72.91 mm Width: 31.91 mm Depth: 66.64 mm Cable length: 1.5 m Weight: 75 g\",\"inLanguage\":\"es-ES\",\"isPartOf\":{\"@id\":\"https:\\\/\\\/www.rucashk.com\\\/es\\\/#website\"},\"breadcrumb\":{\"@id\":\"https:\\\/\\\/www.rucashk.com\\\/es\\\/producto\\\/logitech-c270-hd-webcam-webcams\\\/#breadcrumblist\"},\"author\":{\"@id\":\"https:\\\/\\\/www.rucashk.com\\\/es\\\/author\\\/admin\\\/#author\"},\"creator\":{\"@id\":\"https:\\\/\\\/www.rucashk.com\\\/es\\\/author\\\/admin\\\/#author\"},\"image\":{\"@type\":\"ImageObject\",\"url\":\"https:\\\/\\\/www.rucashk.com\\\/wp-content\\\/uploads\\\/2024\\\/01\\\/10003-14.webp\",\"@id\":\"https:\\\/\\\/www.rucashk.com\\\/es\\\/producto\\\/logitech-c270-hd-webcam-webcams\\\/#mainImage\",\"width\":800,\"height\":800},\"primaryImageOfPage\":{\"@id\":\"https:\\\/\\\/www.rucashk.com\\\/es\\\/producto\\\/logitech-c270-hd-webcam-webcams\\\/#mainImage\"},\"datePublished\":\"2024-01-09T16:41:16+00:00\",\"dateModified\":\"2025-06-21T09:29:01+00:00\"},{\"@type\":\"WebSite\",\"@id\":\"https:\\\/\\\/www.rucashk.com\\\/es\\\/#website\",\"url\":\"https:\\\/\\\/www.rucashk.com\\\/es\\\/\",\"name\":\"Rucas - Wholesale and distribution worldwide\",\"alternateName\":\"Rucas - One-stop AIoT Distribution Worldwide\",\"description\":\"One-stop AIoT Distribution Worldwide\",\"inLanguage\":\"es-ES\",\"publisher\":{\"@id\":\"https:\\\/\\\/www.rucashk.com\\\/es\\\/#organization\"}}]}\n\t\t<\/script>\n\t\t<!-- All in One SEO Pro -->\r\n\t\t<title>Logitech C270 HD WEBCAM Webcams - Rucas - Wholesale and Distribution<\/title>\n\n","aioseo_head_json":{"title":"Logitech C270 HD WEBCAM Webcams - Rucas - Wholesale and Distribution","description":"Dimensions including fixed mounting clip Height: 72.91 mm Width: 31.91 mm Depth: 66.64 mm Cable length: 1.5 m Weight: 75 g","canonical_url":"https:\/\/www.rucashk.com\/es\/producto\/logitech-c270-hd-webcam-webcams\/","robots":"max-image-preview:large","keywords":"","webmasterTools":{"miscellaneous":""},"og:locale":"es_ES","og:site_name":"Rucas - One-stop AIoT Distribution Worldwide","og:type":"article","og:title":"Logitech C270 HD WEBCAM Webcams - Rucas - Wholesale and Distribution","og:description":"Dimensions including fixed mounting clip Height: 72.91 mm Width: 31.91 mm Depth: 66.64 mm Cable length: 1.5 m Weight: 75 g","og:url":"https:\/\/www.rucashk.com\/es\/producto\/logitech-c270-hd-webcam-webcams\/","og:image":"https:\/\/www.rucashk.com\/wp-content\/uploads\/replace\/503b8e645f128a97ccde2b6290747646.jpeg","og:image:secure_url":"https:\/\/www.rucashk.com\/wp-content\/uploads\/replace\/503b8e645f128a97ccde2b6290747646.jpeg","og:image:width":1456,"og:image:height":816,"article:published_time":"2024-01-09T16:41:16+00:00","article:modified_time":"2025-06-21T09:29:01+00:00","twitter:card":"summary_large_image","twitter:title":"Logitech C270 HD WEBCAM Webcams - Rucas - Wholesale and Distribution","twitter:description":"Dimensions including fixed mounting clip Height: 72.91 mm Width: 31.91 mm Depth: 66.64 mm Cable length: 1.5 m Weight: 75 g","twitter:image":"https:\/\/www.rucashk.com\/wp-content\/uploads\/replace\/503b8e645f128a97ccde2b6290747646.jpeg","schema":{"@context":"https:\/\/schema.org","@graph":[{"@type":"BreadcrumbList","@id":"https:\/\/www.rucashk.com\/es\/producto\/logitech-c270-hd-webcam-webcams\/#breadcrumblist","itemListElement":[{"@type":"ListItem","@id":"https:\/\/www.rucashk.com\/es\/#listItem","position":1,"name":"Home","item":"https:\/\/www.rucashk.com\/es\/","nextItem":"https:\/\/www.rucashk.com\/es\/producto\/logitech-c270-hd-webcam-webcams\/#listItem"},{"@type":"ListItem","@id":"https:\/\/www.rucashk.com\/es\/producto\/logitech-c270-hd-webcam-webcams\/#listItem","position":2,"name":"Logitech C270 HD WEBCAM Webcams","previousItem":"https:\/\/www.rucashk.com\/es\/#listItem"}]},{"@type":"Organization","@id":"https:\/\/www.rucashk.com\/es\/#organization","name":"Rucas","url":"https:\/\/www.rucashk.com\/es\/","logo":{"@type":"ImageObject","url":"https:\/\/www.rucashk.com\/wp-content\/uploads\/2023\/12\/Rucas_campany_logo.png","@id":"https:\/\/www.rucashk.com\/es\/producto\/logitech-c270-hd-webcam-webcams\/#organizationLogo","width":221,"height":65},"image":{"@id":"https:\/\/www.rucashk.com\/es\/#organizationLogo"}},{"@type":"Person","@id":"https:\/\/www.rucashk.com\/es\/author\/admin\/#author","url":"https:\/\/www.rucashk.com\/es\/author\/admin\/","name":"admin","image":{"@type":"ImageObject","@id":"https:\/\/www.rucashk.com\/es\/producto\/logitech-c270-hd-webcam-webcams\/#authorImage","url":"https:\/\/secure.gravatar.com\/avatar\/b7c8925b09a27e72b30232f8ecaadbd5af0f70a38c78096863fe51b64f031c24?s=96&d=mm&r=g","width":96,"height":96,"caption":"admin"}},{"@type":"WebPage","@id":"https:\/\/www.rucashk.com\/es\/producto\/logitech-c270-hd-webcam-webcams\/#webpage","url":"https:\/\/www.rucashk.com\/es\/producto\/logitech-c270-hd-webcam-webcams\/","name":"Logitech C270 HD WEBCAM Webcams - Rucas - Wholesale and Distribution","description":"Dimensions including fixed mounting clip Height: 72.91 mm Width: 31.91 mm Depth: 66.64 mm Cable length: 1.5 m Weight: 75 g","inLanguage":"es-ES","isPartOf":{"@id":"https:\/\/www.rucashk.com\/es\/#website"},"breadcrumb":{"@id":"https:\/\/www.rucashk.com\/es\/producto\/logitech-c270-hd-webcam-webcams\/#breadcrumblist"},"author":{"@id":"https:\/\/www.rucashk.com\/es\/author\/admin\/#author"},"creator":{"@id":"https:\/\/www.rucashk.com\/es\/author\/admin\/#author"},"image":{"@type":"ImageObject","url":"https:\/\/www.rucashk.com\/wp-content\/uploads\/2024\/01\/10003-14.webp","@id":"https:\/\/www.rucashk.com\/es\/producto\/logitech-c270-hd-webcam-webcams\/#mainImage","width":800,"height":800},"primaryImageOfPage":{"@id":"https:\/\/www.rucashk.com\/es\/producto\/logitech-c270-hd-webcam-webcams\/#mainImage"},"datePublished":"2024-01-09T16:41:16+00:00","dateModified":"2025-06-21T09:29:01+00:00"},{"@type":"WebSite","@id":"https:\/\/www.rucashk.com\/es\/#website","url":"https:\/\/www.rucashk.com\/es\/","name":"Rucas - Wholesale and distribution worldwide","alternateName":"Rucas - One-stop AIoT Distribution Worldwide","description":"One-stop AIoT Distribution Worldwide","inLanguage":"es-ES","publisher":{"@id":"https:\/\/www.rucashk.com\/es\/#organization"}}]}},"aioseo_meta_data":{"post_id":"27481","title":null,"description":null,"keywords":null,"keyphrases":null,"primary_term":null,"canonical_url":null,"og_title":null,"og_description":null,"og_object_type":"default","og_image_type":"default","og_image_url":null,"og_image_width":null,"og_image_height":null,"og_image_custom_url":null,"og_image_custom_fields":null,"og_video":"","og_custom_url":null,"og_article_section":null,"og_article_tags":null,"twitter_use_og":false,"twitter_card":"default","twitter_image_type":"default","twitter_image_url":null,"twitter_image_custom_url":null,"twitter_image_custom_fields":null,"twitter_title":null,"twitter_description":null,"schema":{"blockGraphs":[],"customGraphs":[],"default":{"data":{"Article":[],"Course":[],"Dataset":[],"FAQPage":[],"Movie":[],"Person":[],"Product":[],"Recipe":[],"Service":[],"SoftwareApplication":[],"WebPage":[]},"graphName":"","isEnabled":true},"graphs":[]},"schema_type":"default","schema_type_options":null,"pillar_content":false,"robots_default":true,"robots_noindex":false,"robots_noarchive":false,"robots_nosnippet":false,"robots_nofollow":false,"robots_noimageindex":false,"robots_noodp":false,"robots_notranslate":false,"robots_max_snippet":"-1","robots_max_videopreview":"-1","robots_max_imagepreview":"large","priority":null,"frequency":"default","local_seo":null,"breadcrumb_settings":null,"limit_modified_date":false,"created":"2024-04-11 01:57:22","updated":"2025-06-22 18:36:57"},"aioseo_breadcrumb":"<div class=\"aioseo-breadcrumbs\"><span class=\"aioseo-breadcrumb\">\n\t<a href=\"https:\/\/www.rucashk.com\/es\" title=\"Home\">Home<\/a>\n<\/span><span class=\"aioseo-breadcrumb-separator\">&raquo;<\/span><span class=\"aioseo-breadcrumb\">\n\t<a href=\"https:\/\/www.rucashk.com\/es\/products\/\" title=\"Productos\">Productos<\/a>\n<\/span><span class=\"aioseo-breadcrumb-separator\">&raquo;<\/span><span class=\"aioseo-breadcrumb\">\n\t<a href=\"https:\/\/www.rucashk.com\/es\/marca\/logitech\/\" title=\"Logitech\">Logitech<\/a>\n<\/span><span class=\"aioseo-breadcrumb-separator\">&raquo;<\/span><span class=\"aioseo-breadcrumb\">\n\tLogitech C270 HD WEBCAM Webcams\n<\/span><\/div>","aioseo_breadcrumb_json":[{"label":"Home","link":"https:\/\/www.rucashk.com\/es"},{"label":"Productos","link":"https:\/\/www.rucashk.com\/es\/products\/"},{"label":"Logitech","link":"https:\/\/www.rucashk.com\/es\/marca\/logitech\/"},{"label":"Logitech C270 HD WEBCAM Webcams","link":"https:\/\/www.rucashk.com\/es\/producto\/logitech-c270-hd-webcam-webcams\/"}],"_links":{"self":[{"href":"https:\/\/www.rucashk.com\/es\/wp-json\/wp\/v2\/product\/27481","targetHints":{"allow":["GET"]}}],"collection":[{"href":"https:\/\/www.rucashk.com\/es\/wp-json\/wp\/v2\/product"}],"about":[{"href":"https:\/\/www.rucashk.com\/es\/wp-json\/wp\/v2\/types\/product"}],"wp:featuredmedia":[{"embeddable":true,"href":"https:\/\/www.rucashk.com\/es\/wp-json\/wp\/v2\/media\/27598"}],"wp:attachment":[{"href":"https:\/\/www.rucashk.com\/es\/wp-json\/wp\/v2\/media?parent=27481"}],"wp:term":[{"taxonomy":"product_brand","embeddable":true,"href":"https:\/\/www.rucashk.com\/es\/wp-json\/wp\/v2\/product_brand?post=27481"},{"taxonomy":"product_cat","embeddable":true,"href":"https:\/\/www.rucashk.com\/es\/wp-json\/wp\/v2\/product_cat?post=27481"},{"taxonomy":"product_tag","embeddable":true,"href":"https:\/\/www.rucashk.com\/es\/wp-json\/wp\/v2\/product_tag?post=27481"}],"curies":[{"name":"wp","href":"https:\/\/api.w.org\/{rel}","templated":true}]}}