{"id":27480,"date":"2024-01-09T16:41:16","date_gmt":"2024-01-09T16:41:16","guid":{"rendered":"http:\/\/rucashk.com\/?post_type=product&#038;p=27480"},"modified":"2025-06-21T09:28:38","modified_gmt":"2025-06-21T09:28:38","slug":"logitech-brio-300-webcams","status":"publish","type":"product","link":"https:\/\/www.rucashk.com\/es\/producto\/logitech-brio-300-webcams\/","title":{"rendered":"C\u00e1maras web Logitech BRIO 300"},"content":{"rendered":"<div class=\"pangea-cmp body-copy js-pangea-body-copy aem-margin-options  font-size-normal font-brown-light dc-black tc-black mc-black\" data-aem-id=\"text_editable-i9ebc53e709330f800cfc64854c224ef4\" data-align-desktop=\"left\" data-align-tablet=\"center\" data-align-mobile=\"center\" data-body-size=\"font-size-normal\">\n<div class=\"aem-content-ctn container\">\n<div class=\"aem-padding-options tplxl tprxl\" data-aem-id=\"text_editable-i9ebc53e709330f800cfc64854c224ef4-padding-options\">\n<div class=\"content-ctn rte-field text-width-normal\">\n<h2 class=\"body-copy-title font-hero-s font-brown-bold\" style=\"text-align: center\">BRIO 300<\/h2>\n<\/div>\n<\/div>\n<\/div>\n<\/div>\n<div class=\"pangea-cmp pangea-grid-layout margin-properties-vertical aem-content-ctn no-container\" data-row-gutter-tablet=\"false\" data-row-gutter-mobile=\"false\">\n<div class=\"layout-container\" data-advanced-tablet=\"\" data-advanced-mobile=\"\">\n<div class=\"layout-item\">\n<div class=\"pangea-cmp body-copy js-pangea-body-copy aem-margin-options  font-size-normal font-brown-light dc-black tc-black mc-black\" data-aem-id=\"text_editable_copy-i946d318374454814b47ed459ea3126a2\" data-align-desktop=\"left\" data-align-tablet=\"center\" data-align-mobile=\"center\" data-body-size=\"font-size-normal\">\n<div class=\"aem-content-ctn container\">\n<div class=\"aem-padding-options tplm tprm\" data-aem-id=\"text_editable_copy-i946d318374454814b47ed459ea3126a2-padding-options\">\n<div class=\"content-ctn rte-field text-width-normal\">\n<p style=\"text-align: center\">Elegante c\u00e1mara web de alta resoluci\u00f3n con correcci\u00f3n de luz autom\u00e1tica para ayudarte a lucir lo mejor posible en cada videollamada.<\/p>\n<\/div>\n<\/div>\n<\/div>\n<\/div>\n<\/div>\n<\/div>\n<\/div>\n<p><img fetchpriority=\"high\" decoding=\"async\" class=\"wp-image-36003 aligncenter\" src=\"\/wp-content\/uploads\/replace\/598ec2a8a194e9809c9f22af91cda028.png\" alt=\"Logitech BRIO 300 Webcams\" width=\"856\" height=\"551\" \/><\/p>\n<p>&nbsp;<\/p>\n<h2 class=\"body-copy-title font-title-l font-brown-bold\" style=\"text-align: center\">DEJA QUE TU PERSONALIDAD BRILLE<\/h2>\n<p style=\"text-align: center\">Saluda a mejores videollamadas con Brio 300, una c\u00e1mara web elegante y compacta de 1080p con correcci\u00f3n de luz autom\u00e1tica para compensar entornos de iluminaci\u00f3n desafiantes. Brio 300 est\u00e1 disponible en 3 colores para adaptarse a tu personalidad y presenta un dise\u00f1o sutilmente moteado, resultado del uso de pl\u00e1stico reciclado. Ahora puedes ser tu mejor yo en cada videollamada.<\/p>\n<p>&nbsp;<\/p>\n<p><img decoding=\"async\" class=\"wp-image-36004 aligncenter\" src=\"\/wp-content\/uploads\/replace\/4cf8a3fc59313aa178a45f541f28cfd5.png\" alt=\"Logitech BRIO 300 Webcams\" width=\"856\" height=\"431\" \/><\/p>\n<p>&nbsp;<\/p>\n<div class=\"pangea-cmp pangea-grid-layout margin-properties-vertical aem-content-ctn no-container\" data-row-gutter-tablet=\"false\" data-row-gutter-mobile=\"false\">\n<div class=\"layout-container\">\n<div class=\"layout-item\">\n<div class=\"pangea-cmp body-copy js-pangea-body-copy aem-margin-options  font-size-normal font-brown-light dc-kohle tc-kohle mc-kohle\" data-aem-id=\"text_editable-i092f9f802bb968d039df92fa613692bf\" data-align-desktop=\"center\" data-align-tablet=\"center\" data-align-mobile=\"center\" data-body-size=\"font-size-normal\">\n<div class=\"aem-content-ctn no-container\">\n<div class=\"aem-padding-options\" data-aem-id=\"text_editable-i092f9f802bb968d039df92fa613692bf-padding-options\">\n<div class=\"content-ctn rte-field text-width-normal\">\n<h2 class=\"body-copy-title font-title-l font-brown-bold dc-black tc-black mc-black\" style=\"text-align: center\">ELIGE ESTILO.<br \/>\nELIJA PL\u00c1STICOS NEXT LIFE.<\/h2>\n<\/div>\n<\/div>\n<\/div>\n<\/div>\n<\/div>\n<\/div>\n<\/div>\n<div class=\"pangea-cmp body-copy js-pangea-body-copy aem-margin-options  font-size-normal font-brown-light dc-kohle tc-kohle mc-kohle\" data-aem-id=\"text_editable_copy-i4e730e91dba71332bde6d0b2a07a4b42\" data-align-desktop=\"center\" data-align-tablet=\"center\" data-align-mobile=\"center\" data-body-size=\"font-size-normal\">\n<div class=\"aem-content-ctn no-container\">\n<div class=\"aem-padding-options\" data-aem-id=\"text_editable_copy-i4e730e91dba71332bde6d0b2a07a4b42-padding-options\">\n<div class=\"content-ctn rte-field text-width-normal\">\n<p style=\"text-align: center\">M\u00e1s que solo una buena apariencia, Brio 300 est\u00e1 dise\u00f1ado conscientemente con un m\u00ednimo de 48% de pl\u00e1stico reciclado posconsumo en un esfuerzo por apoyar un mundo m\u00e1s equitativo y positivo para el clima. Elegimos adoptar la apariencia moteada que proviene de la variabilidad del posconsumo. Pl\u00e1sticos reciclados (PCR). Adem\u00e1s de dar una nueva vida a estos pl\u00e1sticos, esto tambi\u00e9n le da a Brio 300 un aspecto \u00fanico y elegante.<\/p>\n<\/div>\n<\/div>\n<\/div>\n<\/div>\n<p>&nbsp;<\/p>\n<p><img decoding=\"async\" class=\"wp-image-36005 aligncenter\" src=\"\/wp-content\/uploads\/replace\/02c8075af4e6b81e301f29b69eeee7f2.png\" alt=\"Logitech BRIO 300 Webcams\" width=\"854\" height=\"430\" \/><\/p>\n<p>&nbsp;<\/p>\n<h2 class=\"h3\" style=\"text-align: center\">MU\u00c9STRATE CON CLARIDAD<\/h2>\n<p style=\"text-align: center\">Colabore mejor con alta resoluci\u00f3n y correcci\u00f3n de luz autom\u00e1tica b\u00e1sica.\u00a0<i>Luz derecha\u00a0<\/i>2 se ajusta autom\u00e1ticamente para compensar las condiciones de luz desafiantes para que luzcas claro en las videollamadas.<\/p>\n<p>&nbsp;<\/p>\n<p><img loading=\"lazy\" decoding=\"async\" class=\"wp-image-36006 aligncenter\" src=\"\/wp-content\/uploads\/replace\/3510367bbd52778760e21965fe97c109.png\" alt=\"Logitech BRIO 300 Webcams\" width=\"856\" height=\"482\" \/><\/p>\n<p>&nbsp;<\/p>\n<h2 class=\"h3\" style=\"text-align: center\">SUENA COMO T\u00da<\/h2>\n<p style=\"text-align: center\">El micr\u00f3fono mono con reducci\u00f3n de ruido captura y transmite su voz mientras suprime el ruido de fondo para que pueda escucharlo con claridad.<\/p>\n<p style=\"text-align: center\">\n<p><img loading=\"lazy\" decoding=\"async\" class=\"wp-image-36007 aligncenter\" src=\"\/wp-content\/uploads\/replace\/2d05b4203490a32e8cdc5ee940358db3.png\" alt=\"Logitech BRIO 300 Webcams\" width=\"856\" height=\"482\" \/><\/p>\n<p>&nbsp;<\/p>\n<h2 class=\"body-copy-title font-title-l font-brown-bold\" style=\"text-align: center\">GIRA PARA PRIVACIDAD INSTANT\u00c1NEA<\/h2>\n<p style=\"text-align: center\">Gire f\u00e1cilmente el obturador de privacidad integrado para bloquear completamente la c\u00e1mara cuando no est\u00e9 en uso. Cuando est\u00e9 listo para su pr\u00f3xima reuni\u00f3n, simplemente abra el obturador para revelar la lente.<\/p>\n<p>&nbsp;<\/p>\n<p><img loading=\"lazy\" decoding=\"async\" class=\"wp-image-36008 aligncenter\" src=\"\/wp-content\/uploads\/replace\/d1f4af201f1add1502bd7472c655041c.png\" alt=\"Logitech BRIO 300 Webcams\" width=\"855\" height=\"550\" \/><\/p>\n<p>&nbsp;<\/p>\n<h2 class=\"body-copy-title font-title-m font-brown-bold\" style=\"text-align: center\">A\u00daN MEJOR CON LOGI TUNE<\/h2>\n<p style=\"text-align: center\">Descargue la aplicaci\u00f3n gratuita Logi Tune para obtener funciones adicionales que le permitir\u00e1n ajustar Brio 300 seg\u00fan sus preferencias. Ajuste el color y la resoluci\u00f3n de la imagen y aproveche funciones como las actualizaciones autom\u00e1ticas de firmware.<\/p>\n<p style=\"text-align: center\">\n<p><img loading=\"lazy\" decoding=\"async\" class=\"wp-image-36009 aligncenter\" src=\"\/wp-content\/uploads\/replace\/bb9896d20df92f0877e2c3449aff3f0f.png\" alt=\"Logitech BRIO 300 Webcams\" width=\"855\" height=\"547\" \/><\/p>\n<p>&nbsp;<\/p>\n<p>&nbsp;<\/p>\n<h4 class=\"specs-heading\">Especificaciones<\/h4>\n<div class=\"specs-column\">\n<div class=\"specs-group\">\n<div class=\"specs-block\">\n<h5 class=\"specs-title\">M\u00faltiples resoluciones<\/h5>\n<ul class=\"specs-description-list\">\n<li>1080p\/30fps (1920\u00d71080 p\u00edxeles)<\/li>\n<li>720p\/30fps (1280\u00d7720 p\u00edxeles)<\/li>\n<\/ul>\n<\/div>\n<div class=\"specs-block\">\n<div class=\"specs-description\"><strong>megap\u00edxeles de la c\u00e1mara<\/strong>: 2 megap\u00edxeles<\/div>\n<\/div>\n<div class=\"specs-block\">\n<div class=\"specs-description\"><strong>Campo de visi\u00f3n diagonal (dFoV)<\/strong>: 70\u00b0<\/div>\n<\/div>\n<div class=\"specs-block\">\n<div class=\"specs-description\"><strong>Zoom de hardware<\/strong>: Zoom digital 1x<\/div>\n<\/div>\n<div class=\"specs-block\">\n<div class=\"specs-description\"><strong>Tipo de enfoque<\/strong>: foco fijo<\/div>\n<\/div>\n<div class=\"specs-block\">\n<div class=\"specs-description\"><strong>Tipo de lente<\/strong>: Lente Logi personalizada de 4 elementos con revestimiento antirreflectante<\/div>\n<\/div>\n<div class=\"specs-block\">\n<div class=\"specs-description\">Obturador de privacidad integrado<\/div>\n<\/div>\n<div class=\"specs-block\">\n<div class=\"specs-description\">Conectividad USB-C plug-and-play<\/div>\n<\/div>\n<div class=\"specs-block\">\n<div class=\"specs-description\">Compatible con Logi Tune<\/div>\n<\/div>\n<div class=\"specs-block\">\n<h5 class=\"specs-title\">Tipo de micr\u00f3fono incorporado<\/h5>\n<ul class=\"specs-description-list\">\n<li>micr\u00f3fono mono<\/li>\n<li>Alcance del micr\u00f3fono: hasta 1,22 m<\/li>\n<\/ul>\n<\/div>\n<\/div>\n<\/div>","protected":false},"excerpt":{"rendered":"<h5 class=\"specs-title\">C\u00e1mara web<\/h5>\n<ul class=\"specs-description-list\">\n<li><strong>Altura<\/strong>: 65,63 mil\u00edmetros<\/li>\n<li><strong>Ancho<\/strong>: 53,1 mil\u00edmetros<\/li>\n<li><strong>Profundidad<\/strong>: 45mm<\/li>\n<li>incluido clip de montaje<\/li>\n<li><strong>Peso<\/strong>: 74,6 gramos, incl. clip de montaje y cable<\/li>\n<li><strong>Longitud del cable adjunto<\/strong>: 1,5 metros<\/li>\n<\/ul>","protected":false},"featured_media":27592,"template":"","meta":[],"product_brand":[1380],"product_cat":[1332,1322],"product_tag":[],"class_list":{"0":"post-27480","1":"product","2":"type-product","3":"status-publish","4":"has-post-thumbnail","6":"product_brand-logitech","7":"product_cat-logitech-other-a-brands","8":"product_cat-other-a-brands","10":"first","11":"instock","12":"shipping-taxable","13":"product-type-simple"},"aioseo_notices":[],"aioseo_head":"\n\t\t<!-- All in One SEO Pro 4.5.9.2 - aioseo.com -->\n\t\t<meta name=\"description\" content=\"Webcam Height: 65.63 mm Width: 53.1 mm Depth: 45 mm incl. mount clip Weight: 74.6 g, incl. mount clip &amp; cable Attached Cable length: 1.5 m\" \/>\n\t\t<meta name=\"robots\" content=\"max-image-preview:large\" \/>\n\t\t<link rel=\"canonical\" href=\"https:\/\/www.rucashk.com\/es\/producto\/logitech-brio-300-webcams\/\" \/>\n\t\t<meta name=\"generator\" content=\"All in One SEO Pro (AIOSEO) 4.5.9.2\" \/>\n\t\t<meta property=\"og:locale\" content=\"es_ES\" \/>\n\t\t<meta property=\"og:site_name\" content=\"Rucas - One-stop AIoT Distribution Worldwide\" \/>\n\t\t<meta property=\"og:type\" content=\"article\" \/>\n\t\t<meta property=\"og:title\" content=\"Logitech BRIO 300 Webcams - Rucas - Wholesale and Distribution\" \/>\n\t\t<meta property=\"og:description\" content=\"Webcam Height: 65.63 mm Width: 53.1 mm Depth: 45 mm incl. mount clip Weight: 74.6 g, incl. mount clip &amp; cable Attached Cable length: 1.5 m\" \/>\n\t\t<meta property=\"og:url\" content=\"https:\/\/www.rucashk.com\/es\/producto\/logitech-brio-300-webcams\/\" \/>\n\t\t<meta property=\"og:image\" content=\"https:\/\/www.rucashk.com\/wp-content\/uploads\/replace\/503b8e645f128a97ccde2b6290747646.jpeg\" \/>\n\t\t<meta property=\"og:image:secure_url\" content=\"https:\/\/www.rucashk.com\/wp-content\/uploads\/replace\/503b8e645f128a97ccde2b6290747646.jpeg\" \/>\n\t\t<meta property=\"og:image:width\" content=\"1456\" \/>\n\t\t<meta property=\"og:image:height\" content=\"816\" \/>\n\t\t<meta property=\"article:published_time\" content=\"2024-01-09T16:41:16+00:00\" \/>\n\t\t<meta property=\"article:modified_time\" content=\"2025-06-21T09:28:38+00:00\" \/>\n\t\t<meta name=\"twitter:card\" content=\"summary_large_image\" \/>\n\t\t<meta name=\"twitter:title\" content=\"Logitech BRIO 300 Webcams - Rucas - Wholesale and Distribution\" \/>\n\t\t<meta name=\"twitter:description\" content=\"Webcam Height: 65.63 mm Width: 53.1 mm Depth: 45 mm incl. mount clip Weight: 74.6 g, incl. mount clip &amp; cable Attached Cable length: 1.5 m\" \/>\n\t\t<meta name=\"twitter:image\" content=\"https:\/\/www.rucashk.com\/wp-content\/uploads\/replace\/503b8e645f128a97ccde2b6290747646.jpeg\" \/>\n\t\t<script type=\"application\/ld+json\" class=\"aioseo-schema\">\n\t\t\t{\"@context\":\"https:\\\/\\\/schema.org\",\"@graph\":[{\"@type\":\"BreadcrumbList\",\"@id\":\"https:\\\/\\\/www.rucashk.com\\\/es\\\/producto\\\/logitech-brio-300-webcams\\\/#breadcrumblist\",\"itemListElement\":[{\"@type\":\"ListItem\",\"@id\":\"https:\\\/\\\/www.rucashk.com\\\/es\\\/#listItem\",\"position\":1,\"name\":\"Home\",\"item\":\"https:\\\/\\\/www.rucashk.com\\\/es\\\/\",\"nextItem\":\"https:\\\/\\\/www.rucashk.com\\\/es\\\/producto\\\/logitech-brio-300-webcams\\\/#listItem\"},{\"@type\":\"ListItem\",\"@id\":\"https:\\\/\\\/www.rucashk.com\\\/es\\\/producto\\\/logitech-brio-300-webcams\\\/#listItem\",\"position\":2,\"name\":\"Logitech BRIO 300 Webcams\",\"previousItem\":\"https:\\\/\\\/www.rucashk.com\\\/es\\\/#listItem\"}]},{\"@type\":\"Organization\",\"@id\":\"https:\\\/\\\/www.rucashk.com\\\/es\\\/#organization\",\"name\":\"Rucas\",\"url\":\"https:\\\/\\\/www.rucashk.com\\\/es\\\/\",\"logo\":{\"@type\":\"ImageObject\",\"url\":\"https:\\\/\\\/www.rucashk.com\\\/wp-content\\\/uploads\\\/2023\\\/12\\\/Rucas_campany_logo.png\",\"@id\":\"https:\\\/\\\/www.rucashk.com\\\/es\\\/producto\\\/logitech-brio-300-webcams\\\/#organizationLogo\",\"width\":221,\"height\":65},\"image\":{\"@id\":\"https:\\\/\\\/www.rucashk.com\\\/es\\\/#organizationLogo\"}},{\"@type\":\"Person\",\"@id\":\"https:\\\/\\\/www.rucashk.com\\\/es\\\/author\\\/admin\\\/#author\",\"url\":\"https:\\\/\\\/www.rucashk.com\\\/es\\\/author\\\/admin\\\/\",\"name\":\"admin\",\"image\":{\"@type\":\"ImageObject\",\"@id\":\"https:\\\/\\\/www.rucashk.com\\\/es\\\/producto\\\/logitech-brio-300-webcams\\\/#authorImage\",\"url\":\"https:\\\/\\\/secure.gravatar.com\\\/avatar\\\/b7c8925b09a27e72b30232f8ecaadbd5af0f70a38c78096863fe51b64f031c24?s=96&d=mm&r=g\",\"width\":96,\"height\":96,\"caption\":\"admin\"}},{\"@type\":\"WebPage\",\"@id\":\"https:\\\/\\\/www.rucashk.com\\\/es\\\/producto\\\/logitech-brio-300-webcams\\\/#webpage\",\"url\":\"https:\\\/\\\/www.rucashk.com\\\/es\\\/producto\\\/logitech-brio-300-webcams\\\/\",\"name\":\"Logitech BRIO 300 Webcams - Rucas - Wholesale and Distribution\",\"description\":\"Webcam Height: 65.63 mm Width: 53.1 mm Depth: 45 mm incl. mount clip Weight: 74.6 g, incl. mount clip & cable Attached Cable length: 1.5 m\",\"inLanguage\":\"es-ES\",\"isPartOf\":{\"@id\":\"https:\\\/\\\/www.rucashk.com\\\/es\\\/#website\"},\"breadcrumb\":{\"@id\":\"https:\\\/\\\/www.rucashk.com\\\/es\\\/producto\\\/logitech-brio-300-webcams\\\/#breadcrumblist\"},\"author\":{\"@id\":\"https:\\\/\\\/www.rucashk.com\\\/es\\\/author\\\/admin\\\/#author\"},\"creator\":{\"@id\":\"https:\\\/\\\/www.rucashk.com\\\/es\\\/author\\\/admin\\\/#author\"},\"image\":{\"@type\":\"ImageObject\",\"url\":\"https:\\\/\\\/www.rucashk.com\\\/wp-content\\\/uploads\\\/2024\\\/01\\\/10002-15.webp\",\"@id\":\"https:\\\/\\\/www.rucashk.com\\\/es\\\/producto\\\/logitech-brio-300-webcams\\\/#mainImage\",\"width\":1000,\"height\":1000},\"primaryImageOfPage\":{\"@id\":\"https:\\\/\\\/www.rucashk.com\\\/es\\\/producto\\\/logitech-brio-300-webcams\\\/#mainImage\"},\"datePublished\":\"2024-01-09T16:41:16+00:00\",\"dateModified\":\"2025-06-21T09:28:38+00:00\"},{\"@type\":\"WebSite\",\"@id\":\"https:\\\/\\\/www.rucashk.com\\\/es\\\/#website\",\"url\":\"https:\\\/\\\/www.rucashk.com\\\/es\\\/\",\"name\":\"Rucas - Wholesale and distribution worldwide\",\"alternateName\":\"Rucas - One-stop AIoT Distribution Worldwide\",\"description\":\"One-stop AIoT Distribution Worldwide\",\"inLanguage\":\"es-ES\",\"publisher\":{\"@id\":\"https:\\\/\\\/www.rucashk.com\\\/es\\\/#organization\"}}]}\n\t\t<\/script>\n\t\t<!-- All in One SEO Pro -->\r\n\t\t<title>Logitech BRIO 300 Webcams - Rucas - Wholesale and Distribution<\/title>\n\n","aioseo_head_json":{"title":"Logitech BRIO 300 Webcams - Rucas - Wholesale and Distribution","description":"Webcam Height: 65.63 mm Width: 53.1 mm Depth: 45 mm incl. mount clip Weight: 74.6 g, incl. mount clip & cable Attached Cable length: 1.5 m","canonical_url":"https:\/\/www.rucashk.com\/es\/producto\/logitech-brio-300-webcams\/","robots":"max-image-preview:large","keywords":"","webmasterTools":{"miscellaneous":""},"og:locale":"es_ES","og:site_name":"Rucas - One-stop AIoT Distribution Worldwide","og:type":"article","og:title":"Logitech BRIO 300 Webcams - Rucas - Wholesale and Distribution","og:description":"Webcam Height: 65.63 mm Width: 53.1 mm Depth: 45 mm incl. mount clip Weight: 74.6 g, incl. mount clip &amp; cable Attached Cable length: 1.5 m","og:url":"https:\/\/www.rucashk.com\/es\/producto\/logitech-brio-300-webcams\/","og:image":"https:\/\/www.rucashk.com\/wp-content\/uploads\/replace\/503b8e645f128a97ccde2b6290747646.jpeg","og:image:secure_url":"https:\/\/www.rucashk.com\/wp-content\/uploads\/replace\/503b8e645f128a97ccde2b6290747646.jpeg","og:image:width":1456,"og:image:height":816,"article:published_time":"2024-01-09T16:41:16+00:00","article:modified_time":"2025-06-21T09:28:38+00:00","twitter:card":"summary_large_image","twitter:title":"Logitech BRIO 300 Webcams - Rucas - Wholesale and Distribution","twitter:description":"Webcam Height: 65.63 mm Width: 53.1 mm Depth: 45 mm incl. mount clip Weight: 74.6 g, incl. mount clip &amp; cable Attached Cable length: 1.5 m","twitter:image":"https:\/\/www.rucashk.com\/wp-content\/uploads\/replace\/503b8e645f128a97ccde2b6290747646.jpeg","schema":{"@context":"https:\/\/schema.org","@graph":[{"@type":"BreadcrumbList","@id":"https:\/\/www.rucashk.com\/es\/producto\/logitech-brio-300-webcams\/#breadcrumblist","itemListElement":[{"@type":"ListItem","@id":"https:\/\/www.rucashk.com\/es\/#listItem","position":1,"name":"Home","item":"https:\/\/www.rucashk.com\/es\/","nextItem":"https:\/\/www.rucashk.com\/es\/producto\/logitech-brio-300-webcams\/#listItem"},{"@type":"ListItem","@id":"https:\/\/www.rucashk.com\/es\/producto\/logitech-brio-300-webcams\/#listItem","position":2,"name":"Logitech BRIO 300 Webcams","previousItem":"https:\/\/www.rucashk.com\/es\/#listItem"}]},{"@type":"Organization","@id":"https:\/\/www.rucashk.com\/es\/#organization","name":"Rucas","url":"https:\/\/www.rucashk.com\/es\/","logo":{"@type":"ImageObject","url":"https:\/\/www.rucashk.com\/wp-content\/uploads\/2023\/12\/Rucas_campany_logo.png","@id":"https:\/\/www.rucashk.com\/es\/producto\/logitech-brio-300-webcams\/#organizationLogo","width":221,"height":65},"image":{"@id":"https:\/\/www.rucashk.com\/es\/#organizationLogo"}},{"@type":"Person","@id":"https:\/\/www.rucashk.com\/es\/author\/admin\/#author","url":"https:\/\/www.rucashk.com\/es\/author\/admin\/","name":"admin","image":{"@type":"ImageObject","@id":"https:\/\/www.rucashk.com\/es\/producto\/logitech-brio-300-webcams\/#authorImage","url":"https:\/\/secure.gravatar.com\/avatar\/b7c8925b09a27e72b30232f8ecaadbd5af0f70a38c78096863fe51b64f031c24?s=96&d=mm&r=g","width":96,"height":96,"caption":"admin"}},{"@type":"WebPage","@id":"https:\/\/www.rucashk.com\/es\/producto\/logitech-brio-300-webcams\/#webpage","url":"https:\/\/www.rucashk.com\/es\/producto\/logitech-brio-300-webcams\/","name":"Logitech BRIO 300 Webcams - Rucas - Wholesale and Distribution","description":"Webcam Height: 65.63 mm Width: 53.1 mm Depth: 45 mm incl. mount clip Weight: 74.6 g, incl. mount clip & cable Attached Cable length: 1.5 m","inLanguage":"es-ES","isPartOf":{"@id":"https:\/\/www.rucashk.com\/es\/#website"},"breadcrumb":{"@id":"https:\/\/www.rucashk.com\/es\/producto\/logitech-brio-300-webcams\/#breadcrumblist"},"author":{"@id":"https:\/\/www.rucashk.com\/es\/author\/admin\/#author"},"creator":{"@id":"https:\/\/www.rucashk.com\/es\/author\/admin\/#author"},"image":{"@type":"ImageObject","url":"https:\/\/www.rucashk.com\/wp-content\/uploads\/2024\/01\/10002-15.webp","@id":"https:\/\/www.rucashk.com\/es\/producto\/logitech-brio-300-webcams\/#mainImage","width":1000,"height":1000},"primaryImageOfPage":{"@id":"https:\/\/www.rucashk.com\/es\/producto\/logitech-brio-300-webcams\/#mainImage"},"datePublished":"2024-01-09T16:41:16+00:00","dateModified":"2025-06-21T09:28:38+00:00"},{"@type":"WebSite","@id":"https:\/\/www.rucashk.com\/es\/#website","url":"https:\/\/www.rucashk.com\/es\/","name":"Rucas - Wholesale and distribution worldwide","alternateName":"Rucas - One-stop AIoT Distribution Worldwide","description":"One-stop AIoT Distribution Worldwide","inLanguage":"es-ES","publisher":{"@id":"https:\/\/www.rucashk.com\/es\/#organization"}}]}},"aioseo_meta_data":{"post_id":"27480","title":null,"description":null,"keywords":null,"keyphrases":null,"primary_term":null,"canonical_url":null,"og_title":null,"og_description":null,"og_object_type":"default","og_image_type":"default","og_image_url":null,"og_image_width":null,"og_image_height":null,"og_image_custom_url":null,"og_image_custom_fields":null,"og_video":"","og_custom_url":null,"og_article_section":null,"og_article_tags":null,"twitter_use_og":false,"twitter_card":"default","twitter_image_type":"default","twitter_image_url":null,"twitter_image_custom_url":null,"twitter_image_custom_fields":null,"twitter_title":null,"twitter_description":null,"schema":{"blockGraphs":[],"customGraphs":[],"default":{"data":{"Article":[],"Course":[],"Dataset":[],"FAQPage":[],"Movie":[],"Person":[],"Product":[],"Recipe":[],"Service":[],"SoftwareApplication":[],"WebPage":[]},"graphName":"","isEnabled":true},"graphs":[]},"schema_type":"default","schema_type_options":null,"pillar_content":false,"robots_default":true,"robots_noindex":false,"robots_noarchive":false,"robots_nosnippet":false,"robots_nofollow":false,"robots_noimageindex":false,"robots_noodp":false,"robots_notranslate":false,"robots_max_snippet":"-1","robots_max_videopreview":"-1","robots_max_imagepreview":"large","priority":null,"frequency":"default","local_seo":null,"breadcrumb_settings":null,"limit_modified_date":false,"created":"2024-04-11 01:57:22","updated":"2025-06-22 18:36:56"},"aioseo_breadcrumb":"<div class=\"aioseo-breadcrumbs\"><span class=\"aioseo-breadcrumb\">\n\t<a href=\"https:\/\/www.rucashk.com\/es\" title=\"Home\">Home<\/a>\n<\/span><span class=\"aioseo-breadcrumb-separator\">&raquo;<\/span><span class=\"aioseo-breadcrumb\">\n\t<a href=\"https:\/\/www.rucashk.com\/es\/products\/\" title=\"Productos\">Productos<\/a>\n<\/span><span class=\"aioseo-breadcrumb-separator\">&raquo;<\/span><span class=\"aioseo-breadcrumb\">\n\t<a href=\"https:\/\/www.rucashk.com\/es\/marca\/logitech\/\" title=\"Logitech\">Logitech<\/a>\n<\/span><span class=\"aioseo-breadcrumb-separator\">&raquo;<\/span><span class=\"aioseo-breadcrumb\">\n\tLogitech BRIO 300 Webcams\n<\/span><\/div>","aioseo_breadcrumb_json":[{"label":"Home","link":"https:\/\/www.rucashk.com\/es"},{"label":"Productos","link":"https:\/\/www.rucashk.com\/es\/products\/"},{"label":"Logitech","link":"https:\/\/www.rucashk.com\/es\/marca\/logitech\/"},{"label":"Logitech BRIO 300 Webcams","link":"https:\/\/www.rucashk.com\/es\/producto\/logitech-brio-300-webcams\/"}],"_links":{"self":[{"href":"https:\/\/www.rucashk.com\/es\/wp-json\/wp\/v2\/product\/27480","targetHints":{"allow":["GET"]}}],"collection":[{"href":"https:\/\/www.rucashk.com\/es\/wp-json\/wp\/v2\/product"}],"about":[{"href":"https:\/\/www.rucashk.com\/es\/wp-json\/wp\/v2\/types\/product"}],"wp:featuredmedia":[{"embeddable":true,"href":"https:\/\/www.rucashk.com\/es\/wp-json\/wp\/v2\/media\/27592"}],"wp:attachment":[{"href":"https:\/\/www.rucashk.com\/es\/wp-json\/wp\/v2\/media?parent=27480"}],"wp:term":[{"taxonomy":"product_brand","embeddable":true,"href":"https:\/\/www.rucashk.com\/es\/wp-json\/wp\/v2\/product_brand?post=27480"},{"taxonomy":"product_cat","embeddable":true,"href":"https:\/\/www.rucashk.com\/es\/wp-json\/wp\/v2\/product_cat?post=27480"},{"taxonomy":"product_tag","embeddable":true,"href":"https:\/\/www.rucashk.com\/es\/wp-json\/wp\/v2\/product_tag?post=27480"}],"curies":[{"name":"wp","href":"https:\/\/api.w.org\/{rel}","templated":true}]}}