{"id":27422,"date":"2024-01-09T16:40:54","date_gmt":"2024-01-09T16:40:54","guid":{"rendered":"http:\/\/rucashk.com\/?post_type=product&#038;p=27422"},"modified":"2025-06-21T09:29:26","modified_gmt":"2025-06-21T09:29:26","slug":"logitech-c922-pro-hd-stream-webcam-webcams","status":"publish","type":"product","link":"https:\/\/www.rucashk.com\/es\/producto\/logitech-c922-pro-hd-stream-webcam-webcams\/","title":{"rendered":"C\u00e1maras web Logitech C922 PRO HD STREAM WEBCAM"},"content":{"rendered":"<h2 class=\"body-copy-title font-title-m font-brown-bold dc-black tc-black mc-black\" style=\"text-align: center\">TRANSMISI\u00d3N COMPLETA DE ALTA DEFINICI\u00d3N 1080P<\/h2>\n<p style=\"text-align: center\">Transmita y grabe v\u00eddeos vibrantes y realistas. C922 cuenta con una lente de cristal con enfoque autom\u00e1tico y un campo de visi\u00f3n diagonal de 78\u00b0. La transmisi\u00f3n Full HD captura todos los detalles, colores brillantes y naturales y video fluido a 1080p\/30 fps y en HD a 720p\/60 fps. Utilice Capturar para hacer zoom, desplazarse y editar.<\/p>\n<p>&nbsp;<\/p>\n<p><img fetchpriority=\"high\" decoding=\"async\" class=\"wp-image-35987 aligncenter\" src=\"\/wp-content\/uploads\/replace\/7a065fe0d18640875b815b58d6ffd8c1.png\" alt=\"Logitech C922 PRO HD STREAM WEBCAM Webcams\" width=\"859\" height=\"481\" \/><\/p>\n<p style=\"text-align: center\">\n<h2 class=\"h3\" style=\"text-align: center\">VELOCIDAD DE CUADROS HIPERR\u00c1PIDA<\/h2>\n<p style=\"text-align: center\">Los transmisores serios necesitan una velocidad de fotogramas ultrarr\u00e1pida de 60 fps a 720p para obtener videos particularmente fluidos, y eso es justo lo que ofrece el C922. Estar\u00e1s transmitiendo en vivo sin demoras ni distorsiones.<\/p>\n<p style=\"text-align: center\">\n<p><img decoding=\"async\" class=\"wp-image-35988 aligncenter\" src=\"\/wp-content\/uploads\/replace\/70f81bb65473ecbcdf8634bd8e021ec7.png\" alt=\"Logitech C922 PRO HD STREAM WEBCAM Webcams\" width=\"857\" height=\"483\" \/><\/p>\n<p>&nbsp;<\/p>\n<h2 class=\"h3\" style=\"text-align: center\">CORRECCI\u00d3N AUTOM\u00c1TICA DE LUZ<\/h2>\n<p style=\"text-align: center\">El enfoque autom\u00e1tico HD y la correcci\u00f3n de luz funcionan para ajustar las condiciones de iluminaci\u00f3n, produciendo videos n\u00edtidos y de alta definici\u00f3n en cualquier iluminaci\u00f3n, para que siempre luzcas genial en tu transmisi\u00f3n.<\/p>\n<p>&nbsp;<\/p>\n<p><img decoding=\"async\" class=\"wp-image-35989 aligncenter\" src=\"\/wp-content\/uploads\/replace\/ea7486336378daa0e2d5f8a756c6d65d.png\" alt=\"Logitech C922 PRO HD STREAM WEBCAM Webcams\" width=\"855\" height=\"479\" \/><\/p>\n<p style=\"text-align: center\">\n<h2 class=\"body-copy-title font-title-m font-brown-bold\" style=\"text-align: center\">XSPLIT DE 3 MESES<br \/>\nLICENCIA PREMIUM<\/h2>\n<p style=\"text-align: center\">La soluci\u00f3n de transmisi\u00f3n en vivo todo en uno incluye un conjunto completo de funciones para XSplit Broadcaster y XSplit Gamecaster, lo que le brinda todo lo que necesita para transmitir como un profesional. Bono de 3 meses incluido.<\/p>\n<p>&nbsp;<\/p>\n<p><img loading=\"lazy\" decoding=\"async\" class=\"wp-image-35990 aligncenter\" src=\"\/wp-content\/uploads\/replace\/0b5d4537d792b57e881b65f9a7e71d5d.png\" alt=\"Logitech C922 PRO HD STREAM WEBCAM Webcams\" width=\"855\" height=\"479\" \/><\/p>\n<p style=\"text-align: center\">\n<h2 class=\"body-copy-title font-title-m font-brown-bold\" style=\"text-align: center\">VIDEO ENCUENTRO MAESTRO<\/h2>\n<p style=\"text-align: center\">Elija c\u00f3mo aparecer en las videoconferencias. Utilice el software de c\u00e1mara web Logi Tune para ajustar configuraciones como el zoom y el campo de visi\u00f3n para presentarse con la mejor luz. Mantenga su c\u00e1mara web actualizada y \u00fanase a reuniones con solo un clic.<\/p>\n<p>&nbsp;<\/p>\n<p><img loading=\"lazy\" decoding=\"async\" class=\"wp-image-35991 aligncenter\" src=\"\/wp-content\/uploads\/replace\/33212426a5ff1e72f28a4028aaabdceb.png\" alt=\"Logitech C922 PRO HD STREAM WEBCAM Webcams\" width=\"853\" height=\"529\" \/><\/p>\n<p>&nbsp;<\/p>\n<h2 class=\"body-copy-title font-title-m font-brown-bold\" style=\"text-align: center\">ECOSISTEMA DE ENGRANAJES \u00d3PTIMO<\/h2>\n<p style=\"text-align: center\">El software Logitech G HUB le ofrece un portal \u00fanico para optimizar y personalizar todos sus equipos Logitech G compatibles: ratones, teclados, auriculares, parlantes y c\u00e1maras web.<\/p>\n<p>&nbsp;<\/p>\n<p><img loading=\"lazy\" decoding=\"async\" class=\"wp-image-35992 aligncenter\" src=\"\/wp-content\/uploads\/replace\/ee6030b6fd6369d27ae2a95dfbff7bbf.png\" alt=\"Logitech C922 PRO HD STREAM WEBCAM Webcams\" width=\"852\" height=\"477\" \/><\/p>\n<p>&nbsp;<\/p>\n<h4 class=\"specs-heading\">Especificaciones<\/h4>\n<div class=\"specs-column\">\n<div class=\"specs-group\">\n<div class=\"specs-block\">\n<div class=\"specs-description\"><strong>Resoluci\u00f3n m\u00e1xima<\/strong>: 1080p\/30 fps \u2013 720p\/60 fps<\/div>\n<\/div>\n<div class=\"specs-block\">\n<div class=\"specs-description\"><strong>C\u00e1mara megap\u00edxel<\/strong>: 3<\/div>\n<\/div>\n<div class=\"specs-block\">\n<div class=\"specs-description\"><strong>Tipo de enfoque<\/strong>: Enfoque autom\u00e1tico<\/div>\n<\/div>\n<div class=\"specs-block\">\n<div class=\"specs-description\"><strong>Tipo de lente<\/strong>: Vaso<\/div>\n<\/div>\n<div class=\"specs-block\">\n<div class=\"specs-description\"><strong>micr\u00f3fono incorporado<\/strong>: Est\u00e9reo<\/div>\n<\/div>\n<div class=\"specs-block\">\n<div class=\"specs-description\"><strong>Rango de micr\u00f3fono<\/strong>: Hasta 1 metro<\/div>\n<\/div>\n<div class=\"specs-block\">\n<div class=\"specs-description\"><strong>Campo de visi\u00f3n diagonal (dFoV)<\/strong>: 78\u00b0<\/div>\n<\/div>\n<div class=\"specs-block\">\n<div class=\"specs-description\"><strong>Zoom digital<\/strong>: 1,2x<\/div>\n<\/div>\n<div class=\"specs-block\">\n<div class=\"specs-description\">Clip de montaje universal listo para tr\u00edpode que se adapta a computadoras port\u00e1tiles, LCD o monitores<\/div>\n<\/div>\n<\/div>\n<\/div>\n<p>&nbsp;<\/p>","protected":false},"excerpt":{"rendered":"<h5 class=\"specs-title\">Dimensiones incluyendo clip de montaje fijo<\/h5>\n<ul class=\"specs-description-list\">\n<li><strong>Altura<\/strong>: 44mm<\/li>\n<li><strong>Ancho<\/strong>: 95mm<\/li>\n<li><strong>Profundidad<\/strong>: 71mm<\/li>\n<li><strong>Longitud del cable<\/strong>: 1,5 metros<\/li>\n<li><strong>Peso<\/strong>: 162 gramos<\/li>\n<\/ul>","protected":false},"featured_media":27587,"template":"","meta":[],"product_brand":[1380],"product_cat":[1332,1322],"product_tag":[],"class_list":{"0":"post-27422","1":"product","2":"type-product","3":"status-publish","4":"has-post-thumbnail","6":"product_brand-logitech","7":"product_cat-logitech-other-a-brands","8":"product_cat-other-a-brands","10":"first","11":"instock","12":"shipping-taxable","13":"product-type-simple"},"aioseo_notices":[],"aioseo_head":"\n\t\t<!-- All in One SEO Pro 4.5.9.2 - aioseo.com -->\n\t\t<meta name=\"description\" content=\"Dimensions including fixed mounting clip Height: 44 mm Width: 95 mm Depth: 71 mm Cable length: 1.5 m Weight: 162 g\" \/>\n\t\t<meta name=\"robots\" content=\"max-image-preview:large\" \/>\n\t\t<link rel=\"canonical\" href=\"https:\/\/www.rucashk.com\/es\/producto\/logitech-c922-pro-hd-stream-webcam-webcams\/\" \/>\n\t\t<meta name=\"generator\" content=\"All in One SEO Pro (AIOSEO) 4.5.9.2\" \/>\n\t\t<meta property=\"og:locale\" content=\"es_ES\" \/>\n\t\t<meta property=\"og:site_name\" content=\"Rucas - One-stop AIoT Distribution Worldwide\" \/>\n\t\t<meta property=\"og:type\" content=\"article\" \/>\n\t\t<meta property=\"og:title\" content=\"Logitech C922 PRO HD STREAM WEBCAM Webcams - Rucas - Wholesale and Distribution\" \/>\n\t\t<meta property=\"og:description\" content=\"Dimensions including fixed mounting clip Height: 44 mm Width: 95 mm Depth: 71 mm Cable length: 1.5 m Weight: 162 g\" \/>\n\t\t<meta property=\"og:url\" content=\"https:\/\/www.rucashk.com\/es\/producto\/logitech-c922-pro-hd-stream-webcam-webcams\/\" \/>\n\t\t<meta property=\"og:image\" content=\"https:\/\/www.rucashk.com\/wp-content\/uploads\/replace\/503b8e645f128a97ccde2b6290747646.jpeg\" \/>\n\t\t<meta property=\"og:image:secure_url\" content=\"https:\/\/www.rucashk.com\/wp-content\/uploads\/replace\/503b8e645f128a97ccde2b6290747646.jpeg\" \/>\n\t\t<meta property=\"og:image:width\" content=\"1456\" \/>\n\t\t<meta property=\"og:image:height\" content=\"816\" \/>\n\t\t<meta property=\"article:published_time\" content=\"2024-01-09T16:40:54+00:00\" \/>\n\t\t<meta property=\"article:modified_time\" content=\"2025-06-21T09:29:26+00:00\" \/>\n\t\t<meta name=\"twitter:card\" content=\"summary_large_image\" \/>\n\t\t<meta name=\"twitter:title\" content=\"Logitech C922 PRO HD STREAM WEBCAM Webcams - Rucas - Wholesale and Distribution\" \/>\n\t\t<meta name=\"twitter:description\" content=\"Dimensions including fixed mounting clip Height: 44 mm Width: 95 mm Depth: 71 mm Cable length: 1.5 m Weight: 162 g\" \/>\n\t\t<meta name=\"twitter:image\" content=\"https:\/\/www.rucashk.com\/wp-content\/uploads\/replace\/503b8e645f128a97ccde2b6290747646.jpeg\" \/>\n\t\t<script type=\"application\/ld+json\" class=\"aioseo-schema\">\n\t\t\t{\"@context\":\"https:\\\/\\\/schema.org\",\"@graph\":[{\"@type\":\"BreadcrumbList\",\"@id\":\"https:\\\/\\\/www.rucashk.com\\\/es\\\/producto\\\/logitech-c922-pro-hd-stream-webcam-webcams\\\/#breadcrumblist\",\"itemListElement\":[{\"@type\":\"ListItem\",\"@id\":\"https:\\\/\\\/www.rucashk.com\\\/es\\\/#listItem\",\"position\":1,\"name\":\"Home\",\"item\":\"https:\\\/\\\/www.rucashk.com\\\/es\\\/\",\"nextItem\":\"https:\\\/\\\/www.rucashk.com\\\/es\\\/producto\\\/logitech-c922-pro-hd-stream-webcam-webcams\\\/#listItem\"},{\"@type\":\"ListItem\",\"@id\":\"https:\\\/\\\/www.rucashk.com\\\/es\\\/producto\\\/logitech-c922-pro-hd-stream-webcam-webcams\\\/#listItem\",\"position\":2,\"name\":\"Logitech C922 PRO HD STREAM WEBCAM Webcams\",\"previousItem\":\"https:\\\/\\\/www.rucashk.com\\\/es\\\/#listItem\"}]},{\"@type\":\"Organization\",\"@id\":\"https:\\\/\\\/www.rucashk.com\\\/es\\\/#organization\",\"name\":\"Rucas\",\"url\":\"https:\\\/\\\/www.rucashk.com\\\/es\\\/\",\"logo\":{\"@type\":\"ImageObject\",\"url\":\"https:\\\/\\\/www.rucashk.com\\\/wp-content\\\/uploads\\\/2023\\\/12\\\/Rucas_campany_logo.png\",\"@id\":\"https:\\\/\\\/www.rucashk.com\\\/es\\\/producto\\\/logitech-c922-pro-hd-stream-webcam-webcams\\\/#organizationLogo\",\"width\":221,\"height\":65},\"image\":{\"@id\":\"https:\\\/\\\/www.rucashk.com\\\/es\\\/#organizationLogo\"}},{\"@type\":\"Person\",\"@id\":\"https:\\\/\\\/www.rucashk.com\\\/es\\\/author\\\/admin\\\/#author\",\"url\":\"https:\\\/\\\/www.rucashk.com\\\/es\\\/author\\\/admin\\\/\",\"name\":\"admin\",\"image\":{\"@type\":\"ImageObject\",\"@id\":\"https:\\\/\\\/www.rucashk.com\\\/es\\\/producto\\\/logitech-c922-pro-hd-stream-webcam-webcams\\\/#authorImage\",\"url\":\"https:\\\/\\\/secure.gravatar.com\\\/avatar\\\/b7c8925b09a27e72b30232f8ecaadbd5af0f70a38c78096863fe51b64f031c24?s=96&d=mm&r=g\",\"width\":96,\"height\":96,\"caption\":\"admin\"}},{\"@type\":\"WebPage\",\"@id\":\"https:\\\/\\\/www.rucashk.com\\\/es\\\/producto\\\/logitech-c922-pro-hd-stream-webcam-webcams\\\/#webpage\",\"url\":\"https:\\\/\\\/www.rucashk.com\\\/es\\\/producto\\\/logitech-c922-pro-hd-stream-webcam-webcams\\\/\",\"name\":\"Logitech C922 PRO HD STREAM WEBCAM Webcams - Rucas - Wholesale and Distribution\",\"description\":\"Dimensions including fixed mounting clip Height: 44 mm Width: 95 mm Depth: 71 mm Cable length: 1.5 m Weight: 162 g\",\"inLanguage\":\"es-ES\",\"isPartOf\":{\"@id\":\"https:\\\/\\\/www.rucashk.com\\\/es\\\/#website\"},\"breadcrumb\":{\"@id\":\"https:\\\/\\\/www.rucashk.com\\\/es\\\/producto\\\/logitech-c922-pro-hd-stream-webcam-webcams\\\/#breadcrumblist\"},\"author\":{\"@id\":\"https:\\\/\\\/www.rucashk.com\\\/es\\\/author\\\/admin\\\/#author\"},\"creator\":{\"@id\":\"https:\\\/\\\/www.rucashk.com\\\/es\\\/author\\\/admin\\\/#author\"},\"image\":{\"@type\":\"ImageObject\",\"url\":\"https:\\\/\\\/www.rucashk.com\\\/wp-content\\\/uploads\\\/2024\\\/01\\\/10002-24-2.jpg\",\"@id\":\"https:\\\/\\\/www.rucashk.com\\\/es\\\/producto\\\/logitech-c922-pro-hd-stream-webcam-webcams\\\/#mainImage\",\"width\":800,\"height\":800},\"primaryImageOfPage\":{\"@id\":\"https:\\\/\\\/www.rucashk.com\\\/es\\\/producto\\\/logitech-c922-pro-hd-stream-webcam-webcams\\\/#mainImage\"},\"datePublished\":\"2024-01-09T16:40:54+00:00\",\"dateModified\":\"2025-06-21T09:29:26+00:00\"},{\"@type\":\"WebSite\",\"@id\":\"https:\\\/\\\/www.rucashk.com\\\/es\\\/#website\",\"url\":\"https:\\\/\\\/www.rucashk.com\\\/es\\\/\",\"name\":\"Rucas - Wholesale and distribution worldwide\",\"alternateName\":\"Rucas - One-stop AIoT Distribution Worldwide\",\"description\":\"One-stop AIoT Distribution Worldwide\",\"inLanguage\":\"es-ES\",\"publisher\":{\"@id\":\"https:\\\/\\\/www.rucashk.com\\\/es\\\/#organization\"}}]}\n\t\t<\/script>\n\t\t<!-- All in One SEO Pro -->\r\n\t\t<title>Logitech C922 PRO HD STREAM WEBCAM Webcams - Rucas - Wholesale and Distribution<\/title>\n\n","aioseo_head_json":{"title":"Logitech C922 PRO HD STREAM WEBCAM Webcams - Rucas - Wholesale and Distribution","description":"Dimensions including fixed mounting clip Height: 44 mm Width: 95 mm Depth: 71 mm Cable length: 1.5 m Weight: 162 g","canonical_url":"https:\/\/www.rucashk.com\/es\/producto\/logitech-c922-pro-hd-stream-webcam-webcams\/","robots":"max-image-preview:large","keywords":"","webmasterTools":{"miscellaneous":""},"og:locale":"es_ES","og:site_name":"Rucas - One-stop AIoT Distribution Worldwide","og:type":"article","og:title":"Logitech C922 PRO HD STREAM WEBCAM Webcams - Rucas - Wholesale and Distribution","og:description":"Dimensions including fixed mounting clip Height: 44 mm Width: 95 mm Depth: 71 mm Cable length: 1.5 m Weight: 162 g","og:url":"https:\/\/www.rucashk.com\/es\/producto\/logitech-c922-pro-hd-stream-webcam-webcams\/","og:image":"https:\/\/www.rucashk.com\/wp-content\/uploads\/replace\/503b8e645f128a97ccde2b6290747646.jpeg","og:image:secure_url":"https:\/\/www.rucashk.com\/wp-content\/uploads\/replace\/503b8e645f128a97ccde2b6290747646.jpeg","og:image:width":1456,"og:image:height":816,"article:published_time":"2024-01-09T16:40:54+00:00","article:modified_time":"2025-06-21T09:29:26+00:00","twitter:card":"summary_large_image","twitter:title":"Logitech C922 PRO HD STREAM WEBCAM Webcams - Rucas - Wholesale and Distribution","twitter:description":"Dimensions including fixed mounting clip Height: 44 mm Width: 95 mm Depth: 71 mm Cable length: 1.5 m Weight: 162 g","twitter:image":"https:\/\/www.rucashk.com\/wp-content\/uploads\/replace\/503b8e645f128a97ccde2b6290747646.jpeg","schema":{"@context":"https:\/\/schema.org","@graph":[{"@type":"BreadcrumbList","@id":"https:\/\/www.rucashk.com\/es\/producto\/logitech-c922-pro-hd-stream-webcam-webcams\/#breadcrumblist","itemListElement":[{"@type":"ListItem","@id":"https:\/\/www.rucashk.com\/es\/#listItem","position":1,"name":"Home","item":"https:\/\/www.rucashk.com\/es\/","nextItem":"https:\/\/www.rucashk.com\/es\/producto\/logitech-c922-pro-hd-stream-webcam-webcams\/#listItem"},{"@type":"ListItem","@id":"https:\/\/www.rucashk.com\/es\/producto\/logitech-c922-pro-hd-stream-webcam-webcams\/#listItem","position":2,"name":"Logitech C922 PRO HD STREAM WEBCAM Webcams","previousItem":"https:\/\/www.rucashk.com\/es\/#listItem"}]},{"@type":"Organization","@id":"https:\/\/www.rucashk.com\/es\/#organization","name":"Rucas","url":"https:\/\/www.rucashk.com\/es\/","logo":{"@type":"ImageObject","url":"https:\/\/www.rucashk.com\/wp-content\/uploads\/2023\/12\/Rucas_campany_logo.png","@id":"https:\/\/www.rucashk.com\/es\/producto\/logitech-c922-pro-hd-stream-webcam-webcams\/#organizationLogo","width":221,"height":65},"image":{"@id":"https:\/\/www.rucashk.com\/es\/#organizationLogo"}},{"@type":"Person","@id":"https:\/\/www.rucashk.com\/es\/author\/admin\/#author","url":"https:\/\/www.rucashk.com\/es\/author\/admin\/","name":"admin","image":{"@type":"ImageObject","@id":"https:\/\/www.rucashk.com\/es\/producto\/logitech-c922-pro-hd-stream-webcam-webcams\/#authorImage","url":"https:\/\/secure.gravatar.com\/avatar\/b7c8925b09a27e72b30232f8ecaadbd5af0f70a38c78096863fe51b64f031c24?s=96&d=mm&r=g","width":96,"height":96,"caption":"admin"}},{"@type":"WebPage","@id":"https:\/\/www.rucashk.com\/es\/producto\/logitech-c922-pro-hd-stream-webcam-webcams\/#webpage","url":"https:\/\/www.rucashk.com\/es\/producto\/logitech-c922-pro-hd-stream-webcam-webcams\/","name":"Logitech C922 PRO HD STREAM WEBCAM Webcams - Rucas - Wholesale and Distribution","description":"Dimensions including fixed mounting clip Height: 44 mm Width: 95 mm Depth: 71 mm Cable length: 1.5 m Weight: 162 g","inLanguage":"es-ES","isPartOf":{"@id":"https:\/\/www.rucashk.com\/es\/#website"},"breadcrumb":{"@id":"https:\/\/www.rucashk.com\/es\/producto\/logitech-c922-pro-hd-stream-webcam-webcams\/#breadcrumblist"},"author":{"@id":"https:\/\/www.rucashk.com\/es\/author\/admin\/#author"},"creator":{"@id":"https:\/\/www.rucashk.com\/es\/author\/admin\/#author"},"image":{"@type":"ImageObject","url":"https:\/\/www.rucashk.com\/wp-content\/uploads\/2024\/01\/10002-24-2.jpg","@id":"https:\/\/www.rucashk.com\/es\/producto\/logitech-c922-pro-hd-stream-webcam-webcams\/#mainImage","width":800,"height":800},"primaryImageOfPage":{"@id":"https:\/\/www.rucashk.com\/es\/producto\/logitech-c922-pro-hd-stream-webcam-webcams\/#mainImage"},"datePublished":"2024-01-09T16:40:54+00:00","dateModified":"2025-06-21T09:29:26+00:00"},{"@type":"WebSite","@id":"https:\/\/www.rucashk.com\/es\/#website","url":"https:\/\/www.rucashk.com\/es\/","name":"Rucas - Wholesale and distribution worldwide","alternateName":"Rucas - One-stop AIoT Distribution Worldwide","description":"One-stop AIoT Distribution Worldwide","inLanguage":"es-ES","publisher":{"@id":"https:\/\/www.rucashk.com\/es\/#organization"}}]}},"aioseo_meta_data":{"post_id":"27422","title":null,"description":null,"keywords":null,"keyphrases":null,"primary_term":null,"canonical_url":null,"og_title":null,"og_description":null,"og_object_type":"default","og_image_type":"default","og_image_url":null,"og_image_width":null,"og_image_height":null,"og_image_custom_url":null,"og_image_custom_fields":null,"og_video":"","og_custom_url":null,"og_article_section":null,"og_article_tags":null,"twitter_use_og":false,"twitter_card":"default","twitter_image_type":"default","twitter_image_url":null,"twitter_image_custom_url":null,"twitter_image_custom_fields":null,"twitter_title":null,"twitter_description":null,"schema":{"blockGraphs":[],"customGraphs":[],"default":{"data":{"Article":[],"Course":[],"Dataset":[],"FAQPage":[],"Movie":[],"Person":[],"Product":[],"Recipe":[],"Service":[],"SoftwareApplication":[],"WebPage":[]},"graphName":"","isEnabled":true},"graphs":[]},"schema_type":"default","schema_type_options":null,"pillar_content":false,"robots_default":true,"robots_noindex":false,"robots_noarchive":false,"robots_nosnippet":false,"robots_nofollow":false,"robots_noimageindex":false,"robots_noodp":false,"robots_notranslate":false,"robots_max_snippet":"-1","robots_max_videopreview":"-1","robots_max_imagepreview":"large","priority":null,"frequency":"default","local_seo":null,"breadcrumb_settings":null,"limit_modified_date":false,"created":"2024-04-11 01:57:22","updated":"2025-06-22 18:36:56"},"aioseo_breadcrumb":"<div class=\"aioseo-breadcrumbs\"><span class=\"aioseo-breadcrumb\">\n\t<a href=\"https:\/\/www.rucashk.com\/es\" title=\"Home\">Home<\/a>\n<\/span><span class=\"aioseo-breadcrumb-separator\">&raquo;<\/span><span class=\"aioseo-breadcrumb\">\n\t<a href=\"https:\/\/www.rucashk.com\/es\/products\/\" title=\"Productos\">Productos<\/a>\n<\/span><span class=\"aioseo-breadcrumb-separator\">&raquo;<\/span><span class=\"aioseo-breadcrumb\">\n\t<a href=\"https:\/\/www.rucashk.com\/es\/marca\/logitech\/\" title=\"Logitech\">Logitech<\/a>\n<\/span><span class=\"aioseo-breadcrumb-separator\">&raquo;<\/span><span class=\"aioseo-breadcrumb\">\n\tLogitech C922 PRO HD STREAM WEBCAM Webcams\n<\/span><\/div>","aioseo_breadcrumb_json":[{"label":"Home","link":"https:\/\/www.rucashk.com\/es"},{"label":"Productos","link":"https:\/\/www.rucashk.com\/es\/products\/"},{"label":"Logitech","link":"https:\/\/www.rucashk.com\/es\/marca\/logitech\/"},{"label":"Logitech C922 PRO HD STREAM WEBCAM Webcams","link":"https:\/\/www.rucashk.com\/es\/producto\/logitech-c922-pro-hd-stream-webcam-webcams\/"}],"_links":{"self":[{"href":"https:\/\/www.rucashk.com\/es\/wp-json\/wp\/v2\/product\/27422","targetHints":{"allow":["GET"]}}],"collection":[{"href":"https:\/\/www.rucashk.com\/es\/wp-json\/wp\/v2\/product"}],"about":[{"href":"https:\/\/www.rucashk.com\/es\/wp-json\/wp\/v2\/types\/product"}],"wp:featuredmedia":[{"embeddable":true,"href":"https:\/\/www.rucashk.com\/es\/wp-json\/wp\/v2\/media\/27587"}],"wp:attachment":[{"href":"https:\/\/www.rucashk.com\/es\/wp-json\/wp\/v2\/media?parent=27422"}],"wp:term":[{"taxonomy":"product_brand","embeddable":true,"href":"https:\/\/www.rucashk.com\/es\/wp-json\/wp\/v2\/product_brand?post=27422"},{"taxonomy":"product_cat","embeddable":true,"href":"https:\/\/www.rucashk.com\/es\/wp-json\/wp\/v2\/product_cat?post=27422"},{"taxonomy":"product_tag","embeddable":true,"href":"https:\/\/www.rucashk.com\/es\/wp-json\/wp\/v2\/product_tag?post=27422"}],"curies":[{"name":"wp","href":"https:\/\/api.w.org\/{rel}","templated":true}]}}