{"id":27421,"date":"2024-01-09T16:40:54","date_gmt":"2024-01-09T16:40:54","guid":{"rendered":"http:\/\/rucashk.com\/?post_type=product&#038;p=27421"},"modified":"2025-06-21T09:29:46","modified_gmt":"2025-06-21T09:29:46","slug":"logitech-logitech-streamcam-webcams","status":"publish","type":"product","link":"https:\/\/www.rucashk.com\/es\/producto\/logitech-logitech-streamcam-webcams\/","title":{"rendered":"C\u00e1maras web Logitech LOGITECH STREAMCAM"},"content":{"rendered":"<h2 class=\"font-title-m js-title\" style=\"text-align: center\">COMPLETO HD 1080P A 60 FPS<\/h2>\n<div class=\"body-copy-ctn js-body-copy-ctn rte-field\">\n<p style=\"text-align: center\">Transmita y grabe videos para YouTube, Twitch y m\u00e1s en resoluci\u00f3n Full HD 1080p a 60 cuadros por segundo. No importa qu\u00e9 tipo de contenido cree, StreamCam produce contenido n\u00edtido con movimientos suaves que parecen naturales en la pantalla.<\/p>\n<\/div>\n<p><img fetchpriority=\"high\" decoding=\"async\" class=\"wp-image-35973 aligncenter\" src=\"\/wp-content\/uploads\/replace\/ec0a6741ffd443af88cdf5c0f0c0a1e7.png\" alt=\"Logitech LOGITECH STREAMCAM Webcams\" width=\"855\" height=\"564\" \/><\/p>\n<p style=\"text-align: center\">\n<h2 class=\"h3\" style=\"text-align: center\">LENTE DE CRISTAL PREMIUM CON ENFOQUE AUTOM\u00c1TICO INTELIGENTE<\/h2>\n<p style=\"text-align: center\">La lente de cristal premium de StreamCam ofrece una calidad de imagen vibrante y realista con detalles n\u00edtidos. Un campo de visi\u00f3n de 78 grados te mantiene al frente y al centro. El enfoque autom\u00e1tico ajusta inteligentemente la lente en tiempo real para que siempre est\u00e9s enfocado, incluso cuando te acercas o te alejas de la c\u00e1mara.<\/p>\n<p>&nbsp;<\/p>\n<p><img decoding=\"async\" class=\"wp-image-35974 aligncenter\" src=\"\/wp-content\/uploads\/replace\/5f83f421e49d2e5a1a423b1a171f05a3.png\" alt=\"Logitech LOGITECH STREAMCAM Webcams\" width=\"854\" height=\"481\" \/><\/p>\n<p>&nbsp;<\/p>\n<h2 class=\"h3\" style=\"text-align: center\">ENCUADRE AUTOM\u00c1TICO Y EXPOSICI\u00d3N INTELIGENTE<\/h2>\n<p style=\"text-align: center\">El modo de encuadre autom\u00e1tico inteligente ajusta din\u00e1micamente el encuadre para mantenerte en el centro de la toma, incluso cuando te mueves hacia la izquierda o hacia la derecha. El sistema de exposici\u00f3n inteligente ajusta la apertura y la velocidad ISO en tiempo real para garantizar tonos de piel precisos para una apariencia m\u00e1s natural y saludable, incluso en condiciones de iluminaci\u00f3n variables. Con StreamCam, puedes estar seguro de que siempre lucir\u00e1s genial.<\/p>\n<p style=\"text-align: center\">\n<p><img decoding=\"async\" class=\"wp-image-35975 aligncenter\" src=\"\/wp-content\/uploads\/replace\/b53dcb6329c016d9eb6e5afa59274c54.png\" alt=\"Logitech LOGITECH STREAMCAM Webcams\" width=\"852\" height=\"480\" \/><\/p>\n<p>&nbsp;<\/p>\n<h2 class=\"body-copy-title font-title-m font-brown-bold\" style=\"text-align: center\">OPTIMIZADO PARA EL POPULAR SOFTWARE DE TRANSMISI\u00d3N EN VIVO<\/h2>\n<p style=\"text-align: center\">StreamCam est\u00e1 optimizado para Streamlabs Desktop, Open Broadcaster Software (OBS) y otro software popular de transmisi\u00f3n en vivo. Transmita sin esfuerzo a Twitch, YouTube y todos sus sitios de transmisi\u00f3n favoritos<\/p>\n<p>&nbsp;<\/p>\n<p><img loading=\"lazy\" decoding=\"async\" class=\"wp-image-35976 aligncenter\" src=\"\/wp-content\/uploads\/replace\/a15d89dc2769c8d14eff668a6552b28a.png\" alt=\"Logitech LOGITECH STREAMCAM Webcams\" width=\"850\" height=\"575\" \/><\/p>\n<p>&nbsp;<\/p>\n<h2 class=\"h3\" style=\"text-align: center\">CONTROL MEJORADO CON EL SOFTWARE DE CAPTURA LOGITECH<\/h2>\n<p style=\"text-align: center\">\u00bfListo para llevar tu contenido al siguiente nivel? Combine StreamCam con el software Logitech Capture incluido para desbloquear potentes funciones que automatizan la exposici\u00f3n del enfoque y m\u00e1s.<\/p>\n<p style=\"text-align: center\">\n<p><img loading=\"lazy\" decoding=\"async\" class=\"wp-image-35977 aligncenter\" src=\"\/wp-content\/uploads\/replace\/68d3fe1a8942989e6c7e3a937378a7aa.png\" alt=\"Logitech LOGITECH STREAMCAM Webcams\" width=\"850\" height=\"479\" \/><\/p>\n<p>&nbsp;<\/p>\n<h2 class=\"body-copy-title font-title-m font-brown-bold\" style=\"text-align: center\">SE CONECTA CON USB-C<\/h2>\n<p style=\"text-align: center\">StreamCam, el est\u00e1ndar para conexiones r\u00e1pidas y confiables, utiliza USB Type-C para garantizar velocidades de transferencia de video eficientes. Compatible con Windows 10 y macOS 10.14 y superiores.<\/p>\n<p>&nbsp;<\/p>\n<p><img loading=\"lazy\" decoding=\"async\" class=\"wp-image-35978 aligncenter\" src=\"\/wp-content\/uploads\/replace\/3fc21710cc8985ebad9ad1b42ce4aa02.png\" alt=\"Logitech LOGITECH STREAMCAM Webcams\" width=\"850\" height=\"524\" \/><\/p>\n<p>&nbsp;<\/p>\n<h2 class=\"font-title-m js-title\" style=\"text-align: center\">CREAR Y TRANSMITIR COMO NUNCA ANTES<\/h2>\n<div class=\"body-copy-ctn js-body-copy-ctn rte-field\">\n<p style=\"text-align: center\">Escriba, grabe y transmita con herramientas de dise\u00f1o modernas que mejoran la configuraci\u00f3n de su escritorio. Trabaje silenciosamente con un teclado y un mouse delgados y livianos. Mejore sus videoconferencias y presentaciones con StreamCam y los auriculares Zone 900. Es todo lo que necesitas para ser due\u00f1o de tu espacio y llevar tu contenido al siguiente nivel.<\/p>\n<\/div>\n<p>&nbsp;<\/p>\n<p><img loading=\"lazy\" decoding=\"async\" class=\"wp-image-35979 aligncenter\" src=\"\/wp-content\/uploads\/replace\/3d828a63eae7e5c55c017b8557987fd3.png\" alt=\"Logitech LOGITECH STREAMCAM Webcams\" width=\"852\" height=\"545\" \/><\/p>\n<p>&nbsp;<\/p>\n<p>&nbsp;<\/p>\n<h4 class=\"specs-heading\">Especificaciones<\/h4>\n<div class=\"specs-column\">\n<div class=\"specs-group\">\n<div class=\"specs-block\">\n<div class=\"specs-description\"><strong>Resoluci\u00f3n m\u00e1xima de v\u00eddeo<\/strong>: 1080p\/60 fps en MJPEG<\/div>\n<\/div>\n<div class=\"specs-block\">\n<h5 class=\"specs-title\">Resoluciones admitidas<\/h5>\n<ul class=\"specs-description-list\">\n<li>1920&#215;1080, 1280&#215;720, 960&#215;540, 848&#215;480, 640&#215;360, 320&#215;240<\/li>\n<\/ul>\n<\/div>\n<div class=\"specs-block\">\n<h5 class=\"specs-title\">Velocidad de fotogramas admitida<\/h5>\n<ul class=\"specs-description-list\">\n<li><strong>MJPEG<\/strong>: 60 fps, 30 fps, 24 fps, 20 fps, 15 fps, 10 fps, 7,5 fps, 5 fps<\/li>\n<li><strong>YUY2, NV12<\/strong>: 30 fps, 24 fps, 20 fps, 15 fps, 10 fps, 7,5 fps, 5 fps<\/li>\n<\/ul>\n<\/div>\n<div class=\"specs-block\">\n<h5 class=\"specs-title\">Lente<\/h5>\n<ul class=\"specs-description-list\">\n<li>Lente de cristal Full HD de primera calidad<\/li>\n<li>f\/2.0 \u2013 distancia focal 3,7 mm<\/li>\n<li><strong>Campo de visi\u00f3n<\/strong>: 78\u00b0 (diagonal)<\/li>\n<\/ul>\n<\/div>\n<div class=\"specs-block\">\n<h5 class=\"specs-title\">Enfocar<\/h5>\n<ul class=\"specs-description-list\">\n<li>Enfoque autom\u00e1tico (de 10 cm a infinito)\/enfoque autom\u00e1tico basado en rostro con Logitech Capture<\/li>\n<\/ul>\n<\/div>\n<div class=\"specs-block\">\n<h5 class=\"specs-title\">Audio incorporado<\/h5>\n<ul class=\"specs-description-list\">\n<li>Micr\u00f3fono omnidireccional dual con filtro de reducci\u00f3n de ruido<\/li>\n<li>Canal est\u00e9reo o mono dual<\/li>\n<\/ul>\n<\/div>\n<div class=\"specs-block\">\n<h5 class=\"specs-title\">Luces indicadoras en vivo<\/h5>\n<ul class=\"specs-description-list\">\n<li>LED blanco<\/li>\n<\/ul>\n<\/div>\n<\/div>\n<\/div>","protected":false},"excerpt":{"rendered":"<div class=\"specs-block\">\n<h5 class=\"specs-title\">Sin montura<\/h5>\n<ul class=\"specs-description-list\">\n<li><strong>Altura<\/strong>: 66mm<\/li>\n<li><strong>Ancho<\/strong>: 58mm<\/li>\n<li><strong>Profundidad<\/strong>: 48mm<\/li>\n<li><strong>Peso<\/strong>: 150 gramos<\/li>\n<\/ul>\n<\/div>\n<div class=\"specs-block\">\n<h5 class=\"specs-title\">Con soporte para monitor<\/h5>\n<ul class=\"specs-description-list\">\n<li><strong>Altura<\/strong>: 85mm<\/li>\n<li><strong>Ancho<\/strong>: 58mm<\/li>\n<li><strong>Profundidad<\/strong>: 48mm<\/li>\n<li><strong>Peso<\/strong>: 222 gramos<\/li>\n<\/ul>\n<\/div>","protected":false},"featured_media":27577,"template":"","meta":[],"product_brand":[1380],"product_cat":[1332,1322],"product_tag":[],"class_list":{"0":"post-27421","1":"product","2":"type-product","3":"status-publish","4":"has-post-thumbnail","6":"product_brand-logitech","7":"product_cat-logitech-other-a-brands","8":"product_cat-other-a-brands","10":"first","11":"instock","12":"shipping-taxable","13":"product-type-simple"},"aioseo_notices":[],"aioseo_head":"\n\t\t<!-- All in One SEO Pro 4.5.9.2 - aioseo.com -->\n\t\t<meta name=\"description\" content=\"Without mount Height: 66 mm Width: 58 mm Depth: 48 mm Weight: 150 g With monitor mount Height: 85 mm Width: 58 mm Depth: 48 mm Weight: 222 g\" \/>\n\t\t<meta name=\"robots\" content=\"max-image-preview:large\" \/>\n\t\t<link rel=\"canonical\" href=\"https:\/\/www.rucashk.com\/es\/producto\/logitech-logitech-streamcam-webcams\/\" \/>\n\t\t<meta name=\"generator\" content=\"All in One SEO Pro (AIOSEO) 4.5.9.2\" \/>\n\t\t<meta property=\"og:locale\" content=\"es_ES\" \/>\n\t\t<meta property=\"og:site_name\" content=\"Rucas - One-stop AIoT Distribution Worldwide\" \/>\n\t\t<meta property=\"og:type\" content=\"article\" \/>\n\t\t<meta property=\"og:title\" content=\"Logitech LOGITECH STREAMCAM Webcams - Rucas - Wholesale and Distribution\" \/>\n\t\t<meta property=\"og:description\" content=\"Without mount Height: 66 mm Width: 58 mm Depth: 48 mm Weight: 150 g With monitor mount Height: 85 mm Width: 58 mm Depth: 48 mm Weight: 222 g\" \/>\n\t\t<meta property=\"og:url\" content=\"https:\/\/www.rucashk.com\/es\/producto\/logitech-logitech-streamcam-webcams\/\" \/>\n\t\t<meta property=\"og:image\" content=\"https:\/\/www.rucashk.com\/wp-content\/uploads\/replace\/503b8e645f128a97ccde2b6290747646.jpeg\" \/>\n\t\t<meta property=\"og:image:secure_url\" content=\"https:\/\/www.rucashk.com\/wp-content\/uploads\/replace\/503b8e645f128a97ccde2b6290747646.jpeg\" \/>\n\t\t<meta property=\"og:image:width\" content=\"1456\" \/>\n\t\t<meta property=\"og:image:height\" content=\"816\" \/>\n\t\t<meta property=\"article:published_time\" content=\"2024-01-09T16:40:54+00:00\" \/>\n\t\t<meta property=\"article:modified_time\" content=\"2025-06-21T09:29:46+00:00\" \/>\n\t\t<meta name=\"twitter:card\" content=\"summary_large_image\" \/>\n\t\t<meta name=\"twitter:title\" content=\"Logitech LOGITECH STREAMCAM Webcams - Rucas - Wholesale and Distribution\" \/>\n\t\t<meta name=\"twitter:description\" content=\"Without mount Height: 66 mm Width: 58 mm Depth: 48 mm Weight: 150 g With monitor mount Height: 85 mm Width: 58 mm Depth: 48 mm Weight: 222 g\" \/>\n\t\t<meta name=\"twitter:image\" content=\"https:\/\/www.rucashk.com\/wp-content\/uploads\/replace\/503b8e645f128a97ccde2b6290747646.jpeg\" \/>\n\t\t<script type=\"application\/ld+json\" class=\"aioseo-schema\">\n\t\t\t{\"@context\":\"https:\\\/\\\/schema.org\",\"@graph\":[{\"@type\":\"BreadcrumbList\",\"@id\":\"https:\\\/\\\/www.rucashk.com\\\/es\\\/producto\\\/logitech-logitech-streamcam-webcams\\\/#breadcrumblist\",\"itemListElement\":[{\"@type\":\"ListItem\",\"@id\":\"https:\\\/\\\/www.rucashk.com\\\/es\\\/#listItem\",\"position\":1,\"name\":\"Home\",\"item\":\"https:\\\/\\\/www.rucashk.com\\\/es\\\/\",\"nextItem\":\"https:\\\/\\\/www.rucashk.com\\\/es\\\/producto\\\/logitech-logitech-streamcam-webcams\\\/#listItem\"},{\"@type\":\"ListItem\",\"@id\":\"https:\\\/\\\/www.rucashk.com\\\/es\\\/producto\\\/logitech-logitech-streamcam-webcams\\\/#listItem\",\"position\":2,\"name\":\"Logitech LOGITECH STREAMCAM Webcams\",\"previousItem\":\"https:\\\/\\\/www.rucashk.com\\\/es\\\/#listItem\"}]},{\"@type\":\"Organization\",\"@id\":\"https:\\\/\\\/www.rucashk.com\\\/es\\\/#organization\",\"name\":\"Rucas\",\"url\":\"https:\\\/\\\/www.rucashk.com\\\/es\\\/\",\"logo\":{\"@type\":\"ImageObject\",\"url\":\"https:\\\/\\\/www.rucashk.com\\\/wp-content\\\/uploads\\\/2023\\\/12\\\/Rucas_campany_logo.png\",\"@id\":\"https:\\\/\\\/www.rucashk.com\\\/es\\\/producto\\\/logitech-logitech-streamcam-webcams\\\/#organizationLogo\",\"width\":221,\"height\":65},\"image\":{\"@id\":\"https:\\\/\\\/www.rucashk.com\\\/es\\\/#organizationLogo\"}},{\"@type\":\"Person\",\"@id\":\"https:\\\/\\\/www.rucashk.com\\\/es\\\/author\\\/admin\\\/#author\",\"url\":\"https:\\\/\\\/www.rucashk.com\\\/es\\\/author\\\/admin\\\/\",\"name\":\"admin\",\"image\":{\"@type\":\"ImageObject\",\"@id\":\"https:\\\/\\\/www.rucashk.com\\\/es\\\/producto\\\/logitech-logitech-streamcam-webcams\\\/#authorImage\",\"url\":\"https:\\\/\\\/secure.gravatar.com\\\/avatar\\\/b7c8925b09a27e72b30232f8ecaadbd5af0f70a38c78096863fe51b64f031c24?s=96&d=mm&r=g\",\"width\":96,\"height\":96,\"caption\":\"admin\"}},{\"@type\":\"WebPage\",\"@id\":\"https:\\\/\\\/www.rucashk.com\\\/es\\\/producto\\\/logitech-logitech-streamcam-webcams\\\/#webpage\",\"url\":\"https:\\\/\\\/www.rucashk.com\\\/es\\\/producto\\\/logitech-logitech-streamcam-webcams\\\/\",\"name\":\"Logitech LOGITECH STREAMCAM Webcams - Rucas - Wholesale and Distribution\",\"description\":\"Without mount Height: 66 mm Width: 58 mm Depth: 48 mm Weight: 150 g With monitor mount Height: 85 mm Width: 58 mm Depth: 48 mm Weight: 222 g\",\"inLanguage\":\"es-ES\",\"isPartOf\":{\"@id\":\"https:\\\/\\\/www.rucashk.com\\\/es\\\/#website\"},\"breadcrumb\":{\"@id\":\"https:\\\/\\\/www.rucashk.com\\\/es\\\/producto\\\/logitech-logitech-streamcam-webcams\\\/#breadcrumblist\"},\"author\":{\"@id\":\"https:\\\/\\\/www.rucashk.com\\\/es\\\/author\\\/admin\\\/#author\"},\"creator\":{\"@id\":\"https:\\\/\\\/www.rucashk.com\\\/es\\\/author\\\/admin\\\/#author\"},\"image\":{\"@type\":\"ImageObject\",\"url\":\"https:\\\/\\\/www.rucashk.com\\\/wp-content\\\/uploads\\\/2024\\\/01\\\/10001-16.webp\",\"@id\":\"https:\\\/\\\/www.rucashk.com\\\/es\\\/producto\\\/logitech-logitech-streamcam-webcams\\\/#mainImage\",\"width\":800,\"height\":800},\"primaryImageOfPage\":{\"@id\":\"https:\\\/\\\/www.rucashk.com\\\/es\\\/producto\\\/logitech-logitech-streamcam-webcams\\\/#mainImage\"},\"datePublished\":\"2024-01-09T16:40:54+00:00\",\"dateModified\":\"2025-06-21T09:29:46+00:00\"},{\"@type\":\"WebSite\",\"@id\":\"https:\\\/\\\/www.rucashk.com\\\/es\\\/#website\",\"url\":\"https:\\\/\\\/www.rucashk.com\\\/es\\\/\",\"name\":\"Rucas - Wholesale and distribution worldwide\",\"alternateName\":\"Rucas - One-stop AIoT Distribution Worldwide\",\"description\":\"One-stop AIoT Distribution Worldwide\",\"inLanguage\":\"es-ES\",\"publisher\":{\"@id\":\"https:\\\/\\\/www.rucashk.com\\\/es\\\/#organization\"}}]}\n\t\t<\/script>\n\t\t<!-- All in One SEO Pro -->\r\n\t\t<title>Logitech LOGITECH STREAMCAM Webcams - Rucas - Wholesale and Distribution<\/title>\n\n","aioseo_head_json":{"title":"Logitech LOGITECH STREAMCAM Webcams - Rucas - Wholesale and Distribution","description":"Without mount Height: 66 mm Width: 58 mm Depth: 48 mm Weight: 150 g With monitor mount Height: 85 mm Width: 58 mm Depth: 48 mm Weight: 222 g","canonical_url":"https:\/\/www.rucashk.com\/es\/producto\/logitech-logitech-streamcam-webcams\/","robots":"max-image-preview:large","keywords":"","webmasterTools":{"miscellaneous":""},"og:locale":"es_ES","og:site_name":"Rucas - One-stop AIoT Distribution Worldwide","og:type":"article","og:title":"Logitech LOGITECH STREAMCAM Webcams - Rucas - Wholesale and Distribution","og:description":"Without mount Height: 66 mm Width: 58 mm Depth: 48 mm Weight: 150 g With monitor mount Height: 85 mm Width: 58 mm Depth: 48 mm Weight: 222 g","og:url":"https:\/\/www.rucashk.com\/es\/producto\/logitech-logitech-streamcam-webcams\/","og:image":"https:\/\/www.rucashk.com\/wp-content\/uploads\/replace\/503b8e645f128a97ccde2b6290747646.jpeg","og:image:secure_url":"https:\/\/www.rucashk.com\/wp-content\/uploads\/replace\/503b8e645f128a97ccde2b6290747646.jpeg","og:image:width":1456,"og:image:height":816,"article:published_time":"2024-01-09T16:40:54+00:00","article:modified_time":"2025-06-21T09:29:46+00:00","twitter:card":"summary_large_image","twitter:title":"Logitech LOGITECH STREAMCAM Webcams - Rucas - Wholesale and Distribution","twitter:description":"Without mount Height: 66 mm Width: 58 mm Depth: 48 mm Weight: 150 g With monitor mount Height: 85 mm Width: 58 mm Depth: 48 mm Weight: 222 g","twitter:image":"https:\/\/www.rucashk.com\/wp-content\/uploads\/replace\/503b8e645f128a97ccde2b6290747646.jpeg","schema":{"@context":"https:\/\/schema.org","@graph":[{"@type":"BreadcrumbList","@id":"https:\/\/www.rucashk.com\/es\/producto\/logitech-logitech-streamcam-webcams\/#breadcrumblist","itemListElement":[{"@type":"ListItem","@id":"https:\/\/www.rucashk.com\/es\/#listItem","position":1,"name":"Home","item":"https:\/\/www.rucashk.com\/es\/","nextItem":"https:\/\/www.rucashk.com\/es\/producto\/logitech-logitech-streamcam-webcams\/#listItem"},{"@type":"ListItem","@id":"https:\/\/www.rucashk.com\/es\/producto\/logitech-logitech-streamcam-webcams\/#listItem","position":2,"name":"Logitech LOGITECH STREAMCAM Webcams","previousItem":"https:\/\/www.rucashk.com\/es\/#listItem"}]},{"@type":"Organization","@id":"https:\/\/www.rucashk.com\/es\/#organization","name":"Rucas","url":"https:\/\/www.rucashk.com\/es\/","logo":{"@type":"ImageObject","url":"https:\/\/www.rucashk.com\/wp-content\/uploads\/2023\/12\/Rucas_campany_logo.png","@id":"https:\/\/www.rucashk.com\/es\/producto\/logitech-logitech-streamcam-webcams\/#organizationLogo","width":221,"height":65},"image":{"@id":"https:\/\/www.rucashk.com\/es\/#organizationLogo"}},{"@type":"Person","@id":"https:\/\/www.rucashk.com\/es\/author\/admin\/#author","url":"https:\/\/www.rucashk.com\/es\/author\/admin\/","name":"admin","image":{"@type":"ImageObject","@id":"https:\/\/www.rucashk.com\/es\/producto\/logitech-logitech-streamcam-webcams\/#authorImage","url":"https:\/\/secure.gravatar.com\/avatar\/b7c8925b09a27e72b30232f8ecaadbd5af0f70a38c78096863fe51b64f031c24?s=96&d=mm&r=g","width":96,"height":96,"caption":"admin"}},{"@type":"WebPage","@id":"https:\/\/www.rucashk.com\/es\/producto\/logitech-logitech-streamcam-webcams\/#webpage","url":"https:\/\/www.rucashk.com\/es\/producto\/logitech-logitech-streamcam-webcams\/","name":"Logitech LOGITECH STREAMCAM Webcams - Rucas - Wholesale and Distribution","description":"Without mount Height: 66 mm Width: 58 mm Depth: 48 mm Weight: 150 g With monitor mount Height: 85 mm Width: 58 mm Depth: 48 mm Weight: 222 g","inLanguage":"es-ES","isPartOf":{"@id":"https:\/\/www.rucashk.com\/es\/#website"},"breadcrumb":{"@id":"https:\/\/www.rucashk.com\/es\/producto\/logitech-logitech-streamcam-webcams\/#breadcrumblist"},"author":{"@id":"https:\/\/www.rucashk.com\/es\/author\/admin\/#author"},"creator":{"@id":"https:\/\/www.rucashk.com\/es\/author\/admin\/#author"},"image":{"@type":"ImageObject","url":"https:\/\/www.rucashk.com\/wp-content\/uploads\/2024\/01\/10001-16.webp","@id":"https:\/\/www.rucashk.com\/es\/producto\/logitech-logitech-streamcam-webcams\/#mainImage","width":800,"height":800},"primaryImageOfPage":{"@id":"https:\/\/www.rucashk.com\/es\/producto\/logitech-logitech-streamcam-webcams\/#mainImage"},"datePublished":"2024-01-09T16:40:54+00:00","dateModified":"2025-06-21T09:29:46+00:00"},{"@type":"WebSite","@id":"https:\/\/www.rucashk.com\/es\/#website","url":"https:\/\/www.rucashk.com\/es\/","name":"Rucas - Wholesale and distribution worldwide","alternateName":"Rucas - One-stop AIoT Distribution Worldwide","description":"One-stop AIoT Distribution Worldwide","inLanguage":"es-ES","publisher":{"@id":"https:\/\/www.rucashk.com\/es\/#organization"}}]}},"aioseo_meta_data":{"post_id":"27421","title":null,"description":null,"keywords":null,"keyphrases":null,"primary_term":null,"canonical_url":null,"og_title":null,"og_description":null,"og_object_type":"default","og_image_type":"default","og_image_url":null,"og_image_width":null,"og_image_height":null,"og_image_custom_url":null,"og_image_custom_fields":null,"og_video":"","og_custom_url":null,"og_article_section":null,"og_article_tags":null,"twitter_use_og":false,"twitter_card":"default","twitter_image_type":"default","twitter_image_url":null,"twitter_image_custom_url":null,"twitter_image_custom_fields":null,"twitter_title":null,"twitter_description":null,"schema":{"blockGraphs":[],"customGraphs":[],"default":{"data":{"Article":[],"Course":[],"Dataset":[],"FAQPage":[],"Movie":[],"Person":[],"Product":[],"Recipe":[],"Service":[],"SoftwareApplication":[],"WebPage":[]},"graphName":"","isEnabled":true},"graphs":[]},"schema_type":"default","schema_type_options":null,"pillar_content":false,"robots_default":true,"robots_noindex":false,"robots_noarchive":false,"robots_nosnippet":false,"robots_nofollow":false,"robots_noimageindex":false,"robots_noodp":false,"robots_notranslate":false,"robots_max_snippet":"-1","robots_max_videopreview":"-1","robots_max_imagepreview":"large","priority":null,"frequency":"default","local_seo":null,"breadcrumb_settings":null,"limit_modified_date":false,"created":"2024-04-11 01:57:22","updated":"2025-06-22 18:36:56"},"aioseo_breadcrumb":"<div class=\"aioseo-breadcrumbs\"><span class=\"aioseo-breadcrumb\">\n\t<a href=\"https:\/\/www.rucashk.com\/es\" title=\"Home\">Home<\/a>\n<\/span><span class=\"aioseo-breadcrumb-separator\">&raquo;<\/span><span class=\"aioseo-breadcrumb\">\n\t<a href=\"https:\/\/www.rucashk.com\/es\/products\/\" title=\"Productos\">Productos<\/a>\n<\/span><span class=\"aioseo-breadcrumb-separator\">&raquo;<\/span><span class=\"aioseo-breadcrumb\">\n\t<a href=\"https:\/\/www.rucashk.com\/es\/marca\/logitech\/\" title=\"Logitech\">Logitech<\/a>\n<\/span><span class=\"aioseo-breadcrumb-separator\">&raquo;<\/span><span class=\"aioseo-breadcrumb\">\n\tLogitech LOGITECH STREAMCAM Webcams\n<\/span><\/div>","aioseo_breadcrumb_json":[{"label":"Home","link":"https:\/\/www.rucashk.com\/es"},{"label":"Productos","link":"https:\/\/www.rucashk.com\/es\/products\/"},{"label":"Logitech","link":"https:\/\/www.rucashk.com\/es\/marca\/logitech\/"},{"label":"Logitech LOGITECH STREAMCAM Webcams","link":"https:\/\/www.rucashk.com\/es\/producto\/logitech-logitech-streamcam-webcams\/"}],"_links":{"self":[{"href":"https:\/\/www.rucashk.com\/es\/wp-json\/wp\/v2\/product\/27421","targetHints":{"allow":["GET"]}}],"collection":[{"href":"https:\/\/www.rucashk.com\/es\/wp-json\/wp\/v2\/product"}],"about":[{"href":"https:\/\/www.rucashk.com\/es\/wp-json\/wp\/v2\/types\/product"}],"wp:featuredmedia":[{"embeddable":true,"href":"https:\/\/www.rucashk.com\/es\/wp-json\/wp\/v2\/media\/27577"}],"wp:attachment":[{"href":"https:\/\/www.rucashk.com\/es\/wp-json\/wp\/v2\/media?parent=27421"}],"wp:term":[{"taxonomy":"product_brand","embeddable":true,"href":"https:\/\/www.rucashk.com\/es\/wp-json\/wp\/v2\/product_brand?post=27421"},{"taxonomy":"product_cat","embeddable":true,"href":"https:\/\/www.rucashk.com\/es\/wp-json\/wp\/v2\/product_cat?post=27421"},{"taxonomy":"product_tag","embeddable":true,"href":"https:\/\/www.rucashk.com\/es\/wp-json\/wp\/v2\/product_tag?post=27421"}],"curies":[{"name":"wp","href":"https:\/\/api.w.org\/{rel}","templated":true}]}}