{"id":27420,"date":"2024-01-09T16:40:54","date_gmt":"2024-01-09T16:40:54","guid":{"rendered":"http:\/\/rucashk.com\/?post_type=product&#038;p=27420"},"modified":"2025-06-21T09:29:17","modified_gmt":"2025-06-21T09:29:17","slug":"logitech-logitech-brio-stream-webcams","status":"publish","type":"product","link":"https:\/\/www.rucashk.com\/es\/producto\/logitech-logitech-brio-stream-webcams\/","title":{"rendered":"C\u00e1maras web Logitech LOGITECH BRIO STREAM"},"content":{"rendered":"<h2 class=\"body-copy-title font-title-l font-brown-bold dc-black tc-black mc-black\" style=\"text-align: center\">VIDEOLLAMADAS DE NIVEL PROFESIONAL EN 4K HD<\/h2>\n<p style=\"text-align: center\">Logre la excelencia en la colaboraci\u00f3n de video en su escritorio con una c\u00e1mara web 4K dise\u00f1ada para brindar rendimiento y resultados de nivel profesional. Brio Stream captura cada detalle del video con una resoluci\u00f3n, color y detalle excepcionales. El intercambio asincr\u00f3nico de presentaciones y la grabaci\u00f3n de video son ultra fluidos, v\u00edvidamente claros y, con velocidades de cuadro de hasta 90 fps, la c\u00e1mara proporciona una transmisi\u00f3n de video notablemente elegante y fluida.<\/p>\n<p><img fetchpriority=\"high\" decoding=\"async\" class=\"wp-image-35961 aligncenter\" src=\"\/wp-content\/uploads\/replace\/7e0cab482a81cdbdfc8a9ae4a01e6bc9.png\" alt=\"Logitech LOGITECH BRIO STREAM Webcams\" width=\"861\" height=\"485\" \/><\/p>\n<p>&nbsp;<\/p>\n<h2 class=\"body-copy-title font-title-l font-brown-bold\" style=\"text-align: center\">LUCE PROFESIONAL EN CUALQUIER LUZ<\/h2>\n<p style=\"text-align: center\">Re\u00fanase, transmita y grabe con Brio Stream bajo cualquier iluminaci\u00f3n y luzca siempre profesional en video. Ya sea con poca luz, luz solar directa o condiciones de iluminaci\u00f3n de alto contraste, RightLight 3 con alto rango din\u00e1mico (HDR) se ajusta autom\u00e1ticamente para resaltar siempre el sujeto m\u00e1s importante: usted.<\/p>\n<p style=\"text-align: center\">\n<p><img decoding=\"async\" class=\"wp-image-35962 aligncenter\" src=\"\/wp-content\/uploads\/replace\/f051b5bde037bbeadea40a73022f1801.png\" alt=\"Logitech LOGITECH BRIO STREAM Webcams\" width=\"856\" height=\"511\" \/><\/p>\n<p>&nbsp;<\/p>\n<h2 class=\"h3\" style=\"text-align: center\">GRABACI\u00d3N ULTRA SUAVE<\/h2>\n<p style=\"text-align: center\">Brio Stream conserva una alta velocidad de fotogramas (hasta 90 fps) en cualquier condici\u00f3n de iluminaci\u00f3n para ofrecer grabaci\u00f3n de alta calidad, uso compartido de presentaciones as\u00edncrono y transmisiones fluidas y fluidas que se mantienen al d\u00eda con cada uno de sus movimientos. Las velocidades de cuadro m\u00e1s altas son ideales para cualquier situaci\u00f3n que requiera c\u00e1mara lenta o una transmisi\u00f3n de video fluida y extra fluida.<\/p>\n<p>&nbsp;<\/p>\n<p><img decoding=\"async\" class=\"wp-image-35963 aligncenter\" src=\"\/wp-content\/uploads\/replace\/a062a5b91edcbcbb412628914114a41e.png\" alt=\"Logitech LOGITECH BRIO STREAM Webcams\" width=\"855\" height=\"496\" \/><\/p>\n<p>&nbsp;<\/p>\n<h2 class=\"h3\" style=\"text-align: center\">LA SEGURIDAD SE UNE A LA CONVENIENCIA<\/h2>\n<p style=\"text-align: center\">Inicie sesi\u00f3n de forma segura y sencilla en su computadora con el reconocimiento facial de Windows Hello: es una contrase\u00f1a menos para escribir o recordar. Simplemente mire a la lente Brio Stream y estar\u00e1 dentro.<\/p>\n<p style=\"text-align: center\">\n<p><img loading=\"lazy\" decoding=\"async\" class=\"wp-image-35964 aligncenter\" src=\"\/wp-content\/uploads\/replace\/b466cb890861e4a44915cae43d5f2db6.png\" alt=\"Logitech LOGITECH BRIO STREAM Webcams\" width=\"853\" height=\"495\" \/><\/p>\n<p>&nbsp;<\/p>\n<h2 class=\"h3\" style=\"text-align: center\">IMPULSA TU CREATIVIDAD<\/h2>\n<p style=\"text-align: center\">Ya sea que se re\u00fana virtualmente, transmita en vivo o grabe, Brio Stream optimiza la experiencia de video para usted y su audiencia. Con Logi Tune, puedes personalizar c\u00f3mo te presentas con filtros personalizados, dFOV y m\u00e1s, para lucir siempre lo mejor posible. Tambi\u00e9n puede aprovechar Logitech Capture para la creaci\u00f3n de contenido todo en uno. O utilice GHub con OBS integrado para una transmisi\u00f3n en vivo personalizada.<\/p>\n<p>&nbsp;<\/p>\n<p><img loading=\"lazy\" decoding=\"async\" class=\"wp-image-35965 aligncenter\" src=\"\/wp-content\/uploads\/replace\/626270fe9a89f293b5dc463745c1ee08.png\" alt=\"Logitech LOGITECH BRIO STREAM Webcams\" width=\"854\" height=\"424\" \/><\/p>\n<p>&nbsp;<\/p>\n<h2 class=\"h3\" style=\"text-align: center\">LICENCIA XSPLIT PREMIUM DE 12 MESES<\/h2>\n<p style=\"text-align: center\">Logitech trabaj\u00f3 en estrecha colaboraci\u00f3n con XSplit para brindarle una soluci\u00f3n de transmisi\u00f3n en vivo todo en uno que ofrece compatibilidad 4K y una alta velocidad de fotogramas.<\/p>\n<p>&nbsp;<\/p>\n<p><img loading=\"lazy\" decoding=\"async\" class=\"wp-image-35966 aligncenter\" src=\"\/wp-content\/uploads\/replace\/38272a12e0b5578aabb282af4f80e100.png\" alt=\"Logitech LOGITECH BRIO STREAM Webcams\" width=\"854\" height=\"481\" \/><\/p>\n<p>&nbsp;<\/p>\n<p>&nbsp;<\/p>\n<h4 class=\"specs-heading\">Especificaciones<\/h4>\n<div class=\"specs-column\">\n<div class=\"specs-group\">\n<div class=\"specs-block\">\n<h5 class=\"specs-title\">M\u00faltiples resoluciones<\/h5>\n<ul class=\"specs-description-list\">\n<li>4K\/30 fps (hasta 4096 x 2160 p\u00edxeles)<\/li>\n<li>1080p\/30 o 60 fps (hasta 1920 x 1080 p\u00edxeles)<\/li>\n<li>720p\/30, 60 o 90 fps (hasta 1280 x 720 p\u00edxeles)<\/li>\n<\/ul>\n<\/div>\n<div class=\"specs-block\">\n<div class=\"specs-description\"><strong>Tipo de enfoque<\/strong>: Enfoque autom\u00e1tico<\/div>\n<\/div>\n<div class=\"specs-block\">\n<div class=\"specs-description\"><strong>Tipo de lente<\/strong>: Vaso<\/div>\n<\/div>\n<div class=\"specs-block\">\n<div class=\"specs-description\"><strong>micr\u00f3fono incorporado<\/strong>: est\u00e9reo, doble omnidireccional<\/div>\n<\/div>\n<div class=\"specs-block\">\n<div class=\"specs-description\"><strong>Campo de visi\u00f3n diagonal (dFoV)<\/strong>: 90\u00b0\/78\u00b0\/65\u00b0<\/div>\n<\/div>\n<div class=\"specs-block\">\n<div class=\"specs-description\"><strong>Zoom digital<\/strong>: 5x<\/div>\n<\/div>\n<div class=\"specs-block\">\n<h5 class=\"specs-title\">Conectividad USB<\/h5>\n<\/div>\n<\/div>\n<\/div>","protected":false},"excerpt":{"rendered":"<div class=\"specs-block\">\n<h5 class=\"specs-title\">C\u00e1mara web<\/h5>\n<ul class=\"specs-description-list\">\n<li><strong>Altura<\/strong>: 27mm<\/li>\n<li><strong>Ancho<\/strong>: 102mm<\/li>\n<li><strong>Profundidad<\/strong>: 27mm<\/li>\n<li><strong>Longitud del cable<\/strong>: 2,2 metros<\/li>\n<li><strong>Peso<\/strong>: 63 gramos<\/li>\n<\/ul>\n<\/div>\n<div class=\"specs-block\">\n<h5 class=\"specs-title\">CLIP DE MONTAJE ADAPTABLE<\/h5>\n<ul class=\"specs-description-list\">\n<li><strong>Altura<\/strong>: 19mm<\/li>\n<li><strong>Ancho<\/strong>: 36mm<\/li>\n<li><strong>Profundidad<\/strong>: 63mm<\/li>\n<li><strong>Peso<\/strong>: 44 gramos<\/li>\n<\/ul>\n<\/div>","protected":false},"featured_media":27572,"template":"","meta":[],"product_brand":[1380],"product_cat":[1332,1322],"product_tag":[],"class_list":{"0":"post-27420","1":"product","2":"type-product","3":"status-publish","4":"has-post-thumbnail","6":"product_brand-logitech","7":"product_cat-logitech-other-a-brands","8":"product_cat-other-a-brands","10":"first","11":"instock","12":"shipping-taxable","13":"product-type-simple"},"aioseo_notices":[],"aioseo_head":"\n\t\t<!-- All in One SEO Pro 4.5.9.2 - aioseo.com -->\n\t\t<meta name=\"description\" content=\"Webcam Height: 27 mm Width: 102 mm Depth: 27 mm Cable length: 2.2 m Weight: 63 g ATTACHABLE MOUNTING CLIP Height: 19 mm Width: 36 mm Depth: 63 mm Weight: 44 g\" \/>\n\t\t<meta name=\"robots\" content=\"max-image-preview:large\" \/>\n\t\t<link rel=\"canonical\" href=\"https:\/\/www.rucashk.com\/es\/producto\/logitech-logitech-brio-stream-webcams\/\" \/>\n\t\t<meta name=\"generator\" content=\"All in One SEO Pro (AIOSEO) 4.5.9.2\" \/>\n\t\t<meta property=\"og:locale\" content=\"es_ES\" \/>\n\t\t<meta property=\"og:site_name\" content=\"Rucas - One-stop AIoT Distribution Worldwide\" \/>\n\t\t<meta property=\"og:type\" content=\"article\" \/>\n\t\t<meta property=\"og:title\" content=\"Logitech LOGITECH BRIO STREAM Webcams - Rucas - Wholesale and Distribution\" \/>\n\t\t<meta property=\"og:description\" content=\"Webcam Height: 27 mm Width: 102 mm Depth: 27 mm Cable length: 2.2 m Weight: 63 g ATTACHABLE MOUNTING CLIP Height: 19 mm Width: 36 mm Depth: 63 mm Weight: 44 g\" \/>\n\t\t<meta property=\"og:url\" content=\"https:\/\/www.rucashk.com\/es\/producto\/logitech-logitech-brio-stream-webcams\/\" \/>\n\t\t<meta property=\"og:image\" content=\"https:\/\/www.rucashk.com\/wp-content\/uploads\/replace\/503b8e645f128a97ccde2b6290747646.jpeg\" \/>\n\t\t<meta property=\"og:image:secure_url\" content=\"https:\/\/www.rucashk.com\/wp-content\/uploads\/replace\/503b8e645f128a97ccde2b6290747646.jpeg\" \/>\n\t\t<meta property=\"og:image:width\" content=\"1456\" \/>\n\t\t<meta property=\"og:image:height\" content=\"816\" \/>\n\t\t<meta property=\"article:published_time\" content=\"2024-01-09T16:40:54+00:00\" \/>\n\t\t<meta property=\"article:modified_time\" content=\"2025-06-21T09:29:17+00:00\" \/>\n\t\t<meta name=\"twitter:card\" content=\"summary_large_image\" \/>\n\t\t<meta name=\"twitter:title\" content=\"Logitech LOGITECH BRIO STREAM Webcams - Rucas - Wholesale and Distribution\" \/>\n\t\t<meta name=\"twitter:description\" content=\"Webcam Height: 27 mm Width: 102 mm Depth: 27 mm Cable length: 2.2 m Weight: 63 g ATTACHABLE MOUNTING CLIP Height: 19 mm Width: 36 mm Depth: 63 mm Weight: 44 g\" \/>\n\t\t<meta name=\"twitter:image\" content=\"https:\/\/www.rucashk.com\/wp-content\/uploads\/replace\/503b8e645f128a97ccde2b6290747646.jpeg\" \/>\n\t\t<script type=\"application\/ld+json\" class=\"aioseo-schema\">\n\t\t\t{\"@context\":\"https:\\\/\\\/schema.org\",\"@graph\":[{\"@type\":\"BreadcrumbList\",\"@id\":\"https:\\\/\\\/www.rucashk.com\\\/es\\\/producto\\\/logitech-logitech-brio-stream-webcams\\\/#breadcrumblist\",\"itemListElement\":[{\"@type\":\"ListItem\",\"@id\":\"https:\\\/\\\/www.rucashk.com\\\/es\\\/#listItem\",\"position\":1,\"name\":\"Home\",\"item\":\"https:\\\/\\\/www.rucashk.com\\\/es\\\/\",\"nextItem\":\"https:\\\/\\\/www.rucashk.com\\\/es\\\/producto\\\/logitech-logitech-brio-stream-webcams\\\/#listItem\"},{\"@type\":\"ListItem\",\"@id\":\"https:\\\/\\\/www.rucashk.com\\\/es\\\/producto\\\/logitech-logitech-brio-stream-webcams\\\/#listItem\",\"position\":2,\"name\":\"Logitech LOGITECH BRIO STREAM Webcams\",\"previousItem\":\"https:\\\/\\\/www.rucashk.com\\\/es\\\/#listItem\"}]},{\"@type\":\"Organization\",\"@id\":\"https:\\\/\\\/www.rucashk.com\\\/es\\\/#organization\",\"name\":\"Rucas\",\"url\":\"https:\\\/\\\/www.rucashk.com\\\/es\\\/\",\"logo\":{\"@type\":\"ImageObject\",\"url\":\"https:\\\/\\\/www.rucashk.com\\\/wp-content\\\/uploads\\\/2023\\\/12\\\/Rucas_campany_logo.png\",\"@id\":\"https:\\\/\\\/www.rucashk.com\\\/es\\\/producto\\\/logitech-logitech-brio-stream-webcams\\\/#organizationLogo\",\"width\":221,\"height\":65},\"image\":{\"@id\":\"https:\\\/\\\/www.rucashk.com\\\/es\\\/#organizationLogo\"}},{\"@type\":\"Person\",\"@id\":\"https:\\\/\\\/www.rucashk.com\\\/es\\\/author\\\/admin\\\/#author\",\"url\":\"https:\\\/\\\/www.rucashk.com\\\/es\\\/author\\\/admin\\\/\",\"name\":\"admin\",\"image\":{\"@type\":\"ImageObject\",\"@id\":\"https:\\\/\\\/www.rucashk.com\\\/es\\\/producto\\\/logitech-logitech-brio-stream-webcams\\\/#authorImage\",\"url\":\"https:\\\/\\\/secure.gravatar.com\\\/avatar\\\/b7c8925b09a27e72b30232f8ecaadbd5af0f70a38c78096863fe51b64f031c24?s=96&d=mm&r=g\",\"width\":96,\"height\":96,\"caption\":\"admin\"}},{\"@type\":\"WebPage\",\"@id\":\"https:\\\/\\\/www.rucashk.com\\\/es\\\/producto\\\/logitech-logitech-brio-stream-webcams\\\/#webpage\",\"url\":\"https:\\\/\\\/www.rucashk.com\\\/es\\\/producto\\\/logitech-logitech-brio-stream-webcams\\\/\",\"name\":\"Logitech LOGITECH BRIO STREAM Webcams - Rucas - Wholesale and Distribution\",\"description\":\"Webcam Height: 27 mm Width: 102 mm Depth: 27 mm Cable length: 2.2 m Weight: 63 g ATTACHABLE MOUNTING CLIP Height: 19 mm Width: 36 mm Depth: 63 mm Weight: 44 g\",\"inLanguage\":\"es-ES\",\"isPartOf\":{\"@id\":\"https:\\\/\\\/www.rucashk.com\\\/es\\\/#website\"},\"breadcrumb\":{\"@id\":\"https:\\\/\\\/www.rucashk.com\\\/es\\\/producto\\\/logitech-logitech-brio-stream-webcams\\\/#breadcrumblist\"},\"author\":{\"@id\":\"https:\\\/\\\/www.rucashk.com\\\/es\\\/author\\\/admin\\\/#author\"},\"creator\":{\"@id\":\"https:\\\/\\\/www.rucashk.com\\\/es\\\/author\\\/admin\\\/#author\"},\"image\":{\"@type\":\"ImageObject\",\"url\":\"https:\\\/\\\/www.rucashk.com\\\/wp-content\\\/uploads\\\/2024\\\/01\\\/10005-9.webp\",\"@id\":\"https:\\\/\\\/www.rucashk.com\\\/es\\\/producto\\\/logitech-logitech-brio-stream-webcams\\\/#mainImage\",\"width\":800,\"height\":800},\"primaryImageOfPage\":{\"@id\":\"https:\\\/\\\/www.rucashk.com\\\/es\\\/producto\\\/logitech-logitech-brio-stream-webcams\\\/#mainImage\"},\"datePublished\":\"2024-01-09T16:40:54+00:00\",\"dateModified\":\"2025-06-21T09:29:17+00:00\"},{\"@type\":\"WebSite\",\"@id\":\"https:\\\/\\\/www.rucashk.com\\\/es\\\/#website\",\"url\":\"https:\\\/\\\/www.rucashk.com\\\/es\\\/\",\"name\":\"Rucas - Wholesale and distribution worldwide\",\"alternateName\":\"Rucas - One-stop AIoT Distribution Worldwide\",\"description\":\"One-stop AIoT Distribution Worldwide\",\"inLanguage\":\"es-ES\",\"publisher\":{\"@id\":\"https:\\\/\\\/www.rucashk.com\\\/es\\\/#organization\"}}]}\n\t\t<\/script>\n\t\t<!-- All in One SEO Pro -->\r\n\t\t<title>Logitech LOGITECH BRIO STREAM Webcams - Rucas - Wholesale and Distribution<\/title>\n\n","aioseo_head_json":{"title":"Logitech LOGITECH BRIO STREAM Webcams - Rucas - Wholesale and Distribution","description":"Webcam Height: 27 mm Width: 102 mm Depth: 27 mm Cable length: 2.2 m Weight: 63 g ATTACHABLE MOUNTING CLIP Height: 19 mm Width: 36 mm Depth: 63 mm Weight: 44 g","canonical_url":"https:\/\/www.rucashk.com\/es\/producto\/logitech-logitech-brio-stream-webcams\/","robots":"max-image-preview:large","keywords":"","webmasterTools":{"miscellaneous":""},"og:locale":"es_ES","og:site_name":"Rucas - One-stop AIoT Distribution Worldwide","og:type":"article","og:title":"Logitech LOGITECH BRIO STREAM Webcams - Rucas - Wholesale and Distribution","og:description":"Webcam Height: 27 mm Width: 102 mm Depth: 27 mm Cable length: 2.2 m Weight: 63 g ATTACHABLE MOUNTING CLIP Height: 19 mm Width: 36 mm Depth: 63 mm Weight: 44 g","og:url":"https:\/\/www.rucashk.com\/es\/producto\/logitech-logitech-brio-stream-webcams\/","og:image":"https:\/\/www.rucashk.com\/wp-content\/uploads\/replace\/503b8e645f128a97ccde2b6290747646.jpeg","og:image:secure_url":"https:\/\/www.rucashk.com\/wp-content\/uploads\/replace\/503b8e645f128a97ccde2b6290747646.jpeg","og:image:width":1456,"og:image:height":816,"article:published_time":"2024-01-09T16:40:54+00:00","article:modified_time":"2025-06-21T09:29:17+00:00","twitter:card":"summary_large_image","twitter:title":"Logitech LOGITECH BRIO STREAM Webcams - Rucas - Wholesale and Distribution","twitter:description":"Webcam Height: 27 mm Width: 102 mm Depth: 27 mm Cable length: 2.2 m Weight: 63 g ATTACHABLE MOUNTING CLIP Height: 19 mm Width: 36 mm Depth: 63 mm Weight: 44 g","twitter:image":"https:\/\/www.rucashk.com\/wp-content\/uploads\/replace\/503b8e645f128a97ccde2b6290747646.jpeg","schema":{"@context":"https:\/\/schema.org","@graph":[{"@type":"BreadcrumbList","@id":"https:\/\/www.rucashk.com\/es\/producto\/logitech-logitech-brio-stream-webcams\/#breadcrumblist","itemListElement":[{"@type":"ListItem","@id":"https:\/\/www.rucashk.com\/es\/#listItem","position":1,"name":"Home","item":"https:\/\/www.rucashk.com\/es\/","nextItem":"https:\/\/www.rucashk.com\/es\/producto\/logitech-logitech-brio-stream-webcams\/#listItem"},{"@type":"ListItem","@id":"https:\/\/www.rucashk.com\/es\/producto\/logitech-logitech-brio-stream-webcams\/#listItem","position":2,"name":"Logitech LOGITECH BRIO STREAM Webcams","previousItem":"https:\/\/www.rucashk.com\/es\/#listItem"}]},{"@type":"Organization","@id":"https:\/\/www.rucashk.com\/es\/#organization","name":"Rucas","url":"https:\/\/www.rucashk.com\/es\/","logo":{"@type":"ImageObject","url":"https:\/\/www.rucashk.com\/wp-content\/uploads\/2023\/12\/Rucas_campany_logo.png","@id":"https:\/\/www.rucashk.com\/es\/producto\/logitech-logitech-brio-stream-webcams\/#organizationLogo","width":221,"height":65},"image":{"@id":"https:\/\/www.rucashk.com\/es\/#organizationLogo"}},{"@type":"Person","@id":"https:\/\/www.rucashk.com\/es\/author\/admin\/#author","url":"https:\/\/www.rucashk.com\/es\/author\/admin\/","name":"admin","image":{"@type":"ImageObject","@id":"https:\/\/www.rucashk.com\/es\/producto\/logitech-logitech-brio-stream-webcams\/#authorImage","url":"https:\/\/secure.gravatar.com\/avatar\/b7c8925b09a27e72b30232f8ecaadbd5af0f70a38c78096863fe51b64f031c24?s=96&d=mm&r=g","width":96,"height":96,"caption":"admin"}},{"@type":"WebPage","@id":"https:\/\/www.rucashk.com\/es\/producto\/logitech-logitech-brio-stream-webcams\/#webpage","url":"https:\/\/www.rucashk.com\/es\/producto\/logitech-logitech-brio-stream-webcams\/","name":"Logitech LOGITECH BRIO STREAM Webcams - Rucas - Wholesale and Distribution","description":"Webcam Height: 27 mm Width: 102 mm Depth: 27 mm Cable length: 2.2 m Weight: 63 g ATTACHABLE MOUNTING CLIP Height: 19 mm Width: 36 mm Depth: 63 mm Weight: 44 g","inLanguage":"es-ES","isPartOf":{"@id":"https:\/\/www.rucashk.com\/es\/#website"},"breadcrumb":{"@id":"https:\/\/www.rucashk.com\/es\/producto\/logitech-logitech-brio-stream-webcams\/#breadcrumblist"},"author":{"@id":"https:\/\/www.rucashk.com\/es\/author\/admin\/#author"},"creator":{"@id":"https:\/\/www.rucashk.com\/es\/author\/admin\/#author"},"image":{"@type":"ImageObject","url":"https:\/\/www.rucashk.com\/wp-content\/uploads\/2024\/01\/10005-9.webp","@id":"https:\/\/www.rucashk.com\/es\/producto\/logitech-logitech-brio-stream-webcams\/#mainImage","width":800,"height":800},"primaryImageOfPage":{"@id":"https:\/\/www.rucashk.com\/es\/producto\/logitech-logitech-brio-stream-webcams\/#mainImage"},"datePublished":"2024-01-09T16:40:54+00:00","dateModified":"2025-06-21T09:29:17+00:00"},{"@type":"WebSite","@id":"https:\/\/www.rucashk.com\/es\/#website","url":"https:\/\/www.rucashk.com\/es\/","name":"Rucas - Wholesale and distribution worldwide","alternateName":"Rucas - One-stop AIoT Distribution Worldwide","description":"One-stop AIoT Distribution Worldwide","inLanguage":"es-ES","publisher":{"@id":"https:\/\/www.rucashk.com\/es\/#organization"}}]}},"aioseo_meta_data":{"post_id":"27420","title":null,"description":null,"keywords":null,"keyphrases":null,"primary_term":null,"canonical_url":null,"og_title":null,"og_description":null,"og_object_type":"default","og_image_type":"default","og_image_url":null,"og_image_width":null,"og_image_height":null,"og_image_custom_url":null,"og_image_custom_fields":null,"og_video":"","og_custom_url":null,"og_article_section":null,"og_article_tags":null,"twitter_use_og":false,"twitter_card":"default","twitter_image_type":"default","twitter_image_url":null,"twitter_image_custom_url":null,"twitter_image_custom_fields":null,"twitter_title":null,"twitter_description":null,"schema":{"blockGraphs":[],"customGraphs":[],"default":{"data":{"Article":[],"Course":[],"Dataset":[],"FAQPage":[],"Movie":[],"Person":[],"Product":[],"Recipe":[],"Service":[],"SoftwareApplication":[],"WebPage":[]},"graphName":"","isEnabled":true},"graphs":[]},"schema_type":"default","schema_type_options":null,"pillar_content":false,"robots_default":true,"robots_noindex":false,"robots_noarchive":false,"robots_nosnippet":false,"robots_nofollow":false,"robots_noimageindex":false,"robots_noodp":false,"robots_notranslate":false,"robots_max_snippet":"-1","robots_max_videopreview":"-1","robots_max_imagepreview":"large","priority":null,"frequency":"default","local_seo":null,"breadcrumb_settings":null,"limit_modified_date":false,"created":"2024-04-11 01:57:22","updated":"2025-06-22 18:36:56"},"aioseo_breadcrumb":"<div class=\"aioseo-breadcrumbs\"><span class=\"aioseo-breadcrumb\">\n\t<a href=\"https:\/\/www.rucashk.com\/es\" title=\"Home\">Home<\/a>\n<\/span><span class=\"aioseo-breadcrumb-separator\">&raquo;<\/span><span class=\"aioseo-breadcrumb\">\n\t<a href=\"https:\/\/www.rucashk.com\/es\/products\/\" title=\"Productos\">Productos<\/a>\n<\/span><span class=\"aioseo-breadcrumb-separator\">&raquo;<\/span><span class=\"aioseo-breadcrumb\">\n\t<a href=\"https:\/\/www.rucashk.com\/es\/marca\/logitech\/\" title=\"Logitech\">Logitech<\/a>\n<\/span><span class=\"aioseo-breadcrumb-separator\">&raquo;<\/span><span class=\"aioseo-breadcrumb\">\n\tLogitech LOGITECH BRIO STREAM Webcams\n<\/span><\/div>","aioseo_breadcrumb_json":[{"label":"Home","link":"https:\/\/www.rucashk.com\/es"},{"label":"Productos","link":"https:\/\/www.rucashk.com\/es\/products\/"},{"label":"Logitech","link":"https:\/\/www.rucashk.com\/es\/marca\/logitech\/"},{"label":"Logitech LOGITECH BRIO STREAM Webcams","link":"https:\/\/www.rucashk.com\/es\/producto\/logitech-logitech-brio-stream-webcams\/"}],"_links":{"self":[{"href":"https:\/\/www.rucashk.com\/es\/wp-json\/wp\/v2\/product\/27420","targetHints":{"allow":["GET"]}}],"collection":[{"href":"https:\/\/www.rucashk.com\/es\/wp-json\/wp\/v2\/product"}],"about":[{"href":"https:\/\/www.rucashk.com\/es\/wp-json\/wp\/v2\/types\/product"}],"wp:featuredmedia":[{"embeddable":true,"href":"https:\/\/www.rucashk.com\/es\/wp-json\/wp\/v2\/media\/27572"}],"wp:attachment":[{"href":"https:\/\/www.rucashk.com\/es\/wp-json\/wp\/v2\/media?parent=27420"}],"wp:term":[{"taxonomy":"product_brand","embeddable":true,"href":"https:\/\/www.rucashk.com\/es\/wp-json\/wp\/v2\/product_brand?post=27420"},{"taxonomy":"product_cat","embeddable":true,"href":"https:\/\/www.rucashk.com\/es\/wp-json\/wp\/v2\/product_cat?post=27420"},{"taxonomy":"product_tag","embeddable":true,"href":"https:\/\/www.rucashk.com\/es\/wp-json\/wp\/v2\/product_tag?post=27420"}],"curies":[{"name":"wp","href":"https:\/\/api.w.org\/{rel}","templated":true}]}}