{"id":27419,"date":"2024-01-09T16:40:54","date_gmt":"2024-01-09T16:40:54","guid":{"rendered":"http:\/\/rucashk.com\/?post_type=product&#038;p=27419"},"modified":"2025-06-21T09:29:35","modified_gmt":"2025-06-21T09:29:35","slug":"logitech-brio-500-webcams","status":"publish","type":"product","link":"https:\/\/www.rucashk.com\/es\/producto\/logitech-brio-500-webcams\/","title":{"rendered":"C\u00e1maras web Logitech BRIO 500"},"content":{"rendered":"<h2 class=\"font-hero-m js-title\" style=\"text-align: center\">BRIO 500<\/h2>\n<div class=\"body-copy-ctn js-body-copy-ctn rte-field\">\n<p style=\"text-align: center\">Pres\u00e9ntate en cada videollamada sinti\u00e9ndote seguro, comprometido y aut\u00e9ntico<\/p>\n<\/div>\n<p><img fetchpriority=\"high\" decoding=\"async\" class=\"wp-image-35949 aligncenter\" src=\"\/wp-content\/uploads\/replace\/c4afe396eb69335d36917c9edef5e19a.png\" alt=\"Logitech BRIO 500 Keyboards\" width=\"857\" height=\"571\" \/><\/p>\n<p>&nbsp;<\/p>\n<h2 class=\"body-copy-title font-title-l font-brown-bold\" style=\"text-align: center\">PON TU LO MEJOR DE YO ADELANTE<\/h2>\n<p style=\"text-align: center\">Si\u00e9ntase seguro en cada reuni\u00f3n h\u00edbrida con una c\u00e1mara web que aporta personalidad y facilidad a la configuraci\u00f3n de su oficina. Los micr\u00f3fonos con correcci\u00f3n autom\u00e1tica de luz y reducci\u00f3n de ruido garantizan que su apariencia y su sonido sean claros y naturales en cada reuni\u00f3n a la que participe.<\/p>\n<p><img decoding=\"async\" class=\"wp-image-35950 aligncenter\" src=\"\/wp-content\/uploads\/replace\/8fd130bb8f56896240ff690cda6223fd.png\" alt=\"Logitech BRIO 500 Keyboards\" width=\"856\" height=\"468\" \/><\/p>\n<p>&nbsp;<\/p>\n<p style=\"text-align: center\">Br\u00edo 500\u00a0<em>Luz derecha<\/em>\u00a04 se ajusta autom\u00e1ticamente a tu entorno para que parezcas bien iluminado incluso en condiciones de poca iluminaci\u00f3n.<\/p>\n<p>&nbsp;<\/p>\n<p><img decoding=\"async\" class=\"wp-image-35951 aligncenter\" src=\"\/wp-content\/uploads\/replace\/45b213ff8211eaec699b20b5f5eb8566.png\" alt=\"Logitech BRIO 500 Keyboards\" width=\"854\" height=\"501\" \/><\/p>\n<p>&nbsp;<\/p>\n<div class=\"pangea-cmp pangea-grid-layout margin-properties-vertical aem-content-ctn container\" data-row-gutter-tablet=\"false\" data-row-gutter-mobile=\"false\">\n<div class=\"layout-container\">\n<div class=\"layout-item\">\n<div class=\"pangea-cmp body-copy js-pangea-body-copy aem-margin-options font-size-normal font-brown-light dc-black tc-black mc-black\" data-aem-id=\"text_editable_copy-if08f40d22543cbb41e3faca2a22abfac\" data-align-desktop=\"left\" data-align-tablet=\"left\" data-align-mobile=\"left\" data-body-size=\"font-size-normal\">\n<div class=\"aem-content-ctn no-container\">\n<div class=\"aem-padding-options mpts\" data-aem-id=\"text_editable_copy-if08f40d22543cbb41e3faca2a22abfac-padding-options\">\n<div class=\"content-ctn rte-field\">\n<p style=\"text-align: center\">La resoluci\u00f3n Full HD de 1080p y la correcci\u00f3n de im\u00e1genes faciales basada en IA brindan una calidad de imagen excepcional para que otros puedan verte con mayor claridad.<\/p>\n<p>&nbsp;<\/p>\n<\/div>\n<\/div>\n<\/div>\n<\/div>\n<\/div>\n<\/div>\n<\/div>\n<p><img loading=\"lazy\" decoding=\"async\" class=\"wp-image-35952 aligncenter\" src=\"\/wp-content\/uploads\/replace\/4077cca830e04e3e930ed02b3120de44.png\" alt=\"Logitech BRIO 500 Keyboards\" width=\"852\" height=\"480\" \/><\/p>\n<p>&nbsp;<\/p>\n<h2 class=\"body-copy-title font-title-l font-brown-bold dc-black tc-black mc-black\" style=\"text-align: center\">LEVANTA TU VOZ<\/h2>\n<p style=\"text-align: center\">Aseg\u00farese de que sus colegas escuchen lo que tiene que decir, incluso cuando no tenga sus auriculares o aud\u00edfonos. Los micr\u00f3fonos reductores de ruido filtran el sonido de fondo y mejoran tu voz para que te escuchen con claridad y no el ruido que te rodea.<\/p>\n<p>&nbsp;<\/p>\n<p><img loading=\"lazy\" decoding=\"async\" class=\"wp-image-35953 aligncenter\" src=\"\/wp-content\/uploads\/replace\/859269add2e7ac076fa3eea2b2b0e5d9.png\" alt=\"Logitech BRIO 500 Keyboards\" width=\"852\" height=\"520\" \/><\/p>\n<p>&nbsp;<\/p>\n<h2 class=\"body-copy-title font-title-l font-brown-bold dc-black tc-black mc-black\" style=\"text-align: center\">MUESTRA TU TRABAJO<\/h2>\n<p style=\"text-align: center\">Utilice el nuevo e innovador modo Mostrar para inclinar la c\u00e1mara hacia abajo y presentar bocetos, trabajos en progreso y otros objetos en su escritorio. El soporte incluido cuenta con una microventosa que fija la c\u00e1mara web a la parte posterior del monitor, lo que le permite realizar ajustes r\u00e1pidos con una mano. Descargar\u00a0<em>melod\u00eda logi<\/em>\u00a0gratis para habilitar el modo Mostrar.<\/p>\n<p>&nbsp;<\/p>\n<p><img loading=\"lazy\" decoding=\"async\" class=\"wp-image-35954 aligncenter\" src=\"\/wp-content\/uploads\/replace\/2757dfebaf25bbe7c81f44c56d87a5c9.png\" alt=\"Logitech BRIO 500 Keyboards\" width=\"851\" height=\"508\" \/><\/p>\n<p>&nbsp;<\/p>\n<p>&nbsp;<\/p>\n<h4 class=\"specs-heading\">Especificaciones<\/h4>\n<div class=\"specs-column\">\n<div class=\"specs-group\">\n<div class=\"specs-block\">\n<h5 class=\"specs-title\">M\u00faltiples resoluciones<\/h5>\n<ul class=\"specs-description-list\">\n<li>1080p\/30fps (1920\u00d71080 p\u00edxeles)<\/li>\n<li>720p\/60fps (1280\u00d7720 p\u00edxeles)<\/li>\n<\/ul>\n<\/div>\n<div class=\"specs-block\">\n<div class=\"specs-description\"><strong>megap\u00edxeles de la c\u00e1mara<\/strong>: 4MP<\/div>\n<\/div>\n<div class=\"specs-block\">\n<div class=\"specs-description\"><strong>Campo de visi\u00f3n diagonal (dFoV)<\/strong>: 90\u00b0\/78\u00b0\/65\u00b0<\/div>\n<\/div>\n<div class=\"specs-block\">\n<div class=\"specs-description\"><strong>Zoom de hardware<\/strong>: Zoom digital 4x<\/div>\n<\/div>\n<div class=\"specs-block\">\n<div class=\"specs-description\"><strong>Tipo de enfoque<\/strong>: Enfoque autom\u00e1tico<\/div>\n<\/div>\n<div class=\"specs-block\">\n<div class=\"specs-description\"><strong>Tipo de lente<\/strong>: Vaso<\/div>\n<\/div>\n<div class=\"specs-block\">\n<div class=\"specs-description\"><strong>Tipo de micr\u00f3fono incorporado<\/strong>: Micr\u00f3fono est\u00e9reo<\/div>\n<\/div>\n<div class=\"specs-block\">\n<div class=\"specs-description\"><strong>Rango de micr\u00f3fono<\/strong>: Hasta 1,22m<\/div>\n<\/div>\n<div class=\"specs-block\">\n<div class=\"specs-description\"><strong>Conectividad USB<\/strong>: USB-C plug-and-play<\/div>\n<\/div>\n<div class=\"specs-block\">\n<div class=\"specs-description\"><strong>Obturador de privacidad<\/strong>: Integrado<\/div>\n<\/div>\n<div class=\"specs-block\">\n<div class=\"specs-description\"><\/div>\n<\/div>\n<\/div>\n<\/div>","protected":false},"excerpt":{"rendered":"<div class=\"specs-block\">\n<h5 class=\"specs-title\">S\u00f3lo c\u00e1mara web<\/h5>\n<ul class=\"specs-description-list\">\n<li><strong>Altura<\/strong>: 31,5mm<\/li>\n<li><strong>Ancho<\/strong>: 110 mil\u00edmetros<\/li>\n<li><strong>Profundidad<\/strong>: 31,5mm<\/li>\n<\/ul>\n<\/div>\n<div class=\"specs-block\">\n<h5 class=\"specs-title\">C\u00e1mara web + soporte<\/h5>\n<ul class=\"specs-description-list\">\n<li><strong>Altura<\/strong>: 51,5mm<\/li>\n<li><strong>Ancho<\/strong>: 110 mil\u00edmetros<\/li>\n<li><strong>Profundidad<\/strong>: 45 mm, incl. clip de montaje<\/li>\n<\/ul>\n<\/div>\n<div class=\"specs-block\">\n<div class=\"specs-description\"><strong>Peso<\/strong>: 121 gramos, incl. clip de montaje y cable<\/div>\n<\/div>\n<div class=\"specs-block\">\n<div class=\"specs-description\"><strong>Longitud del cable adjunto<\/strong>: 1,5 metros<\/div>\n<\/div>\n<div class=\"specs-block\">\n<h5 class=\"specs-title\">Clip de montaje<\/h5>\n<ul class=\"specs-description-list\">\n<li><strong>Altura<\/strong>: 25mm<\/li>\n<li><strong>Ancho<\/strong>: 45,8mm<\/li>\n<li><strong>Profundidad<\/strong>: 65,1 mil\u00edmetros<\/li>\n<li><strong>Peso<\/strong>: 40 gramos, incl. Adaptador de montaje extra\u00edble<\/li>\n<\/ul>\n<\/div>","protected":false},"featured_media":27567,"template":"","meta":[],"product_brand":[1380],"product_cat":[1332,1322],"product_tag":[],"class_list":{"0":"post-27419","1":"product","2":"type-product","3":"status-publish","4":"has-post-thumbnail","6":"product_brand-logitech","7":"product_cat-logitech-other-a-brands","8":"product_cat-other-a-brands","10":"first","11":"instock","12":"shipping-taxable","13":"product-type-simple"},"aioseo_notices":[],"aioseo_head":"\n\t\t<!-- All in One SEO Pro 4.5.9.2 - aioseo.com -->\n\t\t<meta name=\"description\" content=\"Webcam only Height: 31.5 mm Width: 110 mm Depth: 31.5 mm Webcam + Mount Height: 51.5 mm Width: 110 mm Depth: 45 mm, incl. mount clip Weight: 121 g, incl. mount clip &amp; cable Attached Cable length: 1.5 m Mounting Clip Height: 25 mm Width: 45.8 mm Depth: 65.1 mm Weight: 40 g, incl. Removable mount adapter\" \/>\n\t\t<meta name=\"robots\" content=\"max-image-preview:large\" \/>\n\t\t<link rel=\"canonical\" href=\"https:\/\/www.rucashk.com\/es\/producto\/logitech-brio-500-webcams\/\" \/>\n\t\t<meta name=\"generator\" content=\"All in One SEO Pro (AIOSEO) 4.5.9.2\" \/>\n\t\t<meta property=\"og:locale\" content=\"es_ES\" \/>\n\t\t<meta property=\"og:site_name\" content=\"Rucas - One-stop AIoT Distribution Worldwide\" \/>\n\t\t<meta property=\"og:type\" content=\"article\" \/>\n\t\t<meta property=\"og:title\" content=\"Logitech BRIO 500 Webcams - Rucas - Wholesale and Distribution\" \/>\n\t\t<meta property=\"og:description\" content=\"Webcam only Height: 31.5 mm Width: 110 mm Depth: 31.5 mm Webcam + Mount Height: 51.5 mm Width: 110 mm Depth: 45 mm, incl. mount clip Weight: 121 g, incl. mount clip &amp; cable Attached Cable length: 1.5 m Mounting Clip Height: 25 mm Width: 45.8 mm Depth: 65.1 mm Weight: 40 g, incl. Removable mount adapter\" \/>\n\t\t<meta property=\"og:url\" content=\"https:\/\/www.rucashk.com\/es\/producto\/logitech-brio-500-webcams\/\" \/>\n\t\t<meta property=\"og:image\" content=\"https:\/\/www.rucashk.com\/wp-content\/uploads\/replace\/503b8e645f128a97ccde2b6290747646.jpeg\" \/>\n\t\t<meta property=\"og:image:secure_url\" content=\"https:\/\/www.rucashk.com\/wp-content\/uploads\/replace\/503b8e645f128a97ccde2b6290747646.jpeg\" \/>\n\t\t<meta property=\"og:image:width\" content=\"1456\" \/>\n\t\t<meta property=\"og:image:height\" content=\"816\" \/>\n\t\t<meta property=\"article:published_time\" content=\"2024-01-09T16:40:54+00:00\" \/>\n\t\t<meta property=\"article:modified_time\" content=\"2025-06-21T09:29:35+00:00\" \/>\n\t\t<meta name=\"twitter:card\" content=\"summary_large_image\" \/>\n\t\t<meta name=\"twitter:title\" content=\"Logitech BRIO 500 Webcams - Rucas - Wholesale and Distribution\" \/>\n\t\t<meta name=\"twitter:description\" content=\"Webcam only Height: 31.5 mm Width: 110 mm Depth: 31.5 mm Webcam + Mount Height: 51.5 mm Width: 110 mm Depth: 45 mm, incl. mount clip Weight: 121 g, incl. mount clip &amp; cable Attached Cable length: 1.5 m Mounting Clip Height: 25 mm Width: 45.8 mm Depth: 65.1 mm Weight: 40 g, incl. Removable mount adapter\" \/>\n\t\t<meta name=\"twitter:image\" content=\"https:\/\/www.rucashk.com\/wp-content\/uploads\/replace\/503b8e645f128a97ccde2b6290747646.jpeg\" \/>\n\t\t<script type=\"application\/ld+json\" class=\"aioseo-schema\">\n\t\t\t{\"@context\":\"https:\\\/\\\/schema.org\",\"@graph\":[{\"@type\":\"BreadcrumbList\",\"@id\":\"https:\\\/\\\/www.rucashk.com\\\/es\\\/producto\\\/logitech-brio-500-webcams\\\/#breadcrumblist\",\"itemListElement\":[{\"@type\":\"ListItem\",\"@id\":\"https:\\\/\\\/www.rucashk.com\\\/es\\\/#listItem\",\"position\":1,\"name\":\"Home\",\"item\":\"https:\\\/\\\/www.rucashk.com\\\/es\\\/\",\"nextItem\":\"https:\\\/\\\/www.rucashk.com\\\/es\\\/producto\\\/logitech-brio-500-webcams\\\/#listItem\"},{\"@type\":\"ListItem\",\"@id\":\"https:\\\/\\\/www.rucashk.com\\\/es\\\/producto\\\/logitech-brio-500-webcams\\\/#listItem\",\"position\":2,\"name\":\"Logitech BRIO 500 Webcams\",\"previousItem\":\"https:\\\/\\\/www.rucashk.com\\\/es\\\/#listItem\"}]},{\"@type\":\"Organization\",\"@id\":\"https:\\\/\\\/www.rucashk.com\\\/es\\\/#organization\",\"name\":\"Rucas\",\"url\":\"https:\\\/\\\/www.rucashk.com\\\/es\\\/\",\"logo\":{\"@type\":\"ImageObject\",\"url\":\"https:\\\/\\\/www.rucashk.com\\\/wp-content\\\/uploads\\\/2023\\\/12\\\/Rucas_campany_logo.png\",\"@id\":\"https:\\\/\\\/www.rucashk.com\\\/es\\\/producto\\\/logitech-brio-500-webcams\\\/#organizationLogo\",\"width\":221,\"height\":65},\"image\":{\"@id\":\"https:\\\/\\\/www.rucashk.com\\\/es\\\/#organizationLogo\"}},{\"@type\":\"Person\",\"@id\":\"https:\\\/\\\/www.rucashk.com\\\/es\\\/author\\\/admin\\\/#author\",\"url\":\"https:\\\/\\\/www.rucashk.com\\\/es\\\/author\\\/admin\\\/\",\"name\":\"admin\",\"image\":{\"@type\":\"ImageObject\",\"@id\":\"https:\\\/\\\/www.rucashk.com\\\/es\\\/producto\\\/logitech-brio-500-webcams\\\/#authorImage\",\"url\":\"https:\\\/\\\/secure.gravatar.com\\\/avatar\\\/b7c8925b09a27e72b30232f8ecaadbd5af0f70a38c78096863fe51b64f031c24?s=96&d=mm&r=g\",\"width\":96,\"height\":96,\"caption\":\"admin\"}},{\"@type\":\"WebPage\",\"@id\":\"https:\\\/\\\/www.rucashk.com\\\/es\\\/producto\\\/logitech-brio-500-webcams\\\/#webpage\",\"url\":\"https:\\\/\\\/www.rucashk.com\\\/es\\\/producto\\\/logitech-brio-500-webcams\\\/\",\"name\":\"Logitech BRIO 500 Webcams - Rucas - Wholesale and Distribution\",\"description\":\"Webcam only Height: 31.5 mm Width: 110 mm Depth: 31.5 mm Webcam + Mount Height: 51.5 mm Width: 110 mm Depth: 45 mm, incl. mount clip Weight: 121 g, incl. mount clip & cable Attached Cable length: 1.5 m Mounting Clip Height: 25 mm Width: 45.8 mm Depth: 65.1 mm Weight: 40 g, incl. Removable mount adapter\",\"inLanguage\":\"es-ES\",\"isPartOf\":{\"@id\":\"https:\\\/\\\/www.rucashk.com\\\/es\\\/#website\"},\"breadcrumb\":{\"@id\":\"https:\\\/\\\/www.rucashk.com\\\/es\\\/producto\\\/logitech-brio-500-webcams\\\/#breadcrumblist\"},\"author\":{\"@id\":\"https:\\\/\\\/www.rucashk.com\\\/es\\\/author\\\/admin\\\/#author\"},\"creator\":{\"@id\":\"https:\\\/\\\/www.rucashk.com\\\/es\\\/author\\\/admin\\\/#author\"},\"image\":{\"@type\":\"ImageObject\",\"url\":\"https:\\\/\\\/www.rucashk.com\\\/wp-content\\\/uploads\\\/2024\\\/01\\\/10001-14.webp\",\"@id\":\"https:\\\/\\\/www.rucashk.com\\\/es\\\/producto\\\/logitech-brio-500-webcams\\\/#mainImage\",\"width\":800,\"height\":800},\"primaryImageOfPage\":{\"@id\":\"https:\\\/\\\/www.rucashk.com\\\/es\\\/producto\\\/logitech-brio-500-webcams\\\/#mainImage\"},\"datePublished\":\"2024-01-09T16:40:54+00:00\",\"dateModified\":\"2025-06-21T09:29:35+00:00\"},{\"@type\":\"WebSite\",\"@id\":\"https:\\\/\\\/www.rucashk.com\\\/es\\\/#website\",\"url\":\"https:\\\/\\\/www.rucashk.com\\\/es\\\/\",\"name\":\"Rucas - Wholesale and distribution worldwide\",\"alternateName\":\"Rucas - One-stop AIoT Distribution Worldwide\",\"description\":\"One-stop AIoT Distribution Worldwide\",\"inLanguage\":\"es-ES\",\"publisher\":{\"@id\":\"https:\\\/\\\/www.rucashk.com\\\/es\\\/#organization\"}}]}\n\t\t<\/script>\n\t\t<!-- All in One SEO Pro -->\r\n\t\t<title>Logitech BRIO 500 Webcams - Rucas - Wholesale and Distribution<\/title>\n\n","aioseo_head_json":{"title":"Logitech BRIO 500 Webcams - Rucas - Wholesale and Distribution","description":"Webcam only Height: 31.5 mm Width: 110 mm Depth: 31.5 mm Webcam + Mount Height: 51.5 mm Width: 110 mm Depth: 45 mm, incl. mount clip Weight: 121 g, incl. mount clip & cable Attached Cable length: 1.5 m Mounting Clip Height: 25 mm Width: 45.8 mm Depth: 65.1 mm Weight: 40 g, incl. Removable mount adapter","canonical_url":"https:\/\/www.rucashk.com\/es\/producto\/logitech-brio-500-webcams\/","robots":"max-image-preview:large","keywords":"","webmasterTools":{"miscellaneous":""},"og:locale":"es_ES","og:site_name":"Rucas - One-stop AIoT Distribution Worldwide","og:type":"article","og:title":"Logitech BRIO 500 Webcams - Rucas - Wholesale and Distribution","og:description":"Webcam only Height: 31.5 mm Width: 110 mm Depth: 31.5 mm Webcam + Mount Height: 51.5 mm Width: 110 mm Depth: 45 mm, incl. mount clip Weight: 121 g, incl. mount clip &amp; cable Attached Cable length: 1.5 m Mounting Clip Height: 25 mm Width: 45.8 mm Depth: 65.1 mm Weight: 40 g, incl. Removable mount adapter","og:url":"https:\/\/www.rucashk.com\/es\/producto\/logitech-brio-500-webcams\/","og:image":"https:\/\/www.rucashk.com\/wp-content\/uploads\/replace\/503b8e645f128a97ccde2b6290747646.jpeg","og:image:secure_url":"https:\/\/www.rucashk.com\/wp-content\/uploads\/replace\/503b8e645f128a97ccde2b6290747646.jpeg","og:image:width":1456,"og:image:height":816,"article:published_time":"2024-01-09T16:40:54+00:00","article:modified_time":"2025-06-21T09:29:35+00:00","twitter:card":"summary_large_image","twitter:title":"Logitech BRIO 500 Webcams - Rucas - Wholesale and Distribution","twitter:description":"Webcam only Height: 31.5 mm Width: 110 mm Depth: 31.5 mm Webcam + Mount Height: 51.5 mm Width: 110 mm Depth: 45 mm, incl. mount clip Weight: 121 g, incl. mount clip &amp; cable Attached Cable length: 1.5 m Mounting Clip Height: 25 mm Width: 45.8 mm Depth: 65.1 mm Weight: 40 g, incl. Removable mount adapter","twitter:image":"https:\/\/www.rucashk.com\/wp-content\/uploads\/replace\/503b8e645f128a97ccde2b6290747646.jpeg","schema":{"@context":"https:\/\/schema.org","@graph":[{"@type":"BreadcrumbList","@id":"https:\/\/www.rucashk.com\/es\/producto\/logitech-brio-500-webcams\/#breadcrumblist","itemListElement":[{"@type":"ListItem","@id":"https:\/\/www.rucashk.com\/es\/#listItem","position":1,"name":"Home","item":"https:\/\/www.rucashk.com\/es\/","nextItem":"https:\/\/www.rucashk.com\/es\/producto\/logitech-brio-500-webcams\/#listItem"},{"@type":"ListItem","@id":"https:\/\/www.rucashk.com\/es\/producto\/logitech-brio-500-webcams\/#listItem","position":2,"name":"Logitech BRIO 500 Webcams","previousItem":"https:\/\/www.rucashk.com\/es\/#listItem"}]},{"@type":"Organization","@id":"https:\/\/www.rucashk.com\/es\/#organization","name":"Rucas","url":"https:\/\/www.rucashk.com\/es\/","logo":{"@type":"ImageObject","url":"https:\/\/www.rucashk.com\/wp-content\/uploads\/2023\/12\/Rucas_campany_logo.png","@id":"https:\/\/www.rucashk.com\/es\/producto\/logitech-brio-500-webcams\/#organizationLogo","width":221,"height":65},"image":{"@id":"https:\/\/www.rucashk.com\/es\/#organizationLogo"}},{"@type":"Person","@id":"https:\/\/www.rucashk.com\/es\/author\/admin\/#author","url":"https:\/\/www.rucashk.com\/es\/author\/admin\/","name":"admin","image":{"@type":"ImageObject","@id":"https:\/\/www.rucashk.com\/es\/producto\/logitech-brio-500-webcams\/#authorImage","url":"https:\/\/secure.gravatar.com\/avatar\/b7c8925b09a27e72b30232f8ecaadbd5af0f70a38c78096863fe51b64f031c24?s=96&d=mm&r=g","width":96,"height":96,"caption":"admin"}},{"@type":"WebPage","@id":"https:\/\/www.rucashk.com\/es\/producto\/logitech-brio-500-webcams\/#webpage","url":"https:\/\/www.rucashk.com\/es\/producto\/logitech-brio-500-webcams\/","name":"Logitech BRIO 500 Webcams - Rucas - Wholesale and Distribution","description":"Webcam only Height: 31.5 mm Width: 110 mm Depth: 31.5 mm Webcam + Mount Height: 51.5 mm Width: 110 mm Depth: 45 mm, incl. mount clip Weight: 121 g, incl. mount clip & cable Attached Cable length: 1.5 m Mounting Clip Height: 25 mm Width: 45.8 mm Depth: 65.1 mm Weight: 40 g, incl. Removable mount adapter","inLanguage":"es-ES","isPartOf":{"@id":"https:\/\/www.rucashk.com\/es\/#website"},"breadcrumb":{"@id":"https:\/\/www.rucashk.com\/es\/producto\/logitech-brio-500-webcams\/#breadcrumblist"},"author":{"@id":"https:\/\/www.rucashk.com\/es\/author\/admin\/#author"},"creator":{"@id":"https:\/\/www.rucashk.com\/es\/author\/admin\/#author"},"image":{"@type":"ImageObject","url":"https:\/\/www.rucashk.com\/wp-content\/uploads\/2024\/01\/10001-14.webp","@id":"https:\/\/www.rucashk.com\/es\/producto\/logitech-brio-500-webcams\/#mainImage","width":800,"height":800},"primaryImageOfPage":{"@id":"https:\/\/www.rucashk.com\/es\/producto\/logitech-brio-500-webcams\/#mainImage"},"datePublished":"2024-01-09T16:40:54+00:00","dateModified":"2025-06-21T09:29:35+00:00"},{"@type":"WebSite","@id":"https:\/\/www.rucashk.com\/es\/#website","url":"https:\/\/www.rucashk.com\/es\/","name":"Rucas - Wholesale and distribution worldwide","alternateName":"Rucas - One-stop AIoT Distribution Worldwide","description":"One-stop AIoT Distribution Worldwide","inLanguage":"es-ES","publisher":{"@id":"https:\/\/www.rucashk.com\/es\/#organization"}}]}},"aioseo_meta_data":{"post_id":"27419","title":null,"description":null,"keywords":null,"keyphrases":null,"primary_term":null,"canonical_url":null,"og_title":null,"og_description":null,"og_object_type":"default","og_image_type":"default","og_image_url":null,"og_image_width":null,"og_image_height":null,"og_image_custom_url":null,"og_image_custom_fields":null,"og_video":"","og_custom_url":null,"og_article_section":null,"og_article_tags":null,"twitter_use_og":false,"twitter_card":"default","twitter_image_type":"default","twitter_image_url":null,"twitter_image_custom_url":null,"twitter_image_custom_fields":null,"twitter_title":null,"twitter_description":null,"schema":{"blockGraphs":[],"customGraphs":[],"default":{"data":{"Article":[],"Course":[],"Dataset":[],"FAQPage":[],"Movie":[],"Person":[],"Product":[],"Recipe":[],"Service":[],"SoftwareApplication":[],"WebPage":[]},"graphName":"","isEnabled":true},"graphs":[]},"schema_type":"default","schema_type_options":null,"pillar_content":false,"robots_default":true,"robots_noindex":false,"robots_noarchive":false,"robots_nosnippet":false,"robots_nofollow":false,"robots_noimageindex":false,"robots_noodp":false,"robots_notranslate":false,"robots_max_snippet":"-1","robots_max_videopreview":"-1","robots_max_imagepreview":"large","priority":null,"frequency":"default","local_seo":null,"breadcrumb_settings":null,"limit_modified_date":false,"created":"2024-04-11 01:57:22","updated":"2025-06-22 18:36:55"},"aioseo_breadcrumb":"<div class=\"aioseo-breadcrumbs\"><span class=\"aioseo-breadcrumb\">\n\t<a href=\"https:\/\/www.rucashk.com\/es\" title=\"Home\">Home<\/a>\n<\/span><span class=\"aioseo-breadcrumb-separator\">&raquo;<\/span><span class=\"aioseo-breadcrumb\">\n\t<a href=\"https:\/\/www.rucashk.com\/es\/products\/\" title=\"Productos\">Productos<\/a>\n<\/span><span class=\"aioseo-breadcrumb-separator\">&raquo;<\/span><span class=\"aioseo-breadcrumb\">\n\t<a href=\"https:\/\/www.rucashk.com\/es\/marca\/logitech\/\" title=\"Logitech\">Logitech<\/a>\n<\/span><span class=\"aioseo-breadcrumb-separator\">&raquo;<\/span><span class=\"aioseo-breadcrumb\">\n\tLogitech BRIO 500 Webcams\n<\/span><\/div>","aioseo_breadcrumb_json":[{"label":"Home","link":"https:\/\/www.rucashk.com\/es"},{"label":"Productos","link":"https:\/\/www.rucashk.com\/es\/products\/"},{"label":"Logitech","link":"https:\/\/www.rucashk.com\/es\/marca\/logitech\/"},{"label":"Logitech BRIO 500 Webcams","link":"https:\/\/www.rucashk.com\/es\/producto\/logitech-brio-500-webcams\/"}],"_links":{"self":[{"href":"https:\/\/www.rucashk.com\/es\/wp-json\/wp\/v2\/product\/27419","targetHints":{"allow":["GET"]}}],"collection":[{"href":"https:\/\/www.rucashk.com\/es\/wp-json\/wp\/v2\/product"}],"about":[{"href":"https:\/\/www.rucashk.com\/es\/wp-json\/wp\/v2\/types\/product"}],"wp:featuredmedia":[{"embeddable":true,"href":"https:\/\/www.rucashk.com\/es\/wp-json\/wp\/v2\/media\/27567"}],"wp:attachment":[{"href":"https:\/\/www.rucashk.com\/es\/wp-json\/wp\/v2\/media?parent=27419"}],"wp:term":[{"taxonomy":"product_brand","embeddable":true,"href":"https:\/\/www.rucashk.com\/es\/wp-json\/wp\/v2\/product_brand?post=27419"},{"taxonomy":"product_cat","embeddable":true,"href":"https:\/\/www.rucashk.com\/es\/wp-json\/wp\/v2\/product_cat?post=27419"},{"taxonomy":"product_tag","embeddable":true,"href":"https:\/\/www.rucashk.com\/es\/wp-json\/wp\/v2\/product_tag?post=27419"}],"curies":[{"name":"wp","href":"https:\/\/api.w.org\/{rel}","templated":true}]}}