{"id":27418,"date":"2024-01-09T16:40:53","date_gmt":"2024-01-09T16:40:53","guid":{"rendered":"http:\/\/rucashk.com\/?post_type=product&#038;p=27418"},"modified":"2025-06-21T09:30:30","modified_gmt":"2025-06-21T09:30:30","slug":"logitech-k480-bluetooth-multi-device-keyboard-keyboards","status":"publish","type":"product","link":"https:\/\/www.rucashk.com\/es\/producto\/logitech-k480-bluetooth-multi-device-keyboard-keyboards\/","title":{"rendered":"TECLADO MULTIDISPOSITIVO BLUETOOTH Logitech K480 Teclados"},"content":{"rendered":"<h2 class=\"body-copy-title font-title-l font-brown-bold\" style=\"text-align: center\">MODERNO Y MULTIDISPOSITIVO<\/h2>\n<p style=\"text-align: center\">K480 es un teclado multidispositivo c\u00f3modo y que ahorra espacio que permite escribir mejor en su computadora port\u00e1til, tableta o tel\u00e9fono. Empareje hasta 3 dispositivos y cambie la escritura entre ellos sin problemas. Muy duradero y con una bater\u00eda de larga duraci\u00f3n, este teclado multitarea de dise\u00f1o elegante es lo que todos necesitan para hacer m\u00e1s desde cualquier lugar.<\/p>\n<p><img fetchpriority=\"high\" decoding=\"async\" class=\"wp-image-35936 aligncenter\" src=\"https:\/\/www.rucashk.com\/wp-content\/uploads\/2023\/10\/f42806dd258466e1ed094cdbafe1b5c-300x149.png\" alt=\"Logitech K480 BLUETOOTH MULTI-DEVICE KEYBOARD Keyboards\" width=\"856\" height=\"425\" \/><\/p>\n<p>&nbsp;<\/p>\n<h2 class=\"body-copy-title font-title-l font-brown-bold\" style=\"text-align: center\">C\u00d3MODO Y COMPACTO<\/h2>\n<p style=\"text-align: center\">Este dise\u00f1o minimalista presenta todas las teclas que necesita en un dise\u00f1o que ahorra espacio; adem\u00e1s, le permite colocar el mouse m\u00e1s cerca de usted, lo que significa menos extensi\u00f3n de los brazos, m\u00e1s comodidad y una mejor postura corporal. Las teclas redondeadas ofrecen una experiencia de escritura fluida y c\u00f3moda.<\/p>\n<p><img decoding=\"async\" class=\"wp-image-35937 aligncenter\" src=\"https:\/\/www.rucashk.com\/wp-content\/uploads\/2023\/10\/e0611b4d26d05427d89e20be3603241-300x165.png\" alt=\"Logitech K480 BLUETOOTH MULTI-DEVICE KEYBOARD Keyboards\" width=\"855\" height=\"470\" \/><\/p>\n<p>&nbsp;<\/p>\n<h2 class=\"h3\" style=\"text-align: center\">F\u00c1CIL DE CARGAR<\/h2>\n<p style=\"text-align: center\">Es delgado, liviano y f\u00e1cil de llevar a donde necesites estar. K480 con\u00a0<i>Bluetooth<\/i><sup>\u00ae<\/sup>\u00a0La tecnolog\u00eda inal\u00e1mbrica le permite escribir en su computadora port\u00e1til, tel\u00e9fono o tableta, sin necesidad de cables, para que pueda trabajar en cualquier lugar.<\/p>\n<p>&nbsp;<\/p>\n<p><img decoding=\"async\" class=\"wp-image-35938 aligncenter\" src=\"https:\/\/www.rucashk.com\/wp-content\/uploads\/2023\/10\/2526d826ccf19c69bc895a9e8356742-300x169.png\" alt=\"Logitech K480 BLUETOOTH MULTI-DEVICE KEYBOARD Keyboards\" width=\"854\" height=\"481\" \/><\/p>\n<p>&nbsp;<\/p>\n<h2 class=\"h3\" style=\"text-align: center\">ESCRIBA EN CUALQUIER DISPOSITIVO<\/h2>\n<p style=\"text-align: center\">Cualquier dispositivo, cualquier sistema operativo. El K480 se conecta a cualquier\u00a0<em>Bluetooth<\/em>-Dispositivo habilitado con soporte para teclado externo, para que pueda trabajar sin problemas con Windows<sup>\u00ae<\/sup>, macOS, Chrome OS\u2122, Android\u2122, iOS y iPadOS.<\/p>\n<p>&nbsp;<\/p>\n<p><img loading=\"lazy\" decoding=\"async\" class=\"wp-image-35939 aligncenter\" src=\"https:\/\/www.rucashk.com\/wp-content\/uploads\/2023\/10\/0f98b9690118484e6e6dd5045a80027-300x169.png\" alt=\"Logitech K480 BLUETOOTH MULTI-DEVICE KEYBOARD Keyboards\" width=\"850\" height=\"479\" \/><\/p>\n<p>&nbsp;<\/p>\n<h2 class=\"h3\" style=\"text-align: center\">MARCAR Y CAMBIAR<\/h2>\n<p style=\"text-align: center\">K480 Multi-Device le permite emparejarse con hasta tres dispositivos y cambiar f\u00e1cilmente las conexiones entre ellos. Todo lo que necesitas es girar el dial para escribir, cambiar y seguir escribiendo.<\/p>\n<p>&nbsp;<\/p>\n<p><img loading=\"lazy\" decoding=\"async\" class=\"wp-image-35940 aligncenter\" src=\"https:\/\/www.rucashk.com\/wp-content\/uploads\/2023\/10\/b5b30c366e79f3eef2fdeb9c3e10aca-300x169.png\" alt=\"Logitech K480 BLUETOOTH MULTI-DEVICE KEYBOARD Keyboards\" width=\"850\" height=\"479\" \/><\/p>\n<p>&nbsp;<\/p>\n<h2 class=\"h3\" style=\"text-align: center\">VER Y TIPO<\/h2>\n<p style=\"text-align: center\">El soporte integrado para tel\u00e9fono y tableta mantiene la pantalla en el \u00e1ngulo correcto para que puedas verla mientras escribes. Se adapta a la mayor\u00eda de tel\u00e9fonos y tabletas de hasta 10,5 mm de grosor y 258 mm de ancho.<\/p>\n<p>&nbsp;<\/p>\n<p><img loading=\"lazy\" decoding=\"async\" class=\"wp-image-35941 aligncenter\" src=\"https:\/\/www.rucashk.com\/wp-content\/uploads\/2023\/10\/32f295b13fef5bb831f87b311a615bb-300x170.png\" alt=\"Logitech K480 BLUETOOTH MULTI-DEVICE KEYBOARD Keyboards\" width=\"851\" height=\"482\" \/><\/p>\n<p>&nbsp;<\/p>\n<h2 class=\"body-copy-title font-title-l font-brown-bold\" style=\"text-align: center\">CONSTRUIDO PARA SEGUIR ADELANTE<\/h2>\n<p style=\"text-align: center\">K480 est\u00e1 construido con los mismos est\u00e1ndares de alta calidad y confiabilidad que han convertido a Logitech en el l\u00edder mundial del #1 en mouse y teclados. La duraci\u00f3n de la bater\u00eda de hasta 24 meses elimina la molestia de tener que cambiarla con frecuencia, con un pr\u00e1ctico interruptor de encendido\/apagado y tecnolog\u00eda de ahorro de energ\u00eda que preservan la vida \u00fatil de la bater\u00eda. K480 tambi\u00e9n es resistente a derrames para sobrevivir a peque\u00f1os accidentes.<\/p>\n<p>&nbsp;<\/p>\n<p><img loading=\"lazy\" decoding=\"async\" class=\"wp-image-35942 aligncenter\" src=\"https:\/\/www.rucashk.com\/wp-content\/uploads\/2023\/10\/c6139fceb8d28ec111339010d16331d-300x179.png\" alt=\"Logitech K480 BLUETOOTH MULTI-DEVICE KEYBOARD Keyboards\" width=\"851\" height=\"508\" \/><\/p>\n<p>&nbsp;<\/p>\n<p>&nbsp;<\/p>\n<h4 class=\"specs-heading\">Especificaciones<\/h4>\n<div class=\"specs-column\">\n<div class=\"specs-group\">\n<div class=\"specs-block\">\n<h5 class=\"specs-title\">Tipo de conecci\u00f3n<\/h5>\n<ul class=\"specs-description-list\">\n<li>Bluetooth<\/li>\n<li>Alcance inal\u00e1mbrico: &gt; 10 m de alcance inal\u00e1mbrico<\/li>\n<\/ul>\n<\/div>\n<div class=\"specs-block\">\n<h5 class=\"specs-title\">Aplicaci\u00f3n de personalizaci\u00f3n<\/h5>\n<ul class=\"specs-description-list\">\n<li>Compatible con Logi Options+ en Windows y macOS<\/li>\n<\/ul>\n<\/div>\n<div class=\"specs-block\">\n<h5 class=\"specs-title\">Luces indicadoras (LED)<\/h5>\n<ul class=\"specs-description-list\">\n<li>Luz indicadora de bater\u00eda<\/li>\n<\/ul>\n<\/div>\n<div class=\"specs-block\">\n<h5 class=\"specs-title\">Bater\u00eda<\/h5>\n<ul class=\"specs-description-list\">\n<li>Bater\u00eda: 2 x AAA (incluidas)<\/li>\n<li>Duraci\u00f3n de la bater\u00eda: 24 meses<\/li>\n<\/ul>\n<\/div>\n<div class=\"specs-block\">\n<h5 class=\"specs-title\">Teclas especiales<\/h5>\n<ul class=\"specs-description-list\">\n<li>Teclas de acceso r\u00e1pido, cambio f\u00e1cil<\/li>\n<li>Conectar\/Encender: Interruptor de encendido\/apagado<\/li>\n<\/ul>\n<\/div>\n<div class=\"specs-block\">\n<h5 class=\"specs-title\">Vida clave<\/h5>\n<ul class=\"specs-description-list\">\n<li>Hasta 5 millones de pulsaciones de teclas<\/li>\n<\/ul>\n<\/div>\n<div class=\"specs-block\">\n<h5 class=\"specs-title\">Funda y soporte para tableta<\/h5>\n<ul class=\"specs-description-list\">\n<li>Se adapta a la mayor\u00eda de tel\u00e9fonos y tabletas de hasta 10,5 mm de grosor y 258 mm de ancho.<\/li>\n<\/ul>\n<\/div>\n<\/div>\n<\/div>","protected":false},"excerpt":{"rendered":"<div class=\"specs-block\">\n<div><a href=\"https:\/\/www.logitech.com\/en-gb\/products\/keyboards\/k480-multi-device-wireless.html\" data-analytics-title=\"k480-multi-device-wireless\" aria-current=\"location\">Teclado multidispositivo Bluetooth K480<\/a><\/div>\n<div class=\"specs-description\"><strong>Altura<\/strong>: 195 mil\u00edmetros<\/div>\n<\/div>\n<div class=\"specs-block\">\n<div class=\"specs-description\"><strong>Ancho<\/strong>: 299 mil\u00edmetros<\/div>\n<\/div>\n<div class=\"specs-block\">\n<div class=\"specs-description\"><strong>Profundidad<\/strong>: 20mm<\/div>\n<\/div>\n<div class=\"specs-block\">\n<div class=\"specs-description\"><strong>Peso<\/strong>: 820 gramos<\/div>\n<\/div>","protected":false},"featured_media":27562,"template":"","meta":[],"product_brand":[1380],"product_cat":[1332,1322],"product_tag":[],"class_list":{"0":"post-27418","1":"product","2":"type-product","3":"status-publish","4":"has-post-thumbnail","6":"product_brand-logitech","7":"product_cat-logitech-other-a-brands","8":"product_cat-other-a-brands","10":"first","11":"instock","12":"shipping-taxable","13":"product-type-simple"},"aioseo_notices":[],"aioseo_head":"\n\t\t<!-- All in One SEO Pro 4.5.9.2 - aioseo.com -->\n\t\t<meta name=\"description\" content=\"K480 Bluetooth Multi-Device Keyboard Height: 195 mm Width: 299 mm Depth: 20 mm Weight: 820 g\" \/>\n\t\t<meta name=\"robots\" content=\"max-image-preview:large\" \/>\n\t\t<link rel=\"canonical\" href=\"https:\/\/www.rucashk.com\/es\/producto\/logitech-k480-bluetooth-multi-device-keyboard-keyboards\/\" \/>\n\t\t<meta name=\"generator\" content=\"All in One SEO Pro (AIOSEO) 4.5.9.2\" \/>\n\t\t<meta property=\"og:locale\" content=\"es_ES\" \/>\n\t\t<meta property=\"og:site_name\" content=\"Rucas - One-stop AIoT Distribution Worldwide\" \/>\n\t\t<meta property=\"og:type\" content=\"article\" \/>\n\t\t<meta property=\"og:title\" content=\"Logitech K480 BLUETOOTH MULTI-DEVICE KEYBOARD Keyboards - Rucas - Wholesale and Distribution\" \/>\n\t\t<meta property=\"og:description\" content=\"K480 Bluetooth Multi-Device Keyboard Height: 195 mm Width: 299 mm Depth: 20 mm Weight: 820 g\" \/>\n\t\t<meta property=\"og:url\" content=\"https:\/\/www.rucashk.com\/es\/producto\/logitech-k480-bluetooth-multi-device-keyboard-keyboards\/\" \/>\n\t\t<meta property=\"og:image\" content=\"https:\/\/www.rucashk.com\/wp-content\/uploads\/replace\/503b8e645f128a97ccde2b6290747646.jpeg\" \/>\n\t\t<meta property=\"og:image:secure_url\" content=\"https:\/\/www.rucashk.com\/wp-content\/uploads\/replace\/503b8e645f128a97ccde2b6290747646.jpeg\" \/>\n\t\t<meta property=\"og:image:width\" content=\"1456\" \/>\n\t\t<meta property=\"og:image:height\" content=\"816\" \/>\n\t\t<meta property=\"article:published_time\" content=\"2024-01-09T16:40:53+00:00\" \/>\n\t\t<meta property=\"article:modified_time\" content=\"2025-06-21T09:30:30+00:00\" \/>\n\t\t<meta name=\"twitter:card\" content=\"summary_large_image\" \/>\n\t\t<meta name=\"twitter:title\" content=\"Logitech K480 BLUETOOTH MULTI-DEVICE KEYBOARD Keyboards - Rucas - Wholesale and Distribution\" \/>\n\t\t<meta name=\"twitter:description\" content=\"K480 Bluetooth Multi-Device Keyboard Height: 195 mm Width: 299 mm Depth: 20 mm Weight: 820 g\" \/>\n\t\t<meta name=\"twitter:image\" content=\"https:\/\/www.rucashk.com\/wp-content\/uploads\/replace\/503b8e645f128a97ccde2b6290747646.jpeg\" \/>\n\t\t<script type=\"application\/ld+json\" class=\"aioseo-schema\">\n\t\t\t{\"@context\":\"https:\\\/\\\/schema.org\",\"@graph\":[{\"@type\":\"BreadcrumbList\",\"@id\":\"https:\\\/\\\/www.rucashk.com\\\/es\\\/producto\\\/logitech-k480-bluetooth-multi-device-keyboard-keyboards\\\/#breadcrumblist\",\"itemListElement\":[{\"@type\":\"ListItem\",\"@id\":\"https:\\\/\\\/www.rucashk.com\\\/es\\\/#listItem\",\"position\":1,\"name\":\"Home\",\"item\":\"https:\\\/\\\/www.rucashk.com\\\/es\\\/\",\"nextItem\":\"https:\\\/\\\/www.rucashk.com\\\/es\\\/producto\\\/logitech-k480-bluetooth-multi-device-keyboard-keyboards\\\/#listItem\"},{\"@type\":\"ListItem\",\"@id\":\"https:\\\/\\\/www.rucashk.com\\\/es\\\/producto\\\/logitech-k480-bluetooth-multi-device-keyboard-keyboards\\\/#listItem\",\"position\":2,\"name\":\"Logitech K480 BLUETOOTH MULTI-DEVICE KEYBOARD Keyboards\",\"previousItem\":\"https:\\\/\\\/www.rucashk.com\\\/es\\\/#listItem\"}]},{\"@type\":\"Organization\",\"@id\":\"https:\\\/\\\/www.rucashk.com\\\/es\\\/#organization\",\"name\":\"Rucas\",\"url\":\"https:\\\/\\\/www.rucashk.com\\\/es\\\/\",\"logo\":{\"@type\":\"ImageObject\",\"url\":\"https:\\\/\\\/www.rucashk.com\\\/wp-content\\\/uploads\\\/2023\\\/12\\\/Rucas_campany_logo.png\",\"@id\":\"https:\\\/\\\/www.rucashk.com\\\/es\\\/producto\\\/logitech-k480-bluetooth-multi-device-keyboard-keyboards\\\/#organizationLogo\",\"width\":221,\"height\":65},\"image\":{\"@id\":\"https:\\\/\\\/www.rucashk.com\\\/es\\\/#organizationLogo\"}},{\"@type\":\"Person\",\"@id\":\"https:\\\/\\\/www.rucashk.com\\\/es\\\/author\\\/admin\\\/#author\",\"url\":\"https:\\\/\\\/www.rucashk.com\\\/es\\\/author\\\/admin\\\/\",\"name\":\"admin\",\"image\":{\"@type\":\"ImageObject\",\"@id\":\"https:\\\/\\\/www.rucashk.com\\\/es\\\/producto\\\/logitech-k480-bluetooth-multi-device-keyboard-keyboards\\\/#authorImage\",\"url\":\"https:\\\/\\\/secure.gravatar.com\\\/avatar\\\/b7c8925b09a27e72b30232f8ecaadbd5af0f70a38c78096863fe51b64f031c24?s=96&d=mm&r=g\",\"width\":96,\"height\":96,\"caption\":\"admin\"}},{\"@type\":\"WebPage\",\"@id\":\"https:\\\/\\\/www.rucashk.com\\\/es\\\/producto\\\/logitech-k480-bluetooth-multi-device-keyboard-keyboards\\\/#webpage\",\"url\":\"https:\\\/\\\/www.rucashk.com\\\/es\\\/producto\\\/logitech-k480-bluetooth-multi-device-keyboard-keyboards\\\/\",\"name\":\"Logitech K480 BLUETOOTH MULTI-DEVICE KEYBOARD Keyboards - Rucas - Wholesale and Distribution\",\"description\":\"K480 Bluetooth Multi-Device Keyboard Height: 195 mm Width: 299 mm Depth: 20 mm Weight: 820 g\",\"inLanguage\":\"es-ES\",\"isPartOf\":{\"@id\":\"https:\\\/\\\/www.rucashk.com\\\/es\\\/#website\"},\"breadcrumb\":{\"@id\":\"https:\\\/\\\/www.rucashk.com\\\/es\\\/producto\\\/logitech-k480-bluetooth-multi-device-keyboard-keyboards\\\/#breadcrumblist\"},\"author\":{\"@id\":\"https:\\\/\\\/www.rucashk.com\\\/es\\\/author\\\/admin\\\/#author\"},\"creator\":{\"@id\":\"https:\\\/\\\/www.rucashk.com\\\/es\\\/author\\\/admin\\\/#author\"},\"image\":{\"@type\":\"ImageObject\",\"url\":\"https:\\\/\\\/www.rucashk.com\\\/wp-content\\\/uploads\\\/2024\\\/01\\\/10005-14-1.jpg\",\"@id\":\"https:\\\/\\\/www.rucashk.com\\\/es\\\/producto\\\/logitech-k480-bluetooth-multi-device-keyboard-keyboards\\\/#mainImage\",\"width\":1000,\"height\":1000},\"primaryImageOfPage\":{\"@id\":\"https:\\\/\\\/www.rucashk.com\\\/es\\\/producto\\\/logitech-k480-bluetooth-multi-device-keyboard-keyboards\\\/#mainImage\"},\"datePublished\":\"2024-01-09T16:40:53+00:00\",\"dateModified\":\"2025-06-21T09:30:30+00:00\"},{\"@type\":\"WebSite\",\"@id\":\"https:\\\/\\\/www.rucashk.com\\\/es\\\/#website\",\"url\":\"https:\\\/\\\/www.rucashk.com\\\/es\\\/\",\"name\":\"Rucas - Wholesale and distribution worldwide\",\"alternateName\":\"Rucas - One-stop AIoT Distribution Worldwide\",\"description\":\"One-stop AIoT Distribution Worldwide\",\"inLanguage\":\"es-ES\",\"publisher\":{\"@id\":\"https:\\\/\\\/www.rucashk.com\\\/es\\\/#organization\"}}]}\n\t\t<\/script>\n\t\t<!-- All in One SEO Pro -->\r\n\t\t<title>Logitech K480 BLUETOOTH MULTI-DEVICE KEYBOARD Keyboards - Rucas - Wholesale and Distribution<\/title>\n\n","aioseo_head_json":{"title":"Logitech K480 BLUETOOTH MULTI-DEVICE KEYBOARD Keyboards - Rucas - Wholesale and Distribution","description":"K480 Bluetooth Multi-Device Keyboard Height: 195 mm Width: 299 mm Depth: 20 mm Weight: 820 g","canonical_url":"https:\/\/www.rucashk.com\/es\/producto\/logitech-k480-bluetooth-multi-device-keyboard-keyboards\/","robots":"max-image-preview:large","keywords":"","webmasterTools":{"miscellaneous":""},"og:locale":"es_ES","og:site_name":"Rucas - One-stop AIoT Distribution Worldwide","og:type":"article","og:title":"Logitech K480 BLUETOOTH MULTI-DEVICE KEYBOARD Keyboards - Rucas - Wholesale and Distribution","og:description":"K480 Bluetooth Multi-Device Keyboard Height: 195 mm Width: 299 mm Depth: 20 mm Weight: 820 g","og:url":"https:\/\/www.rucashk.com\/es\/producto\/logitech-k480-bluetooth-multi-device-keyboard-keyboards\/","og:image":"https:\/\/www.rucashk.com\/wp-content\/uploads\/replace\/503b8e645f128a97ccde2b6290747646.jpeg","og:image:secure_url":"https:\/\/www.rucashk.com\/wp-content\/uploads\/replace\/503b8e645f128a97ccde2b6290747646.jpeg","og:image:width":1456,"og:image:height":816,"article:published_time":"2024-01-09T16:40:53+00:00","article:modified_time":"2025-06-21T09:30:30+00:00","twitter:card":"summary_large_image","twitter:title":"Logitech K480 BLUETOOTH MULTI-DEVICE KEYBOARD Keyboards - Rucas - Wholesale and Distribution","twitter:description":"K480 Bluetooth Multi-Device Keyboard Height: 195 mm Width: 299 mm Depth: 20 mm Weight: 820 g","twitter:image":"https:\/\/www.rucashk.com\/wp-content\/uploads\/replace\/503b8e645f128a97ccde2b6290747646.jpeg","schema":{"@context":"https:\/\/schema.org","@graph":[{"@type":"BreadcrumbList","@id":"https:\/\/www.rucashk.com\/es\/producto\/logitech-k480-bluetooth-multi-device-keyboard-keyboards\/#breadcrumblist","itemListElement":[{"@type":"ListItem","@id":"https:\/\/www.rucashk.com\/es\/#listItem","position":1,"name":"Home","item":"https:\/\/www.rucashk.com\/es\/","nextItem":"https:\/\/www.rucashk.com\/es\/producto\/logitech-k480-bluetooth-multi-device-keyboard-keyboards\/#listItem"},{"@type":"ListItem","@id":"https:\/\/www.rucashk.com\/es\/producto\/logitech-k480-bluetooth-multi-device-keyboard-keyboards\/#listItem","position":2,"name":"Logitech K480 BLUETOOTH MULTI-DEVICE KEYBOARD Keyboards","previousItem":"https:\/\/www.rucashk.com\/es\/#listItem"}]},{"@type":"Organization","@id":"https:\/\/www.rucashk.com\/es\/#organization","name":"Rucas","url":"https:\/\/www.rucashk.com\/es\/","logo":{"@type":"ImageObject","url":"https:\/\/www.rucashk.com\/wp-content\/uploads\/2023\/12\/Rucas_campany_logo.png","@id":"https:\/\/www.rucashk.com\/es\/producto\/logitech-k480-bluetooth-multi-device-keyboard-keyboards\/#organizationLogo","width":221,"height":65},"image":{"@id":"https:\/\/www.rucashk.com\/es\/#organizationLogo"}},{"@type":"Person","@id":"https:\/\/www.rucashk.com\/es\/author\/admin\/#author","url":"https:\/\/www.rucashk.com\/es\/author\/admin\/","name":"admin","image":{"@type":"ImageObject","@id":"https:\/\/www.rucashk.com\/es\/producto\/logitech-k480-bluetooth-multi-device-keyboard-keyboards\/#authorImage","url":"https:\/\/secure.gravatar.com\/avatar\/b7c8925b09a27e72b30232f8ecaadbd5af0f70a38c78096863fe51b64f031c24?s=96&d=mm&r=g","width":96,"height":96,"caption":"admin"}},{"@type":"WebPage","@id":"https:\/\/www.rucashk.com\/es\/producto\/logitech-k480-bluetooth-multi-device-keyboard-keyboards\/#webpage","url":"https:\/\/www.rucashk.com\/es\/producto\/logitech-k480-bluetooth-multi-device-keyboard-keyboards\/","name":"Logitech K480 BLUETOOTH MULTI-DEVICE KEYBOARD Keyboards - Rucas - Wholesale and Distribution","description":"K480 Bluetooth Multi-Device Keyboard Height: 195 mm Width: 299 mm Depth: 20 mm Weight: 820 g","inLanguage":"es-ES","isPartOf":{"@id":"https:\/\/www.rucashk.com\/es\/#website"},"breadcrumb":{"@id":"https:\/\/www.rucashk.com\/es\/producto\/logitech-k480-bluetooth-multi-device-keyboard-keyboards\/#breadcrumblist"},"author":{"@id":"https:\/\/www.rucashk.com\/es\/author\/admin\/#author"},"creator":{"@id":"https:\/\/www.rucashk.com\/es\/author\/admin\/#author"},"image":{"@type":"ImageObject","url":"https:\/\/www.rucashk.com\/wp-content\/uploads\/2024\/01\/10005-14-1.jpg","@id":"https:\/\/www.rucashk.com\/es\/producto\/logitech-k480-bluetooth-multi-device-keyboard-keyboards\/#mainImage","width":1000,"height":1000},"primaryImageOfPage":{"@id":"https:\/\/www.rucashk.com\/es\/producto\/logitech-k480-bluetooth-multi-device-keyboard-keyboards\/#mainImage"},"datePublished":"2024-01-09T16:40:53+00:00","dateModified":"2025-06-21T09:30:30+00:00"},{"@type":"WebSite","@id":"https:\/\/www.rucashk.com\/es\/#website","url":"https:\/\/www.rucashk.com\/es\/","name":"Rucas - Wholesale and distribution worldwide","alternateName":"Rucas - One-stop AIoT Distribution Worldwide","description":"One-stop AIoT Distribution Worldwide","inLanguage":"es-ES","publisher":{"@id":"https:\/\/www.rucashk.com\/es\/#organization"}}]}},"aioseo_meta_data":{"post_id":"27418","title":null,"description":null,"keywords":null,"keyphrases":null,"primary_term":null,"canonical_url":null,"og_title":null,"og_description":null,"og_object_type":"default","og_image_type":"default","og_image_url":null,"og_image_width":null,"og_image_height":null,"og_image_custom_url":null,"og_image_custom_fields":null,"og_video":"","og_custom_url":null,"og_article_section":null,"og_article_tags":null,"twitter_use_og":false,"twitter_card":"default","twitter_image_type":"default","twitter_image_url":null,"twitter_image_custom_url":null,"twitter_image_custom_fields":null,"twitter_title":null,"twitter_description":null,"schema":{"blockGraphs":[],"customGraphs":[],"default":{"data":{"Article":[],"Course":[],"Dataset":[],"FAQPage":[],"Movie":[],"Person":[],"Product":[],"Recipe":[],"Service":[],"SoftwareApplication":[],"WebPage":[]},"graphName":"","isEnabled":true},"graphs":[]},"schema_type":"default","schema_type_options":null,"pillar_content":false,"robots_default":true,"robots_noindex":false,"robots_noarchive":false,"robots_nosnippet":false,"robots_nofollow":false,"robots_noimageindex":false,"robots_noodp":false,"robots_notranslate":false,"robots_max_snippet":"-1","robots_max_videopreview":"-1","robots_max_imagepreview":"large","priority":null,"frequency":"default","local_seo":null,"breadcrumb_settings":null,"limit_modified_date":false,"created":"2024-04-11 01:57:22","updated":"2025-06-22 18:36:55"},"aioseo_breadcrumb":"<div class=\"aioseo-breadcrumbs\"><span class=\"aioseo-breadcrumb\">\n\t<a href=\"https:\/\/www.rucashk.com\/es\" title=\"Home\">Home<\/a>\n<\/span><span class=\"aioseo-breadcrumb-separator\">&raquo;<\/span><span class=\"aioseo-breadcrumb\">\n\t<a href=\"https:\/\/www.rucashk.com\/es\/products\/\" title=\"Productos\">Productos<\/a>\n<\/span><span class=\"aioseo-breadcrumb-separator\">&raquo;<\/span><span class=\"aioseo-breadcrumb\">\n\t<a href=\"https:\/\/www.rucashk.com\/es\/marca\/logitech\/\" title=\"Logitech\">Logitech<\/a>\n<\/span><span class=\"aioseo-breadcrumb-separator\">&raquo;<\/span><span class=\"aioseo-breadcrumb\">\n\tLogitech K480 BLUETOOTH MULTI-DEVICE KEYBOARD Keyboards\n<\/span><\/div>","aioseo_breadcrumb_json":[{"label":"Home","link":"https:\/\/www.rucashk.com\/es"},{"label":"Productos","link":"https:\/\/www.rucashk.com\/es\/products\/"},{"label":"Logitech","link":"https:\/\/www.rucashk.com\/es\/marca\/logitech\/"},{"label":"Logitech K480 BLUETOOTH MULTI-DEVICE KEYBOARD Keyboards","link":"https:\/\/www.rucashk.com\/es\/producto\/logitech-k480-bluetooth-multi-device-keyboard-keyboards\/"}],"_links":{"self":[{"href":"https:\/\/www.rucashk.com\/es\/wp-json\/wp\/v2\/product\/27418","targetHints":{"allow":["GET"]}}],"collection":[{"href":"https:\/\/www.rucashk.com\/es\/wp-json\/wp\/v2\/product"}],"about":[{"href":"https:\/\/www.rucashk.com\/es\/wp-json\/wp\/v2\/types\/product"}],"wp:featuredmedia":[{"embeddable":true,"href":"https:\/\/www.rucashk.com\/es\/wp-json\/wp\/v2\/media\/27562"}],"wp:attachment":[{"href":"https:\/\/www.rucashk.com\/es\/wp-json\/wp\/v2\/media?parent=27418"}],"wp:term":[{"taxonomy":"product_brand","embeddable":true,"href":"https:\/\/www.rucashk.com\/es\/wp-json\/wp\/v2\/product_brand?post=27418"},{"taxonomy":"product_cat","embeddable":true,"href":"https:\/\/www.rucashk.com\/es\/wp-json\/wp\/v2\/product_cat?post=27418"},{"taxonomy":"product_tag","embeddable":true,"href":"https:\/\/www.rucashk.com\/es\/wp-json\/wp\/v2\/product_tag?post=27418"}],"curies":[{"name":"wp","href":"https:\/\/api.w.org\/{rel}","templated":true}]}}