{"id":27417,"date":"2024-01-09T16:40:53","date_gmt":"2024-01-09T16:40:53","guid":{"rendered":"http:\/\/rucashk.com\/?post_type=product&#038;p=27417"},"modified":"2025-06-21T09:30:22","modified_gmt":"2025-06-21T09:30:22","slug":"logitech-logitech-craft-keyboards","status":"publish","type":"product","link":"https:\/\/www.rucashk.com\/es\/producto\/logitech-logitech-craft-keyboards\/","title":{"rendered":"Teclados Logitech LOGITECH CRAFT"},"content":{"rendered":"<h2 class=\"font-title-l js-title\" style=\"text-align: center\">EL CONTROL QUE NECESITAS, EN EL MOMENTO QUE LO NECESITAS<\/h2>\n<div class=\"body-copy-ctn js-body-copy-ctn rte-field\" style=\"text-align: center\">\n<p>El dial de entrada creativa se adapta a la aplicaci\u00f3n que est\u00e1s usando, brind\u00e1ndote acceso instant\u00e1neo a funciones espec\u00edficas para la tarea en cuesti\u00f3n.<\/p>\n<p>El control t\u00e1ctil te permite sentir tu camino a trav\u00e9s de tu creaci\u00f3n, para un flujo de trabajo m\u00e1s eficiente e inmersivo.<\/p>\n<\/div>\n<p><img fetchpriority=\"high\" decoding=\"async\" class=\"alignnone  wp-image-35925 aligncenter\" src=\"https:\/\/www.rucashk.com\/wp-content\/uploads\/2023\/10\/1dc21323d5cd5966d6ee1f039d53907-300x176.png\" alt=\"Logitech LOGITECH CRAFT  Keyboards\" width=\"856\" height=\"502\" \/><\/p>\n<p>&nbsp;<\/p>\n<h2 class=\"body-copy-title font-title-l font-brown-bold dc-kohle tc-kohle mc-kohle\" style=\"text-align: center\">TIPO CON PRECISI\u00d3N SIN ESFUERZO<\/h2>\n<p style=\"text-align: center\">Escriba con confianza en un teclado dise\u00f1ado para brindar eficiencia, estabilidad y precisi\u00f3n.<\/p>\n<p style=\"text-align: center\">La mayor estabilidad de las teclas reduce el ruido y optimiza la capacidad de respuesta para que sientas, pero no escuches, cada pulsaci\u00f3n de tecla. La distribuci\u00f3n esf\u00e9rica de las teclas est\u00e1 dise\u00f1ada para brindar precisi\u00f3n y los detalles de navegaci\u00f3n ciegos facilitan la orientaci\u00f3n de los dedos para que nunca se pierda una tecla o un ritmo.<\/p>\n<p>&nbsp;<\/p>\n<p><img decoding=\"async\" class=\"wp-image-35926 aligncenter\" src=\"https:\/\/www.rucashk.com\/wp-content\/uploads\/2023\/10\/85a60696329bd4f273cc857b633d301-300x169.png\" alt=\"Logitech LOGITECH CRAFT  Keyboards\" width=\"854\" height=\"481\" \/><\/p>\n<p>&nbsp;<\/p>\n<h2 class=\"body-copy-title font-title-l font-brown-bold dc-kohle tc-kohle mc-kohle\" style=\"text-align: center\">TOCA, TOCA Y GIRA TUS APLICACIONES FAVORITAS<\/h2>\n<p style=\"text-align: center\">En Windows<sup>\u00ae<\/sup>\u00a0o macOS, ajuste el brillo en Adobe Photoshop<sup>\u00ae<\/sup>\u00a0CC, cambiar el grosor del trazo en Adobe Illustrator<sup>\u00ae<\/sup>\u00a0CC, editar im\u00e1genes en Adobe Lightroom<sup>\u00ae<\/sup>\u00a0CC cl\u00e1sico y m\u00e1s con solo girar el dial. Los usuarios de Windows tambi\u00e9n pueden ampliar el texto en Microsoft PowerPoint<sup>\u00ae<\/sup>, cree gr\u00e1ficos instant\u00e1neamente en Microsoft Excel<sup>\u00ae<\/sup>, y m\u00e1s. Instale perfiles del software Logitech Options para las aplicaciones que m\u00e1s utiliza en<\/p>\n<p>&nbsp;<\/p>\n<p><img decoding=\"async\" class=\"wp-image-35927 aligncenter\" src=\"https:\/\/www.rucashk.com\/wp-content\/uploads\/2023\/10\/daa9cfbafc0ecb60dbe0994b8a1af2c-300x166.png\" alt=\"Logitech LOGITECH CRAFT  Keyboards\" width=\"853\" height=\"472\" \/><\/p>\n<p>&nbsp;<\/p>\n<h2 class=\"font-title-l js-title\" style=\"text-align: center\">ILUMINACI\u00d3N INTELIGENTE<\/h2>\n<div class=\"body-copy-ctn js-body-copy-ctn rte-field\">\n<p style=\"text-align: center\">Craft cobra vida con un toque de retroiluminaci\u00f3n cuando se enciende, y las teclas se iluminan en el momento en que tus manos se acercan.<\/p>\n<p style=\"text-align: center\">Las teclas retroiluminadas ajustan autom\u00e1ticamente el brillo para adaptarse a las condiciones cambiantes de iluminaci\u00f3n.<\/p>\n<\/div>\n<p>&nbsp;<\/p>\n<p><img loading=\"lazy\" decoding=\"async\" class=\"wp-image-35928 aligncenter\" src=\"https:\/\/www.rucashk.com\/wp-content\/uploads\/2023\/10\/20c2d2281de5453fd1db691a7d46eee-300x160.png\" alt=\"Logitech LOGITECH CRAFT  Keyboards\" width=\"851\" height=\"454\" \/><\/p>\n<p>&nbsp;<\/p>\n<h2 class=\"body-copy-title font-title-l font-brown-bold dc-kohle tc-kohle mc-kohle\" style=\"text-align: center\">CONTROL CREATIVO COMPLETO<\/h2>\n<p style=\"text-align: center\">Craft es un teclado inal\u00e1mbrico con una experiencia de escritura superior y un dial de entrada vers\u00e1til que se adapta a lo que est\u00e1s haciendo, manteni\u00e9ndote concentrado y en tu flujo creativo.<\/p>\n<p>&nbsp;<\/p>\n<p><img loading=\"lazy\" decoding=\"async\" class=\"wp-image-35929 aligncenter\" src=\"https:\/\/www.rucashk.com\/wp-content\/uploads\/2023\/10\/b41c833c5ee6d239805702eb8f67f7e-300x140.png\" alt=\"Logitech LOGITECH CRAFT  Keyboards\" width=\"853\" height=\"398\" \/><\/p>\n<p>&nbsp;<\/p>\n<h4 class=\"specs-heading\">Especificaciones<\/h4>\n<div class=\"specs-column\">\n<div class=\"specs-group\">\n<div class=\"specs-block\">\n<h5 class=\"specs-title\">Soporte de conexi\u00f3n<\/h5>\n<ul class=\"specs-description-list\">\n<li>Tecnolog\u00eda inal\u00e1mbrica Logitech Unifying<\/li>\n<li>Requerido: Tecnolog\u00eda Bluetooth\u00ae de baja energ\u00eda<\/li>\n<\/ul>\n<\/div>\n<div class=\"specs-block\">\n<h5 class=\"specs-title\">Soporte del software de opciones de Logitech<\/h5>\n<ul class=\"specs-description-list\">\n<li>Opciones de Logitech en Mac OS 10.11 y superior y Windows 7 y superior<\/li>\n<\/ul>\n<\/div>\n<div class=\"specs-block\"><\/div>\n<div class=\"specs-block\">\n<h5 class=\"specs-title\">SDK<\/h5>\n<ul class=\"specs-description-list\">\n<li>Kit de desarrollador de software CRAFT disponible<\/li>\n<\/ul>\n<\/div>\n<div class=\"specs-block\">\n<h5 class=\"specs-title\">Caracter\u00edsticas adicionales<\/h5>\n<ul class=\"specs-description-list\">\n<li>10m inal\u00e1mbrico<\/li>\n<li>Encriptaci\u00f3n inal\u00e1mbrica<\/li>\n<li>Interruptor de encendido\/apagado<\/li>\n<li>3 luces indicadoras de conexi\u00f3n<\/li>\n<li>Luz indicadora de bloqueo de may\u00fasculas<\/li>\n<li>Luz indicadora de bater\u00eda<\/li>\n<li>Recargable con USB tipo C<\/li>\n<li>Compatible con ratones habilitados para Logitech Flow\u2122<\/li>\n<\/ul>\n<\/div>\n<\/div>\n<\/div>\n<p>&nbsp;<\/p>","protected":false},"excerpt":{"rendered":"<div class=\"specs-block\">\n<div>\n<p class=\"product-title js-text-auto pangea-inited\">ARTESAN\u00cdA LOGITECH<\/p>\n<\/div>\n<p class=\"specs-description\"><strong>Altura<\/strong>: 149 mil\u00edmetros<\/p>\n<\/div>\n<div class=\"specs-block\">\n<div class=\"specs-description\"><strong>Ancho<\/strong>: 430 mil\u00edmetros<\/div>\n<\/div>\n<div class=\"specs-block\">\n<div class=\"specs-description\"><strong>Profundidad<\/strong>: 812,8 mil\u00edmetros<\/div>\n<\/div>\n<div class=\"specs-block\">\n<div class=\"specs-description\"><strong>Peso<\/strong>: 960 gramos<\/div>\n<\/div>","protected":false},"featured_media":27552,"template":"","meta":[],"product_brand":[1380],"product_cat":[1332,1322],"product_tag":[],"class_list":{"0":"post-27417","1":"product","2":"type-product","3":"status-publish","4":"has-post-thumbnail","6":"product_brand-logitech","7":"product_cat-logitech-other-a-brands","8":"product_cat-other-a-brands","10":"first","11":"instock","12":"shipping-taxable","13":"product-type-simple"},"aioseo_notices":[],"aioseo_head":"\n\t\t<!-- All in One SEO Pro 4.5.9.2 - aioseo.com -->\n\t\t<meta name=\"description\" content=\"LOGITECH CRAFT Height: 149 mm Width: 430 mm Depth: 812.8 mm Weight: 960 g\" \/>\n\t\t<meta name=\"robots\" content=\"max-image-preview:large\" \/>\n\t\t<link rel=\"canonical\" href=\"https:\/\/www.rucashk.com\/es\/producto\/logitech-logitech-craft-keyboards\/\" \/>\n\t\t<meta name=\"generator\" content=\"All in One SEO Pro (AIOSEO) 4.5.9.2\" \/>\n\t\t<meta property=\"og:locale\" content=\"es_ES\" \/>\n\t\t<meta property=\"og:site_name\" content=\"Rucas - One-stop AIoT Distribution Worldwide\" \/>\n\t\t<meta property=\"og:type\" content=\"article\" \/>\n\t\t<meta property=\"og:title\" content=\"Logitech LOGITECH CRAFT Keyboards - Rucas - Wholesale and Distribution\" \/>\n\t\t<meta property=\"og:description\" content=\"LOGITECH CRAFT Height: 149 mm Width: 430 mm Depth: 812.8 mm Weight: 960 g\" \/>\n\t\t<meta property=\"og:url\" content=\"https:\/\/www.rucashk.com\/es\/producto\/logitech-logitech-craft-keyboards\/\" \/>\n\t\t<meta property=\"og:image\" content=\"https:\/\/www.rucashk.com\/wp-content\/uploads\/replace\/503b8e645f128a97ccde2b6290747646.jpeg\" \/>\n\t\t<meta property=\"og:image:secure_url\" content=\"https:\/\/www.rucashk.com\/wp-content\/uploads\/replace\/503b8e645f128a97ccde2b6290747646.jpeg\" \/>\n\t\t<meta property=\"og:image:width\" content=\"1456\" \/>\n\t\t<meta property=\"og:image:height\" content=\"816\" \/>\n\t\t<meta property=\"article:published_time\" content=\"2024-01-09T16:40:53+00:00\" \/>\n\t\t<meta property=\"article:modified_time\" content=\"2025-06-21T09:30:22+00:00\" \/>\n\t\t<meta name=\"twitter:card\" content=\"summary_large_image\" \/>\n\t\t<meta name=\"twitter:title\" content=\"Logitech LOGITECH CRAFT Keyboards - Rucas - Wholesale and Distribution\" \/>\n\t\t<meta name=\"twitter:description\" content=\"LOGITECH CRAFT Height: 149 mm Width: 430 mm Depth: 812.8 mm Weight: 960 g\" \/>\n\t\t<meta name=\"twitter:image\" content=\"https:\/\/www.rucashk.com\/wp-content\/uploads\/replace\/503b8e645f128a97ccde2b6290747646.jpeg\" \/>\n\t\t<script type=\"application\/ld+json\" class=\"aioseo-schema\">\n\t\t\t{\"@context\":\"https:\\\/\\\/schema.org\",\"@graph\":[{\"@type\":\"BreadcrumbList\",\"@id\":\"https:\\\/\\\/www.rucashk.com\\\/es\\\/producto\\\/logitech-logitech-craft-keyboards\\\/#breadcrumblist\",\"itemListElement\":[{\"@type\":\"ListItem\",\"@id\":\"https:\\\/\\\/www.rucashk.com\\\/es\\\/#listItem\",\"position\":1,\"name\":\"Home\",\"item\":\"https:\\\/\\\/www.rucashk.com\\\/es\\\/\",\"nextItem\":\"https:\\\/\\\/www.rucashk.com\\\/es\\\/producto\\\/logitech-logitech-craft-keyboards\\\/#listItem\"},{\"@type\":\"ListItem\",\"@id\":\"https:\\\/\\\/www.rucashk.com\\\/es\\\/producto\\\/logitech-logitech-craft-keyboards\\\/#listItem\",\"position\":2,\"name\":\"Logitech LOGITECH CRAFT  Keyboards\",\"previousItem\":\"https:\\\/\\\/www.rucashk.com\\\/es\\\/#listItem\"}]},{\"@type\":\"Organization\",\"@id\":\"https:\\\/\\\/www.rucashk.com\\\/es\\\/#organization\",\"name\":\"Rucas\",\"url\":\"https:\\\/\\\/www.rucashk.com\\\/es\\\/\",\"logo\":{\"@type\":\"ImageObject\",\"url\":\"https:\\\/\\\/www.rucashk.com\\\/wp-content\\\/uploads\\\/2023\\\/12\\\/Rucas_campany_logo.png\",\"@id\":\"https:\\\/\\\/www.rucashk.com\\\/es\\\/producto\\\/logitech-logitech-craft-keyboards\\\/#organizationLogo\",\"width\":221,\"height\":65},\"image\":{\"@id\":\"https:\\\/\\\/www.rucashk.com\\\/es\\\/#organizationLogo\"}},{\"@type\":\"Person\",\"@id\":\"https:\\\/\\\/www.rucashk.com\\\/es\\\/author\\\/admin\\\/#author\",\"url\":\"https:\\\/\\\/www.rucashk.com\\\/es\\\/author\\\/admin\\\/\",\"name\":\"admin\",\"image\":{\"@type\":\"ImageObject\",\"@id\":\"https:\\\/\\\/www.rucashk.com\\\/es\\\/producto\\\/logitech-logitech-craft-keyboards\\\/#authorImage\",\"url\":\"https:\\\/\\\/secure.gravatar.com\\\/avatar\\\/b7c8925b09a27e72b30232f8ecaadbd5af0f70a38c78096863fe51b64f031c24?s=96&d=mm&r=g\",\"width\":96,\"height\":96,\"caption\":\"admin\"}},{\"@type\":\"WebPage\",\"@id\":\"https:\\\/\\\/www.rucashk.com\\\/es\\\/producto\\\/logitech-logitech-craft-keyboards\\\/#webpage\",\"url\":\"https:\\\/\\\/www.rucashk.com\\\/es\\\/producto\\\/logitech-logitech-craft-keyboards\\\/\",\"name\":\"Logitech LOGITECH CRAFT Keyboards - Rucas - Wholesale and Distribution\",\"description\":\"LOGITECH CRAFT Height: 149 mm Width: 430 mm Depth: 812.8 mm Weight: 960 g\",\"inLanguage\":\"es-ES\",\"isPartOf\":{\"@id\":\"https:\\\/\\\/www.rucashk.com\\\/es\\\/#website\"},\"breadcrumb\":{\"@id\":\"https:\\\/\\\/www.rucashk.com\\\/es\\\/producto\\\/logitech-logitech-craft-keyboards\\\/#breadcrumblist\"},\"author\":{\"@id\":\"https:\\\/\\\/www.rucashk.com\\\/es\\\/author\\\/admin\\\/#author\"},\"creator\":{\"@id\":\"https:\\\/\\\/www.rucashk.com\\\/es\\\/author\\\/admin\\\/#author\"},\"image\":{\"@type\":\"ImageObject\",\"url\":\"https:\\\/\\\/www.rucashk.com\\\/wp-content\\\/uploads\\\/2024\\\/01\\\/10003-21-1.jpg\",\"@id\":\"https:\\\/\\\/www.rucashk.com\\\/es\\\/producto\\\/logitech-logitech-craft-keyboards\\\/#mainImage\",\"width\":800,\"height\":800},\"primaryImageOfPage\":{\"@id\":\"https:\\\/\\\/www.rucashk.com\\\/es\\\/producto\\\/logitech-logitech-craft-keyboards\\\/#mainImage\"},\"datePublished\":\"2024-01-09T16:40:53+00:00\",\"dateModified\":\"2025-06-21T09:30:22+00:00\"},{\"@type\":\"WebSite\",\"@id\":\"https:\\\/\\\/www.rucashk.com\\\/es\\\/#website\",\"url\":\"https:\\\/\\\/www.rucashk.com\\\/es\\\/\",\"name\":\"Rucas - Wholesale and distribution worldwide\",\"alternateName\":\"Rucas - One-stop AIoT Distribution Worldwide\",\"description\":\"One-stop AIoT Distribution Worldwide\",\"inLanguage\":\"es-ES\",\"publisher\":{\"@id\":\"https:\\\/\\\/www.rucashk.com\\\/es\\\/#organization\"}}]}\n\t\t<\/script>\n\t\t<!-- All in One SEO Pro -->\r\n\t\t<title>Logitech LOGITECH CRAFT Keyboards - Rucas - Wholesale and Distribution<\/title>\n\n","aioseo_head_json":{"title":"Logitech LOGITECH CRAFT Keyboards - Rucas - Wholesale and Distribution","description":"LOGITECH CRAFT Height: 149 mm Width: 430 mm Depth: 812.8 mm Weight: 960 g","canonical_url":"https:\/\/www.rucashk.com\/es\/producto\/logitech-logitech-craft-keyboards\/","robots":"max-image-preview:large","keywords":"","webmasterTools":{"miscellaneous":""},"og:locale":"es_ES","og:site_name":"Rucas - One-stop AIoT Distribution Worldwide","og:type":"article","og:title":"Logitech LOGITECH CRAFT Keyboards - Rucas - Wholesale and Distribution","og:description":"LOGITECH CRAFT Height: 149 mm Width: 430 mm Depth: 812.8 mm Weight: 960 g","og:url":"https:\/\/www.rucashk.com\/es\/producto\/logitech-logitech-craft-keyboards\/","og:image":"https:\/\/www.rucashk.com\/wp-content\/uploads\/replace\/503b8e645f128a97ccde2b6290747646.jpeg","og:image:secure_url":"https:\/\/www.rucashk.com\/wp-content\/uploads\/replace\/503b8e645f128a97ccde2b6290747646.jpeg","og:image:width":1456,"og:image:height":816,"article:published_time":"2024-01-09T16:40:53+00:00","article:modified_time":"2025-06-21T09:30:22+00:00","twitter:card":"summary_large_image","twitter:title":"Logitech LOGITECH CRAFT Keyboards - Rucas - Wholesale and Distribution","twitter:description":"LOGITECH CRAFT Height: 149 mm Width: 430 mm Depth: 812.8 mm Weight: 960 g","twitter:image":"https:\/\/www.rucashk.com\/wp-content\/uploads\/replace\/503b8e645f128a97ccde2b6290747646.jpeg","schema":{"@context":"https:\/\/schema.org","@graph":[{"@type":"BreadcrumbList","@id":"https:\/\/www.rucashk.com\/es\/producto\/logitech-logitech-craft-keyboards\/#breadcrumblist","itemListElement":[{"@type":"ListItem","@id":"https:\/\/www.rucashk.com\/es\/#listItem","position":1,"name":"Home","item":"https:\/\/www.rucashk.com\/es\/","nextItem":"https:\/\/www.rucashk.com\/es\/producto\/logitech-logitech-craft-keyboards\/#listItem"},{"@type":"ListItem","@id":"https:\/\/www.rucashk.com\/es\/producto\/logitech-logitech-craft-keyboards\/#listItem","position":2,"name":"Logitech LOGITECH CRAFT  Keyboards","previousItem":"https:\/\/www.rucashk.com\/es\/#listItem"}]},{"@type":"Organization","@id":"https:\/\/www.rucashk.com\/es\/#organization","name":"Rucas","url":"https:\/\/www.rucashk.com\/es\/","logo":{"@type":"ImageObject","url":"https:\/\/www.rucashk.com\/wp-content\/uploads\/2023\/12\/Rucas_campany_logo.png","@id":"https:\/\/www.rucashk.com\/es\/producto\/logitech-logitech-craft-keyboards\/#organizationLogo","width":221,"height":65},"image":{"@id":"https:\/\/www.rucashk.com\/es\/#organizationLogo"}},{"@type":"Person","@id":"https:\/\/www.rucashk.com\/es\/author\/admin\/#author","url":"https:\/\/www.rucashk.com\/es\/author\/admin\/","name":"admin","image":{"@type":"ImageObject","@id":"https:\/\/www.rucashk.com\/es\/producto\/logitech-logitech-craft-keyboards\/#authorImage","url":"https:\/\/secure.gravatar.com\/avatar\/b7c8925b09a27e72b30232f8ecaadbd5af0f70a38c78096863fe51b64f031c24?s=96&d=mm&r=g","width":96,"height":96,"caption":"admin"}},{"@type":"WebPage","@id":"https:\/\/www.rucashk.com\/es\/producto\/logitech-logitech-craft-keyboards\/#webpage","url":"https:\/\/www.rucashk.com\/es\/producto\/logitech-logitech-craft-keyboards\/","name":"Logitech LOGITECH CRAFT Keyboards - Rucas - Wholesale and Distribution","description":"LOGITECH CRAFT Height: 149 mm Width: 430 mm Depth: 812.8 mm Weight: 960 g","inLanguage":"es-ES","isPartOf":{"@id":"https:\/\/www.rucashk.com\/es\/#website"},"breadcrumb":{"@id":"https:\/\/www.rucashk.com\/es\/producto\/logitech-logitech-craft-keyboards\/#breadcrumblist"},"author":{"@id":"https:\/\/www.rucashk.com\/es\/author\/admin\/#author"},"creator":{"@id":"https:\/\/www.rucashk.com\/es\/author\/admin\/#author"},"image":{"@type":"ImageObject","url":"https:\/\/www.rucashk.com\/wp-content\/uploads\/2024\/01\/10003-21-1.jpg","@id":"https:\/\/www.rucashk.com\/es\/producto\/logitech-logitech-craft-keyboards\/#mainImage","width":800,"height":800},"primaryImageOfPage":{"@id":"https:\/\/www.rucashk.com\/es\/producto\/logitech-logitech-craft-keyboards\/#mainImage"},"datePublished":"2024-01-09T16:40:53+00:00","dateModified":"2025-06-21T09:30:22+00:00"},{"@type":"WebSite","@id":"https:\/\/www.rucashk.com\/es\/#website","url":"https:\/\/www.rucashk.com\/es\/","name":"Rucas - Wholesale and distribution worldwide","alternateName":"Rucas - One-stop AIoT Distribution Worldwide","description":"One-stop AIoT Distribution Worldwide","inLanguage":"es-ES","publisher":{"@id":"https:\/\/www.rucashk.com\/es\/#organization"}}]}},"aioseo_meta_data":{"post_id":"27417","title":null,"description":null,"keywords":null,"keyphrases":null,"primary_term":null,"canonical_url":null,"og_title":null,"og_description":null,"og_object_type":"default","og_image_type":"default","og_image_url":null,"og_image_width":null,"og_image_height":null,"og_image_custom_url":null,"og_image_custom_fields":null,"og_video":"","og_custom_url":null,"og_article_section":null,"og_article_tags":null,"twitter_use_og":false,"twitter_card":"default","twitter_image_type":"default","twitter_image_url":null,"twitter_image_custom_url":null,"twitter_image_custom_fields":null,"twitter_title":null,"twitter_description":null,"schema":{"blockGraphs":[],"customGraphs":[],"default":{"data":{"Article":[],"Course":[],"Dataset":[],"FAQPage":[],"Movie":[],"Person":[],"Product":[],"Recipe":[],"Service":[],"SoftwareApplication":[],"WebPage":[]},"graphName":"","isEnabled":true},"graphs":[]},"schema_type":"default","schema_type_options":null,"pillar_content":false,"robots_default":true,"robots_noindex":false,"robots_noarchive":false,"robots_nosnippet":false,"robots_nofollow":false,"robots_noimageindex":false,"robots_noodp":false,"robots_notranslate":false,"robots_max_snippet":"-1","robots_max_videopreview":"-1","robots_max_imagepreview":"large","priority":null,"frequency":"default","local_seo":null,"breadcrumb_settings":null,"limit_modified_date":false,"created":"2024-04-11 01:57:22","updated":"2025-06-22 18:36:55"},"aioseo_breadcrumb":"<div class=\"aioseo-breadcrumbs\"><span class=\"aioseo-breadcrumb\">\n\t<a href=\"https:\/\/www.rucashk.com\/es\" title=\"Home\">Home<\/a>\n<\/span><span class=\"aioseo-breadcrumb-separator\">&raquo;<\/span><span class=\"aioseo-breadcrumb\">\n\t<a href=\"https:\/\/www.rucashk.com\/es\/products\/\" title=\"Productos\">Productos<\/a>\n<\/span><span class=\"aioseo-breadcrumb-separator\">&raquo;<\/span><span class=\"aioseo-breadcrumb\">\n\t<a href=\"https:\/\/www.rucashk.com\/es\/marca\/logitech\/\" title=\"Logitech\">Logitech<\/a>\n<\/span><span class=\"aioseo-breadcrumb-separator\">&raquo;<\/span><span class=\"aioseo-breadcrumb\">\n\tLogitech LOGITECH CRAFT  Keyboards\n<\/span><\/div>","aioseo_breadcrumb_json":[{"label":"Home","link":"https:\/\/www.rucashk.com\/es"},{"label":"Productos","link":"https:\/\/www.rucashk.com\/es\/products\/"},{"label":"Logitech","link":"https:\/\/www.rucashk.com\/es\/marca\/logitech\/"},{"label":"Logitech LOGITECH CRAFT  Keyboards","link":"https:\/\/www.rucashk.com\/es\/producto\/logitech-logitech-craft-keyboards\/"}],"_links":{"self":[{"href":"https:\/\/www.rucashk.com\/es\/wp-json\/wp\/v2\/product\/27417","targetHints":{"allow":["GET"]}}],"collection":[{"href":"https:\/\/www.rucashk.com\/es\/wp-json\/wp\/v2\/product"}],"about":[{"href":"https:\/\/www.rucashk.com\/es\/wp-json\/wp\/v2\/types\/product"}],"wp:featuredmedia":[{"embeddable":true,"href":"https:\/\/www.rucashk.com\/es\/wp-json\/wp\/v2\/media\/27552"}],"wp:attachment":[{"href":"https:\/\/www.rucashk.com\/es\/wp-json\/wp\/v2\/media?parent=27417"}],"wp:term":[{"taxonomy":"product_brand","embeddable":true,"href":"https:\/\/www.rucashk.com\/es\/wp-json\/wp\/v2\/product_brand?post=27417"},{"taxonomy":"product_cat","embeddable":true,"href":"https:\/\/www.rucashk.com\/es\/wp-json\/wp\/v2\/product_cat?post=27417"},{"taxonomy":"product_tag","embeddable":true,"href":"https:\/\/www.rucashk.com\/es\/wp-json\/wp\/v2\/product_tag?post=27417"}],"curies":[{"name":"wp","href":"https:\/\/api.w.org\/{rel}","templated":true}]}}