{"id":27414,"date":"2024-01-09T16:40:53","date_gmt":"2024-01-09T16:40:53","guid":{"rendered":"http:\/\/rucashk.com\/?post_type=product&#038;p=27414"},"modified":"2025-06-21T09:30:13","modified_gmt":"2025-06-21T09:30:13","slug":"logitech-k400-plus-wireless-touch-keyboard-keyboards","status":"publish","type":"product","link":"https:\/\/www.rucashk.com\/es\/producto\/logitech-k400-plus-wireless-touch-keyboard-keyboards\/","title":{"rendered":"TECLADO T\u00c1CTIL INAL\u00c1MBRICO Logitech K400 PLUS Teclados"},"content":{"rendered":"<h2 class=\"body-copy-title font-title-l font-brown-bold\" style=\"text-align: center\">CONTROL TOTAL DESDE EL SOF\u00c1<\/h2>\n<p style=\"text-align: center\">Teclado inal\u00e1mbrico plug-and-play con panel t\u00e1ctil integrado para un control total de su PC conectado al televisor desde su sof\u00e1. K400 es un teclado silencioso y f\u00e1cil de usar con un panel t\u00e1ctil incorporado, adem\u00e1s de todas las teclas de acceso r\u00e1pido que los usuarios de Windows y Android conocen y aman. Completo con controles multimedia que hacen que navegar por tu televisor controlado por PC sea muy sencillo.<\/p>\n<p><img decoding=\"async\" class=\"aligncenter\" src=\"\/wp-content\/uploads\/replace\/26e22064e1bf1c5cc5ebdfd57b9636f6.png\" alt=\"Logitech K400 PLUS WIRELESS TOUCH KEYBOARD Keyboards\" width=\"798px\" data-spm-anchor-id=\"a2g0o.detail.1000023.i2.3eb5JfGAJfGALc\" \/><\/p>\n<p>&nbsp;<\/p>\n<h2 class=\"body-copy-title font-title-l font-brown-bold\" style=\"text-align: center\">DISE\u00d1ADO PARA UN CONTROL RELAJADO<\/h2>\n<p style=\"text-align: center\">El panel t\u00e1ctil incorporado mantiene la escritura y la navegaci\u00f3n en un solo lugar. Cuando se trata de un televisor controlado por PC, K400 facilita la navegaci\u00f3n sin necesidad de conectar el teclado y el mouse por separado (o levantarse del sof\u00e1). Para que puedas ver v\u00eddeos, navegar por la web o chatear con amigos sin problemas.<\/p>\n<p><img fetchpriority=\"high\" decoding=\"async\" class=\"wp-image-35887 aligncenter\" src=\"https:\/\/www.rucashk.com\/wp-content\/uploads\/2023\/10\/31789586baf381222053112ccdff281-300x164.png\" alt=\"Logitech K400 PLUS WIRELESS TOUCH KEYBOARD Keyboards\" width=\"858\" height=\"469\" \/><\/p>\n<p>&nbsp;<\/p>\n<h2 class=\"h3\" style=\"text-align: center\">TECLAS SILENCIOSAS, PANEL T\u00c1CTIL GRANDE<\/h2>\n<p style=\"text-align: center\">Las teclas c\u00f3modas y silenciosas y un panel t\u00e1ctil grande hacen que navegar por el entretenimiento sea sencillo, incluso la configuraci\u00f3n es muy sencilla gracias al peque\u00f1o receptor USB Unifying plug-and-play.<\/p>\n<p>&nbsp;<\/p>\n<p><img decoding=\"async\" class=\"wp-image-35889 aligncenter\" src=\"https:\/\/www.rucashk.com\/wp-content\/uploads\/2023\/10\/c040b137d9a29adb7199b129786c085-300x169.png\" alt=\"Logitech K400 PLUS WIRELESS TOUCH KEYBOARD Keyboards\" width=\"857\" height=\"483\" \/><\/p>\n<p>&nbsp;<\/p>\n<h2 class=\"h3\" style=\"text-align: center\">INAL\u00c1MBRICO Y COMPATIBLE<\/h2>\n<p style=\"text-align: center\">La conexi\u00f3n inal\u00e1mbrica potente y sin demoras le brinda hasta 10 metros de libertad sin demoras ni interrupciones. Dise\u00f1ado para usar con Windows 7, Windows 8, Windows 10 y posterior, Android 7 o posterior y Chrome OS<sup>\u2122<\/sup>.<\/p>\n<p><img decoding=\"async\" class=\"wp-image-35890 aligncenter\" src=\"https:\/\/www.rucashk.com\/wp-content\/uploads\/2023\/10\/a9a0ee99f788cb0b819ab99c1524c5b-300x168.png\" alt=\"Logitech K400 PLUS WIRELESS TOUCH KEYBOARD Keyboards\" width=\"857\" height=\"480\" \/><\/p>\n<p>&nbsp;<\/p>\n<h2 class=\"h3\" style=\"text-align: center\">PERSONALIZABLE<\/h2>\n<p style=\"text-align: center\">\u00daselo nada m\u00e1s sacarlo de la caja o personalice sus controles con el software Logitech Options. Los controles preestablecidos facilitan el ajuste del volumen, la realizaci\u00f3n de selecciones o el uso de sus atajos favoritos de Windows y Android.<\/p>\n<p><img loading=\"lazy\" decoding=\"async\" class=\"wp-image-35891 aligncenter\" src=\"https:\/\/www.rucashk.com\/wp-content\/uploads\/2023\/10\/37e62712d67462a802c0621fe00272f-300x169.png\" alt=\"Logitech K400 PLUS WIRELESS TOUCH KEYBOARD Keyboards\" width=\"856\" height=\"482\" \/><\/p>\n<p>&nbsp;<\/p>\n<h4 class=\"specs-heading\">Especificaciones<\/h4>\n<div class=\"specs-column\">\n<div class=\"specs-group\">\n<div class=\"specs-block\">\n<h5 class=\"specs-title\">Tipo de conecci\u00f3n<\/h5>\n<ul class=\"specs-description-list\">\n<li>Protocolo Logitech Unifying (2,4 GHz)<\/li>\n<li><strong>Alcance inal\u00e1mbrico<\/strong>: alcance inal\u00e1mbrico &gt;10 m<\/li>\n<\/ul>\n<\/div>\n<div class=\"specs-block\">\n<h5 class=\"specs-title\">software opcional<\/h5>\n<ul class=\"specs-description-list\">\n<li>Opciones de Logitech<\/li>\n<\/ul>\n<\/div>\n<div class=\"specs-block\">\n<h5 class=\"specs-title\">Bater\u00eda<\/h5>\n<ul class=\"specs-description-list\">\n<li><strong>Bater\u00eda<\/strong>: 2 pilas AA (incluidas)<\/li>\n<li><strong>Bater\u00eda<\/strong>: 18 meses<\/li>\n<\/ul>\n<\/div>\n<div class=\"specs-block\">\n<h5 class=\"specs-title\">Teclas especiales<\/h5>\n<ul class=\"specs-description-list\">\n<li>Silenciar, bajar volumen, subir volumen<\/li>\n<li><strong>Conecte la electricidad<\/strong>: Interruptor encendido \/ apagado<\/li>\n<\/ul>\n<\/div>\n<div class=\"specs-block\">\n<h5 class=\"specs-title\">Vida clave<\/h5>\n<ul class=\"specs-description-list\">\n<li>Hasta 5 millones de pulsaciones de teclas<\/li>\n<\/ul>\n<\/div>\n<div class=\"specs-block\">\n<h5 class=\"specs-title\">Ruido al escribir<\/h5>\n<ul class=\"specs-description-list\">\n<li>Dentro de 55 dBA para todas las teclas<\/li>\n<\/ul>\n<\/div>\n<div class=\"specs-block\">\n<h5 class=\"specs-title\">Sostenibilidad<\/h5>\n<ul class=\"specs-description-list\">\n<li><strong>Huella de carbono del producto<\/strong>: 4,9 kg CO2e<\/li>\n<\/ul>\n<\/div>\n<div class=\"specs-block\">\n<div class=\"specs-description\">Certificado de neutralidad de carbono<\/div>\n<\/div>\n<\/div>\n<\/div>\n<p>&nbsp;<\/p>","protected":false},"excerpt":{"rendered":"<div class=\"specs-block\">\n<h5 class=\"specs-title\">En general<\/h5>\n<ul class=\"specs-description-list\">\n<li><strong>Altura<\/strong>: 139,9 mil\u00edmetros<\/li>\n<li><strong>Ancho<\/strong>: 354,3 mil\u00edmetros<\/li>\n<li><strong>Profundidad<\/strong>: 23,5mm<\/li>\n<li><strong>Peso<\/strong>: 390 g (con pilas)<\/li>\n<\/ul>\n<\/div>\n<div class=\"specs-block\">\n<h5 class=\"specs-title\">Panel t\u00e1ctil<\/h5>\n<ul class=\"specs-description-list\">\n<li><strong>Altura<\/strong>: 76mm<\/li>\n<li><strong>Ancho<\/strong>: 47mm<\/li>\n<\/ul>\n<\/div>","protected":false},"featured_media":27537,"template":"","meta":[],"product_brand":[1380],"product_cat":[1332,1322],"product_tag":[],"class_list":{"0":"post-27414","1":"product","2":"type-product","3":"status-publish","4":"has-post-thumbnail","6":"product_brand-logitech","7":"product_cat-logitech-other-a-brands","8":"product_cat-other-a-brands","10":"first","11":"instock","12":"shipping-taxable","13":"product-type-simple"},"aioseo_notices":[],"aioseo_head":"\n\t\t<!-- All in One SEO Pro 4.5.9.2 - aioseo.com -->\n\t\t<meta name=\"description\" content=\"Overall Height: 139.9 mm Width: 354.3 mm Depth: 23.5 mm Weight: 390 g (with batteries) Touchpad Height: 76 mm Width: 47 mm\" \/>\n\t\t<meta name=\"robots\" content=\"max-image-preview:large\" \/>\n\t\t<link rel=\"canonical\" href=\"https:\/\/www.rucashk.com\/es\/producto\/logitech-k400-plus-wireless-touch-keyboard-keyboards\/\" \/>\n\t\t<meta name=\"generator\" content=\"All in One SEO Pro (AIOSEO) 4.5.9.2\" \/>\n\t\t<meta property=\"og:locale\" content=\"es_ES\" \/>\n\t\t<meta property=\"og:site_name\" content=\"Rucas - One-stop AIoT Distribution Worldwide\" \/>\n\t\t<meta property=\"og:type\" content=\"article\" \/>\n\t\t<meta property=\"og:title\" content=\"Logitech K400 PLUS WIRELESS TOUCH KEYBOARD Keyboards - Rucas - Wholesale and Distribution\" \/>\n\t\t<meta property=\"og:description\" content=\"Overall Height: 139.9 mm Width: 354.3 mm Depth: 23.5 mm Weight: 390 g (with batteries) Touchpad Height: 76 mm Width: 47 mm\" \/>\n\t\t<meta property=\"og:url\" content=\"https:\/\/www.rucashk.com\/es\/producto\/logitech-k400-plus-wireless-touch-keyboard-keyboards\/\" \/>\n\t\t<meta property=\"og:image\" content=\"https:\/\/www.rucashk.com\/wp-content\/uploads\/replace\/503b8e645f128a97ccde2b6290747646.jpeg\" \/>\n\t\t<meta property=\"og:image:secure_url\" content=\"https:\/\/www.rucashk.com\/wp-content\/uploads\/replace\/503b8e645f128a97ccde2b6290747646.jpeg\" \/>\n\t\t<meta property=\"og:image:width\" content=\"1456\" \/>\n\t\t<meta property=\"og:image:height\" content=\"816\" \/>\n\t\t<meta property=\"article:published_time\" content=\"2024-01-09T16:40:53+00:00\" \/>\n\t\t<meta property=\"article:modified_time\" content=\"2025-06-21T09:30:13+00:00\" \/>\n\t\t<meta name=\"twitter:card\" content=\"summary_large_image\" \/>\n\t\t<meta name=\"twitter:title\" content=\"Logitech K400 PLUS WIRELESS TOUCH KEYBOARD Keyboards - Rucas - Wholesale and Distribution\" \/>\n\t\t<meta name=\"twitter:description\" content=\"Overall Height: 139.9 mm Width: 354.3 mm Depth: 23.5 mm Weight: 390 g (with batteries) Touchpad Height: 76 mm Width: 47 mm\" \/>\n\t\t<meta name=\"twitter:image\" content=\"https:\/\/www.rucashk.com\/wp-content\/uploads\/replace\/503b8e645f128a97ccde2b6290747646.jpeg\" \/>\n\t\t<script type=\"application\/ld+json\" class=\"aioseo-schema\">\n\t\t\t{\"@context\":\"https:\\\/\\\/schema.org\",\"@graph\":[{\"@type\":\"BreadcrumbList\",\"@id\":\"https:\\\/\\\/www.rucashk.com\\\/es\\\/producto\\\/logitech-k400-plus-wireless-touch-keyboard-keyboards\\\/#breadcrumblist\",\"itemListElement\":[{\"@type\":\"ListItem\",\"@id\":\"https:\\\/\\\/www.rucashk.com\\\/es\\\/#listItem\",\"position\":1,\"name\":\"Home\",\"item\":\"https:\\\/\\\/www.rucashk.com\\\/es\\\/\",\"nextItem\":\"https:\\\/\\\/www.rucashk.com\\\/es\\\/producto\\\/logitech-k400-plus-wireless-touch-keyboard-keyboards\\\/#listItem\"},{\"@type\":\"ListItem\",\"@id\":\"https:\\\/\\\/www.rucashk.com\\\/es\\\/producto\\\/logitech-k400-plus-wireless-touch-keyboard-keyboards\\\/#listItem\",\"position\":2,\"name\":\"Logitech K400 PLUS WIRELESS TOUCH KEYBOARD Keyboards\",\"previousItem\":\"https:\\\/\\\/www.rucashk.com\\\/es\\\/#listItem\"}]},{\"@type\":\"Organization\",\"@id\":\"https:\\\/\\\/www.rucashk.com\\\/es\\\/#organization\",\"name\":\"Rucas\",\"url\":\"https:\\\/\\\/www.rucashk.com\\\/es\\\/\",\"logo\":{\"@type\":\"ImageObject\",\"url\":\"https:\\\/\\\/www.rucashk.com\\\/wp-content\\\/uploads\\\/2023\\\/12\\\/Rucas_campany_logo.png\",\"@id\":\"https:\\\/\\\/www.rucashk.com\\\/es\\\/producto\\\/logitech-k400-plus-wireless-touch-keyboard-keyboards\\\/#organizationLogo\",\"width\":221,\"height\":65},\"image\":{\"@id\":\"https:\\\/\\\/www.rucashk.com\\\/es\\\/#organizationLogo\"}},{\"@type\":\"Person\",\"@id\":\"https:\\\/\\\/www.rucashk.com\\\/es\\\/author\\\/admin\\\/#author\",\"url\":\"https:\\\/\\\/www.rucashk.com\\\/es\\\/author\\\/admin\\\/\",\"name\":\"admin\",\"image\":{\"@type\":\"ImageObject\",\"@id\":\"https:\\\/\\\/www.rucashk.com\\\/es\\\/producto\\\/logitech-k400-plus-wireless-touch-keyboard-keyboards\\\/#authorImage\",\"url\":\"https:\\\/\\\/secure.gravatar.com\\\/avatar\\\/b7c8925b09a27e72b30232f8ecaadbd5af0f70a38c78096863fe51b64f031c24?s=96&d=mm&r=g\",\"width\":96,\"height\":96,\"caption\":\"admin\"}},{\"@type\":\"WebPage\",\"@id\":\"https:\\\/\\\/www.rucashk.com\\\/es\\\/producto\\\/logitech-k400-plus-wireless-touch-keyboard-keyboards\\\/#webpage\",\"url\":\"https:\\\/\\\/www.rucashk.com\\\/es\\\/producto\\\/logitech-k400-plus-wireless-touch-keyboard-keyboards\\\/\",\"name\":\"Logitech K400 PLUS WIRELESS TOUCH KEYBOARD Keyboards - Rucas - Wholesale and Distribution\",\"description\":\"Overall Height: 139.9 mm Width: 354.3 mm Depth: 23.5 mm Weight: 390 g (with batteries) Touchpad Height: 76 mm Width: 47 mm\",\"inLanguage\":\"es-ES\",\"isPartOf\":{\"@id\":\"https:\\\/\\\/www.rucashk.com\\\/es\\\/#website\"},\"breadcrumb\":{\"@id\":\"https:\\\/\\\/www.rucashk.com\\\/es\\\/producto\\\/logitech-k400-plus-wireless-touch-keyboard-keyboards\\\/#breadcrumblist\"},\"author\":{\"@id\":\"https:\\\/\\\/www.rucashk.com\\\/es\\\/author\\\/admin\\\/#author\"},\"creator\":{\"@id\":\"https:\\\/\\\/www.rucashk.com\\\/es\\\/author\\\/admin\\\/#author\"},\"image\":{\"@type\":\"ImageObject\",\"url\":\"https:\\\/\\\/www.rucashk.com\\\/wp-content\\\/uploads\\\/2024\\\/01\\\/10001-22-2.jpg\",\"@id\":\"https:\\\/\\\/www.rucashk.com\\\/es\\\/producto\\\/logitech-k400-plus-wireless-touch-keyboard-keyboards\\\/#mainImage\",\"width\":1500,\"height\":1500},\"primaryImageOfPage\":{\"@id\":\"https:\\\/\\\/www.rucashk.com\\\/es\\\/producto\\\/logitech-k400-plus-wireless-touch-keyboard-keyboards\\\/#mainImage\"},\"datePublished\":\"2024-01-09T16:40:53+00:00\",\"dateModified\":\"2025-06-21T09:30:13+00:00\"},{\"@type\":\"WebSite\",\"@id\":\"https:\\\/\\\/www.rucashk.com\\\/es\\\/#website\",\"url\":\"https:\\\/\\\/www.rucashk.com\\\/es\\\/\",\"name\":\"Rucas - Wholesale and distribution worldwide\",\"alternateName\":\"Rucas - One-stop AIoT Distribution Worldwide\",\"description\":\"One-stop AIoT Distribution Worldwide\",\"inLanguage\":\"es-ES\",\"publisher\":{\"@id\":\"https:\\\/\\\/www.rucashk.com\\\/es\\\/#organization\"}}]}\n\t\t<\/script>\n\t\t<!-- All in One SEO Pro -->\r\n\t\t<title>Logitech K400 PLUS WIRELESS TOUCH KEYBOARD Keyboards - Rucas - Wholesale and Distribution<\/title>\n\n","aioseo_head_json":{"title":"Logitech K400 PLUS WIRELESS TOUCH KEYBOARD Keyboards - Rucas - Wholesale and Distribution","description":"Overall Height: 139.9 mm Width: 354.3 mm Depth: 23.5 mm Weight: 390 g (with batteries) Touchpad Height: 76 mm Width: 47 mm","canonical_url":"https:\/\/www.rucashk.com\/es\/producto\/logitech-k400-plus-wireless-touch-keyboard-keyboards\/","robots":"max-image-preview:large","keywords":"","webmasterTools":{"miscellaneous":""},"og:locale":"es_ES","og:site_name":"Rucas - One-stop AIoT Distribution Worldwide","og:type":"article","og:title":"Logitech K400 PLUS WIRELESS TOUCH KEYBOARD Keyboards - Rucas - Wholesale and Distribution","og:description":"Overall Height: 139.9 mm Width: 354.3 mm Depth: 23.5 mm Weight: 390 g (with batteries) Touchpad Height: 76 mm Width: 47 mm","og:url":"https:\/\/www.rucashk.com\/es\/producto\/logitech-k400-plus-wireless-touch-keyboard-keyboards\/","og:image":"https:\/\/www.rucashk.com\/wp-content\/uploads\/replace\/503b8e645f128a97ccde2b6290747646.jpeg","og:image:secure_url":"https:\/\/www.rucashk.com\/wp-content\/uploads\/replace\/503b8e645f128a97ccde2b6290747646.jpeg","og:image:width":1456,"og:image:height":816,"article:published_time":"2024-01-09T16:40:53+00:00","article:modified_time":"2025-06-21T09:30:13+00:00","twitter:card":"summary_large_image","twitter:title":"Logitech K400 PLUS WIRELESS TOUCH KEYBOARD Keyboards - Rucas - Wholesale and Distribution","twitter:description":"Overall Height: 139.9 mm Width: 354.3 mm Depth: 23.5 mm Weight: 390 g (with batteries) Touchpad Height: 76 mm Width: 47 mm","twitter:image":"https:\/\/www.rucashk.com\/wp-content\/uploads\/replace\/503b8e645f128a97ccde2b6290747646.jpeg","schema":{"@context":"https:\/\/schema.org","@graph":[{"@type":"BreadcrumbList","@id":"https:\/\/www.rucashk.com\/es\/producto\/logitech-k400-plus-wireless-touch-keyboard-keyboards\/#breadcrumblist","itemListElement":[{"@type":"ListItem","@id":"https:\/\/www.rucashk.com\/es\/#listItem","position":1,"name":"Home","item":"https:\/\/www.rucashk.com\/es\/","nextItem":"https:\/\/www.rucashk.com\/es\/producto\/logitech-k400-plus-wireless-touch-keyboard-keyboards\/#listItem"},{"@type":"ListItem","@id":"https:\/\/www.rucashk.com\/es\/producto\/logitech-k400-plus-wireless-touch-keyboard-keyboards\/#listItem","position":2,"name":"Logitech K400 PLUS WIRELESS TOUCH KEYBOARD Keyboards","previousItem":"https:\/\/www.rucashk.com\/es\/#listItem"}]},{"@type":"Organization","@id":"https:\/\/www.rucashk.com\/es\/#organization","name":"Rucas","url":"https:\/\/www.rucashk.com\/es\/","logo":{"@type":"ImageObject","url":"https:\/\/www.rucashk.com\/wp-content\/uploads\/2023\/12\/Rucas_campany_logo.png","@id":"https:\/\/www.rucashk.com\/es\/producto\/logitech-k400-plus-wireless-touch-keyboard-keyboards\/#organizationLogo","width":221,"height":65},"image":{"@id":"https:\/\/www.rucashk.com\/es\/#organizationLogo"}},{"@type":"Person","@id":"https:\/\/www.rucashk.com\/es\/author\/admin\/#author","url":"https:\/\/www.rucashk.com\/es\/author\/admin\/","name":"admin","image":{"@type":"ImageObject","@id":"https:\/\/www.rucashk.com\/es\/producto\/logitech-k400-plus-wireless-touch-keyboard-keyboards\/#authorImage","url":"https:\/\/secure.gravatar.com\/avatar\/b7c8925b09a27e72b30232f8ecaadbd5af0f70a38c78096863fe51b64f031c24?s=96&d=mm&r=g","width":96,"height":96,"caption":"admin"}},{"@type":"WebPage","@id":"https:\/\/www.rucashk.com\/es\/producto\/logitech-k400-plus-wireless-touch-keyboard-keyboards\/#webpage","url":"https:\/\/www.rucashk.com\/es\/producto\/logitech-k400-plus-wireless-touch-keyboard-keyboards\/","name":"Logitech K400 PLUS WIRELESS TOUCH KEYBOARD Keyboards - Rucas - Wholesale and Distribution","description":"Overall Height: 139.9 mm Width: 354.3 mm Depth: 23.5 mm Weight: 390 g (with batteries) Touchpad Height: 76 mm Width: 47 mm","inLanguage":"es-ES","isPartOf":{"@id":"https:\/\/www.rucashk.com\/es\/#website"},"breadcrumb":{"@id":"https:\/\/www.rucashk.com\/es\/producto\/logitech-k400-plus-wireless-touch-keyboard-keyboards\/#breadcrumblist"},"author":{"@id":"https:\/\/www.rucashk.com\/es\/author\/admin\/#author"},"creator":{"@id":"https:\/\/www.rucashk.com\/es\/author\/admin\/#author"},"image":{"@type":"ImageObject","url":"https:\/\/www.rucashk.com\/wp-content\/uploads\/2024\/01\/10001-22-2.jpg","@id":"https:\/\/www.rucashk.com\/es\/producto\/logitech-k400-plus-wireless-touch-keyboard-keyboards\/#mainImage","width":1500,"height":1500},"primaryImageOfPage":{"@id":"https:\/\/www.rucashk.com\/es\/producto\/logitech-k400-plus-wireless-touch-keyboard-keyboards\/#mainImage"},"datePublished":"2024-01-09T16:40:53+00:00","dateModified":"2025-06-21T09:30:13+00:00"},{"@type":"WebSite","@id":"https:\/\/www.rucashk.com\/es\/#website","url":"https:\/\/www.rucashk.com\/es\/","name":"Rucas - Wholesale and distribution worldwide","alternateName":"Rucas - One-stop AIoT Distribution Worldwide","description":"One-stop AIoT Distribution Worldwide","inLanguage":"es-ES","publisher":{"@id":"https:\/\/www.rucashk.com\/es\/#organization"}}]}},"aioseo_meta_data":{"post_id":"27414","title":null,"description":null,"keywords":null,"keyphrases":null,"primary_term":null,"canonical_url":null,"og_title":null,"og_description":null,"og_object_type":"default","og_image_type":"default","og_image_url":null,"og_image_width":null,"og_image_height":null,"og_image_custom_url":null,"og_image_custom_fields":null,"og_video":"","og_custom_url":null,"og_article_section":null,"og_article_tags":null,"twitter_use_og":false,"twitter_card":"default","twitter_image_type":"default","twitter_image_url":null,"twitter_image_custom_url":null,"twitter_image_custom_fields":null,"twitter_title":null,"twitter_description":null,"schema":{"blockGraphs":[],"customGraphs":[],"default":{"data":{"Article":[],"Course":[],"Dataset":[],"FAQPage":[],"Movie":[],"Person":[],"Product":[],"Recipe":[],"Service":[],"SoftwareApplication":[],"WebPage":[]},"graphName":"","isEnabled":true},"graphs":[]},"schema_type":"default","schema_type_options":null,"pillar_content":false,"robots_default":true,"robots_noindex":false,"robots_noarchive":false,"robots_nosnippet":false,"robots_nofollow":false,"robots_noimageindex":false,"robots_noodp":false,"robots_notranslate":false,"robots_max_snippet":"-1","robots_max_videopreview":"-1","robots_max_imagepreview":"large","priority":null,"frequency":"default","local_seo":null,"breadcrumb_settings":null,"limit_modified_date":false,"created":"2024-04-11 01:57:22","updated":"2025-06-22 18:35:56"},"aioseo_breadcrumb":"<div class=\"aioseo-breadcrumbs\"><span class=\"aioseo-breadcrumb\">\n\t<a href=\"https:\/\/www.rucashk.com\/es\" title=\"Home\">Home<\/a>\n<\/span><span class=\"aioseo-breadcrumb-separator\">&raquo;<\/span><span class=\"aioseo-breadcrumb\">\n\t<a href=\"https:\/\/www.rucashk.com\/es\/products\/\" title=\"Productos\">Productos<\/a>\n<\/span><span class=\"aioseo-breadcrumb-separator\">&raquo;<\/span><span class=\"aioseo-breadcrumb\">\n\t<a href=\"https:\/\/www.rucashk.com\/es\/marca\/logitech\/\" title=\"Logitech\">Logitech<\/a>\n<\/span><span class=\"aioseo-breadcrumb-separator\">&raquo;<\/span><span class=\"aioseo-breadcrumb\">\n\tLogitech K400 PLUS WIRELESS TOUCH KEYBOARD Keyboards\n<\/span><\/div>","aioseo_breadcrumb_json":[{"label":"Home","link":"https:\/\/www.rucashk.com\/es"},{"label":"Productos","link":"https:\/\/www.rucashk.com\/es\/products\/"},{"label":"Logitech","link":"https:\/\/www.rucashk.com\/es\/marca\/logitech\/"},{"label":"Logitech K400 PLUS WIRELESS TOUCH KEYBOARD Keyboards","link":"https:\/\/www.rucashk.com\/es\/producto\/logitech-k400-plus-wireless-touch-keyboard-keyboards\/"}],"_links":{"self":[{"href":"https:\/\/www.rucashk.com\/es\/wp-json\/wp\/v2\/product\/27414","targetHints":{"allow":["GET"]}}],"collection":[{"href":"https:\/\/www.rucashk.com\/es\/wp-json\/wp\/v2\/product"}],"about":[{"href":"https:\/\/www.rucashk.com\/es\/wp-json\/wp\/v2\/types\/product"}],"wp:featuredmedia":[{"embeddable":true,"href":"https:\/\/www.rucashk.com\/es\/wp-json\/wp\/v2\/media\/27537"}],"wp:attachment":[{"href":"https:\/\/www.rucashk.com\/es\/wp-json\/wp\/v2\/media?parent=27414"}],"wp:term":[{"taxonomy":"product_brand","embeddable":true,"href":"https:\/\/www.rucashk.com\/es\/wp-json\/wp\/v2\/product_brand?post=27414"},{"taxonomy":"product_cat","embeddable":true,"href":"https:\/\/www.rucashk.com\/es\/wp-json\/wp\/v2\/product_cat?post=27414"},{"taxonomy":"product_tag","embeddable":true,"href":"https:\/\/www.rucashk.com\/es\/wp-json\/wp\/v2\/product_tag?post=27414"}],"curies":[{"name":"wp","href":"https:\/\/api.w.org\/{rel}","templated":true}]}}