{"id":27370,"date":"2024-01-09T16:40:32","date_gmt":"2024-01-09T16:40:32","guid":{"rendered":"http:\/\/rucashk.com\/?post_type=product&#038;p=27370"},"modified":"2025-06-21T09:30:39","modified_gmt":"2025-06-21T09:30:39","slug":"logitech-pop-keys-keyboards","status":"publish","type":"product","link":"https:\/\/www.rucashk.com\/es\/producto\/logitech-pop-keys-keyboards\/","title":{"rendered":"Teclados Logitech POP KEYS"},"content":{"rendered":"<h2 class=\"h3\" style=\"text-align: center\">SENTIMIENTOS A TU ALCANCE<\/h2>\n<p style=\"text-align: center\">\u00bfFeliz? \u00bfEnojado? \u00bfEnamorado? POP Keys viene con ocho teclas emoji intercambiables que puedes mezclar y combinar f\u00e1cilmente* para adaptarlas a tu estado de \u00e1nimo. Puedes asignarlos a cualquier emoji existente que te guste usando la aplicaci\u00f3n Logi Options+, o tocar la tecla de men\u00fa de emoji para elegir entre toda la gama de emoji mientras chateas con amigos.<\/p>\n<p>&nbsp;<\/p>\n<p><img fetchpriority=\"high\" decoding=\"async\" class=\"wp-image-35844 aligncenter\" src=\"https:\/\/www.rucashk.com\/wp-content\/uploads\/2023\/10\/8b27619da7b99a5eef124ca7579ea65-300x169.png\" alt=\"Logitech POP KEYS Keyboards\" width=\"857\" height=\"483\" \/><\/p>\n<p>&nbsp;<\/p>\n<h2 class=\"h3\" style=\"text-align: center\">CON\u00c9CTATE A TRES DISPOSITIVOS A LA VEZ<\/h2>\n<p style=\"text-align: center\">Libera tu personalidad en m\u00faltiples dispositivos a la vez usando las teclas Easy Switch de POP Keys, que te permiten emparejar hasta 3 dispositivos y cambiar de escritura entre ellos con un solo toque. Con\u00e9ctese a su computadora, tableta o tel\u00e9fono\u00a0<em>usando bluetooth<\/em><sup>\u00ae<\/sup>\u00a0tecnolog\u00eda inal\u00e1mbrica o receptor USB Logi Bolt.<\/p>\n<p style=\"text-align: center\">Funciona en Windows, macOS, Chrome OS, Android, iOS y iPadOS.<\/p>\n<p>&nbsp;<\/p>\n<p><img decoding=\"async\" class=\"wp-image-35845 aligncenter\" src=\"https:\/\/www.rucashk.com\/wp-content\/uploads\/2023\/10\/79f585240a1e41e612db4ec0c12ddeb-300x168.png\" alt=\"Logitech POP KEYS Keyboards\" width=\"857\" height=\"480\" \/><\/p>\n<p>&nbsp;<\/p>\n<h2 class=\"h3\" style=\"text-align: center\">COMPACTO Y C\u00d3MODO<\/h2>\n<p style=\"text-align: center\">Todas las llaves que necesitas en un marco que ahorra espacio. Cuchar\u00f3n<\/p>\n<p style=\"text-align: center\">Las teclas redondas y estilizadas combinan con la forma de las yemas de los dedos para una escritura t\u00e1ctil c\u00f3moda y suave. Adem\u00e1s, el dise\u00f1o compacto de POP Keys le permite colocar el mouse m\u00e1s cerca para alcanzar menos brazos, m\u00e1s comodidad y una mejor postura corporal.<\/p>\n<p>&nbsp;<\/p>\n<p><img decoding=\"async\" class=\"wp-image-35846 aligncenter\" src=\"https:\/\/www.rucashk.com\/wp-content\/uploads\/2023\/10\/8d83304636c3fc80865b70ed3c3cbc0-300x169.png\" alt=\"Logitech POP KEYS Keyboards\" width=\"854\" height=\"481\" \/><\/p>\n<p>&nbsp;<\/p>\n<h2 class=\"h3\" style=\"text-align: center\">TUYO A LARGO PLAZO<\/h2>\n<p style=\"text-align: center\">Al m\u00e1s puro estilo Logitech, POP Keys est\u00e1 dise\u00f1ado para durar. Con una duraci\u00f3n de bater\u00eda de hasta tres a\u00f1os y teclas que pueden soportar hasta 50 millones de pulsaciones (eso es mucho), puedes crear, chatear y expresarte a tu antojo.<\/p>\n<p><img loading=\"lazy\" decoding=\"async\" class=\"wp-image-35847 aligncenter\" src=\"https:\/\/www.rucashk.com\/wp-content\/uploads\/2023\/10\/e0aea940afd9d1d45559e2663a9cf05-300x168.png\" alt=\"Logitech POP KEYS Keyboards\" width=\"855\" height=\"479\" \/><\/p>\n<p>&nbsp;<\/p>\n<h2 class=\"body-copy-title font-title-l font-brown-bold dc-black tc-black mc-black\" style=\"text-align: center\">PRUEBA LA EXPERIENCIA COMPLETA DE AUTOEXPRESI\u00d3N<\/h2>\n<p style=\"text-align: center\">Sea due\u00f1o de su espacio con los accesorios adecuados para llevar su productividad y estilo a nuevos niveles. Descubra POP Mouse, StreamCam, G733 y Logitech Desk Mat.<\/p>\n<p>&nbsp;<\/p>\n<p><img loading=\"lazy\" decoding=\"async\" class=\"wp-image-35848 aligncenter\" src=\"https:\/\/www.rucashk.com\/wp-content\/uploads\/2023\/10\/aae5bc4fcda71766b3ec40a30682885-300x191.png\" alt=\"Logitech POP KEYS Keyboards\" width=\"851\" height=\"542\" \/><\/p>\n<p>&nbsp;<\/p>\n<p>&nbsp;<\/p>\n<h4 class=\"specs-heading\">Especificaciones<\/h4>\n<div class=\"specs-column\">\n<div class=\"specs-group\">\n<div class=\"specs-block\">\n<div class=\"specs-description\"><strong>Tipo de conecci\u00f3n<\/strong>: Bluetooth inal\u00e1mbrico de bajo consumo (Bluetooth 5.1)<\/div>\n<\/div>\n<div class=\"specs-block\">\n<div class=\"specs-description\"><strong>Alcance inal\u00e1mbrico<\/strong>: 10 metros<\/div>\n<\/div>\n<div class=\"specs-block\">\n<div class=\"specs-description\">Interruptores mec\u00e1nicos (marr\u00f3n, t\u00e1ctiles)<\/div>\n<\/div>\n<div class=\"specs-block\">\n<div class=\"specs-description\"><strong>Bater\u00eda<\/strong>: 2 x AAA<\/div>\n<\/div>\n<div class=\"specs-block\">\n<div class=\"specs-description\"><strong>Duraci\u00f3n de la bater\u00eda<\/strong>: 36 meses<\/div>\n<\/div>\n<div class=\"specs-block\">\n<div class=\"specs-description\"><strong>Luces indicadoras (LED)<\/strong>: LED de bater\u00eda, LED de 3 canales Bluetooth, LED de bloqueo de may\u00fasculas<\/div>\n<\/div>\n<div class=\"specs-block\">\n<h5 class=\"specs-title\">Aplicaci\u00f3n de personalizaci\u00f3n<\/h5>\n<ul class=\"specs-description-list\">\n<li>Compatible con Logi Options+ en Windows y macOS<\/li>\n<\/ul>\n<\/div>\n<div class=\"specs-block\">\n<h5 class=\"specs-title\">Sostenibilidad<\/h5>\n<ul class=\"specs-description-list\">\n<li><strong>Pl\u00e1sticos explosivos<\/strong>: 41% material reciclado posconsumo<\/li>\n<li><strong>Pl\u00e1sticos Daydream, Heartbreaker, Mist y Cosmos<\/strong>: 20% material reciclado posconsumo<\/li>\n<\/ul>\n<\/div>\n<div class=\"specs-block\">\n<div class=\"specs-description\">Certificado de neutralidad de carbono<\/div>\n<\/div>\n<\/div>\n<\/div>","protected":false},"excerpt":{"rendered":"<div class=\"specs-block\">\n<div><a href=\"https:\/\/www.logitech.com\/en-gb\/products\/keyboards\/pop-keys-wireless-mechanical.html\" data-analytics-title=\"pop-keys-wireless-mechanical\" aria-current=\"location\">Teclas POP<\/a><\/div>\n<div class=\"specs-description\"><strong>Altura<\/strong>: 138,47 mil\u00edmetros<\/div>\n<\/div>\n<div class=\"specs-block\">\n<div class=\"specs-description\"><strong>Ancho<\/strong>: 321,2 mil\u00edmetros<\/div>\n<\/div>\n<div class=\"specs-block\">\n<div class=\"specs-description\"><strong>Profundidad<\/strong>: 35,4mm<\/div>\n<\/div>\n<div class=\"specs-block\">\n<div class=\"specs-description\"><strong>Peso (con bater\u00edas)<\/strong>: 779 gramos<\/div>\n<\/div>","protected":false},"featured_media":27510,"template":"","meta":[],"product_brand":[1380],"product_cat":[1332,1322],"product_tag":[],"class_list":{"0":"post-27370","1":"product","2":"type-product","3":"status-publish","4":"has-post-thumbnail","6":"product_brand-logitech","7":"product_cat-logitech-other-a-brands","8":"product_cat-other-a-brands","10":"first","11":"instock","12":"shipping-taxable","13":"product-type-simple"},"aioseo_notices":[],"aioseo_head":"\n\t\t<!-- All in One SEO Pro 4.5.9.2 - aioseo.com -->\n\t\t<meta name=\"description\" content=\"POP Keys Height: 138.47 mm Width: 321.2 mm Depth: 35.4 mm Weight (with batteries): 779 g\" \/>\n\t\t<meta name=\"robots\" content=\"max-image-preview:large\" \/>\n\t\t<link rel=\"canonical\" href=\"https:\/\/www.rucashk.com\/es\/producto\/logitech-pop-keys-keyboards\/\" \/>\n\t\t<meta name=\"generator\" content=\"All in One SEO Pro (AIOSEO) 4.5.9.2\" \/>\n\t\t<meta property=\"og:locale\" content=\"es_ES\" \/>\n\t\t<meta property=\"og:site_name\" content=\"Rucas - One-stop AIoT Distribution Worldwide\" \/>\n\t\t<meta property=\"og:type\" content=\"article\" \/>\n\t\t<meta property=\"og:title\" content=\"Logitech POP KEYS Keyboards - Rucas - Wholesale and Distribution\" \/>\n\t\t<meta property=\"og:description\" content=\"POP Keys Height: 138.47 mm Width: 321.2 mm Depth: 35.4 mm Weight (with batteries): 779 g\" \/>\n\t\t<meta property=\"og:url\" content=\"https:\/\/www.rucashk.com\/es\/producto\/logitech-pop-keys-keyboards\/\" \/>\n\t\t<meta property=\"og:image\" content=\"https:\/\/www.rucashk.com\/wp-content\/uploads\/replace\/503b8e645f128a97ccde2b6290747646.jpeg\" \/>\n\t\t<meta property=\"og:image:secure_url\" content=\"https:\/\/www.rucashk.com\/wp-content\/uploads\/replace\/503b8e645f128a97ccde2b6290747646.jpeg\" \/>\n\t\t<meta property=\"og:image:width\" content=\"1456\" \/>\n\t\t<meta property=\"og:image:height\" content=\"816\" \/>\n\t\t<meta property=\"article:published_time\" content=\"2024-01-09T16:40:32+00:00\" \/>\n\t\t<meta property=\"article:modified_time\" content=\"2025-06-21T09:30:39+00:00\" \/>\n\t\t<meta name=\"twitter:card\" content=\"summary_large_image\" \/>\n\t\t<meta name=\"twitter:title\" content=\"Logitech POP KEYS Keyboards - Rucas - Wholesale and Distribution\" \/>\n\t\t<meta name=\"twitter:description\" content=\"POP Keys Height: 138.47 mm Width: 321.2 mm Depth: 35.4 mm Weight (with batteries): 779 g\" \/>\n\t\t<meta name=\"twitter:image\" content=\"https:\/\/www.rucashk.com\/wp-content\/uploads\/replace\/503b8e645f128a97ccde2b6290747646.jpeg\" \/>\n\t\t<script type=\"application\/ld+json\" class=\"aioseo-schema\">\n\t\t\t{\"@context\":\"https:\\\/\\\/schema.org\",\"@graph\":[{\"@type\":\"BreadcrumbList\",\"@id\":\"https:\\\/\\\/www.rucashk.com\\\/es\\\/producto\\\/logitech-pop-keys-keyboards\\\/#breadcrumblist\",\"itemListElement\":[{\"@type\":\"ListItem\",\"@id\":\"https:\\\/\\\/www.rucashk.com\\\/es\\\/#listItem\",\"position\":1,\"name\":\"Home\",\"item\":\"https:\\\/\\\/www.rucashk.com\\\/es\\\/\",\"nextItem\":\"https:\\\/\\\/www.rucashk.com\\\/es\\\/producto\\\/logitech-pop-keys-keyboards\\\/#listItem\"},{\"@type\":\"ListItem\",\"@id\":\"https:\\\/\\\/www.rucashk.com\\\/es\\\/producto\\\/logitech-pop-keys-keyboards\\\/#listItem\",\"position\":2,\"name\":\"Logitech POP KEYS Keyboards\",\"previousItem\":\"https:\\\/\\\/www.rucashk.com\\\/es\\\/#listItem\"}]},{\"@type\":\"Organization\",\"@id\":\"https:\\\/\\\/www.rucashk.com\\\/es\\\/#organization\",\"name\":\"Rucas\",\"url\":\"https:\\\/\\\/www.rucashk.com\\\/es\\\/\",\"logo\":{\"@type\":\"ImageObject\",\"url\":\"https:\\\/\\\/www.rucashk.com\\\/wp-content\\\/uploads\\\/2023\\\/12\\\/Rucas_campany_logo.png\",\"@id\":\"https:\\\/\\\/www.rucashk.com\\\/es\\\/producto\\\/logitech-pop-keys-keyboards\\\/#organizationLogo\",\"width\":221,\"height\":65},\"image\":{\"@id\":\"https:\\\/\\\/www.rucashk.com\\\/es\\\/#organizationLogo\"}},{\"@type\":\"Person\",\"@id\":\"https:\\\/\\\/www.rucashk.com\\\/es\\\/author\\\/admin\\\/#author\",\"url\":\"https:\\\/\\\/www.rucashk.com\\\/es\\\/author\\\/admin\\\/\",\"name\":\"admin\",\"image\":{\"@type\":\"ImageObject\",\"@id\":\"https:\\\/\\\/www.rucashk.com\\\/es\\\/producto\\\/logitech-pop-keys-keyboards\\\/#authorImage\",\"url\":\"https:\\\/\\\/secure.gravatar.com\\\/avatar\\\/b7c8925b09a27e72b30232f8ecaadbd5af0f70a38c78096863fe51b64f031c24?s=96&d=mm&r=g\",\"width\":96,\"height\":96,\"caption\":\"admin\"}},{\"@type\":\"WebPage\",\"@id\":\"https:\\\/\\\/www.rucashk.com\\\/es\\\/producto\\\/logitech-pop-keys-keyboards\\\/#webpage\",\"url\":\"https:\\\/\\\/www.rucashk.com\\\/es\\\/producto\\\/logitech-pop-keys-keyboards\\\/\",\"name\":\"Logitech POP KEYS Keyboards - Rucas - Wholesale and Distribution\",\"description\":\"POP Keys Height: 138.47 mm Width: 321.2 mm Depth: 35.4 mm Weight (with batteries): 779 g\",\"inLanguage\":\"es-ES\",\"isPartOf\":{\"@id\":\"https:\\\/\\\/www.rucashk.com\\\/es\\\/#website\"},\"breadcrumb\":{\"@id\":\"https:\\\/\\\/www.rucashk.com\\\/es\\\/producto\\\/logitech-pop-keys-keyboards\\\/#breadcrumblist\"},\"author\":{\"@id\":\"https:\\\/\\\/www.rucashk.com\\\/es\\\/author\\\/admin\\\/#author\"},\"creator\":{\"@id\":\"https:\\\/\\\/www.rucashk.com\\\/es\\\/author\\\/admin\\\/#author\"},\"image\":{\"@type\":\"ImageObject\",\"url\":\"https:\\\/\\\/www.rucashk.com\\\/wp-content\\\/uploads\\\/2024\\\/01\\\/10001-19-1.jpg\",\"@id\":\"https:\\\/\\\/www.rucashk.com\\\/es\\\/producto\\\/logitech-pop-keys-keyboards\\\/#mainImage\",\"width\":750,\"height\":1000},\"primaryImageOfPage\":{\"@id\":\"https:\\\/\\\/www.rucashk.com\\\/es\\\/producto\\\/logitech-pop-keys-keyboards\\\/#mainImage\"},\"datePublished\":\"2024-01-09T16:40:32+00:00\",\"dateModified\":\"2025-06-21T09:30:39+00:00\"},{\"@type\":\"WebSite\",\"@id\":\"https:\\\/\\\/www.rucashk.com\\\/es\\\/#website\",\"url\":\"https:\\\/\\\/www.rucashk.com\\\/es\\\/\",\"name\":\"Rucas - Wholesale and distribution worldwide\",\"alternateName\":\"Rucas - One-stop AIoT Distribution Worldwide\",\"description\":\"One-stop AIoT Distribution Worldwide\",\"inLanguage\":\"es-ES\",\"publisher\":{\"@id\":\"https:\\\/\\\/www.rucashk.com\\\/es\\\/#organization\"}}]}\n\t\t<\/script>\n\t\t<!-- All in One SEO Pro -->\r\n\t\t<title>Logitech POP KEYS Keyboards - Rucas - Wholesale and Distribution<\/title>\n\n","aioseo_head_json":{"title":"Logitech POP KEYS Keyboards - Rucas - Wholesale and Distribution","description":"POP Keys Height: 138.47 mm Width: 321.2 mm Depth: 35.4 mm Weight (with batteries): 779 g","canonical_url":"https:\/\/www.rucashk.com\/es\/producto\/logitech-pop-keys-keyboards\/","robots":"max-image-preview:large","keywords":"","webmasterTools":{"miscellaneous":""},"og:locale":"es_ES","og:site_name":"Rucas - One-stop AIoT Distribution Worldwide","og:type":"article","og:title":"Logitech POP KEYS Keyboards - Rucas - Wholesale and Distribution","og:description":"POP Keys Height: 138.47 mm Width: 321.2 mm Depth: 35.4 mm Weight (with batteries): 779 g","og:url":"https:\/\/www.rucashk.com\/es\/producto\/logitech-pop-keys-keyboards\/","og:image":"https:\/\/www.rucashk.com\/wp-content\/uploads\/replace\/503b8e645f128a97ccde2b6290747646.jpeg","og:image:secure_url":"https:\/\/www.rucashk.com\/wp-content\/uploads\/replace\/503b8e645f128a97ccde2b6290747646.jpeg","og:image:width":1456,"og:image:height":816,"article:published_time":"2024-01-09T16:40:32+00:00","article:modified_time":"2025-06-21T09:30:39+00:00","twitter:card":"summary_large_image","twitter:title":"Logitech POP KEYS Keyboards - Rucas - Wholesale and Distribution","twitter:description":"POP Keys Height: 138.47 mm Width: 321.2 mm Depth: 35.4 mm Weight (with batteries): 779 g","twitter:image":"https:\/\/www.rucashk.com\/wp-content\/uploads\/replace\/503b8e645f128a97ccde2b6290747646.jpeg","schema":{"@context":"https:\/\/schema.org","@graph":[{"@type":"BreadcrumbList","@id":"https:\/\/www.rucashk.com\/es\/producto\/logitech-pop-keys-keyboards\/#breadcrumblist","itemListElement":[{"@type":"ListItem","@id":"https:\/\/www.rucashk.com\/es\/#listItem","position":1,"name":"Home","item":"https:\/\/www.rucashk.com\/es\/","nextItem":"https:\/\/www.rucashk.com\/es\/producto\/logitech-pop-keys-keyboards\/#listItem"},{"@type":"ListItem","@id":"https:\/\/www.rucashk.com\/es\/producto\/logitech-pop-keys-keyboards\/#listItem","position":2,"name":"Logitech POP KEYS Keyboards","previousItem":"https:\/\/www.rucashk.com\/es\/#listItem"}]},{"@type":"Organization","@id":"https:\/\/www.rucashk.com\/es\/#organization","name":"Rucas","url":"https:\/\/www.rucashk.com\/es\/","logo":{"@type":"ImageObject","url":"https:\/\/www.rucashk.com\/wp-content\/uploads\/2023\/12\/Rucas_campany_logo.png","@id":"https:\/\/www.rucashk.com\/es\/producto\/logitech-pop-keys-keyboards\/#organizationLogo","width":221,"height":65},"image":{"@id":"https:\/\/www.rucashk.com\/es\/#organizationLogo"}},{"@type":"Person","@id":"https:\/\/www.rucashk.com\/es\/author\/admin\/#author","url":"https:\/\/www.rucashk.com\/es\/author\/admin\/","name":"admin","image":{"@type":"ImageObject","@id":"https:\/\/www.rucashk.com\/es\/producto\/logitech-pop-keys-keyboards\/#authorImage","url":"https:\/\/secure.gravatar.com\/avatar\/b7c8925b09a27e72b30232f8ecaadbd5af0f70a38c78096863fe51b64f031c24?s=96&d=mm&r=g","width":96,"height":96,"caption":"admin"}},{"@type":"WebPage","@id":"https:\/\/www.rucashk.com\/es\/producto\/logitech-pop-keys-keyboards\/#webpage","url":"https:\/\/www.rucashk.com\/es\/producto\/logitech-pop-keys-keyboards\/","name":"Logitech POP KEYS Keyboards - Rucas - Wholesale and Distribution","description":"POP Keys Height: 138.47 mm Width: 321.2 mm Depth: 35.4 mm Weight (with batteries): 779 g","inLanguage":"es-ES","isPartOf":{"@id":"https:\/\/www.rucashk.com\/es\/#website"},"breadcrumb":{"@id":"https:\/\/www.rucashk.com\/es\/producto\/logitech-pop-keys-keyboards\/#breadcrumblist"},"author":{"@id":"https:\/\/www.rucashk.com\/es\/author\/admin\/#author"},"creator":{"@id":"https:\/\/www.rucashk.com\/es\/author\/admin\/#author"},"image":{"@type":"ImageObject","url":"https:\/\/www.rucashk.com\/wp-content\/uploads\/2024\/01\/10001-19-1.jpg","@id":"https:\/\/www.rucashk.com\/es\/producto\/logitech-pop-keys-keyboards\/#mainImage","width":750,"height":1000},"primaryImageOfPage":{"@id":"https:\/\/www.rucashk.com\/es\/producto\/logitech-pop-keys-keyboards\/#mainImage"},"datePublished":"2024-01-09T16:40:32+00:00","dateModified":"2025-06-21T09:30:39+00:00"},{"@type":"WebSite","@id":"https:\/\/www.rucashk.com\/es\/#website","url":"https:\/\/www.rucashk.com\/es\/","name":"Rucas - Wholesale and distribution worldwide","alternateName":"Rucas - One-stop AIoT Distribution Worldwide","description":"One-stop AIoT Distribution Worldwide","inLanguage":"es-ES","publisher":{"@id":"https:\/\/www.rucashk.com\/es\/#organization"}}]}},"aioseo_meta_data":{"post_id":"27370","title":null,"description":null,"keywords":null,"keyphrases":null,"primary_term":null,"canonical_url":null,"og_title":null,"og_description":null,"og_object_type":"default","og_image_type":"default","og_image_url":null,"og_image_width":null,"og_image_height":null,"og_image_custom_url":null,"og_image_custom_fields":null,"og_video":"","og_custom_url":null,"og_article_section":null,"og_article_tags":null,"twitter_use_og":false,"twitter_card":"default","twitter_image_type":"default","twitter_image_url":null,"twitter_image_custom_url":null,"twitter_image_custom_fields":null,"twitter_title":null,"twitter_description":null,"schema":{"blockGraphs":[],"customGraphs":[],"default":{"data":{"Article":[],"Course":[],"Dataset":[],"FAQPage":[],"Movie":[],"Person":[],"Product":[],"Recipe":[],"Service":[],"SoftwareApplication":[],"WebPage":[]},"graphName":"","isEnabled":true},"graphs":[]},"schema_type":"default","schema_type_options":null,"pillar_content":false,"robots_default":true,"robots_noindex":false,"robots_noarchive":false,"robots_nosnippet":false,"robots_nofollow":false,"robots_noimageindex":false,"robots_noodp":false,"robots_notranslate":false,"robots_max_snippet":"-1","robots_max_videopreview":"-1","robots_max_imagepreview":"large","priority":null,"frequency":"default","local_seo":null,"breadcrumb_settings":null,"limit_modified_date":false,"created":"2024-04-11 01:57:22","updated":"2025-06-22 18:35:55"},"aioseo_breadcrumb":"<div class=\"aioseo-breadcrumbs\"><span class=\"aioseo-breadcrumb\">\n\t<a href=\"https:\/\/www.rucashk.com\/es\" title=\"Home\">Home<\/a>\n<\/span><span class=\"aioseo-breadcrumb-separator\">&raquo;<\/span><span class=\"aioseo-breadcrumb\">\n\t<a href=\"https:\/\/www.rucashk.com\/es\/products\/\" title=\"Productos\">Productos<\/a>\n<\/span><span class=\"aioseo-breadcrumb-separator\">&raquo;<\/span><span class=\"aioseo-breadcrumb\">\n\t<a href=\"https:\/\/www.rucashk.com\/es\/marca\/logitech\/\" title=\"Logitech\">Logitech<\/a>\n<\/span><span class=\"aioseo-breadcrumb-separator\">&raquo;<\/span><span class=\"aioseo-breadcrumb\">\n\tLogitech POP KEYS Keyboards\n<\/span><\/div>","aioseo_breadcrumb_json":[{"label":"Home","link":"https:\/\/www.rucashk.com\/es"},{"label":"Productos","link":"https:\/\/www.rucashk.com\/es\/products\/"},{"label":"Logitech","link":"https:\/\/www.rucashk.com\/es\/marca\/logitech\/"},{"label":"Logitech POP KEYS Keyboards","link":"https:\/\/www.rucashk.com\/es\/producto\/logitech-pop-keys-keyboards\/"}],"_links":{"self":[{"href":"https:\/\/www.rucashk.com\/es\/wp-json\/wp\/v2\/product\/27370","targetHints":{"allow":["GET"]}}],"collection":[{"href":"https:\/\/www.rucashk.com\/es\/wp-json\/wp\/v2\/product"}],"about":[{"href":"https:\/\/www.rucashk.com\/es\/wp-json\/wp\/v2\/types\/product"}],"wp:featuredmedia":[{"embeddable":true,"href":"https:\/\/www.rucashk.com\/es\/wp-json\/wp\/v2\/media\/27510"}],"wp:attachment":[{"href":"https:\/\/www.rucashk.com\/es\/wp-json\/wp\/v2\/media?parent=27370"}],"wp:term":[{"taxonomy":"product_brand","embeddable":true,"href":"https:\/\/www.rucashk.com\/es\/wp-json\/wp\/v2\/product_brand?post=27370"},{"taxonomy":"product_cat","embeddable":true,"href":"https:\/\/www.rucashk.com\/es\/wp-json\/wp\/v2\/product_cat?post=27370"},{"taxonomy":"product_tag","embeddable":true,"href":"https:\/\/www.rucashk.com\/es\/wp-json\/wp\/v2\/product_tag?post=27370"}],"curies":[{"name":"wp","href":"https:\/\/api.w.org\/{rel}","templated":true}]}}