{"id":27369,"date":"2024-01-09T16:40:32","date_gmt":"2024-01-09T16:40:32","guid":{"rendered":"http:\/\/rucashk.com\/?post_type=product&#038;p=27369"},"modified":"2025-06-21T09:30:54","modified_gmt":"2025-06-21T09:30:54","slug":"logitech-ergo-k860-keyboards","status":"publish","type":"product","link":"https:\/\/www.rucashk.com\/es\/producto\/logitech-ergo-k860-keyboards\/","title":{"rendered":"Teclados Logitech ERGO K860"},"content":{"rendered":"<div align=\"start\">\n<h2 class=\"font-title-l js-title\" style=\"text-align: center\">PRECISI\u00d3N SIN ESFUERZO CON TECLAS DE CARRERA PERFECTA<\/h2>\n<div class=\"body-copy-ctn js-body-copy-ctn rte-field\">\n<p style=\"text-align: center\">Una experiencia de escritura fluida y ultraprecisa sin comprometer la velocidad y la precisi\u00f3n. Sus dedos se deslizan sin esfuerzo por la superficie mate de las teclas y los detalles t\u00e1ctiles facilitan la orientaci\u00f3n de los dedos y la concentraci\u00f3n. El dise\u00f1o dividido y la curva convexa promueven una colocaci\u00f3n m\u00e1s natural de la mano y los dedos.<\/p>\n<\/div>\n<div><img decoding=\"async\" alt=\"Logitech ERGO K860 Keyboards\" class=\"aligncenter\" src=\"\/wp-content\/uploads\/replace\/c0004f7d048a1ebf4f3437d1b822c0e5.jpeg\" \/><\/div>\n<div><\/div>\n<\/div>\n<div align=\"start\">\n<h2 class=\"font-title-m js-title\" style=\"text-align: center\">TRABAJA MEJOR. TRABAJAR M\u00c1S SALUDABLE.<\/h2>\n<div class=\"body-copy-ctn js-body-copy-ctn rte-field\">\n<p style=\"text-align: center\">Rinda al m\u00e1ximo con la soluci\u00f3n ergon\u00f3mica avanzada que incluye una combinaci\u00f3n de teclado y mouse ergon\u00f3micos, adem\u00e1s de la c\u00e1mara web y los auriculares adecuados para una buena postura durante las llamadas.<\/p>\n<\/div>\n<\/div>\n<div align=\"start\">\n<div>\n<img decoding=\"async\" alt=\"Logitech ERGO K860 Keyboards\" class=\"aligncenter\" src=\"\/wp-content\/uploads\/replace\/303c0c2683445545c4e63200267ac54d.jpeg\" \/><\/div>\n<\/div>\n<div align=\"start\">\n<div data-spm-anchor-id=\"a2g0o.detail.1000023.i0.24e61193Wk4A99\"><\/div>\n<h2 style=\"text-align: center\">Escritura ultraprecisa con teclas de trazo perfecto<\/h2>\n<p style=\"text-align: center\">Escriba con confianza en teclas dise\u00f1adas para brindar precisi\u00f3n y fluidez. Los dedos se deslizan sin esfuerzo por la superficie mate de las teclas. Y las teclas redondeadas facilitan la orientaci\u00f3n de los dedos y la concentraci\u00f3n.<\/p>\n<div>\n<img decoding=\"async\" alt=\"Logitech ERGO K860 Keyboards\" class=\"aligncenter\" src=\"\/wp-content\/uploads\/replace\/3538a12d6caaec1d0b6ad83def400021.jpeg\" \/><\/div>\n<\/div>\n<div align=\"start\">\n<div><\/div>\n<h2 style=\"text-align: center\">54% M\u00e1s soporte para mu\u00f1eca<\/h2>\n<p style=\"text-align: center\">El reposamu\u00f1ecas acolchado coloca los brazos justo encima del teclado, lo que ofrece 54% m\u00e1s soporte para las mu\u00f1ecas y al mismo tiempo evita la tensi\u00f3n y reduce la flexi\u00f3n de las mu\u00f1ecas 25%.<\/p>\n<div>\n<img decoding=\"async\" alt=\"Logitech ERGO K860 Keyboards\" class=\"aligncenter\" src=\"\/wp-content\/uploads\/replace\/1994d2e34c3f9e28557bcea0bcb66fba.jpeg\" \/><\/div>\n<\/div>\n<div align=\"start\">\n<div><\/div>\n<h2 style=\"text-align: center\">3 capas de comodidad<\/h2>\n<p>El ERGO K860 viene con tres capas separadas: 1. Tela con revestimiento resistente a las manchas y f\u00e1cil de limpiar; 2. Admite espuma de alta densidad para una sensaci\u00f3n firme; 3. Espuma viscoel\u00e1stica c\u00f3moda para un confort sostenido.<\/p>\n<div>\n<img decoding=\"async\" alt=\"Logitech ERGO K860 Keyboards\" class=\"aligncenter\" src=\"\/wp-content\/uploads\/replace\/5050daa9552d69dc607ebaa0c3e871b8.jpeg\" \/><\/div>\n<\/div>\n<div align=\"start\">\n<h2><\/h2>\n<h2 style=\"text-align: center\">Elevaci\u00f3n de palma ajustable<\/h2>\n<p style=\"text-align: center\">Mantenga sus mu\u00f1ecas en una posici\u00f3n natural y c\u00f3moda, ya sea sentado o de pie, con una innovadora funci\u00f3n de elevaci\u00f3n de la palma. Incline las piernas de 0\u00b0, -4\u00b0 y -7\u00b0 y levante las palmas de las manos hasta alcanzar una posici\u00f3n ergon\u00f3mica \u00f3ptima.<\/p>\n<div>\n<img decoding=\"async\" alt=\"Logitech ERGO K860 Keyboards\" class=\"aligncenter\" src=\"\/wp-content\/uploads\/replace\/b4de75f49fe3e1d5bf6e8a63d2e4528b.jpeg\" \/><\/div>\n<\/div>\n<div><\/div>\n<div><\/div>\n<div>\n<h4 class=\"specs-heading\">Especificaciones<\/h4>\n<div class=\"specs-column\">\n<div class=\"specs-group\">\n<div class=\"specs-block\">\n<h5 class=\"specs-title\">Soporte de conexi\u00f3n<\/h5>\n<ul class=\"specs-description-list\">\n<li>Receptor USB<\/li>\n<li>Tecnolog\u00eda Bluetooth de bajo consumo<\/li>\n<\/ul>\n<\/div>\n<div class=\"specs-block\">\n<h5 class=\"specs-title\">Aplicaci\u00f3n de personalizaci\u00f3n<\/h5>\n<ul class=\"specs-description-list\">\n<li>Compatible con Logi Options+ en Windows y macOS<\/li>\n<\/ul>\n<\/div>\n<div class=\"specs-block\">\n<h5 class=\"specs-title\">Tipo de Bater\u00eda<\/h5>\n<ul class=\"specs-description-list\">\n<li>2 pilas AAA<\/li>\n<\/ul>\n<\/div>\n<div class=\"specs-block\">\n<h5 class=\"specs-title\">Alcance inal\u00e1mbrico<\/h5>\n<ul class=\"specs-description-list\">\n<li>Alcance inal\u00e1mbrico de 10 m<\/li>\n<li>Encriptaci\u00f3n inal\u00e1mbrica<\/li>\n<\/ul>\n<\/div>\n<div class=\"specs-block\">\n<h5 class=\"specs-title\">Sostenibilidad<\/h5>\n<ul class=\"specs-description-list\">\n<li><strong>Pl\u00e1sticos de grafito<\/strong>: 71% material reciclado posconsumo<\/li>\n<li><strong>Embalajes de papel<\/strong>: Certificado FSC\u2122<\/li>\n<\/ul>\n<\/div>\n<div class=\"specs-block\">\n<div class=\"specs-description\">Certificado de neutralidad de carbono<\/div>\n<\/div>\n<\/div>\n<\/div>\n<\/div>","protected":false},"excerpt":{"rendered":"<div class=\"specs-block\">\n<div>\n<p class=\"sec-nav-title\"><a class=\"sec-nav-title-link\" href=\"https:\/\/www.logitech.com\/en-gb\/products\/keyboards\/k860-split-ergonomic.html\" data-analytics-title=\"contentlogitechenproductskeyboardsk860-split-ergonomic\">ERGO K860<\/a><\/p>\n<\/div>\n<div class=\"specs-description\"><strong>Altura<\/strong>: 233 mil\u00edmetros<\/div>\n<\/div>\n<div class=\"specs-block\">\n<div class=\"specs-description\"><strong>Ancho<\/strong>: 456 mil\u00edmetros<\/div>\n<\/div>\n<div class=\"specs-block\">\n<div class=\"specs-description\"><strong>Profundidad<\/strong>: 48mm<\/div>\n<\/div>\n<div class=\"specs-block\">\n<div class=\"specs-description\"><strong>Peso<\/strong>: 1160 gramos<\/div>\n<\/div>","protected":false},"featured_media":27506,"template":"","meta":[],"product_brand":[1380],"product_cat":[1332,1322],"product_tag":[],"class_list":{"0":"post-27369","1":"product","2":"type-product","3":"status-publish","4":"has-post-thumbnail","6":"product_brand-logitech","7":"product_cat-logitech-other-a-brands","8":"product_cat-other-a-brands","10":"first","11":"instock","12":"shipping-taxable","13":"product-type-simple"},"aioseo_notices":[],"aioseo_head":"\n\t\t<!-- All in One SEO Pro 4.5.9.2 - aioseo.com -->\n\t\t<meta name=\"description\" content=\"ERGO K860 Height: 233 mm Width: 456 mm Depth: 48 mm Weight: 1160 g\" \/>\n\t\t<meta name=\"robots\" content=\"max-image-preview:large\" \/>\n\t\t<link rel=\"canonical\" href=\"https:\/\/www.rucashk.com\/es\/producto\/logitech-ergo-k860-keyboards\/\" \/>\n\t\t<meta name=\"generator\" content=\"All in One SEO Pro (AIOSEO) 4.5.9.2\" \/>\n\t\t<meta property=\"og:locale\" content=\"es_ES\" \/>\n\t\t<meta property=\"og:site_name\" content=\"Rucas - One-stop AIoT Distribution Worldwide\" \/>\n\t\t<meta property=\"og:type\" content=\"article\" \/>\n\t\t<meta property=\"og:title\" content=\"Logitech ERGO K860 Keyboards - Rucas - Wholesale and Distribution\" \/>\n\t\t<meta property=\"og:description\" content=\"ERGO K860 Height: 233 mm Width: 456 mm Depth: 48 mm Weight: 1160 g\" \/>\n\t\t<meta property=\"og:url\" content=\"https:\/\/www.rucashk.com\/es\/producto\/logitech-ergo-k860-keyboards\/\" \/>\n\t\t<meta property=\"og:image\" content=\"https:\/\/www.rucashk.com\/wp-content\/uploads\/replace\/503b8e645f128a97ccde2b6290747646.jpeg\" \/>\n\t\t<meta property=\"og:image:secure_url\" content=\"https:\/\/www.rucashk.com\/wp-content\/uploads\/replace\/503b8e645f128a97ccde2b6290747646.jpeg\" \/>\n\t\t<meta property=\"og:image:width\" content=\"1456\" \/>\n\t\t<meta property=\"og:image:height\" content=\"816\" \/>\n\t\t<meta property=\"article:published_time\" content=\"2024-01-09T16:40:32+00:00\" \/>\n\t\t<meta property=\"article:modified_time\" content=\"2025-06-21T09:30:54+00:00\" \/>\n\t\t<meta name=\"twitter:card\" content=\"summary_large_image\" \/>\n\t\t<meta name=\"twitter:title\" content=\"Logitech ERGO K860 Keyboards - Rucas - Wholesale and Distribution\" \/>\n\t\t<meta name=\"twitter:description\" content=\"ERGO K860 Height: 233 mm Width: 456 mm Depth: 48 mm Weight: 1160 g\" \/>\n\t\t<meta name=\"twitter:image\" content=\"https:\/\/www.rucashk.com\/wp-content\/uploads\/replace\/503b8e645f128a97ccde2b6290747646.jpeg\" \/>\n\t\t<script type=\"application\/ld+json\" class=\"aioseo-schema\">\n\t\t\t{\"@context\":\"https:\\\/\\\/schema.org\",\"@graph\":[{\"@type\":\"BreadcrumbList\",\"@id\":\"https:\\\/\\\/www.rucashk.com\\\/es\\\/producto\\\/logitech-ergo-k860-keyboards\\\/#breadcrumblist\",\"itemListElement\":[{\"@type\":\"ListItem\",\"@id\":\"https:\\\/\\\/www.rucashk.com\\\/es\\\/#listItem\",\"position\":1,\"name\":\"Home\",\"item\":\"https:\\\/\\\/www.rucashk.com\\\/es\\\/\",\"nextItem\":\"https:\\\/\\\/www.rucashk.com\\\/es\\\/producto\\\/logitech-ergo-k860-keyboards\\\/#listItem\"},{\"@type\":\"ListItem\",\"@id\":\"https:\\\/\\\/www.rucashk.com\\\/es\\\/producto\\\/logitech-ergo-k860-keyboards\\\/#listItem\",\"position\":2,\"name\":\"Logitech ERGO K860 Keyboards\",\"previousItem\":\"https:\\\/\\\/www.rucashk.com\\\/es\\\/#listItem\"}]},{\"@type\":\"Organization\",\"@id\":\"https:\\\/\\\/www.rucashk.com\\\/es\\\/#organization\",\"name\":\"Rucas\",\"url\":\"https:\\\/\\\/www.rucashk.com\\\/es\\\/\",\"logo\":{\"@type\":\"ImageObject\",\"url\":\"https:\\\/\\\/www.rucashk.com\\\/wp-content\\\/uploads\\\/2023\\\/12\\\/Rucas_campany_logo.png\",\"@id\":\"https:\\\/\\\/www.rucashk.com\\\/es\\\/producto\\\/logitech-ergo-k860-keyboards\\\/#organizationLogo\",\"width\":221,\"height\":65},\"image\":{\"@id\":\"https:\\\/\\\/www.rucashk.com\\\/es\\\/#organizationLogo\"}},{\"@type\":\"Person\",\"@id\":\"https:\\\/\\\/www.rucashk.com\\\/es\\\/author\\\/admin\\\/#author\",\"url\":\"https:\\\/\\\/www.rucashk.com\\\/es\\\/author\\\/admin\\\/\",\"name\":\"admin\",\"image\":{\"@type\":\"ImageObject\",\"@id\":\"https:\\\/\\\/www.rucashk.com\\\/es\\\/producto\\\/logitech-ergo-k860-keyboards\\\/#authorImage\",\"url\":\"https:\\\/\\\/secure.gravatar.com\\\/avatar\\\/b7c8925b09a27e72b30232f8ecaadbd5af0f70a38c78096863fe51b64f031c24?s=96&d=mm&r=g\",\"width\":96,\"height\":96,\"caption\":\"admin\"}},{\"@type\":\"WebPage\",\"@id\":\"https:\\\/\\\/www.rucashk.com\\\/es\\\/producto\\\/logitech-ergo-k860-keyboards\\\/#webpage\",\"url\":\"https:\\\/\\\/www.rucashk.com\\\/es\\\/producto\\\/logitech-ergo-k860-keyboards\\\/\",\"name\":\"Logitech ERGO K860 Keyboards - Rucas - Wholesale and Distribution\",\"description\":\"ERGO K860 Height: 233 mm Width: 456 mm Depth: 48 mm Weight: 1160 g\",\"inLanguage\":\"es-ES\",\"isPartOf\":{\"@id\":\"https:\\\/\\\/www.rucashk.com\\\/es\\\/#website\"},\"breadcrumb\":{\"@id\":\"https:\\\/\\\/www.rucashk.com\\\/es\\\/producto\\\/logitech-ergo-k860-keyboards\\\/#breadcrumblist\"},\"author\":{\"@id\":\"https:\\\/\\\/www.rucashk.com\\\/es\\\/author\\\/admin\\\/#author\"},\"creator\":{\"@id\":\"https:\\\/\\\/www.rucashk.com\\\/es\\\/author\\\/admin\\\/#author\"},\"image\":{\"@type\":\"ImageObject\",\"url\":\"https:\\\/\\\/www.rucashk.com\\\/wp-content\\\/uploads\\\/2024\\\/01\\\/10004-8.webp\",\"@id\":\"https:\\\/\\\/www.rucashk.com\\\/es\\\/producto\\\/logitech-ergo-k860-keyboards\\\/#mainImage\",\"width\":800,\"height\":800},\"primaryImageOfPage\":{\"@id\":\"https:\\\/\\\/www.rucashk.com\\\/es\\\/producto\\\/logitech-ergo-k860-keyboards\\\/#mainImage\"},\"datePublished\":\"2024-01-09T16:40:32+00:00\",\"dateModified\":\"2025-06-21T09:30:54+00:00\"},{\"@type\":\"WebSite\",\"@id\":\"https:\\\/\\\/www.rucashk.com\\\/es\\\/#website\",\"url\":\"https:\\\/\\\/www.rucashk.com\\\/es\\\/\",\"name\":\"Rucas - Wholesale and distribution worldwide\",\"alternateName\":\"Rucas - One-stop AIoT Distribution Worldwide\",\"description\":\"One-stop AIoT Distribution Worldwide\",\"inLanguage\":\"es-ES\",\"publisher\":{\"@id\":\"https:\\\/\\\/www.rucashk.com\\\/es\\\/#organization\"}}]}\n\t\t<\/script>\n\t\t<!-- All in One SEO Pro -->\r\n\t\t<title>Logitech ERGO K860 Keyboards - Rucas - Wholesale and Distribution<\/title>\n\n","aioseo_head_json":{"title":"Logitech ERGO K860 Keyboards - Rucas - Wholesale and Distribution","description":"ERGO K860 Height: 233 mm Width: 456 mm Depth: 48 mm Weight: 1160 g","canonical_url":"https:\/\/www.rucashk.com\/es\/producto\/logitech-ergo-k860-keyboards\/","robots":"max-image-preview:large","keywords":"","webmasterTools":{"miscellaneous":""},"og:locale":"es_ES","og:site_name":"Rucas - One-stop AIoT Distribution Worldwide","og:type":"article","og:title":"Logitech ERGO K860 Keyboards - Rucas - Wholesale and Distribution","og:description":"ERGO K860 Height: 233 mm Width: 456 mm Depth: 48 mm Weight: 1160 g","og:url":"https:\/\/www.rucashk.com\/es\/producto\/logitech-ergo-k860-keyboards\/","og:image":"https:\/\/www.rucashk.com\/wp-content\/uploads\/replace\/503b8e645f128a97ccde2b6290747646.jpeg","og:image:secure_url":"https:\/\/www.rucashk.com\/wp-content\/uploads\/replace\/503b8e645f128a97ccde2b6290747646.jpeg","og:image:width":1456,"og:image:height":816,"article:published_time":"2024-01-09T16:40:32+00:00","article:modified_time":"2025-06-21T09:30:54+00:00","twitter:card":"summary_large_image","twitter:title":"Logitech ERGO K860 Keyboards - Rucas - Wholesale and Distribution","twitter:description":"ERGO K860 Height: 233 mm Width: 456 mm Depth: 48 mm Weight: 1160 g","twitter:image":"https:\/\/www.rucashk.com\/wp-content\/uploads\/replace\/503b8e645f128a97ccde2b6290747646.jpeg","schema":{"@context":"https:\/\/schema.org","@graph":[{"@type":"BreadcrumbList","@id":"https:\/\/www.rucashk.com\/es\/producto\/logitech-ergo-k860-keyboards\/#breadcrumblist","itemListElement":[{"@type":"ListItem","@id":"https:\/\/www.rucashk.com\/es\/#listItem","position":1,"name":"Home","item":"https:\/\/www.rucashk.com\/es\/","nextItem":"https:\/\/www.rucashk.com\/es\/producto\/logitech-ergo-k860-keyboards\/#listItem"},{"@type":"ListItem","@id":"https:\/\/www.rucashk.com\/es\/producto\/logitech-ergo-k860-keyboards\/#listItem","position":2,"name":"Logitech ERGO K860 Keyboards","previousItem":"https:\/\/www.rucashk.com\/es\/#listItem"}]},{"@type":"Organization","@id":"https:\/\/www.rucashk.com\/es\/#organization","name":"Rucas","url":"https:\/\/www.rucashk.com\/es\/","logo":{"@type":"ImageObject","url":"https:\/\/www.rucashk.com\/wp-content\/uploads\/2023\/12\/Rucas_campany_logo.png","@id":"https:\/\/www.rucashk.com\/es\/producto\/logitech-ergo-k860-keyboards\/#organizationLogo","width":221,"height":65},"image":{"@id":"https:\/\/www.rucashk.com\/es\/#organizationLogo"}},{"@type":"Person","@id":"https:\/\/www.rucashk.com\/es\/author\/admin\/#author","url":"https:\/\/www.rucashk.com\/es\/author\/admin\/","name":"admin","image":{"@type":"ImageObject","@id":"https:\/\/www.rucashk.com\/es\/producto\/logitech-ergo-k860-keyboards\/#authorImage","url":"https:\/\/secure.gravatar.com\/avatar\/b7c8925b09a27e72b30232f8ecaadbd5af0f70a38c78096863fe51b64f031c24?s=96&d=mm&r=g","width":96,"height":96,"caption":"admin"}},{"@type":"WebPage","@id":"https:\/\/www.rucashk.com\/es\/producto\/logitech-ergo-k860-keyboards\/#webpage","url":"https:\/\/www.rucashk.com\/es\/producto\/logitech-ergo-k860-keyboards\/","name":"Logitech ERGO K860 Keyboards - Rucas - Wholesale and Distribution","description":"ERGO K860 Height: 233 mm Width: 456 mm Depth: 48 mm Weight: 1160 g","inLanguage":"es-ES","isPartOf":{"@id":"https:\/\/www.rucashk.com\/es\/#website"},"breadcrumb":{"@id":"https:\/\/www.rucashk.com\/es\/producto\/logitech-ergo-k860-keyboards\/#breadcrumblist"},"author":{"@id":"https:\/\/www.rucashk.com\/es\/author\/admin\/#author"},"creator":{"@id":"https:\/\/www.rucashk.com\/es\/author\/admin\/#author"},"image":{"@type":"ImageObject","url":"https:\/\/www.rucashk.com\/wp-content\/uploads\/2024\/01\/10004-8.webp","@id":"https:\/\/www.rucashk.com\/es\/producto\/logitech-ergo-k860-keyboards\/#mainImage","width":800,"height":800},"primaryImageOfPage":{"@id":"https:\/\/www.rucashk.com\/es\/producto\/logitech-ergo-k860-keyboards\/#mainImage"},"datePublished":"2024-01-09T16:40:32+00:00","dateModified":"2025-06-21T09:30:54+00:00"},{"@type":"WebSite","@id":"https:\/\/www.rucashk.com\/es\/#website","url":"https:\/\/www.rucashk.com\/es\/","name":"Rucas - Wholesale and distribution worldwide","alternateName":"Rucas - One-stop AIoT Distribution Worldwide","description":"One-stop AIoT Distribution Worldwide","inLanguage":"es-ES","publisher":{"@id":"https:\/\/www.rucashk.com\/es\/#organization"}}]}},"aioseo_meta_data":{"post_id":"27369","title":null,"description":null,"keywords":null,"keyphrases":null,"primary_term":null,"canonical_url":null,"og_title":null,"og_description":null,"og_object_type":"default","og_image_type":"default","og_image_url":null,"og_image_width":null,"og_image_height":null,"og_image_custom_url":null,"og_image_custom_fields":null,"og_video":"","og_custom_url":null,"og_article_section":null,"og_article_tags":null,"twitter_use_og":false,"twitter_card":"default","twitter_image_type":"default","twitter_image_url":null,"twitter_image_custom_url":null,"twitter_image_custom_fields":null,"twitter_title":null,"twitter_description":null,"schema":{"blockGraphs":[],"customGraphs":[],"default":{"data":{"Article":[],"Course":[],"Dataset":[],"FAQPage":[],"Movie":[],"Person":[],"Product":[],"Recipe":[],"Service":[],"SoftwareApplication":[],"WebPage":[]},"graphName":"","isEnabled":true},"graphs":[]},"schema_type":"default","schema_type_options":null,"pillar_content":false,"robots_default":true,"robots_noindex":false,"robots_noarchive":false,"robots_nosnippet":false,"robots_nofollow":false,"robots_noimageindex":false,"robots_noodp":false,"robots_notranslate":false,"robots_max_snippet":"-1","robots_max_videopreview":"-1","robots_max_imagepreview":"large","priority":null,"frequency":"default","local_seo":null,"breadcrumb_settings":null,"limit_modified_date":false,"created":"2024-04-11 01:57:22","updated":"2025-06-22 18:35:55"},"aioseo_breadcrumb":"<div class=\"aioseo-breadcrumbs\"><span class=\"aioseo-breadcrumb\">\n\t<a href=\"https:\/\/www.rucashk.com\/es\" title=\"Home\">Home<\/a>\n<\/span><span class=\"aioseo-breadcrumb-separator\">&raquo;<\/span><span class=\"aioseo-breadcrumb\">\n\t<a href=\"https:\/\/www.rucashk.com\/es\/products\/\" title=\"Productos\">Productos<\/a>\n<\/span><span class=\"aioseo-breadcrumb-separator\">&raquo;<\/span><span class=\"aioseo-breadcrumb\">\n\t<a href=\"https:\/\/www.rucashk.com\/es\/marca\/logitech\/\" title=\"Logitech\">Logitech<\/a>\n<\/span><span class=\"aioseo-breadcrumb-separator\">&raquo;<\/span><span class=\"aioseo-breadcrumb\">\n\tLogitech ERGO K860 Keyboards\n<\/span><\/div>","aioseo_breadcrumb_json":[{"label":"Home","link":"https:\/\/www.rucashk.com\/es"},{"label":"Productos","link":"https:\/\/www.rucashk.com\/es\/products\/"},{"label":"Logitech","link":"https:\/\/www.rucashk.com\/es\/marca\/logitech\/"},{"label":"Logitech ERGO K860 Keyboards","link":"https:\/\/www.rucashk.com\/es\/producto\/logitech-ergo-k860-keyboards\/"}],"_links":{"self":[{"href":"https:\/\/www.rucashk.com\/es\/wp-json\/wp\/v2\/product\/27369","targetHints":{"allow":["GET"]}}],"collection":[{"href":"https:\/\/www.rucashk.com\/es\/wp-json\/wp\/v2\/product"}],"about":[{"href":"https:\/\/www.rucashk.com\/es\/wp-json\/wp\/v2\/types\/product"}],"wp:featuredmedia":[{"embeddable":true,"href":"https:\/\/www.rucashk.com\/es\/wp-json\/wp\/v2\/media\/27506"}],"wp:attachment":[{"href":"https:\/\/www.rucashk.com\/es\/wp-json\/wp\/v2\/media?parent=27369"}],"wp:term":[{"taxonomy":"product_brand","embeddable":true,"href":"https:\/\/www.rucashk.com\/es\/wp-json\/wp\/v2\/product_brand?post=27369"},{"taxonomy":"product_cat","embeddable":true,"href":"https:\/\/www.rucashk.com\/es\/wp-json\/wp\/v2\/product_cat?post=27369"},{"taxonomy":"product_tag","embeddable":true,"href":"https:\/\/www.rucashk.com\/es\/wp-json\/wp\/v2\/product_tag?post=27369"}],"curies":[{"name":"wp","href":"https:\/\/api.w.org\/{rel}","templated":true}]}}