{"id":27368,"date":"2024-01-09T16:40:32","date_gmt":"2024-01-09T16:40:32","guid":{"rendered":"http:\/\/rucashk.com\/?post_type=product&#038;p=27368"},"modified":"2025-06-21T09:30:46","modified_gmt":"2025-06-21T09:30:46","slug":"logitech-mx-keys-mini-keyboards","status":"publish","type":"product","link":"https:\/\/www.rucashk.com\/es\/producto\/logitech-mx-keys-mini-keyboards\/","title":{"rendered":"Miniteclados Logitech MX Keys"},"content":{"rendered":"<h2 class=\"body-copy-title font-title-m font-brown-bold\" style=\"text-align: center\">DOMINARLO. CON UN MINI.<\/h2>\n<p style=\"text-align: center\">Conoce MX Keys Mini: un teclado minimalista creado para creadores.<br \/>\nUn factor de forma m\u00e1s peque\u00f1o y teclas m\u00e1s inteligentes dan como resultado una forma m\u00e1s poderosa de crear, hacer y hacer.<\/p>\n<p style=\"text-align: center\">\n<p align=\"start\"><img decoding=\"async\" class=\"aligncenter\" src=\"\/wp-content\/uploads\/replace\/774df2359220af1ae57911cab0c0e726.jpeg\" alt=\"Logitech MX Keys Mini Keyboards\" \/><\/p>\n<div><\/div>\n<h2 class=\"font-title-m js-title\" style=\"text-align: center\">TAMA\u00d1O MINI, GRAN COMODIDAD<\/h2>\n<div class=\"body-copy-ctn js-body-copy-ctn rte-field\" style=\"text-align: center\">\n<p>Trabaja en un teclado minimalista que pone cada tecla, comando y atajo a tu alcance.<br \/>\nEl factor de forma minimalista alinea sus hombros y le permite colocar el mouse m\u00e1s cerca del teclado para alcanzar menos manos, para una mejor postura y una mejor ergonom\u00eda.<\/p>\n<\/div>\n<div style=\"text-align: center\"><\/div>\n<p align=\"start\"><img decoding=\"async\" class=\"aligncenter\" src=\"\/wp-content\/uploads\/replace\/057400b33907410fa9c9b9f628f88764.png\" alt=\"Logitech MX Keys Mini Keyboards\" \/><\/p>\n<div><\/div>\n<h2 class=\"font-title-m js-title\" style=\"text-align: center\">TIPIFICACI\u00d3N ULTRAFLUIDA<\/h2>\n<div class=\"body-copy-ctn js-body-copy-ctn rte-field\" style=\"text-align: center\">\n<p>Cada pulsaci\u00f3n de tecla es fluida, natural y precisa en MX Keys Mini.<br \/>\nLa mayor estabilidad de las teclas reduce el ruido y optimiza la capacidad de respuesta para que sientas (pero no escuches) cada pulsaci\u00f3n de tecla. Y todo el cuerpo de MX Keys Mini se mantiene unido mediante una sola placa de metal, para una construcci\u00f3n notablemente s\u00f3lida que nunca se desliza alrededor de su escritorio.<\/p>\n<\/div>\n<div style=\"text-align: center\"><\/div>\n<p align=\"start\"><img decoding=\"async\" class=\"aligncenter\" src=\"\/wp-content\/uploads\/replace\/80b3d266d8b4397b4ee0615f187da1cb.png\" alt=\"Logitech MX Keys Mini Keyboards\" \/><\/p>\n<div><\/div>\n<h2 class=\"font-title-m js-title\" style=\"text-align: center\">ILUMINACI\u00d3N INTELIGENTE. HECHO M\u00c1S INTELIGENTE.<\/h2>\n<div class=\"body-copy-ctn js-body-copy-ctn rte-field\" style=\"text-align: center\">\n<p>Los sensores de proximidad detectan tus manos e iluminan el teclado en el momento en que tus dedos se acercan. Las teclas retroiluminadas se ajustan autom\u00e1ticamente a las condiciones de iluminaci\u00f3n y se apagan cuando te alejas, ahorrando energ\u00eda para esos momentos de inspiraci\u00f3n.<\/p>\n<p>La intensidad de la retroiluminaci\u00f3n se adapta autom\u00e1ticamente a las condiciones de iluminaci\u00f3n o se puede configurar manualmente.<\/p>\n<p>&nbsp;<\/p>\n<\/div>\n<p align=\"start\"><img decoding=\"async\" class=\"aligncenter\" src=\"\/wp-content\/uploads\/replace\/b67d4c928ebe02f910f9673de9a7b603.jpeg\" alt=\"Logitech MX Keys Mini Keyboards\" \/><\/p>\n<div><\/div>\n<h2 class=\"font-hero-s js-title\" style=\"text-align: center\">CARGA R\u00c1PIDO, CON\u00c9CTATE M\u00c1S R\u00c1PIDO<\/h2>\n<div class=\"body-copy-ctn js-body-copy-ctn rte-field\">\n<p style=\"text-align: center\">MX Keys Mini permanece encendido hasta 10 d\u00edas con una carga completa, o hasta 5 meses con la retroiluminaci\u00f3n apagada. Utilice el cable de carga USB-C para recargar la energ\u00eda.<\/p>\n<p style=\"text-align: center\">Empareje f\u00e1cilmente MX Keys Mini con hasta tres dispositivos a la vez a trav\u00e9s de\u00a0<em>Bluetooth<sup>\u00ae<\/sup><\/em>\u00a0Bajo consumo de energ\u00eda, no es necesario utilizar puertos USB para conectarse.<\/p>\n<p>&nbsp;<\/p>\n<\/div>\n<p align=\"start\"><img decoding=\"async\" class=\"aligncenter\" src=\"\/wp-content\/uploads\/replace\/31d307e3d1a8943206a091df0f70136a.png\" alt=\"Logitech MX Keys Mini Keyboards\" \/><\/p>\n<h2><\/h2>\n<h2 class=\"font-title-m js-title\" style=\"text-align: center\">CREAR EN UN FLUJO INCONS\u00daTIL<\/h2>\n<div class=\"body-copy-ctn js-body-copy-ctn rte-field\">\n<p style=\"text-align: center\">MX Keys Mini sigue tu MX Anywhere 3 o MX Master 3 habilitado con tecnolog\u00eda Flow de una computadora a otra, lo que significa que puedes escribir en m\u00faltiples dispositivos en un flujo de trabajo fluido.<\/p>\n<p style=\"text-align: center\">Transfiera archivos, documentos e im\u00e1genes entre dispositivos y macOS y Windows<sup>\u00ae<\/sup>\u00a0sistemas operativos con Logi Options+<\/p>\n<p>&nbsp;<\/p>\n<\/div>\n<p align=\"start\"><img decoding=\"async\" class=\"aligncenter\" src=\"\/wp-content\/uploads\/replace\/1c4aae518a0633c3ec78cc6e794aa13b.png\" alt=\"Logitech MX Keys Mini Keyboards\" \/><\/p>\n<h2><\/h2>\n<h2 class=\"body-copy-title font-title-l font-brown-bold\" style=\"text-align: center\">DISE\u00d1ADO PARA UN FUTURO POSITIVO<\/h2>\n<p style=\"text-align: center\">Nuestro objetivo Dise\u00f1ar para la sostenibilidad. Eso significa que a medida que innovamos en nuestra nueva generaci\u00f3n de productos, reducimos su huella de carbono en todo lo que podamos, desde su construcci\u00f3n general hasta el componente m\u00e1s peque\u00f1o. Todo ello sin comprometer la calidad y el rendimiento.<\/p>\n<p style=\"text-align: center\">\n<p align=\"start\"><img decoding=\"async\" class=\"aligncenter\" src=\"\/wp-content\/uploads\/replace\/9423b1677efc5dfed0a91012b423ed25.png\" alt=\"Logitech MX Keys Mini Keyboards\" \/><\/p>\n<h4 class=\"specs-heading\">Especificaciones<\/h4>\n<div class=\"specs-column\">\n<div class=\"specs-group\">\n<div class=\"specs-block\">\n<h5 class=\"specs-title\">Teclado iluminado inal\u00e1mbrico minimalista<\/h5>\n<\/div>\n<div class=\"specs-block\">\n<h5 class=\"specs-title\">Bater\u00eda<\/h5>\n<ul class=\"specs-description-list\">\n<li>Bater\u00eda recargable Li-Po (1500 mAh)<\/li>\n<\/ul>\n<\/div>\n<div class=\"specs-block\">\n<h5 class=\"specs-title\">Aplicaci\u00f3n de personalizaci\u00f3n<\/h5>\n<ul class=\"specs-description-list\">\n<li>Compatible con Logi Options+ en Windows y macOS<\/li>\n<\/ul>\n<\/div>\n<div class=\"specs-block\"><\/div>\n<div class=\"specs-block\">\n<h5 class=\"specs-title\">Sostenibilidad<\/h5>\n<ul class=\"specs-description-list\">\n<li><strong>Pl\u00e1sticos de grafito<\/strong>: 30% material reciclado posconsumo<\/li>\n<li><strong>Pl\u00e1sticos gris p\u00e1lido y rosa<\/strong>: 12% material reciclado posconsumo<\/li>\n<li><strong>Embalajes de papel<\/strong>: Certificado FSC\u2122<\/li>\n<\/ul>\n<\/div>\n<div class=\"specs-block\">\n<div class=\"specs-description\"><strong>Huella de carbono del producto<\/strong>: 10,78 kg CO2e<\/div>\n<\/div>\n<div class=\"specs-block\">\n<div class=\"specs-description\">Certificado de neutralidad de carbono<\/div>\n<\/div>\n<\/div>\n<\/div>","protected":false},"excerpt":{"rendered":"<h5 class=\"specs-title\">Mini teclado de teclas MX<\/h5>\n<ul class=\"specs-description-list\">\n<li><strong>Altura<\/strong>: 131,95 mil\u00edmetros<\/li>\n<li><strong>Ancho<\/strong>: 295,99 mil\u00edmetros<\/li>\n<li><strong>Profundidad<\/strong>: 20,97 mil\u00edmetros<\/li>\n<li><strong>Peso<\/strong>: 506,4 gramos<\/li>\n<\/ul>","protected":false},"featured_media":27500,"template":"","meta":[],"product_brand":[1380],"product_cat":[1332,1322],"product_tag":[],"class_list":{"0":"post-27368","1":"product","2":"type-product","3":"status-publish","4":"has-post-thumbnail","6":"product_brand-logitech","7":"product_cat-logitech-other-a-brands","8":"product_cat-other-a-brands","10":"first","11":"instock","12":"shipping-taxable","13":"product-type-simple"},"aioseo_notices":[],"aioseo_head":"\n\t\t<!-- All in One SEO Pro 4.5.9.2 - aioseo.com -->\n\t\t<meta name=\"description\" content=\"MX Keys Mini Keyboard Height: 131.95 mm Width: 295.99 mm Depth: 20.97 mm Weight: 506.4 g\" \/>\n\t\t<meta name=\"robots\" content=\"max-image-preview:large\" \/>\n\t\t<link rel=\"canonical\" href=\"https:\/\/www.rucashk.com\/es\/producto\/logitech-mx-keys-mini-keyboards\/\" \/>\n\t\t<meta name=\"generator\" content=\"All in One SEO Pro (AIOSEO) 4.5.9.2\" \/>\n\t\t<meta property=\"og:locale\" content=\"es_ES\" \/>\n\t\t<meta property=\"og:site_name\" content=\"Rucas - One-stop AIoT Distribution Worldwide\" \/>\n\t\t<meta property=\"og:type\" content=\"article\" \/>\n\t\t<meta property=\"og:title\" content=\"Logitech MX Keys Mini Keyboards - Rucas - Wholesale and Distribution\" \/>\n\t\t<meta property=\"og:description\" content=\"MX Keys Mini Keyboard Height: 131.95 mm Width: 295.99 mm Depth: 20.97 mm Weight: 506.4 g\" \/>\n\t\t<meta property=\"og:url\" content=\"https:\/\/www.rucashk.com\/es\/producto\/logitech-mx-keys-mini-keyboards\/\" \/>\n\t\t<meta property=\"og:image\" content=\"https:\/\/www.rucashk.com\/wp-content\/uploads\/replace\/503b8e645f128a97ccde2b6290747646.jpeg\" \/>\n\t\t<meta property=\"og:image:secure_url\" content=\"https:\/\/www.rucashk.com\/wp-content\/uploads\/replace\/503b8e645f128a97ccde2b6290747646.jpeg\" \/>\n\t\t<meta property=\"og:image:width\" content=\"1456\" \/>\n\t\t<meta property=\"og:image:height\" content=\"816\" \/>\n\t\t<meta property=\"article:published_time\" content=\"2024-01-09T16:40:32+00:00\" \/>\n\t\t<meta property=\"article:modified_time\" content=\"2025-06-21T09:30:46+00:00\" \/>\n\t\t<meta name=\"twitter:card\" content=\"summary_large_image\" \/>\n\t\t<meta name=\"twitter:title\" content=\"Logitech MX Keys Mini Keyboards - Rucas - Wholesale and Distribution\" \/>\n\t\t<meta name=\"twitter:description\" content=\"MX Keys Mini Keyboard Height: 131.95 mm Width: 295.99 mm Depth: 20.97 mm Weight: 506.4 g\" \/>\n\t\t<meta name=\"twitter:image\" content=\"https:\/\/www.rucashk.com\/wp-content\/uploads\/replace\/503b8e645f128a97ccde2b6290747646.jpeg\" \/>\n\t\t<script type=\"application\/ld+json\" class=\"aioseo-schema\">\n\t\t\t{\"@context\":\"https:\\\/\\\/schema.org\",\"@graph\":[{\"@type\":\"BreadcrumbList\",\"@id\":\"https:\\\/\\\/www.rucashk.com\\\/es\\\/producto\\\/logitech-mx-keys-mini-keyboards\\\/#breadcrumblist\",\"itemListElement\":[{\"@type\":\"ListItem\",\"@id\":\"https:\\\/\\\/www.rucashk.com\\\/es\\\/#listItem\",\"position\":1,\"name\":\"Home\",\"item\":\"https:\\\/\\\/www.rucashk.com\\\/es\\\/\",\"nextItem\":\"https:\\\/\\\/www.rucashk.com\\\/es\\\/producto\\\/logitech-mx-keys-mini-keyboards\\\/#listItem\"},{\"@type\":\"ListItem\",\"@id\":\"https:\\\/\\\/www.rucashk.com\\\/es\\\/producto\\\/logitech-mx-keys-mini-keyboards\\\/#listItem\",\"position\":2,\"name\":\"Logitech MX Keys Mini Keyboards\",\"previousItem\":\"https:\\\/\\\/www.rucashk.com\\\/es\\\/#listItem\"}]},{\"@type\":\"Organization\",\"@id\":\"https:\\\/\\\/www.rucashk.com\\\/es\\\/#organization\",\"name\":\"Rucas\",\"url\":\"https:\\\/\\\/www.rucashk.com\\\/es\\\/\",\"logo\":{\"@type\":\"ImageObject\",\"url\":\"https:\\\/\\\/www.rucashk.com\\\/wp-content\\\/uploads\\\/2023\\\/12\\\/Rucas_campany_logo.png\",\"@id\":\"https:\\\/\\\/www.rucashk.com\\\/es\\\/producto\\\/logitech-mx-keys-mini-keyboards\\\/#organizationLogo\",\"width\":221,\"height\":65},\"image\":{\"@id\":\"https:\\\/\\\/www.rucashk.com\\\/es\\\/#organizationLogo\"}},{\"@type\":\"Person\",\"@id\":\"https:\\\/\\\/www.rucashk.com\\\/es\\\/author\\\/admin\\\/#author\",\"url\":\"https:\\\/\\\/www.rucashk.com\\\/es\\\/author\\\/admin\\\/\",\"name\":\"admin\",\"image\":{\"@type\":\"ImageObject\",\"@id\":\"https:\\\/\\\/www.rucashk.com\\\/es\\\/producto\\\/logitech-mx-keys-mini-keyboards\\\/#authorImage\",\"url\":\"https:\\\/\\\/secure.gravatar.com\\\/avatar\\\/b7c8925b09a27e72b30232f8ecaadbd5af0f70a38c78096863fe51b64f031c24?s=96&d=mm&r=g\",\"width\":96,\"height\":96,\"caption\":\"admin\"}},{\"@type\":\"WebPage\",\"@id\":\"https:\\\/\\\/www.rucashk.com\\\/es\\\/producto\\\/logitech-mx-keys-mini-keyboards\\\/#webpage\",\"url\":\"https:\\\/\\\/www.rucashk.com\\\/es\\\/producto\\\/logitech-mx-keys-mini-keyboards\\\/\",\"name\":\"Logitech MX Keys Mini Keyboards - Rucas - Wholesale and Distribution\",\"description\":\"MX Keys Mini Keyboard Height: 131.95 mm Width: 295.99 mm Depth: 20.97 mm Weight: 506.4 g\",\"inLanguage\":\"es-ES\",\"isPartOf\":{\"@id\":\"https:\\\/\\\/www.rucashk.com\\\/es\\\/#website\"},\"breadcrumb\":{\"@id\":\"https:\\\/\\\/www.rucashk.com\\\/es\\\/producto\\\/logitech-mx-keys-mini-keyboards\\\/#breadcrumblist\"},\"author\":{\"@id\":\"https:\\\/\\\/www.rucashk.com\\\/es\\\/author\\\/admin\\\/#author\"},\"creator\":{\"@id\":\"https:\\\/\\\/www.rucashk.com\\\/es\\\/author\\\/admin\\\/#author\"},\"image\":{\"@type\":\"ImageObject\",\"url\":\"https:\\\/\\\/www.rucashk.com\\\/wp-content\\\/uploads\\\/2024\\\/01\\\/10001-17-1.jpg\",\"@id\":\"https:\\\/\\\/www.rucashk.com\\\/es\\\/producto\\\/logitech-mx-keys-mini-keyboards\\\/#mainImage\",\"width\":800,\"height\":800},\"primaryImageOfPage\":{\"@id\":\"https:\\\/\\\/www.rucashk.com\\\/es\\\/producto\\\/logitech-mx-keys-mini-keyboards\\\/#mainImage\"},\"datePublished\":\"2024-01-09T16:40:32+00:00\",\"dateModified\":\"2025-06-21T09:30:46+00:00\"},{\"@type\":\"WebSite\",\"@id\":\"https:\\\/\\\/www.rucashk.com\\\/es\\\/#website\",\"url\":\"https:\\\/\\\/www.rucashk.com\\\/es\\\/\",\"name\":\"Rucas - Wholesale and distribution worldwide\",\"alternateName\":\"Rucas - One-stop AIoT Distribution Worldwide\",\"description\":\"One-stop AIoT Distribution Worldwide\",\"inLanguage\":\"es-ES\",\"publisher\":{\"@id\":\"https:\\\/\\\/www.rucashk.com\\\/es\\\/#organization\"}}]}\n\t\t<\/script>\n\t\t<!-- All in One SEO Pro -->\r\n\t\t<title>Logitech MX Keys Mini Keyboards - Rucas - Wholesale and Distribution<\/title>\n\n","aioseo_head_json":{"title":"Logitech MX Keys Mini Keyboards - Rucas - Wholesale and Distribution","description":"MX Keys Mini Keyboard Height: 131.95 mm Width: 295.99 mm Depth: 20.97 mm Weight: 506.4 g","canonical_url":"https:\/\/www.rucashk.com\/es\/producto\/logitech-mx-keys-mini-keyboards\/","robots":"max-image-preview:large","keywords":"","webmasterTools":{"miscellaneous":""},"og:locale":"es_ES","og:site_name":"Rucas - One-stop AIoT Distribution Worldwide","og:type":"article","og:title":"Logitech MX Keys Mini Keyboards - Rucas - Wholesale and Distribution","og:description":"MX Keys Mini Keyboard Height: 131.95 mm Width: 295.99 mm Depth: 20.97 mm Weight: 506.4 g","og:url":"https:\/\/www.rucashk.com\/es\/producto\/logitech-mx-keys-mini-keyboards\/","og:image":"https:\/\/www.rucashk.com\/wp-content\/uploads\/replace\/503b8e645f128a97ccde2b6290747646.jpeg","og:image:secure_url":"https:\/\/www.rucashk.com\/wp-content\/uploads\/replace\/503b8e645f128a97ccde2b6290747646.jpeg","og:image:width":1456,"og:image:height":816,"article:published_time":"2024-01-09T16:40:32+00:00","article:modified_time":"2025-06-21T09:30:46+00:00","twitter:card":"summary_large_image","twitter:title":"Logitech MX Keys Mini Keyboards - Rucas - Wholesale and Distribution","twitter:description":"MX Keys Mini Keyboard Height: 131.95 mm Width: 295.99 mm Depth: 20.97 mm Weight: 506.4 g","twitter:image":"https:\/\/www.rucashk.com\/wp-content\/uploads\/replace\/503b8e645f128a97ccde2b6290747646.jpeg","schema":{"@context":"https:\/\/schema.org","@graph":[{"@type":"BreadcrumbList","@id":"https:\/\/www.rucashk.com\/es\/producto\/logitech-mx-keys-mini-keyboards\/#breadcrumblist","itemListElement":[{"@type":"ListItem","@id":"https:\/\/www.rucashk.com\/es\/#listItem","position":1,"name":"Home","item":"https:\/\/www.rucashk.com\/es\/","nextItem":"https:\/\/www.rucashk.com\/es\/producto\/logitech-mx-keys-mini-keyboards\/#listItem"},{"@type":"ListItem","@id":"https:\/\/www.rucashk.com\/es\/producto\/logitech-mx-keys-mini-keyboards\/#listItem","position":2,"name":"Logitech MX Keys Mini Keyboards","previousItem":"https:\/\/www.rucashk.com\/es\/#listItem"}]},{"@type":"Organization","@id":"https:\/\/www.rucashk.com\/es\/#organization","name":"Rucas","url":"https:\/\/www.rucashk.com\/es\/","logo":{"@type":"ImageObject","url":"https:\/\/www.rucashk.com\/wp-content\/uploads\/2023\/12\/Rucas_campany_logo.png","@id":"https:\/\/www.rucashk.com\/es\/producto\/logitech-mx-keys-mini-keyboards\/#organizationLogo","width":221,"height":65},"image":{"@id":"https:\/\/www.rucashk.com\/es\/#organizationLogo"}},{"@type":"Person","@id":"https:\/\/www.rucashk.com\/es\/author\/admin\/#author","url":"https:\/\/www.rucashk.com\/es\/author\/admin\/","name":"admin","image":{"@type":"ImageObject","@id":"https:\/\/www.rucashk.com\/es\/producto\/logitech-mx-keys-mini-keyboards\/#authorImage","url":"https:\/\/secure.gravatar.com\/avatar\/b7c8925b09a27e72b30232f8ecaadbd5af0f70a38c78096863fe51b64f031c24?s=96&d=mm&r=g","width":96,"height":96,"caption":"admin"}},{"@type":"WebPage","@id":"https:\/\/www.rucashk.com\/es\/producto\/logitech-mx-keys-mini-keyboards\/#webpage","url":"https:\/\/www.rucashk.com\/es\/producto\/logitech-mx-keys-mini-keyboards\/","name":"Logitech MX Keys Mini Keyboards - Rucas - Wholesale and Distribution","description":"MX Keys Mini Keyboard Height: 131.95 mm Width: 295.99 mm Depth: 20.97 mm Weight: 506.4 g","inLanguage":"es-ES","isPartOf":{"@id":"https:\/\/www.rucashk.com\/es\/#website"},"breadcrumb":{"@id":"https:\/\/www.rucashk.com\/es\/producto\/logitech-mx-keys-mini-keyboards\/#breadcrumblist"},"author":{"@id":"https:\/\/www.rucashk.com\/es\/author\/admin\/#author"},"creator":{"@id":"https:\/\/www.rucashk.com\/es\/author\/admin\/#author"},"image":{"@type":"ImageObject","url":"https:\/\/www.rucashk.com\/wp-content\/uploads\/2024\/01\/10001-17-1.jpg","@id":"https:\/\/www.rucashk.com\/es\/producto\/logitech-mx-keys-mini-keyboards\/#mainImage","width":800,"height":800},"primaryImageOfPage":{"@id":"https:\/\/www.rucashk.com\/es\/producto\/logitech-mx-keys-mini-keyboards\/#mainImage"},"datePublished":"2024-01-09T16:40:32+00:00","dateModified":"2025-06-21T09:30:46+00:00"},{"@type":"WebSite","@id":"https:\/\/www.rucashk.com\/es\/#website","url":"https:\/\/www.rucashk.com\/es\/","name":"Rucas - Wholesale and distribution worldwide","alternateName":"Rucas - One-stop AIoT Distribution Worldwide","description":"One-stop AIoT Distribution Worldwide","inLanguage":"es-ES","publisher":{"@id":"https:\/\/www.rucashk.com\/es\/#organization"}}]}},"aioseo_meta_data":{"post_id":"27368","title":null,"description":null,"keywords":null,"keyphrases":null,"primary_term":null,"canonical_url":null,"og_title":null,"og_description":null,"og_object_type":"default","og_image_type":"default","og_image_url":null,"og_image_width":null,"og_image_height":null,"og_image_custom_url":null,"og_image_custom_fields":null,"og_video":"","og_custom_url":null,"og_article_section":null,"og_article_tags":null,"twitter_use_og":false,"twitter_card":"default","twitter_image_type":"default","twitter_image_url":null,"twitter_image_custom_url":null,"twitter_image_custom_fields":null,"twitter_title":null,"twitter_description":null,"schema":{"blockGraphs":[],"customGraphs":[],"default":{"data":{"Article":[],"Course":[],"Dataset":[],"FAQPage":[],"Movie":[],"Person":[],"Product":[],"Recipe":[],"Service":[],"SoftwareApplication":[],"WebPage":[]},"graphName":"","isEnabled":true},"graphs":[]},"schema_type":"default","schema_type_options":null,"pillar_content":false,"robots_default":true,"robots_noindex":false,"robots_noarchive":false,"robots_nosnippet":false,"robots_nofollow":false,"robots_noimageindex":false,"robots_noodp":false,"robots_notranslate":false,"robots_max_snippet":"-1","robots_max_videopreview":"-1","robots_max_imagepreview":"large","priority":null,"frequency":"default","local_seo":null,"breadcrumb_settings":null,"limit_modified_date":false,"created":"2024-04-11 01:57:22","updated":"2025-06-22 18:35:55"},"aioseo_breadcrumb":"<div class=\"aioseo-breadcrumbs\"><span class=\"aioseo-breadcrumb\">\n\t<a href=\"https:\/\/www.rucashk.com\/es\" title=\"Home\">Home<\/a>\n<\/span><span class=\"aioseo-breadcrumb-separator\">&raquo;<\/span><span class=\"aioseo-breadcrumb\">\n\t<a href=\"https:\/\/www.rucashk.com\/es\/products\/\" title=\"Productos\">Productos<\/a>\n<\/span><span class=\"aioseo-breadcrumb-separator\">&raquo;<\/span><span class=\"aioseo-breadcrumb\">\n\t<a href=\"https:\/\/www.rucashk.com\/es\/marca\/logitech\/\" title=\"Logitech\">Logitech<\/a>\n<\/span><span class=\"aioseo-breadcrumb-separator\">&raquo;<\/span><span class=\"aioseo-breadcrumb\">\n\tLogitech MX Keys Mini Keyboards\n<\/span><\/div>","aioseo_breadcrumb_json":[{"label":"Home","link":"https:\/\/www.rucashk.com\/es"},{"label":"Productos","link":"https:\/\/www.rucashk.com\/es\/products\/"},{"label":"Logitech","link":"https:\/\/www.rucashk.com\/es\/marca\/logitech\/"},{"label":"Logitech MX Keys Mini Keyboards","link":"https:\/\/www.rucashk.com\/es\/producto\/logitech-mx-keys-mini-keyboards\/"}],"_links":{"self":[{"href":"https:\/\/www.rucashk.com\/es\/wp-json\/wp\/v2\/product\/27368","targetHints":{"allow":["GET"]}}],"collection":[{"href":"https:\/\/www.rucashk.com\/es\/wp-json\/wp\/v2\/product"}],"about":[{"href":"https:\/\/www.rucashk.com\/es\/wp-json\/wp\/v2\/types\/product"}],"wp:featuredmedia":[{"embeddable":true,"href":"https:\/\/www.rucashk.com\/es\/wp-json\/wp\/v2\/media\/27500"}],"wp:attachment":[{"href":"https:\/\/www.rucashk.com\/es\/wp-json\/wp\/v2\/media?parent=27368"}],"wp:term":[{"taxonomy":"product_brand","embeddable":true,"href":"https:\/\/www.rucashk.com\/es\/wp-json\/wp\/v2\/product_brand?post=27368"},{"taxonomy":"product_cat","embeddable":true,"href":"https:\/\/www.rucashk.com\/es\/wp-json\/wp\/v2\/product_cat?post=27368"},{"taxonomy":"product_tag","embeddable":true,"href":"https:\/\/www.rucashk.com\/es\/wp-json\/wp\/v2\/product_tag?post=27368"}],"curies":[{"name":"wp","href":"https:\/\/api.w.org\/{rel}","templated":true}]}}