{"id":27366,"date":"2024-01-09T16:40:31","date_gmt":"2024-01-09T16:40:31","guid":{"rendered":"http:\/\/rucashk.com\/?post_type=product&#038;p=27366"},"modified":"2024-01-17T09:07:53","modified_gmt":"2024-01-17T09:07:53","slug":"logitech-mx-mechanical-keyboards","status":"publish","type":"product","link":"https:\/\/www.rucashk.com\/es\/producto\/logitech-mx-mechanical-keyboards\/","title":{"rendered":"Teclados MEC\u00c1NICOS Logitech MX"},"content":{"rendered":"<div>\n<h2 class=\"font-title-s js-title\" style=\"text-align: center\">SU CONFIGURACI\u00d3N. TU ELECCI\u00d3N.<\/h2>\n<div class=\"body-copy-ctn js-body-copy-ctn rte-field\" style=\"text-align: center\">\n<p>Elija entre el MX Mechanical de tama\u00f1o completo que cuenta con un teclado num\u00e9rico integrado o el minimalista MX Mechanical Mini que ahorra espacio. Ambos teclados est\u00e1n fabricados con una carcasa superior de aluminio para m\u00e1xima estabilidad y estilo.<\/p>\n<p>&nbsp;<\/p>\n<\/div>\n<p style=\"text-align: center\"><img fetchpriority=\"high\" decoding=\"async\" class=\"\" src=\"\/wp-content\/uploads\/replace\/4e95e059d6c8cd2be2ba1dadc7791642.png\" alt=\"Logitech MX MECHANICAL Keyboards\" width=\"520\" height=\"370\" data-spm-anchor-id=\"a2g0o.detail.1000023.i0.4434tRQrtRQrJc\" \/><\/p>\n<div style=\"text-align: center\"><\/div>\n<h2 class=\"h3\" style=\"text-align: center\">MULTI DISPOSITIVO. M\u00faltiples sistemas operativos.<\/h2>\n<p style=\"text-align: center\">Emparejar f\u00e1cilmente a trav\u00e9s de\u00a0<em>Bluetooth<\/em><sup>\u00ae<\/sup> Low Energy o el receptor USB Logi Bolt incluido con hasta tres dispositivos y alterna entre ellos con solo presionar un bot\u00f3n.<\/p>\n<p style=\"text-align: center\">Ambos teclados mec\u00e1nicos tienen una distribuci\u00f3n de teclas dual optimizada para usuarios de Mac y Windows y son compatibles con todos los principales sistemas operativos, sin necesidad de configuraciones ni ajustes complicados.<span style=\"color: #1d1d1d\"><span style=\"font-size: 13.3333px\">.\u00a0<\/span><\/span><\/p>\n<p style=\"text-align: center\">\n<\/div>\n<p style=\"text-align: center\"><img decoding=\"async\" src=\"\/wp-content\/uploads\/replace\/d793443d4fe13daefea3b99aacd26b90.jpeg\" alt=\"Logitech MX MECHANICAL Keyboards\" width=\"944px\" height=\"auto\" data-spm-anchor-id=\"a2g0o.detail.1000023.i1.4434tRQrtRQrJc\" \/><\/p>\n<h2 class=\"font-title-m js-title\" style=\"text-align: center\">TIENES OPCIONES<\/h2>\n<div class=\"body-copy-ctn js-body-copy-ctn rte-field\" style=\"text-align: center\">\n<p>Haga m\u00e1s con sus teclados con Logi Options+. Trabaje entre dispositivos y sistemas operativos, cambie las funciones de la tecla Fn, verifique la duraci\u00f3n de la bater\u00eda, seleccione efectos de retroiluminaci\u00f3n, asigne perfiles espec\u00edficos de aplicaciones y acciones inteligentes para optimizar casi todos los aspectos de su flujo de trabajo.<\/p>\n<p>&nbsp;<\/p>\n<\/div>\n<p style=\"text-align: center\" align=\"left\"><img decoding=\"async\" src=\"\/wp-content\/uploads\/replace\/486d3f02d54f718f4a92a1bdd8f4784e.png\" alt=\"Logitech MX MECHANICAL Keyboards\" \/><\/p>\n<h2 class=\"font-title-m js-title\" style=\"text-align: center\">INNUMERABLES PERSONALIZACIONES<\/h2>\n<div class=\"body-copy-ctn js-body-copy-ctn rte-field\" style=\"text-align: center\">\n<p>Logi Options+ le permite personalizar toda la fila F para cualquier funci\u00f3n que necesite.<\/p>\n<p>Cambie f\u00e1cilmente la prioridad de la fila F entre la funci\u00f3n de tecla F normal, funciones especiales o personalizaciones espec\u00edficas de aplicaciones personales.<\/p>\n<p>&nbsp;<\/p>\n<\/div>\n<p style=\"text-align: center\" align=\"left\"><img decoding=\"async\" src=\"\/wp-content\/uploads\/replace\/cdb0e9664b86c4c39458b3ad77aa4ef3.png\" alt=\"Logitech MX MECHANICAL Keyboards\" \/><\/p>\n<h2><\/h2>\n<h2 class=\"font-title-m js-title\" style=\"text-align: center\">TRABAJA SIN PROBLEMAS<\/h2>\n<div class=\"body-copy-ctn js-body-copy-ctn rte-field\" style=\"text-align: center\">\n<p>La instalaci\u00f3n de la aplicaci\u00f3n Logi Options+ habilita Logitech Flow cuando se combina con un mouse MX. Su teclado MX sigue a su mouse a trav\u00e9s de los dispositivos, lo que le permite controlar m\u00faltiples computadoras, en m\u00faltiples sistemas operativos, en un flujo de trabajo fluido.<\/p>\n<p>&nbsp;<\/p>\n<\/div>\n<p style=\"text-align: center\"><img decoding=\"async\" src=\"\/wp-content\/uploads\/replace\/51e58462aebb02c1bf98922ae80bb1e5.png\" alt=\"Logitech MX MECHANICAL Keyboards\" \/><\/p>\n<p>&nbsp;<\/p>\n<h4 class=\"specs-heading\">Especificaciones<\/h4>\n<div class=\"specs-column\">\n<div class=\"specs-group\">\n<div class=\"specs-block\">\n<h5 class=\"specs-title\">MX Mechanical es compatible con MX Palm Rest<\/h5>\n<ul class=\"specs-description-list\">\n<li><strong>Cambio f\u00e1cil<\/strong>: conecte hasta 3 dispositivos y cambie entre ellos<\/li>\n<li><strong>USB-C recargable<\/strong>: hasta 15 d\u00edas o hasta 10 meses con retroiluminaci\u00f3n apagada<\/li>\n<li><strong>Bater\u00eda<\/strong>: Bater\u00eda recargable Li-Po (1500 mAh)<\/li>\n<\/ul>\n<\/div>\n<div class=\"specs-block\">\n<h5 class=\"specs-title\">Aplicaci\u00f3n de personalizaci\u00f3n<\/h5>\n<ul class=\"specs-description-list\">\n<li>Compatible con Logi Options+ en Windows y macOS<\/li>\n<\/ul>\n<\/div>\n<div class=\"specs-block\">\n<h5 class=\"specs-title\">Sostenibilidad<\/h5>\n<ul class=\"specs-description-list\">\n<li><strong>Pl\u00e1sticos de grafito mec\u00e1nico MX<\/strong>: 45% material reciclado posconsumo<\/li>\n<li><strong>Pl\u00e1sticos MX Mechanical Mini Grafito<\/strong>: 47% material reciclado posconsumo<\/li>\n<li><strong>Primer caso<\/strong>: Aluminio bajo en carbono<\/li>\n<li><strong>Embalajes de papel<\/strong>: FSC\u2122 \u2013 certificado<\/li>\n<\/ul>\n<\/div>\n<div class=\"specs-block\">\n<div class=\"specs-description\">Certificado de neutralidad de carbono<\/div>\n<\/div>\n<\/div>\n<\/div>","protected":false},"excerpt":{"rendered":"<div class=\"specs-block\">\n<h5 class=\"specs-title\">MEC\u00c1NICA MX<\/h5>\n<ul class=\"specs-description-list\">\n<li><strong>Altura<\/strong>: 131,55 mil\u00edmetros<\/li>\n<li><strong>Ancho<\/strong>: 433,85 mil\u00edmetros<\/li>\n<li><strong>Profundidad<\/strong>: 26,10 mm, incluidas las teclas<\/li>\n<li><strong>Peso<\/strong>: 828 gramos<\/li>\n<\/ul>\n<\/div>\n<div class=\"specs-block\">\n<h5 class=\"specs-title\">MX Mec\u00e1nico Mini<\/h5>\n<ul class=\"specs-description-list\">\n<li><strong>Altura<\/strong>: 131,55 mil\u00edmetros<\/li>\n<li><strong>Ancho<\/strong>: 312,60 mil\u00edmetros<\/li>\n<li><strong>Profundidad<\/strong>: 26,10 mm, incluidas las teclas<\/li>\n<li><strong>Peso<\/strong>: 612 gramos<\/li>\n<\/ul>\n<\/div>\n<div class=\"specs-block\">\n<h5 class=\"specs-title\">Receptor Logi Bolt (incluido en ambos)<\/h5>\n<ul class=\"specs-description-list\">\n<li><strong>Altura<\/strong>: 6,11mm<\/li>\n<li><strong>Ancho<\/strong>: 14,4mm<\/li>\n<li><strong>Profundidad<\/strong>: 18,65mm<\/li>\n<li><strong>Peso<\/strong>: 1,68 gramos<\/li>\n<\/ul>\n<\/div>","protected":false},"featured_media":27476,"template":"","meta":[],"product_brand":[],"product_cat":[1332,1322],"product_tag":[],"class_list":{"0":"post-27366","1":"product","2":"type-product","3":"status-publish","4":"has-post-thumbnail","6":"product_cat-logitech-other-a-brands","7":"product_cat-other-a-brands","9":"first","10":"instock","11":"shipping-taxable","12":"product-type-simple"},"aioseo_notices":[],"aioseo_head":"\n\t\t<!-- All in One SEO Pro 4.5.9.2 - aioseo.com -->\n\t\t<meta name=\"description\" content=\"MX MECHANICAL Height: 131.55 mm Width: 433.85 mm Depth: 26.10 mm, including keycaps Weight: 828 g MX Mechanical Mini Height: 131.55 mm Width: 312.60 mm Depth: 26.10 mm, including keycaps Weight: 612 g Logi Bolt Receiver (included in both) Height: 6.11 mm Width: 14.4 mm Depth: 18.65 mm Weight: 1.68 g\" \/>\n\t\t<meta name=\"robots\" content=\"max-image-preview:large\" \/>\n\t\t<link rel=\"canonical\" href=\"https:\/\/www.rucashk.com\/es\/producto\/logitech-mx-mechanical-keyboards\/\" \/>\n\t\t<meta name=\"generator\" content=\"All in One SEO Pro (AIOSEO) 4.5.9.2\" \/>\n\t\t<meta property=\"og:locale\" content=\"es_ES\" \/>\n\t\t<meta property=\"og:site_name\" content=\"Rucas - One-stop AIoT Distribution Worldwide\" \/>\n\t\t<meta property=\"og:type\" content=\"article\" \/>\n\t\t<meta property=\"og:title\" content=\"Logitech MX MECHANICAL Keyboards - Rucas - Wholesale and Distribution\" \/>\n\t\t<meta property=\"og:description\" content=\"MX MECHANICAL Height: 131.55 mm Width: 433.85 mm Depth: 26.10 mm, including keycaps Weight: 828 g MX Mechanical Mini Height: 131.55 mm Width: 312.60 mm Depth: 26.10 mm, including keycaps Weight: 612 g Logi Bolt Receiver (included in both) Height: 6.11 mm Width: 14.4 mm Depth: 18.65 mm Weight: 1.68 g\" \/>\n\t\t<meta property=\"og:url\" content=\"https:\/\/www.rucashk.com\/es\/producto\/logitech-mx-mechanical-keyboards\/\" \/>\n\t\t<meta property=\"og:image\" content=\"https:\/\/www.rucashk.com\/wp-content\/uploads\/replace\/503b8e645f128a97ccde2b6290747646.jpeg\" \/>\n\t\t<meta property=\"og:image:secure_url\" content=\"https:\/\/www.rucashk.com\/wp-content\/uploads\/replace\/503b8e645f128a97ccde2b6290747646.jpeg\" \/>\n\t\t<meta property=\"og:image:width\" content=\"1456\" \/>\n\t\t<meta property=\"og:image:height\" content=\"816\" \/>\n\t\t<meta property=\"article:published_time\" content=\"2024-01-09T16:40:31+00:00\" \/>\n\t\t<meta property=\"article:modified_time\" content=\"2024-01-17T09:07:53+00:00\" \/>\n\t\t<meta name=\"twitter:card\" content=\"summary_large_image\" \/>\n\t\t<meta name=\"twitter:title\" content=\"Logitech MX MECHANICAL Keyboards - Rucas - Wholesale and Distribution\" \/>\n\t\t<meta name=\"twitter:description\" content=\"MX MECHANICAL Height: 131.55 mm Width: 433.85 mm Depth: 26.10 mm, including keycaps Weight: 828 g MX Mechanical Mini Height: 131.55 mm Width: 312.60 mm Depth: 26.10 mm, including keycaps Weight: 612 g Logi Bolt Receiver (included in both) Height: 6.11 mm Width: 14.4 mm Depth: 18.65 mm Weight: 1.68 g\" \/>\n\t\t<meta name=\"twitter:image\" content=\"https:\/\/www.rucashk.com\/wp-content\/uploads\/replace\/503b8e645f128a97ccde2b6290747646.jpeg\" \/>\n\t\t<script type=\"application\/ld+json\" class=\"aioseo-schema\">\n\t\t\t{\"@context\":\"https:\\\/\\\/schema.org\",\"@graph\":[{\"@type\":\"BreadcrumbList\",\"@id\":\"https:\\\/\\\/www.rucashk.com\\\/es\\\/producto\\\/logitech-mx-mechanical-keyboards\\\/#breadcrumblist\",\"itemListElement\":[{\"@type\":\"ListItem\",\"@id\":\"https:\\\/\\\/www.rucashk.com\\\/es\\\/#listItem\",\"position\":1,\"name\":\"Home\",\"item\":\"https:\\\/\\\/www.rucashk.com\\\/es\\\/\",\"nextItem\":\"https:\\\/\\\/www.rucashk.com\\\/es\\\/producto\\\/logitech-mx-mechanical-keyboards\\\/#listItem\"},{\"@type\":\"ListItem\",\"@id\":\"https:\\\/\\\/www.rucashk.com\\\/es\\\/producto\\\/logitech-mx-mechanical-keyboards\\\/#listItem\",\"position\":2,\"name\":\"Logitech MX MECHANICAL Keyboards\",\"previousItem\":\"https:\\\/\\\/www.rucashk.com\\\/es\\\/#listItem\"}]},{\"@type\":\"Organization\",\"@id\":\"https:\\\/\\\/www.rucashk.com\\\/es\\\/#organization\",\"name\":\"Rucas\",\"url\":\"https:\\\/\\\/www.rucashk.com\\\/es\\\/\",\"logo\":{\"@type\":\"ImageObject\",\"url\":\"https:\\\/\\\/www.rucashk.com\\\/wp-content\\\/uploads\\\/2023\\\/12\\\/Rucas_campany_logo.png\",\"@id\":\"https:\\\/\\\/www.rucashk.com\\\/es\\\/producto\\\/logitech-mx-mechanical-keyboards\\\/#organizationLogo\",\"width\":221,\"height\":65},\"image\":{\"@id\":\"https:\\\/\\\/www.rucashk.com\\\/es\\\/#organizationLogo\"}},{\"@type\":\"Person\",\"@id\":\"https:\\\/\\\/www.rucashk.com\\\/es\\\/author\\\/admin\\\/#author\",\"url\":\"https:\\\/\\\/www.rucashk.com\\\/es\\\/author\\\/admin\\\/\",\"name\":\"admin\",\"image\":{\"@type\":\"ImageObject\",\"@id\":\"https:\\\/\\\/www.rucashk.com\\\/es\\\/producto\\\/logitech-mx-mechanical-keyboards\\\/#authorImage\",\"url\":\"https:\\\/\\\/secure.gravatar.com\\\/avatar\\\/b7c8925b09a27e72b30232f8ecaadbd5af0f70a38c78096863fe51b64f031c24?s=96&d=mm&r=g\",\"width\":96,\"height\":96,\"caption\":\"admin\"}},{\"@type\":\"WebPage\",\"@id\":\"https:\\\/\\\/www.rucashk.com\\\/es\\\/producto\\\/logitech-mx-mechanical-keyboards\\\/#webpage\",\"url\":\"https:\\\/\\\/www.rucashk.com\\\/es\\\/producto\\\/logitech-mx-mechanical-keyboards\\\/\",\"name\":\"Logitech MX MECHANICAL Keyboards - Rucas - Wholesale and Distribution\",\"description\":\"MX MECHANICAL Height: 131.55 mm Width: 433.85 mm Depth: 26.10 mm, including keycaps Weight: 828 g MX Mechanical Mini Height: 131.55 mm Width: 312.60 mm Depth: 26.10 mm, including keycaps Weight: 612 g Logi Bolt Receiver (included in both) Height: 6.11 mm Width: 14.4 mm Depth: 18.65 mm Weight: 1.68 g\",\"inLanguage\":\"es-ES\",\"isPartOf\":{\"@id\":\"https:\\\/\\\/www.rucashk.com\\\/es\\\/#website\"},\"breadcrumb\":{\"@id\":\"https:\\\/\\\/www.rucashk.com\\\/es\\\/producto\\\/logitech-mx-mechanical-keyboards\\\/#breadcrumblist\"},\"author\":{\"@id\":\"https:\\\/\\\/www.rucashk.com\\\/es\\\/author\\\/admin\\\/#author\"},\"creator\":{\"@id\":\"https:\\\/\\\/www.rucashk.com\\\/es\\\/author\\\/admin\\\/#author\"},\"image\":{\"@type\":\"ImageObject\",\"url\":\"https:\\\/\\\/www.rucashk.com\\\/wp-content\\\/uploads\\\/2024\\\/01\\\/10001-14-2.jpg\",\"@id\":\"https:\\\/\\\/www.rucashk.com\\\/es\\\/producto\\\/logitech-mx-mechanical-keyboards\\\/#mainImage\",\"width\":800,\"height\":800},\"primaryImageOfPage\":{\"@id\":\"https:\\\/\\\/www.rucashk.com\\\/es\\\/producto\\\/logitech-mx-mechanical-keyboards\\\/#mainImage\"},\"datePublished\":\"2024-01-09T16:40:31+00:00\",\"dateModified\":\"2024-01-17T09:07:53+00:00\"},{\"@type\":\"WebSite\",\"@id\":\"https:\\\/\\\/www.rucashk.com\\\/es\\\/#website\",\"url\":\"https:\\\/\\\/www.rucashk.com\\\/es\\\/\",\"name\":\"Rucas - Wholesale and distribution worldwide\",\"alternateName\":\"Rucas - One-stop AIoT Distribution Worldwide\",\"description\":\"One-stop AIoT Distribution Worldwide\",\"inLanguage\":\"es-ES\",\"publisher\":{\"@id\":\"https:\\\/\\\/www.rucashk.com\\\/es\\\/#organization\"}}]}\n\t\t<\/script>\n\t\t<!-- All in One SEO Pro -->\r\n\t\t<title>Logitech MX MECHANICAL Keyboards - Rucas - Wholesale and Distribution<\/title>\n\n","aioseo_head_json":{"title":"Logitech MX MECHANICAL Keyboards - Rucas - Wholesale and Distribution","description":"MX MECHANICAL Height: 131.55 mm Width: 433.85 mm Depth: 26.10 mm, including keycaps Weight: 828 g MX Mechanical Mini Height: 131.55 mm Width: 312.60 mm Depth: 26.10 mm, including keycaps Weight: 612 g Logi Bolt Receiver (included in both) Height: 6.11 mm Width: 14.4 mm Depth: 18.65 mm Weight: 1.68 g","canonical_url":"https:\/\/www.rucashk.com\/es\/producto\/logitech-mx-mechanical-keyboards\/","robots":"max-image-preview:large","keywords":"","webmasterTools":{"miscellaneous":""},"og:locale":"es_ES","og:site_name":"Rucas - One-stop AIoT Distribution Worldwide","og:type":"article","og:title":"Logitech MX MECHANICAL Keyboards - Rucas - Wholesale and Distribution","og:description":"MX MECHANICAL Height: 131.55 mm Width: 433.85 mm Depth: 26.10 mm, including keycaps Weight: 828 g MX Mechanical Mini Height: 131.55 mm Width: 312.60 mm Depth: 26.10 mm, including keycaps Weight: 612 g Logi Bolt Receiver (included in both) Height: 6.11 mm Width: 14.4 mm Depth: 18.65 mm Weight: 1.68 g","og:url":"https:\/\/www.rucashk.com\/es\/producto\/logitech-mx-mechanical-keyboards\/","og:image":"https:\/\/www.rucashk.com\/wp-content\/uploads\/replace\/503b8e645f128a97ccde2b6290747646.jpeg","og:image:secure_url":"https:\/\/www.rucashk.com\/wp-content\/uploads\/replace\/503b8e645f128a97ccde2b6290747646.jpeg","og:image:width":1456,"og:image:height":816,"article:published_time":"2024-01-09T16:40:31+00:00","article:modified_time":"2024-01-17T09:07:53+00:00","twitter:card":"summary_large_image","twitter:title":"Logitech MX MECHANICAL Keyboards - Rucas - Wholesale and Distribution","twitter:description":"MX MECHANICAL Height: 131.55 mm Width: 433.85 mm Depth: 26.10 mm, including keycaps Weight: 828 g MX Mechanical Mini Height: 131.55 mm Width: 312.60 mm Depth: 26.10 mm, including keycaps Weight: 612 g Logi Bolt Receiver (included in both) Height: 6.11 mm Width: 14.4 mm Depth: 18.65 mm Weight: 1.68 g","twitter:image":"https:\/\/www.rucashk.com\/wp-content\/uploads\/replace\/503b8e645f128a97ccde2b6290747646.jpeg","schema":{"@context":"https:\/\/schema.org","@graph":[{"@type":"BreadcrumbList","@id":"https:\/\/www.rucashk.com\/es\/producto\/logitech-mx-mechanical-keyboards\/#breadcrumblist","itemListElement":[{"@type":"ListItem","@id":"https:\/\/www.rucashk.com\/es\/#listItem","position":1,"name":"Home","item":"https:\/\/www.rucashk.com\/es\/","nextItem":"https:\/\/www.rucashk.com\/es\/producto\/logitech-mx-mechanical-keyboards\/#listItem"},{"@type":"ListItem","@id":"https:\/\/www.rucashk.com\/es\/producto\/logitech-mx-mechanical-keyboards\/#listItem","position":2,"name":"Logitech MX MECHANICAL Keyboards","previousItem":"https:\/\/www.rucashk.com\/es\/#listItem"}]},{"@type":"Organization","@id":"https:\/\/www.rucashk.com\/es\/#organization","name":"Rucas","url":"https:\/\/www.rucashk.com\/es\/","logo":{"@type":"ImageObject","url":"https:\/\/www.rucashk.com\/wp-content\/uploads\/2023\/12\/Rucas_campany_logo.png","@id":"https:\/\/www.rucashk.com\/es\/producto\/logitech-mx-mechanical-keyboards\/#organizationLogo","width":221,"height":65},"image":{"@id":"https:\/\/www.rucashk.com\/es\/#organizationLogo"}},{"@type":"Person","@id":"https:\/\/www.rucashk.com\/es\/author\/admin\/#author","url":"https:\/\/www.rucashk.com\/es\/author\/admin\/","name":"admin","image":{"@type":"ImageObject","@id":"https:\/\/www.rucashk.com\/es\/producto\/logitech-mx-mechanical-keyboards\/#authorImage","url":"https:\/\/secure.gravatar.com\/avatar\/b7c8925b09a27e72b30232f8ecaadbd5af0f70a38c78096863fe51b64f031c24?s=96&d=mm&r=g","width":96,"height":96,"caption":"admin"}},{"@type":"WebPage","@id":"https:\/\/www.rucashk.com\/es\/producto\/logitech-mx-mechanical-keyboards\/#webpage","url":"https:\/\/www.rucashk.com\/es\/producto\/logitech-mx-mechanical-keyboards\/","name":"Logitech MX MECHANICAL Keyboards - Rucas - Wholesale and Distribution","description":"MX MECHANICAL Height: 131.55 mm Width: 433.85 mm Depth: 26.10 mm, including keycaps Weight: 828 g MX Mechanical Mini Height: 131.55 mm Width: 312.60 mm Depth: 26.10 mm, including keycaps Weight: 612 g Logi Bolt Receiver (included in both) Height: 6.11 mm Width: 14.4 mm Depth: 18.65 mm Weight: 1.68 g","inLanguage":"es-ES","isPartOf":{"@id":"https:\/\/www.rucashk.com\/es\/#website"},"breadcrumb":{"@id":"https:\/\/www.rucashk.com\/es\/producto\/logitech-mx-mechanical-keyboards\/#breadcrumblist"},"author":{"@id":"https:\/\/www.rucashk.com\/es\/author\/admin\/#author"},"creator":{"@id":"https:\/\/www.rucashk.com\/es\/author\/admin\/#author"},"image":{"@type":"ImageObject","url":"https:\/\/www.rucashk.com\/wp-content\/uploads\/2024\/01\/10001-14-2.jpg","@id":"https:\/\/www.rucashk.com\/es\/producto\/logitech-mx-mechanical-keyboards\/#mainImage","width":800,"height":800},"primaryImageOfPage":{"@id":"https:\/\/www.rucashk.com\/es\/producto\/logitech-mx-mechanical-keyboards\/#mainImage"},"datePublished":"2024-01-09T16:40:31+00:00","dateModified":"2024-01-17T09:07:53+00:00"},{"@type":"WebSite","@id":"https:\/\/www.rucashk.com\/es\/#website","url":"https:\/\/www.rucashk.com\/es\/","name":"Rucas - Wholesale and distribution worldwide","alternateName":"Rucas - One-stop AIoT Distribution Worldwide","description":"One-stop AIoT Distribution Worldwide","inLanguage":"es-ES","publisher":{"@id":"https:\/\/www.rucashk.com\/es\/#organization"}}]}},"aioseo_meta_data":{"post_id":"27366","title":null,"description":null,"keywords":null,"keyphrases":null,"primary_term":null,"canonical_url":null,"og_title":null,"og_description":null,"og_object_type":"default","og_image_type":"default","og_image_url":null,"og_image_width":null,"og_image_height":null,"og_image_custom_url":null,"og_image_custom_fields":null,"og_video":null,"og_custom_url":null,"og_article_section":null,"og_article_tags":null,"twitter_use_og":false,"twitter_card":"default","twitter_image_type":"default","twitter_image_url":null,"twitter_image_custom_url":null,"twitter_image_custom_fields":null,"twitter_title":null,"twitter_description":null,"schema":{"blockGraphs":[],"customGraphs":[],"default":{"data":{"Article":[],"Course":[],"Dataset":[],"FAQPage":[],"Movie":[],"Person":[],"Product":[],"Recipe":[],"Service":[],"SoftwareApplication":[],"WebPage":[]},"graphName":"","isEnabled":true},"graphs":[]},"schema_type":"default","schema_type_options":null,"pillar_content":false,"robots_default":true,"robots_noindex":false,"robots_noarchive":false,"robots_nosnippet":false,"robots_nofollow":false,"robots_noimageindex":false,"robots_noodp":false,"robots_notranslate":false,"robots_max_snippet":null,"robots_max_videopreview":null,"robots_max_imagepreview":"large","priority":null,"frequency":null,"local_seo":null,"breadcrumb_settings":null,"limit_modified_date":false,"created":"2024-04-11 01:57:22","updated":"2025-06-22 18:35:54"},"aioseo_breadcrumb":"<div class=\"aioseo-breadcrumbs\"><span class=\"aioseo-breadcrumb\">\n\t<a href=\"https:\/\/www.rucashk.com\/es\" title=\"Home\">Home<\/a>\n<\/span><span class=\"aioseo-breadcrumb-separator\">&raquo;<\/span><span class=\"aioseo-breadcrumb\">\n\t<a href=\"https:\/\/www.rucashk.com\/es\/products\/\" title=\"Productos\">Productos<\/a>\n<\/span><span class=\"aioseo-breadcrumb-separator\">&raquo;<\/span><span class=\"aioseo-breadcrumb\">\n\t<a href=\"https:\/\/www.rucashk.com\/es\/categoria-producto\/other-a-brands\/\" title=\"Other A-Brands\">Other A-Brands<\/a>\n<\/span><span class=\"aioseo-breadcrumb-separator\">&raquo;<\/span><span class=\"aioseo-breadcrumb\">\n\t<a href=\"https:\/\/www.rucashk.com\/es\/categoria-producto\/other-a-brands\/logitech-other-a-brands\/\" title=\"Logitech\">Logitech<\/a>\n<\/span><span class=\"aioseo-breadcrumb-separator\">&raquo;<\/span><span class=\"aioseo-breadcrumb\">\n\tLogitech MX MECHANICAL Keyboards\n<\/span><\/div>","aioseo_breadcrumb_json":[{"label":"Home","link":"https:\/\/www.rucashk.com\/es"},{"label":"Productos","link":"https:\/\/www.rucashk.com\/es\/products\/"},{"label":"Other A-Brands","link":"https:\/\/www.rucashk.com\/es\/categoria-producto\/other-a-brands\/"},{"label":"Logitech","link":"https:\/\/www.rucashk.com\/es\/categoria-producto\/other-a-brands\/logitech-other-a-brands\/"},{"label":"Logitech MX MECHANICAL Keyboards","link":"https:\/\/www.rucashk.com\/es\/producto\/logitech-mx-mechanical-keyboards\/"}],"_links":{"self":[{"href":"https:\/\/www.rucashk.com\/es\/wp-json\/wp\/v2\/product\/27366","targetHints":{"allow":["GET"]}}],"collection":[{"href":"https:\/\/www.rucashk.com\/es\/wp-json\/wp\/v2\/product"}],"about":[{"href":"https:\/\/www.rucashk.com\/es\/wp-json\/wp\/v2\/types\/product"}],"wp:featuredmedia":[{"embeddable":true,"href":"https:\/\/www.rucashk.com\/es\/wp-json\/wp\/v2\/media\/27476"}],"wp:attachment":[{"href":"https:\/\/www.rucashk.com\/es\/wp-json\/wp\/v2\/media?parent=27366"}],"wp:term":[{"taxonomy":"product_brand","embeddable":true,"href":"https:\/\/www.rucashk.com\/es\/wp-json\/wp\/v2\/product_brand?post=27366"},{"taxonomy":"product_cat","embeddable":true,"href":"https:\/\/www.rucashk.com\/es\/wp-json\/wp\/v2\/product_cat?post=27366"},{"taxonomy":"product_tag","embeddable":true,"href":"https:\/\/www.rucashk.com\/es\/wp-json\/wp\/v2\/product_tag?post=27366"}],"curies":[{"name":"wp","href":"https:\/\/api.w.org\/{rel}","templated":true}]}}