{"id":27251,"date":"2024-01-09T16:39:21","date_gmt":"2024-01-09T16:39:21","guid":{"rendered":"http:\/\/rucashk.com\/?post_type=product&#038;p=27251"},"modified":"2025-06-21T09:38:08","modified_gmt":"2025-06-21T09:38:08","slug":"huawei-band-8-smart-band","status":"publish","type":"product","link":"https:\/\/www.rucashk.com\/es\/producto\/huawei-band-8-smart-band\/","title":{"rendered":"Banda inteligente HUAWEI Band 8"},"content":{"rendered":"<div style=\"text-align: center\" align=\"left\"><strong>banda 8<\/strong><\/div>\n<div style=\"text-align: center\" align=\"left\">Pantalla elegante y sin bisel | Salud y fitness multiusos | Carga r\u00e1pida mejorada, duraci\u00f3n de bater\u00eda robusta | Compatible con<\/div>\n<div style=\"text-align: center\" align=\"left\">Android e iOS<\/div>\n<p style=\"text-align: center\" align=\"left\"><img decoding=\"async\" alt=\"HUAWEI Band 8 Smart Band\" src=\"\/wp-content\/uploads\/replace\/b941430080fafa9f4a565cdfdca870c5.jpeg\" \/><\/p>\n<p style=\"text-align: center\" align=\"left\"><strong>100 modos de entrenamiento, aplica los impuestos que desees<\/strong><\/p>\n<p style=\"text-align: center\" align=\"left\">Admite 100 modos de entrenamiento, incluidos correr, andar en bicicleta, nadar y saltar la cuerda<br \/>\nDetecci\u00f3n autom\u00e1tica de 2 entrenamientos (correr\/caminar)<br \/>\nIdentificaci\u00f3n autom\u00e1tica de pausa e inicio (correr\/ciclismo al aire libre)<img decoding=\"async\" alt=\"HUAWEI Band 8 Smart Band\" src=\"\/wp-content\/uploads\/replace\/1ae28cd719c5fe94bc199457058b4c6e.jpeg\" \/><\/p>\n<p style=\"text-align: center\" align=\"left\"><strong>Carga r\u00e1pida, duraci\u00f3n de bater\u00eda robusta<\/strong><br \/>\nLa Banda 8 se carga hasta su capacidad en solo 45 minutos, lo que es 30% m\u00e1s r\u00e1pido. Puede durar dos d\u00edas completos2 con una carga r\u00e1pida de cinco minutos. Una vez cargada por completo, la pulsera se puede utilizar hasta por 14 d\u00edas, o 9 d\u00edas en escenarios de uso t\u00edpicos.<\/p>\n<p style=\"text-align: center\"><img decoding=\"async\" alt=\"HUAWEI Band 8 Smart Band\" src=\"\/wp-content\/uploads\/replace\/69d70dde8079c38d22b9112cc51b8852.jpeg\" \/><img decoding=\"async\" alt=\"HUAWEI Band 8 Smart Band\" src=\"\/wp-content\/uploads\/replace\/44ead1ed4f655d5134c2d5c99a4aeb67.jpeg\" \/><img decoding=\"async\" alt=\"HUAWEI Band 8 Smart Band\" src=\"\/wp-content\/uploads\/replace\/693bc6ea8ec1b5f16568cdf5ce7f4173.jpeg\" \/><img decoding=\"async\" alt=\"HUAWEI Band 8 Smart Band\" src=\"\/wp-content\/uploads\/replace\/282abfc9d10b8a5d90f51ae61c416743.jpeg\" \/><img decoding=\"async\" alt=\"HUAWEI Band 8 Smart Band\" src=\"\/wp-content\/uploads\/replace\/2e66d9e96b5b76edddd79733dec4edb9.jpeg\" \/><img decoding=\"async\" alt=\"HUAWEI Band 8 Smart Band\" src=\"\/wp-content\/uploads\/replace\/502cc909be235a47dc03c006313a4b0b.jpeg\" \/><img decoding=\"async\" alt=\"HUAWEI Band 8 Smart Band\" src=\"\/wp-content\/uploads\/replace\/ddfacbbd16c59f56ab5eae3391799c4a.jpeg\" \/><img decoding=\"async\" alt=\"HUAWEI Band 8 Smart Band\" src=\"\/wp-content\/uploads\/replace\/1596beb5982c202871a74455eb31279f.jpeg\" \/><img decoding=\"async\" alt=\"HUAWEI Band 8 Smart Band\" src=\"\/wp-content\/uploads\/replace\/609d6791ed46597b80ea8a73b9a35d9b.jpeg\" \/><img decoding=\"async\" alt=\"HUAWEI Band 8 Smart Band\" src=\"\/wp-content\/uploads\/replace\/4c5a141a592b48d6a71e87e4afa7b3d8.jpeg\" \/><img decoding=\"async\" alt=\"HUAWEI Band 8 Smart Band\" src=\"\/wp-content\/uploads\/replace\/0de40edb41fdacad98eba3731a30a784.jpeg\" \/><img decoding=\"async\" alt=\"HUAWEI Band 8 Smart Band\" src=\"\/wp-content\/uploads\/replace\/a14d35fb554f40a76bf033a7ee365925.jpeg\" \/><\/p>\n<p style=\"text-align: center\"><strong>Caracter\u00edsticas de la salud de la mujer<\/strong><\/p>\n<p>Esta banda puede ayudarte a realizar un seguimiento de tu ciclo menstrual y anticipar tu pr\u00f3ximo per\u00edodo con anticipaci\u00f3n, para garantizar que siempre est\u00e9s preparada.<img decoding=\"async\" alt=\"HUAWEI Band 8 Smart Band\" class=\"aligncenter\" src=\"\/wp-content\/uploads\/replace\/d109a3ead3562f74804ac62c9a6acfa6.jpeg\" \/><img decoding=\"async\" alt=\"HUAWEI Band 8 Smart Band\" class=\"aligncenter\" src=\"\/wp-content\/uploads\/replace\/c50d3b704cf75814c0cb51e2f4ae2c57.jpeg\" \/><img decoding=\"async\" alt=\"HUAWEI Band 8 Smart Band\" class=\"aligncenter\" src=\"\/wp-content\/uploads\/replace\/1edb89e09480cfee31c7293ca8cbf24e.jpeg\" \/><img decoding=\"async\" alt=\"HUAWEI Band 8 Smart Band\" class=\"aligncenter\" src=\"\/wp-content\/uploads\/replace\/82dd20f84efc450a36d1ab5f7a8200d0.jpeg\" \/><img decoding=\"async\" alt=\"HUAWEI Band 8 Smart Band\" class=\"aligncenter\" src=\"\/wp-content\/uploads\/replace\/d92128cfe1f343ca033963bf8b6b4ccd.jpeg\" \/><img decoding=\"async\" alt=\"HUAWEI Band 8 Smart Band\" class=\"aligncenter\" src=\"\/wp-content\/uploads\/replace\/c76aef2fb8a7540dcd4c94b81f95004d.jpeg\" \/><\/p>\n<p data-spm-anchor-id=\"a2g0o.detail.1000023.i0.6804biPdbiPdrz\">\u2022 Tama\u00f1o: 43,42*24,56*8,99 mm<\/p>\n<p>\u2022 Peso: 14 gramos<\/p>\n<p>\u2022 Pantalla: pantalla t\u00e1ctil AMOLED de 1,47\u201d, lente de cristal 2.5D 194*368, PPI 282<\/p>\n<p>\u2022 Correa: TPU (negro), silicona (rosa y verde), nailon<\/p>\n<p>\u2022 Conexi\u00f3n: Bluetooth BLE 5.0<\/p>\n<p>\u2022 Sensor: Sensor A+G de 6 ejes, PPG<\/p>\n<p>\u2022 Bater\u00eda: duraci\u00f3n de la bater\u00eda de 2 semanas, carga de 5 minutos para uso de dos d\u00edas<\/p>\n<p>\u2022 Resistencia al agua: 5ATM<\/p>\n<p>Experiencia de uso m\u00e1s delgada que m\u00e1s delgada e insensible<\/p>\n<p>\u2022 Nuevo estilo de identificaci\u00f3n, en comparaci\u00f3n con la generaci\u00f3n anterior, con un nuevo borde vertical peque\u00f1o<\/p>\n<p>dise\u00f1o, estilo personalidad m\u00e1s concisa<\/p>\n<p>\u2022Pantalla AMOLED sin bisel de 1,47\u201d, que optimiza los estrechos bordes negros en la parte superior e inferior<\/p>\n<p>de la pantalla, proporcionando una mejor experiencia visual<\/p>\n<p>\u2022 8,99 mm de grosor, 2 g menos de peso que la generaci\u00f3n anterior<\/p>\n<p>Trusleep3.0 le proporciona un sue\u00f1o profundo<\/p>\n<p>\u2022 Actualice a la tecnolog\u00eda TruSleep3.0: admite monitoreo de micromovimientos, como el sue\u00f1o en<\/p>\n<p>el avi\u00f3n. Y la precisi\u00f3n es 10% mayor que la de la generaci\u00f3n anterior.<\/p>\n<p>\u2022 Los datos del sue\u00f1o se transfieren a la pulsera y la informaci\u00f3n del sue\u00f1o es visible cuando levantas la mu\u00f1eca.<\/p>\n<p>\u2022 Proporcionar un programa inteligente de mejora del sue\u00f1o para dormir bien por la noche<\/p>\n<p>Esfera de reloj variada, se usa como quieras<\/p>\n<p>\u2022 M\u00e1s de 6000 esferas de reloj; AOD predeterminado para cada esfera de reloj<\/p>\n<p>\u2022 Use el dial con el coraz\u00f3n (IOS no es compatible)<\/p>\n<p>\u2022 Componente de funci\u00f3n de compatibilidad con la esfera del reloj del \u00e1lbum<\/p>\n<p>\u2022 Dial multifunci\u00f3n<\/p>","protected":false},"excerpt":{"rendered":"<p><span data-spm-anchor-id=\"a2g0o.detail.1000023.i0.1fffiHCFiHCFGA\">Tama\u00f1o: 43,42*24,56*<\/span><strong>8,99 mm<\/strong><\/p>\n<p>\u2022 Peso: 14 gramos<\/p>\n<p>\u2022 Screen\uff1a1.47\u201d AMOLED touch screen \uff0c2.5D Glass lens 194*368\uff0cPPI 282<\/p>\n<p>\u2022 Strap\uff1aTPU(Black)\uff0csilicone(pink and green)\uff0cNylon<\/p>\n<p>\u2022 connection\uff1aBluetooth BLE 5.0<\/p>\n<p>\u2022 Sensor: Sensor A+G de 6 ejes, PPG<\/p>\n<p>\u2022 Bater\u00eda: duraci\u00f3n de la bater\u00eda de 2 semanas, carga de 5 minutos para uso de dos d\u00edas<\/p>\n<p>\u2022 Resistencia al agua: 5ATM<\/p>","protected":false},"featured_media":27393,"template":"","meta":[],"product_brand":[1387],"product_cat":[1345,1322],"product_tag":[],"class_list":{"0":"post-27251","1":"product","2":"type-product","3":"status-publish","4":"has-post-thumbnail","6":"product_brand-huawei","7":"product_cat-huawei-other-a-brands","8":"product_cat-other-a-brands","10":"first","11":"instock","12":"shipping-taxable","13":"product-type-simple"},"aioseo_notices":[],"aioseo_head":"\n\t\t<!-- All in One SEO Pro 4.5.9.2 - aioseo.com -->\n\t\t<meta name=\"description\" content=\"Size\uff1a43.42*24.56*8.99mm \u2022 Weight \uff1a14 g \u2022 Screen\uff1a1.47\u201d AMOLED touch screen \uff0c2.5D Glass lens 194*368\uff0cPPI 282 \u2022 Strap\uff1aTPU(Black)\uff0csilicone(pink and green)\uff0cNylon \u2022 connection\uff1aBluetooth BLE 5.0 \u2022 Sensor : 6-axis A + G Sensor, PPG \u2022 Battery\uff1a2-week battery life, 5-minute charge for two day usage \u2022 Water resistance: 5ATM\" \/>\n\t\t<meta name=\"robots\" content=\"max-image-preview:large\" \/>\n\t\t<link rel=\"canonical\" href=\"https:\/\/www.rucashk.com\/es\/producto\/huawei-band-8-smart-band\/\" \/>\n\t\t<meta name=\"generator\" content=\"All in One SEO Pro (AIOSEO) 4.5.9.2\" \/>\n\t\t<meta property=\"og:locale\" content=\"es_ES\" \/>\n\t\t<meta property=\"og:site_name\" content=\"Rucas - One-stop AIoT Distribution Worldwide\" \/>\n\t\t<meta property=\"og:type\" content=\"article\" \/>\n\t\t<meta property=\"og:title\" content=\"HUAWEI Band 8 Smart Band - Rucas - Wholesale and Distribution\" \/>\n\t\t<meta property=\"og:description\" content=\"Size\uff1a43.42*24.56*8.99mm \u2022 Weight \uff1a14 g \u2022 Screen\uff1a1.47\u201d AMOLED touch screen \uff0c2.5D Glass lens 194*368\uff0cPPI 282 \u2022 Strap\uff1aTPU(Black)\uff0csilicone(pink and green)\uff0cNylon \u2022 connection\uff1aBluetooth BLE 5.0 \u2022 Sensor : 6-axis A + G Sensor, PPG \u2022 Battery\uff1a2-week battery life, 5-minute charge for two day usage \u2022 Water resistance: 5ATM\" \/>\n\t\t<meta property=\"og:url\" content=\"https:\/\/www.rucashk.com\/es\/producto\/huawei-band-8-smart-band\/\" \/>\n\t\t<meta property=\"og:image\" content=\"https:\/\/www.rucashk.com\/wp-content\/uploads\/replace\/503b8e645f128a97ccde2b6290747646.jpeg\" \/>\n\t\t<meta property=\"og:image:secure_url\" content=\"https:\/\/www.rucashk.com\/wp-content\/uploads\/replace\/503b8e645f128a97ccde2b6290747646.jpeg\" \/>\n\t\t<meta property=\"og:image:width\" content=\"1456\" \/>\n\t\t<meta property=\"og:image:height\" content=\"816\" \/>\n\t\t<meta property=\"article:published_time\" content=\"2024-01-09T16:39:21+00:00\" \/>\n\t\t<meta property=\"article:modified_time\" content=\"2025-06-21T09:38:08+00:00\" \/>\n\t\t<meta name=\"twitter:card\" content=\"summary_large_image\" \/>\n\t\t<meta name=\"twitter:title\" content=\"HUAWEI Band 8 Smart Band - Rucas - Wholesale and Distribution\" \/>\n\t\t<meta name=\"twitter:description\" content=\"Size\uff1a43.42*24.56*8.99mm \u2022 Weight \uff1a14 g \u2022 Screen\uff1a1.47\u201d AMOLED touch screen \uff0c2.5D Glass lens 194*368\uff0cPPI 282 \u2022 Strap\uff1aTPU(Black)\uff0csilicone(pink and green)\uff0cNylon \u2022 connection\uff1aBluetooth BLE 5.0 \u2022 Sensor : 6-axis A + G Sensor, PPG \u2022 Battery\uff1a2-week battery life, 5-minute charge for two day usage \u2022 Water resistance: 5ATM\" \/>\n\t\t<meta name=\"twitter:image\" content=\"https:\/\/www.rucashk.com\/wp-content\/uploads\/replace\/503b8e645f128a97ccde2b6290747646.jpeg\" \/>\n\t\t<script type=\"application\/ld+json\" class=\"aioseo-schema\">\n\t\t\t{\"@context\":\"https:\\\/\\\/schema.org\",\"@graph\":[{\"@type\":\"BreadcrumbList\",\"@id\":\"https:\\\/\\\/www.rucashk.com\\\/es\\\/producto\\\/huawei-band-8-smart-band\\\/#breadcrumblist\",\"itemListElement\":[{\"@type\":\"ListItem\",\"@id\":\"https:\\\/\\\/www.rucashk.com\\\/es\\\/#listItem\",\"position\":1,\"name\":\"Home\",\"item\":\"https:\\\/\\\/www.rucashk.com\\\/es\\\/\",\"nextItem\":\"https:\\\/\\\/www.rucashk.com\\\/es\\\/producto\\\/huawei-band-8-smart-band\\\/#listItem\"},{\"@type\":\"ListItem\",\"@id\":\"https:\\\/\\\/www.rucashk.com\\\/es\\\/producto\\\/huawei-band-8-smart-band\\\/#listItem\",\"position\":2,\"name\":\"HUAWEI Band 8 Smart Band\",\"previousItem\":\"https:\\\/\\\/www.rucashk.com\\\/es\\\/#listItem\"}]},{\"@type\":\"Organization\",\"@id\":\"https:\\\/\\\/www.rucashk.com\\\/es\\\/#organization\",\"name\":\"Rucas\",\"url\":\"https:\\\/\\\/www.rucashk.com\\\/es\\\/\",\"logo\":{\"@type\":\"ImageObject\",\"url\":\"https:\\\/\\\/www.rucashk.com\\\/wp-content\\\/uploads\\\/2023\\\/12\\\/Rucas_campany_logo.png\",\"@id\":\"https:\\\/\\\/www.rucashk.com\\\/es\\\/producto\\\/huawei-band-8-smart-band\\\/#organizationLogo\",\"width\":221,\"height\":65},\"image\":{\"@id\":\"https:\\\/\\\/www.rucashk.com\\\/es\\\/#organizationLogo\"}},{\"@type\":\"Person\",\"@id\":\"https:\\\/\\\/www.rucashk.com\\\/es\\\/author\\\/admin\\\/#author\",\"url\":\"https:\\\/\\\/www.rucashk.com\\\/es\\\/author\\\/admin\\\/\",\"name\":\"admin\",\"image\":{\"@type\":\"ImageObject\",\"@id\":\"https:\\\/\\\/www.rucashk.com\\\/es\\\/producto\\\/huawei-band-8-smart-band\\\/#authorImage\",\"url\":\"https:\\\/\\\/secure.gravatar.com\\\/avatar\\\/b7c8925b09a27e72b30232f8ecaadbd5af0f70a38c78096863fe51b64f031c24?s=96&d=mm&r=g\",\"width\":96,\"height\":96,\"caption\":\"admin\"}},{\"@type\":\"WebPage\",\"@id\":\"https:\\\/\\\/www.rucashk.com\\\/es\\\/producto\\\/huawei-band-8-smart-band\\\/#webpage\",\"url\":\"https:\\\/\\\/www.rucashk.com\\\/es\\\/producto\\\/huawei-band-8-smart-band\\\/\",\"name\":\"HUAWEI Band 8 Smart Band - Rucas - Wholesale and Distribution\",\"description\":\"Size\\uff1a43.42*24.56*8.99mm \\u2022 Weight \\uff1a14 g \\u2022 Screen\\uff1a1.47\\u201d AMOLED touch screen \\uff0c2.5D Glass lens 194*368\\uff0cPPI 282 \\u2022 Strap\\uff1aTPU(Black)\\uff0csilicone(pink and green)\\uff0cNylon \\u2022 connection\\uff1aBluetooth BLE 5.0 \\u2022 Sensor : 6-axis A + G Sensor, PPG \\u2022 Battery\\uff1a2-week battery life, 5-minute charge for two day usage \\u2022 Water resistance: 5ATM\",\"inLanguage\":\"es-ES\",\"isPartOf\":{\"@id\":\"https:\\\/\\\/www.rucashk.com\\\/es\\\/#website\"},\"breadcrumb\":{\"@id\":\"https:\\\/\\\/www.rucashk.com\\\/es\\\/producto\\\/huawei-band-8-smart-band\\\/#breadcrumblist\"},\"author\":{\"@id\":\"https:\\\/\\\/www.rucashk.com\\\/es\\\/author\\\/admin\\\/#author\"},\"creator\":{\"@id\":\"https:\\\/\\\/www.rucashk.com\\\/es\\\/author\\\/admin\\\/#author\"},\"image\":{\"@type\":\"ImageObject\",\"url\":\"https:\\\/\\\/www.rucashk.com\\\/wp-content\\\/uploads\\\/2024\\\/01\\\/16-1-1.webp\",\"@id\":\"https:\\\/\\\/www.rucashk.com\\\/es\\\/producto\\\/huawei-band-8-smart-band\\\/#mainImage\",\"width\":220,\"height\":220},\"primaryImageOfPage\":{\"@id\":\"https:\\\/\\\/www.rucashk.com\\\/es\\\/producto\\\/huawei-band-8-smart-band\\\/#mainImage\"},\"datePublished\":\"2024-01-09T16:39:21+00:00\",\"dateModified\":\"2025-06-21T09:38:08+00:00\"},{\"@type\":\"WebSite\",\"@id\":\"https:\\\/\\\/www.rucashk.com\\\/es\\\/#website\",\"url\":\"https:\\\/\\\/www.rucashk.com\\\/es\\\/\",\"name\":\"Rucas - Wholesale and distribution worldwide\",\"alternateName\":\"Rucas - One-stop AIoT Distribution Worldwide\",\"description\":\"One-stop AIoT Distribution Worldwide\",\"inLanguage\":\"es-ES\",\"publisher\":{\"@id\":\"https:\\\/\\\/www.rucashk.com\\\/es\\\/#organization\"}}]}\n\t\t<\/script>\n\t\t<!-- All in One SEO Pro -->\r\n\t\t<title>HUAWEI Band 8 Smart Band - Rucas - Wholesale and Distribution<\/title>\n\n","aioseo_head_json":{"title":"HUAWEI Band 8 Smart Band - Rucas - Wholesale and Distribution","description":"Size\uff1a43.42*24.56*8.99mm \u2022 Weight \uff1a14 g \u2022 Screen\uff1a1.47\u201d AMOLED touch screen \uff0c2.5D Glass lens 194*368\uff0cPPI 282 \u2022 Strap\uff1aTPU(Black)\uff0csilicone(pink and green)\uff0cNylon \u2022 connection\uff1aBluetooth BLE 5.0 \u2022 Sensor : 6-axis A + G Sensor, PPG \u2022 Battery\uff1a2-week battery life, 5-minute charge for two day usage \u2022 Water resistance: 5ATM","canonical_url":"https:\/\/www.rucashk.com\/es\/producto\/huawei-band-8-smart-band\/","robots":"max-image-preview:large","keywords":"","webmasterTools":{"miscellaneous":""},"og:locale":"es_ES","og:site_name":"Rucas - One-stop AIoT Distribution Worldwide","og:type":"article","og:title":"HUAWEI Band 8 Smart Band - Rucas - Wholesale and Distribution","og:description":"Size\uff1a43.42*24.56*8.99mm \u2022 Weight \uff1a14 g \u2022 Screen\uff1a1.47\u201d AMOLED touch screen \uff0c2.5D Glass lens 194*368\uff0cPPI 282 \u2022 Strap\uff1aTPU(Black)\uff0csilicone(pink and green)\uff0cNylon \u2022 connection\uff1aBluetooth BLE 5.0 \u2022 Sensor : 6-axis A + G Sensor, PPG \u2022 Battery\uff1a2-week battery life, 5-minute charge for two day usage \u2022 Water resistance: 5ATM","og:url":"https:\/\/www.rucashk.com\/es\/producto\/huawei-band-8-smart-band\/","og:image":"https:\/\/www.rucashk.com\/wp-content\/uploads\/replace\/503b8e645f128a97ccde2b6290747646.jpeg","og:image:secure_url":"https:\/\/www.rucashk.com\/wp-content\/uploads\/replace\/503b8e645f128a97ccde2b6290747646.jpeg","og:image:width":1456,"og:image:height":816,"article:published_time":"2024-01-09T16:39:21+00:00","article:modified_time":"2025-06-21T09:38:08+00:00","twitter:card":"summary_large_image","twitter:title":"HUAWEI Band 8 Smart Band - Rucas - Wholesale and Distribution","twitter:description":"Size\uff1a43.42*24.56*8.99mm \u2022 Weight \uff1a14 g \u2022 Screen\uff1a1.47\u201d AMOLED touch screen \uff0c2.5D Glass lens 194*368\uff0cPPI 282 \u2022 Strap\uff1aTPU(Black)\uff0csilicone(pink and green)\uff0cNylon \u2022 connection\uff1aBluetooth BLE 5.0 \u2022 Sensor : 6-axis A + G Sensor, PPG \u2022 Battery\uff1a2-week battery life, 5-minute charge for two day usage \u2022 Water resistance: 5ATM","twitter:image":"https:\/\/www.rucashk.com\/wp-content\/uploads\/replace\/503b8e645f128a97ccde2b6290747646.jpeg","schema":{"@context":"https:\/\/schema.org","@graph":[{"@type":"BreadcrumbList","@id":"https:\/\/www.rucashk.com\/es\/producto\/huawei-band-8-smart-band\/#breadcrumblist","itemListElement":[{"@type":"ListItem","@id":"https:\/\/www.rucashk.com\/es\/#listItem","position":1,"name":"Home","item":"https:\/\/www.rucashk.com\/es\/","nextItem":"https:\/\/www.rucashk.com\/es\/producto\/huawei-band-8-smart-band\/#listItem"},{"@type":"ListItem","@id":"https:\/\/www.rucashk.com\/es\/producto\/huawei-band-8-smart-band\/#listItem","position":2,"name":"HUAWEI Band 8 Smart Band","previousItem":"https:\/\/www.rucashk.com\/es\/#listItem"}]},{"@type":"Organization","@id":"https:\/\/www.rucashk.com\/es\/#organization","name":"Rucas","url":"https:\/\/www.rucashk.com\/es\/","logo":{"@type":"ImageObject","url":"https:\/\/www.rucashk.com\/wp-content\/uploads\/2023\/12\/Rucas_campany_logo.png","@id":"https:\/\/www.rucashk.com\/es\/producto\/huawei-band-8-smart-band\/#organizationLogo","width":221,"height":65},"image":{"@id":"https:\/\/www.rucashk.com\/es\/#organizationLogo"}},{"@type":"Person","@id":"https:\/\/www.rucashk.com\/es\/author\/admin\/#author","url":"https:\/\/www.rucashk.com\/es\/author\/admin\/","name":"admin","image":{"@type":"ImageObject","@id":"https:\/\/www.rucashk.com\/es\/producto\/huawei-band-8-smart-band\/#authorImage","url":"https:\/\/secure.gravatar.com\/avatar\/b7c8925b09a27e72b30232f8ecaadbd5af0f70a38c78096863fe51b64f031c24?s=96&d=mm&r=g","width":96,"height":96,"caption":"admin"}},{"@type":"WebPage","@id":"https:\/\/www.rucashk.com\/es\/producto\/huawei-band-8-smart-band\/#webpage","url":"https:\/\/www.rucashk.com\/es\/producto\/huawei-band-8-smart-band\/","name":"HUAWEI Band 8 Smart Band - Rucas - Wholesale and Distribution","description":"Size\uff1a43.42*24.56*8.99mm \u2022 Weight \uff1a14 g \u2022 Screen\uff1a1.47\u201d AMOLED touch screen \uff0c2.5D Glass lens 194*368\uff0cPPI 282 \u2022 Strap\uff1aTPU(Black)\uff0csilicone(pink and green)\uff0cNylon \u2022 connection\uff1aBluetooth BLE 5.0 \u2022 Sensor : 6-axis A + G Sensor, PPG \u2022 Battery\uff1a2-week battery life, 5-minute charge for two day usage \u2022 Water resistance: 5ATM","inLanguage":"es-ES","isPartOf":{"@id":"https:\/\/www.rucashk.com\/es\/#website"},"breadcrumb":{"@id":"https:\/\/www.rucashk.com\/es\/producto\/huawei-band-8-smart-band\/#breadcrumblist"},"author":{"@id":"https:\/\/www.rucashk.com\/es\/author\/admin\/#author"},"creator":{"@id":"https:\/\/www.rucashk.com\/es\/author\/admin\/#author"},"image":{"@type":"ImageObject","url":"https:\/\/www.rucashk.com\/wp-content\/uploads\/2024\/01\/16-1-1.webp","@id":"https:\/\/www.rucashk.com\/es\/producto\/huawei-band-8-smart-band\/#mainImage","width":220,"height":220},"primaryImageOfPage":{"@id":"https:\/\/www.rucashk.com\/es\/producto\/huawei-band-8-smart-band\/#mainImage"},"datePublished":"2024-01-09T16:39:21+00:00","dateModified":"2025-06-21T09:38:08+00:00"},{"@type":"WebSite","@id":"https:\/\/www.rucashk.com\/es\/#website","url":"https:\/\/www.rucashk.com\/es\/","name":"Rucas - Wholesale and distribution worldwide","alternateName":"Rucas - One-stop AIoT Distribution Worldwide","description":"One-stop AIoT Distribution Worldwide","inLanguage":"es-ES","publisher":{"@id":"https:\/\/www.rucashk.com\/es\/#organization"}}]}},"aioseo_meta_data":{"post_id":"27251","title":null,"description":null,"keywords":null,"keyphrases":null,"primary_term":null,"canonical_url":null,"og_title":null,"og_description":null,"og_object_type":"default","og_image_type":"default","og_image_url":null,"og_image_width":null,"og_image_height":null,"og_image_custom_url":null,"og_image_custom_fields":null,"og_video":null,"og_custom_url":null,"og_article_section":null,"og_article_tags":null,"twitter_use_og":false,"twitter_card":"default","twitter_image_type":"default","twitter_image_url":null,"twitter_image_custom_url":null,"twitter_image_custom_fields":null,"twitter_title":null,"twitter_description":null,"schema":{"blockGraphs":[],"customGraphs":[],"default":{"data":{"Article":[],"Course":[],"Dataset":[],"FAQPage":[],"Movie":[],"Person":[],"Product":[],"Recipe":[],"Service":[],"SoftwareApplication":[],"WebPage":[]},"graphName":"","isEnabled":true},"graphs":[]},"schema_type":"default","schema_type_options":null,"pillar_content":false,"robots_default":true,"robots_noindex":false,"robots_noarchive":false,"robots_nosnippet":false,"robots_nofollow":false,"robots_noimageindex":false,"robots_noodp":false,"robots_notranslate":false,"robots_max_snippet":null,"robots_max_videopreview":null,"robots_max_imagepreview":"large","priority":null,"frequency":null,"local_seo":null,"breadcrumb_settings":null,"limit_modified_date":false,"created":"2024-04-11 01:57:22","updated":"2025-06-22 18:33:57"},"aioseo_breadcrumb":"<div class=\"aioseo-breadcrumbs\"><span class=\"aioseo-breadcrumb\">\n\t<a href=\"https:\/\/www.rucashk.com\/es\" title=\"Home\">Home<\/a>\n<\/span><span class=\"aioseo-breadcrumb-separator\">&raquo;<\/span><span class=\"aioseo-breadcrumb\">\n\t<a href=\"https:\/\/www.rucashk.com\/es\/products\/\" title=\"Productos\">Productos<\/a>\n<\/span><span class=\"aioseo-breadcrumb-separator\">&raquo;<\/span><span class=\"aioseo-breadcrumb\">\n\t<a href=\"https:\/\/www.rucashk.com\/es\/marca\/huawei\/\" title=\"Huawei\">Huawei<\/a>\n<\/span><span class=\"aioseo-breadcrumb-separator\">&raquo;<\/span><span class=\"aioseo-breadcrumb\">\n\tHUAWEI Band 8 Smart Band\n<\/span><\/div>","aioseo_breadcrumb_json":[{"label":"Home","link":"https:\/\/www.rucashk.com\/es"},{"label":"Productos","link":"https:\/\/www.rucashk.com\/es\/products\/"},{"label":"Huawei","link":"https:\/\/www.rucashk.com\/es\/marca\/huawei\/"},{"label":"HUAWEI Band 8 Smart Band","link":"https:\/\/www.rucashk.com\/es\/producto\/huawei-band-8-smart-band\/"}],"_links":{"self":[{"href":"https:\/\/www.rucashk.com\/es\/wp-json\/wp\/v2\/product\/27251","targetHints":{"allow":["GET"]}}],"collection":[{"href":"https:\/\/www.rucashk.com\/es\/wp-json\/wp\/v2\/product"}],"about":[{"href":"https:\/\/www.rucashk.com\/es\/wp-json\/wp\/v2\/types\/product"}],"wp:featuredmedia":[{"embeddable":true,"href":"https:\/\/www.rucashk.com\/es\/wp-json\/wp\/v2\/media\/27393"}],"wp:attachment":[{"href":"https:\/\/www.rucashk.com\/es\/wp-json\/wp\/v2\/media?parent=27251"}],"wp:term":[{"taxonomy":"product_brand","embeddable":true,"href":"https:\/\/www.rucashk.com\/es\/wp-json\/wp\/v2\/product_brand?post=27251"},{"taxonomy":"product_cat","embeddable":true,"href":"https:\/\/www.rucashk.com\/es\/wp-json\/wp\/v2\/product_cat?post=27251"},{"taxonomy":"product_tag","embeddable":true,"href":"https:\/\/www.rucashk.com\/es\/wp-json\/wp\/v2\/product_tag?post=27251"}],"curies":[{"name":"wp","href":"https:\/\/api.w.org\/{rel}","templated":true}]}}